{"id":43095,"date":"2025-09-17T15:55:53","date_gmt":"2025-09-17T07:55:53","guid":{"rendered":"https:\/\/deliangdisplay.com\/?post_type=product&#038;p=43095"},"modified":"2025-09-18T16:08:34","modified_gmt":"2025-09-18T08:08:34","slug":"rosa-verde-terciopelo-snap-joyero-portatil-de-almacenamiento-para-los-anillos-collares-de-varios-tamanos-para-el-compromiso-de-regalo-de-boda-dar","status":"publish","type":"product","link":"https:\/\/deliangdisplay.com\/es\/nuestro-producto\/envasado\/embalaje-de-joyeros\/rosa-verde-terciopelo-snap-joyero-portatil-de-almacenamiento-para-los-anillos-collares-de-varios-tamanos-para-el-compromiso-de-regalo-de-boda-dar\/","title":{"rendered":"Joyero a presi\u00f3n de terciopelo rosa y verde - Almacenamiento port\u00e1til para anillos y collares, juego de varios tama\u00f1os para compromiso, boda y regalo"},"content":{"rendered":"<h3 class=\"header-vfC6AV auto-hide-last-sibling-br\">Joyero de Terciopelo: Textura Delicada, Protecci\u00f3n Premium<\/h3>\n<div class=\"auto-hide-last-sibling-br paragraph-JOTKXA paragraph-element br-paragraph-space\">Elaborado con terciopelo de alta calidad, este joyero cuenta con un\u00a0<strong>textura suave y lisa<\/strong>\u00a0que se siente lujoso al tacto. Su precisa elaboraci\u00f3n, cosida a mano, garantiza una superficie limpia y sin arrugas, a\u00f1adiendo un toque elegante al almacenamiento de sus preciadas joyas.<\/div>\n<h3 class=\"header-vfC6AV auto-hide-last-sibling-br\">Estilo atemporal y opciones personalizables<\/h3>\n<ul class=\"auto-hide-last-sibling-br\">\n<li><strong>Colores cl\u00e1sicos<\/strong>: Disponible en dos tonos atemporales, rosa y verde, que se adaptan f\u00e1cilmente a diferentes est\u00e9ticas y temas de regalo.<\/li>\n<li><strong>Personalizaci\u00f3n flexible<\/strong>: Admite ajustes de color y dise\u00f1o para adaptarse a diversas preferencias, tanto si busca una pieza personalizada para usted como un regalo \u00fanico para los dem\u00e1s.<\/li>\n<\/ul>\n<h3 class=\"header-vfC6AV auto-hide-last-sibling-br\">Tama\u00f1os vers\u00e1tiles para cada necesidad<\/h3>\n<div class=\"auto-hide-last-sibling-br paragraph-JOTKXA paragraph-element br-paragraph-space\">Se ofrece en 7 tama\u00f1os (Style A-G) con formas cuadradas o rectangulares, que abarcan una gama de dimensiones de 7,5\u00d77,5\u00d73,8 cm a 23,5\u00d76,5\u00d73,2 cm. Su dise\u00f1o compacto y port\u00e1til lo hace perfecto para guardar anillos, collares y pulseras, e ideal para ocasiones como compromisos, bodas o regalos.<\/div>\n<h3 class=\"header-vfC6AV auto-hide-last-sibling-br\">Detalles pr\u00e1cticos y asistencia t\u00e9cnica<\/h3>\n<ol class=\"auto-hide-last-sibling-br\">\n<li><strong>F\u00e1cil cierre a presi\u00f3n<\/strong>: Cuenta con un pr\u00e1ctico dise\u00f1o a presi\u00f3n para una apertura y cierre suaves, manteniendo sus joyas guardadas de forma segura a la vez que garantiza un acceso r\u00e1pido.<\/li>\n<li><strong>Pedidos flexibles<\/strong>: Admite servicios OEM\/ODM con una cantidad m\u00ednima de pedido de s\u00f3lo 1 pieza, lo que satisface tanto las necesidades personales como las de gran volumen.<\/li>\n<\/ol>","protected":false},"excerpt":{"rendered":"<p>Este joyero est\u00e1 hecho de terciopelo de alta calidad cosido a mano (superficie sin arrugas). Viene en rosa\/verde, permite personalizar el color\/dise\u00f1o y tiene 7 tama\u00f1os (Estilo A-G: de 7,5\u00d77,5\u00d73,8 cm a 23,5\u00d76,5\u00d73,2 cm, cuadrado\/rect\u00e1ngulo). Con cierre a presi\u00f3n, es ideal para guardar anillos\/collares\/pulseras (ideal para regalos de compromiso\/boda). MOQ es 1, se admite OEM\/ODM.<\/p>","protected":false},"featured_media":43096,"comment_status":"open","ping_status":"closed","template":"","meta":{"_acf_changed":false},"product_brand":[84],"product_cat":[72],"product_tag":[167,165,171,163,161,158,170,166,168,172,160,162,169,159,164],"class_list":{"0":"post-43095","1":"product","2":"type-product","3":"status-publish","4":"has-post-thumbnail","6":"product_brand-de-liang","7":"product_cat-jewelry-boxes-packaging","8":"product_tag-customizable-velvet-jewelry-box","9":"product_tag-engagement-jewelry-storage","10":"product_tag-green-velvet-jewelry-case","11":"product_tag-hand-sewn-jewelry-box","12":"product_tag-multi-size-jewelry-box","13":"product_tag-pink-green-velvet-jewelry-box","14":"product_tag-pink-velvet-snap-box","15":"product_tag-portable-velvet-jewelry-box","16":"product_tag-ring-necklace-bracelet-storage","17":"product_tag-small-velvet-jewelry-storage","18":"product_tag-snap-closure-jewelry-box","19":"product_tag-square-rectangle-jewelry-box","20":"product_tag-velvet-jewelry-organizer","21":"product_tag-velvet-snap-jewelry-box","22":"product_tag-wedding-gift-jewelry-box","24":"first","25":"instock","26":"shipping-taxable","27":"purchasable","28":"product-type-simple"},"acf":[],"yoast_head":"<!-- This site is optimized with the Yoast SEO plugin v27.4 - https:\/\/yoast.com\/product\/yoast-seo-wordpress\/ -->\n<title>Pink &amp; Green Velvet Snap Jewelry Box \u2013 Portable Storage for Rings &amp; Necklaces, Multi-Size Set for Engagement, Wedding &amp; Gift Giving - DE-LIANG - jewelry,clothes,watch,beauty cosmetics<\/title>\n<meta name=\"robots\" content=\"index, follow, max-snippet:-1, max-image-preview:large, max-video-preview:-1\" \/>\n<link rel=\"canonical\" href=\"https:\/\/deliangdisplay.com\/es\/nuestro-producto\/envasado\/embalaje-de-joyeros\/rosa-verde-terciopelo-snap-joyero-portatil-de-almacenamiento-para-los-anillos-collares-de-varios-tamanos-para-el-compromiso-de-regalo-de-boda-dar\/\" \/>\n<meta property=\"og:locale\" content=\"es_ES\" \/>\n<meta property=\"og:type\" content=\"article\" \/>\n<meta property=\"og:title\" content=\"Pink &amp; Green Velvet Snap Jewelry Box \u2013 Portable Storage for Rings &amp; Necklaces, Multi-Size Set for Engagement, Wedding &amp; Gift Giving - DE-LIANG - jewelry,clothes,watch,beauty cosmetics\" \/>\n<meta property=\"og:description\" content=\"This jewelry box is made of high-quality velvet with hand-sewn craftsmanship (wrinkle-free surface). It comes in pink\/green, supports color\/design customization, and has 7 sizes (Style A-G: 7.5\u00d77.5\u00d73.8cm to 23.5\u00d76.5\u00d73.2cm, square\/rectangle). With a snap closure, it\u2019s ideal for storing rings\/necklaces\/bracelets (great for engagement\/wedding gifts). MOQ is 1, OEM\/ODM supported.\" \/>\n<meta property=\"og:url\" content=\"https:\/\/deliangdisplay.com\/es\/nuestro-producto\/envasado\/embalaje-de-joyeros\/rosa-verde-terciopelo-snap-joyero-portatil-de-almacenamiento-para-los-anillos-collares-de-varios-tamanos-para-el-compromiso-de-regalo-de-boda-dar\/\" \/>\n<meta property=\"og:site_name\" content=\"DE-LIANG - jewelry,clothes,watch,beauty cosmetics\" \/>\n<meta property=\"article:publisher\" content=\"https:\/\/www.facebook.com\/JaneZhang008\/\" \/>\n<meta property=\"article:modified_time\" content=\"2025-09-18T08:08:34+00:00\" \/>\n<meta property=\"og:image\" content=\"https:\/\/deliangdisplay.com\/wp-content\/uploads\/2025\/09\/24.jpg\" \/>\n\t<meta property=\"og:image:width\" content=\"1000\" \/>\n\t<meta property=\"og:image:height\" content=\"1000\" \/>\n\t<meta property=\"og:image:type\" content=\"image\/jpeg\" \/>\n<meta name=\"twitter:card\" content=\"summary_large_image\" \/>\n<meta name=\"twitter:site\" content=\"@ly673551729\" \/>\n<meta name=\"twitter:label1\" content=\"Tiempo de lectura\" \/>\n\t<meta name=\"twitter:data1\" content=\"2 minutos\" \/>\n<script type=\"application\/ld+json\" class=\"yoast-schema-graph\">{\"@context\":\"https:\\\/\\\/schema.org\",\"@graph\":[{\"@type\":\"WebPage\",\"@id\":\"https:\\\/\\\/deliangdisplay.com\\\/our-product\\\/packaging\\\/jewelry-boxes-packaging\\\/pink-green-velvet-snap-jewelry-box-portable-storage-for-rings-necklaces-multi-size-set-for-engagement-wedding-gift-giving\\\/\",\"url\":\"https:\\\/\\\/deliangdisplay.com\\\/our-product\\\/packaging\\\/jewelry-boxes-packaging\\\/pink-green-velvet-snap-jewelry-box-portable-storage-for-rings-necklaces-multi-size-set-for-engagement-wedding-gift-giving\\\/\",\"name\":\"Pink & Green Velvet Snap Jewelry Box \u2013 Portable Storage for Rings & Necklaces, Multi-Size Set for Engagement, Wedding & Gift Giving - DE-LIANG - jewelry,clothes,watch,beauty cosmetics\",\"isPartOf\":{\"@id\":\"https:\\\/\\\/deliangdisplay.com\\\/#website\"},\"primaryImageOfPage\":{\"@id\":\"https:\\\/\\\/deliangdisplay.com\\\/our-product\\\/packaging\\\/jewelry-boxes-packaging\\\/pink-green-velvet-snap-jewelry-box-portable-storage-for-rings-necklaces-multi-size-set-for-engagement-wedding-gift-giving\\\/#primaryimage\"},\"image\":{\"@id\":\"https:\\\/\\\/deliangdisplay.com\\\/our-product\\\/packaging\\\/jewelry-boxes-packaging\\\/pink-green-velvet-snap-jewelry-box-portable-storage-for-rings-necklaces-multi-size-set-for-engagement-wedding-gift-giving\\\/#primaryimage\"},\"thumbnailUrl\":\"https:\\\/\\\/deliangdisplay.com\\\/wp-content\\\/uploads\\\/2025\\\/09\\\/24.jpg\",\"datePublished\":\"2025-09-17T07:55:53+00:00\",\"dateModified\":\"2025-09-18T08:08:34+00:00\",\"breadcrumb\":{\"@id\":\"https:\\\/\\\/deliangdisplay.com\\\/our-product\\\/packaging\\\/jewelry-boxes-packaging\\\/pink-green-velvet-snap-jewelry-box-portable-storage-for-rings-necklaces-multi-size-set-for-engagement-wedding-gift-giving\\\/#breadcrumb\"},\"inLanguage\":\"es\",\"potentialAction\":[{\"@type\":\"ReadAction\",\"target\":[\"https:\\\/\\\/deliangdisplay.com\\\/our-product\\\/packaging\\\/jewelry-boxes-packaging\\\/pink-green-velvet-snap-jewelry-box-portable-storage-for-rings-necklaces-multi-size-set-for-engagement-wedding-gift-giving\\\/\"]}]},{\"@type\":\"ImageObject\",\"inLanguage\":\"es\",\"@id\":\"https:\\\/\\\/deliangdisplay.com\\\/our-product\\\/packaging\\\/jewelry-boxes-packaging\\\/pink-green-velvet-snap-jewelry-box-portable-storage-for-rings-necklaces-multi-size-set-for-engagement-wedding-gift-giving\\\/#primaryimage\",\"url\":\"https:\\\/\\\/deliangdisplay.com\\\/wp-content\\\/uploads\\\/2025\\\/09\\\/24.jpg\",\"contentUrl\":\"https:\\\/\\\/deliangdisplay.com\\\/wp-content\\\/uploads\\\/2025\\\/09\\\/24.jpg\",\"width\":1000,\"height\":1000},{\"@type\":\"BreadcrumbList\",\"@id\":\"https:\\\/\\\/deliangdisplay.com\\\/our-product\\\/packaging\\\/jewelry-boxes-packaging\\\/pink-green-velvet-snap-jewelry-box-portable-storage-for-rings-necklaces-multi-size-set-for-engagement-wedding-gift-giving\\\/#breadcrumb\",\"itemListElement\":[{\"@type\":\"ListItem\",\"position\":1,\"name\":\"\u9996\u9875\",\"item\":\"https:\\\/\\\/deliangdisplay.com\\\/\"},{\"@type\":\"ListItem\",\"position\":2,\"name\":\"Our Product\",\"item\":\"https:\\\/\\\/deliangdisplay.com\\\/our-product\\\/\"},{\"@type\":\"ListItem\",\"position\":3,\"name\":\"Pink &#038; Green Velvet Snap Jewelry Box \u2013 Portable Storage for Rings &#038; Necklaces, Multi-Size Set for Engagement, Wedding &#038; Gift Giving\"}]},{\"@type\":\"WebSite\",\"@id\":\"https:\\\/\\\/deliangdisplay.com\\\/#website\",\"url\":\"https:\\\/\\\/deliangdisplay.com\\\/\",\"name\":\"deliangdisplay.com\",\"description\":\"DE-LIANG - Providing bespoke packaging solutions and luxurious display design services for brands in jewelry, apparel, watches, beauty cosmetics, and more.\",\"publisher\":{\"@id\":\"https:\\\/\\\/deliangdisplay.com\\\/#organization\"},\"potentialAction\":[{\"@type\":\"SearchAction\",\"target\":{\"@type\":\"EntryPoint\",\"urlTemplate\":\"https:\\\/\\\/deliangdisplay.com\\\/?s={search_term_string}\"},\"query-input\":{\"@type\":\"PropertyValueSpecification\",\"valueRequired\":true,\"valueName\":\"search_term_string\"}}],\"inLanguage\":\"es\"},{\"@type\":\"Organization\",\"@id\":\"https:\\\/\\\/deliangdisplay.com\\\/#organization\",\"name\":\"deliangdisplay.com\",\"url\":\"https:\\\/\\\/deliangdisplay.com\\\/\",\"logo\":{\"@type\":\"ImageObject\",\"inLanguage\":\"es\",\"@id\":\"https:\\\/\\\/deliangdisplay.com\\\/#\\\/schema\\\/logo\\\/image\\\/\",\"url\":\"https:\\\/\\\/deliangdisplay.com\\\/wp-content\\\/uploads\\\/2025\\\/08\\\/DELIANGDISPALY_logo.png\",\"contentUrl\":\"https:\\\/\\\/deliangdisplay.com\\\/wp-content\\\/uploads\\\/2025\\\/08\\\/DELIANGDISPALY_logo.png\",\"width\":300,\"height\":130,\"caption\":\"deliangdisplay.com\"},\"image\":{\"@id\":\"https:\\\/\\\/deliangdisplay.com\\\/#\\\/schema\\\/logo\\\/image\\\/\"},\"sameAs\":[\"https:\\\/\\\/www.facebook.com\\\/JaneZhang008\\\/\",\"https:\\\/\\\/x.com\\\/ly673551729\"]}]}<\/script>\n<!-- \/ Yoast SEO plugin. -->","yoast_head_json":{"title":"Joyero de Terciopelo Rosa y Verde - Almacenaje Port\u00e1til para Anillos y Collares, Juego de Varios Tama\u00f1os para Compromiso, Boda y Regalo - DE-LIANG - joyeria,ropa,reloj,cosmeticos belleza","robots":{"index":"index","follow":"follow","max-snippet":"max-snippet:-1","max-image-preview":"max-image-preview:large","max-video-preview":"max-video-preview:-1"},"canonical":"https:\/\/deliangdisplay.com\/es\/nuestro-producto\/envasado\/embalaje-de-joyeros\/rosa-verde-terciopelo-snap-joyero-portatil-de-almacenamiento-para-los-anillos-collares-de-varios-tamanos-para-el-compromiso-de-regalo-de-boda-dar\/","og_locale":"es_ES","og_type":"article","og_title":"Pink & Green Velvet Snap Jewelry Box \u2013 Portable Storage for Rings & Necklaces, Multi-Size Set for Engagement, Wedding & Gift Giving - DE-LIANG - jewelry,clothes,watch,beauty cosmetics","og_description":"This jewelry box is made of high-quality velvet with hand-sewn craftsmanship (wrinkle-free surface). It comes in pink\/green, supports color\/design customization, and has 7 sizes (Style A-G: 7.5\u00d77.5\u00d73.8cm to 23.5\u00d76.5\u00d73.2cm, square\/rectangle). With a snap closure, it\u2019s ideal for storing rings\/necklaces\/bracelets (great for engagement\/wedding gifts). MOQ is 1, OEM\/ODM supported.","og_url":"https:\/\/deliangdisplay.com\/es\/nuestro-producto\/envasado\/embalaje-de-joyeros\/rosa-verde-terciopelo-snap-joyero-portatil-de-almacenamiento-para-los-anillos-collares-de-varios-tamanos-para-el-compromiso-de-regalo-de-boda-dar\/","og_site_name":"DE-LIANG - jewelry,clothes,watch,beauty cosmetics","article_publisher":"https:\/\/www.facebook.com\/JaneZhang008\/","article_modified_time":"2025-09-18T08:08:34+00:00","og_image":[{"width":1000,"height":1000,"url":"https:\/\/deliangdisplay.com\/wp-content\/uploads\/2025\/09\/24.jpg","type":"image\/jpeg"}],"twitter_card":"summary_large_image","twitter_site":"@ly673551729","twitter_misc":{"Tiempo de lectura":"2 minutos"},"schema":{"@context":"https:\/\/schema.org","@graph":[{"@type":"WebPage","@id":"https:\/\/deliangdisplay.com\/our-product\/packaging\/jewelry-boxes-packaging\/pink-green-velvet-snap-jewelry-box-portable-storage-for-rings-necklaces-multi-size-set-for-engagement-wedding-gift-giving\/","url":"https:\/\/deliangdisplay.com\/our-product\/packaging\/jewelry-boxes-packaging\/pink-green-velvet-snap-jewelry-box-portable-storage-for-rings-necklaces-multi-size-set-for-engagement-wedding-gift-giving\/","name":"Joyero de Terciopelo Rosa y Verde - Almacenaje Port\u00e1til para Anillos y Collares, Juego de Varios Tama\u00f1os para Compromiso, Boda y Regalo - DE-LIANG - joyeria,ropa,reloj,cosmeticos belleza","isPartOf":{"@id":"https:\/\/deliangdisplay.com\/#website"},"primaryImageOfPage":{"@id":"https:\/\/deliangdisplay.com\/our-product\/packaging\/jewelry-boxes-packaging\/pink-green-velvet-snap-jewelry-box-portable-storage-for-rings-necklaces-multi-size-set-for-engagement-wedding-gift-giving\/#primaryimage"},"image":{"@id":"https:\/\/deliangdisplay.com\/our-product\/packaging\/jewelry-boxes-packaging\/pink-green-velvet-snap-jewelry-box-portable-storage-for-rings-necklaces-multi-size-set-for-engagement-wedding-gift-giving\/#primaryimage"},"thumbnailUrl":"https:\/\/deliangdisplay.com\/wp-content\/uploads\/2025\/09\/24.jpg","datePublished":"2025-09-17T07:55:53+00:00","dateModified":"2025-09-18T08:08:34+00:00","breadcrumb":{"@id":"https:\/\/deliangdisplay.com\/our-product\/packaging\/jewelry-boxes-packaging\/pink-green-velvet-snap-jewelry-box-portable-storage-for-rings-necklaces-multi-size-set-for-engagement-wedding-gift-giving\/#breadcrumb"},"inLanguage":"es","potentialAction":[{"@type":"ReadAction","target":["https:\/\/deliangdisplay.com\/our-product\/packaging\/jewelry-boxes-packaging\/pink-green-velvet-snap-jewelry-box-portable-storage-for-rings-necklaces-multi-size-set-for-engagement-wedding-gift-giving\/"]}]},{"@type":"ImageObject","inLanguage":"es","@id":"https:\/\/deliangdisplay.com\/our-product\/packaging\/jewelry-boxes-packaging\/pink-green-velvet-snap-jewelry-box-portable-storage-for-rings-necklaces-multi-size-set-for-engagement-wedding-gift-giving\/#primaryimage","url":"https:\/\/deliangdisplay.com\/wp-content\/uploads\/2025\/09\/24.jpg","contentUrl":"https:\/\/deliangdisplay.com\/wp-content\/uploads\/2025\/09\/24.jpg","width":1000,"height":1000},{"@type":"BreadcrumbList","@id":"https:\/\/deliangdisplay.com\/our-product\/packaging\/jewelry-boxes-packaging\/pink-green-velvet-snap-jewelry-box-portable-storage-for-rings-necklaces-multi-size-set-for-engagement-wedding-gift-giving\/#breadcrumb","itemListElement":[{"@type":"ListItem","position":1,"name":"\u9996\u9875","item":"https:\/\/deliangdisplay.com\/"},{"@type":"ListItem","position":2,"name":"Our Product","item":"https:\/\/deliangdisplay.com\/our-product\/"},{"@type":"ListItem","position":3,"name":"Pink &#038; Green Velvet Snap Jewelry Box \u2013 Portable Storage for Rings &#038; Necklaces, Multi-Size Set for Engagement, Wedding &#038; Gift Giving"}]},{"@type":"WebSite","@id":"https:\/\/deliangdisplay.com\/#website","url":"https:\/\/deliangdisplay.com\/","name":"deliangdisplay.com","description":"DE-LIANG - Proporciona soluciones de envasado a medida y servicios de dise\u00f1o de expositores de lujo para marcas de joyer\u00eda, ropa, relojes, cosm\u00e9ticos de belleza, etc.","publisher":{"@id":"https:\/\/deliangdisplay.com\/#organization"},"potentialAction":[{"@type":"SearchAction","target":{"@type":"EntryPoint","urlTemplate":"https:\/\/deliangdisplay.com\/?s={search_term_string}"},"query-input":{"@type":"PropertyValueSpecification","valueRequired":true,"valueName":"search_term_string"}}],"inLanguage":"es"},{"@type":"Organization","@id":"https:\/\/deliangdisplay.com\/#organization","name":"deliangdisplay.com","url":"https:\/\/deliangdisplay.com\/","logo":{"@type":"ImageObject","inLanguage":"es","@id":"https:\/\/deliangdisplay.com\/#\/schema\/logo\/image\/","url":"https:\/\/deliangdisplay.com\/wp-content\/uploads\/2025\/08\/DELIANGDISPALY_logo.png","contentUrl":"https:\/\/deliangdisplay.com\/wp-content\/uploads\/2025\/08\/DELIANGDISPALY_logo.png","width":300,"height":130,"caption":"deliangdisplay.com"},"image":{"@id":"https:\/\/deliangdisplay.com\/#\/schema\/logo\/image\/"},"sameAs":["https:\/\/www.facebook.com\/JaneZhang008\/","https:\/\/x.com\/ly673551729"]}]}},"_links":{"self":[{"href":"https:\/\/deliangdisplay.com\/es\/wp-json\/wp\/v2\/product\/43095","targetHints":{"allow":["GET"]}}],"collection":[{"href":"https:\/\/deliangdisplay.com\/es\/wp-json\/wp\/v2\/product"}],"about":[{"href":"https:\/\/deliangdisplay.com\/es\/wp-json\/wp\/v2\/types\/product"}],"replies":[{"embeddable":true,"href":"https:\/\/deliangdisplay.com\/es\/wp-json\/wp\/v2\/comments?post=43095"}],"wp:featuredmedia":[{"embeddable":true,"href":"https:\/\/deliangdisplay.com\/es\/wp-json\/wp\/v2\/media\/43096"}],"wp:attachment":[{"href":"https:\/\/deliangdisplay.com\/es\/wp-json\/wp\/v2\/media?parent=43095"}],"wp:term":[{"taxonomy":"product_brand","embeddable":true,"href":"https:\/\/deliangdisplay.com\/es\/wp-json\/wp\/v2\/product_brand?post=43095"},{"taxonomy":"product_cat","embeddable":true,"href":"https:\/\/deliangdisplay.com\/es\/wp-json\/wp\/v2\/product_cat?post=43095"},{"taxonomy":"product_tag","embeddable":true,"href":"https:\/\/deliangdisplay.com\/es\/wp-json\/wp\/v2\/product_tag?post=43095"}],"curies":[{"name":"wp","href":"https:\/\/api.w.org\/{rel}","templated":true}]}}