{"id":43087,"date":"2025-09-17T15:50:36","date_gmt":"2025-09-17T07:50:36","guid":{"rendered":"https:\/\/deliangdisplay.com\/?post_type=product&#038;p=43087"},"modified":"2025-10-11T17:36:13","modified_gmt":"2025-10-11T09:36:13","slug":"joyero-de-lujo-de-pu-cuero-con-espejo-impermeable-a-prueba-de-polvo-organizador-de-multiples-capas-para-los-anillos-pendientes-collares-pulseras","status":"publish","type":"product","link":"https:\/\/deliangdisplay.com\/es\/nuestro-producto\/envasado\/embalaje-para-organizacion-de-joyas\/joyero-de-lujo-de-pu-cuero-con-espejo-impermeable-a-prueba-de-polvo-organizador-de-multiples-capas-para-los-anillos-pendientes-collares-pulseras\/","title":{"rendered":"Lujoso joyero de cuero PU con espejo - Organizador multicapa impermeable y antipolvo para anillos, pendientes, collares y pulseras"},"content":{"rendered":"<h3 class=\"header-vfC6AV auto-hide-last-sibling-br\">Joyero de Lujo de Cuero PU: Proteja sus tesoros, organizar con facilidad<\/h3>\n<div class=\"auto-hide-last-sibling-br paragraph-JOTKXA paragraph-element br-paragraph-space\">Fabricado con piel de PU de alta calidad, este joyero incluye\u00a0<strong>doble estanqueidad al agua y al polvo<\/strong>. Bloquea eficazmente la humedad y el polvo, manteniendo collares, anillos y otras joyas limpios y brillantes en todo momento, sin oxidaci\u00f3n ni acumulaci\u00f3n de polvo.<\/div>\n<h3 class=\"header-vfC6AV auto-hide-last-sibling-br\">Dise\u00f1o bien pensado: Combinaci\u00f3n perfecta de comodidad y practicidad<\/h3>\n<ol class=\"auto-hide-last-sibling-br\">\n<li><strong>Espejo de alta definici\u00f3n integrado<\/strong>: No es necesario buscar un espejo adicional para ponerse las joyas. Puedes ajustar los detalles con solo levantar la mano, lo que hace que el peinado diario o los retoques de viaje sean m\u00e1s eficientes.<\/li>\n<li><strong>Almacenamiento particionado multicapa<\/strong>: Los espacios exclusivos est\u00e1n dise\u00f1ados para diferentes tipos de joyas, como anillos, pendientes, collares y pulseras. Esto evita que se enreden y se rayen, y le permite encontrar lo que necesita de un vistazo, sin tener que esforzarse por localizar una pieza espec\u00edfica.<\/li>\n<\/ol>\n<h3 class=\"header-vfC6AV auto-hide-last-sibling-br\">Opciones flexibles: Est\u00e9tica y personalidad a juego<\/h3>\n<ul class=\"auto-hide-last-sibling-br\">\n<li><strong>Varios colores disponibles<\/strong>: La colecci\u00f3n b\u00e1sica incluye 4 colores populares -verde, rojo, negro y rosa- que se adaptan f\u00e1cilmente a diferentes estilos de hogar o preferencias personales.<\/li>\n<li><strong>Personalizaci\u00f3n admitida<\/strong>: Puede personalizar el color y el material seg\u00fan sus necesidades, e incluso a\u00f1adir un logotipo exclusivo. Crea un joyero personalizado \u00fanico en su especie, perfecto para uso personal o como regalo.<\/li>\n<\/ul>\n<h3 class=\"header-vfC6AV auto-hide-last-sibling-br\">Tama\u00f1o ideal: Adecuado para casa y para viajar<\/h3>\n<div class=\"auto-hide-last-sibling-br paragraph-JOTKXA paragraph-element br-paragraph-space\">Con unas dimensiones de\u00a0<strong>22,8\u00d717,3\u00d712 cm (aproximadamente 9\u00d77\u00d75 pulgadas)<\/strong>, es compacto y no ocupa mucho espacio. Puede servir como unidad de almacenamiento fija en su tocador, o caber f\u00e1cilmente en una maleta o bolso de mano, manteniendo sus joyas organizadas incluso cuando est\u00e1 de viaje de negocios o de vacaciones.<\/div>\n<h3 class=\"header-vfC6AV auto-hide-last-sibling-br\">Servicios de personalizaci\u00f3n y entrega<\/h3>\n<div class=\"auto-hide-last-sibling-br paragraph-JOTKXA paragraph-element br-paragraph-space\">Disponemos de servicios de personalizaci\u00f3n OEM\/ODM para satisfacer diferentes necesidades:<\/div>\n<ul class=\"auto-hide-last-sibling-br\">\n<li>Personalizaci\u00f3n de lotes peque\u00f1os (1-10 piezas): El ciclo de entrega es de 30-45 d\u00edas, adecuado para la personalizaci\u00f3n o la compra de peque\u00f1os lotes para regalo.<\/li>\n<li>Personalizaci\u00f3n de grandes lotes (m\u00e1s de 10 piezas): El ciclo b\u00e1sico se determina mediante negociaci\u00f3n, con un plazo adicional de 15 d\u00edas tras la confirmaci\u00f3n, ideal para necesidades a gran escala.<\/li>\n<\/ul>","protected":false},"excerpt":{"rendered":"<p>Este lujoso joyero (22,8\u00d717,3\u00d712 cm) est\u00e1 hecho de cuero PU, con funciones impermeables y antipolvo. Tiene un espejo incorporado para facilitar el ajuste de las joyas y el almacenamiento en varias capas, ideal para anillos, pendientes, collares y pulseras. Disponible en verde, rojo, negro y rosa, admite personalizaci\u00f3n de logotipo\/color\/material. MOQ es de 1 pieza con OEM \/ ODM ofrecido.<\/p>","protected":false},"featured_media":43088,"comment_status":"open","ping_status":"closed","template":"","meta":{"_acf_changed":false},"product_brand":[84],"product_cat":[73],"product_tag":[151,146,152,153,155,145,156,144,147,150,154,157,148,149,119],"class_list":{"0":"post-43087","1":"product","2":"type-product","3":"status-publish","4":"has-post-thumbnail","6":"product_brand-de-liang","7":"product_cat-jewelry-organization-packaging","8":"product_tag-customizable-jewelry-box","9":"product_tag-dustproof-jewelry-box","10":"product_tag-green-red-black-pink-jewelry-box","11":"product_tag-home-travel-jewelry-case","12":"product_tag-jewelry-box-with-built-in-mirror","13":"product_tag-jewelry-box-with-mirror","14":"product_tag-luxury-jewelry-storage-case","15":"product_tag-luxury-pu-jewelry-box","16":"product_tag-multi-layer-jewelry-organizer","17":"product_tag-necklaces-bracelets-organizer","18":"product_tag-precious-jewelry-storage-box","19":"product_tag-pu-jewelry-organizer-with-mirror","20":"product_tag-pu-leather-jewelry-box","21":"product_tag-rings-earrings-storage-box","22":"product_tag-waterproof-jewelry-storage","24":"first","25":"instock","26":"shipping-taxable","27":"purchasable","28":"product-type-simple"},"acf":[],"yoast_head":"<!-- This site is optimized with the Yoast SEO plugin v27.4 - https:\/\/yoast.com\/product\/yoast-seo-wordpress\/ -->\n<title>Luxury PU Leather Jewelry Box with Mirror \u2013 Waterproof, Dustproof Multi-Layer Organizer for Rings, Earrings, Necklaces &amp; Bracelets - DE-LIANG - jewelry,clothes,watch,beauty cosmetics<\/title>\n<meta name=\"robots\" content=\"index, follow, max-snippet:-1, max-image-preview:large, max-video-preview:-1\" \/>\n<link rel=\"canonical\" href=\"https:\/\/deliangdisplay.com\/es\/nuestro-producto\/envasado\/embalaje-para-organizacion-de-joyas\/joyero-de-lujo-de-pu-cuero-con-espejo-impermeable-a-prueba-de-polvo-organizador-de-multiples-capas-para-los-anillos-pendientes-collares-pulseras\/\" \/>\n<meta property=\"og:locale\" content=\"es_ES\" \/>\n<meta property=\"og:type\" content=\"article\" \/>\n<meta property=\"og:title\" content=\"Luxury PU Leather Jewelry Box with Mirror \u2013 Waterproof, Dustproof Multi-Layer Organizer for Rings, Earrings, Necklaces &amp; Bracelets - DE-LIANG - jewelry,clothes,watch,beauty cosmetics\" \/>\n<meta property=\"og:description\" content=\"This luxury jewelry box (22.8\u00d717.3\u00d712cm) is made of PU leather, featuring waterproof and dustproof functions. It has a built-in mirror for easy jewelry fitting and multi-layer storage, ideal for rings, earrings, necklaces, and bracelets. Available in green, red, black, pink, it supports logo\/color\/material customization. MOQ is 1 piece with OEM\/ODM offered.\" \/>\n<meta property=\"og:url\" content=\"https:\/\/deliangdisplay.com\/es\/nuestro-producto\/envasado\/embalaje-para-organizacion-de-joyas\/joyero-de-lujo-de-pu-cuero-con-espejo-impermeable-a-prueba-de-polvo-organizador-de-multiples-capas-para-los-anillos-pendientes-collares-pulseras\/\" \/>\n<meta property=\"og:site_name\" content=\"DE-LIANG - jewelry,clothes,watch,beauty cosmetics\" \/>\n<meta property=\"article:publisher\" content=\"https:\/\/www.facebook.com\/JaneZhang008\/\" \/>\n<meta property=\"article:modified_time\" content=\"2025-10-11T09:36:13+00:00\" \/>\n<meta property=\"og:image\" content=\"https:\/\/deliangdisplay.com\/wp-content\/uploads\/2025\/09\/19.jpg\" \/>\n\t<meta property=\"og:image:width\" content=\"1000\" \/>\n\t<meta property=\"og:image:height\" content=\"1000\" \/>\n\t<meta property=\"og:image:type\" content=\"image\/jpeg\" \/>\n<meta name=\"twitter:card\" content=\"summary_large_image\" \/>\n<meta name=\"twitter:site\" content=\"@ly673551729\" \/>\n<meta name=\"twitter:label1\" content=\"Tiempo de lectura\" \/>\n\t<meta name=\"twitter:data1\" content=\"2 minutos\" \/>\n<script type=\"application\/ld+json\" class=\"yoast-schema-graph\">{\"@context\":\"https:\\\/\\\/schema.org\",\"@graph\":[{\"@type\":\"WebPage\",\"@id\":\"https:\\\/\\\/deliangdisplay.com\\\/our-product\\\/packaging\\\/jewelry-organization-packaging\\\/luxury-pu-leather-jewelry-box-with-mirror-waterproof-dustproof-multi-layer-organizer-for-rings-earrings-necklaces-bracelets\\\/\",\"url\":\"https:\\\/\\\/deliangdisplay.com\\\/our-product\\\/packaging\\\/jewelry-organization-packaging\\\/luxury-pu-leather-jewelry-box-with-mirror-waterproof-dustproof-multi-layer-organizer-for-rings-earrings-necklaces-bracelets\\\/\",\"name\":\"Luxury PU Leather Jewelry Box with Mirror \u2013 Waterproof, Dustproof Multi-Layer Organizer for Rings, Earrings, Necklaces & Bracelets - DE-LIANG - jewelry,clothes,watch,beauty cosmetics\",\"isPartOf\":{\"@id\":\"https:\\\/\\\/deliangdisplay.com\\\/#website\"},\"primaryImageOfPage\":{\"@id\":\"https:\\\/\\\/deliangdisplay.com\\\/our-product\\\/packaging\\\/jewelry-organization-packaging\\\/luxury-pu-leather-jewelry-box-with-mirror-waterproof-dustproof-multi-layer-organizer-for-rings-earrings-necklaces-bracelets\\\/#primaryimage\"},\"image\":{\"@id\":\"https:\\\/\\\/deliangdisplay.com\\\/our-product\\\/packaging\\\/jewelry-organization-packaging\\\/luxury-pu-leather-jewelry-box-with-mirror-waterproof-dustproof-multi-layer-organizer-for-rings-earrings-necklaces-bracelets\\\/#primaryimage\"},\"thumbnailUrl\":\"https:\\\/\\\/deliangdisplay.com\\\/wp-content\\\/uploads\\\/2025\\\/09\\\/19.jpg\",\"datePublished\":\"2025-09-17T07:50:36+00:00\",\"dateModified\":\"2025-10-11T09:36:13+00:00\",\"breadcrumb\":{\"@id\":\"https:\\\/\\\/deliangdisplay.com\\\/our-product\\\/packaging\\\/jewelry-organization-packaging\\\/luxury-pu-leather-jewelry-box-with-mirror-waterproof-dustproof-multi-layer-organizer-for-rings-earrings-necklaces-bracelets\\\/#breadcrumb\"},\"inLanguage\":\"es\",\"potentialAction\":[{\"@type\":\"ReadAction\",\"target\":[\"https:\\\/\\\/deliangdisplay.com\\\/our-product\\\/packaging\\\/jewelry-organization-packaging\\\/luxury-pu-leather-jewelry-box-with-mirror-waterproof-dustproof-multi-layer-organizer-for-rings-earrings-necklaces-bracelets\\\/\"]}]},{\"@type\":\"ImageObject\",\"inLanguage\":\"es\",\"@id\":\"https:\\\/\\\/deliangdisplay.com\\\/our-product\\\/packaging\\\/jewelry-organization-packaging\\\/luxury-pu-leather-jewelry-box-with-mirror-waterproof-dustproof-multi-layer-organizer-for-rings-earrings-necklaces-bracelets\\\/#primaryimage\",\"url\":\"https:\\\/\\\/deliangdisplay.com\\\/wp-content\\\/uploads\\\/2025\\\/09\\\/19.jpg\",\"contentUrl\":\"https:\\\/\\\/deliangdisplay.com\\\/wp-content\\\/uploads\\\/2025\\\/09\\\/19.jpg\",\"width\":1000,\"height\":1000},{\"@type\":\"BreadcrumbList\",\"@id\":\"https:\\\/\\\/deliangdisplay.com\\\/our-product\\\/packaging\\\/jewelry-organization-packaging\\\/luxury-pu-leather-jewelry-box-with-mirror-waterproof-dustproof-multi-layer-organizer-for-rings-earrings-necklaces-bracelets\\\/#breadcrumb\",\"itemListElement\":[{\"@type\":\"ListItem\",\"position\":1,\"name\":\"\u9996\u9875\",\"item\":\"https:\\\/\\\/deliangdisplay.com\\\/\"},{\"@type\":\"ListItem\",\"position\":2,\"name\":\"Our Product\",\"item\":\"https:\\\/\\\/deliangdisplay.com\\\/our-product\\\/\"},{\"@type\":\"ListItem\",\"position\":3,\"name\":\"Luxury PU Leather Jewelry Box with Mirror \u2013 Waterproof, Dustproof Multi-Layer Organizer for Rings, Earrings, Necklaces &#038; Bracelets\"}]},{\"@type\":\"WebSite\",\"@id\":\"https:\\\/\\\/deliangdisplay.com\\\/#website\",\"url\":\"https:\\\/\\\/deliangdisplay.com\\\/\",\"name\":\"deliangdisplay.com\",\"description\":\"DE-LIANG - Providing bespoke packaging solutions and luxurious display design services for brands in jewelry, apparel, watches, beauty cosmetics, and more.\",\"publisher\":{\"@id\":\"https:\\\/\\\/deliangdisplay.com\\\/#organization\"},\"potentialAction\":[{\"@type\":\"SearchAction\",\"target\":{\"@type\":\"EntryPoint\",\"urlTemplate\":\"https:\\\/\\\/deliangdisplay.com\\\/?s={search_term_string}\"},\"query-input\":{\"@type\":\"PropertyValueSpecification\",\"valueRequired\":true,\"valueName\":\"search_term_string\"}}],\"inLanguage\":\"es\"},{\"@type\":\"Organization\",\"@id\":\"https:\\\/\\\/deliangdisplay.com\\\/#organization\",\"name\":\"deliangdisplay.com\",\"url\":\"https:\\\/\\\/deliangdisplay.com\\\/\",\"logo\":{\"@type\":\"ImageObject\",\"inLanguage\":\"es\",\"@id\":\"https:\\\/\\\/deliangdisplay.com\\\/#\\\/schema\\\/logo\\\/image\\\/\",\"url\":\"https:\\\/\\\/deliangdisplay.com\\\/wp-content\\\/uploads\\\/2025\\\/08\\\/DELIANGDISPALY_logo.png\",\"contentUrl\":\"https:\\\/\\\/deliangdisplay.com\\\/wp-content\\\/uploads\\\/2025\\\/08\\\/DELIANGDISPALY_logo.png\",\"width\":300,\"height\":130,\"caption\":\"deliangdisplay.com\"},\"image\":{\"@id\":\"https:\\\/\\\/deliangdisplay.com\\\/#\\\/schema\\\/logo\\\/image\\\/\"},\"sameAs\":[\"https:\\\/\\\/www.facebook.com\\\/JaneZhang008\\\/\",\"https:\\\/\\\/x.com\\\/ly673551729\"]}]}<\/script>\n<!-- \/ Yoast SEO plugin. -->","yoast_head_json":{"title":"Lujoso joyero de cuero PU con espejo - impermeable, a prueba de polvo organizador de m\u00faltiples capas para los anillos, pendientes, collares y pulseras - DE-LIANG - joyer\u00eda,ropa,reloj,cosm\u00e9ticos de belleza","robots":{"index":"index","follow":"follow","max-snippet":"max-snippet:-1","max-image-preview":"max-image-preview:large","max-video-preview":"max-video-preview:-1"},"canonical":"https:\/\/deliangdisplay.com\/es\/nuestro-producto\/envasado\/embalaje-para-organizacion-de-joyas\/joyero-de-lujo-de-pu-cuero-con-espejo-impermeable-a-prueba-de-polvo-organizador-de-multiples-capas-para-los-anillos-pendientes-collares-pulseras\/","og_locale":"es_ES","og_type":"article","og_title":"Luxury PU Leather Jewelry Box with Mirror \u2013 Waterproof, Dustproof Multi-Layer Organizer for Rings, Earrings, Necklaces & Bracelets - DE-LIANG - jewelry,clothes,watch,beauty cosmetics","og_description":"This luxury jewelry box (22.8\u00d717.3\u00d712cm) is made of PU leather, featuring waterproof and dustproof functions. It has a built-in mirror for easy jewelry fitting and multi-layer storage, ideal for rings, earrings, necklaces, and bracelets. Available in green, red, black, pink, it supports logo\/color\/material customization. MOQ is 1 piece with OEM\/ODM offered.","og_url":"https:\/\/deliangdisplay.com\/es\/nuestro-producto\/envasado\/embalaje-para-organizacion-de-joyas\/joyero-de-lujo-de-pu-cuero-con-espejo-impermeable-a-prueba-de-polvo-organizador-de-multiples-capas-para-los-anillos-pendientes-collares-pulseras\/","og_site_name":"DE-LIANG - jewelry,clothes,watch,beauty cosmetics","article_publisher":"https:\/\/www.facebook.com\/JaneZhang008\/","article_modified_time":"2025-10-11T09:36:13+00:00","og_image":[{"width":1000,"height":1000,"url":"https:\/\/deliangdisplay.com\/wp-content\/uploads\/2025\/09\/19.jpg","type":"image\/jpeg"}],"twitter_card":"summary_large_image","twitter_site":"@ly673551729","twitter_misc":{"Tiempo de lectura":"2 minutos"},"schema":{"@context":"https:\/\/schema.org","@graph":[{"@type":"WebPage","@id":"https:\/\/deliangdisplay.com\/our-product\/packaging\/jewelry-organization-packaging\/luxury-pu-leather-jewelry-box-with-mirror-waterproof-dustproof-multi-layer-organizer-for-rings-earrings-necklaces-bracelets\/","url":"https:\/\/deliangdisplay.com\/our-product\/packaging\/jewelry-organization-packaging\/luxury-pu-leather-jewelry-box-with-mirror-waterproof-dustproof-multi-layer-organizer-for-rings-earrings-necklaces-bracelets\/","name":"Lujoso joyero de cuero PU con espejo - impermeable, a prueba de polvo organizador de m\u00faltiples capas para los anillos, pendientes, collares y pulseras - DE-LIANG - joyer\u00eda,ropa,reloj,cosm\u00e9ticos de belleza","isPartOf":{"@id":"https:\/\/deliangdisplay.com\/#website"},"primaryImageOfPage":{"@id":"https:\/\/deliangdisplay.com\/our-product\/packaging\/jewelry-organization-packaging\/luxury-pu-leather-jewelry-box-with-mirror-waterproof-dustproof-multi-layer-organizer-for-rings-earrings-necklaces-bracelets\/#primaryimage"},"image":{"@id":"https:\/\/deliangdisplay.com\/our-product\/packaging\/jewelry-organization-packaging\/luxury-pu-leather-jewelry-box-with-mirror-waterproof-dustproof-multi-layer-organizer-for-rings-earrings-necklaces-bracelets\/#primaryimage"},"thumbnailUrl":"https:\/\/deliangdisplay.com\/wp-content\/uploads\/2025\/09\/19.jpg","datePublished":"2025-09-17T07:50:36+00:00","dateModified":"2025-10-11T09:36:13+00:00","breadcrumb":{"@id":"https:\/\/deliangdisplay.com\/our-product\/packaging\/jewelry-organization-packaging\/luxury-pu-leather-jewelry-box-with-mirror-waterproof-dustproof-multi-layer-organizer-for-rings-earrings-necklaces-bracelets\/#breadcrumb"},"inLanguage":"es","potentialAction":[{"@type":"ReadAction","target":["https:\/\/deliangdisplay.com\/our-product\/packaging\/jewelry-organization-packaging\/luxury-pu-leather-jewelry-box-with-mirror-waterproof-dustproof-multi-layer-organizer-for-rings-earrings-necklaces-bracelets\/"]}]},{"@type":"ImageObject","inLanguage":"es","@id":"https:\/\/deliangdisplay.com\/our-product\/packaging\/jewelry-organization-packaging\/luxury-pu-leather-jewelry-box-with-mirror-waterproof-dustproof-multi-layer-organizer-for-rings-earrings-necklaces-bracelets\/#primaryimage","url":"https:\/\/deliangdisplay.com\/wp-content\/uploads\/2025\/09\/19.jpg","contentUrl":"https:\/\/deliangdisplay.com\/wp-content\/uploads\/2025\/09\/19.jpg","width":1000,"height":1000},{"@type":"BreadcrumbList","@id":"https:\/\/deliangdisplay.com\/our-product\/packaging\/jewelry-organization-packaging\/luxury-pu-leather-jewelry-box-with-mirror-waterproof-dustproof-multi-layer-organizer-for-rings-earrings-necklaces-bracelets\/#breadcrumb","itemListElement":[{"@type":"ListItem","position":1,"name":"\u9996\u9875","item":"https:\/\/deliangdisplay.com\/"},{"@type":"ListItem","position":2,"name":"Our Product","item":"https:\/\/deliangdisplay.com\/our-product\/"},{"@type":"ListItem","position":3,"name":"Luxury PU Leather Jewelry Box with Mirror \u2013 Waterproof, Dustproof Multi-Layer Organizer for Rings, Earrings, Necklaces &#038; Bracelets"}]},{"@type":"WebSite","@id":"https:\/\/deliangdisplay.com\/#website","url":"https:\/\/deliangdisplay.com\/","name":"deliangdisplay.com","description":"DE-LIANG - Proporciona soluciones de envasado a medida y servicios de dise\u00f1o de expositores de lujo para marcas de joyer\u00eda, ropa, relojes, cosm\u00e9ticos de belleza, etc.","publisher":{"@id":"https:\/\/deliangdisplay.com\/#organization"},"potentialAction":[{"@type":"SearchAction","target":{"@type":"EntryPoint","urlTemplate":"https:\/\/deliangdisplay.com\/?s={search_term_string}"},"query-input":{"@type":"PropertyValueSpecification","valueRequired":true,"valueName":"search_term_string"}}],"inLanguage":"es"},{"@type":"Organization","@id":"https:\/\/deliangdisplay.com\/#organization","name":"deliangdisplay.com","url":"https:\/\/deliangdisplay.com\/","logo":{"@type":"ImageObject","inLanguage":"es","@id":"https:\/\/deliangdisplay.com\/#\/schema\/logo\/image\/","url":"https:\/\/deliangdisplay.com\/wp-content\/uploads\/2025\/08\/DELIANGDISPALY_logo.png","contentUrl":"https:\/\/deliangdisplay.com\/wp-content\/uploads\/2025\/08\/DELIANGDISPALY_logo.png","width":300,"height":130,"caption":"deliangdisplay.com"},"image":{"@id":"https:\/\/deliangdisplay.com\/#\/schema\/logo\/image\/"},"sameAs":["https:\/\/www.facebook.com\/JaneZhang008\/","https:\/\/x.com\/ly673551729"]}]}},"_links":{"self":[{"href":"https:\/\/deliangdisplay.com\/es\/wp-json\/wp\/v2\/product\/43087","targetHints":{"allow":["GET"]}}],"collection":[{"href":"https:\/\/deliangdisplay.com\/es\/wp-json\/wp\/v2\/product"}],"about":[{"href":"https:\/\/deliangdisplay.com\/es\/wp-json\/wp\/v2\/types\/product"}],"replies":[{"embeddable":true,"href":"https:\/\/deliangdisplay.com\/es\/wp-json\/wp\/v2\/comments?post=43087"}],"wp:featuredmedia":[{"embeddable":true,"href":"https:\/\/deliangdisplay.com\/es\/wp-json\/wp\/v2\/media\/43088"}],"wp:attachment":[{"href":"https:\/\/deliangdisplay.com\/es\/wp-json\/wp\/v2\/media?parent=43087"}],"wp:term":[{"taxonomy":"product_brand","embeddable":true,"href":"https:\/\/deliangdisplay.com\/es\/wp-json\/wp\/v2\/product_brand?post=43087"},{"taxonomy":"product_cat","embeddable":true,"href":"https:\/\/deliangdisplay.com\/es\/wp-json\/wp\/v2\/product_cat?post=43087"},{"taxonomy":"product_tag","embeddable":true,"href":"https:\/\/deliangdisplay.com\/es\/wp-json\/wp\/v2\/product_tag?post=43087"}],"curies":[{"name":"wp","href":"https:\/\/api.w.org\/{rel}","templated":true}]}}