{"id":43079,"date":"2025-09-17T15:41:43","date_gmt":"2025-09-17T07:41:43","guid":{"rendered":"https:\/\/deliangdisplay.com\/?post_type=product&#038;p=43079"},"modified":"2025-10-11T17:35:40","modified_gmt":"2025-10-11T09:35:40","slug":"de-gama-alta-de-color-rosa-azul-libro-de-estilo-joyero-de-terciopelo-forrado-de-almacenamiento-para-collares-delicada-joyeria-con-la-organizacion-multifuncional","status":"publish","type":"product","link":"https:\/\/deliangdisplay.com\/es\/nuestro-producto\/envasado\/embalaje-para-organizacion-de-joyas\/de-gama-alta-de-color-rosa-azul-libro-de-estilo-joyero-de-terciopelo-forrado-de-almacenamiento-para-collares-delicada-joyeria-con-la-organizacion-multifuncional\/","title":{"rendered":"Joyero estilo libro rosa y azul de alta gama - Almacenaje forrado de terciopelo para collares y joyas delicadas con organizaci\u00f3n multifuncional"},"content":{"rendered":"<h3>Dise\u00f1o y dimensiones \u00fanicos<\/h3>\n<ul>\n<li>Adopta una<strong>dise\u00f1o tipo libro<\/strong>que se distingue de los joyeros tradicionales, a\u00f1adiendo un toque creativo al almacenamiento.<\/li>\n<li>Dimensiones exactas<strong>26\u00d718\u00d77cm<\/strong>, El espacio para guardar joyas es compacto pero suficiente.<\/li>\n<\/ul>\n<h3>Materiales de alta calidad<\/h3>\n<ul>\n<li>El cuerpo principal est\u00e1 fabricado con<strong>madera<\/strong>para garantizar la durabilidad estructural y el uso a largo plazo.<\/li>\n<li>Forrado con<strong>terciopelo<\/strong>(tanto en el interior como en los posibles detalles exteriores) para un tacto suave, mezclando la textura de la moda con la protecci\u00f3n pr\u00e1ctica.<\/li>\n<\/ul>\n<h3>Opciones de color<\/h3>\n<ul>\n<li>Ofertas<strong>colores b\u00e1sicos<\/strong>como el azul y el rosa, que responden a las preferencias est\u00e9ticas m\u00e1s comunes.<\/li>\n<li>Admite<strong>colores personalizados<\/strong>para satisfacer diversas necesidades, como combinar con la decoraci\u00f3n del hogar o estilos de marca espec\u00edficos.<\/li>\n<\/ul>\n<h3>Escenarios de uso y ventajas<\/h3>\n<ul>\n<li><strong>Funci\u00f3n de protecci\u00f3n<\/strong>: El interior de terciopelo evita eficazmente que las superficies de las joyas sufran ara\u00f1azos, abolladuras u otros da\u00f1os, por lo que es ideal para guardar art\u00edculos delicados como collares, pendientes y anillos.<\/li>\n<li><strong>Doble uso<\/strong>: Presenta un aspecto moderno, adecuado para el uso diario.<strong>almacenamiento dom\u00e9stico<\/strong>(mantener las joyas organizadas) y<strong>expositor decorativo<\/strong>(que sirve como adorno de escritorio).<\/li>\n<\/ul>\n<h3>Personalizaci\u00f3n y MOQ<\/h3>\n<ul>\n<li>Proporciona<strong>Servicios OEM\/ODM<\/strong>para permitir dise\u00f1os personalizados, como a\u00f1adir logotipos, ajustar los compartimentos internos o modificar los patrones externos.<\/li>\n<li>Tiene un bajo<strong>cantidad m\u00ednima de pedido (MOQ) de 1 pieza<\/strong>, satisfaciendo tanto las necesidades de los consumidores individuales como los pedidos de peque\u00f1as cantidades de las empresas.<\/li>\n<\/ul>\n<ul>\n<li style=\"list-style-type: none;\"><\/li>\n<\/ul>","protected":false},"excerpt":{"rendered":"<p>Este joyero de alta gama estilo libro (26\u00d718\u00d77 cm) est\u00e1 hecho de madera y terciopelo. Viene en rosa\/azul (colores personalizados disponibles) con un suave forro de terciopelo para proteger las joyas de ara\u00f1azos, ideal para guardar collares. Con un dise\u00f1o moderno, es ideal para guardar y exponer en casa. Compatible con OEM\/ODM.<\/p>","protected":false},"featured_media":43080,"comment_status":"open","ping_status":"closed","template":"","meta":{"_acf_changed":false},"product_brand":[],"product_cat":[73],"product_tag":[143,139,129,136,138,132,135,141,137,133,130,140,142,131,134],"class_list":{"0":"post-43079","1":"product","2":"type-product","3":"status-publish","4":"has-post-thumbnail","6":"product_cat-jewelry-organization-packaging","7":"product_tag-book-style-necklace-box","8":"product_tag-book-inspired-jewelry-case","9":"product_tag-book-style-jewelry-box","10":"product_tag-custom-color-jewelry-box","11":"product_tag-delicate-jewelry-storage","12":"product_tag-high-end-jewelry-box","13":"product_tag-home-decoration-jewelry-box","14":"product_tag-home-jewelry-organizer","15":"product_tag-jewelry-display-box","16":"product_tag-necklace-storage-box","17":"product_tag-pink-book-shaped-jewelry-box","18":"product_tag-pink-jewelry-storage-box","19":"product_tag-velvet-interior-jewelry-box","20":"product_tag-velvet-lined-jewelry-storage","21":"product_tag-wooden-jewelry-organizer","23":"first","24":"instock","25":"shipping-taxable","26":"purchasable","27":"product-type-simple"},"acf":[],"yoast_head":"<!-- This site is optimized with the Yoast SEO plugin v27.4 - https:\/\/yoast.com\/product\/yoast-seo-wordpress\/ -->\n<title>High-End Pink &amp; Blue Book-Style Jewelry Box \u2013 Velvet-Lined Storage for Necklaces &amp; Delicate Jewelry with Multifunctional Organization - DE-LIANG - jewelry,clothes,watch,beauty cosmetics<\/title>\n<meta name=\"robots\" content=\"index, follow, max-snippet:-1, max-image-preview:large, max-video-preview:-1\" \/>\n<link rel=\"canonical\" href=\"https:\/\/deliangdisplay.com\/es\/nuestro-producto\/envasado\/embalaje-para-organizacion-de-joyas\/de-gama-alta-de-color-rosa-azul-libro-de-estilo-joyero-de-terciopelo-forrado-de-almacenamiento-para-collares-delicada-joyeria-con-la-organizacion-multifuncional\/\" \/>\n<meta property=\"og:locale\" content=\"es_ES\" \/>\n<meta property=\"og:type\" content=\"article\" \/>\n<meta property=\"og:title\" content=\"High-End Pink &amp; Blue Book-Style Jewelry Box \u2013 Velvet-Lined Storage for Necklaces &amp; Delicate Jewelry with Multifunctional Organization - DE-LIANG - jewelry,clothes,watch,beauty cosmetics\" \/>\n<meta property=\"og:description\" content=\"This high-end book-style jewelry box (26\u00d718\u00d77cm) is made of wood and velvet. It comes in pink\/blue (custom colors available) with a soft velvet lining to protect jewelry from scratches, ideal for necklace storage. Featuring a fashionable design, it suits home storage and display. With OEM\/ODM supported.\" \/>\n<meta property=\"og:url\" content=\"https:\/\/deliangdisplay.com\/es\/nuestro-producto\/envasado\/embalaje-para-organizacion-de-joyas\/de-gama-alta-de-color-rosa-azul-libro-de-estilo-joyero-de-terciopelo-forrado-de-almacenamiento-para-collares-delicada-joyeria-con-la-organizacion-multifuncional\/\" \/>\n<meta property=\"og:site_name\" content=\"DE-LIANG - jewelry,clothes,watch,beauty cosmetics\" \/>\n<meta property=\"article:publisher\" content=\"https:\/\/www.facebook.com\/JaneZhang008\/\" \/>\n<meta property=\"article:modified_time\" content=\"2025-10-11T09:35:40+00:00\" \/>\n<meta property=\"og:image\" content=\"https:\/\/deliangdisplay.com\/wp-content\/uploads\/2025\/09\/7-1.jpg\" \/>\n\t<meta property=\"og:image:width\" content=\"1000\" \/>\n\t<meta property=\"og:image:height\" content=\"1000\" \/>\n\t<meta property=\"og:image:type\" content=\"image\/jpeg\" \/>\n<meta name=\"twitter:card\" content=\"summary_large_image\" \/>\n<meta name=\"twitter:site\" content=\"@ly673551729\" \/>\n<meta name=\"twitter:label1\" content=\"Tiempo de lectura\" \/>\n\t<meta name=\"twitter:data1\" content=\"2 minutos\" \/>\n<script type=\"application\/ld+json\" class=\"yoast-schema-graph\">{\"@context\":\"https:\\\/\\\/schema.org\",\"@graph\":[{\"@type\":\"WebPage\",\"@id\":\"https:\\\/\\\/deliangdisplay.com\\\/our-product\\\/packaging\\\/jewelry-organization-packaging\\\/high-end-pink-blue-book-style-jewelry-box-velvet-lined-storage-for-necklaces-delicate-jewelry-with-multifunctional-organization\\\/\",\"url\":\"https:\\\/\\\/deliangdisplay.com\\\/our-product\\\/packaging\\\/jewelry-organization-packaging\\\/high-end-pink-blue-book-style-jewelry-box-velvet-lined-storage-for-necklaces-delicate-jewelry-with-multifunctional-organization\\\/\",\"name\":\"High-End Pink & Blue Book-Style Jewelry Box \u2013 Velvet-Lined Storage for Necklaces & Delicate Jewelry with Multifunctional Organization - DE-LIANG - jewelry,clothes,watch,beauty cosmetics\",\"isPartOf\":{\"@id\":\"https:\\\/\\\/deliangdisplay.com\\\/#website\"},\"primaryImageOfPage\":{\"@id\":\"https:\\\/\\\/deliangdisplay.com\\\/our-product\\\/packaging\\\/jewelry-organization-packaging\\\/high-end-pink-blue-book-style-jewelry-box-velvet-lined-storage-for-necklaces-delicate-jewelry-with-multifunctional-organization\\\/#primaryimage\"},\"image\":{\"@id\":\"https:\\\/\\\/deliangdisplay.com\\\/our-product\\\/packaging\\\/jewelry-organization-packaging\\\/high-end-pink-blue-book-style-jewelry-box-velvet-lined-storage-for-necklaces-delicate-jewelry-with-multifunctional-organization\\\/#primaryimage\"},\"thumbnailUrl\":\"https:\\\/\\\/deliangdisplay.com\\\/wp-content\\\/uploads\\\/2025\\\/09\\\/7-1.jpg\",\"datePublished\":\"2025-09-17T07:41:43+00:00\",\"dateModified\":\"2025-10-11T09:35:40+00:00\",\"breadcrumb\":{\"@id\":\"https:\\\/\\\/deliangdisplay.com\\\/our-product\\\/packaging\\\/jewelry-organization-packaging\\\/high-end-pink-blue-book-style-jewelry-box-velvet-lined-storage-for-necklaces-delicate-jewelry-with-multifunctional-organization\\\/#breadcrumb\"},\"inLanguage\":\"es\",\"potentialAction\":[{\"@type\":\"ReadAction\",\"target\":[\"https:\\\/\\\/deliangdisplay.com\\\/our-product\\\/packaging\\\/jewelry-organization-packaging\\\/high-end-pink-blue-book-style-jewelry-box-velvet-lined-storage-for-necklaces-delicate-jewelry-with-multifunctional-organization\\\/\"]}]},{\"@type\":\"ImageObject\",\"inLanguage\":\"es\",\"@id\":\"https:\\\/\\\/deliangdisplay.com\\\/our-product\\\/packaging\\\/jewelry-organization-packaging\\\/high-end-pink-blue-book-style-jewelry-box-velvet-lined-storage-for-necklaces-delicate-jewelry-with-multifunctional-organization\\\/#primaryimage\",\"url\":\"https:\\\/\\\/deliangdisplay.com\\\/wp-content\\\/uploads\\\/2025\\\/09\\\/7-1.jpg\",\"contentUrl\":\"https:\\\/\\\/deliangdisplay.com\\\/wp-content\\\/uploads\\\/2025\\\/09\\\/7-1.jpg\",\"width\":1000,\"height\":1000},{\"@type\":\"BreadcrumbList\",\"@id\":\"https:\\\/\\\/deliangdisplay.com\\\/our-product\\\/packaging\\\/jewelry-organization-packaging\\\/high-end-pink-blue-book-style-jewelry-box-velvet-lined-storage-for-necklaces-delicate-jewelry-with-multifunctional-organization\\\/#breadcrumb\",\"itemListElement\":[{\"@type\":\"ListItem\",\"position\":1,\"name\":\"\u9996\u9875\",\"item\":\"https:\\\/\\\/deliangdisplay.com\\\/\"},{\"@type\":\"ListItem\",\"position\":2,\"name\":\"Our Product\",\"item\":\"https:\\\/\\\/deliangdisplay.com\\\/our-product\\\/\"},{\"@type\":\"ListItem\",\"position\":3,\"name\":\"High-End Pink &#038; Blue Book-Style Jewelry Box \u2013 Velvet-Lined Storage for Necklaces &#038; Delicate Jewelry with Multifunctional Organization\"}]},{\"@type\":\"WebSite\",\"@id\":\"https:\\\/\\\/deliangdisplay.com\\\/#website\",\"url\":\"https:\\\/\\\/deliangdisplay.com\\\/\",\"name\":\"deliangdisplay.com\",\"description\":\"DE-LIANG - Providing bespoke packaging solutions and luxurious display design services for brands in jewelry, apparel, watches, beauty cosmetics, and more.\",\"publisher\":{\"@id\":\"https:\\\/\\\/deliangdisplay.com\\\/#organization\"},\"potentialAction\":[{\"@type\":\"SearchAction\",\"target\":{\"@type\":\"EntryPoint\",\"urlTemplate\":\"https:\\\/\\\/deliangdisplay.com\\\/?s={search_term_string}\"},\"query-input\":{\"@type\":\"PropertyValueSpecification\",\"valueRequired\":true,\"valueName\":\"search_term_string\"}}],\"inLanguage\":\"es\"},{\"@type\":\"Organization\",\"@id\":\"https:\\\/\\\/deliangdisplay.com\\\/#organization\",\"name\":\"deliangdisplay.com\",\"url\":\"https:\\\/\\\/deliangdisplay.com\\\/\",\"logo\":{\"@type\":\"ImageObject\",\"inLanguage\":\"es\",\"@id\":\"https:\\\/\\\/deliangdisplay.com\\\/#\\\/schema\\\/logo\\\/image\\\/\",\"url\":\"https:\\\/\\\/deliangdisplay.com\\\/wp-content\\\/uploads\\\/2025\\\/08\\\/DELIANGDISPALY_logo.png\",\"contentUrl\":\"https:\\\/\\\/deliangdisplay.com\\\/wp-content\\\/uploads\\\/2025\\\/08\\\/DELIANGDISPALY_logo.png\",\"width\":300,\"height\":130,\"caption\":\"deliangdisplay.com\"},\"image\":{\"@id\":\"https:\\\/\\\/deliangdisplay.com\\\/#\\\/schema\\\/logo\\\/image\\\/\"},\"sameAs\":[\"https:\\\/\\\/www.facebook.com\\\/JaneZhang008\\\/\",\"https:\\\/\\\/x.com\\\/ly673551729\"]}]}<\/script>\n<!-- \/ Yoast SEO plugin. -->","yoast_head_json":{"title":"Joyero de alta gama rosa y azul estilo libro - forrado de terciopelo para guardar collares y joyas delicadas con organizaci\u00f3n multifuncional - DE-LIANG - joyeria,ropa,reloj,cosmeticos de belleza","robots":{"index":"index","follow":"follow","max-snippet":"max-snippet:-1","max-image-preview":"max-image-preview:large","max-video-preview":"max-video-preview:-1"},"canonical":"https:\/\/deliangdisplay.com\/es\/nuestro-producto\/envasado\/embalaje-para-organizacion-de-joyas\/de-gama-alta-de-color-rosa-azul-libro-de-estilo-joyero-de-terciopelo-forrado-de-almacenamiento-para-collares-delicada-joyeria-con-la-organizacion-multifuncional\/","og_locale":"es_ES","og_type":"article","og_title":"High-End Pink & Blue Book-Style Jewelry Box \u2013 Velvet-Lined Storage for Necklaces & Delicate Jewelry with Multifunctional Organization - DE-LIANG - jewelry,clothes,watch,beauty cosmetics","og_description":"This high-end book-style jewelry box (26\u00d718\u00d77cm) is made of wood and velvet. It comes in pink\/blue (custom colors available) with a soft velvet lining to protect jewelry from scratches, ideal for necklace storage. Featuring a fashionable design, it suits home storage and display. With OEM\/ODM supported.","og_url":"https:\/\/deliangdisplay.com\/es\/nuestro-producto\/envasado\/embalaje-para-organizacion-de-joyas\/de-gama-alta-de-color-rosa-azul-libro-de-estilo-joyero-de-terciopelo-forrado-de-almacenamiento-para-collares-delicada-joyeria-con-la-organizacion-multifuncional\/","og_site_name":"DE-LIANG - jewelry,clothes,watch,beauty cosmetics","article_publisher":"https:\/\/www.facebook.com\/JaneZhang008\/","article_modified_time":"2025-10-11T09:35:40+00:00","og_image":[{"width":1000,"height":1000,"url":"https:\/\/deliangdisplay.com\/wp-content\/uploads\/2025\/09\/7-1.jpg","type":"image\/jpeg"}],"twitter_card":"summary_large_image","twitter_site":"@ly673551729","twitter_misc":{"Tiempo de lectura":"2 minutos"},"schema":{"@context":"https:\/\/schema.org","@graph":[{"@type":"WebPage","@id":"https:\/\/deliangdisplay.com\/our-product\/packaging\/jewelry-organization-packaging\/high-end-pink-blue-book-style-jewelry-box-velvet-lined-storage-for-necklaces-delicate-jewelry-with-multifunctional-organization\/","url":"https:\/\/deliangdisplay.com\/our-product\/packaging\/jewelry-organization-packaging\/high-end-pink-blue-book-style-jewelry-box-velvet-lined-storage-for-necklaces-delicate-jewelry-with-multifunctional-organization\/","name":"Joyero de alta gama rosa y azul estilo libro - forrado de terciopelo para guardar collares y joyas delicadas con organizaci\u00f3n multifuncional - DE-LIANG - joyeria,ropa,reloj,cosmeticos de belleza","isPartOf":{"@id":"https:\/\/deliangdisplay.com\/#website"},"primaryImageOfPage":{"@id":"https:\/\/deliangdisplay.com\/our-product\/packaging\/jewelry-organization-packaging\/high-end-pink-blue-book-style-jewelry-box-velvet-lined-storage-for-necklaces-delicate-jewelry-with-multifunctional-organization\/#primaryimage"},"image":{"@id":"https:\/\/deliangdisplay.com\/our-product\/packaging\/jewelry-organization-packaging\/high-end-pink-blue-book-style-jewelry-box-velvet-lined-storage-for-necklaces-delicate-jewelry-with-multifunctional-organization\/#primaryimage"},"thumbnailUrl":"https:\/\/deliangdisplay.com\/wp-content\/uploads\/2025\/09\/7-1.jpg","datePublished":"2025-09-17T07:41:43+00:00","dateModified":"2025-10-11T09:35:40+00:00","breadcrumb":{"@id":"https:\/\/deliangdisplay.com\/our-product\/packaging\/jewelry-organization-packaging\/high-end-pink-blue-book-style-jewelry-box-velvet-lined-storage-for-necklaces-delicate-jewelry-with-multifunctional-organization\/#breadcrumb"},"inLanguage":"es","potentialAction":[{"@type":"ReadAction","target":["https:\/\/deliangdisplay.com\/our-product\/packaging\/jewelry-organization-packaging\/high-end-pink-blue-book-style-jewelry-box-velvet-lined-storage-for-necklaces-delicate-jewelry-with-multifunctional-organization\/"]}]},{"@type":"ImageObject","inLanguage":"es","@id":"https:\/\/deliangdisplay.com\/our-product\/packaging\/jewelry-organization-packaging\/high-end-pink-blue-book-style-jewelry-box-velvet-lined-storage-for-necklaces-delicate-jewelry-with-multifunctional-organization\/#primaryimage","url":"https:\/\/deliangdisplay.com\/wp-content\/uploads\/2025\/09\/7-1.jpg","contentUrl":"https:\/\/deliangdisplay.com\/wp-content\/uploads\/2025\/09\/7-1.jpg","width":1000,"height":1000},{"@type":"BreadcrumbList","@id":"https:\/\/deliangdisplay.com\/our-product\/packaging\/jewelry-organization-packaging\/high-end-pink-blue-book-style-jewelry-box-velvet-lined-storage-for-necklaces-delicate-jewelry-with-multifunctional-organization\/#breadcrumb","itemListElement":[{"@type":"ListItem","position":1,"name":"\u9996\u9875","item":"https:\/\/deliangdisplay.com\/"},{"@type":"ListItem","position":2,"name":"Our Product","item":"https:\/\/deliangdisplay.com\/our-product\/"},{"@type":"ListItem","position":3,"name":"High-End Pink &#038; Blue Book-Style Jewelry Box \u2013 Velvet-Lined Storage for Necklaces &#038; Delicate Jewelry with Multifunctional Organization"}]},{"@type":"WebSite","@id":"https:\/\/deliangdisplay.com\/#website","url":"https:\/\/deliangdisplay.com\/","name":"deliangdisplay.com","description":"DE-LIANG - Proporciona soluciones de envasado a medida y servicios de dise\u00f1o de expositores de lujo para marcas de joyer\u00eda, ropa, relojes, cosm\u00e9ticos de belleza, etc.","publisher":{"@id":"https:\/\/deliangdisplay.com\/#organization"},"potentialAction":[{"@type":"SearchAction","target":{"@type":"EntryPoint","urlTemplate":"https:\/\/deliangdisplay.com\/?s={search_term_string}"},"query-input":{"@type":"PropertyValueSpecification","valueRequired":true,"valueName":"search_term_string"}}],"inLanguage":"es"},{"@type":"Organization","@id":"https:\/\/deliangdisplay.com\/#organization","name":"deliangdisplay.com","url":"https:\/\/deliangdisplay.com\/","logo":{"@type":"ImageObject","inLanguage":"es","@id":"https:\/\/deliangdisplay.com\/#\/schema\/logo\/image\/","url":"https:\/\/deliangdisplay.com\/wp-content\/uploads\/2025\/08\/DELIANGDISPALY_logo.png","contentUrl":"https:\/\/deliangdisplay.com\/wp-content\/uploads\/2025\/08\/DELIANGDISPALY_logo.png","width":300,"height":130,"caption":"deliangdisplay.com"},"image":{"@id":"https:\/\/deliangdisplay.com\/#\/schema\/logo\/image\/"},"sameAs":["https:\/\/www.facebook.com\/JaneZhang008\/","https:\/\/x.com\/ly673551729"]}]}},"_links":{"self":[{"href":"https:\/\/deliangdisplay.com\/es\/wp-json\/wp\/v2\/product\/43079","targetHints":{"allow":["GET"]}}],"collection":[{"href":"https:\/\/deliangdisplay.com\/es\/wp-json\/wp\/v2\/product"}],"about":[{"href":"https:\/\/deliangdisplay.com\/es\/wp-json\/wp\/v2\/types\/product"}],"replies":[{"embeddable":true,"href":"https:\/\/deliangdisplay.com\/es\/wp-json\/wp\/v2\/comments?post=43079"}],"wp:featuredmedia":[{"embeddable":true,"href":"https:\/\/deliangdisplay.com\/es\/wp-json\/wp\/v2\/media\/43080"}],"wp:attachment":[{"href":"https:\/\/deliangdisplay.com\/es\/wp-json\/wp\/v2\/media?parent=43079"}],"wp:term":[{"taxonomy":"product_brand","embeddable":true,"href":"https:\/\/deliangdisplay.com\/es\/wp-json\/wp\/v2\/product_brand?post=43079"},{"taxonomy":"product_cat","embeddable":true,"href":"https:\/\/deliangdisplay.com\/es\/wp-json\/wp\/v2\/product_cat?post=43079"},{"taxonomy":"product_tag","embeddable":true,"href":"https:\/\/deliangdisplay.com\/es\/wp-json\/wp\/v2\/product_tag?post=43079"}],"curies":[{"name":"wp","href":"https:\/\/api.w.org\/{rel}","templated":true}]}}