{"id":42891,"date":"2025-09-04T12:05:55","date_gmt":"2025-09-04T04:05:55","guid":{"rendered":"https:\/\/deliangdisplay.com\/?post_type=product&#038;p=42891"},"modified":"2025-09-04T15:29:07","modified_gmt":"2025-09-04T07:29:07","slug":"monograma-joyeria-rollo-con-cremallera-boton-de-oro-regalo-de-boda-regalo-del-dia-de-las-madres-10-2x7-9-pulgadas-multifuncion-bolsas-de-viaje","status":"publish","type":"product","link":"https:\/\/deliangdisplay.com\/es\/nuestro-producto\/envasado\/rollos-de-joyeria\/monograma-joyeria-rollo-con-cremallera-boton-de-oro-regalo-de-boda-regalo-del-dia-de-las-madres-10-2x7-9-pulgadas-multifuncion-bolsas-de-viaje\/","title":{"rendered":"Monograma Joyer\u00eda Rollo Con Cremallera Bot\u00f3n De Oro Regalo De Boda Regalo Del D\u00eda De La Madre 10.2\u00d77.9 Pulgadas Multifunci\u00f3n Bolsas De Viaje"},"content":{"rendered":"<h3>Rollo de joyer\u00eda con monograma<\/h3>\n<div>Un vers\u00e1til organizador de joyas de viaje, ideal como regalo de boda o para el D\u00eda de la Madre.<\/div>\n<h4>Caracter\u00edsticas principales<\/h4>\n<ul>\n<li><strong>Material y dise\u00f1o<\/strong>: Fabricado en terciopelo, con cierre de cremallera y bot\u00f3n dorado. Mide 25\u00d720 cm, con un estilo sencillo.<\/li>\n<li><strong>Personalizaci\u00f3n<\/strong>: Admite monogramas personalizados y colores a medida. Las opciones de logotipo incluyen estampaci\u00f3n en caliente, estampaci\u00f3n en plata e impresi\u00f3n en color.<\/li>\n<\/ul>\n<h4>Pedidos y servicios<\/h4>\n<ul>\n<li><strong>MOQ<\/strong>: 10 piezas.<\/li>\n<li><strong>Plazos de entrega<\/strong>: 13-30 d\u00edas (1-1000 piezas); negociable para pedidos m\u00e1s grandes. La producci\u00f3n en serie tarda 20-25 d\u00edas.<\/li>\n<li><strong>Env\u00edo<\/strong>: Por mar, aire o mensajer\u00eda (DHL, FedEx, etc.).<\/li>\n<\/ul>\n<h4>Puntos fuertes de los proveedores<\/h4>\n<div>Proporcionado por Shenzhen De Liang Display Props Co, Ltd., una empresa comercial de 10 a\u00f1os con 100% entrega a tiempo y \u22642 horas de tiempo de respuesta. Principalmente las exportaciones al Reino Unido y EE.UU., con una tasa de 100% revisi\u00f3n positiva, lo que garantiza un servicio fiable para regalar o uso personal.<\/div>","protected":false},"excerpt":{"rendered":"<p>Rollo de joyer\u00eda con monograma: terciopelo, 25\u00d720cm, cremallera y bot\u00f3n dorado. Ideal para bodas, D\u00eda de la Madre. Colores\/monogramas personalizados (estampaci\u00f3n en caliente, etc.). 100% a tiempo, Exportaci\u00f3n al mercado mundial.<\/p>","protected":false},"featured_media":42893,"comment_status":"open","ping_status":"closed","template":"","meta":{"_acf_changed":false},"product_brand":[84],"product_cat":[75],"product_tag":[],"class_list":{"0":"post-42891","1":"product","2":"type-product","3":"status-publish","4":"has-post-thumbnail","6":"product_brand-de-liang","7":"product_cat-jewelry-rolls","9":"first","10":"instock","11":"shipping-taxable","12":"purchasable","13":"product-type-simple"},"acf":[],"yoast_head":"<!-- This site is optimized with the Yoast SEO plugin v27.4 - https:\/\/yoast.com\/product\/yoast-seo-wordpress\/ -->\n<title>Monogrammed Jewelry Roll With Zipper Gold Button Wedding Gift Mother&#039;s Day Gift 10.2x7.9 Inch Multifunction Travel Bags - DE-LIANG - jewelry,clothes,watch,beauty cosmetics<\/title>\n<meta name=\"robots\" content=\"index, follow, max-snippet:-1, max-image-preview:large, max-video-preview:-1\" \/>\n<link rel=\"canonical\" href=\"https:\/\/deliangdisplay.com\/es\/nuestro-producto\/envasado\/rollos-de-joyeria\/monograma-joyeria-rollo-con-cremallera-boton-de-oro-regalo-de-boda-regalo-del-dia-de-las-madres-10-2x7-9-pulgadas-multifuncion-bolsas-de-viaje\/\" \/>\n<meta property=\"og:locale\" content=\"es_ES\" \/>\n<meta property=\"og:type\" content=\"article\" \/>\n<meta property=\"og:title\" content=\"Monogrammed Jewelry Roll With Zipper Gold Button Wedding Gift Mother&#039;s Day Gift 10.2x7.9 Inch Multifunction Travel Bags - DE-LIANG - jewelry,clothes,watch,beauty cosmetics\" \/>\n<meta property=\"og:description\" content=\"Monogrammed Jewelry Roll: velvet, 25\u00d720cm, zipper &amp; gold button. Ideal for weddings, Mother\u2019s Day. Custom colors\/monograms (hot stamping, etc.). 100% on-time, Export to the global market.\" \/>\n<meta property=\"og:url\" content=\"https:\/\/deliangdisplay.com\/es\/nuestro-producto\/envasado\/rollos-de-joyeria\/monograma-joyeria-rollo-con-cremallera-boton-de-oro-regalo-de-boda-regalo-del-dia-de-las-madres-10-2x7-9-pulgadas-multifuncion-bolsas-de-viaje\/\" \/>\n<meta property=\"og:site_name\" content=\"DE-LIANG - jewelry,clothes,watch,beauty cosmetics\" \/>\n<meta property=\"article:publisher\" content=\"https:\/\/www.facebook.com\/JaneZhang008\/\" \/>\n<meta property=\"article:modified_time\" content=\"2025-09-04T07:29:07+00:00\" \/>\n<meta property=\"og:image\" content=\"https:\/\/deliangdisplay.com\/wp-content\/uploads\/2025\/09\/H199c33977f9b46f9b2a62c4835f9ccb37.png\" \/>\n\t<meta property=\"og:image:width\" content=\"800\" \/>\n\t<meta property=\"og:image:height\" content=\"800\" \/>\n\t<meta property=\"og:image:type\" content=\"image\/png\" \/>\n<meta name=\"twitter:card\" content=\"summary_large_image\" \/>\n<meta name=\"twitter:site\" content=\"@ly673551729\" \/>\n<meta name=\"twitter:label1\" content=\"Tiempo de lectura\" \/>\n\t<meta name=\"twitter:data1\" content=\"1 minuto\" \/>\n<script type=\"application\/ld+json\" class=\"yoast-schema-graph\">{\"@context\":\"https:\\\/\\\/schema.org\",\"@graph\":[{\"@type\":\"WebPage\",\"@id\":\"https:\\\/\\\/deliangdisplay.com\\\/our-product\\\/packaging\\\/jewelry-rolls\\\/monogrammed-jewelry-roll-with-zipper-gold-button-wedding-gift-mothers-day-gift-10-2x7-9-inch-multifunction-travel-bags\\\/\",\"url\":\"https:\\\/\\\/deliangdisplay.com\\\/our-product\\\/packaging\\\/jewelry-rolls\\\/monogrammed-jewelry-roll-with-zipper-gold-button-wedding-gift-mothers-day-gift-10-2x7-9-inch-multifunction-travel-bags\\\/\",\"name\":\"Monogrammed Jewelry Roll With Zipper Gold Button Wedding Gift Mother's Day Gift 10.2x7.9 Inch Multifunction Travel Bags - DE-LIANG - jewelry,clothes,watch,beauty cosmetics\",\"isPartOf\":{\"@id\":\"https:\\\/\\\/deliangdisplay.com\\\/#website\"},\"primaryImageOfPage\":{\"@id\":\"https:\\\/\\\/deliangdisplay.com\\\/our-product\\\/packaging\\\/jewelry-rolls\\\/monogrammed-jewelry-roll-with-zipper-gold-button-wedding-gift-mothers-day-gift-10-2x7-9-inch-multifunction-travel-bags\\\/#primaryimage\"},\"image\":{\"@id\":\"https:\\\/\\\/deliangdisplay.com\\\/our-product\\\/packaging\\\/jewelry-rolls\\\/monogrammed-jewelry-roll-with-zipper-gold-button-wedding-gift-mothers-day-gift-10-2x7-9-inch-multifunction-travel-bags\\\/#primaryimage\"},\"thumbnailUrl\":\"https:\\\/\\\/deliangdisplay.com\\\/wp-content\\\/uploads\\\/2025\\\/09\\\/H199c33977f9b46f9b2a62c4835f9ccb37.png\",\"datePublished\":\"2025-09-04T04:05:55+00:00\",\"dateModified\":\"2025-09-04T07:29:07+00:00\",\"breadcrumb\":{\"@id\":\"https:\\\/\\\/deliangdisplay.com\\\/our-product\\\/packaging\\\/jewelry-rolls\\\/monogrammed-jewelry-roll-with-zipper-gold-button-wedding-gift-mothers-day-gift-10-2x7-9-inch-multifunction-travel-bags\\\/#breadcrumb\"},\"inLanguage\":\"es\",\"potentialAction\":[{\"@type\":\"ReadAction\",\"target\":[\"https:\\\/\\\/deliangdisplay.com\\\/our-product\\\/packaging\\\/jewelry-rolls\\\/monogrammed-jewelry-roll-with-zipper-gold-button-wedding-gift-mothers-day-gift-10-2x7-9-inch-multifunction-travel-bags\\\/\"]}]},{\"@type\":\"ImageObject\",\"inLanguage\":\"es\",\"@id\":\"https:\\\/\\\/deliangdisplay.com\\\/our-product\\\/packaging\\\/jewelry-rolls\\\/monogrammed-jewelry-roll-with-zipper-gold-button-wedding-gift-mothers-day-gift-10-2x7-9-inch-multifunction-travel-bags\\\/#primaryimage\",\"url\":\"https:\\\/\\\/deliangdisplay.com\\\/wp-content\\\/uploads\\\/2025\\\/09\\\/H199c33977f9b46f9b2a62c4835f9ccb37.png\",\"contentUrl\":\"https:\\\/\\\/deliangdisplay.com\\\/wp-content\\\/uploads\\\/2025\\\/09\\\/H199c33977f9b46f9b2a62c4835f9ccb37.png\",\"width\":800,\"height\":800},{\"@type\":\"BreadcrumbList\",\"@id\":\"https:\\\/\\\/deliangdisplay.com\\\/our-product\\\/packaging\\\/jewelry-rolls\\\/monogrammed-jewelry-roll-with-zipper-gold-button-wedding-gift-mothers-day-gift-10-2x7-9-inch-multifunction-travel-bags\\\/#breadcrumb\",\"itemListElement\":[{\"@type\":\"ListItem\",\"position\":1,\"name\":\"\u9996\u9875\",\"item\":\"https:\\\/\\\/deliangdisplay.com\\\/\"},{\"@type\":\"ListItem\",\"position\":2,\"name\":\"Our Product\",\"item\":\"https:\\\/\\\/deliangdisplay.com\\\/our-product\\\/\"},{\"@type\":\"ListItem\",\"position\":3,\"name\":\"Monogrammed Jewelry Roll With Zipper Gold Button Wedding Gift Mother&#8217;s Day Gift 10.2&#215;7.9 Inch Multifunction Travel Bags\"}]},{\"@type\":\"WebSite\",\"@id\":\"https:\\\/\\\/deliangdisplay.com\\\/#website\",\"url\":\"https:\\\/\\\/deliangdisplay.com\\\/\",\"name\":\"deliangdisplay.com\",\"description\":\"DE-LIANG - Providing bespoke packaging solutions and luxurious display design services for brands in jewelry, apparel, watches, beauty cosmetics, and more.\",\"publisher\":{\"@id\":\"https:\\\/\\\/deliangdisplay.com\\\/#organization\"},\"potentialAction\":[{\"@type\":\"SearchAction\",\"target\":{\"@type\":\"EntryPoint\",\"urlTemplate\":\"https:\\\/\\\/deliangdisplay.com\\\/?s={search_term_string}\"},\"query-input\":{\"@type\":\"PropertyValueSpecification\",\"valueRequired\":true,\"valueName\":\"search_term_string\"}}],\"inLanguage\":\"es\"},{\"@type\":\"Organization\",\"@id\":\"https:\\\/\\\/deliangdisplay.com\\\/#organization\",\"name\":\"deliangdisplay.com\",\"url\":\"https:\\\/\\\/deliangdisplay.com\\\/\",\"logo\":{\"@type\":\"ImageObject\",\"inLanguage\":\"es\",\"@id\":\"https:\\\/\\\/deliangdisplay.com\\\/#\\\/schema\\\/logo\\\/image\\\/\",\"url\":\"https:\\\/\\\/deliangdisplay.com\\\/wp-content\\\/uploads\\\/2025\\\/08\\\/DELIANGDISPALY_logo.png\",\"contentUrl\":\"https:\\\/\\\/deliangdisplay.com\\\/wp-content\\\/uploads\\\/2025\\\/08\\\/DELIANGDISPALY_logo.png\",\"width\":300,\"height\":130,\"caption\":\"deliangdisplay.com\"},\"image\":{\"@id\":\"https:\\\/\\\/deliangdisplay.com\\\/#\\\/schema\\\/logo\\\/image\\\/\"},\"sameAs\":[\"https:\\\/\\\/www.facebook.com\\\/JaneZhang008\\\/\",\"https:\\\/\\\/x.com\\\/ly673551729\"]}]}<\/script>\n<!-- \/ Yoast SEO plugin. -->","yoast_head_json":{"title":"Monograma Joyer\u00eda Rollo Con Cremallera Bot\u00f3n de Oro Regalo de boda Regalo del D\u00eda de la Madre 10.2x7.9 Pulgadas Multifunci\u00f3n Bolsas de viaje - DE-LIANG - joyer\u00eda,ropa,reloj,cosm\u00e9ticos de belleza","robots":{"index":"index","follow":"follow","max-snippet":"max-snippet:-1","max-image-preview":"max-image-preview:large","max-video-preview":"max-video-preview:-1"},"canonical":"https:\/\/deliangdisplay.com\/es\/nuestro-producto\/envasado\/rollos-de-joyeria\/monograma-joyeria-rollo-con-cremallera-boton-de-oro-regalo-de-boda-regalo-del-dia-de-las-madres-10-2x7-9-pulgadas-multifuncion-bolsas-de-viaje\/","og_locale":"es_ES","og_type":"article","og_title":"Monogrammed Jewelry Roll With Zipper Gold Button Wedding Gift Mother's Day Gift 10.2x7.9 Inch Multifunction Travel Bags - DE-LIANG - jewelry,clothes,watch,beauty cosmetics","og_description":"Monogrammed Jewelry Roll: velvet, 25\u00d720cm, zipper &amp; gold button. Ideal for weddings, Mother\u2019s Day. Custom colors\/monograms (hot stamping, etc.). 100% on-time, Export to the global market.","og_url":"https:\/\/deliangdisplay.com\/es\/nuestro-producto\/envasado\/rollos-de-joyeria\/monograma-joyeria-rollo-con-cremallera-boton-de-oro-regalo-de-boda-regalo-del-dia-de-las-madres-10-2x7-9-pulgadas-multifuncion-bolsas-de-viaje\/","og_site_name":"DE-LIANG - jewelry,clothes,watch,beauty cosmetics","article_publisher":"https:\/\/www.facebook.com\/JaneZhang008\/","article_modified_time":"2025-09-04T07:29:07+00:00","og_image":[{"width":800,"height":800,"url":"https:\/\/deliangdisplay.com\/wp-content\/uploads\/2025\/09\/H199c33977f9b46f9b2a62c4835f9ccb37.png","type":"image\/png"}],"twitter_card":"summary_large_image","twitter_site":"@ly673551729","twitter_misc":{"Tiempo de lectura":"1 minuto"},"schema":{"@context":"https:\/\/schema.org","@graph":[{"@type":"WebPage","@id":"https:\/\/deliangdisplay.com\/our-product\/packaging\/jewelry-rolls\/monogrammed-jewelry-roll-with-zipper-gold-button-wedding-gift-mothers-day-gift-10-2x7-9-inch-multifunction-travel-bags\/","url":"https:\/\/deliangdisplay.com\/our-product\/packaging\/jewelry-rolls\/monogrammed-jewelry-roll-with-zipper-gold-button-wedding-gift-mothers-day-gift-10-2x7-9-inch-multifunction-travel-bags\/","name":"Monograma Joyer\u00eda Rollo Con Cremallera Bot\u00f3n de Oro Regalo de boda Regalo del D\u00eda de la Madre 10.2x7.9 Pulgadas Multifunci\u00f3n Bolsas de viaje - DE-LIANG - joyer\u00eda,ropa,reloj,cosm\u00e9ticos de belleza","isPartOf":{"@id":"https:\/\/deliangdisplay.com\/#website"},"primaryImageOfPage":{"@id":"https:\/\/deliangdisplay.com\/our-product\/packaging\/jewelry-rolls\/monogrammed-jewelry-roll-with-zipper-gold-button-wedding-gift-mothers-day-gift-10-2x7-9-inch-multifunction-travel-bags\/#primaryimage"},"image":{"@id":"https:\/\/deliangdisplay.com\/our-product\/packaging\/jewelry-rolls\/monogrammed-jewelry-roll-with-zipper-gold-button-wedding-gift-mothers-day-gift-10-2x7-9-inch-multifunction-travel-bags\/#primaryimage"},"thumbnailUrl":"https:\/\/deliangdisplay.com\/wp-content\/uploads\/2025\/09\/H199c33977f9b46f9b2a62c4835f9ccb37.png","datePublished":"2025-09-04T04:05:55+00:00","dateModified":"2025-09-04T07:29:07+00:00","breadcrumb":{"@id":"https:\/\/deliangdisplay.com\/our-product\/packaging\/jewelry-rolls\/monogrammed-jewelry-roll-with-zipper-gold-button-wedding-gift-mothers-day-gift-10-2x7-9-inch-multifunction-travel-bags\/#breadcrumb"},"inLanguage":"es","potentialAction":[{"@type":"ReadAction","target":["https:\/\/deliangdisplay.com\/our-product\/packaging\/jewelry-rolls\/monogrammed-jewelry-roll-with-zipper-gold-button-wedding-gift-mothers-day-gift-10-2x7-9-inch-multifunction-travel-bags\/"]}]},{"@type":"ImageObject","inLanguage":"es","@id":"https:\/\/deliangdisplay.com\/our-product\/packaging\/jewelry-rolls\/monogrammed-jewelry-roll-with-zipper-gold-button-wedding-gift-mothers-day-gift-10-2x7-9-inch-multifunction-travel-bags\/#primaryimage","url":"https:\/\/deliangdisplay.com\/wp-content\/uploads\/2025\/09\/H199c33977f9b46f9b2a62c4835f9ccb37.png","contentUrl":"https:\/\/deliangdisplay.com\/wp-content\/uploads\/2025\/09\/H199c33977f9b46f9b2a62c4835f9ccb37.png","width":800,"height":800},{"@type":"BreadcrumbList","@id":"https:\/\/deliangdisplay.com\/our-product\/packaging\/jewelry-rolls\/monogrammed-jewelry-roll-with-zipper-gold-button-wedding-gift-mothers-day-gift-10-2x7-9-inch-multifunction-travel-bags\/#breadcrumb","itemListElement":[{"@type":"ListItem","position":1,"name":"\u9996\u9875","item":"https:\/\/deliangdisplay.com\/"},{"@type":"ListItem","position":2,"name":"Our Product","item":"https:\/\/deliangdisplay.com\/our-product\/"},{"@type":"ListItem","position":3,"name":"Monogrammed Jewelry Roll With Zipper Gold Button Wedding Gift Mother&#8217;s Day Gift 10.2&#215;7.9 Inch Multifunction Travel Bags"}]},{"@type":"WebSite","@id":"https:\/\/deliangdisplay.com\/#website","url":"https:\/\/deliangdisplay.com\/","name":"deliangdisplay.com","description":"DE-LIANG - Proporciona soluciones de envasado a medida y servicios de dise\u00f1o de expositores de lujo para marcas de joyer\u00eda, ropa, relojes, cosm\u00e9ticos de belleza, etc.","publisher":{"@id":"https:\/\/deliangdisplay.com\/#organization"},"potentialAction":[{"@type":"SearchAction","target":{"@type":"EntryPoint","urlTemplate":"https:\/\/deliangdisplay.com\/?s={search_term_string}"},"query-input":{"@type":"PropertyValueSpecification","valueRequired":true,"valueName":"search_term_string"}}],"inLanguage":"es"},{"@type":"Organization","@id":"https:\/\/deliangdisplay.com\/#organization","name":"deliangdisplay.com","url":"https:\/\/deliangdisplay.com\/","logo":{"@type":"ImageObject","inLanguage":"es","@id":"https:\/\/deliangdisplay.com\/#\/schema\/logo\/image\/","url":"https:\/\/deliangdisplay.com\/wp-content\/uploads\/2025\/08\/DELIANGDISPALY_logo.png","contentUrl":"https:\/\/deliangdisplay.com\/wp-content\/uploads\/2025\/08\/DELIANGDISPALY_logo.png","width":300,"height":130,"caption":"deliangdisplay.com"},"image":{"@id":"https:\/\/deliangdisplay.com\/#\/schema\/logo\/image\/"},"sameAs":["https:\/\/www.facebook.com\/JaneZhang008\/","https:\/\/x.com\/ly673551729"]}]}},"_links":{"self":[{"href":"https:\/\/deliangdisplay.com\/es\/wp-json\/wp\/v2\/product\/42891","targetHints":{"allow":["GET"]}}],"collection":[{"href":"https:\/\/deliangdisplay.com\/es\/wp-json\/wp\/v2\/product"}],"about":[{"href":"https:\/\/deliangdisplay.com\/es\/wp-json\/wp\/v2\/types\/product"}],"replies":[{"embeddable":true,"href":"https:\/\/deliangdisplay.com\/es\/wp-json\/wp\/v2\/comments?post=42891"}],"wp:featuredmedia":[{"embeddable":true,"href":"https:\/\/deliangdisplay.com\/es\/wp-json\/wp\/v2\/media\/42893"}],"wp:attachment":[{"href":"https:\/\/deliangdisplay.com\/es\/wp-json\/wp\/v2\/media?parent=42891"}],"wp:term":[{"taxonomy":"product_brand","embeddable":true,"href":"https:\/\/deliangdisplay.com\/es\/wp-json\/wp\/v2\/product_brand?post=42891"},{"taxonomy":"product_cat","embeddable":true,"href":"https:\/\/deliangdisplay.com\/es\/wp-json\/wp\/v2\/product_cat?post=42891"},{"taxonomy":"product_tag","embeddable":true,"href":"https:\/\/deliangdisplay.com\/es\/wp-json\/wp\/v2\/product_tag?post=42891"}],"curies":[{"name":"wp","href":"https:\/\/api.w.org\/{rel}","templated":true}]}}