{"id":42864,"date":"2025-09-04T10:44:18","date_gmt":"2025-09-04T02:44:18","guid":{"rendered":"https:\/\/deliangdisplay.com\/?post_type=product&#038;p=42864"},"modified":"2025-09-04T10:48:59","modified_gmt":"2025-09-04T02:48:59","slug":"super-fibra-portatil-multi-funcional-rollo-de-joyeria-de-cuero-para-pendientes-anillos-collares-relojes-bebidas-almacenamiento","status":"publish","type":"product","link":"https:\/\/deliangdisplay.com\/es\/nuestro-producto\/envasado\/rollos-de-joyeria\/super-fibra-portatil-multi-funcional-rollo-de-joyeria-de-cuero-para-pendientes-anillos-collares-relojes-bebidas-almacenamiento\/","title":{"rendered":"Super Fiber Portable Multi-Functional Leather Jewelry Roll for Earrings Rings Necklaces Watches &#038; Beverages Storage"},"content":{"rendered":"<div>Una soluci\u00f3n de almacenamiento vers\u00e1til dise\u00f1ada para pendientes, anillos, collares, relojes e incluso bebidas, ideal para viajes u organizaci\u00f3n diaria.<\/div>\n<h4>Caracter\u00edsticas principales<\/h4>\n<ul>\n<li><strong>Material y dise\u00f1o<\/strong>: Fabricado en piel de alta calidad, combina durabilidad y portabilidad.<\/li>\n<li><strong>Talla<\/strong>: Se despliega en 17\u00d734 cm, compacto y f\u00e1cil de transportar.<\/li>\n<li><strong>Marca y modelo<\/strong>: Marca DE-LIANG, modelo SY2042.<\/li>\n<\/ul>\n<h4>Proveedores y servicios<\/h4>\n<div>Proporcionado por Shenzhen De Liang Display Props Co., Ltd, un proveedor de confianza con una tasa de revisi\u00f3n positiva de 100.0%, entrega a tiempo de 100% y tiempo de respuesta de \u22648 horas. Se especializa en soluciones de embalaje personalizables, con amplia experiencia en exportaci\u00f3n a m\u00e1s de 40 pa\u00edses.<\/div>\n<h4>Personalizaci\u00f3n y detalles del pedido<\/h4>\n<ul>\n<li>Admite la personalizaci\u00f3n del logotipo y el dise\u00f1o gr\u00e1fico.<\/li>\n<li>Pedido m\u00ednimo: 2 unidades, a un precio de $4,58 cada una (para blanco sin logotipo).<\/li>\n<li>Plazo de entrega: 9 d\u00edas para 1-200 piezas; negociable para pedidos superiores a 200 piezas.<\/li>\n<\/ul>\n<h4>Garant\u00eda de calidad<\/h4>\n<div>Respaldado por certificaciones como ISO 9001, ISO 14001, FDA y SGS, que garantizan materiales seguros y ecol\u00f3gicos. Ofrece f\u00e1cil devoluci\u00f3n y precios competitivos en comparaci\u00f3n con productos similares.<\/div>","protected":false},"excerpt":{"rendered":"<p>Rollo Joyero de Cuero Port\u00e1til Super Fiber: vers\u00e1til para pendientes, anillos, collares, relojes y bebidas. Fabricado en cuero, 17\u00d734 cm desplegado. DE-LIANG (SY2042), 100% cr\u00edticas positivas. Se acepta logotipo personalizado. MOQ 2, $4.58. Plazo de entrega 9 d\u00edas (1-200 piezas). Certificado (ISO, FDA), respetuoso con el medio ambiente. De confianza en todo el mundo.<\/p>","protected":false},"featured_media":42867,"comment_status":"open","ping_status":"closed","template":"","meta":{"_acf_changed":false},"product_brand":[],"product_cat":[75],"product_tag":[],"class_list":{"0":"post-42864","1":"product","2":"type-product","3":"status-publish","4":"has-post-thumbnail","6":"product_cat-jewelry-rolls","8":"first","9":"instock","10":"shipping-taxable","11":"purchasable","12":"product-type-simple"},"acf":[],"yoast_head":"<!-- This site is optimized with the Yoast SEO plugin v27.4 - https:\/\/yoast.com\/product\/yoast-seo-wordpress\/ -->\n<title>Super Fiber Portable Multi-Functional Leather Jewelry Roll for Earrings Rings Necklaces Watches &amp; Beverages Storage - DE-LIANG - jewelry,clothes,watch,beauty cosmetics<\/title>\n<meta name=\"robots\" content=\"index, follow, max-snippet:-1, max-image-preview:large, max-video-preview:-1\" \/>\n<link rel=\"canonical\" href=\"https:\/\/deliangdisplay.com\/es\/nuestro-producto\/envasado\/rollos-de-joyeria\/super-fibra-portatil-multi-funcional-rollo-de-joyeria-de-cuero-para-pendientes-anillos-collares-relojes-bebidas-almacenamiento\/\" \/>\n<meta property=\"og:locale\" content=\"es_ES\" \/>\n<meta property=\"og:type\" content=\"article\" \/>\n<meta property=\"og:title\" content=\"Super Fiber Portable Multi-Functional Leather Jewelry Roll for Earrings Rings Necklaces Watches &amp; Beverages Storage - DE-LIANG - jewelry,clothes,watch,beauty cosmetics\" \/>\n<meta property=\"og:description\" content=\"Super Fiber Portable Leather Jewelry Roll: versatile for earrings, rings, necklaces, watches &amp; beverages. Leather-made, 17\u00d734cm unfolded. DE-LIANG (SY2042), 100% positive reviews. Custom logo accepted. MOQ 2, $4.58. Lead time 9 days (1-200 pcs). Certified (ISO, FDA), eco-friendly. Trusted globally.\" \/>\n<meta property=\"og:url\" content=\"https:\/\/deliangdisplay.com\/es\/nuestro-producto\/envasado\/rollos-de-joyeria\/super-fibra-portatil-multi-funcional-rollo-de-joyeria-de-cuero-para-pendientes-anillos-collares-relojes-bebidas-almacenamiento\/\" \/>\n<meta property=\"og:site_name\" content=\"DE-LIANG - jewelry,clothes,watch,beauty cosmetics\" \/>\n<meta property=\"article:publisher\" content=\"https:\/\/www.facebook.com\/JaneZhang008\/\" \/>\n<meta property=\"article:modified_time\" content=\"2025-09-04T02:48:59+00:00\" \/>\n<meta property=\"og:image\" content=\"https:\/\/deliangdisplay.com\/wp-content\/uploads\/2025\/09\/HBFEE31.jpg\" \/>\n\t<meta property=\"og:image:width\" content=\"1000\" \/>\n\t<meta property=\"og:image:height\" content=\"1000\" \/>\n\t<meta property=\"og:image:type\" content=\"image\/jpeg\" \/>\n<meta name=\"twitter:card\" content=\"summary_large_image\" \/>\n<meta name=\"twitter:site\" content=\"@ly673551729\" \/>\n<meta name=\"twitter:label1\" content=\"Tiempo de lectura\" \/>\n\t<meta name=\"twitter:data1\" content=\"1 minuto\" \/>\n<script type=\"application\/ld+json\" class=\"yoast-schema-graph\">{\"@context\":\"https:\\\/\\\/schema.org\",\"@graph\":[{\"@type\":\"WebPage\",\"@id\":\"https:\\\/\\\/deliangdisplay.com\\\/our-product\\\/packaging\\\/jewelry-rolls\\\/super-fiber-portable-multi-functional-leather-jewelry-roll-for-earrings-rings-necklaces-watches-beverages-storage\\\/\",\"url\":\"https:\\\/\\\/deliangdisplay.com\\\/our-product\\\/packaging\\\/jewelry-rolls\\\/super-fiber-portable-multi-functional-leather-jewelry-roll-for-earrings-rings-necklaces-watches-beverages-storage\\\/\",\"name\":\"Super Fiber Portable Multi-Functional Leather Jewelry Roll for Earrings Rings Necklaces Watches & Beverages Storage - DE-LIANG - jewelry,clothes,watch,beauty cosmetics\",\"isPartOf\":{\"@id\":\"https:\\\/\\\/deliangdisplay.com\\\/#website\"},\"primaryImageOfPage\":{\"@id\":\"https:\\\/\\\/deliangdisplay.com\\\/our-product\\\/packaging\\\/jewelry-rolls\\\/super-fiber-portable-multi-functional-leather-jewelry-roll-for-earrings-rings-necklaces-watches-beverages-storage\\\/#primaryimage\"},\"image\":{\"@id\":\"https:\\\/\\\/deliangdisplay.com\\\/our-product\\\/packaging\\\/jewelry-rolls\\\/super-fiber-portable-multi-functional-leather-jewelry-roll-for-earrings-rings-necklaces-watches-beverages-storage\\\/#primaryimage\"},\"thumbnailUrl\":\"https:\\\/\\\/deliangdisplay.com\\\/wp-content\\\/uploads\\\/2025\\\/09\\\/HBFEE31.jpg\",\"datePublished\":\"2025-09-04T02:44:18+00:00\",\"dateModified\":\"2025-09-04T02:48:59+00:00\",\"breadcrumb\":{\"@id\":\"https:\\\/\\\/deliangdisplay.com\\\/our-product\\\/packaging\\\/jewelry-rolls\\\/super-fiber-portable-multi-functional-leather-jewelry-roll-for-earrings-rings-necklaces-watches-beverages-storage\\\/#breadcrumb\"},\"inLanguage\":\"es\",\"potentialAction\":[{\"@type\":\"ReadAction\",\"target\":[\"https:\\\/\\\/deliangdisplay.com\\\/our-product\\\/packaging\\\/jewelry-rolls\\\/super-fiber-portable-multi-functional-leather-jewelry-roll-for-earrings-rings-necklaces-watches-beverages-storage\\\/\"]}]},{\"@type\":\"ImageObject\",\"inLanguage\":\"es\",\"@id\":\"https:\\\/\\\/deliangdisplay.com\\\/our-product\\\/packaging\\\/jewelry-rolls\\\/super-fiber-portable-multi-functional-leather-jewelry-roll-for-earrings-rings-necklaces-watches-beverages-storage\\\/#primaryimage\",\"url\":\"https:\\\/\\\/deliangdisplay.com\\\/wp-content\\\/uploads\\\/2025\\\/09\\\/HBFEE31.jpg\",\"contentUrl\":\"https:\\\/\\\/deliangdisplay.com\\\/wp-content\\\/uploads\\\/2025\\\/09\\\/HBFEE31.jpg\",\"width\":1000,\"height\":1000},{\"@type\":\"BreadcrumbList\",\"@id\":\"https:\\\/\\\/deliangdisplay.com\\\/our-product\\\/packaging\\\/jewelry-rolls\\\/super-fiber-portable-multi-functional-leather-jewelry-roll-for-earrings-rings-necklaces-watches-beverages-storage\\\/#breadcrumb\",\"itemListElement\":[{\"@type\":\"ListItem\",\"position\":1,\"name\":\"\u9996\u9875\",\"item\":\"https:\\\/\\\/deliangdisplay.com\\\/\"},{\"@type\":\"ListItem\",\"position\":2,\"name\":\"Our Product\",\"item\":\"https:\\\/\\\/deliangdisplay.com\\\/our-product\\\/\"},{\"@type\":\"ListItem\",\"position\":3,\"name\":\"Super Fiber Portable Multi-Functional Leather Jewelry Roll for Earrings Rings Necklaces Watches &#038; Beverages Storage\"}]},{\"@type\":\"WebSite\",\"@id\":\"https:\\\/\\\/deliangdisplay.com\\\/#website\",\"url\":\"https:\\\/\\\/deliangdisplay.com\\\/\",\"name\":\"deliangdisplay.com\",\"description\":\"DE-LIANG - Providing bespoke packaging solutions and luxurious display design services for brands in jewelry, apparel, watches, beauty cosmetics, and more.\",\"publisher\":{\"@id\":\"https:\\\/\\\/deliangdisplay.com\\\/#organization\"},\"potentialAction\":[{\"@type\":\"SearchAction\",\"target\":{\"@type\":\"EntryPoint\",\"urlTemplate\":\"https:\\\/\\\/deliangdisplay.com\\\/?s={search_term_string}\"},\"query-input\":{\"@type\":\"PropertyValueSpecification\",\"valueRequired\":true,\"valueName\":\"search_term_string\"}}],\"inLanguage\":\"es\"},{\"@type\":\"Organization\",\"@id\":\"https:\\\/\\\/deliangdisplay.com\\\/#organization\",\"name\":\"deliangdisplay.com\",\"url\":\"https:\\\/\\\/deliangdisplay.com\\\/\",\"logo\":{\"@type\":\"ImageObject\",\"inLanguage\":\"es\",\"@id\":\"https:\\\/\\\/deliangdisplay.com\\\/#\\\/schema\\\/logo\\\/image\\\/\",\"url\":\"https:\\\/\\\/deliangdisplay.com\\\/wp-content\\\/uploads\\\/2025\\\/08\\\/DELIANGDISPALY_logo.png\",\"contentUrl\":\"https:\\\/\\\/deliangdisplay.com\\\/wp-content\\\/uploads\\\/2025\\\/08\\\/DELIANGDISPALY_logo.png\",\"width\":300,\"height\":130,\"caption\":\"deliangdisplay.com\"},\"image\":{\"@id\":\"https:\\\/\\\/deliangdisplay.com\\\/#\\\/schema\\\/logo\\\/image\\\/\"},\"sameAs\":[\"https:\\\/\\\/www.facebook.com\\\/JaneZhang008\\\/\",\"https:\\\/\\\/x.com\\\/ly673551729\"]}]}<\/script>\n<!-- \/ Yoast SEO plugin. -->","yoast_head_json":{"title":"Super fibra port\u00e1til multifuncional de cuero joyer\u00eda rollo para pendientes anillos collares relojes y bebidas de almacenamiento - DE-LIANG - joyer\u00eda,ropa,reloj,cosm\u00e9ticos de belleza","robots":{"index":"index","follow":"follow","max-snippet":"max-snippet:-1","max-image-preview":"max-image-preview:large","max-video-preview":"max-video-preview:-1"},"canonical":"https:\/\/deliangdisplay.com\/es\/nuestro-producto\/envasado\/rollos-de-joyeria\/super-fibra-portatil-multi-funcional-rollo-de-joyeria-de-cuero-para-pendientes-anillos-collares-relojes-bebidas-almacenamiento\/","og_locale":"es_ES","og_type":"article","og_title":"Super Fiber Portable Multi-Functional Leather Jewelry Roll for Earrings Rings Necklaces Watches & Beverages Storage - DE-LIANG - jewelry,clothes,watch,beauty cosmetics","og_description":"Super Fiber Portable Leather Jewelry Roll: versatile for earrings, rings, necklaces, watches &amp; beverages. Leather-made, 17\u00d734cm unfolded. DE-LIANG (SY2042), 100% positive reviews. Custom logo accepted. MOQ 2, $4.58. Lead time 9 days (1-200 pcs). Certified (ISO, FDA), eco-friendly. Trusted globally.","og_url":"https:\/\/deliangdisplay.com\/es\/nuestro-producto\/envasado\/rollos-de-joyeria\/super-fibra-portatil-multi-funcional-rollo-de-joyeria-de-cuero-para-pendientes-anillos-collares-relojes-bebidas-almacenamiento\/","og_site_name":"DE-LIANG - jewelry,clothes,watch,beauty cosmetics","article_publisher":"https:\/\/www.facebook.com\/JaneZhang008\/","article_modified_time":"2025-09-04T02:48:59+00:00","og_image":[{"width":1000,"height":1000,"url":"https:\/\/deliangdisplay.com\/wp-content\/uploads\/2025\/09\/HBFEE31.jpg","type":"image\/jpeg"}],"twitter_card":"summary_large_image","twitter_site":"@ly673551729","twitter_misc":{"Tiempo de lectura":"1 minuto"},"schema":{"@context":"https:\/\/schema.org","@graph":[{"@type":"WebPage","@id":"https:\/\/deliangdisplay.com\/our-product\/packaging\/jewelry-rolls\/super-fiber-portable-multi-functional-leather-jewelry-roll-for-earrings-rings-necklaces-watches-beverages-storage\/","url":"https:\/\/deliangdisplay.com\/our-product\/packaging\/jewelry-rolls\/super-fiber-portable-multi-functional-leather-jewelry-roll-for-earrings-rings-necklaces-watches-beverages-storage\/","name":"Super fibra port\u00e1til multifuncional de cuero joyer\u00eda rollo para pendientes anillos collares relojes y bebidas de almacenamiento - DE-LIANG - joyer\u00eda,ropa,reloj,cosm\u00e9ticos de belleza","isPartOf":{"@id":"https:\/\/deliangdisplay.com\/#website"},"primaryImageOfPage":{"@id":"https:\/\/deliangdisplay.com\/our-product\/packaging\/jewelry-rolls\/super-fiber-portable-multi-functional-leather-jewelry-roll-for-earrings-rings-necklaces-watches-beverages-storage\/#primaryimage"},"image":{"@id":"https:\/\/deliangdisplay.com\/our-product\/packaging\/jewelry-rolls\/super-fiber-portable-multi-functional-leather-jewelry-roll-for-earrings-rings-necklaces-watches-beverages-storage\/#primaryimage"},"thumbnailUrl":"https:\/\/deliangdisplay.com\/wp-content\/uploads\/2025\/09\/HBFEE31.jpg","datePublished":"2025-09-04T02:44:18+00:00","dateModified":"2025-09-04T02:48:59+00:00","breadcrumb":{"@id":"https:\/\/deliangdisplay.com\/our-product\/packaging\/jewelry-rolls\/super-fiber-portable-multi-functional-leather-jewelry-roll-for-earrings-rings-necklaces-watches-beverages-storage\/#breadcrumb"},"inLanguage":"es","potentialAction":[{"@type":"ReadAction","target":["https:\/\/deliangdisplay.com\/our-product\/packaging\/jewelry-rolls\/super-fiber-portable-multi-functional-leather-jewelry-roll-for-earrings-rings-necklaces-watches-beverages-storage\/"]}]},{"@type":"ImageObject","inLanguage":"es","@id":"https:\/\/deliangdisplay.com\/our-product\/packaging\/jewelry-rolls\/super-fiber-portable-multi-functional-leather-jewelry-roll-for-earrings-rings-necklaces-watches-beverages-storage\/#primaryimage","url":"https:\/\/deliangdisplay.com\/wp-content\/uploads\/2025\/09\/HBFEE31.jpg","contentUrl":"https:\/\/deliangdisplay.com\/wp-content\/uploads\/2025\/09\/HBFEE31.jpg","width":1000,"height":1000},{"@type":"BreadcrumbList","@id":"https:\/\/deliangdisplay.com\/our-product\/packaging\/jewelry-rolls\/super-fiber-portable-multi-functional-leather-jewelry-roll-for-earrings-rings-necklaces-watches-beverages-storage\/#breadcrumb","itemListElement":[{"@type":"ListItem","position":1,"name":"\u9996\u9875","item":"https:\/\/deliangdisplay.com\/"},{"@type":"ListItem","position":2,"name":"Our Product","item":"https:\/\/deliangdisplay.com\/our-product\/"},{"@type":"ListItem","position":3,"name":"Super Fiber Portable Multi-Functional Leather Jewelry Roll for Earrings Rings Necklaces Watches &#038; Beverages Storage"}]},{"@type":"WebSite","@id":"https:\/\/deliangdisplay.com\/#website","url":"https:\/\/deliangdisplay.com\/","name":"deliangdisplay.com","description":"DE-LIANG - Proporciona soluciones de envasado a medida y servicios de dise\u00f1o de expositores de lujo para marcas de joyer\u00eda, ropa, relojes, cosm\u00e9ticos de belleza, etc.","publisher":{"@id":"https:\/\/deliangdisplay.com\/#organization"},"potentialAction":[{"@type":"SearchAction","target":{"@type":"EntryPoint","urlTemplate":"https:\/\/deliangdisplay.com\/?s={search_term_string}"},"query-input":{"@type":"PropertyValueSpecification","valueRequired":true,"valueName":"search_term_string"}}],"inLanguage":"es"},{"@type":"Organization","@id":"https:\/\/deliangdisplay.com\/#organization","name":"deliangdisplay.com","url":"https:\/\/deliangdisplay.com\/","logo":{"@type":"ImageObject","inLanguage":"es","@id":"https:\/\/deliangdisplay.com\/#\/schema\/logo\/image\/","url":"https:\/\/deliangdisplay.com\/wp-content\/uploads\/2025\/08\/DELIANGDISPALY_logo.png","contentUrl":"https:\/\/deliangdisplay.com\/wp-content\/uploads\/2025\/08\/DELIANGDISPALY_logo.png","width":300,"height":130,"caption":"deliangdisplay.com"},"image":{"@id":"https:\/\/deliangdisplay.com\/#\/schema\/logo\/image\/"},"sameAs":["https:\/\/www.facebook.com\/JaneZhang008\/","https:\/\/x.com\/ly673551729"]}]}},"_links":{"self":[{"href":"https:\/\/deliangdisplay.com\/es\/wp-json\/wp\/v2\/product\/42864","targetHints":{"allow":["GET"]}}],"collection":[{"href":"https:\/\/deliangdisplay.com\/es\/wp-json\/wp\/v2\/product"}],"about":[{"href":"https:\/\/deliangdisplay.com\/es\/wp-json\/wp\/v2\/types\/product"}],"replies":[{"embeddable":true,"href":"https:\/\/deliangdisplay.com\/es\/wp-json\/wp\/v2\/comments?post=42864"}],"wp:featuredmedia":[{"embeddable":true,"href":"https:\/\/deliangdisplay.com\/es\/wp-json\/wp\/v2\/media\/42867"}],"wp:attachment":[{"href":"https:\/\/deliangdisplay.com\/es\/wp-json\/wp\/v2\/media?parent=42864"}],"wp:term":[{"taxonomy":"product_brand","embeddable":true,"href":"https:\/\/deliangdisplay.com\/es\/wp-json\/wp\/v2\/product_brand?post=42864"},{"taxonomy":"product_cat","embeddable":true,"href":"https:\/\/deliangdisplay.com\/es\/wp-json\/wp\/v2\/product_cat?post=42864"},{"taxonomy":"product_tag","embeddable":true,"href":"https:\/\/deliangdisplay.com\/es\/wp-json\/wp\/v2\/product_tag?post=42864"}],"curies":[{"name":"wp","href":"https:\/\/api.w.org\/{rel}","templated":true}]}}