{"id":42770,"date":"2025-08-28T18:26:01","date_gmt":"2025-08-28T10:26:01","guid":{"rendered":"https:\/\/deliangdisplay.com\/?post_type=product&#038;p=42770"},"modified":"2025-09-18T19:46:45","modified_gmt":"2025-09-18T11:46:45","slug":"caja-de-joyeria-de-terciopelo-de-gama-alta-joyeria-regalo-propuesta-de-compromiso-de-boda-de-viaje-las-mujeres-y-las-ninas-de-embalaje-de-regalo","status":"publish","type":"product","link":"https:\/\/deliangdisplay.com\/es\/nuestro-producto\/envasado\/embalaje-de-joyeros\/caja-de-joyeria-de-terciopelo-de-gama-alta-joyeria-regalo-propuesta-de-compromiso-de-boda-de-viaje-las-mujeres-y-las-ninas-de-embalaje-de-regalo\/","title":{"rendered":"Caja de joyer\u00eda de terciopelo de gama alta joyer\u00eda regalo propuesta de compromiso de viaje de boda de las mujeres y las ni\u00f1as de embalaje de regalo"},"content":{"rendered":"<p>Una soluci\u00f3n elegante y pr\u00e1ctica para guardar joyas, perfecta para regalar (San Valent\u00edn, pedidas de mano, compromisos, bodas) o para el uso diario, ideal para mujeres y ni\u00f1as.<\/p>\n<h3>Caracter\u00edsticas principales<\/h3>\n<ul>\n<li><strong>Material de primera calidad<\/strong>: Fabricado en pl\u00e1stico y terciopelo de alta calidad, con un lujoso acabado dorado.<\/li>\n<li><strong>Dise\u00f1o y tama\u00f1o<\/strong>: Estilo liso de moda, forma cuadrada (10,5 cm \u00d7 10 cm \u00d7 10 cm \/ 4,1 pulgadas \u00d7 3,9 pulgadas \u00d7 3,9 pulgadas) y cierre de gancho y bucle seguro, dise\u00f1ado principalmente para guardar anillos.<\/li>\n<\/ul>\n<h3>Proveedores y servicios<\/h3>\n<ul>\n<li>Suministrado por Shenzhen De Liang Display Props Co., Ltd., un fabricante verificado con 11 a\u00f1os de experiencia ODM &amp; OEM, 15 f\u00e1bricas colaboradoras y un \u00edndice de rese\u00f1as positivas de 100%.<\/li>\n<li>Principales mercados de exportaci\u00f3n: EE.UU., Australia, Israel, Norteam\u00e9rica, sur de Europa.<\/li>\n<\/ul>\n<h3>Personalizaci\u00f3n y detalles del pedido<\/h3>\n<ul>\n<li>Admite una personalizaci\u00f3n menor y una personalizaci\u00f3n basada en dibujos.<\/li>\n<li>Pedido m\u00ednimo: 100 unidades.<\/li>\n<li>Precios: $3 por pieza (1000-9900 piezas); $1,80 por pieza (10.000+ piezas).<\/li>\n<li>Plazo de entrega: 15 d\u00edas (100-700 piezas); negociable para pedidos superiores.<\/li>\n<\/ul>\n<h3>Garant\u00edas fiables<\/h3>\n<p>100% entrega puntual, tiempo de respuesta \u22642 horas, trazabilidad de las materias primas, inspecci\u00f3n de los productos acabados y pol\u00edtica de devoluci\u00f3n sencilla, en la que conf\u00edan joyer\u00edas y compradores particulares.<\/p>","protected":false},"excerpt":{"rendered":"<p>An elegant and functional jewelry storage solution, perfect for gifting on special occasions like Valentine&#8217;s Day, proposals, engagements, or weddings, and also ideal for everyday use\u2014designed for women and girls. Crafted from high-quality plastic and velvet with a luxurious golden finish, this stylish and minimalist square-shaped box (10.5cm \u00d7 10cm \u00d7 10cm \/ 4.1in \u00d7 3.9in \u00d7 3.9in) features a secure hook-and-loop closure, specifically designed for storing rings.<\/p>","protected":false},"featured_media":42775,"comment_status":"open","ping_status":"closed","template":"","meta":{"_acf_changed":false},"product_brand":[],"product_cat":[72],"product_tag":[],"class_list":{"0":"post-42770","1":"product","2":"type-product","3":"status-publish","4":"has-post-thumbnail","6":"product_cat-jewelry-boxes-packaging","8":"first","9":"instock","10":"shipping-taxable","11":"product-type-simple"},"acf":[],"yoast_head":"<!-- This site is optimized with the Yoast SEO plugin v27.4 - https:\/\/yoast.com\/product\/yoast-seo-wordpress\/ -->\n<title>High End Velvet Jewelry Box Jewelry Gift Proposal Engagement Wedding Travel Women and Girls Gift Packaging - DE-LIANG - jewelry,clothes,watch,beauty cosmetics<\/title>\n<meta name=\"robots\" content=\"index, follow, max-snippet:-1, max-image-preview:large, max-video-preview:-1\" \/>\n<link rel=\"canonical\" href=\"https:\/\/deliangdisplay.com\/es\/nuestro-producto\/envasado\/embalaje-de-joyeros\/caja-de-joyeria-de-terciopelo-de-gama-alta-joyeria-regalo-propuesta-de-compromiso-de-boda-de-viaje-las-mujeres-y-las-ninas-de-embalaje-de-regalo\/\" \/>\n<meta property=\"og:locale\" content=\"es_ES\" \/>\n<meta property=\"og:type\" content=\"article\" \/>\n<meta property=\"og:title\" content=\"High End Velvet Jewelry Box Jewelry Gift Proposal Engagement Wedding Travel Women and Girls Gift Packaging - DE-LIANG - jewelry,clothes,watch,beauty cosmetics\" \/>\n<meta property=\"og:description\" content=\"An elegant and functional jewelry storage solution, perfect for gifting on special occasions like Valentine&#039;s Day, proposals, engagements, or weddings, and also ideal for everyday use\u2014designed for women and girls. Crafted from high-quality plastic and velvet with a luxurious golden finish, this stylish and minimalist square-shaped box (10.5cm \u00d7 10cm \u00d7 10cm \/ 4.1in \u00d7 3.9in \u00d7 3.9in) features a secure hook-and-loop closure, specifically designed for storing rings.\" \/>\n<meta property=\"og:url\" content=\"https:\/\/deliangdisplay.com\/es\/nuestro-producto\/envasado\/embalaje-de-joyeros\/caja-de-joyeria-de-terciopelo-de-gama-alta-joyeria-regalo-propuesta-de-compromiso-de-boda-de-viaje-las-mujeres-y-las-ninas-de-embalaje-de-regalo\/\" \/>\n<meta property=\"og:site_name\" content=\"DE-LIANG - jewelry,clothes,watch,beauty cosmetics\" \/>\n<meta property=\"article:publisher\" content=\"https:\/\/www.facebook.com\/JaneZhang008\/\" \/>\n<meta property=\"article:modified_time\" content=\"2025-09-18T11:46:45+00:00\" \/>\n<meta property=\"og:image\" content=\"https:\/\/deliangdisplay.com\/wp-content\/uploads\/2025\/08\/He4ab6ca0d5f241e480e63ae83ee6773bV.jpg\" \/>\n\t<meta property=\"og:image:width\" content=\"1500\" \/>\n\t<meta property=\"og:image:height\" content=\"1500\" \/>\n\t<meta property=\"og:image:type\" content=\"image\/jpeg\" \/>\n<meta name=\"twitter:card\" content=\"summary_large_image\" \/>\n<meta name=\"twitter:site\" content=\"@ly673551729\" \/>\n<meta name=\"twitter:label1\" content=\"Tiempo de lectura\" \/>\n\t<meta name=\"twitter:data1\" content=\"1 minuto\" \/>\n<script type=\"application\/ld+json\" class=\"yoast-schema-graph\">{\"@context\":\"https:\\\/\\\/schema.org\",\"@graph\":[{\"@type\":\"WebPage\",\"@id\":\"https:\\\/\\\/deliangdisplay.com\\\/our-product\\\/packaging\\\/jewelry-boxes-packaging\\\/high-end-velvet-jewelry-box-jewelry-gift-proposal-engagement-wedding-travel-women-and-girls-gift-packaging\\\/\",\"url\":\"https:\\\/\\\/deliangdisplay.com\\\/our-product\\\/packaging\\\/jewelry-boxes-packaging\\\/high-end-velvet-jewelry-box-jewelry-gift-proposal-engagement-wedding-travel-women-and-girls-gift-packaging\\\/\",\"name\":\"High End Velvet Jewelry Box Jewelry Gift Proposal Engagement Wedding Travel Women and Girls Gift Packaging - DE-LIANG - jewelry,clothes,watch,beauty cosmetics\",\"isPartOf\":{\"@id\":\"https:\\\/\\\/deliangdisplay.com\\\/#website\"},\"primaryImageOfPage\":{\"@id\":\"https:\\\/\\\/deliangdisplay.com\\\/our-product\\\/packaging\\\/jewelry-boxes-packaging\\\/high-end-velvet-jewelry-box-jewelry-gift-proposal-engagement-wedding-travel-women-and-girls-gift-packaging\\\/#primaryimage\"},\"image\":{\"@id\":\"https:\\\/\\\/deliangdisplay.com\\\/our-product\\\/packaging\\\/jewelry-boxes-packaging\\\/high-end-velvet-jewelry-box-jewelry-gift-proposal-engagement-wedding-travel-women-and-girls-gift-packaging\\\/#primaryimage\"},\"thumbnailUrl\":\"https:\\\/\\\/deliangdisplay.com\\\/wp-content\\\/uploads\\\/2025\\\/08\\\/He4ab6ca0d5f241e480e63ae83ee6773bV.jpg\",\"datePublished\":\"2025-08-28T10:26:01+00:00\",\"dateModified\":\"2025-09-18T11:46:45+00:00\",\"breadcrumb\":{\"@id\":\"https:\\\/\\\/deliangdisplay.com\\\/our-product\\\/packaging\\\/jewelry-boxes-packaging\\\/high-end-velvet-jewelry-box-jewelry-gift-proposal-engagement-wedding-travel-women-and-girls-gift-packaging\\\/#breadcrumb\"},\"inLanguage\":\"es\",\"potentialAction\":[{\"@type\":\"ReadAction\",\"target\":[\"https:\\\/\\\/deliangdisplay.com\\\/our-product\\\/packaging\\\/jewelry-boxes-packaging\\\/high-end-velvet-jewelry-box-jewelry-gift-proposal-engagement-wedding-travel-women-and-girls-gift-packaging\\\/\"]}]},{\"@type\":\"ImageObject\",\"inLanguage\":\"es\",\"@id\":\"https:\\\/\\\/deliangdisplay.com\\\/our-product\\\/packaging\\\/jewelry-boxes-packaging\\\/high-end-velvet-jewelry-box-jewelry-gift-proposal-engagement-wedding-travel-women-and-girls-gift-packaging\\\/#primaryimage\",\"url\":\"https:\\\/\\\/deliangdisplay.com\\\/wp-content\\\/uploads\\\/2025\\\/08\\\/He4ab6ca0d5f241e480e63ae83ee6773bV.jpg\",\"contentUrl\":\"https:\\\/\\\/deliangdisplay.com\\\/wp-content\\\/uploads\\\/2025\\\/08\\\/He4ab6ca0d5f241e480e63ae83ee6773bV.jpg\",\"width\":1500,\"height\":1500,\"caption\":\"Velvet Jewelry Box\"},{\"@type\":\"BreadcrumbList\",\"@id\":\"https:\\\/\\\/deliangdisplay.com\\\/our-product\\\/packaging\\\/jewelry-boxes-packaging\\\/high-end-velvet-jewelry-box-jewelry-gift-proposal-engagement-wedding-travel-women-and-girls-gift-packaging\\\/#breadcrumb\",\"itemListElement\":[{\"@type\":\"ListItem\",\"position\":1,\"name\":\"\u9996\u9875\",\"item\":\"https:\\\/\\\/deliangdisplay.com\\\/\"},{\"@type\":\"ListItem\",\"position\":2,\"name\":\"Our Product\",\"item\":\"https:\\\/\\\/deliangdisplay.com\\\/our-product\\\/\"},{\"@type\":\"ListItem\",\"position\":3,\"name\":\"High End Velvet Jewelry Box Jewelry Gift Proposal Engagement Wedding Travel Women and Girls Gift Packaging\"}]},{\"@type\":\"WebSite\",\"@id\":\"https:\\\/\\\/deliangdisplay.com\\\/#website\",\"url\":\"https:\\\/\\\/deliangdisplay.com\\\/\",\"name\":\"deliangdisplay.com\",\"description\":\"DE-LIANG - Providing bespoke packaging solutions and luxurious display design services for brands in jewelry, apparel, watches, beauty cosmetics, and more.\",\"publisher\":{\"@id\":\"https:\\\/\\\/deliangdisplay.com\\\/#organization\"},\"potentialAction\":[{\"@type\":\"SearchAction\",\"target\":{\"@type\":\"EntryPoint\",\"urlTemplate\":\"https:\\\/\\\/deliangdisplay.com\\\/?s={search_term_string}\"},\"query-input\":{\"@type\":\"PropertyValueSpecification\",\"valueRequired\":true,\"valueName\":\"search_term_string\"}}],\"inLanguage\":\"es\"},{\"@type\":\"Organization\",\"@id\":\"https:\\\/\\\/deliangdisplay.com\\\/#organization\",\"name\":\"deliangdisplay.com\",\"url\":\"https:\\\/\\\/deliangdisplay.com\\\/\",\"logo\":{\"@type\":\"ImageObject\",\"inLanguage\":\"es\",\"@id\":\"https:\\\/\\\/deliangdisplay.com\\\/#\\\/schema\\\/logo\\\/image\\\/\",\"url\":\"https:\\\/\\\/deliangdisplay.com\\\/wp-content\\\/uploads\\\/2025\\\/08\\\/DELIANGDISPALY_logo.png\",\"contentUrl\":\"https:\\\/\\\/deliangdisplay.com\\\/wp-content\\\/uploads\\\/2025\\\/08\\\/DELIANGDISPALY_logo.png\",\"width\":300,\"height\":130,\"caption\":\"deliangdisplay.com\"},\"image\":{\"@id\":\"https:\\\/\\\/deliangdisplay.com\\\/#\\\/schema\\\/logo\\\/image\\\/\"},\"sameAs\":[\"https:\\\/\\\/www.facebook.com\\\/JaneZhang008\\\/\",\"https:\\\/\\\/x.com\\\/ly673551729\"]}]}<\/script>\n<!-- \/ Yoast SEO plugin. -->","yoast_head_json":{"title":"High End Terciopelo Joyero Joyer\u00eda Regalo Propuesta de compromiso de viaje de boda Mujeres y Ni\u00f1as Regalo Embalaje - DE-LIANG - joyer\u00eda,ropa,reloj,cosm\u00e9ticos de belleza","robots":{"index":"index","follow":"follow","max-snippet":"max-snippet:-1","max-image-preview":"max-image-preview:large","max-video-preview":"max-video-preview:-1"},"canonical":"https:\/\/deliangdisplay.com\/es\/nuestro-producto\/envasado\/embalaje-de-joyeros\/caja-de-joyeria-de-terciopelo-de-gama-alta-joyeria-regalo-propuesta-de-compromiso-de-boda-de-viaje-las-mujeres-y-las-ninas-de-embalaje-de-regalo\/","og_locale":"es_ES","og_type":"article","og_title":"High End Velvet Jewelry Box Jewelry Gift Proposal Engagement Wedding Travel Women and Girls Gift Packaging - DE-LIANG - jewelry,clothes,watch,beauty cosmetics","og_description":"An elegant and functional jewelry storage solution, perfect for gifting on special occasions like Valentine's Day, proposals, engagements, or weddings, and also ideal for everyday use\u2014designed for women and girls. Crafted from high-quality plastic and velvet with a luxurious golden finish, this stylish and minimalist square-shaped box (10.5cm \u00d7 10cm \u00d7 10cm \/ 4.1in \u00d7 3.9in \u00d7 3.9in) features a secure hook-and-loop closure, specifically designed for storing rings.","og_url":"https:\/\/deliangdisplay.com\/es\/nuestro-producto\/envasado\/embalaje-de-joyeros\/caja-de-joyeria-de-terciopelo-de-gama-alta-joyeria-regalo-propuesta-de-compromiso-de-boda-de-viaje-las-mujeres-y-las-ninas-de-embalaje-de-regalo\/","og_site_name":"DE-LIANG - jewelry,clothes,watch,beauty cosmetics","article_publisher":"https:\/\/www.facebook.com\/JaneZhang008\/","article_modified_time":"2025-09-18T11:46:45+00:00","og_image":[{"width":1500,"height":1500,"url":"https:\/\/deliangdisplay.com\/wp-content\/uploads\/2025\/08\/He4ab6ca0d5f241e480e63ae83ee6773bV.jpg","type":"image\/jpeg"}],"twitter_card":"summary_large_image","twitter_site":"@ly673551729","twitter_misc":{"Tiempo de lectura":"1 minuto"},"schema":{"@context":"https:\/\/schema.org","@graph":[{"@type":"WebPage","@id":"https:\/\/deliangdisplay.com\/our-product\/packaging\/jewelry-boxes-packaging\/high-end-velvet-jewelry-box-jewelry-gift-proposal-engagement-wedding-travel-women-and-girls-gift-packaging\/","url":"https:\/\/deliangdisplay.com\/our-product\/packaging\/jewelry-boxes-packaging\/high-end-velvet-jewelry-box-jewelry-gift-proposal-engagement-wedding-travel-women-and-girls-gift-packaging\/","name":"High End Terciopelo Joyero Joyer\u00eda Regalo Propuesta de compromiso de viaje de boda Mujeres y Ni\u00f1as Regalo Embalaje - DE-LIANG - joyer\u00eda,ropa,reloj,cosm\u00e9ticos de belleza","isPartOf":{"@id":"https:\/\/deliangdisplay.com\/#website"},"primaryImageOfPage":{"@id":"https:\/\/deliangdisplay.com\/our-product\/packaging\/jewelry-boxes-packaging\/high-end-velvet-jewelry-box-jewelry-gift-proposal-engagement-wedding-travel-women-and-girls-gift-packaging\/#primaryimage"},"image":{"@id":"https:\/\/deliangdisplay.com\/our-product\/packaging\/jewelry-boxes-packaging\/high-end-velvet-jewelry-box-jewelry-gift-proposal-engagement-wedding-travel-women-and-girls-gift-packaging\/#primaryimage"},"thumbnailUrl":"https:\/\/deliangdisplay.com\/wp-content\/uploads\/2025\/08\/He4ab6ca0d5f241e480e63ae83ee6773bV.jpg","datePublished":"2025-08-28T10:26:01+00:00","dateModified":"2025-09-18T11:46:45+00:00","breadcrumb":{"@id":"https:\/\/deliangdisplay.com\/our-product\/packaging\/jewelry-boxes-packaging\/high-end-velvet-jewelry-box-jewelry-gift-proposal-engagement-wedding-travel-women-and-girls-gift-packaging\/#breadcrumb"},"inLanguage":"es","potentialAction":[{"@type":"ReadAction","target":["https:\/\/deliangdisplay.com\/our-product\/packaging\/jewelry-boxes-packaging\/high-end-velvet-jewelry-box-jewelry-gift-proposal-engagement-wedding-travel-women-and-girls-gift-packaging\/"]}]},{"@type":"ImageObject","inLanguage":"es","@id":"https:\/\/deliangdisplay.com\/our-product\/packaging\/jewelry-boxes-packaging\/high-end-velvet-jewelry-box-jewelry-gift-proposal-engagement-wedding-travel-women-and-girls-gift-packaging\/#primaryimage","url":"https:\/\/deliangdisplay.com\/wp-content\/uploads\/2025\/08\/He4ab6ca0d5f241e480e63ae83ee6773bV.jpg","contentUrl":"https:\/\/deliangdisplay.com\/wp-content\/uploads\/2025\/08\/He4ab6ca0d5f241e480e63ae83ee6773bV.jpg","width":1500,"height":1500,"caption":"Velvet Jewelry Box"},{"@type":"BreadcrumbList","@id":"https:\/\/deliangdisplay.com\/our-product\/packaging\/jewelry-boxes-packaging\/high-end-velvet-jewelry-box-jewelry-gift-proposal-engagement-wedding-travel-women-and-girls-gift-packaging\/#breadcrumb","itemListElement":[{"@type":"ListItem","position":1,"name":"\u9996\u9875","item":"https:\/\/deliangdisplay.com\/"},{"@type":"ListItem","position":2,"name":"Our Product","item":"https:\/\/deliangdisplay.com\/our-product\/"},{"@type":"ListItem","position":3,"name":"High End Velvet Jewelry Box Jewelry Gift Proposal Engagement Wedding Travel Women and Girls Gift Packaging"}]},{"@type":"WebSite","@id":"https:\/\/deliangdisplay.com\/#website","url":"https:\/\/deliangdisplay.com\/","name":"deliangdisplay.com","description":"DE-LIANG - Proporciona soluciones de envasado a medida y servicios de dise\u00f1o de expositores de lujo para marcas de joyer\u00eda, ropa, relojes, cosm\u00e9ticos de belleza, etc.","publisher":{"@id":"https:\/\/deliangdisplay.com\/#organization"},"potentialAction":[{"@type":"SearchAction","target":{"@type":"EntryPoint","urlTemplate":"https:\/\/deliangdisplay.com\/?s={search_term_string}"},"query-input":{"@type":"PropertyValueSpecification","valueRequired":true,"valueName":"search_term_string"}}],"inLanguage":"es"},{"@type":"Organization","@id":"https:\/\/deliangdisplay.com\/#organization","name":"deliangdisplay.com","url":"https:\/\/deliangdisplay.com\/","logo":{"@type":"ImageObject","inLanguage":"es","@id":"https:\/\/deliangdisplay.com\/#\/schema\/logo\/image\/","url":"https:\/\/deliangdisplay.com\/wp-content\/uploads\/2025\/08\/DELIANGDISPALY_logo.png","contentUrl":"https:\/\/deliangdisplay.com\/wp-content\/uploads\/2025\/08\/DELIANGDISPALY_logo.png","width":300,"height":130,"caption":"deliangdisplay.com"},"image":{"@id":"https:\/\/deliangdisplay.com\/#\/schema\/logo\/image\/"},"sameAs":["https:\/\/www.facebook.com\/JaneZhang008\/","https:\/\/x.com\/ly673551729"]}]}},"_links":{"self":[{"href":"https:\/\/deliangdisplay.com\/es\/wp-json\/wp\/v2\/product\/42770","targetHints":{"allow":["GET"]}}],"collection":[{"href":"https:\/\/deliangdisplay.com\/es\/wp-json\/wp\/v2\/product"}],"about":[{"href":"https:\/\/deliangdisplay.com\/es\/wp-json\/wp\/v2\/types\/product"}],"replies":[{"embeddable":true,"href":"https:\/\/deliangdisplay.com\/es\/wp-json\/wp\/v2\/comments?post=42770"}],"wp:featuredmedia":[{"embeddable":true,"href":"https:\/\/deliangdisplay.com\/es\/wp-json\/wp\/v2\/media\/42775"}],"wp:attachment":[{"href":"https:\/\/deliangdisplay.com\/es\/wp-json\/wp\/v2\/media?parent=42770"}],"wp:term":[{"taxonomy":"product_brand","embeddable":true,"href":"https:\/\/deliangdisplay.com\/es\/wp-json\/wp\/v2\/product_brand?post=42770"},{"taxonomy":"product_cat","embeddable":true,"href":"https:\/\/deliangdisplay.com\/es\/wp-json\/wp\/v2\/product_cat?post=42770"},{"taxonomy":"product_tag","embeddable":true,"href":"https:\/\/deliangdisplay.com\/es\/wp-json\/wp\/v2\/product_tag?post=42770"}],"curies":[{"name":"wp","href":"https:\/\/api.w.org\/{rel}","templated":true}]}}