{"id":42676,"date":"2025-08-20T15:40:19","date_gmt":"2025-08-20T07:40:19","guid":{"rendered":"https:\/\/deliangdisplay.com\/?post_type=product&#038;p=42676"},"modified":"2025-10-11T17:35:26","modified_gmt":"2025-10-11T09:35:26","slug":"de-liang-joyeria-de-lujo-caja-de-exhibicionjoyeria-organizador-bandejasl-organizador-caso-de-almacenamiento-de-visualizacion-para-los-anillos-pendientes-collar-pulserapu-microfibra-de-cuero-dl2557","status":"publish","type":"product","link":"https:\/\/deliangdisplay.com\/es\/nuestro-producto\/envasado\/embalaje-para-organizacion-de-joyas\/de-liang-joyeria-de-lujo-caja-de-exhibicionjoyeria-organizador-bandejasl-organizador-caso-de-almacenamiento-de-visualizacion-para-los-anillos-pendientes-collar-pulserapu-microfibra-de-cuero-dl2557\/","title":{"rendered":"DE-LIANG Joyer\u00eda de Lujo Caja de Exhibici\u00f3n, Organizador de Joyer\u00eda Bandejas Organizador Display Caja de Almacenamiento para Anillos Pendientes Collar Pulsera, PU de cuero y microfibra DL2557"},"content":{"rendered":"<h2>Organizaci\u00f3n elegante y sencilla de joyas<\/h2>\n<p>Transforme su colecci\u00f3n de joyas con el expositor de joyas de lujo DE-LIANG, donde la sofisticaci\u00f3n se une a la funcionalidad. Este organizador premium est\u00e1 meticulosamente dise\u00f1ado para mostrar y proteger sus preciosos accesorios con el cuidado que se merecen.<\/p>\n<h3>Materiales y construcci\u00f3n de primera calidad<\/h3>\n<ul>\n<li><strong>Lujoso exterior de cuero PU:<\/strong> Acabado duradero y elegante que complementa cualquier tocador o c\u00f3moda<\/li>\n<li><strong>Interior de suave microfibra:<\/strong> El suave forro evita ara\u00f1azos y deslustres<\/li>\n<li><strong>Compartimentos de precisi\u00f3n:<\/strong> Secciones cuidadosamente dise\u00f1adas para anillos, pendientes, collares y pulseras<\/li>\n<\/ul>\n<h3>Perfecto para cualquier estilo de vida<\/h3>\n<p>Tanto si est\u00e1 organizando sus imprescindibles diarios en casa como si viaja con sus piezas favoritas, este joyero compacto pero espacioso se adapta a sus necesidades. Su cierre seguro y su dise\u00f1o port\u00e1til lo hacen ideal tanto para guardarlo como para viajar.<\/p>\n<h3>Lo que lo hace especial<\/h3>\n<ul>\n<li>Compartimentos de varios tama\u00f1os para distintos tipos de joyas<\/li>\n<li>Su tama\u00f1o compacto maximiza el almacenamiento sin desordenar el espacio<\/li>\n<li>Calidad de exposici\u00f3n profesional adecuada para el comercio minorista o el uso personal<\/li>\n<li>Las superficies f\u00e1ciles de limpiar mantienen un aspecto impecable<\/li>\n<\/ul>\n<p><strong>Dimensiones:<\/strong> Tama\u00f1o perfecto para una colocaci\u00f3n vers\u00e1til y portabilidad<br \/>\n<strong>Peso:<\/strong> 2kg - calidad sustancial sin ser engorroso<\/p>\n<p>D\u00e9 a sus joyas el hermoso hogar que se merecen. Pida su joyero de lujo DE-LIANG hoy y experimente la mezcla perfecta de elegancia y organizaci\u00f3n.<\/p>","protected":false},"excerpt":{"rendered":"<p>Caja organizadora de joyas DE-LIANG de primera calidad con exterior de cuero PU e interior de microfibra. Soluci\u00f3n de almacenamiento perfecta para anillos, pendientes, collares y pulseras. Elegante vitrina para uso dom\u00e9stico o de viaje.<\/p>","protected":false},"featured_media":42677,"comment_status":"open","ping_status":"closed","template":"","meta":{"_acf_changed":false},"product_brand":[],"product_cat":[73],"product_tag":[],"class_list":{"0":"post-42676","1":"product","2":"type-product","3":"status-publish","4":"has-post-thumbnail","6":"product_cat-jewelry-organization-packaging","8":"first","9":"instock","10":"shipping-taxable","11":"purchasable","12":"product-type-simple"},"acf":[],"yoast_head":"<!-- This site is optimized with the Yoast SEO plugin v27.4 - https:\/\/yoast.com\/product\/yoast-seo-wordpress\/ -->\n<title>DE-LIANG Luxury Jewelry Display Box,Jewelry Organizer Traysl Organizer Display Storage Case for Rings Earring Necklace Bracelet,PU Leather &amp; Microfiber DL2557 - DE-LIANG - jewelry,clothes,watch,beauty cosmetics<\/title>\n<meta name=\"robots\" content=\"index, follow, max-snippet:-1, max-image-preview:large, max-video-preview:-1\" \/>\n<link rel=\"canonical\" href=\"https:\/\/deliangdisplay.com\/es\/nuestro-producto\/envasado\/embalaje-para-organizacion-de-joyas\/de-liang-joyeria-de-lujo-caja-de-exhibicionjoyeria-organizador-bandejasl-organizador-caso-de-almacenamiento-de-visualizacion-para-los-anillos-pendientes-collar-pulserapu-microfibra-de-cuero-dl2557\/\" \/>\n<meta property=\"og:locale\" content=\"es_ES\" \/>\n<meta property=\"og:type\" content=\"article\" \/>\n<meta property=\"og:title\" content=\"DE-LIANG Luxury Jewelry Display Box,Jewelry Organizer Traysl Organizer Display Storage Case for Rings Earring Necklace Bracelet,PU Leather &amp; Microfiber DL2557 - DE-LIANG - jewelry,clothes,watch,beauty cosmetics\" \/>\n<meta property=\"og:description\" content=\"Premium DE-LIANG jewelry organizer box with PU leather exterior and microfiber interior. Perfect storage solution for rings, earrings, necklaces, and bracelets. Elegant display case for home or travel use.\" \/>\n<meta property=\"og:url\" content=\"https:\/\/deliangdisplay.com\/es\/nuestro-producto\/envasado\/embalaje-para-organizacion-de-joyas\/de-liang-joyeria-de-lujo-caja-de-exhibicionjoyeria-organizador-bandejasl-organizador-caso-de-almacenamiento-de-visualizacion-para-los-anillos-pendientes-collar-pulserapu-microfibra-de-cuero-dl2557\/\" \/>\n<meta property=\"og:site_name\" content=\"DE-LIANG - jewelry,clothes,watch,beauty cosmetics\" \/>\n<meta property=\"article:publisher\" content=\"https:\/\/www.facebook.com\/JaneZhang008\/\" \/>\n<meta property=\"article:modified_time\" content=\"2025-10-11T09:35:26+00:00\" \/>\n<meta property=\"og:image\" content=\"https:\/\/deliangdisplay.com\/wp-content\/uploads\/2025\/08\/1_693719fe-e717-4a7b-b60e-ccfd47e1c8bc.webp\" \/>\n\t<meta property=\"og:image:width\" content=\"1000\" \/>\n\t<meta property=\"og:image:height\" content=\"1000\" \/>\n\t<meta property=\"og:image:type\" content=\"image\/webp\" \/>\n<meta name=\"twitter:card\" content=\"summary_large_image\" \/>\n<meta name=\"twitter:site\" content=\"@ly673551729\" \/>\n<meta name=\"twitter:label1\" content=\"Tiempo de lectura\" \/>\n\t<meta name=\"twitter:data1\" content=\"2 minutos\" \/>\n<script type=\"application\/ld+json\" class=\"yoast-schema-graph\">{\"@context\":\"https:\\\/\\\/schema.org\",\"@graph\":[{\"@type\":\"WebPage\",\"@id\":\"https:\\\/\\\/deliangdisplay.com\\\/our-product\\\/packaging\\\/jewelry-organization-packaging\\\/de-liang-luxury-jewelry-display-boxjewelry-organizer-traysl-organizer-display-storage-case-for-rings-earring-necklace-braceletpu-leather-microfiber-dl2557\\\/\",\"url\":\"https:\\\/\\\/deliangdisplay.com\\\/our-product\\\/packaging\\\/jewelry-organization-packaging\\\/de-liang-luxury-jewelry-display-boxjewelry-organizer-traysl-organizer-display-storage-case-for-rings-earring-necklace-braceletpu-leather-microfiber-dl2557\\\/\",\"name\":\"DE-LIANG Luxury Jewelry Display Box,Jewelry Organizer Traysl Organizer Display Storage Case for Rings Earring Necklace Bracelet,PU Leather & Microfiber DL2557 - DE-LIANG - jewelry,clothes,watch,beauty cosmetics\",\"isPartOf\":{\"@id\":\"https:\\\/\\\/deliangdisplay.com\\\/#website\"},\"primaryImageOfPage\":{\"@id\":\"https:\\\/\\\/deliangdisplay.com\\\/our-product\\\/packaging\\\/jewelry-organization-packaging\\\/de-liang-luxury-jewelry-display-boxjewelry-organizer-traysl-organizer-display-storage-case-for-rings-earring-necklace-braceletpu-leather-microfiber-dl2557\\\/#primaryimage\"},\"image\":{\"@id\":\"https:\\\/\\\/deliangdisplay.com\\\/our-product\\\/packaging\\\/jewelry-organization-packaging\\\/de-liang-luxury-jewelry-display-boxjewelry-organizer-traysl-organizer-display-storage-case-for-rings-earring-necklace-braceletpu-leather-microfiber-dl2557\\\/#primaryimage\"},\"thumbnailUrl\":\"https:\\\/\\\/deliangdisplay.com\\\/wp-content\\\/uploads\\\/2025\\\/08\\\/1_693719fe-e717-4a7b-b60e-ccfd47e1c8bc.webp\",\"datePublished\":\"2025-08-20T07:40:19+00:00\",\"dateModified\":\"2025-10-11T09:35:26+00:00\",\"breadcrumb\":{\"@id\":\"https:\\\/\\\/deliangdisplay.com\\\/our-product\\\/packaging\\\/jewelry-organization-packaging\\\/de-liang-luxury-jewelry-display-boxjewelry-organizer-traysl-organizer-display-storage-case-for-rings-earring-necklace-braceletpu-leather-microfiber-dl2557\\\/#breadcrumb\"},\"inLanguage\":\"es\",\"potentialAction\":[{\"@type\":\"ReadAction\",\"target\":[\"https:\\\/\\\/deliangdisplay.com\\\/our-product\\\/packaging\\\/jewelry-organization-packaging\\\/de-liang-luxury-jewelry-display-boxjewelry-organizer-traysl-organizer-display-storage-case-for-rings-earring-necklace-braceletpu-leather-microfiber-dl2557\\\/\"]}]},{\"@type\":\"ImageObject\",\"inLanguage\":\"es\",\"@id\":\"https:\\\/\\\/deliangdisplay.com\\\/our-product\\\/packaging\\\/jewelry-organization-packaging\\\/de-liang-luxury-jewelry-display-boxjewelry-organizer-traysl-organizer-display-storage-case-for-rings-earring-necklace-braceletpu-leather-microfiber-dl2557\\\/#primaryimage\",\"url\":\"https:\\\/\\\/deliangdisplay.com\\\/wp-content\\\/uploads\\\/2025\\\/08\\\/1_693719fe-e717-4a7b-b60e-ccfd47e1c8bc.webp\",\"contentUrl\":\"https:\\\/\\\/deliangdisplay.com\\\/wp-content\\\/uploads\\\/2025\\\/08\\\/1_693719fe-e717-4a7b-b60e-ccfd47e1c8bc.webp\",\"width\":1000,\"height\":1000},{\"@type\":\"BreadcrumbList\",\"@id\":\"https:\\\/\\\/deliangdisplay.com\\\/our-product\\\/packaging\\\/jewelry-organization-packaging\\\/de-liang-luxury-jewelry-display-boxjewelry-organizer-traysl-organizer-display-storage-case-for-rings-earring-necklace-braceletpu-leather-microfiber-dl2557\\\/#breadcrumb\",\"itemListElement\":[{\"@type\":\"ListItem\",\"position\":1,\"name\":\"\u9996\u9875\",\"item\":\"https:\\\/\\\/deliangdisplay.com\\\/\"},{\"@type\":\"ListItem\",\"position\":2,\"name\":\"Our Product\",\"item\":\"https:\\\/\\\/deliangdisplay.com\\\/our-product\\\/\"},{\"@type\":\"ListItem\",\"position\":3,\"name\":\"DE-LIANG Luxury Jewelry Display Box,Jewelry Organizer Traysl Organizer Display Storage Case for Rings Earring Necklace Bracelet,PU Leather &#038; Microfiber DL2557\"}]},{\"@type\":\"WebSite\",\"@id\":\"https:\\\/\\\/deliangdisplay.com\\\/#website\",\"url\":\"https:\\\/\\\/deliangdisplay.com\\\/\",\"name\":\"deliangdisplay.com\",\"description\":\"DE-LIANG - Providing bespoke packaging solutions and luxurious display design services for brands in jewelry, apparel, watches, beauty cosmetics, and more.\",\"publisher\":{\"@id\":\"https:\\\/\\\/deliangdisplay.com\\\/#organization\"},\"potentialAction\":[{\"@type\":\"SearchAction\",\"target\":{\"@type\":\"EntryPoint\",\"urlTemplate\":\"https:\\\/\\\/deliangdisplay.com\\\/?s={search_term_string}\"},\"query-input\":{\"@type\":\"PropertyValueSpecification\",\"valueRequired\":true,\"valueName\":\"search_term_string\"}}],\"inLanguage\":\"es\"},{\"@type\":\"Organization\",\"@id\":\"https:\\\/\\\/deliangdisplay.com\\\/#organization\",\"name\":\"deliangdisplay.com\",\"url\":\"https:\\\/\\\/deliangdisplay.com\\\/\",\"logo\":{\"@type\":\"ImageObject\",\"inLanguage\":\"es\",\"@id\":\"https:\\\/\\\/deliangdisplay.com\\\/#\\\/schema\\\/logo\\\/image\\\/\",\"url\":\"https:\\\/\\\/deliangdisplay.com\\\/wp-content\\\/uploads\\\/2025\\\/08\\\/DELIANGDISPALY_logo.png\",\"contentUrl\":\"https:\\\/\\\/deliangdisplay.com\\\/wp-content\\\/uploads\\\/2025\\\/08\\\/DELIANGDISPALY_logo.png\",\"width\":300,\"height\":130,\"caption\":\"deliangdisplay.com\"},\"image\":{\"@id\":\"https:\\\/\\\/deliangdisplay.com\\\/#\\\/schema\\\/logo\\\/image\\\/\"},\"sameAs\":[\"https:\\\/\\\/www.facebook.com\\\/JaneZhang008\\\/\",\"https:\\\/\\\/x.com\\\/ly673551729\"]}]}<\/script>\n<!-- \/ Yoast SEO plugin. -->","yoast_head_json":{"title":"DE-LIANG Joyer\u00eda de lujo caja de exhibici\u00f3n, joyer\u00eda organizador de bandejas organizador de almacenamiento para anillos pendientes collar pulsera, cuero PU y microfibra DL2557 - DE-LIANG - joyer\u00eda, ropa, reloj, cosm\u00e9ticos de belleza","robots":{"index":"index","follow":"follow","max-snippet":"max-snippet:-1","max-image-preview":"max-image-preview:large","max-video-preview":"max-video-preview:-1"},"canonical":"https:\/\/deliangdisplay.com\/es\/nuestro-producto\/envasado\/embalaje-para-organizacion-de-joyas\/de-liang-joyeria-de-lujo-caja-de-exhibicionjoyeria-organizador-bandejasl-organizador-caso-de-almacenamiento-de-visualizacion-para-los-anillos-pendientes-collar-pulserapu-microfibra-de-cuero-dl2557\/","og_locale":"es_ES","og_type":"article","og_title":"DE-LIANG Luxury Jewelry Display Box,Jewelry Organizer Traysl Organizer Display Storage Case for Rings Earring Necklace Bracelet,PU Leather & Microfiber DL2557 - DE-LIANG - jewelry,clothes,watch,beauty cosmetics","og_description":"Premium DE-LIANG jewelry organizer box with PU leather exterior and microfiber interior. Perfect storage solution for rings, earrings, necklaces, and bracelets. Elegant display case for home or travel use.","og_url":"https:\/\/deliangdisplay.com\/es\/nuestro-producto\/envasado\/embalaje-para-organizacion-de-joyas\/de-liang-joyeria-de-lujo-caja-de-exhibicionjoyeria-organizador-bandejasl-organizador-caso-de-almacenamiento-de-visualizacion-para-los-anillos-pendientes-collar-pulserapu-microfibra-de-cuero-dl2557\/","og_site_name":"DE-LIANG - jewelry,clothes,watch,beauty cosmetics","article_publisher":"https:\/\/www.facebook.com\/JaneZhang008\/","article_modified_time":"2025-10-11T09:35:26+00:00","og_image":[{"width":1000,"height":1000,"url":"https:\/\/deliangdisplay.com\/wp-content\/uploads\/2025\/08\/1_693719fe-e717-4a7b-b60e-ccfd47e1c8bc.webp","type":"image\/webp"}],"twitter_card":"summary_large_image","twitter_site":"@ly673551729","twitter_misc":{"Tiempo de lectura":"2 minutos"},"schema":{"@context":"https:\/\/schema.org","@graph":[{"@type":"WebPage","@id":"https:\/\/deliangdisplay.com\/our-product\/packaging\/jewelry-organization-packaging\/de-liang-luxury-jewelry-display-boxjewelry-organizer-traysl-organizer-display-storage-case-for-rings-earring-necklace-braceletpu-leather-microfiber-dl2557\/","url":"https:\/\/deliangdisplay.com\/our-product\/packaging\/jewelry-organization-packaging\/de-liang-luxury-jewelry-display-boxjewelry-organizer-traysl-organizer-display-storage-case-for-rings-earring-necklace-braceletpu-leather-microfiber-dl2557\/","name":"DE-LIANG Joyer\u00eda de lujo caja de exhibici\u00f3n, joyer\u00eda organizador de bandejas organizador de almacenamiento para anillos pendientes collar pulsera, cuero PU y microfibra DL2557 - DE-LIANG - joyer\u00eda, ropa, reloj, cosm\u00e9ticos de belleza","isPartOf":{"@id":"https:\/\/deliangdisplay.com\/#website"},"primaryImageOfPage":{"@id":"https:\/\/deliangdisplay.com\/our-product\/packaging\/jewelry-organization-packaging\/de-liang-luxury-jewelry-display-boxjewelry-organizer-traysl-organizer-display-storage-case-for-rings-earring-necklace-braceletpu-leather-microfiber-dl2557\/#primaryimage"},"image":{"@id":"https:\/\/deliangdisplay.com\/our-product\/packaging\/jewelry-organization-packaging\/de-liang-luxury-jewelry-display-boxjewelry-organizer-traysl-organizer-display-storage-case-for-rings-earring-necklace-braceletpu-leather-microfiber-dl2557\/#primaryimage"},"thumbnailUrl":"https:\/\/deliangdisplay.com\/wp-content\/uploads\/2025\/08\/1_693719fe-e717-4a7b-b60e-ccfd47e1c8bc.webp","datePublished":"2025-08-20T07:40:19+00:00","dateModified":"2025-10-11T09:35:26+00:00","breadcrumb":{"@id":"https:\/\/deliangdisplay.com\/our-product\/packaging\/jewelry-organization-packaging\/de-liang-luxury-jewelry-display-boxjewelry-organizer-traysl-organizer-display-storage-case-for-rings-earring-necklace-braceletpu-leather-microfiber-dl2557\/#breadcrumb"},"inLanguage":"es","potentialAction":[{"@type":"ReadAction","target":["https:\/\/deliangdisplay.com\/our-product\/packaging\/jewelry-organization-packaging\/de-liang-luxury-jewelry-display-boxjewelry-organizer-traysl-organizer-display-storage-case-for-rings-earring-necklace-braceletpu-leather-microfiber-dl2557\/"]}]},{"@type":"ImageObject","inLanguage":"es","@id":"https:\/\/deliangdisplay.com\/our-product\/packaging\/jewelry-organization-packaging\/de-liang-luxury-jewelry-display-boxjewelry-organizer-traysl-organizer-display-storage-case-for-rings-earring-necklace-braceletpu-leather-microfiber-dl2557\/#primaryimage","url":"https:\/\/deliangdisplay.com\/wp-content\/uploads\/2025\/08\/1_693719fe-e717-4a7b-b60e-ccfd47e1c8bc.webp","contentUrl":"https:\/\/deliangdisplay.com\/wp-content\/uploads\/2025\/08\/1_693719fe-e717-4a7b-b60e-ccfd47e1c8bc.webp","width":1000,"height":1000},{"@type":"BreadcrumbList","@id":"https:\/\/deliangdisplay.com\/our-product\/packaging\/jewelry-organization-packaging\/de-liang-luxury-jewelry-display-boxjewelry-organizer-traysl-organizer-display-storage-case-for-rings-earring-necklace-braceletpu-leather-microfiber-dl2557\/#breadcrumb","itemListElement":[{"@type":"ListItem","position":1,"name":"\u9996\u9875","item":"https:\/\/deliangdisplay.com\/"},{"@type":"ListItem","position":2,"name":"Our Product","item":"https:\/\/deliangdisplay.com\/our-product\/"},{"@type":"ListItem","position":3,"name":"DE-LIANG Luxury Jewelry Display Box,Jewelry Organizer Traysl Organizer Display Storage Case for Rings Earring Necklace Bracelet,PU Leather &#038; Microfiber DL2557"}]},{"@type":"WebSite","@id":"https:\/\/deliangdisplay.com\/#website","url":"https:\/\/deliangdisplay.com\/","name":"deliangdisplay.com","description":"DE-LIANG - Proporciona soluciones de envasado a medida y servicios de dise\u00f1o de expositores de lujo para marcas de joyer\u00eda, ropa, relojes, cosm\u00e9ticos de belleza, etc.","publisher":{"@id":"https:\/\/deliangdisplay.com\/#organization"},"potentialAction":[{"@type":"SearchAction","target":{"@type":"EntryPoint","urlTemplate":"https:\/\/deliangdisplay.com\/?s={search_term_string}"},"query-input":{"@type":"PropertyValueSpecification","valueRequired":true,"valueName":"search_term_string"}}],"inLanguage":"es"},{"@type":"Organization","@id":"https:\/\/deliangdisplay.com\/#organization","name":"deliangdisplay.com","url":"https:\/\/deliangdisplay.com\/","logo":{"@type":"ImageObject","inLanguage":"es","@id":"https:\/\/deliangdisplay.com\/#\/schema\/logo\/image\/","url":"https:\/\/deliangdisplay.com\/wp-content\/uploads\/2025\/08\/DELIANGDISPALY_logo.png","contentUrl":"https:\/\/deliangdisplay.com\/wp-content\/uploads\/2025\/08\/DELIANGDISPALY_logo.png","width":300,"height":130,"caption":"deliangdisplay.com"},"image":{"@id":"https:\/\/deliangdisplay.com\/#\/schema\/logo\/image\/"},"sameAs":["https:\/\/www.facebook.com\/JaneZhang008\/","https:\/\/x.com\/ly673551729"]}]}},"_links":{"self":[{"href":"https:\/\/deliangdisplay.com\/es\/wp-json\/wp\/v2\/product\/42676","targetHints":{"allow":["GET"]}}],"collection":[{"href":"https:\/\/deliangdisplay.com\/es\/wp-json\/wp\/v2\/product"}],"about":[{"href":"https:\/\/deliangdisplay.com\/es\/wp-json\/wp\/v2\/types\/product"}],"replies":[{"embeddable":true,"href":"https:\/\/deliangdisplay.com\/es\/wp-json\/wp\/v2\/comments?post=42676"}],"wp:featuredmedia":[{"embeddable":true,"href":"https:\/\/deliangdisplay.com\/es\/wp-json\/wp\/v2\/media\/42677"}],"wp:attachment":[{"href":"https:\/\/deliangdisplay.com\/es\/wp-json\/wp\/v2\/media?parent=42676"}],"wp:term":[{"taxonomy":"product_brand","embeddable":true,"href":"https:\/\/deliangdisplay.com\/es\/wp-json\/wp\/v2\/product_brand?post=42676"},{"taxonomy":"product_cat","embeddable":true,"href":"https:\/\/deliangdisplay.com\/es\/wp-json\/wp\/v2\/product_cat?post=42676"},{"taxonomy":"product_tag","embeddable":true,"href":"https:\/\/deliangdisplay.com\/es\/wp-json\/wp\/v2\/product_tag?post=42676"}],"curies":[{"name":"wp","href":"https:\/\/api.w.org\/{rel}","templated":true}]}}