{"id":42615,"date":"2025-08-20T15:23:55","date_gmt":"2025-08-20T07:23:55","guid":{"rendered":"https:\/\/deliangdisplay.com\/?post_type=product&#038;p=42615"},"modified":"2025-08-20T15:24:58","modified_gmt":"2025-08-20T07:24:58","slug":"de-liang-maniqui-medio-cuerpo-torso-de-mujermodelo-regulable-en-alturamaniqui-de-fibra-de-vidrio-para-escaparatespropsadult-women-torso-dress-form-for-clothes","status":"publish","type":"product","link":"https:\/\/deliangdisplay.com\/es\/nuestro-producto\/muestra\/maniquies-para-minoristas\/de-liang-maniqui-medio-cuerpo-torso-de-mujermodelo-regulable-en-alturamaniqui-de-fibra-de-vidrio-para-escaparatespropsadult-women-torso-dress-form-for-clothes\/","title":{"rendered":"DE-LIANG medio cuerpo maniqu\u00ed torso de mujer, modelo de altura ajustable, la tela de fibra de vidrio maniqu\u00ed escaparate apoyos, las mujeres adultas torso forma de vestir para la ropa"},"content":{"rendered":"<p>Esta es la Mujer Adulto Terciopelo Tela Cubierta Medio cuerpo maniqu\u00ed de exhibici\u00f3n con base de metal para el uso de exhibici\u00f3n de prendas de vestir ventana. Usted puede utilizarlo para su sombrero, pa\u00f1o de lujo, gorra, bufandas, diadema, pantal\u00f3n, soporte de exhibici\u00f3n del pantal\u00f3n.<br \/>\nLos brazos de madera son desmontables.<\/p>\n<p>Detalles del producto:<\/p>\n<p>\ud83d\udc49 Talla: Altura del cuerpo:95 cm(37,4 pulgadas)\/Ancho de hombros: 38 cm(15 pulgadas)\/Pecho: 85 cm(33,5 pulgadas)\/Cintura:67 cm(26,4 pulgadas)\/Cadera: 87 cm(34,3 pulgadas)\/Altura :150-220 cm(59-86,6 pulgadas).<br \/>\n\ud83d\udc49Estilo:<\/p>\n<p>Estilo A: Cuerpo beige+Brazos de madera+Base de metal plateado + Cabezal de terciopelo beige<br \/>\nEstilo B: Cuerpo beige+Brazos de madera+Base de metal negra + Cabezal de terciopelo beige<\/p>\n<p>Estilo C: Cuerpo negro+Cabezal plateado+Brazos de madera+Base cuadrada de metal negro<br \/>\nEstilo D: Cuerpo negro++Cabeza electrochapada en plata+Brazos de madera+Base met\u00e1lica triangular negra<\/p>\n<p>Estilo C: Cuerpo Gris+Brazos de Madera+Base Cuadrada de Metal Negra + Cabezal de Terciopelo Gris<br \/>\nEstilo D: Cuerpo gris+Brazos de madera+Base met\u00e1lica triangular negra + Cabezal de terciopelo gris<\/p>\n<p>\ud83d\udc49 Color: Beige para tejido de terciopelo o Negro para tejido de terciopelo o Gris para tejido de terciopelo.<br \/>\nEl color base es plata o negro<br \/>\n\ud83d\udc49 Materiales:<\/p>\n<p>1.Tejido: tela de terciopelo de primera calidad, atm\u00f3sfera de alto grado<\/p>\n<p>2.Destacado dise\u00f1o de cuello largo de alta calidad, coexisten la sencillez y la practicidad, las l\u00edneas son limpias, naturales y elegantes<\/p>\n<p>3.Brazo: Brazos de madera natural con aceite mate<\/p>\n<p>4.Base: Base met\u00e1lica cuadrada\/Base met\u00e1lica triangular<\/p>\n<p>5.Los detalles son los adecuados para mostrar la gran marca y de alta calidad, dise\u00f1o de la pierna dividida, brazos flexibles y bien envuelto<\/p>\n<p>\ud83d\udc4dEste maniqu\u00ed de medio cuerpo de mujer con base de metal es nuestro nuevo producto muy de moda, tela de terciopelo de primera calidad, ambiente de alto grado.<\/p>\n<p>\ud83d\udc4dPuede utilizarlo para exponer sus productos en un escaparate, en una tienda, en un mostrador, en una estanter\u00eda de exposici\u00f3n escalonada o en el suelo. Ideal para jerseys, camisetas, chaquetas, trajes, abrigos, blusas, vestidos, tops y accesorios.<\/p>\n<p>\ud83d\udc4dPeso ligero y f\u00e1cil de mover, es conveniente para usted para mover el maniqu\u00ed y adecuado para que usted coloque en cualquier lugar que lo necesite.<\/p>\n<p>\ud83d\udc4dLa base de metal es lo suficientemente duradera como para servir m\u00e1s tiempo y apoyar con fuerza todo el maniqu\u00ed.<\/p>\n<p>\ud83d\udc4dGorgeous apariencia y el partido hermoso abrigo, sin duda puede atraer a una gran cantidad de clientes para la tienda.<\/p>\n<p>CANADA tendr\u00e1 tasa de impuestos, alrededor de 20USD, si usted no est\u00e1 dispuesto a pagar la tasa de impuestos, pls no hacer el pedido, ya que si se rechaza el paquete y enviar de vuelta por DHL, que la p\u00e9rdida de un mont\u00f3n de dinero, tks.<\/p>\n<p>\u00a1\u00a1\u00a1Importante!!!<\/p>\n<p>Pol\u00edtica de devoluciones: el producto se env\u00eda desde China y es nuestro precio m\u00e1s bajo para tienda nueva, si no hay problema de calidad, no podemos aceptar la devoluci\u00f3n, ya que el flete de entrega es demasiado caro.(tenga cuidado).<\/p>","protected":false},"excerpt":{"rendered":"<p>Esta es la Mujer Adulto Terciopelo Tela Cubierta Medio cuerpo maniqu\u00ed de exhibici\u00f3n con base de metal para el uso de exhibici\u00f3n de prendas de vestir ventana. Usted puede utilizarlo para su sombrero, pa\u00f1o de lujo, gorra, bufandas, diadema, pantal\u00f3n, soporte de exhibici\u00f3n del pantal\u00f3n.<br \/>\nLos brazos de madera son desmontables.<\/p>","protected":false},"featured_media":42617,"comment_status":"open","ping_status":"closed","template":"","meta":{"_acf_changed":false},"product_brand":[],"product_cat":[51],"product_tag":[],"class_list":{"0":"post-42615","1":"product","2":"type-product","3":"status-publish","4":"has-post-thumbnail","6":"product_cat-retail-mannequins","8":"first","9":"instock","10":"shipping-taxable","11":"purchasable","12":"product-type-simple"},"acf":[],"yoast_head":"<!-- This site is optimized with the Yoast SEO plugin v27.4 - https:\/\/yoast.com\/product\/yoast-seo-wordpress\/ -->\n<title>DE-LIANG half body mannequin female torso,adjustable height model,fabric fiberglass mannequin window display props,adult women torso dress form for clothes - DE-LIANG - jewelry,clothes,watch,beauty cosmetics<\/title>\n<meta name=\"robots\" content=\"index, follow, max-snippet:-1, max-image-preview:large, max-video-preview:-1\" \/>\n<link rel=\"canonical\" href=\"https:\/\/deliangdisplay.com\/es\/nuestro-producto\/muestra\/maniquies-para-minoristas\/de-liang-maniqui-medio-cuerpo-torso-de-mujermodelo-regulable-en-alturamaniqui-de-fibra-de-vidrio-para-escaparatespropsadult-women-torso-dress-form-for-clothes\/\" \/>\n<meta property=\"og:locale\" content=\"es_ES\" \/>\n<meta property=\"og:type\" content=\"article\" \/>\n<meta property=\"og:title\" content=\"DE-LIANG half body mannequin female torso,adjustable height model,fabric fiberglass mannequin window display props,adult women torso dress form for clothes - DE-LIANG - jewelry,clothes,watch,beauty cosmetics\" \/>\n<meta property=\"og:description\" content=\"This is Adult Female\u00a0Velvet Fabric Cover Half body display mannequin with metal base for window\u00a0garment display usage. You can use it for your hat, luxury cloth,cap, scarves,headband,pant,trouser display stand. The wooden arms can detachable.\" \/>\n<meta property=\"og:url\" content=\"https:\/\/deliangdisplay.com\/es\/nuestro-producto\/muestra\/maniquies-para-minoristas\/de-liang-maniqui-medio-cuerpo-torso-de-mujermodelo-regulable-en-alturamaniqui-de-fibra-de-vidrio-para-escaparatespropsadult-women-torso-dress-form-for-clothes\/\" \/>\n<meta property=\"og:site_name\" content=\"DE-LIANG - jewelry,clothes,watch,beauty cosmetics\" \/>\n<meta property=\"article:publisher\" content=\"https:\/\/www.facebook.com\/JaneZhang008\/\" \/>\n<meta property=\"article:modified_time\" content=\"2025-08-20T07:24:58+00:00\" \/>\n<meta property=\"og:image\" content=\"https:\/\/deliangdisplay.com\/wp-content\/uploads\/2025\/08\/14_ba74a2d1-f422-4689-a2c5-6b1e5f2e406e.jpg\" \/>\n\t<meta property=\"og:image:width\" content=\"1000\" \/>\n\t<meta property=\"og:image:height\" content=\"1000\" \/>\n\t<meta property=\"og:image:type\" content=\"image\/jpeg\" \/>\n<meta name=\"twitter:card\" content=\"summary_large_image\" \/>\n<meta name=\"twitter:site\" content=\"@ly673551729\" \/>\n<meta name=\"twitter:label1\" content=\"Tiempo de lectura\" \/>\n\t<meta name=\"twitter:data1\" content=\"2 minutos\" \/>\n<script type=\"application\/ld+json\" class=\"yoast-schema-graph\">{\"@context\":\"https:\\\/\\\/schema.org\",\"@graph\":[{\"@type\":\"WebPage\",\"@id\":\"https:\\\/\\\/deliangdisplay.com\\\/our-product\\\/displays\\\/retail-mannequins\\\/de-liang-half-body-mannequin-female-torsoadjustable-height-modelfabric-fiberglass-mannequin-window-display-propsadult-women-torso-dress-form-for-clothes\\\/\",\"url\":\"https:\\\/\\\/deliangdisplay.com\\\/our-product\\\/displays\\\/retail-mannequins\\\/de-liang-half-body-mannequin-female-torsoadjustable-height-modelfabric-fiberglass-mannequin-window-display-propsadult-women-torso-dress-form-for-clothes\\\/\",\"name\":\"DE-LIANG half body mannequin female torso,adjustable height model,fabric fiberglass mannequin window display props,adult women torso dress form for clothes - DE-LIANG - jewelry,clothes,watch,beauty cosmetics\",\"isPartOf\":{\"@id\":\"https:\\\/\\\/deliangdisplay.com\\\/#website\"},\"primaryImageOfPage\":{\"@id\":\"https:\\\/\\\/deliangdisplay.com\\\/our-product\\\/displays\\\/retail-mannequins\\\/de-liang-half-body-mannequin-female-torsoadjustable-height-modelfabric-fiberglass-mannequin-window-display-propsadult-women-torso-dress-form-for-clothes\\\/#primaryimage\"},\"image\":{\"@id\":\"https:\\\/\\\/deliangdisplay.com\\\/our-product\\\/displays\\\/retail-mannequins\\\/de-liang-half-body-mannequin-female-torsoadjustable-height-modelfabric-fiberglass-mannequin-window-display-propsadult-women-torso-dress-form-for-clothes\\\/#primaryimage\"},\"thumbnailUrl\":\"https:\\\/\\\/deliangdisplay.com\\\/wp-content\\\/uploads\\\/2025\\\/08\\\/14_ba74a2d1-f422-4689-a2c5-6b1e5f2e406e.jpg\",\"datePublished\":\"2025-08-20T07:23:55+00:00\",\"dateModified\":\"2025-08-20T07:24:58+00:00\",\"breadcrumb\":{\"@id\":\"https:\\\/\\\/deliangdisplay.com\\\/our-product\\\/displays\\\/retail-mannequins\\\/de-liang-half-body-mannequin-female-torsoadjustable-height-modelfabric-fiberglass-mannequin-window-display-propsadult-women-torso-dress-form-for-clothes\\\/#breadcrumb\"},\"inLanguage\":\"es\",\"potentialAction\":[{\"@type\":\"ReadAction\",\"target\":[\"https:\\\/\\\/deliangdisplay.com\\\/our-product\\\/displays\\\/retail-mannequins\\\/de-liang-half-body-mannequin-female-torsoadjustable-height-modelfabric-fiberglass-mannequin-window-display-propsadult-women-torso-dress-form-for-clothes\\\/\"]}]},{\"@type\":\"ImageObject\",\"inLanguage\":\"es\",\"@id\":\"https:\\\/\\\/deliangdisplay.com\\\/our-product\\\/displays\\\/retail-mannequins\\\/de-liang-half-body-mannequin-female-torsoadjustable-height-modelfabric-fiberglass-mannequin-window-display-propsadult-women-torso-dress-form-for-clothes\\\/#primaryimage\",\"url\":\"https:\\\/\\\/deliangdisplay.com\\\/wp-content\\\/uploads\\\/2025\\\/08\\\/14_ba74a2d1-f422-4689-a2c5-6b1e5f2e406e.jpg\",\"contentUrl\":\"https:\\\/\\\/deliangdisplay.com\\\/wp-content\\\/uploads\\\/2025\\\/08\\\/14_ba74a2d1-f422-4689-a2c5-6b1e5f2e406e.jpg\",\"width\":1000,\"height\":1000},{\"@type\":\"BreadcrumbList\",\"@id\":\"https:\\\/\\\/deliangdisplay.com\\\/our-product\\\/displays\\\/retail-mannequins\\\/de-liang-half-body-mannequin-female-torsoadjustable-height-modelfabric-fiberglass-mannequin-window-display-propsadult-women-torso-dress-form-for-clothes\\\/#breadcrumb\",\"itemListElement\":[{\"@type\":\"ListItem\",\"position\":1,\"name\":\"\u9996\u9875\",\"item\":\"https:\\\/\\\/deliangdisplay.com\\\/\"},{\"@type\":\"ListItem\",\"position\":2,\"name\":\"Our Product\",\"item\":\"https:\\\/\\\/deliangdisplay.com\\\/our-product\\\/\"},{\"@type\":\"ListItem\",\"position\":3,\"name\":\"DE-LIANG half body mannequin female torso,adjustable height model,fabric fiberglass mannequin window display props,adult women torso dress form for clothes\"}]},{\"@type\":\"WebSite\",\"@id\":\"https:\\\/\\\/deliangdisplay.com\\\/#website\",\"url\":\"https:\\\/\\\/deliangdisplay.com\\\/\",\"name\":\"deliangdisplay.com\",\"description\":\"DE-LIANG - Providing bespoke packaging solutions and luxurious display design services for brands in jewelry, apparel, watches, beauty cosmetics, and more.\",\"publisher\":{\"@id\":\"https:\\\/\\\/deliangdisplay.com\\\/#organization\"},\"potentialAction\":[{\"@type\":\"SearchAction\",\"target\":{\"@type\":\"EntryPoint\",\"urlTemplate\":\"https:\\\/\\\/deliangdisplay.com\\\/?s={search_term_string}\"},\"query-input\":{\"@type\":\"PropertyValueSpecification\",\"valueRequired\":true,\"valueName\":\"search_term_string\"}}],\"inLanguage\":\"es\"},{\"@type\":\"Organization\",\"@id\":\"https:\\\/\\\/deliangdisplay.com\\\/#organization\",\"name\":\"deliangdisplay.com\",\"url\":\"https:\\\/\\\/deliangdisplay.com\\\/\",\"logo\":{\"@type\":\"ImageObject\",\"inLanguage\":\"es\",\"@id\":\"https:\\\/\\\/deliangdisplay.com\\\/#\\\/schema\\\/logo\\\/image\\\/\",\"url\":\"https:\\\/\\\/deliangdisplay.com\\\/wp-content\\\/uploads\\\/2025\\\/08\\\/DELIANGDISPALY_logo.png\",\"contentUrl\":\"https:\\\/\\\/deliangdisplay.com\\\/wp-content\\\/uploads\\\/2025\\\/08\\\/DELIANGDISPALY_logo.png\",\"width\":300,\"height\":130,\"caption\":\"deliangdisplay.com\"},\"image\":{\"@id\":\"https:\\\/\\\/deliangdisplay.com\\\/#\\\/schema\\\/logo\\\/image\\\/\"},\"sameAs\":[\"https:\\\/\\\/www.facebook.com\\\/JaneZhang008\\\/\",\"https:\\\/\\\/x.com\\\/ly673551729\"]}]}<\/script>\n<!-- \/ Yoast SEO plugin. -->","yoast_head_json":{"title":"DE-LIANG medio cuerpo maniqu\u00ed torso femenino, modelo de altura ajustable, la tela de fibra de vidrio maniqu\u00ed escaparate apoyos, las mujeres adultas torso forma de vestir para la ropa - DE-LIANG - joyer\u00eda, ropa, reloj, cosm\u00e9ticos de belleza","robots":{"index":"index","follow":"follow","max-snippet":"max-snippet:-1","max-image-preview":"max-image-preview:large","max-video-preview":"max-video-preview:-1"},"canonical":"https:\/\/deliangdisplay.com\/es\/nuestro-producto\/muestra\/maniquies-para-minoristas\/de-liang-maniqui-medio-cuerpo-torso-de-mujermodelo-regulable-en-alturamaniqui-de-fibra-de-vidrio-para-escaparatespropsadult-women-torso-dress-form-for-clothes\/","og_locale":"es_ES","og_type":"article","og_title":"DE-LIANG half body mannequin female torso,adjustable height model,fabric fiberglass mannequin window display props,adult women torso dress form for clothes - DE-LIANG - jewelry,clothes,watch,beauty cosmetics","og_description":"This is Adult Female\u00a0Velvet Fabric Cover Half body display mannequin with metal base for window\u00a0garment display usage. You can use it for your hat, luxury cloth,cap, scarves,headband,pant,trouser display stand. The wooden arms can detachable.","og_url":"https:\/\/deliangdisplay.com\/es\/nuestro-producto\/muestra\/maniquies-para-minoristas\/de-liang-maniqui-medio-cuerpo-torso-de-mujermodelo-regulable-en-alturamaniqui-de-fibra-de-vidrio-para-escaparatespropsadult-women-torso-dress-form-for-clothes\/","og_site_name":"DE-LIANG - jewelry,clothes,watch,beauty cosmetics","article_publisher":"https:\/\/www.facebook.com\/JaneZhang008\/","article_modified_time":"2025-08-20T07:24:58+00:00","og_image":[{"width":1000,"height":1000,"url":"https:\/\/deliangdisplay.com\/wp-content\/uploads\/2025\/08\/14_ba74a2d1-f422-4689-a2c5-6b1e5f2e406e.jpg","type":"image\/jpeg"}],"twitter_card":"summary_large_image","twitter_site":"@ly673551729","twitter_misc":{"Tiempo de lectura":"2 minutos"},"schema":{"@context":"https:\/\/schema.org","@graph":[{"@type":"WebPage","@id":"https:\/\/deliangdisplay.com\/our-product\/displays\/retail-mannequins\/de-liang-half-body-mannequin-female-torsoadjustable-height-modelfabric-fiberglass-mannequin-window-display-propsadult-women-torso-dress-form-for-clothes\/","url":"https:\/\/deliangdisplay.com\/our-product\/displays\/retail-mannequins\/de-liang-half-body-mannequin-female-torsoadjustable-height-modelfabric-fiberglass-mannequin-window-display-propsadult-women-torso-dress-form-for-clothes\/","name":"DE-LIANG medio cuerpo maniqu\u00ed torso femenino, modelo de altura ajustable, la tela de fibra de vidrio maniqu\u00ed escaparate apoyos, las mujeres adultas torso forma de vestir para la ropa - DE-LIANG - joyer\u00eda, ropa, reloj, cosm\u00e9ticos de belleza","isPartOf":{"@id":"https:\/\/deliangdisplay.com\/#website"},"primaryImageOfPage":{"@id":"https:\/\/deliangdisplay.com\/our-product\/displays\/retail-mannequins\/de-liang-half-body-mannequin-female-torsoadjustable-height-modelfabric-fiberglass-mannequin-window-display-propsadult-women-torso-dress-form-for-clothes\/#primaryimage"},"image":{"@id":"https:\/\/deliangdisplay.com\/our-product\/displays\/retail-mannequins\/de-liang-half-body-mannequin-female-torsoadjustable-height-modelfabric-fiberglass-mannequin-window-display-propsadult-women-torso-dress-form-for-clothes\/#primaryimage"},"thumbnailUrl":"https:\/\/deliangdisplay.com\/wp-content\/uploads\/2025\/08\/14_ba74a2d1-f422-4689-a2c5-6b1e5f2e406e.jpg","datePublished":"2025-08-20T07:23:55+00:00","dateModified":"2025-08-20T07:24:58+00:00","breadcrumb":{"@id":"https:\/\/deliangdisplay.com\/our-product\/displays\/retail-mannequins\/de-liang-half-body-mannequin-female-torsoadjustable-height-modelfabric-fiberglass-mannequin-window-display-propsadult-women-torso-dress-form-for-clothes\/#breadcrumb"},"inLanguage":"es","potentialAction":[{"@type":"ReadAction","target":["https:\/\/deliangdisplay.com\/our-product\/displays\/retail-mannequins\/de-liang-half-body-mannequin-female-torsoadjustable-height-modelfabric-fiberglass-mannequin-window-display-propsadult-women-torso-dress-form-for-clothes\/"]}]},{"@type":"ImageObject","inLanguage":"es","@id":"https:\/\/deliangdisplay.com\/our-product\/displays\/retail-mannequins\/de-liang-half-body-mannequin-female-torsoadjustable-height-modelfabric-fiberglass-mannequin-window-display-propsadult-women-torso-dress-form-for-clothes\/#primaryimage","url":"https:\/\/deliangdisplay.com\/wp-content\/uploads\/2025\/08\/14_ba74a2d1-f422-4689-a2c5-6b1e5f2e406e.jpg","contentUrl":"https:\/\/deliangdisplay.com\/wp-content\/uploads\/2025\/08\/14_ba74a2d1-f422-4689-a2c5-6b1e5f2e406e.jpg","width":1000,"height":1000},{"@type":"BreadcrumbList","@id":"https:\/\/deliangdisplay.com\/our-product\/displays\/retail-mannequins\/de-liang-half-body-mannequin-female-torsoadjustable-height-modelfabric-fiberglass-mannequin-window-display-propsadult-women-torso-dress-form-for-clothes\/#breadcrumb","itemListElement":[{"@type":"ListItem","position":1,"name":"\u9996\u9875","item":"https:\/\/deliangdisplay.com\/"},{"@type":"ListItem","position":2,"name":"Our Product","item":"https:\/\/deliangdisplay.com\/our-product\/"},{"@type":"ListItem","position":3,"name":"DE-LIANG half body mannequin female torso,adjustable height model,fabric fiberglass mannequin window display props,adult women torso dress form for clothes"}]},{"@type":"WebSite","@id":"https:\/\/deliangdisplay.com\/#website","url":"https:\/\/deliangdisplay.com\/","name":"deliangdisplay.com","description":"DE-LIANG - Proporciona soluciones de envasado a medida y servicios de dise\u00f1o de expositores de lujo para marcas de joyer\u00eda, ropa, relojes, cosm\u00e9ticos de belleza, etc.","publisher":{"@id":"https:\/\/deliangdisplay.com\/#organization"},"potentialAction":[{"@type":"SearchAction","target":{"@type":"EntryPoint","urlTemplate":"https:\/\/deliangdisplay.com\/?s={search_term_string}"},"query-input":{"@type":"PropertyValueSpecification","valueRequired":true,"valueName":"search_term_string"}}],"inLanguage":"es"},{"@type":"Organization","@id":"https:\/\/deliangdisplay.com\/#organization","name":"deliangdisplay.com","url":"https:\/\/deliangdisplay.com\/","logo":{"@type":"ImageObject","inLanguage":"es","@id":"https:\/\/deliangdisplay.com\/#\/schema\/logo\/image\/","url":"https:\/\/deliangdisplay.com\/wp-content\/uploads\/2025\/08\/DELIANGDISPALY_logo.png","contentUrl":"https:\/\/deliangdisplay.com\/wp-content\/uploads\/2025\/08\/DELIANGDISPALY_logo.png","width":300,"height":130,"caption":"deliangdisplay.com"},"image":{"@id":"https:\/\/deliangdisplay.com\/#\/schema\/logo\/image\/"},"sameAs":["https:\/\/www.facebook.com\/JaneZhang008\/","https:\/\/x.com\/ly673551729"]}]}},"_links":{"self":[{"href":"https:\/\/deliangdisplay.com\/es\/wp-json\/wp\/v2\/product\/42615","targetHints":{"allow":["GET"]}}],"collection":[{"href":"https:\/\/deliangdisplay.com\/es\/wp-json\/wp\/v2\/product"}],"about":[{"href":"https:\/\/deliangdisplay.com\/es\/wp-json\/wp\/v2\/types\/product"}],"replies":[{"embeddable":true,"href":"https:\/\/deliangdisplay.com\/es\/wp-json\/wp\/v2\/comments?post=42615"}],"wp:featuredmedia":[{"embeddable":true,"href":"https:\/\/deliangdisplay.com\/es\/wp-json\/wp\/v2\/media\/42617"}],"wp:attachment":[{"href":"https:\/\/deliangdisplay.com\/es\/wp-json\/wp\/v2\/media?parent=42615"}],"wp:term":[{"taxonomy":"product_brand","embeddable":true,"href":"https:\/\/deliangdisplay.com\/es\/wp-json\/wp\/v2\/product_brand?post=42615"},{"taxonomy":"product_cat","embeddable":true,"href":"https:\/\/deliangdisplay.com\/es\/wp-json\/wp\/v2\/product_cat?post=42615"},{"taxonomy":"product_tag","embeddable":true,"href":"https:\/\/deliangdisplay.com\/es\/wp-json\/wp\/v2\/product_tag?post=42615"}],"curies":[{"name":"wp","href":"https:\/\/api.w.org\/{rel}","templated":true}]}}