{"id":42587,"date":"2025-08-19T15:16:29","date_gmt":"2025-08-19T07:16:29","guid":{"rendered":"https:\/\/deliangdisplay.com\/?post_type=product&#038;p=42587"},"modified":"2025-08-19T15:16:30","modified_gmt":"2025-08-19T07:16:30","slug":"de-liang-de-lujo-de-cuero-de-medio-cuerpo-de-la-mujer-masculina-maniqui-torsovintage-forma-de-vestirpara-la-ropa-de-la-mujer-displaywindow-pantalla-decoracion-de-la-tienda","status":"publish","type":"product","link":"https:\/\/deliangdisplay.com\/es\/nuestro-producto\/muestra\/maniquies-para-minoristas\/de-liang-de-lujo-de-cuero-de-medio-cuerpo-de-la-mujer-masculina-maniqui-torsovintage-forma-de-vestirpara-la-ropa-de-la-mujer-displaywindow-pantalla-decoracion-de-la-tienda\/","title":{"rendered":"DE-LIANG de lujo de cuero de medio cuerpo Mujer \/ Hombre Maniqu\u00ed Torso, la forma del vestido de la vendimia, para la exhibici\u00f3n de ropa de mujer, escaparate, decoraci\u00f3n de la tienda"},"content":{"rendered":"<p><em><strong>Este enlace es para maniqu\u00edes de cuero beige incluyendo maniqu\u00ed de cuero de mujer y maniqu\u00ed de cuero de hombre, y su base es de plata base de metal, sus brazos son los dos brazos de madera beige.<\/strong><\/em><\/p>\n<p>Puede utilizarlos para mostrar sus sombreros, pelucas, camisetas, jerseys, chaquetas, trajes, uniformes, faldas, pantalones, etc.<\/p>\n<p>Los maniqu\u00edes son productos personalizados, ambos son de alta calidad final. Use ellos pueden mejorar la atm\u00f3sfera de su tienda.<\/p>\n<p>&nbsp;<\/p>\n<p>Estilo:<\/p>\n<p>&nbsp;<\/p>\n<p>**Estilo A: Maniqu\u00ed de cuero de mujer de medio cuerpo<\/p>\n<p>Altura del cuerpo:89cm(35inch)<\/p>\n<p>Adjustable height:120-209cm(47.2-82.3inch)<\/p>\n<p>C\u00edrculo de la cabeza:54cm(21.3inch)<\/p>\n<p>Anchura del hombro:40cm(15.7inch)<\/p>\n<p>Busto\/Cintura\/Cadera:82cm(32.3inch)\/60.5cm(23.8inch)\/85cm(33.5inch)<\/p>\n<p>&nbsp;<\/p>\n<p>***Estilo B: Maniqu\u00ed masculino de cuero de medio cuerpo<\/p>\n<p>Altura del cuerpo:89cm(35inch)<\/p>\n<p>Adjustable height:120-209cm(47.2-82.3inch)<\/p>\n<p>C\u00edrculo de la cabeza:57cm(22.4inch)<\/p>\n<p>Anchura del hombro:43cm(16.9inch)<\/p>\n<p>Busto\/Cintura\/Cadera:90cm(35.4inch)\/83cm(32.7inch)\/95cm(37.4inch)<\/p>\n<p>&nbsp;<\/p>\n<p>M\u00e1s informaci\u00f3n:<\/p>\n<p>Material: Fibra de vidrio<\/p>\n<p>Tejido: Piel<\/p>\n<p>Color: Beige<\/p>\n<p>&nbsp;<\/p>\n<p>Base:<\/p>\n<p>Material de la base: Metal<\/p>\n<p>Color base: Plata<\/p>\n<p>&nbsp;<\/p>\n<p>Brazo:<\/p>\n<p>Material del brazo: Madera<\/p>\n<p>Color del brazo: Beige<\/p>\n<p>&nbsp;<\/p>\n<p>\ud83d\udc4dPeso uniforme y f\u00e1cil de mover, es conveniente para que usted mueva el maniqu\u00ed y conveniente para que usted coloque dondequiera que usted lo necesite.<\/p>\n<p>\ud83d\udc4dLa base de metal es lo suficientemente duradera como para servir m\u00e1s tiempo y apoyar con fuerza todo el maniqu\u00ed.<\/p>\n<p>\ud83d\udc4dMaterial y tejido de alta calidad, podr\u00e1s usarlo durante mucho tiempo.<\/p>\n<p>\ud83d\udc4dGorgeous apariencia y vestido hermoso partido, sin duda puede atraer a una gran cantidad de clientes para la tienda<\/p>\n<p>\ud83d\udc4dBrazos y dedos flexibles, puedes hacer la postura que m\u00e1s te guste.<\/p>\n<p>\ud83d\udc4dPrecio competitivo y servicio postventa en 24 horas<\/p>\n<p>&nbsp;<\/p>\n<p>&nbsp;<\/p>\n<p>\u00a1\u00a1\u00a1Importante!!!<\/p>\n<p>Pol\u00edtica de devoluciones: el producto se env\u00eda desde China y es nuestro precio m\u00e1s bajo para tienda nueva, si no hay problema de calidad, no podemos aceptar la devoluci\u00f3n, ya que el flete de entrega es demasiado caro.(tenga cuidado).<\/p>\n<p>Algunos pa\u00edses tienen una tasa de impuestos, alrededor de 20USD, si usted no est\u00e1 dispuesto a pagar la tasa de impuestos, pls no hacer el pedido, ya que si usted rechaza el paquete y enviar de vuelta por DHL, estamos perdiendo un mont\u00f3n de dinero, gracias.<\/p>\n<p>&nbsp;<\/p>","protected":false},"excerpt":{"rendered":"<p><em><strong>Este enlace es para maniqu\u00edes de cuero beige incluyendo maniqu\u00ed de cuero de mujer y maniqu\u00ed de cuero de hombre, y su base es de plata base de metal, sus brazos son los dos brazos de madera beige.<\/strong><\/em><\/p>\n<p>Puede utilizarlos para mostrar sus sombreros, pelucas, camisetas, jerseys, chaquetas, trajes, uniformes, faldas, pantalones, etc.<\/p>\n<p>Los maniqu\u00edes son productos personalizados, ambos son de alta calidad final. Use ellos pueden mejorar la atm\u00f3sfera de su tienda.<\/p>","protected":false},"featured_media":42588,"comment_status":"open","ping_status":"closed","template":"","meta":{"_acf_changed":false},"product_brand":[],"product_cat":[51],"product_tag":[],"class_list":{"0":"post-42587","1":"product","2":"type-product","3":"status-publish","4":"has-post-thumbnail","6":"product_cat-retail-mannequins","8":"first","9":"instock","10":"shipping-taxable","11":"purchasable","12":"product-type-simple"},"acf":[],"yoast_head":"<!-- This site is optimized with the Yoast SEO plugin v26.2 - https:\/\/yoast.com\/wordpress\/plugins\/seo\/ -->\n<title>DE-LIANG Luxury Leather Half Body Female\/Male Mannequin Torso,Vintage Dress Form,for Woman Clothes Display,Window Display,Shop Decoration - DE-LIANG - jewelry,clothes,watch,beauty cosmetics<\/title>\n<meta name=\"robots\" content=\"index, follow, max-snippet:-1, max-image-preview:large, max-video-preview:-1\" \/>\n<link rel=\"canonical\" href=\"https:\/\/deliangdisplay.com\/es\/nuestro-producto\/muestra\/maniquies-para-minoristas\/de-liang-de-lujo-de-cuero-de-medio-cuerpo-de-la-mujer-masculina-maniqui-torsovintage-forma-de-vestirpara-la-ropa-de-la-mujer-displaywindow-pantalla-decoracion-de-la-tienda\/\" \/>\n<meta property=\"og:locale\" content=\"es_ES\" \/>\n<meta property=\"og:type\" content=\"article\" \/>\n<meta property=\"og:title\" content=\"DE-LIANG Luxury Leather Half Body Female\/Male Mannequin Torso,Vintage Dress Form,for Woman Clothes Display,Window Display,Shop Decoration - DE-LIANG - jewelry,clothes,watch,beauty cosmetics\" \/>\n<meta property=\"og:description\" content=\"This link is for Beige Leather Mannequins including Female Leather Mannequin and Male Leather Mannequin,and their base is Silver Metal Base,their arms both are Beige Wooden Arms.  You can use them to display your hats,wigs,T-shirt,sweater,jacket,suits,uniform,skirts,pants etc.  The mannequins are customized products,they are both high end quality. Use them can improve your shop&#039;s atmosphere.\" \/>\n<meta property=\"og:url\" content=\"https:\/\/deliangdisplay.com\/es\/nuestro-producto\/muestra\/maniquies-para-minoristas\/de-liang-de-lujo-de-cuero-de-medio-cuerpo-de-la-mujer-masculina-maniqui-torsovintage-forma-de-vestirpara-la-ropa-de-la-mujer-displaywindow-pantalla-decoracion-de-la-tienda\/\" \/>\n<meta property=\"og:site_name\" content=\"DE-LIANG - jewelry,clothes,watch,beauty cosmetics\" \/>\n<meta property=\"article:publisher\" content=\"https:\/\/www.facebook.com\/JaneZhang008\/\" \/>\n<meta property=\"article:modified_time\" content=\"2025-08-19T07:16:30+00:00\" \/>\n<meta property=\"og:image\" content=\"https:\/\/deliangdisplay.com\/wp-content\/uploads\/2025\/08\/8_4703cbd4-4a2d-49ce-bd9f-34265e3c97bb-scaled.jpg\" \/>\n\t<meta property=\"og:image:width\" content=\"2560\" \/>\n\t<meta property=\"og:image:height\" content=\"2560\" \/>\n\t<meta property=\"og:image:type\" content=\"image\/jpeg\" \/>\n<meta name=\"twitter:card\" content=\"summary_large_image\" \/>\n<meta name=\"twitter:site\" content=\"@ly673551729\" \/>\n<meta name=\"twitter:label1\" content=\"Tiempo de lectura\" \/>\n\t<meta name=\"twitter:data1\" content=\"2 minutos\" \/>\n<script type=\"application\/ld+json\" class=\"yoast-schema-graph\">{\"@context\":\"https:\/\/schema.org\",\"@graph\":[{\"@type\":\"WebPage\",\"@id\":\"https:\/\/deliangdisplay.com\/our-product\/displays\/retail-mannequins\/de-liang-luxury-leather-half-body-female-male-mannequin-torsovintage-dress-formfor-woman-clothes-displaywindow-displayshop-decoration\/\",\"url\":\"https:\/\/deliangdisplay.com\/our-product\/displays\/retail-mannequins\/de-liang-luxury-leather-half-body-female-male-mannequin-torsovintage-dress-formfor-woman-clothes-displaywindow-displayshop-decoration\/\",\"name\":\"DE-LIANG Luxury Leather Half Body Female\/Male Mannequin Torso,Vintage Dress Form,for Woman Clothes Display,Window Display,Shop Decoration - DE-LIANG - jewelry,clothes,watch,beauty cosmetics\",\"isPartOf\":{\"@id\":\"https:\/\/deliangdisplay.com\/#website\"},\"primaryImageOfPage\":{\"@id\":\"https:\/\/deliangdisplay.com\/our-product\/displays\/retail-mannequins\/de-liang-luxury-leather-half-body-female-male-mannequin-torsovintage-dress-formfor-woman-clothes-displaywindow-displayshop-decoration\/#primaryimage\"},\"image\":{\"@id\":\"https:\/\/deliangdisplay.com\/our-product\/displays\/retail-mannequins\/de-liang-luxury-leather-half-body-female-male-mannequin-torsovintage-dress-formfor-woman-clothes-displaywindow-displayshop-decoration\/#primaryimage\"},\"thumbnailUrl\":\"https:\/\/deliangdisplay.com\/wp-content\/uploads\/2025\/08\/8_4703cbd4-4a2d-49ce-bd9f-34265e3c97bb-scaled.jpg\",\"datePublished\":\"2025-08-19T07:16:29+00:00\",\"dateModified\":\"2025-08-19T07:16:30+00:00\",\"breadcrumb\":{\"@id\":\"https:\/\/deliangdisplay.com\/our-product\/displays\/retail-mannequins\/de-liang-luxury-leather-half-body-female-male-mannequin-torsovintage-dress-formfor-woman-clothes-displaywindow-displayshop-decoration\/#breadcrumb\"},\"inLanguage\":\"es\",\"potentialAction\":[{\"@type\":\"ReadAction\",\"target\":[\"https:\/\/deliangdisplay.com\/our-product\/displays\/retail-mannequins\/de-liang-luxury-leather-half-body-female-male-mannequin-torsovintage-dress-formfor-woman-clothes-displaywindow-displayshop-decoration\/\"]}]},{\"@type\":\"ImageObject\",\"inLanguage\":\"es\",\"@id\":\"https:\/\/deliangdisplay.com\/our-product\/displays\/retail-mannequins\/de-liang-luxury-leather-half-body-female-male-mannequin-torsovintage-dress-formfor-woman-clothes-displaywindow-displayshop-decoration\/#primaryimage\",\"url\":\"https:\/\/deliangdisplay.com\/wp-content\/uploads\/2025\/08\/8_4703cbd4-4a2d-49ce-bd9f-34265e3c97bb-scaled.jpg\",\"contentUrl\":\"https:\/\/deliangdisplay.com\/wp-content\/uploads\/2025\/08\/8_4703cbd4-4a2d-49ce-bd9f-34265e3c97bb-scaled.jpg\",\"width\":2560,\"height\":2560},{\"@type\":\"BreadcrumbList\",\"@id\":\"https:\/\/deliangdisplay.com\/our-product\/displays\/retail-mannequins\/de-liang-luxury-leather-half-body-female-male-mannequin-torsovintage-dress-formfor-woman-clothes-displaywindow-displayshop-decoration\/#breadcrumb\",\"itemListElement\":[{\"@type\":\"ListItem\",\"position\":1,\"name\":\"\u9996\u9875\",\"item\":\"https:\/\/deliangdisplay.com\/\"},{\"@type\":\"ListItem\",\"position\":2,\"name\":\"Our Product\",\"item\":\"https:\/\/deliangdisplay.com\/our-product\/\"},{\"@type\":\"ListItem\",\"position\":3,\"name\":\"DE-LIANG Luxury Leather Half Body Female\/Male Mannequin Torso,Vintage Dress Form,for Woman Clothes Display,Window Display,Shop Decoration\"}]},{\"@type\":\"WebSite\",\"@id\":\"https:\/\/deliangdisplay.com\/#website\",\"url\":\"https:\/\/deliangdisplay.com\/\",\"name\":\"deliangdisplay.com\",\"description\":\"DE-LIANG - Providing bespoke packaging solutions and luxurious display design services for brands in jewelry, apparel, watches, beauty cosmetics, and more.\",\"publisher\":{\"@id\":\"https:\/\/deliangdisplay.com\/#organization\"},\"potentialAction\":[{\"@type\":\"SearchAction\",\"target\":{\"@type\":\"EntryPoint\",\"urlTemplate\":\"https:\/\/deliangdisplay.com\/?s={search_term_string}\"},\"query-input\":{\"@type\":\"PropertyValueSpecification\",\"valueRequired\":true,\"valueName\":\"search_term_string\"}}],\"inLanguage\":\"es\"},{\"@type\":\"Organization\",\"@id\":\"https:\/\/deliangdisplay.com\/#organization\",\"name\":\"deliangdisplay.com\",\"url\":\"https:\/\/deliangdisplay.com\/\",\"logo\":{\"@type\":\"ImageObject\",\"inLanguage\":\"es\",\"@id\":\"https:\/\/deliangdisplay.com\/#\/schema\/logo\/image\/\",\"url\":\"https:\/\/deliangdisplay.com\/wp-content\/uploads\/2025\/08\/DELIANGDISPALY_logo.png\",\"contentUrl\":\"https:\/\/deliangdisplay.com\/wp-content\/uploads\/2025\/08\/DELIANGDISPALY_logo.png\",\"width\":300,\"height\":130,\"caption\":\"deliangdisplay.com\"},\"image\":{\"@id\":\"https:\/\/deliangdisplay.com\/#\/schema\/logo\/image\/\"},\"sameAs\":[\"https:\/\/www.facebook.com\/JaneZhang008\/\",\"https:\/\/x.com\/ly673551729\"]}]}<\/script>\n<!-- \/ Yoast SEO plugin. -->","yoast_head_json":{"title":"DE-LIANG de lujo de cuero de medio cuerpo Mujer \/ Hombre Maniqu\u00ed Torso, vestido de la vendimia de forma, para la ropa de la mujer Mostrar, escaparate, decoraci\u00f3n de la tienda - DE-LIANG - joyer\u00eda, ropa, reloj, cosm\u00e9ticos de belleza","robots":{"index":"index","follow":"follow","max-snippet":"max-snippet:-1","max-image-preview":"max-image-preview:large","max-video-preview":"max-video-preview:-1"},"canonical":"https:\/\/deliangdisplay.com\/es\/nuestro-producto\/muestra\/maniquies-para-minoristas\/de-liang-de-lujo-de-cuero-de-medio-cuerpo-de-la-mujer-masculina-maniqui-torsovintage-forma-de-vestirpara-la-ropa-de-la-mujer-displaywindow-pantalla-decoracion-de-la-tienda\/","og_locale":"es_ES","og_type":"article","og_title":"DE-LIANG Luxury Leather Half Body Female\/Male Mannequin Torso,Vintage Dress Form,for Woman Clothes Display,Window Display,Shop Decoration - DE-LIANG - jewelry,clothes,watch,beauty cosmetics","og_description":"This link is for Beige Leather Mannequins including Female Leather Mannequin and Male Leather Mannequin,and their base is Silver Metal Base,their arms both are Beige Wooden Arms.  You can use them to display your hats,wigs,T-shirt,sweater,jacket,suits,uniform,skirts,pants etc.  The mannequins are customized products,they are both high end quality. Use them can improve your shop's atmosphere.","og_url":"https:\/\/deliangdisplay.com\/es\/nuestro-producto\/muestra\/maniquies-para-minoristas\/de-liang-de-lujo-de-cuero-de-medio-cuerpo-de-la-mujer-masculina-maniqui-torsovintage-forma-de-vestirpara-la-ropa-de-la-mujer-displaywindow-pantalla-decoracion-de-la-tienda\/","og_site_name":"DE-LIANG - jewelry,clothes,watch,beauty cosmetics","article_publisher":"https:\/\/www.facebook.com\/JaneZhang008\/","article_modified_time":"2025-08-19T07:16:30+00:00","og_image":[{"width":2560,"height":2560,"url":"https:\/\/deliangdisplay.com\/wp-content\/uploads\/2025\/08\/8_4703cbd4-4a2d-49ce-bd9f-34265e3c97bb-scaled.jpg","type":"image\/jpeg"}],"twitter_card":"summary_large_image","twitter_site":"@ly673551729","twitter_misc":{"Tiempo de lectura":"2 minutos"},"schema":{"@context":"https:\/\/schema.org","@graph":[{"@type":"WebPage","@id":"https:\/\/deliangdisplay.com\/our-product\/displays\/retail-mannequins\/de-liang-luxury-leather-half-body-female-male-mannequin-torsovintage-dress-formfor-woman-clothes-displaywindow-displayshop-decoration\/","url":"https:\/\/deliangdisplay.com\/our-product\/displays\/retail-mannequins\/de-liang-luxury-leather-half-body-female-male-mannequin-torsovintage-dress-formfor-woman-clothes-displaywindow-displayshop-decoration\/","name":"DE-LIANG de lujo de cuero de medio cuerpo Mujer \/ Hombre Maniqu\u00ed Torso, vestido de la vendimia de forma, para la ropa de la mujer Mostrar, escaparate, decoraci\u00f3n de la tienda - DE-LIANG - joyer\u00eda, ropa, reloj, cosm\u00e9ticos de belleza","isPartOf":{"@id":"https:\/\/deliangdisplay.com\/#website"},"primaryImageOfPage":{"@id":"https:\/\/deliangdisplay.com\/our-product\/displays\/retail-mannequins\/de-liang-luxury-leather-half-body-female-male-mannequin-torsovintage-dress-formfor-woman-clothes-displaywindow-displayshop-decoration\/#primaryimage"},"image":{"@id":"https:\/\/deliangdisplay.com\/our-product\/displays\/retail-mannequins\/de-liang-luxury-leather-half-body-female-male-mannequin-torsovintage-dress-formfor-woman-clothes-displaywindow-displayshop-decoration\/#primaryimage"},"thumbnailUrl":"https:\/\/deliangdisplay.com\/wp-content\/uploads\/2025\/08\/8_4703cbd4-4a2d-49ce-bd9f-34265e3c97bb-scaled.jpg","datePublished":"2025-08-19T07:16:29+00:00","dateModified":"2025-08-19T07:16:30+00:00","breadcrumb":{"@id":"https:\/\/deliangdisplay.com\/our-product\/displays\/retail-mannequins\/de-liang-luxury-leather-half-body-female-male-mannequin-torsovintage-dress-formfor-woman-clothes-displaywindow-displayshop-decoration\/#breadcrumb"},"inLanguage":"es","potentialAction":[{"@type":"ReadAction","target":["https:\/\/deliangdisplay.com\/our-product\/displays\/retail-mannequins\/de-liang-luxury-leather-half-body-female-male-mannequin-torsovintage-dress-formfor-woman-clothes-displaywindow-displayshop-decoration\/"]}]},{"@type":"ImageObject","inLanguage":"es","@id":"https:\/\/deliangdisplay.com\/our-product\/displays\/retail-mannequins\/de-liang-luxury-leather-half-body-female-male-mannequin-torsovintage-dress-formfor-woman-clothes-displaywindow-displayshop-decoration\/#primaryimage","url":"https:\/\/deliangdisplay.com\/wp-content\/uploads\/2025\/08\/8_4703cbd4-4a2d-49ce-bd9f-34265e3c97bb-scaled.jpg","contentUrl":"https:\/\/deliangdisplay.com\/wp-content\/uploads\/2025\/08\/8_4703cbd4-4a2d-49ce-bd9f-34265e3c97bb-scaled.jpg","width":2560,"height":2560},{"@type":"BreadcrumbList","@id":"https:\/\/deliangdisplay.com\/our-product\/displays\/retail-mannequins\/de-liang-luxury-leather-half-body-female-male-mannequin-torsovintage-dress-formfor-woman-clothes-displaywindow-displayshop-decoration\/#breadcrumb","itemListElement":[{"@type":"ListItem","position":1,"name":"\u9996\u9875","item":"https:\/\/deliangdisplay.com\/"},{"@type":"ListItem","position":2,"name":"Our Product","item":"https:\/\/deliangdisplay.com\/our-product\/"},{"@type":"ListItem","position":3,"name":"DE-LIANG Luxury Leather Half Body Female\/Male Mannequin Torso,Vintage Dress Form,for Woman Clothes Display,Window Display,Shop Decoration"}]},{"@type":"WebSite","@id":"https:\/\/deliangdisplay.com\/#website","url":"https:\/\/deliangdisplay.com\/","name":"deliangdisplay.com","description":"DE-LIANG - Proporciona soluciones de envasado a medida y servicios de dise\u00f1o de expositores de lujo para marcas de joyer\u00eda, ropa, relojes, cosm\u00e9ticos de belleza, etc.","publisher":{"@id":"https:\/\/deliangdisplay.com\/#organization"},"potentialAction":[{"@type":"SearchAction","target":{"@type":"EntryPoint","urlTemplate":"https:\/\/deliangdisplay.com\/?s={search_term_string}"},"query-input":{"@type":"PropertyValueSpecification","valueRequired":true,"valueName":"search_term_string"}}],"inLanguage":"es"},{"@type":"Organization","@id":"https:\/\/deliangdisplay.com\/#organization","name":"deliangdisplay.com","url":"https:\/\/deliangdisplay.com\/","logo":{"@type":"ImageObject","inLanguage":"es","@id":"https:\/\/deliangdisplay.com\/#\/schema\/logo\/image\/","url":"https:\/\/deliangdisplay.com\/wp-content\/uploads\/2025\/08\/DELIANGDISPALY_logo.png","contentUrl":"https:\/\/deliangdisplay.com\/wp-content\/uploads\/2025\/08\/DELIANGDISPALY_logo.png","width":300,"height":130,"caption":"deliangdisplay.com"},"image":{"@id":"https:\/\/deliangdisplay.com\/#\/schema\/logo\/image\/"},"sameAs":["https:\/\/www.facebook.com\/JaneZhang008\/","https:\/\/x.com\/ly673551729"]}]}},"_links":{"self":[{"href":"https:\/\/deliangdisplay.com\/es\/wp-json\/wp\/v2\/product\/42587","targetHints":{"allow":["GET"]}}],"collection":[{"href":"https:\/\/deliangdisplay.com\/es\/wp-json\/wp\/v2\/product"}],"about":[{"href":"https:\/\/deliangdisplay.com\/es\/wp-json\/wp\/v2\/types\/product"}],"replies":[{"embeddable":true,"href":"https:\/\/deliangdisplay.com\/es\/wp-json\/wp\/v2\/comments?post=42587"}],"wp:featuredmedia":[{"embeddable":true,"href":"https:\/\/deliangdisplay.com\/es\/wp-json\/wp\/v2\/media\/42588"}],"wp:attachment":[{"href":"https:\/\/deliangdisplay.com\/es\/wp-json\/wp\/v2\/media?parent=42587"}],"wp:term":[{"taxonomy":"product_brand","embeddable":true,"href":"https:\/\/deliangdisplay.com\/es\/wp-json\/wp\/v2\/product_brand?post=42587"},{"taxonomy":"product_cat","embeddable":true,"href":"https:\/\/deliangdisplay.com\/es\/wp-json\/wp\/v2\/product_cat?post=42587"},{"taxonomy":"product_tag","embeddable":true,"href":"https:\/\/deliangdisplay.com\/es\/wp-json\/wp\/v2\/product_tag?post=42587"}],"curies":[{"name":"wp","href":"https:\/\/api.w.org\/{rel}","templated":true}]}}