{"id":42567,"date":"2025-08-19T14:40:53","date_gmt":"2025-08-19T06:40:53","guid":{"rendered":"https:\/\/deliangdisplay.com\/?post_type=product&#038;p=42567"},"modified":"2025-08-19T14:40:55","modified_gmt":"2025-08-19T06:40:55","slug":"de-liang-newest-female-dressform-half-body-manenquin-clothing-display-model-body-standwooden-arms-and-base-for-clothing-dress-store-display","status":"publish","type":"product","link":"https:\/\/deliangdisplay.com\/es\/nuestro-producto\/muestra\/maniquies-para-minoristas\/de-liang-newest-female-dressform-half-body-manenquin-clothing-display-model-body-standwooden-arms-and-base-for-clothing-dress-store-display\/","title":{"rendered":"DE-LIANG NEWEST Mujer Dressform Medio Cuerpo Maniqu\u00ed, Ropa Modelo de exhibici\u00f3n del cuerpo de pie, brazos de madera y base para la ropa \/ tienda de ropa de pantalla,"},"content":{"rendered":"<p>Modelo de medio cuerpo en tela escocesa, actualizaci\u00f3n personalizada de la tela.Forma precisa, postura elegante, brazos de madera maciza, movimiento libre<\/p>\n<p>Ideal para camisetas, chaquetas, vestidos, camisas, su\u00e9teres, pantalones, peluca y accesorios.(Nota: Los accesorios en la imagen son s\u00f3lo para mostrar, no incluidos en el paquete).<\/p>\n<p>El cuerpo del maniqu\u00ed fabricado mediante el proceso de impresi\u00f3n, sin ninguna otra costura, es m\u00e1s resistente<\/p>\n<p>Por favor, preste atenci\u00f3n al maniqu\u00ed que desea comprar antes de realizar el pedido. \u00a1\u00a1\u00a1Los tres modelos tienen diferentes longitudes de muslo!!!<br \/>\n-------------Size--------------<\/p>\n<p>1,DL0028A (\u00a1Sin pata!)<\/p>\n<p>.:En caso de Ancho:37CM (14.5inch)<\/p>\n<p>.:Busto:83CM\uff0833inch\uff09<\/p>\n<p>.:Cintura:61CM (24inch)<\/p>\n<p>.:Cadera:83CM (33inch)<\/p>\n<p>.:Altura del cuerpo:93CM (37inch)<\/p>\n<p>2,DL0028B (\u00a1Con pata corta!)<\/p>\n<p>.:En caso de Ancho:36CM (14.2inch)<\/p>\n<p>.:Busto:83CM\uff0833inch\uff09<\/p>\n<p>.:Cintura:62CM (24.4inch)<\/p>\n<p>.:Cadera:84CM (33.1inch)<\/p>\n<p>.:Altura del cuerpo:93CM (37inch)<\/p>\n<p>3,DL0028C (\u00a1Con pata larga!)<\/p>\n<p>.:En caso de Ancho:38CM (15inch)<\/p>\n<p>.:Busto:88CM\uff0835inch\uff09<\/p>\n<p>.:Cintura:66CM (26inch)<\/p>\n<p>.:Cadera:89CM (35inch)<\/p>\n<p>.:Altura del cuerpo:104CM (41inch)<\/p>\n<p>-----------Detalle del producto-----------<\/p>\n<p>\ud83d\udc95Identificaci\u00f3n del producto:DL0028<\/p>\n<p>\ud83d\udc95 Color : Beige<\/p>\n<p>\ud83d\udc95Material : Fibra de vidrio<\/p>\n<p>\ud83d\udc95 Brazos de maniqu\u00ed : Brazos de madera natural<\/p>\n<p>\ud83d\udc95 Base para maniqu\u00ed : Base cuadrada Gloden<\/p>\n<p>----------Advantage---------<\/p>\n<p>\ud83d\udc4d Interfaz de muelle: El brazo est\u00e1 dise\u00f1ado con resorte, que es f\u00e1cil de instalar y desmontable para vestirse f\u00e1cilmente. Brazos de madera con articulaciones m\u00f3viles para posar.<\/p>\n<p>\ud83d\udc4d Ligero y f\u00e1cil de mover: interior de pl\u00e1stico+ base de soporte de metal, dise\u00f1o ligero, f\u00e1cil de mover el maniqu\u00ed, adecuado para que lo coloques donde necesites. La base estable lo hace adecuado tanto para interiores como para exteriores. F\u00e1cil de montar, los maniqu\u00edes se pueden montar o desmontar en cuesti\u00f3n de minutos sin necesidad de herramientas. Montaje instant\u00e1neo, uso instant\u00e1neo.<\/p>\n<p>\ud83d\udc4dCintura curvada, dise\u00f1o de cadera, dise\u00f1o de cintura en forma de S, dise\u00f1o de cadera ligeramente convexo, con perneras para llevar pantalones<\/p>\n<p>\ud83d\udc4dLa base de metal es lo suficientemente duradera como para servir m\u00e1s tiempo y apoyar con fuerza todo el maniqu\u00ed.<\/p>\n<p>\ud83d\udc4dGorgeous apariencia y vestido hermoso partido, sin duda puede atraer a una gran cantidad de clientes para la tienda.<\/p>\n<p>\u00a1\u00a1\u00a1Importante!!!<\/p>\n<p>Pol\u00edtica de devoluciones: el producto se env\u00eda desde China y es nuestro precio m\u00e1s bajo para tienda nueva, si no hay problema de calidad, no podemos aceptar la devoluci\u00f3n, ya que el flete de entrega es demasiado caro.(tenga cuidado).<\/p>\n<p>Enviamos por FEDEX, DHL, por lo que tendr\u00e1 que pagar algunos peque\u00f1os impuestos una vez que el despacho de aduana. pero no se preocupe, si usted tiene alguna pregunta, pls no dude en contactar con nosotros, el mejor servicio al cliente.<\/p>\n<p>CANADA tendr\u00e1 tasa de impuestos, alrededor de 10-20USD, si usted no est\u00e1 dispuesto a pagar la tasa de impuestos, pls no hacer el pedido, ya que si se rechaza el paquete y enviar de vuelta por DHL, que la p\u00e9rdida de un mont\u00f3n de dinero, tks.<\/p>\n<p>Si tiene alguna pregunta sobre el producto o encuentra alg\u00fan problema durante su uso, no dude en escribirnos, nos comprometemos a proporcionarle el soporte t\u00e9cnico m\u00e1s profesional y la mejor soluci\u00f3n en 24 horas. Su satisfacci\u00f3n es nuestro objetivo constante.<\/p>","protected":false},"excerpt":{"rendered":"<p>Modelo de medio cuerpo en tela escocesa, actualizaci\u00f3n personalizada de la tela.Forma precisa, postura elegante, brazos de madera maciza, movimiento libre<\/p>\n<p>Ideal para camisetas, chaquetas, vestidos, camisas, su\u00e9teres, pantalones, peluca y accesorios.(Nota: Los accesorios en la imagen son s\u00f3lo para mostrar, no incluidos en el paquete).<\/p>\n<p>El cuerpo del maniqu\u00ed fabricado mediante el proceso de impresi\u00f3n, sin ninguna otra costura, es m\u00e1s resistente<\/p>\n<p>Por favor, preste atenci\u00f3n al maniqu\u00ed que desea comprar antes de realizar el pedido. \u00a1\u00a1\u00a1Los tres modelos tienen diferentes longitudes de muslo!!!<\/p>","protected":false},"featured_media":42568,"comment_status":"open","ping_status":"closed","template":"","meta":{"_acf_changed":false},"product_brand":[],"product_cat":[51],"product_tag":[],"class_list":{"0":"post-42567","1":"product","2":"type-product","3":"status-publish","4":"has-post-thumbnail","6":"product_cat-retail-mannequins","8":"first","9":"instock","10":"shipping-taxable","11":"purchasable","12":"product-type-simple"},"acf":[],"yoast_head":"<!-- This site is optimized with the Yoast SEO plugin v27.4 - https:\/\/yoast.com\/product\/yoast-seo-wordpress\/ -->\n<title>DE-LIANG NEWEST Female Dressform Half Body Manenquin, Clothing Display Model Body Stand,Wooden Arms and Base for Clothing\/Dress Store Display, - DE-LIANG - jewelry,clothes,watch,beauty cosmetics<\/title>\n<meta name=\"robots\" content=\"index, follow, max-snippet:-1, max-image-preview:large, max-video-preview:-1\" \/>\n<link rel=\"canonical\" href=\"https:\/\/deliangdisplay.com\/es\/nuestro-producto\/muestra\/maniquies-para-minoristas\/de-liang-newest-female-dressform-half-body-manenquin-clothing-display-model-body-standwooden-arms-and-base-for-clothing-dress-store-display\/\" \/>\n<meta property=\"og:locale\" content=\"es_ES\" \/>\n<meta property=\"og:type\" content=\"article\" \/>\n<meta property=\"og:title\" content=\"DE-LIANG NEWEST Female Dressform Half Body Manenquin, Clothing Display Model Body Stand,Wooden Arms and Base for Clothing\/Dress Store Display, - DE-LIANG - jewelry,clothes,watch,beauty cosmetics\" \/>\n<meta property=\"og:description\" content=\"Half-body model in plaid fabric, personalized fabric upgrade.Accurate shape, elegant posture, solid wood arms, free movement  Great for t-shirts, jackets, dresses, shirts, sweaters, pants, wig and accessories.(Note: Accessories in the picture are for display only, not included in the package.)  The body of the mannequin made by the impression process, without any other stitching, is stronger  Please pay attention to the mannequin you want to buy before you place an order. All three models have different thigh lengths!!!\" \/>\n<meta property=\"og:url\" content=\"https:\/\/deliangdisplay.com\/es\/nuestro-producto\/muestra\/maniquies-para-minoristas\/de-liang-newest-female-dressform-half-body-manenquin-clothing-display-model-body-standwooden-arms-and-base-for-clothing-dress-store-display\/\" \/>\n<meta property=\"og:site_name\" content=\"DE-LIANG - jewelry,clothes,watch,beauty cosmetics\" \/>\n<meta property=\"article:publisher\" content=\"https:\/\/www.facebook.com\/JaneZhang008\/\" \/>\n<meta property=\"article:modified_time\" content=\"2025-08-19T06:40:55+00:00\" \/>\n<meta property=\"og:image\" content=\"https:\/\/deliangdisplay.com\/wp-content\/uploads\/2025\/08\/1_8a1320e8-dd5c-4600-baa0-576a48a135a2-1.jpg\" \/>\n\t<meta property=\"og:image:width\" content=\"1000\" \/>\n\t<meta property=\"og:image:height\" content=\"1000\" \/>\n\t<meta property=\"og:image:type\" content=\"image\/jpeg\" \/>\n<meta name=\"twitter:card\" content=\"summary_large_image\" \/>\n<meta name=\"twitter:site\" content=\"@ly673551729\" \/>\n<meta name=\"twitter:label1\" content=\"Tiempo de lectura\" \/>\n\t<meta name=\"twitter:data1\" content=\"3 minutos\" \/>\n<script type=\"application\/ld+json\" class=\"yoast-schema-graph\">{\"@context\":\"https:\\\/\\\/schema.org\",\"@graph\":[{\"@type\":\"WebPage\",\"@id\":\"https:\\\/\\\/deliangdisplay.com\\\/our-product\\\/displays\\\/retail-mannequins\\\/de-liang-newest-female-dressform-half-body-manenquin-clothing-display-model-body-standwooden-arms-and-base-for-clothing-dress-store-display\\\/\",\"url\":\"https:\\\/\\\/deliangdisplay.com\\\/our-product\\\/displays\\\/retail-mannequins\\\/de-liang-newest-female-dressform-half-body-manenquin-clothing-display-model-body-standwooden-arms-and-base-for-clothing-dress-store-display\\\/\",\"name\":\"DE-LIANG NEWEST Female Dressform Half Body Manenquin, Clothing Display Model Body Stand,Wooden Arms and Base for Clothing\\\/Dress Store Display, - DE-LIANG - jewelry,clothes,watch,beauty cosmetics\",\"isPartOf\":{\"@id\":\"https:\\\/\\\/deliangdisplay.com\\\/#website\"},\"primaryImageOfPage\":{\"@id\":\"https:\\\/\\\/deliangdisplay.com\\\/our-product\\\/displays\\\/retail-mannequins\\\/de-liang-newest-female-dressform-half-body-manenquin-clothing-display-model-body-standwooden-arms-and-base-for-clothing-dress-store-display\\\/#primaryimage\"},\"image\":{\"@id\":\"https:\\\/\\\/deliangdisplay.com\\\/our-product\\\/displays\\\/retail-mannequins\\\/de-liang-newest-female-dressform-half-body-manenquin-clothing-display-model-body-standwooden-arms-and-base-for-clothing-dress-store-display\\\/#primaryimage\"},\"thumbnailUrl\":\"https:\\\/\\\/deliangdisplay.com\\\/wp-content\\\/uploads\\\/2025\\\/08\\\/1_8a1320e8-dd5c-4600-baa0-576a48a135a2-1.jpg\",\"datePublished\":\"2025-08-19T06:40:53+00:00\",\"dateModified\":\"2025-08-19T06:40:55+00:00\",\"breadcrumb\":{\"@id\":\"https:\\\/\\\/deliangdisplay.com\\\/our-product\\\/displays\\\/retail-mannequins\\\/de-liang-newest-female-dressform-half-body-manenquin-clothing-display-model-body-standwooden-arms-and-base-for-clothing-dress-store-display\\\/#breadcrumb\"},\"inLanguage\":\"es\",\"potentialAction\":[{\"@type\":\"ReadAction\",\"target\":[\"https:\\\/\\\/deliangdisplay.com\\\/our-product\\\/displays\\\/retail-mannequins\\\/de-liang-newest-female-dressform-half-body-manenquin-clothing-display-model-body-standwooden-arms-and-base-for-clothing-dress-store-display\\\/\"]}]},{\"@type\":\"ImageObject\",\"inLanguage\":\"es\",\"@id\":\"https:\\\/\\\/deliangdisplay.com\\\/our-product\\\/displays\\\/retail-mannequins\\\/de-liang-newest-female-dressform-half-body-manenquin-clothing-display-model-body-standwooden-arms-and-base-for-clothing-dress-store-display\\\/#primaryimage\",\"url\":\"https:\\\/\\\/deliangdisplay.com\\\/wp-content\\\/uploads\\\/2025\\\/08\\\/1_8a1320e8-dd5c-4600-baa0-576a48a135a2-1.jpg\",\"contentUrl\":\"https:\\\/\\\/deliangdisplay.com\\\/wp-content\\\/uploads\\\/2025\\\/08\\\/1_8a1320e8-dd5c-4600-baa0-576a48a135a2-1.jpg\",\"width\":1000,\"height\":1000},{\"@type\":\"BreadcrumbList\",\"@id\":\"https:\\\/\\\/deliangdisplay.com\\\/our-product\\\/displays\\\/retail-mannequins\\\/de-liang-newest-female-dressform-half-body-manenquin-clothing-display-model-body-standwooden-arms-and-base-for-clothing-dress-store-display\\\/#breadcrumb\",\"itemListElement\":[{\"@type\":\"ListItem\",\"position\":1,\"name\":\"\u9996\u9875\",\"item\":\"https:\\\/\\\/deliangdisplay.com\\\/\"},{\"@type\":\"ListItem\",\"position\":2,\"name\":\"Our Product\",\"item\":\"https:\\\/\\\/deliangdisplay.com\\\/our-product\\\/\"},{\"@type\":\"ListItem\",\"position\":3,\"name\":\"DE-LIANG NEWEST Female Dressform Half Body Manenquin, Clothing Display Model Body Stand,Wooden Arms and Base for Clothing\\\/Dress Store Display,\"}]},{\"@type\":\"WebSite\",\"@id\":\"https:\\\/\\\/deliangdisplay.com\\\/#website\",\"url\":\"https:\\\/\\\/deliangdisplay.com\\\/\",\"name\":\"deliangdisplay.com\",\"description\":\"DE-LIANG - Providing bespoke packaging solutions and luxurious display design services for brands in jewelry, apparel, watches, beauty cosmetics, and more.\",\"publisher\":{\"@id\":\"https:\\\/\\\/deliangdisplay.com\\\/#organization\"},\"potentialAction\":[{\"@type\":\"SearchAction\",\"target\":{\"@type\":\"EntryPoint\",\"urlTemplate\":\"https:\\\/\\\/deliangdisplay.com\\\/?s={search_term_string}\"},\"query-input\":{\"@type\":\"PropertyValueSpecification\",\"valueRequired\":true,\"valueName\":\"search_term_string\"}}],\"inLanguage\":\"es\"},{\"@type\":\"Organization\",\"@id\":\"https:\\\/\\\/deliangdisplay.com\\\/#organization\",\"name\":\"deliangdisplay.com\",\"url\":\"https:\\\/\\\/deliangdisplay.com\\\/\",\"logo\":{\"@type\":\"ImageObject\",\"inLanguage\":\"es\",\"@id\":\"https:\\\/\\\/deliangdisplay.com\\\/#\\\/schema\\\/logo\\\/image\\\/\",\"url\":\"https:\\\/\\\/deliangdisplay.com\\\/wp-content\\\/uploads\\\/2025\\\/08\\\/DELIANGDISPALY_logo.png\",\"contentUrl\":\"https:\\\/\\\/deliangdisplay.com\\\/wp-content\\\/uploads\\\/2025\\\/08\\\/DELIANGDISPALY_logo.png\",\"width\":300,\"height\":130,\"caption\":\"deliangdisplay.com\"},\"image\":{\"@id\":\"https:\\\/\\\/deliangdisplay.com\\\/#\\\/schema\\\/logo\\\/image\\\/\"},\"sameAs\":[\"https:\\\/\\\/www.facebook.com\\\/JaneZhang008\\\/\",\"https:\\\/\\\/x.com\\\/ly673551729\"]}]}<\/script>\n<!-- \/ Yoast SEO plugin. -->","yoast_head_json":{"title":"DE-LIANG NEWEST Mujer Dressform Medio Cuerpo Maniqu\u00ed, Ropa Modelo de exhibici\u00f3n del cuerpo de pie, brazos de madera y base para la ropa \/ vestido de la tienda de exhibici\u00f3n, - DE-LIANG - joyer\u00eda,ropa,reloj,cosm\u00e9ticos de belleza","robots":{"index":"index","follow":"follow","max-snippet":"max-snippet:-1","max-image-preview":"max-image-preview:large","max-video-preview":"max-video-preview:-1"},"canonical":"https:\/\/deliangdisplay.com\/es\/nuestro-producto\/muestra\/maniquies-para-minoristas\/de-liang-newest-female-dressform-half-body-manenquin-clothing-display-model-body-standwooden-arms-and-base-for-clothing-dress-store-display\/","og_locale":"es_ES","og_type":"article","og_title":"DE-LIANG NEWEST Female Dressform Half Body Manenquin, Clothing Display Model Body Stand,Wooden Arms and Base for Clothing\/Dress Store Display, - DE-LIANG - jewelry,clothes,watch,beauty cosmetics","og_description":"Half-body model in plaid fabric, personalized fabric upgrade.Accurate shape, elegant posture, solid wood arms, free movement  Great for t-shirts, jackets, dresses, shirts, sweaters, pants, wig and accessories.(Note: Accessories in the picture are for display only, not included in the package.)  The body of the mannequin made by the impression process, without any other stitching, is stronger  Please pay attention to the mannequin you want to buy before you place an order. All three models have different thigh lengths!!!","og_url":"https:\/\/deliangdisplay.com\/es\/nuestro-producto\/muestra\/maniquies-para-minoristas\/de-liang-newest-female-dressform-half-body-manenquin-clothing-display-model-body-standwooden-arms-and-base-for-clothing-dress-store-display\/","og_site_name":"DE-LIANG - jewelry,clothes,watch,beauty cosmetics","article_publisher":"https:\/\/www.facebook.com\/JaneZhang008\/","article_modified_time":"2025-08-19T06:40:55+00:00","og_image":[{"width":1000,"height":1000,"url":"https:\/\/deliangdisplay.com\/wp-content\/uploads\/2025\/08\/1_8a1320e8-dd5c-4600-baa0-576a48a135a2-1.jpg","type":"image\/jpeg"}],"twitter_card":"summary_large_image","twitter_site":"@ly673551729","twitter_misc":{"Tiempo de lectura":"3 minutos"},"schema":{"@context":"https:\/\/schema.org","@graph":[{"@type":"WebPage","@id":"https:\/\/deliangdisplay.com\/our-product\/displays\/retail-mannequins\/de-liang-newest-female-dressform-half-body-manenquin-clothing-display-model-body-standwooden-arms-and-base-for-clothing-dress-store-display\/","url":"https:\/\/deliangdisplay.com\/our-product\/displays\/retail-mannequins\/de-liang-newest-female-dressform-half-body-manenquin-clothing-display-model-body-standwooden-arms-and-base-for-clothing-dress-store-display\/","name":"DE-LIANG NEWEST Mujer Dressform Medio Cuerpo Maniqu\u00ed, Ropa Modelo de exhibici\u00f3n del cuerpo de pie, brazos de madera y base para la ropa \/ vestido de la tienda de exhibici\u00f3n, - DE-LIANG - joyer\u00eda,ropa,reloj,cosm\u00e9ticos de belleza","isPartOf":{"@id":"https:\/\/deliangdisplay.com\/#website"},"primaryImageOfPage":{"@id":"https:\/\/deliangdisplay.com\/our-product\/displays\/retail-mannequins\/de-liang-newest-female-dressform-half-body-manenquin-clothing-display-model-body-standwooden-arms-and-base-for-clothing-dress-store-display\/#primaryimage"},"image":{"@id":"https:\/\/deliangdisplay.com\/our-product\/displays\/retail-mannequins\/de-liang-newest-female-dressform-half-body-manenquin-clothing-display-model-body-standwooden-arms-and-base-for-clothing-dress-store-display\/#primaryimage"},"thumbnailUrl":"https:\/\/deliangdisplay.com\/wp-content\/uploads\/2025\/08\/1_8a1320e8-dd5c-4600-baa0-576a48a135a2-1.jpg","datePublished":"2025-08-19T06:40:53+00:00","dateModified":"2025-08-19T06:40:55+00:00","breadcrumb":{"@id":"https:\/\/deliangdisplay.com\/our-product\/displays\/retail-mannequins\/de-liang-newest-female-dressform-half-body-manenquin-clothing-display-model-body-standwooden-arms-and-base-for-clothing-dress-store-display\/#breadcrumb"},"inLanguage":"es","potentialAction":[{"@type":"ReadAction","target":["https:\/\/deliangdisplay.com\/our-product\/displays\/retail-mannequins\/de-liang-newest-female-dressform-half-body-manenquin-clothing-display-model-body-standwooden-arms-and-base-for-clothing-dress-store-display\/"]}]},{"@type":"ImageObject","inLanguage":"es","@id":"https:\/\/deliangdisplay.com\/our-product\/displays\/retail-mannequins\/de-liang-newest-female-dressform-half-body-manenquin-clothing-display-model-body-standwooden-arms-and-base-for-clothing-dress-store-display\/#primaryimage","url":"https:\/\/deliangdisplay.com\/wp-content\/uploads\/2025\/08\/1_8a1320e8-dd5c-4600-baa0-576a48a135a2-1.jpg","contentUrl":"https:\/\/deliangdisplay.com\/wp-content\/uploads\/2025\/08\/1_8a1320e8-dd5c-4600-baa0-576a48a135a2-1.jpg","width":1000,"height":1000},{"@type":"BreadcrumbList","@id":"https:\/\/deliangdisplay.com\/our-product\/displays\/retail-mannequins\/de-liang-newest-female-dressform-half-body-manenquin-clothing-display-model-body-standwooden-arms-and-base-for-clothing-dress-store-display\/#breadcrumb","itemListElement":[{"@type":"ListItem","position":1,"name":"\u9996\u9875","item":"https:\/\/deliangdisplay.com\/"},{"@type":"ListItem","position":2,"name":"Our Product","item":"https:\/\/deliangdisplay.com\/our-product\/"},{"@type":"ListItem","position":3,"name":"DE-LIANG NEWEST Female Dressform Half Body Manenquin, Clothing Display Model Body Stand,Wooden Arms and Base for Clothing\/Dress Store Display,"}]},{"@type":"WebSite","@id":"https:\/\/deliangdisplay.com\/#website","url":"https:\/\/deliangdisplay.com\/","name":"deliangdisplay.com","description":"DE-LIANG - Proporciona soluciones de envasado a medida y servicios de dise\u00f1o de expositores de lujo para marcas de joyer\u00eda, ropa, relojes, cosm\u00e9ticos de belleza, etc.","publisher":{"@id":"https:\/\/deliangdisplay.com\/#organization"},"potentialAction":[{"@type":"SearchAction","target":{"@type":"EntryPoint","urlTemplate":"https:\/\/deliangdisplay.com\/?s={search_term_string}"},"query-input":{"@type":"PropertyValueSpecification","valueRequired":true,"valueName":"search_term_string"}}],"inLanguage":"es"},{"@type":"Organization","@id":"https:\/\/deliangdisplay.com\/#organization","name":"deliangdisplay.com","url":"https:\/\/deliangdisplay.com\/","logo":{"@type":"ImageObject","inLanguage":"es","@id":"https:\/\/deliangdisplay.com\/#\/schema\/logo\/image\/","url":"https:\/\/deliangdisplay.com\/wp-content\/uploads\/2025\/08\/DELIANGDISPALY_logo.png","contentUrl":"https:\/\/deliangdisplay.com\/wp-content\/uploads\/2025\/08\/DELIANGDISPALY_logo.png","width":300,"height":130,"caption":"deliangdisplay.com"},"image":{"@id":"https:\/\/deliangdisplay.com\/#\/schema\/logo\/image\/"},"sameAs":["https:\/\/www.facebook.com\/JaneZhang008\/","https:\/\/x.com\/ly673551729"]}]}},"_links":{"self":[{"href":"https:\/\/deliangdisplay.com\/es\/wp-json\/wp\/v2\/product\/42567","targetHints":{"allow":["GET"]}}],"collection":[{"href":"https:\/\/deliangdisplay.com\/es\/wp-json\/wp\/v2\/product"}],"about":[{"href":"https:\/\/deliangdisplay.com\/es\/wp-json\/wp\/v2\/types\/product"}],"replies":[{"embeddable":true,"href":"https:\/\/deliangdisplay.com\/es\/wp-json\/wp\/v2\/comments?post=42567"}],"wp:featuredmedia":[{"embeddable":true,"href":"https:\/\/deliangdisplay.com\/es\/wp-json\/wp\/v2\/media\/42568"}],"wp:attachment":[{"href":"https:\/\/deliangdisplay.com\/es\/wp-json\/wp\/v2\/media?parent=42567"}],"wp:term":[{"taxonomy":"product_brand","embeddable":true,"href":"https:\/\/deliangdisplay.com\/es\/wp-json\/wp\/v2\/product_brand?post=42567"},{"taxonomy":"product_cat","embeddable":true,"href":"https:\/\/deliangdisplay.com\/es\/wp-json\/wp\/v2\/product_cat?post=42567"},{"taxonomy":"product_tag","embeddable":true,"href":"https:\/\/deliangdisplay.com\/es\/wp-json\/wp\/v2\/product_tag?post=42567"}],"curies":[{"name":"wp","href":"https:\/\/api.w.org\/{rel}","templated":true}]}}