{"id":42557,"date":"2025-08-18T17:48:03","date_gmt":"2025-08-18T09:48:03","guid":{"rendered":"https:\/\/deliangdisplay.com\/?post_type=product&#038;p=42557"},"modified":"2025-08-18T17:48:04","modified_gmt":"2025-08-18T09:48:04","slug":"de-liang-liquidacion-saten-mujer-medio-cuerpo-maniqui-ajustable-mujeres-vestido-de-seda-forma-torso-ropa-modelo-propslady-forma-de-visualizacion-con-base-de-oro","status":"publish","type":"product","link":"https:\/\/deliangdisplay.com\/es\/nuestro-producto\/muestra\/maniquies-para-minoristas\/de-liang-liquidacion-saten-mujer-medio-cuerpo-maniqui-ajustable-mujeres-vestido-de-seda-forma-torso-ropa-modelo-propslady-forma-de-visualizacion-con-base-de-oro\/","title":{"rendered":"DE-LIANG Maniqu\u00ed de sat\u00e9n de medio cuerpo de mujer, vestido de seda ajustable, modelo de ropa, maniqu\u00ed de mujer con base de oro."},"content":{"rendered":"<p>Este es un maniqu\u00ed de sat\u00e9n de medio cuerpo para uso en escaparates. Usted puede utilizarlo para su joyer\u00eda, pa\u00f1o de lujo, bufandas, soporte de exhibici\u00f3n del pantal\u00f3n.<\/p>\n<p>Detalles del producto:<\/p>\n<p>\ud83d\udc49 Tama\u00f1o: Altura del cuerpo:79 cm (31,1 pulgadas)<br \/>\nAltura total ajustable:120 cm (47,2 pulgadas)<br \/>\nAnchura del hombro:42,5 cm(16,7 pulgadas)<br \/>\nBusto:86,5 cm (34 pulgadas)<br \/>\nCintura:67 cm(26,4 pulgadas)<br \/>\nCadera:89,5 cm (35,2 pulgadas)<br \/>\nAnchura de la base: 30 cm (11,8 pulgadas)<br \/>\nLongitud de la base: 39 cm (15,3 pulgadas)<\/p>\n<p>\ud83d\udc49Color: Oro rosa\/rojo rosa claro<\/p>\n<p>\ud83d\udc49 Materiales:<\/p>\n<p>1.Tejido: tela de sat\u00e9n c\u00f3moda, ambiente de alta calidad<\/p>\n<p>2.Base: Base cuadrada de oro (Soporte ajustable satisfacer diversas demandas. Puede utilizar el clip para ajustar la altura).<\/p>\n<p>\ud83d\udc4dEste maniqu\u00ed de medio cuerpo femenino con base de metal es nuestro nuevo producto muy de moda, tela de terciopelo de piel de almizcle, ambiente de alto grado.<\/p>\n<p>\ud83d\udc4dPuede utilizarlo para exponer sus productos en un escaparate, en un mostrador, en una estanter\u00eda escalonada o en el suelo. Ideal para jers\u00e9is, camisetas, chaquetas, vestidos, blusas, tops y accesorios.<\/p>\n<p>\ud83d\udc4dPeso ligero y f\u00e1cil de mover, es conveniente para usted para mover el maniqu\u00ed y adecuado para que usted coloque en cualquier lugar que lo necesite.<\/p>\n<p>\ud83d\udc4dLa base de metal es lo suficientemente duradera como para servir m\u00e1s tiempo y apoyar con fuerza todo el maniqu\u00ed.<\/p>\n<p>\ud83d\udc4dGorgeous apariencia y vestido hermoso partido, sin duda puede atraer a una gran cantidad de clientes para la tienda.<\/p>\n<p>\u00a1\u00a1\u00a1Importante!!!<\/p>\n<p>Pol\u00edtica de devoluciones: el producto se env\u00eda desde China y es nuestro precio m\u00e1s bajo para tienda nueva, si no hay problema de calidad, no podemos aceptar la devoluci\u00f3n, ya que el flete de entrega es demasiado caro.(tenga cuidado).<\/p>\n<p>Enviamos por FEDEX, DHL, por lo que tendr\u00e1 que pagar algunos peque\u00f1os impuestos una vez que el despacho de aduana. pero no se preocupe, si usted tiene alguna pregunta, pls no dude en contactar con nosotros, el mejor servicio al cliente.<\/p>\n<p>CANADA tendr\u00e1 tasa de impuestos, alrededor de 10-20USD, si usted no est\u00e1 dispuesto a pagar la tasa de impuestos, pls no hacer el pedido, ya que si se rechaza el paquete y enviar de vuelta por DHL, que la p\u00e9rdida de un mont\u00f3n de dinero, tks.<\/p>\n<p>maniqui de escaparate mujer, modelo de escaparate para vestido, maniqui de ropa de mujer, maniqui de seda satinada rosa amarillo azul.<\/p>","protected":false},"excerpt":{"rendered":"<p>Este es un maniqu\u00ed de sat\u00e9n de medio cuerpo para uso en escaparates. Usted puede utilizarlo para su joyer\u00eda, pa\u00f1o de lujo, bufandas, soporte de exhibici\u00f3n del pantal\u00f3n<\/p>","protected":false},"featured_media":42558,"comment_status":"open","ping_status":"closed","template":"","meta":{"_acf_changed":false},"product_brand":[],"product_cat":[51],"product_tag":[],"class_list":{"0":"post-42557","1":"product","2":"type-product","3":"status-publish","4":"has-post-thumbnail","6":"product_cat-retail-mannequins","8":"first","9":"instock","10":"shipping-taxable","11":"purchasable","12":"product-type-simple"},"acf":[],"yoast_head":"<!-- This site is optimized with the Yoast SEO plugin v27.4 - https:\/\/yoast.com\/product\/yoast-seo-wordpress\/ -->\n<title>DE-LIANG Clearance Satin Female Half Body Mannequin, Adjustable Women Silk Dress form Torso, Clothing Model Props,Lady Display Form with Golden Base - DE-LIANG - jewelry,clothes,watch,beauty cosmetics<\/title>\n<meta name=\"robots\" content=\"index, follow, max-snippet:-1, max-image-preview:large, max-video-preview:-1\" \/>\n<link rel=\"canonical\" href=\"https:\/\/deliangdisplay.com\/es\/nuestro-producto\/muestra\/maniquies-para-minoristas\/de-liang-liquidacion-saten-mujer-medio-cuerpo-maniqui-ajustable-mujeres-vestido-de-seda-forma-torso-ropa-modelo-propslady-forma-de-visualizacion-con-base-de-oro\/\" \/>\n<meta property=\"og:locale\" content=\"es_ES\" \/>\n<meta property=\"og:type\" content=\"article\" \/>\n<meta property=\"og:title\" content=\"DE-LIANG Clearance Satin Female Half Body Mannequin, Adjustable Women Silk Dress form Torso, Clothing Model Props,Lady Display Form with Golden Base - DE-LIANG - jewelry,clothes,watch,beauty cosmetics\" \/>\n<meta property=\"og:description\" content=\"This is Adult Female Satin Half body display mannequin for window cloth display usage. You can use it for your jewelry, luxury cloth, scarves, trouser display stand\" \/>\n<meta property=\"og:url\" content=\"https:\/\/deliangdisplay.com\/es\/nuestro-producto\/muestra\/maniquies-para-minoristas\/de-liang-liquidacion-saten-mujer-medio-cuerpo-maniqui-ajustable-mujeres-vestido-de-seda-forma-torso-ropa-modelo-propslady-forma-de-visualizacion-con-base-de-oro\/\" \/>\n<meta property=\"og:site_name\" content=\"DE-LIANG - jewelry,clothes,watch,beauty cosmetics\" \/>\n<meta property=\"article:publisher\" content=\"https:\/\/www.facebook.com\/JaneZhang008\/\" \/>\n<meta property=\"article:modified_time\" content=\"2025-08-18T09:48:04+00:00\" \/>\n<meta property=\"og:image\" content=\"https:\/\/deliangdisplay.com\/wp-content\/uploads\/2025\/08\/1_18.jpg\" \/>\n\t<meta property=\"og:image:width\" content=\"2000\" \/>\n\t<meta property=\"og:image:height\" content=\"2000\" \/>\n\t<meta property=\"og:image:type\" content=\"image\/jpeg\" \/>\n<meta name=\"twitter:card\" content=\"summary_large_image\" \/>\n<meta name=\"twitter:site\" content=\"@ly673551729\" \/>\n<meta name=\"twitter:label1\" content=\"Tiempo de lectura\" \/>\n\t<meta name=\"twitter:data1\" content=\"2 minutos\" \/>\n<script type=\"application\/ld+json\" class=\"yoast-schema-graph\">{\"@context\":\"https:\\\/\\\/schema.org\",\"@graph\":[{\"@type\":\"WebPage\",\"@id\":\"https:\\\/\\\/deliangdisplay.com\\\/our-product\\\/displays\\\/retail-mannequins\\\/de-liang-clearance-satin-female-half-body-mannequin-adjustable-women-silk-dress-form-torso-clothing-model-propslady-display-form-with-golden-base\\\/\",\"url\":\"https:\\\/\\\/deliangdisplay.com\\\/our-product\\\/displays\\\/retail-mannequins\\\/de-liang-clearance-satin-female-half-body-mannequin-adjustable-women-silk-dress-form-torso-clothing-model-propslady-display-form-with-golden-base\\\/\",\"name\":\"DE-LIANG Clearance Satin Female Half Body Mannequin, Adjustable Women Silk Dress form Torso, Clothing Model Props,Lady Display Form with Golden Base - DE-LIANG - jewelry,clothes,watch,beauty cosmetics\",\"isPartOf\":{\"@id\":\"https:\\\/\\\/deliangdisplay.com\\\/#website\"},\"primaryImageOfPage\":{\"@id\":\"https:\\\/\\\/deliangdisplay.com\\\/our-product\\\/displays\\\/retail-mannequins\\\/de-liang-clearance-satin-female-half-body-mannequin-adjustable-women-silk-dress-form-torso-clothing-model-propslady-display-form-with-golden-base\\\/#primaryimage\"},\"image\":{\"@id\":\"https:\\\/\\\/deliangdisplay.com\\\/our-product\\\/displays\\\/retail-mannequins\\\/de-liang-clearance-satin-female-half-body-mannequin-adjustable-women-silk-dress-form-torso-clothing-model-propslady-display-form-with-golden-base\\\/#primaryimage\"},\"thumbnailUrl\":\"https:\\\/\\\/deliangdisplay.com\\\/wp-content\\\/uploads\\\/2025\\\/08\\\/1_18.jpg\",\"datePublished\":\"2025-08-18T09:48:03+00:00\",\"dateModified\":\"2025-08-18T09:48:04+00:00\",\"breadcrumb\":{\"@id\":\"https:\\\/\\\/deliangdisplay.com\\\/our-product\\\/displays\\\/retail-mannequins\\\/de-liang-clearance-satin-female-half-body-mannequin-adjustable-women-silk-dress-form-torso-clothing-model-propslady-display-form-with-golden-base\\\/#breadcrumb\"},\"inLanguage\":\"es\",\"potentialAction\":[{\"@type\":\"ReadAction\",\"target\":[\"https:\\\/\\\/deliangdisplay.com\\\/our-product\\\/displays\\\/retail-mannequins\\\/de-liang-clearance-satin-female-half-body-mannequin-adjustable-women-silk-dress-form-torso-clothing-model-propslady-display-form-with-golden-base\\\/\"]}]},{\"@type\":\"ImageObject\",\"inLanguage\":\"es\",\"@id\":\"https:\\\/\\\/deliangdisplay.com\\\/our-product\\\/displays\\\/retail-mannequins\\\/de-liang-clearance-satin-female-half-body-mannequin-adjustable-women-silk-dress-form-torso-clothing-model-propslady-display-form-with-golden-base\\\/#primaryimage\",\"url\":\"https:\\\/\\\/deliangdisplay.com\\\/wp-content\\\/uploads\\\/2025\\\/08\\\/1_18.jpg\",\"contentUrl\":\"https:\\\/\\\/deliangdisplay.com\\\/wp-content\\\/uploads\\\/2025\\\/08\\\/1_18.jpg\",\"width\":2000,\"height\":2000,\"caption\":\"{\\\"ARInfo\\\":{\\\"IsUseAR\\\":false},\\\"Version\\\":\\\"1.0.1\\\",\\\"MakeupInfo\\\":{\\\"IsUseMakeup\\\":false},\\\"FaceliftInfo\\\":{\\\"IsChangeFacelift\\\":false,\\\"IsChangeThinFace\\\":false,\\\"IsChangeEyeLift\\\":false,\\\"IsChangeNose\\\":false,\\\"IsChangeMouth\\\":false,\\\"IsChangeFaceChin\\\":false},\\\"BeautyInfo\\\":{\\\"SwitchMedicatedAcne\\\":false,\\\"IsAIBeauty\\\":false,\\\"IsBrightEyes\\\":false,\\\"IsSharpen\\\":false,\\\"IsOldBeauty\\\":false,\\\"IsReduceBlackEyes\\\":false},\\\"HandlerInfo\\\":{\\\"AppName\\\":1},\\\"PhotoInfo\\\":{\\\"IsUseMultiPhotoMode\\\":false},\\\"BigMovieInfo\\\":{\\\"IsUseBigMovie\\\":false},\\\"FilterInfo\\\":{\\\"IsUseFilter\\\":true,\\\"FilterList\\\":[\\\"ET0062013\\\"],\\\"FilterValueList\\\":[\\\"0.77\\\"],\\\"FilterCount\\\":1}}\"},{\"@type\":\"BreadcrumbList\",\"@id\":\"https:\\\/\\\/deliangdisplay.com\\\/our-product\\\/displays\\\/retail-mannequins\\\/de-liang-clearance-satin-female-half-body-mannequin-adjustable-women-silk-dress-form-torso-clothing-model-propslady-display-form-with-golden-base\\\/#breadcrumb\",\"itemListElement\":[{\"@type\":\"ListItem\",\"position\":1,\"name\":\"\u9996\u9875\",\"item\":\"https:\\\/\\\/deliangdisplay.com\\\/\"},{\"@type\":\"ListItem\",\"position\":2,\"name\":\"Our Product\",\"item\":\"https:\\\/\\\/deliangdisplay.com\\\/our-product\\\/\"},{\"@type\":\"ListItem\",\"position\":3,\"name\":\"DE-LIANG Clearance Satin Female Half Body Mannequin, Adjustable Women Silk Dress form Torso, Clothing Model Props,Lady Display Form with Golden Base\"}]},{\"@type\":\"WebSite\",\"@id\":\"https:\\\/\\\/deliangdisplay.com\\\/#website\",\"url\":\"https:\\\/\\\/deliangdisplay.com\\\/\",\"name\":\"deliangdisplay.com\",\"description\":\"DE-LIANG - Providing bespoke packaging solutions and luxurious display design services for brands in jewelry, apparel, watches, beauty cosmetics, and more.\",\"publisher\":{\"@id\":\"https:\\\/\\\/deliangdisplay.com\\\/#organization\"},\"potentialAction\":[{\"@type\":\"SearchAction\",\"target\":{\"@type\":\"EntryPoint\",\"urlTemplate\":\"https:\\\/\\\/deliangdisplay.com\\\/?s={search_term_string}\"},\"query-input\":{\"@type\":\"PropertyValueSpecification\",\"valueRequired\":true,\"valueName\":\"search_term_string\"}}],\"inLanguage\":\"es\"},{\"@type\":\"Organization\",\"@id\":\"https:\\\/\\\/deliangdisplay.com\\\/#organization\",\"name\":\"deliangdisplay.com\",\"url\":\"https:\\\/\\\/deliangdisplay.com\\\/\",\"logo\":{\"@type\":\"ImageObject\",\"inLanguage\":\"es\",\"@id\":\"https:\\\/\\\/deliangdisplay.com\\\/#\\\/schema\\\/logo\\\/image\\\/\",\"url\":\"https:\\\/\\\/deliangdisplay.com\\\/wp-content\\\/uploads\\\/2025\\\/08\\\/DELIANGDISPALY_logo.png\",\"contentUrl\":\"https:\\\/\\\/deliangdisplay.com\\\/wp-content\\\/uploads\\\/2025\\\/08\\\/DELIANGDISPALY_logo.png\",\"width\":300,\"height\":130,\"caption\":\"deliangdisplay.com\"},\"image\":{\"@id\":\"https:\\\/\\\/deliangdisplay.com\\\/#\\\/schema\\\/logo\\\/image\\\/\"},\"sameAs\":[\"https:\\\/\\\/www.facebook.com\\\/JaneZhang008\\\/\",\"https:\\\/\\\/x.com\\\/ly673551729\"]}]}<\/script>\n<!-- \/ Yoast SEO plugin. -->","yoast_head_json":{"title":"DE-LIANG Liquidaci\u00f3n de Sat\u00e9n de la Mujer Maniqu\u00ed de medio cuerpo, las mujeres de seda ajustable vestido de la forma del torso, la ropa del modelo de accesorios, se\u00f1ora de la forma de visualizaci\u00f3n con base de oro - DE-LIANG - joyer\u00eda,ropa,reloj,cosm\u00e9ticos de belleza","robots":{"index":"index","follow":"follow","max-snippet":"max-snippet:-1","max-image-preview":"max-image-preview:large","max-video-preview":"max-video-preview:-1"},"canonical":"https:\/\/deliangdisplay.com\/es\/nuestro-producto\/muestra\/maniquies-para-minoristas\/de-liang-liquidacion-saten-mujer-medio-cuerpo-maniqui-ajustable-mujeres-vestido-de-seda-forma-torso-ropa-modelo-propslady-forma-de-visualizacion-con-base-de-oro\/","og_locale":"es_ES","og_type":"article","og_title":"DE-LIANG Clearance Satin Female Half Body Mannequin, Adjustable Women Silk Dress form Torso, Clothing Model Props,Lady Display Form with Golden Base - DE-LIANG - jewelry,clothes,watch,beauty cosmetics","og_description":"This is Adult Female Satin Half body display mannequin for window cloth display usage. You can use it for your jewelry, luxury cloth, scarves, trouser display stand","og_url":"https:\/\/deliangdisplay.com\/es\/nuestro-producto\/muestra\/maniquies-para-minoristas\/de-liang-liquidacion-saten-mujer-medio-cuerpo-maniqui-ajustable-mujeres-vestido-de-seda-forma-torso-ropa-modelo-propslady-forma-de-visualizacion-con-base-de-oro\/","og_site_name":"DE-LIANG - jewelry,clothes,watch,beauty cosmetics","article_publisher":"https:\/\/www.facebook.com\/JaneZhang008\/","article_modified_time":"2025-08-18T09:48:04+00:00","og_image":[{"width":2000,"height":2000,"url":"https:\/\/deliangdisplay.com\/wp-content\/uploads\/2025\/08\/1_18.jpg","type":"image\/jpeg"}],"twitter_card":"summary_large_image","twitter_site":"@ly673551729","twitter_misc":{"Tiempo de lectura":"2 minutos"},"schema":{"@context":"https:\/\/schema.org","@graph":[{"@type":"WebPage","@id":"https:\/\/deliangdisplay.com\/our-product\/displays\/retail-mannequins\/de-liang-clearance-satin-female-half-body-mannequin-adjustable-women-silk-dress-form-torso-clothing-model-propslady-display-form-with-golden-base\/","url":"https:\/\/deliangdisplay.com\/our-product\/displays\/retail-mannequins\/de-liang-clearance-satin-female-half-body-mannequin-adjustable-women-silk-dress-form-torso-clothing-model-propslady-display-form-with-golden-base\/","name":"DE-LIANG Liquidaci\u00f3n de Sat\u00e9n de la Mujer Maniqu\u00ed de medio cuerpo, las mujeres de seda ajustable vestido de la forma del torso, la ropa del modelo de accesorios, se\u00f1ora de la forma de visualizaci\u00f3n con base de oro - DE-LIANG - joyer\u00eda,ropa,reloj,cosm\u00e9ticos de belleza","isPartOf":{"@id":"https:\/\/deliangdisplay.com\/#website"},"primaryImageOfPage":{"@id":"https:\/\/deliangdisplay.com\/our-product\/displays\/retail-mannequins\/de-liang-clearance-satin-female-half-body-mannequin-adjustable-women-silk-dress-form-torso-clothing-model-propslady-display-form-with-golden-base\/#primaryimage"},"image":{"@id":"https:\/\/deliangdisplay.com\/our-product\/displays\/retail-mannequins\/de-liang-clearance-satin-female-half-body-mannequin-adjustable-women-silk-dress-form-torso-clothing-model-propslady-display-form-with-golden-base\/#primaryimage"},"thumbnailUrl":"https:\/\/deliangdisplay.com\/wp-content\/uploads\/2025\/08\/1_18.jpg","datePublished":"2025-08-18T09:48:03+00:00","dateModified":"2025-08-18T09:48:04+00:00","breadcrumb":{"@id":"https:\/\/deliangdisplay.com\/our-product\/displays\/retail-mannequins\/de-liang-clearance-satin-female-half-body-mannequin-adjustable-women-silk-dress-form-torso-clothing-model-propslady-display-form-with-golden-base\/#breadcrumb"},"inLanguage":"es","potentialAction":[{"@type":"ReadAction","target":["https:\/\/deliangdisplay.com\/our-product\/displays\/retail-mannequins\/de-liang-clearance-satin-female-half-body-mannequin-adjustable-women-silk-dress-form-torso-clothing-model-propslady-display-form-with-golden-base\/"]}]},{"@type":"ImageObject","inLanguage":"es","@id":"https:\/\/deliangdisplay.com\/our-product\/displays\/retail-mannequins\/de-liang-clearance-satin-female-half-body-mannequin-adjustable-women-silk-dress-form-torso-clothing-model-propslady-display-form-with-golden-base\/#primaryimage","url":"https:\/\/deliangdisplay.com\/wp-content\/uploads\/2025\/08\/1_18.jpg","contentUrl":"https:\/\/deliangdisplay.com\/wp-content\/uploads\/2025\/08\/1_18.jpg","width":2000,"height":2000,"caption":"{\"ARInfo\":{\"IsUseAR\":false},\"Version\":\"1.0.1\",\"MakeupInfo\":{\"IsUseMakeup\":false},\"FaceliftInfo\":{\"IsChangeFacelift\":false,\"IsChangeThinFace\":false,\"IsChangeEyeLift\":false,\"IsChangeNose\":false,\"IsChangeMouth\":false,\"IsChangeFaceChin\":false},\"BeautyInfo\":{\"SwitchMedicatedAcne\":false,\"IsAIBeauty\":false,\"IsBrightEyes\":false,\"IsSharpen\":false,\"IsOldBeauty\":false,\"IsReduceBlackEyes\":false},\"HandlerInfo\":{\"AppName\":1},\"PhotoInfo\":{\"IsUseMultiPhotoMode\":false},\"BigMovieInfo\":{\"IsUseBigMovie\":false},\"FilterInfo\":{\"IsUseFilter\":true,\"FilterList\":[\"ET0062013\"],\"FilterValueList\":[\"0.77\"],\"FilterCount\":1}}"},{"@type":"BreadcrumbList","@id":"https:\/\/deliangdisplay.com\/our-product\/displays\/retail-mannequins\/de-liang-clearance-satin-female-half-body-mannequin-adjustable-women-silk-dress-form-torso-clothing-model-propslady-display-form-with-golden-base\/#breadcrumb","itemListElement":[{"@type":"ListItem","position":1,"name":"\u9996\u9875","item":"https:\/\/deliangdisplay.com\/"},{"@type":"ListItem","position":2,"name":"Our Product","item":"https:\/\/deliangdisplay.com\/our-product\/"},{"@type":"ListItem","position":3,"name":"DE-LIANG Clearance Satin Female Half Body Mannequin, Adjustable Women Silk Dress form Torso, Clothing Model Props,Lady Display Form with Golden Base"}]},{"@type":"WebSite","@id":"https:\/\/deliangdisplay.com\/#website","url":"https:\/\/deliangdisplay.com\/","name":"deliangdisplay.com","description":"DE-LIANG - Proporciona soluciones de envasado a medida y servicios de dise\u00f1o de expositores de lujo para marcas de joyer\u00eda, ropa, relojes, cosm\u00e9ticos de belleza, etc.","publisher":{"@id":"https:\/\/deliangdisplay.com\/#organization"},"potentialAction":[{"@type":"SearchAction","target":{"@type":"EntryPoint","urlTemplate":"https:\/\/deliangdisplay.com\/?s={search_term_string}"},"query-input":{"@type":"PropertyValueSpecification","valueRequired":true,"valueName":"search_term_string"}}],"inLanguage":"es"},{"@type":"Organization","@id":"https:\/\/deliangdisplay.com\/#organization","name":"deliangdisplay.com","url":"https:\/\/deliangdisplay.com\/","logo":{"@type":"ImageObject","inLanguage":"es","@id":"https:\/\/deliangdisplay.com\/#\/schema\/logo\/image\/","url":"https:\/\/deliangdisplay.com\/wp-content\/uploads\/2025\/08\/DELIANGDISPALY_logo.png","contentUrl":"https:\/\/deliangdisplay.com\/wp-content\/uploads\/2025\/08\/DELIANGDISPALY_logo.png","width":300,"height":130,"caption":"deliangdisplay.com"},"image":{"@id":"https:\/\/deliangdisplay.com\/#\/schema\/logo\/image\/"},"sameAs":["https:\/\/www.facebook.com\/JaneZhang008\/","https:\/\/x.com\/ly673551729"]}]}},"_links":{"self":[{"href":"https:\/\/deliangdisplay.com\/es\/wp-json\/wp\/v2\/product\/42557","targetHints":{"allow":["GET"]}}],"collection":[{"href":"https:\/\/deliangdisplay.com\/es\/wp-json\/wp\/v2\/product"}],"about":[{"href":"https:\/\/deliangdisplay.com\/es\/wp-json\/wp\/v2\/types\/product"}],"replies":[{"embeddable":true,"href":"https:\/\/deliangdisplay.com\/es\/wp-json\/wp\/v2\/comments?post=42557"}],"wp:featuredmedia":[{"embeddable":true,"href":"https:\/\/deliangdisplay.com\/es\/wp-json\/wp\/v2\/media\/42558"}],"wp:attachment":[{"href":"https:\/\/deliangdisplay.com\/es\/wp-json\/wp\/v2\/media?parent=42557"}],"wp:term":[{"taxonomy":"product_brand","embeddable":true,"href":"https:\/\/deliangdisplay.com\/es\/wp-json\/wp\/v2\/product_brand?post=42557"},{"taxonomy":"product_cat","embeddable":true,"href":"https:\/\/deliangdisplay.com\/es\/wp-json\/wp\/v2\/product_cat?post=42557"},{"taxonomy":"product_tag","embeddable":true,"href":"https:\/\/deliangdisplay.com\/es\/wp-json\/wp\/v2\/product_tag?post=42557"}],"curies":[{"name":"wp","href":"https:\/\/api.w.org\/{rel}","templated":true}]}}