{"id":42546,"date":"2025-08-18T15:41:38","date_gmt":"2025-08-18T07:41:38","guid":{"rendered":"https:\/\/deliangdisplay.com\/?post_type=product&#038;p=42546"},"modified":"2025-08-18T15:41:39","modified_gmt":"2025-08-18T07:41:39","slug":"de-liang-de-lujo-maniqui-de-medio-cuerpo-de-mujermoda-tela-de-cuero-vestido-forma-torsobust-modelwooden-brazo-cabeza-maniqui-cuerpo-femenino-ropa-pantalla","status":"publish","type":"product","link":"https:\/\/deliangdisplay.com\/es\/nuestro-producto\/muestra\/maniquies-para-minoristas\/de-liang-de-lujo-maniqui-de-medio-cuerpo-de-mujermoda-tela-de-cuero-vestido-forma-torsobust-modelwooden-brazo-cabeza-maniqui-cuerpo-femenino-ropa-pantalla\/","title":{"rendered":"DE-LIANG Lujo Mujer Medio Cuerpo Maniqu\u00ed,Vestido de Tela de Moda Forma torso,Modelo de busto,Brazo de Madera Cabeza Maniqu\u00ed Cuerpo Femenino Ropa Display"},"content":{"rendered":"<p>DE-LIANG maniqu\u00ed de cuero de medio cuerpo de mujer, \u00a1el dise\u00f1o m\u00e1s nuevo en 2025!<\/p>\n<p>-Revestimiento de la cabeza: funda de tela<br \/>\nTejidos de cuero<br \/>\nBase cuadrada plateada<\/p>\n<p>-Los brazos son de madera de color blanco\/marr\u00f3n antiguo<\/p>\n<p>-El material es fibra de vidrio<\/p>\n<p>-Tapa superior desmontable, interfaz met\u00e1lica, robusta y fiable<br \/>\nBrazo de madera maciza, calidad de gama alta, material de madera maciza<br \/>\nInterfaz de resorte del brazo, interfaz de resorte, extra\u00edble y desmontable<\/p>\n<p>-Nos comprometemos a hacer que cada ventana tenga un encanto \u00fanico. Con la calidad y el servicio como n\u00facleo, creamos cada producto con todo nuestro coraz\u00f3n para ofrecerle una nueva experiencia de creaci\u00f3n de ventanas. Un estricto sistema de calidad y un servicio sin preocupaciones durante todo el proceso son nuestra filosof\u00eda y persistencia. Haga que su escaparate sea bello<\/p>\n<p>----------Size-------------<\/p>\n<p>Anchura del hombro:40cm(16 pulgadas)<\/p>\n<p>Busto:70cm(27.5 inch)<\/p>\n<p>Cintura:56cm(22 pulgadas)<\/p>\n<p>Cadera:77cm(30.3 inch)<\/p>\n<p>Altura del cuerpo:68CM(28 pulgadas)<\/p>\n<p>Altura ajustable:143-188CM(56.3-74 inch)<\/p>\n<p>----------Advantage---------<\/p>\n<p>.:Maniqu\u00ed busto: se utiliza para escaparate. Se puede utilizar como un sombrero, pa\u00f1o de lujo, bufanda, pantalones soporte de exhibici\u00f3n. Los brazos y la cabeza de madera son desmontables.<\/p>\n<p>.:Dise\u00f1o de contorno de cabeza abstracto, alta plasticidad, dise\u00f1o de interfaz de tornillo, conveniente y firme;<\/p>\n<p>.:Dise\u00f1o de resorte de interfaz de brazo, f\u00e1cil instalaci\u00f3n, rotaci\u00f3n de 360\u00b0;<\/p>\n<p>.Dedos mec\u00e1nicos, imitando el dise\u00f1o de las articulaciones humanas.<\/p>\n<p>.:Puede soportar objetos pesados, pr\u00eat-\u00e0-porter, vestidos de novia, muebles y materiales de decoraci\u00f3n. Base antideslizante, m\u00e1s estable. Evita rayar el suelo al mover el modelo.<\/p>\n<p>.:Base met\u00e1lica, fabricada en acero inoxidable, de bella y exquisita apariencia, estable y duradera.<\/p>\n<p>\u00a1\u00a1\u00a1Importante!!!<\/p>\n<p>Algunos pa\u00edses tendr\u00e1n tasa de impuestos, alrededor de 20USD, si usted no est\u00e1 dispuesto a pagar la tasa de impuestos, pls no hacer el pedido, ya que si se rechaza el paquete y enviar de vuelta por DHL, que la p\u00e9rdida de un mont\u00f3n de dinero, tks.<\/p>\n<p>Pol\u00edtica de devoluciones: el producto se env\u00eda desde China y es nuestro precio m\u00e1s bajo para tienda nueva, si no hay problema de calidad, no podemos aceptar la devoluci\u00f3n, ya que el flete de entrega es demasiado caro.(tenga cuidado).<\/p>\n<p>La mercanc\u00eda se env\u00eda por v\u00eda a\u00e9rea de puerta a puerta, y el plazo de env\u00edo es de 12-15 d\u00edas (incluidos los gastos de despacho de aduanas e impuestos). Si desea recibir la mercanc\u00eda m\u00e1s r\u00e1pido, puede ponerse en contacto con nosotros y organizaremos el env\u00edo urgente para usted. Si lo prefiere, puede recibirlo en 7-10 d\u00edas, pero los gastos de aduana y los impuestos no est\u00e1n incluidos\uff01\uff01\uff01\uff01.<\/p>\n<p>Si desea comprar el modelo para hombre, puede hacer clic en el siguiente enlace para verlo y comprarlo: \uff01\uff01\uff01\uff01<\/p>\n<p>https:\/\/www.etsy.com\/listing\/1640954427\/<\/p>\n<p>\ud83d\udc49\u00bfPregunta?<\/p>\n<p>Si tiene alguna pregunta, p\u00f3ngase en contacto con nosotros. Le responderemos en un plazo de 24 horas.<\/p>","protected":false},"excerpt":{"rendered":"<p>DE-LIANG maniqu\u00ed de cuero de medio cuerpo de mujer, \u00a1el dise\u00f1o m\u00e1s nuevo en 2025!<\/p>","protected":false},"featured_media":42547,"comment_status":"open","ping_status":"closed","template":"","meta":{"_acf_changed":false},"product_brand":[],"product_cat":[51],"product_tag":[],"class_list":{"0":"post-42546","1":"product","2":"type-product","3":"status-publish","4":"has-post-thumbnail","6":"product_cat-retail-mannequins","8":"first","9":"instock","10":"shipping-taxable","11":"purchasable","12":"product-type-simple"},"acf":[],"yoast_head":"<!-- This site is optimized with the Yoast SEO plugin v27.4 - https:\/\/yoast.com\/product\/yoast-seo-wordpress\/ -->\n<title>DE-LIANG Luxury Female Half Body Mannequin,Fashion Leather Fabric Dress Form torso,Bust Model,Wooden Arm Head Dummy Female Body Clothing Display - DE-LIANG - jewelry,clothes,watch,beauty cosmetics<\/title>\n<meta name=\"robots\" content=\"index, follow, max-snippet:-1, max-image-preview:large, max-video-preview:-1\" \/>\n<link rel=\"canonical\" href=\"https:\/\/deliangdisplay.com\/es\/nuestro-producto\/muestra\/maniquies-para-minoristas\/de-liang-de-lujo-maniqui-de-medio-cuerpo-de-mujermoda-tela-de-cuero-vestido-forma-torsobust-modelwooden-brazo-cabeza-maniqui-cuerpo-femenino-ropa-pantalla\/\" \/>\n<meta property=\"og:locale\" content=\"es_ES\" \/>\n<meta property=\"og:type\" content=\"article\" \/>\n<meta property=\"og:title\" content=\"DE-LIANG Luxury Female Half Body Mannequin,Fashion Leather Fabric Dress Form torso,Bust Model,Wooden Arm Head Dummy Female Body Clothing Display - DE-LIANG - jewelry,clothes,watch,beauty cosmetics\" \/>\n<meta property=\"og:description\" content=\"DE-LIANG female half body leather display mannequin, the newest design in 2025!\" \/>\n<meta property=\"og:url\" content=\"https:\/\/deliangdisplay.com\/es\/nuestro-producto\/muestra\/maniquies-para-minoristas\/de-liang-de-lujo-maniqui-de-medio-cuerpo-de-mujermoda-tela-de-cuero-vestido-forma-torsobust-modelwooden-brazo-cabeza-maniqui-cuerpo-femenino-ropa-pantalla\/\" \/>\n<meta property=\"og:site_name\" content=\"DE-LIANG - jewelry,clothes,watch,beauty cosmetics\" \/>\n<meta property=\"article:publisher\" content=\"https:\/\/www.facebook.com\/JaneZhang008\/\" \/>\n<meta property=\"article:modified_time\" content=\"2025-08-18T07:41:39+00:00\" \/>\n<meta property=\"og:image\" content=\"https:\/\/deliangdisplay.com\/wp-content\/uploads\/2025\/08\/1_1c24af5a-b561-4833-9318-e690e68a8056.jpg\" \/>\n\t<meta property=\"og:image:width\" content=\"1000\" \/>\n\t<meta property=\"og:image:height\" content=\"1000\" \/>\n\t<meta property=\"og:image:type\" content=\"image\/jpeg\" \/>\n<meta name=\"twitter:card\" content=\"summary_large_image\" \/>\n<meta name=\"twitter:site\" content=\"@ly673551729\" \/>\n<meta name=\"twitter:label1\" content=\"Tiempo de lectura\" \/>\n\t<meta name=\"twitter:data1\" content=\"2 minutos\" \/>\n<script type=\"application\/ld+json\" class=\"yoast-schema-graph\">{\"@context\":\"https:\\\/\\\/schema.org\",\"@graph\":[{\"@type\":\"WebPage\",\"@id\":\"https:\\\/\\\/deliangdisplay.com\\\/our-product\\\/displays\\\/retail-mannequins\\\/de-liang-luxury-female-half-body-mannequinfashion-leather-fabric-dress-form-torsobust-modelwooden-arm-head-dummy-female-body-clothing-display\\\/\",\"url\":\"https:\\\/\\\/deliangdisplay.com\\\/our-product\\\/displays\\\/retail-mannequins\\\/de-liang-luxury-female-half-body-mannequinfashion-leather-fabric-dress-form-torsobust-modelwooden-arm-head-dummy-female-body-clothing-display\\\/\",\"name\":\"DE-LIANG Luxury Female Half Body Mannequin,Fashion Leather Fabric Dress Form torso,Bust Model,Wooden Arm Head Dummy Female Body Clothing Display - DE-LIANG - jewelry,clothes,watch,beauty cosmetics\",\"isPartOf\":{\"@id\":\"https:\\\/\\\/deliangdisplay.com\\\/#website\"},\"primaryImageOfPage\":{\"@id\":\"https:\\\/\\\/deliangdisplay.com\\\/our-product\\\/displays\\\/retail-mannequins\\\/de-liang-luxury-female-half-body-mannequinfashion-leather-fabric-dress-form-torsobust-modelwooden-arm-head-dummy-female-body-clothing-display\\\/#primaryimage\"},\"image\":{\"@id\":\"https:\\\/\\\/deliangdisplay.com\\\/our-product\\\/displays\\\/retail-mannequins\\\/de-liang-luxury-female-half-body-mannequinfashion-leather-fabric-dress-form-torsobust-modelwooden-arm-head-dummy-female-body-clothing-display\\\/#primaryimage\"},\"thumbnailUrl\":\"https:\\\/\\\/deliangdisplay.com\\\/wp-content\\\/uploads\\\/2025\\\/08\\\/1_1c24af5a-b561-4833-9318-e690e68a8056.jpg\",\"datePublished\":\"2025-08-18T07:41:38+00:00\",\"dateModified\":\"2025-08-18T07:41:39+00:00\",\"breadcrumb\":{\"@id\":\"https:\\\/\\\/deliangdisplay.com\\\/our-product\\\/displays\\\/retail-mannequins\\\/de-liang-luxury-female-half-body-mannequinfashion-leather-fabric-dress-form-torsobust-modelwooden-arm-head-dummy-female-body-clothing-display\\\/#breadcrumb\"},\"inLanguage\":\"es\",\"potentialAction\":[{\"@type\":\"ReadAction\",\"target\":[\"https:\\\/\\\/deliangdisplay.com\\\/our-product\\\/displays\\\/retail-mannequins\\\/de-liang-luxury-female-half-body-mannequinfashion-leather-fabric-dress-form-torsobust-modelwooden-arm-head-dummy-female-body-clothing-display\\\/\"]}]},{\"@type\":\"ImageObject\",\"inLanguage\":\"es\",\"@id\":\"https:\\\/\\\/deliangdisplay.com\\\/our-product\\\/displays\\\/retail-mannequins\\\/de-liang-luxury-female-half-body-mannequinfashion-leather-fabric-dress-form-torsobust-modelwooden-arm-head-dummy-female-body-clothing-display\\\/#primaryimage\",\"url\":\"https:\\\/\\\/deliangdisplay.com\\\/wp-content\\\/uploads\\\/2025\\\/08\\\/1_1c24af5a-b561-4833-9318-e690e68a8056.jpg\",\"contentUrl\":\"https:\\\/\\\/deliangdisplay.com\\\/wp-content\\\/uploads\\\/2025\\\/08\\\/1_1c24af5a-b561-4833-9318-e690e68a8056.jpg\",\"width\":1000,\"height\":1000},{\"@type\":\"BreadcrumbList\",\"@id\":\"https:\\\/\\\/deliangdisplay.com\\\/our-product\\\/displays\\\/retail-mannequins\\\/de-liang-luxury-female-half-body-mannequinfashion-leather-fabric-dress-form-torsobust-modelwooden-arm-head-dummy-female-body-clothing-display\\\/#breadcrumb\",\"itemListElement\":[{\"@type\":\"ListItem\",\"position\":1,\"name\":\"\u9996\u9875\",\"item\":\"https:\\\/\\\/deliangdisplay.com\\\/\"},{\"@type\":\"ListItem\",\"position\":2,\"name\":\"Our Product\",\"item\":\"https:\\\/\\\/deliangdisplay.com\\\/our-product\\\/\"},{\"@type\":\"ListItem\",\"position\":3,\"name\":\"DE-LIANG Luxury Female Half Body Mannequin,Fashion Leather Fabric Dress Form torso,Bust Model,Wooden Arm Head Dummy Female Body Clothing Display\"}]},{\"@type\":\"WebSite\",\"@id\":\"https:\\\/\\\/deliangdisplay.com\\\/#website\",\"url\":\"https:\\\/\\\/deliangdisplay.com\\\/\",\"name\":\"deliangdisplay.com\",\"description\":\"DE-LIANG - Providing bespoke packaging solutions and luxurious display design services for brands in jewelry, apparel, watches, beauty cosmetics, and more.\",\"publisher\":{\"@id\":\"https:\\\/\\\/deliangdisplay.com\\\/#organization\"},\"potentialAction\":[{\"@type\":\"SearchAction\",\"target\":{\"@type\":\"EntryPoint\",\"urlTemplate\":\"https:\\\/\\\/deliangdisplay.com\\\/?s={search_term_string}\"},\"query-input\":{\"@type\":\"PropertyValueSpecification\",\"valueRequired\":true,\"valueName\":\"search_term_string\"}}],\"inLanguage\":\"es\"},{\"@type\":\"Organization\",\"@id\":\"https:\\\/\\\/deliangdisplay.com\\\/#organization\",\"name\":\"deliangdisplay.com\",\"url\":\"https:\\\/\\\/deliangdisplay.com\\\/\",\"logo\":{\"@type\":\"ImageObject\",\"inLanguage\":\"es\",\"@id\":\"https:\\\/\\\/deliangdisplay.com\\\/#\\\/schema\\\/logo\\\/image\\\/\",\"url\":\"https:\\\/\\\/deliangdisplay.com\\\/wp-content\\\/uploads\\\/2025\\\/08\\\/DELIANGDISPALY_logo.png\",\"contentUrl\":\"https:\\\/\\\/deliangdisplay.com\\\/wp-content\\\/uploads\\\/2025\\\/08\\\/DELIANGDISPALY_logo.png\",\"width\":300,\"height\":130,\"caption\":\"deliangdisplay.com\"},\"image\":{\"@id\":\"https:\\\/\\\/deliangdisplay.com\\\/#\\\/schema\\\/logo\\\/image\\\/\"},\"sameAs\":[\"https:\\\/\\\/www.facebook.com\\\/JaneZhang008\\\/\",\"https:\\\/\\\/x.com\\\/ly673551729\"]}]}<\/script>\n<!-- \/ Yoast SEO plugin. -->","yoast_head_json":{"title":"DE-LIANG de lujo de la Mujer de medio cuerpo maniqu\u00ed, la moda de cuero de tela vestido de forma torso, busto modelo, brazo de madera de la cabeza maniqu\u00ed de cuerpo femenino Ropa Display - DE-LIANG - joyer\u00eda, ropa, reloj, cosm\u00e9ticos de belleza","robots":{"index":"index","follow":"follow","max-snippet":"max-snippet:-1","max-image-preview":"max-image-preview:large","max-video-preview":"max-video-preview:-1"},"canonical":"https:\/\/deliangdisplay.com\/es\/nuestro-producto\/muestra\/maniquies-para-minoristas\/de-liang-de-lujo-maniqui-de-medio-cuerpo-de-mujermoda-tela-de-cuero-vestido-forma-torsobust-modelwooden-brazo-cabeza-maniqui-cuerpo-femenino-ropa-pantalla\/","og_locale":"es_ES","og_type":"article","og_title":"DE-LIANG Luxury Female Half Body Mannequin,Fashion Leather Fabric Dress Form torso,Bust Model,Wooden Arm Head Dummy Female Body Clothing Display - DE-LIANG - jewelry,clothes,watch,beauty cosmetics","og_description":"DE-LIANG female half body leather display mannequin, the newest design in 2025!","og_url":"https:\/\/deliangdisplay.com\/es\/nuestro-producto\/muestra\/maniquies-para-minoristas\/de-liang-de-lujo-maniqui-de-medio-cuerpo-de-mujermoda-tela-de-cuero-vestido-forma-torsobust-modelwooden-brazo-cabeza-maniqui-cuerpo-femenino-ropa-pantalla\/","og_site_name":"DE-LIANG - jewelry,clothes,watch,beauty cosmetics","article_publisher":"https:\/\/www.facebook.com\/JaneZhang008\/","article_modified_time":"2025-08-18T07:41:39+00:00","og_image":[{"width":1000,"height":1000,"url":"https:\/\/deliangdisplay.com\/wp-content\/uploads\/2025\/08\/1_1c24af5a-b561-4833-9318-e690e68a8056.jpg","type":"image\/jpeg"}],"twitter_card":"summary_large_image","twitter_site":"@ly673551729","twitter_misc":{"Tiempo de lectura":"2 minutos"},"schema":{"@context":"https:\/\/schema.org","@graph":[{"@type":"WebPage","@id":"https:\/\/deliangdisplay.com\/our-product\/displays\/retail-mannequins\/de-liang-luxury-female-half-body-mannequinfashion-leather-fabric-dress-form-torsobust-modelwooden-arm-head-dummy-female-body-clothing-display\/","url":"https:\/\/deliangdisplay.com\/our-product\/displays\/retail-mannequins\/de-liang-luxury-female-half-body-mannequinfashion-leather-fabric-dress-form-torsobust-modelwooden-arm-head-dummy-female-body-clothing-display\/","name":"DE-LIANG de lujo de la Mujer de medio cuerpo maniqu\u00ed, la moda de cuero de tela vestido de forma torso, busto modelo, brazo de madera de la cabeza maniqu\u00ed de cuerpo femenino Ropa Display - DE-LIANG - joyer\u00eda, ropa, reloj, cosm\u00e9ticos de belleza","isPartOf":{"@id":"https:\/\/deliangdisplay.com\/#website"},"primaryImageOfPage":{"@id":"https:\/\/deliangdisplay.com\/our-product\/displays\/retail-mannequins\/de-liang-luxury-female-half-body-mannequinfashion-leather-fabric-dress-form-torsobust-modelwooden-arm-head-dummy-female-body-clothing-display\/#primaryimage"},"image":{"@id":"https:\/\/deliangdisplay.com\/our-product\/displays\/retail-mannequins\/de-liang-luxury-female-half-body-mannequinfashion-leather-fabric-dress-form-torsobust-modelwooden-arm-head-dummy-female-body-clothing-display\/#primaryimage"},"thumbnailUrl":"https:\/\/deliangdisplay.com\/wp-content\/uploads\/2025\/08\/1_1c24af5a-b561-4833-9318-e690e68a8056.jpg","datePublished":"2025-08-18T07:41:38+00:00","dateModified":"2025-08-18T07:41:39+00:00","breadcrumb":{"@id":"https:\/\/deliangdisplay.com\/our-product\/displays\/retail-mannequins\/de-liang-luxury-female-half-body-mannequinfashion-leather-fabric-dress-form-torsobust-modelwooden-arm-head-dummy-female-body-clothing-display\/#breadcrumb"},"inLanguage":"es","potentialAction":[{"@type":"ReadAction","target":["https:\/\/deliangdisplay.com\/our-product\/displays\/retail-mannequins\/de-liang-luxury-female-half-body-mannequinfashion-leather-fabric-dress-form-torsobust-modelwooden-arm-head-dummy-female-body-clothing-display\/"]}]},{"@type":"ImageObject","inLanguage":"es","@id":"https:\/\/deliangdisplay.com\/our-product\/displays\/retail-mannequins\/de-liang-luxury-female-half-body-mannequinfashion-leather-fabric-dress-form-torsobust-modelwooden-arm-head-dummy-female-body-clothing-display\/#primaryimage","url":"https:\/\/deliangdisplay.com\/wp-content\/uploads\/2025\/08\/1_1c24af5a-b561-4833-9318-e690e68a8056.jpg","contentUrl":"https:\/\/deliangdisplay.com\/wp-content\/uploads\/2025\/08\/1_1c24af5a-b561-4833-9318-e690e68a8056.jpg","width":1000,"height":1000},{"@type":"BreadcrumbList","@id":"https:\/\/deliangdisplay.com\/our-product\/displays\/retail-mannequins\/de-liang-luxury-female-half-body-mannequinfashion-leather-fabric-dress-form-torsobust-modelwooden-arm-head-dummy-female-body-clothing-display\/#breadcrumb","itemListElement":[{"@type":"ListItem","position":1,"name":"\u9996\u9875","item":"https:\/\/deliangdisplay.com\/"},{"@type":"ListItem","position":2,"name":"Our Product","item":"https:\/\/deliangdisplay.com\/our-product\/"},{"@type":"ListItem","position":3,"name":"DE-LIANG Luxury Female Half Body Mannequin,Fashion Leather Fabric Dress Form torso,Bust Model,Wooden Arm Head Dummy Female Body Clothing Display"}]},{"@type":"WebSite","@id":"https:\/\/deliangdisplay.com\/#website","url":"https:\/\/deliangdisplay.com\/","name":"deliangdisplay.com","description":"DE-LIANG - Proporciona soluciones de envasado a medida y servicios de dise\u00f1o de expositores de lujo para marcas de joyer\u00eda, ropa, relojes, cosm\u00e9ticos de belleza, etc.","publisher":{"@id":"https:\/\/deliangdisplay.com\/#organization"},"potentialAction":[{"@type":"SearchAction","target":{"@type":"EntryPoint","urlTemplate":"https:\/\/deliangdisplay.com\/?s={search_term_string}"},"query-input":{"@type":"PropertyValueSpecification","valueRequired":true,"valueName":"search_term_string"}}],"inLanguage":"es"},{"@type":"Organization","@id":"https:\/\/deliangdisplay.com\/#organization","name":"deliangdisplay.com","url":"https:\/\/deliangdisplay.com\/","logo":{"@type":"ImageObject","inLanguage":"es","@id":"https:\/\/deliangdisplay.com\/#\/schema\/logo\/image\/","url":"https:\/\/deliangdisplay.com\/wp-content\/uploads\/2025\/08\/DELIANGDISPALY_logo.png","contentUrl":"https:\/\/deliangdisplay.com\/wp-content\/uploads\/2025\/08\/DELIANGDISPALY_logo.png","width":300,"height":130,"caption":"deliangdisplay.com"},"image":{"@id":"https:\/\/deliangdisplay.com\/#\/schema\/logo\/image\/"},"sameAs":["https:\/\/www.facebook.com\/JaneZhang008\/","https:\/\/x.com\/ly673551729"]}]}},"_links":{"self":[{"href":"https:\/\/deliangdisplay.com\/es\/wp-json\/wp\/v2\/product\/42546","targetHints":{"allow":["GET"]}}],"collection":[{"href":"https:\/\/deliangdisplay.com\/es\/wp-json\/wp\/v2\/product"}],"about":[{"href":"https:\/\/deliangdisplay.com\/es\/wp-json\/wp\/v2\/types\/product"}],"replies":[{"embeddable":true,"href":"https:\/\/deliangdisplay.com\/es\/wp-json\/wp\/v2\/comments?post=42546"}],"wp:featuredmedia":[{"embeddable":true,"href":"https:\/\/deliangdisplay.com\/es\/wp-json\/wp\/v2\/media\/42547"}],"wp:attachment":[{"href":"https:\/\/deliangdisplay.com\/es\/wp-json\/wp\/v2\/media?parent=42546"}],"wp:term":[{"taxonomy":"product_brand","embeddable":true,"href":"https:\/\/deliangdisplay.com\/es\/wp-json\/wp\/v2\/product_brand?post=42546"},{"taxonomy":"product_cat","embeddable":true,"href":"https:\/\/deliangdisplay.com\/es\/wp-json\/wp\/v2\/product_cat?post=42546"},{"taxonomy":"product_tag","embeddable":true,"href":"https:\/\/deliangdisplay.com\/es\/wp-json\/wp\/v2\/product_tag?post=42546"}],"curies":[{"name":"wp","href":"https:\/\/api.w.org\/{rel}","templated":true}]}}