{"id":42349,"date":"2025-08-08T16:18:15","date_gmt":"2025-08-08T08:18:15","guid":{"rendered":"https:\/\/deliangdisplay.com\/?post_type=product&#038;p=42349"},"modified":"2025-08-08T16:18:16","modified_gmt":"2025-08-08T08:18:16","slug":"de-liang-marron-pu-cuero-gran-capacidad-joyero-rectangulo-forma-de-moda-apilable-organizador-caja-de-regalo-para-las-mujeres","status":"publish","type":"product","link":"https:\/\/deliangdisplay.com\/es\/nuestro-producto\/envasado\/embalaje-para-organizacion-de-joyas\/de-liang-marron-pu-cuero-gran-capacidad-joyero-rectangulo-forma-de-moda-apilable-organizador-caja-de-regalo-para-las-mujeres\/","title":{"rendered":"DE-LIANG Estuche de joyer\u00eda de gran capacidad de cuero de pu marr\u00f3n forma rectangular organizador apilable de moda caja de regalo para las mujeres"},"content":{"rendered":"<h3 data-start=\"792\" data-end=\"822\">\ud83c\udf1f <strong data-start=\"799\" data-end=\"822\">Aspectos destacados del producto:<\/strong><\/h3>\n<ul data-start=\"824\" data-end=\"1337\">\n<li data-start=\"824\" data-end=\"902\">\n<p data-start=\"826\" data-end=\"902\"><strong data-start=\"826\" data-end=\"857\">Exterior de cuero PU de primera calidad<\/strong>: Suave, resistente al desgaste y f\u00e1cil de limpiar<\/p>\n<\/li>\n<li data-start=\"903\" data-end=\"1011\">\n<p data-start=\"905\" data-end=\"1011\"><strong data-start=\"905\" data-end=\"937\">Almacenamiento espacioso de varias capas<\/strong>: Amplio espacio con compartimentos bien organizados para todas sus necesidades de joyer\u00eda<\/p>\n<\/li>\n<li data-start=\"1012\" data-end=\"1100\">\n<p data-start=\"1014\" data-end=\"1100\"><strong data-start=\"1014\" data-end=\"1042\">Forma rectangular moderna<\/strong>: Su dise\u00f1o apilable ahorra espacio y mejora la presentaci\u00f3n<\/p>\n<\/li>\n<li data-start=\"1101\" data-end=\"1174\">\n<p data-start=\"1103\" data-end=\"1174\"><strong data-start=\"1103\" data-end=\"1125\">Forro de terciopelo suave<\/strong>: Protege las joyas de ara\u00f1azos y oxidaci\u00f3n<\/p>\n<\/li>\n<li data-start=\"1175\" data-end=\"1255\">\n<p data-start=\"1177\" data-end=\"1255\"><strong data-start=\"1177\" data-end=\"1203\">Opciones de cierre seguro<\/strong>: Cierre magn\u00e9tico o de cremallera para mantener el contenido a salvo<\/p>\n<\/li>\n<li data-start=\"1256\" data-end=\"1337\">\n<p data-start=\"1258\" data-end=\"1337\"><strong data-start=\"1258\" data-end=\"1283\">Logotipo personalizado disponible<\/strong>: Perfecto para la marca, la venta al por mayor o el envasado de regalos<\/p>\n<\/li>\n<\/ul>\n<hr data-start=\"1339\" data-end=\"1342\" \/>\n<h3 data-start=\"1344\" data-end=\"1365\">\ud83c\udf81 <strong data-start=\"1351\" data-end=\"1365\">Ideal para:<\/strong><\/h3>\n<ul data-start=\"1367\" data-end=\"1510\">\n<li data-start=\"1367\" data-end=\"1395\">\n<p data-start=\"1369\" data-end=\"1395\">Embalaje de joyas de lujo<\/p>\n<\/li>\n<li data-start=\"1396\" data-end=\"1439\">\n<p data-start=\"1398\" data-end=\"1439\">Regalos de vacaciones, cumplea\u00f1os o aniversario<\/p>\n<\/li>\n<li data-start=\"1440\" data-end=\"1478\">\n<p data-start=\"1442\" data-end=\"1478\">Marca de distribuidor o marca blanca<\/p>\n<\/li>\n<li data-start=\"1479\" data-end=\"1510\">\n<p data-start=\"1481\" data-end=\"1510\">Almacenamiento diario o uso en viajes<\/p>\n<\/li>\n<\/ul>\n<hr data-start=\"1512\" data-end=\"1515\" \/>\n<p data-start=\"1517\" data-end=\"1715\">\ud83d\udce6 <strong data-start=\"1520\" data-end=\"1597\">DE-LIANG se especializa en soluciones de embalaje de joyer\u00eda personalizables de alta gama<\/strong> - que ofrece una gran variedad de materiales, dise\u00f1os y opciones de logotipos para mejorar la presentaci\u00f3n de su marca y sus productos.<\/p>","protected":false},"excerpt":{"rendered":"<p data-start=\"281\" data-end=\"690\">This DE-LIANG brown PU leather large-capacity jewelry case combines elegant design with practical function. Featuring a sleek rectangular shape and high-quality faux leather exterior, it offers a sophisticated look with excellent durability. The thoughtfully divided interior compartments make it easy to store rings, earrings, necklaces, bracelets, watches, and more \u2014 perfect for everyday use or travel.<\/p>\n<p data-start=\"692\" data-end=\"785\">Whether used as a personal organizer or a luxury gift box, this piece is designed to impress.<\/p>","protected":false},"featured_media":42355,"comment_status":"open","ping_status":"closed","template":"","meta":{"_acf_changed":false},"product_brand":[],"product_cat":[73],"product_tag":[],"class_list":{"0":"post-42349","1":"product","2":"type-product","3":"status-publish","4":"has-post-thumbnail","6":"product_cat-jewelry-organization-packaging","8":"first","9":"instock","10":"shipping-taxable","11":"purchasable","12":"product-type-simple"},"acf":[],"yoast_head":"<!-- This site is optimized with the Yoast SEO plugin v27.4 - https:\/\/yoast.com\/product\/yoast-seo-wordpress\/ -->\n<title>DE-LIANG Brown Pu Leather Large Capacity Jewelry Case Rectangle Shape Fashionable Stackable Organizer Gift Box for Women - DE-LIANG - jewelry,clothes,watch,beauty cosmetics<\/title>\n<meta name=\"robots\" content=\"index, follow, max-snippet:-1, max-image-preview:large, max-video-preview:-1\" \/>\n<link rel=\"canonical\" href=\"https:\/\/deliangdisplay.com\/es\/nuestro-producto\/envasado\/embalaje-para-organizacion-de-joyas\/de-liang-marron-pu-cuero-gran-capacidad-joyero-rectangulo-forma-de-moda-apilable-organizador-caja-de-regalo-para-las-mujeres\/\" \/>\n<meta property=\"og:locale\" content=\"es_ES\" \/>\n<meta property=\"og:type\" content=\"article\" \/>\n<meta property=\"og:title\" content=\"DE-LIANG Brown Pu Leather Large Capacity Jewelry Case Rectangle Shape Fashionable Stackable Organizer Gift Box for Women - DE-LIANG - jewelry,clothes,watch,beauty cosmetics\" \/>\n<meta property=\"og:description\" content=\"This DE-LIANG brown PU leather large-capacity jewelry case combines elegant design with practical function. Featuring a sleek rectangular shape and high-quality faux leather exterior, it offers a sophisticated look with excellent durability. The thoughtfully divided interior compartments make it easy to store rings, earrings, necklaces, bracelets, watches, and more \u2014 perfect for everyday use or travel. Whether used as a personal organizer or a luxury gift box, this piece is designed to impress.\" \/>\n<meta property=\"og:url\" content=\"https:\/\/deliangdisplay.com\/es\/nuestro-producto\/envasado\/embalaje-para-organizacion-de-joyas\/de-liang-marron-pu-cuero-gran-capacidad-joyero-rectangulo-forma-de-moda-apilable-organizador-caja-de-regalo-para-las-mujeres\/\" \/>\n<meta property=\"og:site_name\" content=\"DE-LIANG - jewelry,clothes,watch,beauty cosmetics\" \/>\n<meta property=\"article:publisher\" content=\"https:\/\/www.facebook.com\/JaneZhang008\/\" \/>\n<meta property=\"article:modified_time\" content=\"2025-08-08T08:18:16+00:00\" \/>\n<meta property=\"og:image\" content=\"https:\/\/deliangdisplay.com\/wp-content\/uploads\/2025\/08\/1-35.png\" \/>\n\t<meta property=\"og:image:width\" content=\"800\" \/>\n\t<meta property=\"og:image:height\" content=\"800\" \/>\n\t<meta property=\"og:image:type\" content=\"image\/png\" \/>\n<meta name=\"twitter:card\" content=\"summary_large_image\" \/>\n<meta name=\"twitter:site\" content=\"@ly673551729\" \/>\n<meta name=\"twitter:label1\" content=\"Tiempo de lectura\" \/>\n\t<meta name=\"twitter:data1\" content=\"1 minuto\" \/>\n<script type=\"application\/ld+json\" class=\"yoast-schema-graph\">{\"@context\":\"https:\\\/\\\/schema.org\",\"@graph\":[{\"@type\":\"WebPage\",\"@id\":\"https:\\\/\\\/deliangdisplay.com\\\/our-product\\\/packaging\\\/jewelry-organization-packaging\\\/de-liang-brown-pu-leather-large-capacity-jewelry-case-rectangle-shape-fashionable-stackable-organizer-gift-box-for-women\\\/\",\"url\":\"https:\\\/\\\/deliangdisplay.com\\\/our-product\\\/packaging\\\/jewelry-organization-packaging\\\/de-liang-brown-pu-leather-large-capacity-jewelry-case-rectangle-shape-fashionable-stackable-organizer-gift-box-for-women\\\/\",\"name\":\"DE-LIANG Brown Pu Leather Large Capacity Jewelry Case Rectangle Shape Fashionable Stackable Organizer Gift Box for Women - DE-LIANG - jewelry,clothes,watch,beauty cosmetics\",\"isPartOf\":{\"@id\":\"https:\\\/\\\/deliangdisplay.com\\\/#website\"},\"primaryImageOfPage\":{\"@id\":\"https:\\\/\\\/deliangdisplay.com\\\/our-product\\\/packaging\\\/jewelry-organization-packaging\\\/de-liang-brown-pu-leather-large-capacity-jewelry-case-rectangle-shape-fashionable-stackable-organizer-gift-box-for-women\\\/#primaryimage\"},\"image\":{\"@id\":\"https:\\\/\\\/deliangdisplay.com\\\/our-product\\\/packaging\\\/jewelry-organization-packaging\\\/de-liang-brown-pu-leather-large-capacity-jewelry-case-rectangle-shape-fashionable-stackable-organizer-gift-box-for-women\\\/#primaryimage\"},\"thumbnailUrl\":\"https:\\\/\\\/deliangdisplay.com\\\/wp-content\\\/uploads\\\/2025\\\/08\\\/1-35.png\",\"datePublished\":\"2025-08-08T08:18:15+00:00\",\"dateModified\":\"2025-08-08T08:18:16+00:00\",\"breadcrumb\":{\"@id\":\"https:\\\/\\\/deliangdisplay.com\\\/our-product\\\/packaging\\\/jewelry-organization-packaging\\\/de-liang-brown-pu-leather-large-capacity-jewelry-case-rectangle-shape-fashionable-stackable-organizer-gift-box-for-women\\\/#breadcrumb\"},\"inLanguage\":\"es\",\"potentialAction\":[{\"@type\":\"ReadAction\",\"target\":[\"https:\\\/\\\/deliangdisplay.com\\\/our-product\\\/packaging\\\/jewelry-organization-packaging\\\/de-liang-brown-pu-leather-large-capacity-jewelry-case-rectangle-shape-fashionable-stackable-organizer-gift-box-for-women\\\/\"]}]},{\"@type\":\"ImageObject\",\"inLanguage\":\"es\",\"@id\":\"https:\\\/\\\/deliangdisplay.com\\\/our-product\\\/packaging\\\/jewelry-organization-packaging\\\/de-liang-brown-pu-leather-large-capacity-jewelry-case-rectangle-shape-fashionable-stackable-organizer-gift-box-for-women\\\/#primaryimage\",\"url\":\"https:\\\/\\\/deliangdisplay.com\\\/wp-content\\\/uploads\\\/2025\\\/08\\\/1-35.png\",\"contentUrl\":\"https:\\\/\\\/deliangdisplay.com\\\/wp-content\\\/uploads\\\/2025\\\/08\\\/1-35.png\",\"width\":800,\"height\":800},{\"@type\":\"BreadcrumbList\",\"@id\":\"https:\\\/\\\/deliangdisplay.com\\\/our-product\\\/packaging\\\/jewelry-organization-packaging\\\/de-liang-brown-pu-leather-large-capacity-jewelry-case-rectangle-shape-fashionable-stackable-organizer-gift-box-for-women\\\/#breadcrumb\",\"itemListElement\":[{\"@type\":\"ListItem\",\"position\":1,\"name\":\"\u9996\u9875\",\"item\":\"https:\\\/\\\/deliangdisplay.com\\\/\"},{\"@type\":\"ListItem\",\"position\":2,\"name\":\"Our Product\",\"item\":\"https:\\\/\\\/deliangdisplay.com\\\/our-product\\\/\"},{\"@type\":\"ListItem\",\"position\":3,\"name\":\"DE-LIANG Brown Pu Leather Large Capacity Jewelry Case Rectangle Shape Fashionable Stackable Organizer Gift Box for Women\"}]},{\"@type\":\"WebSite\",\"@id\":\"https:\\\/\\\/deliangdisplay.com\\\/#website\",\"url\":\"https:\\\/\\\/deliangdisplay.com\\\/\",\"name\":\"deliangdisplay.com\",\"description\":\"DE-LIANG - Providing bespoke packaging solutions and luxurious display design services for brands in jewelry, apparel, watches, beauty cosmetics, and more.\",\"publisher\":{\"@id\":\"https:\\\/\\\/deliangdisplay.com\\\/#organization\"},\"potentialAction\":[{\"@type\":\"SearchAction\",\"target\":{\"@type\":\"EntryPoint\",\"urlTemplate\":\"https:\\\/\\\/deliangdisplay.com\\\/?s={search_term_string}\"},\"query-input\":{\"@type\":\"PropertyValueSpecification\",\"valueRequired\":true,\"valueName\":\"search_term_string\"}}],\"inLanguage\":\"es\"},{\"@type\":\"Organization\",\"@id\":\"https:\\\/\\\/deliangdisplay.com\\\/#organization\",\"name\":\"deliangdisplay.com\",\"url\":\"https:\\\/\\\/deliangdisplay.com\\\/\",\"logo\":{\"@type\":\"ImageObject\",\"inLanguage\":\"es\",\"@id\":\"https:\\\/\\\/deliangdisplay.com\\\/#\\\/schema\\\/logo\\\/image\\\/\",\"url\":\"https:\\\/\\\/deliangdisplay.com\\\/wp-content\\\/uploads\\\/2025\\\/08\\\/DELIANGDISPALY_logo.png\",\"contentUrl\":\"https:\\\/\\\/deliangdisplay.com\\\/wp-content\\\/uploads\\\/2025\\\/08\\\/DELIANGDISPALY_logo.png\",\"width\":300,\"height\":130,\"caption\":\"deliangdisplay.com\"},\"image\":{\"@id\":\"https:\\\/\\\/deliangdisplay.com\\\/#\\\/schema\\\/logo\\\/image\\\/\"},\"sameAs\":[\"https:\\\/\\\/www.facebook.com\\\/JaneZhang008\\\/\",\"https:\\\/\\\/x.com\\\/ly673551729\"]}]}<\/script>\n<!-- \/ Yoast SEO plugin. -->","yoast_head_json":{"title":"DE-LIANG marr\u00f3n Pu cuero de gran capacidad joyer\u00eda caso rect\u00e1ngulo forma de moda apilable organizador caja de regalo para las mujeres - DE-LIANG - joyer\u00eda,ropa,reloj,cosm\u00e9ticos de belleza","robots":{"index":"index","follow":"follow","max-snippet":"max-snippet:-1","max-image-preview":"max-image-preview:large","max-video-preview":"max-video-preview:-1"},"canonical":"https:\/\/deliangdisplay.com\/es\/nuestro-producto\/envasado\/embalaje-para-organizacion-de-joyas\/de-liang-marron-pu-cuero-gran-capacidad-joyero-rectangulo-forma-de-moda-apilable-organizador-caja-de-regalo-para-las-mujeres\/","og_locale":"es_ES","og_type":"article","og_title":"DE-LIANG Brown Pu Leather Large Capacity Jewelry Case Rectangle Shape Fashionable Stackable Organizer Gift Box for Women - DE-LIANG - jewelry,clothes,watch,beauty cosmetics","og_description":"This DE-LIANG brown PU leather large-capacity jewelry case combines elegant design with practical function. Featuring a sleek rectangular shape and high-quality faux leather exterior, it offers a sophisticated look with excellent durability. The thoughtfully divided interior compartments make it easy to store rings, earrings, necklaces, bracelets, watches, and more \u2014 perfect for everyday use or travel. Whether used as a personal organizer or a luxury gift box, this piece is designed to impress.","og_url":"https:\/\/deliangdisplay.com\/es\/nuestro-producto\/envasado\/embalaje-para-organizacion-de-joyas\/de-liang-marron-pu-cuero-gran-capacidad-joyero-rectangulo-forma-de-moda-apilable-organizador-caja-de-regalo-para-las-mujeres\/","og_site_name":"DE-LIANG - jewelry,clothes,watch,beauty cosmetics","article_publisher":"https:\/\/www.facebook.com\/JaneZhang008\/","article_modified_time":"2025-08-08T08:18:16+00:00","og_image":[{"width":800,"height":800,"url":"https:\/\/deliangdisplay.com\/wp-content\/uploads\/2025\/08\/1-35.png","type":"image\/png"}],"twitter_card":"summary_large_image","twitter_site":"@ly673551729","twitter_misc":{"Tiempo de lectura":"1 minuto"},"schema":{"@context":"https:\/\/schema.org","@graph":[{"@type":"WebPage","@id":"https:\/\/deliangdisplay.com\/our-product\/packaging\/jewelry-organization-packaging\/de-liang-brown-pu-leather-large-capacity-jewelry-case-rectangle-shape-fashionable-stackable-organizer-gift-box-for-women\/","url":"https:\/\/deliangdisplay.com\/our-product\/packaging\/jewelry-organization-packaging\/de-liang-brown-pu-leather-large-capacity-jewelry-case-rectangle-shape-fashionable-stackable-organizer-gift-box-for-women\/","name":"DE-LIANG marr\u00f3n Pu cuero de gran capacidad joyer\u00eda caso rect\u00e1ngulo forma de moda apilable organizador caja de regalo para las mujeres - DE-LIANG - joyer\u00eda,ropa,reloj,cosm\u00e9ticos de belleza","isPartOf":{"@id":"https:\/\/deliangdisplay.com\/#website"},"primaryImageOfPage":{"@id":"https:\/\/deliangdisplay.com\/our-product\/packaging\/jewelry-organization-packaging\/de-liang-brown-pu-leather-large-capacity-jewelry-case-rectangle-shape-fashionable-stackable-organizer-gift-box-for-women\/#primaryimage"},"image":{"@id":"https:\/\/deliangdisplay.com\/our-product\/packaging\/jewelry-organization-packaging\/de-liang-brown-pu-leather-large-capacity-jewelry-case-rectangle-shape-fashionable-stackable-organizer-gift-box-for-women\/#primaryimage"},"thumbnailUrl":"https:\/\/deliangdisplay.com\/wp-content\/uploads\/2025\/08\/1-35.png","datePublished":"2025-08-08T08:18:15+00:00","dateModified":"2025-08-08T08:18:16+00:00","breadcrumb":{"@id":"https:\/\/deliangdisplay.com\/our-product\/packaging\/jewelry-organization-packaging\/de-liang-brown-pu-leather-large-capacity-jewelry-case-rectangle-shape-fashionable-stackable-organizer-gift-box-for-women\/#breadcrumb"},"inLanguage":"es","potentialAction":[{"@type":"ReadAction","target":["https:\/\/deliangdisplay.com\/our-product\/packaging\/jewelry-organization-packaging\/de-liang-brown-pu-leather-large-capacity-jewelry-case-rectangle-shape-fashionable-stackable-organizer-gift-box-for-women\/"]}]},{"@type":"ImageObject","inLanguage":"es","@id":"https:\/\/deliangdisplay.com\/our-product\/packaging\/jewelry-organization-packaging\/de-liang-brown-pu-leather-large-capacity-jewelry-case-rectangle-shape-fashionable-stackable-organizer-gift-box-for-women\/#primaryimage","url":"https:\/\/deliangdisplay.com\/wp-content\/uploads\/2025\/08\/1-35.png","contentUrl":"https:\/\/deliangdisplay.com\/wp-content\/uploads\/2025\/08\/1-35.png","width":800,"height":800},{"@type":"BreadcrumbList","@id":"https:\/\/deliangdisplay.com\/our-product\/packaging\/jewelry-organization-packaging\/de-liang-brown-pu-leather-large-capacity-jewelry-case-rectangle-shape-fashionable-stackable-organizer-gift-box-for-women\/#breadcrumb","itemListElement":[{"@type":"ListItem","position":1,"name":"\u9996\u9875","item":"https:\/\/deliangdisplay.com\/"},{"@type":"ListItem","position":2,"name":"Our Product","item":"https:\/\/deliangdisplay.com\/our-product\/"},{"@type":"ListItem","position":3,"name":"DE-LIANG Brown Pu Leather Large Capacity Jewelry Case Rectangle Shape Fashionable Stackable Organizer Gift Box for Women"}]},{"@type":"WebSite","@id":"https:\/\/deliangdisplay.com\/#website","url":"https:\/\/deliangdisplay.com\/","name":"deliangdisplay.com","description":"DE-LIANG - Proporciona soluciones de envasado a medida y servicios de dise\u00f1o de expositores de lujo para marcas de joyer\u00eda, ropa, relojes, cosm\u00e9ticos de belleza, etc.","publisher":{"@id":"https:\/\/deliangdisplay.com\/#organization"},"potentialAction":[{"@type":"SearchAction","target":{"@type":"EntryPoint","urlTemplate":"https:\/\/deliangdisplay.com\/?s={search_term_string}"},"query-input":{"@type":"PropertyValueSpecification","valueRequired":true,"valueName":"search_term_string"}}],"inLanguage":"es"},{"@type":"Organization","@id":"https:\/\/deliangdisplay.com\/#organization","name":"deliangdisplay.com","url":"https:\/\/deliangdisplay.com\/","logo":{"@type":"ImageObject","inLanguage":"es","@id":"https:\/\/deliangdisplay.com\/#\/schema\/logo\/image\/","url":"https:\/\/deliangdisplay.com\/wp-content\/uploads\/2025\/08\/DELIANGDISPALY_logo.png","contentUrl":"https:\/\/deliangdisplay.com\/wp-content\/uploads\/2025\/08\/DELIANGDISPALY_logo.png","width":300,"height":130,"caption":"deliangdisplay.com"},"image":{"@id":"https:\/\/deliangdisplay.com\/#\/schema\/logo\/image\/"},"sameAs":["https:\/\/www.facebook.com\/JaneZhang008\/","https:\/\/x.com\/ly673551729"]}]}},"_links":{"self":[{"href":"https:\/\/deliangdisplay.com\/es\/wp-json\/wp\/v2\/product\/42349","targetHints":{"allow":["GET"]}}],"collection":[{"href":"https:\/\/deliangdisplay.com\/es\/wp-json\/wp\/v2\/product"}],"about":[{"href":"https:\/\/deliangdisplay.com\/es\/wp-json\/wp\/v2\/types\/product"}],"replies":[{"embeddable":true,"href":"https:\/\/deliangdisplay.com\/es\/wp-json\/wp\/v2\/comments?post=42349"}],"wp:featuredmedia":[{"embeddable":true,"href":"https:\/\/deliangdisplay.com\/es\/wp-json\/wp\/v2\/media\/42355"}],"wp:attachment":[{"href":"https:\/\/deliangdisplay.com\/es\/wp-json\/wp\/v2\/media?parent=42349"}],"wp:term":[{"taxonomy":"product_brand","embeddable":true,"href":"https:\/\/deliangdisplay.com\/es\/wp-json\/wp\/v2\/product_brand?post=42349"},{"taxonomy":"product_cat","embeddable":true,"href":"https:\/\/deliangdisplay.com\/es\/wp-json\/wp\/v2\/product_cat?post=42349"},{"taxonomy":"product_tag","embeddable":true,"href":"https:\/\/deliangdisplay.com\/es\/wp-json\/wp\/v2\/product_tag?post=42349"}],"curies":[{"name":"wp","href":"https:\/\/api.w.org\/{rel}","templated":true}]}}