{"id":42237,"date":"2025-08-07T14:52:40","date_gmt":"2025-08-07T06:52:40","guid":{"rendered":"https:\/\/deliangdisplay.com\/?post_type=product&#038;p=42237"},"modified":"2025-08-07T14:52:41","modified_gmt":"2025-08-07T06:52:41","slug":"de-liang-personalizado-impreso-de-lujo-cordon-perfume-pluma-reloj-joyeria-regalo-maquillaje-bolsa-de-terciopelo-para-la-joyeria","status":"publish","type":"product","link":"https:\/\/deliangdisplay.com\/es\/nuestro-producto\/envasado\/ideas-para-regalos\/de-liang-personalizado-impreso-de-lujo-cordon-perfume-pluma-reloj-joyeria-regalo-maquillaje-bolsa-de-terciopelo-para-la-joyeria\/","title":{"rendered":"DE-LIANG Personalizado impreso de lujo Drawstring perfume pluma reloj joyer\u00eda regalo maquillaje bolsa de terciopelo para la joyer\u00eda"},"content":{"rendered":"<ul data-start=\"654\" data-end=\"1509\">\n<li data-start=\"654\" data-end=\"813\">\n<p data-start=\"656\" data-end=\"813\"><strong data-start=\"656\" data-end=\"683\">Material de terciopelo de primera calidad<\/strong>: Terciopelo ultrasuave de alta densidad para un aspecto afelpado y refinado, suave con superficies delicadas como joyas o frascos de perfume de cristal.<\/p>\n<\/li>\n<li data-start=\"814\" data-end=\"992\">\n<p data-start=\"816\" data-end=\"992\"><strong data-start=\"816\" data-end=\"840\">Impresi\u00f3n de logotipos personalizados<\/strong>: A\u00f1ada el nombre de su marca, logotipo o mensaje con estampaci\u00f3n, serigraf\u00eda, bordado o transferencia t\u00e9rmica: ideal para el reconocimiento de marca y para regalar.<\/p>\n<\/li>\n<li data-start=\"993\" data-end=\"1112\">\n<p data-start=\"995\" data-end=\"1112\"><strong data-start=\"995\" data-end=\"1024\">Cierre de cord\u00f3n seguro<\/strong>: Elegantes cordones a juego o en color de contraste para un cierre seguro y con estilo.<\/p>\n<\/li>\n<li data-start=\"1113\" data-end=\"1253\">\n<p data-start=\"1115\" data-end=\"1253\"><strong data-start=\"1115\" data-end=\"1143\">Varios tama\u00f1os disponibles<\/strong>: Tama\u00f1os est\u00e1ndar o totalmente personalizables para adaptarse a todo, desde peque\u00f1os anillos hasta grandes relojes o sets de maquillaje.<\/p>\n<\/li>\n<li data-start=\"1254\" data-end=\"1381\">\n<p data-start=\"1256\" data-end=\"1381\"><strong data-start=\"1256\" data-end=\"1277\">Uso polivalente<\/strong>: Perfectas para embalajes de tiendas, envoltorios de regalos, obsequios promocionales, bodas o almacenamiento personal.<\/p>\n<\/li>\n<li data-start=\"1382\" data-end=\"1509\">\n<p data-start=\"1384\" data-end=\"1509\"><strong data-start=\"1384\" data-end=\"1411\">Ecol\u00f3gico y reutilizable<\/strong>: Una alternativa de envasado sostenible que los clientes reutilizar\u00e1n, ampliando la visibilidad de su marca.<\/p>\n<\/li>\n<\/ul>\n<h3 data-start=\"1511\" data-end=\"1545\">\ud83d\udce6 <strong data-start=\"1518\" data-end=\"1545\">Especificaciones del producto:<\/strong><\/h3>\n<ul data-start=\"1547\" data-end=\"2099\">\n<li data-start=\"1547\" data-end=\"1615\">\n<p data-start=\"1549\" data-end=\"1615\"><strong data-start=\"1549\" data-end=\"1561\">Material<\/strong>: Terciopelo (personalizable en grosor, color, textura)<\/p>\n<\/li>\n<li data-start=\"1616\" data-end=\"1692\">\n<p data-start=\"1618\" data-end=\"1692\"><strong data-start=\"1618\" data-end=\"1626\">Logotipo<\/strong>: Estampaci\u00f3n en caliente, serigraf\u00eda, bordado o etiqueta tejida<\/p>\n<\/li>\n<li data-start=\"1693\" data-end=\"1757\">\n<p data-start=\"1695\" data-end=\"1757\"><strong data-start=\"1695\" data-end=\"1703\">Talla<\/strong>: Personalizable (por ejemplo, 7x9 cm, 10x15 cm, 15x20 cm, etc.)<\/p>\n<\/li>\n<li data-start=\"1758\" data-end=\"1858\">\n<p data-start=\"1760\" data-end=\"1858\"><strong data-start=\"1760\" data-end=\"1777\">Opciones de color<\/strong>: Amplia gama de tonos de terciopelo: negro, rosa, verde, rojo vino, azul marino, beige, etc.<\/p>\n<\/li>\n<li data-start=\"1859\" data-end=\"1943\">\n<p data-start=\"1861\" data-end=\"1943\"><strong data-start=\"1861\" data-end=\"1883\">Opciones de cord\u00f3n<\/strong>: Cinta de raso, cord\u00f3n trenzado, cord\u00f3n de algod\u00f3n (personalizable)<\/p>\n<\/li>\n<li data-start=\"1944\" data-end=\"2010\">\n<p data-start=\"1946\" data-end=\"2010\"><strong data-start=\"1946\" data-end=\"1953\">MOQ<\/strong>: MOQ bajo para peque\u00f1as marcas o pedidos al por mayor<\/p>\n<\/li>\n<li data-start=\"2011\" data-end=\"2099\">\n<p data-start=\"2013\" data-end=\"2099\"><strong data-start=\"2013\" data-end=\"2022\">Utilizaci\u00f3n<\/strong>: Perfume, bol\u00edgrafo, pendientes, pulseras, relojes, maquillaje, monedas, tarjetas regalo, etc.<\/p>\n<\/li>\n<\/ul>\n<hr data-start=\"2101\" data-end=\"2104\" \/>\n<p data-start=\"2106\" data-end=\"2233\"><strong data-start=\"2106\" data-end=\"2147\">Su marca merece un envase mejor.<\/strong><br data-start=\"2147\" data-end=\"2150\" \/>Deje que DE-LIANG le ayude a convertir un simple almacenamiento en un <strong data-start=\"2199\" data-end=\"2232\">experiencia unboxing de lujo<\/strong>.<\/p>\n<p data-start=\"2235\" data-end=\"2313\">\ud83d\udce9 <em data-start=\"2238\" data-end=\"2313\">P\u00f3ngase en contacto con nosotros ahora para obtener una muestra gratuita, una carta de colores y una hoja de presupuesto personalizada.<\/em><\/p>","protected":false},"excerpt":{"rendered":"<p>Mejore la presentaci\u00f3n de su marca con la bolsa de terciopelo con cord\u00f3n impresa a medida DE-LIANG, una soluci\u00f3n de embalaje vers\u00e1til y elegante para perfumes, bol\u00edgrafos, relojes, joyas, maquillaje y art\u00edculos de regalo. Confeccionadas en tejido de terciopelo de primera calidad con un acabado suave al tacto, estas bolsas combinan lujo, protecci\u00f3n y marca, todo en uno.<\/p>","protected":false},"featured_media":42238,"comment_status":"open","ping_status":"closed","template":"","meta":{"_acf_changed":false},"product_brand":[],"product_cat":[81],"product_tag":[],"class_list":{"0":"post-42237","1":"product","2":"type-product","3":"status-publish","4":"has-post-thumbnail","6":"product_cat-gift-ideas","8":"first","9":"instock","10":"shipping-taxable","11":"purchasable","12":"product-type-simple"},"acf":[],"yoast_head":"<!-- This site is optimized with the Yoast SEO plugin v27.4 - https:\/\/yoast.com\/product\/yoast-seo-wordpress\/ -->\n<title>DE-LIANG Custom Printed Luxury Drawstring Perfume Pen Watch Jewelry Gift Makeup Velvet Pouch Bag for Jewellery - DE-LIANG - jewelry,clothes,watch,beauty cosmetics<\/title>\n<meta name=\"robots\" content=\"index, follow, max-snippet:-1, max-image-preview:large, max-video-preview:-1\" \/>\n<link rel=\"canonical\" href=\"https:\/\/deliangdisplay.com\/es\/nuestro-producto\/envasado\/ideas-para-regalos\/de-liang-personalizado-impreso-de-lujo-cordon-perfume-pluma-reloj-joyeria-regalo-maquillaje-bolsa-de-terciopelo-para-la-joyeria\/\" \/>\n<meta property=\"og:locale\" content=\"es_ES\" \/>\n<meta property=\"og:type\" content=\"article\" \/>\n<meta property=\"og:title\" content=\"DE-LIANG Custom Printed Luxury Drawstring Perfume Pen Watch Jewelry Gift Makeup Velvet Pouch Bag for Jewellery - DE-LIANG - jewelry,clothes,watch,beauty cosmetics\" \/>\n<meta property=\"og:description\" content=\"Elevate your brand presentation with the DE-LIANG Custom Printed Velvet Drawstring Pouch \u2014 a versatile and elegant packaging solution for perfume, pens, watches, jewelry, makeup, and gift items. Crafted from premium velvet fabric with a soft-touch finish, these pouches combine luxury, protection, and branding all in one.\" \/>\n<meta property=\"og:url\" content=\"https:\/\/deliangdisplay.com\/es\/nuestro-producto\/envasado\/ideas-para-regalos\/de-liang-personalizado-impreso-de-lujo-cordon-perfume-pluma-reloj-joyeria-regalo-maquillaje-bolsa-de-terciopelo-para-la-joyeria\/\" \/>\n<meta property=\"og:site_name\" content=\"DE-LIANG - jewelry,clothes,watch,beauty cosmetics\" \/>\n<meta property=\"article:publisher\" content=\"https:\/\/www.facebook.com\/JaneZhang008\/\" \/>\n<meta property=\"article:modified_time\" content=\"2025-08-07T06:52:41+00:00\" \/>\n<meta property=\"og:image\" content=\"https:\/\/deliangdisplay.com\/wp-content\/uploads\/2025\/08\/1-1-49.png\" \/>\n\t<meta property=\"og:image:width\" content=\"750\" \/>\n\t<meta property=\"og:image:height\" content=\"750\" \/>\n\t<meta property=\"og:image:type\" content=\"image\/png\" \/>\n<meta name=\"twitter:card\" content=\"summary_large_image\" \/>\n<meta name=\"twitter:site\" content=\"@ly673551729\" \/>\n<meta name=\"twitter:label1\" content=\"Tiempo de lectura\" \/>\n\t<meta name=\"twitter:data1\" content=\"2 minutos\" \/>\n<script type=\"application\/ld+json\" class=\"yoast-schema-graph\">{\"@context\":\"https:\\\/\\\/schema.org\",\"@graph\":[{\"@type\":\"WebPage\",\"@id\":\"https:\\\/\\\/deliangdisplay.com\\\/our-product\\\/packaging\\\/gift-ideas\\\/de-liang-custom-printed-luxury-drawstring-perfume-pen-watch-jewelry-gift-makeup-velvet-pouch-bag-for-jewellery\\\/\",\"url\":\"https:\\\/\\\/deliangdisplay.com\\\/our-product\\\/packaging\\\/gift-ideas\\\/de-liang-custom-printed-luxury-drawstring-perfume-pen-watch-jewelry-gift-makeup-velvet-pouch-bag-for-jewellery\\\/\",\"name\":\"DE-LIANG Custom Printed Luxury Drawstring Perfume Pen Watch Jewelry Gift Makeup Velvet Pouch Bag for Jewellery - DE-LIANG - jewelry,clothes,watch,beauty cosmetics\",\"isPartOf\":{\"@id\":\"https:\\\/\\\/deliangdisplay.com\\\/#website\"},\"primaryImageOfPage\":{\"@id\":\"https:\\\/\\\/deliangdisplay.com\\\/our-product\\\/packaging\\\/gift-ideas\\\/de-liang-custom-printed-luxury-drawstring-perfume-pen-watch-jewelry-gift-makeup-velvet-pouch-bag-for-jewellery\\\/#primaryimage\"},\"image\":{\"@id\":\"https:\\\/\\\/deliangdisplay.com\\\/our-product\\\/packaging\\\/gift-ideas\\\/de-liang-custom-printed-luxury-drawstring-perfume-pen-watch-jewelry-gift-makeup-velvet-pouch-bag-for-jewellery\\\/#primaryimage\"},\"thumbnailUrl\":\"https:\\\/\\\/deliangdisplay.com\\\/wp-content\\\/uploads\\\/2025\\\/08\\\/1-1-49.png\",\"datePublished\":\"2025-08-07T06:52:40+00:00\",\"dateModified\":\"2025-08-07T06:52:41+00:00\",\"breadcrumb\":{\"@id\":\"https:\\\/\\\/deliangdisplay.com\\\/our-product\\\/packaging\\\/gift-ideas\\\/de-liang-custom-printed-luxury-drawstring-perfume-pen-watch-jewelry-gift-makeup-velvet-pouch-bag-for-jewellery\\\/#breadcrumb\"},\"inLanguage\":\"es\",\"potentialAction\":[{\"@type\":\"ReadAction\",\"target\":[\"https:\\\/\\\/deliangdisplay.com\\\/our-product\\\/packaging\\\/gift-ideas\\\/de-liang-custom-printed-luxury-drawstring-perfume-pen-watch-jewelry-gift-makeup-velvet-pouch-bag-for-jewellery\\\/\"]}]},{\"@type\":\"ImageObject\",\"inLanguage\":\"es\",\"@id\":\"https:\\\/\\\/deliangdisplay.com\\\/our-product\\\/packaging\\\/gift-ideas\\\/de-liang-custom-printed-luxury-drawstring-perfume-pen-watch-jewelry-gift-makeup-velvet-pouch-bag-for-jewellery\\\/#primaryimage\",\"url\":\"https:\\\/\\\/deliangdisplay.com\\\/wp-content\\\/uploads\\\/2025\\\/08\\\/1-1-49.png\",\"contentUrl\":\"https:\\\/\\\/deliangdisplay.com\\\/wp-content\\\/uploads\\\/2025\\\/08\\\/1-1-49.png\",\"width\":750,\"height\":750},{\"@type\":\"BreadcrumbList\",\"@id\":\"https:\\\/\\\/deliangdisplay.com\\\/our-product\\\/packaging\\\/gift-ideas\\\/de-liang-custom-printed-luxury-drawstring-perfume-pen-watch-jewelry-gift-makeup-velvet-pouch-bag-for-jewellery\\\/#breadcrumb\",\"itemListElement\":[{\"@type\":\"ListItem\",\"position\":1,\"name\":\"\u9996\u9875\",\"item\":\"https:\\\/\\\/deliangdisplay.com\\\/\"},{\"@type\":\"ListItem\",\"position\":2,\"name\":\"Our Product\",\"item\":\"https:\\\/\\\/deliangdisplay.com\\\/our-product\\\/\"},{\"@type\":\"ListItem\",\"position\":3,\"name\":\"DE-LIANG Custom Printed Luxury Drawstring Perfume Pen Watch Jewelry Gift Makeup Velvet Pouch Bag for Jewellery\"}]},{\"@type\":\"WebSite\",\"@id\":\"https:\\\/\\\/deliangdisplay.com\\\/#website\",\"url\":\"https:\\\/\\\/deliangdisplay.com\\\/\",\"name\":\"deliangdisplay.com\",\"description\":\"DE-LIANG - Providing bespoke packaging solutions and luxurious display design services for brands in jewelry, apparel, watches, beauty cosmetics, and more.\",\"publisher\":{\"@id\":\"https:\\\/\\\/deliangdisplay.com\\\/#organization\"},\"potentialAction\":[{\"@type\":\"SearchAction\",\"target\":{\"@type\":\"EntryPoint\",\"urlTemplate\":\"https:\\\/\\\/deliangdisplay.com\\\/?s={search_term_string}\"},\"query-input\":{\"@type\":\"PropertyValueSpecification\",\"valueRequired\":true,\"valueName\":\"search_term_string\"}}],\"inLanguage\":\"es\"},{\"@type\":\"Organization\",\"@id\":\"https:\\\/\\\/deliangdisplay.com\\\/#organization\",\"name\":\"deliangdisplay.com\",\"url\":\"https:\\\/\\\/deliangdisplay.com\\\/\",\"logo\":{\"@type\":\"ImageObject\",\"inLanguage\":\"es\",\"@id\":\"https:\\\/\\\/deliangdisplay.com\\\/#\\\/schema\\\/logo\\\/image\\\/\",\"url\":\"https:\\\/\\\/deliangdisplay.com\\\/wp-content\\\/uploads\\\/2025\\\/08\\\/DELIANGDISPALY_logo.png\",\"contentUrl\":\"https:\\\/\\\/deliangdisplay.com\\\/wp-content\\\/uploads\\\/2025\\\/08\\\/DELIANGDISPALY_logo.png\",\"width\":300,\"height\":130,\"caption\":\"deliangdisplay.com\"},\"image\":{\"@id\":\"https:\\\/\\\/deliangdisplay.com\\\/#\\\/schema\\\/logo\\\/image\\\/\"},\"sameAs\":[\"https:\\\/\\\/www.facebook.com\\\/JaneZhang008\\\/\",\"https:\\\/\\\/x.com\\\/ly673551729\"]}]}<\/script>\n<!-- \/ Yoast SEO plugin. -->","yoast_head_json":{"title":"DE-LIANG personalizado impreso de lujo Drawstring perfume pluma reloj joyer\u00eda regalo maquillaje bolsa de terciopelo para la joyer\u00eda - DE-LIANG - joyer\u00eda,ropa,reloj,cosm\u00e9ticos de belleza","robots":{"index":"index","follow":"follow","max-snippet":"max-snippet:-1","max-image-preview":"max-image-preview:large","max-video-preview":"max-video-preview:-1"},"canonical":"https:\/\/deliangdisplay.com\/es\/nuestro-producto\/envasado\/ideas-para-regalos\/de-liang-personalizado-impreso-de-lujo-cordon-perfume-pluma-reloj-joyeria-regalo-maquillaje-bolsa-de-terciopelo-para-la-joyeria\/","og_locale":"es_ES","og_type":"article","og_title":"DE-LIANG Custom Printed Luxury Drawstring Perfume Pen Watch Jewelry Gift Makeup Velvet Pouch Bag for Jewellery - DE-LIANG - jewelry,clothes,watch,beauty cosmetics","og_description":"Elevate your brand presentation with the DE-LIANG Custom Printed Velvet Drawstring Pouch \u2014 a versatile and elegant packaging solution for perfume, pens, watches, jewelry, makeup, and gift items. Crafted from premium velvet fabric with a soft-touch finish, these pouches combine luxury, protection, and branding all in one.","og_url":"https:\/\/deliangdisplay.com\/es\/nuestro-producto\/envasado\/ideas-para-regalos\/de-liang-personalizado-impreso-de-lujo-cordon-perfume-pluma-reloj-joyeria-regalo-maquillaje-bolsa-de-terciopelo-para-la-joyeria\/","og_site_name":"DE-LIANG - jewelry,clothes,watch,beauty cosmetics","article_publisher":"https:\/\/www.facebook.com\/JaneZhang008\/","article_modified_time":"2025-08-07T06:52:41+00:00","og_image":[{"width":750,"height":750,"url":"https:\/\/deliangdisplay.com\/wp-content\/uploads\/2025\/08\/1-1-49.png","type":"image\/png"}],"twitter_card":"summary_large_image","twitter_site":"@ly673551729","twitter_misc":{"Tiempo de lectura":"2 minutos"},"schema":{"@context":"https:\/\/schema.org","@graph":[{"@type":"WebPage","@id":"https:\/\/deliangdisplay.com\/our-product\/packaging\/gift-ideas\/de-liang-custom-printed-luxury-drawstring-perfume-pen-watch-jewelry-gift-makeup-velvet-pouch-bag-for-jewellery\/","url":"https:\/\/deliangdisplay.com\/our-product\/packaging\/gift-ideas\/de-liang-custom-printed-luxury-drawstring-perfume-pen-watch-jewelry-gift-makeup-velvet-pouch-bag-for-jewellery\/","name":"DE-LIANG personalizado impreso de lujo Drawstring perfume pluma reloj joyer\u00eda regalo maquillaje bolsa de terciopelo para la joyer\u00eda - DE-LIANG - joyer\u00eda,ropa,reloj,cosm\u00e9ticos de belleza","isPartOf":{"@id":"https:\/\/deliangdisplay.com\/#website"},"primaryImageOfPage":{"@id":"https:\/\/deliangdisplay.com\/our-product\/packaging\/gift-ideas\/de-liang-custom-printed-luxury-drawstring-perfume-pen-watch-jewelry-gift-makeup-velvet-pouch-bag-for-jewellery\/#primaryimage"},"image":{"@id":"https:\/\/deliangdisplay.com\/our-product\/packaging\/gift-ideas\/de-liang-custom-printed-luxury-drawstring-perfume-pen-watch-jewelry-gift-makeup-velvet-pouch-bag-for-jewellery\/#primaryimage"},"thumbnailUrl":"https:\/\/deliangdisplay.com\/wp-content\/uploads\/2025\/08\/1-1-49.png","datePublished":"2025-08-07T06:52:40+00:00","dateModified":"2025-08-07T06:52:41+00:00","breadcrumb":{"@id":"https:\/\/deliangdisplay.com\/our-product\/packaging\/gift-ideas\/de-liang-custom-printed-luxury-drawstring-perfume-pen-watch-jewelry-gift-makeup-velvet-pouch-bag-for-jewellery\/#breadcrumb"},"inLanguage":"es","potentialAction":[{"@type":"ReadAction","target":["https:\/\/deliangdisplay.com\/our-product\/packaging\/gift-ideas\/de-liang-custom-printed-luxury-drawstring-perfume-pen-watch-jewelry-gift-makeup-velvet-pouch-bag-for-jewellery\/"]}]},{"@type":"ImageObject","inLanguage":"es","@id":"https:\/\/deliangdisplay.com\/our-product\/packaging\/gift-ideas\/de-liang-custom-printed-luxury-drawstring-perfume-pen-watch-jewelry-gift-makeup-velvet-pouch-bag-for-jewellery\/#primaryimage","url":"https:\/\/deliangdisplay.com\/wp-content\/uploads\/2025\/08\/1-1-49.png","contentUrl":"https:\/\/deliangdisplay.com\/wp-content\/uploads\/2025\/08\/1-1-49.png","width":750,"height":750},{"@type":"BreadcrumbList","@id":"https:\/\/deliangdisplay.com\/our-product\/packaging\/gift-ideas\/de-liang-custom-printed-luxury-drawstring-perfume-pen-watch-jewelry-gift-makeup-velvet-pouch-bag-for-jewellery\/#breadcrumb","itemListElement":[{"@type":"ListItem","position":1,"name":"\u9996\u9875","item":"https:\/\/deliangdisplay.com\/"},{"@type":"ListItem","position":2,"name":"Our Product","item":"https:\/\/deliangdisplay.com\/our-product\/"},{"@type":"ListItem","position":3,"name":"DE-LIANG Custom Printed Luxury Drawstring Perfume Pen Watch Jewelry Gift Makeup Velvet Pouch Bag for Jewellery"}]},{"@type":"WebSite","@id":"https:\/\/deliangdisplay.com\/#website","url":"https:\/\/deliangdisplay.com\/","name":"deliangdisplay.com","description":"DE-LIANG - Proporciona soluciones de envasado a medida y servicios de dise\u00f1o de expositores de lujo para marcas de joyer\u00eda, ropa, relojes, cosm\u00e9ticos de belleza, etc.","publisher":{"@id":"https:\/\/deliangdisplay.com\/#organization"},"potentialAction":[{"@type":"SearchAction","target":{"@type":"EntryPoint","urlTemplate":"https:\/\/deliangdisplay.com\/?s={search_term_string}"},"query-input":{"@type":"PropertyValueSpecification","valueRequired":true,"valueName":"search_term_string"}}],"inLanguage":"es"},{"@type":"Organization","@id":"https:\/\/deliangdisplay.com\/#organization","name":"deliangdisplay.com","url":"https:\/\/deliangdisplay.com\/","logo":{"@type":"ImageObject","inLanguage":"es","@id":"https:\/\/deliangdisplay.com\/#\/schema\/logo\/image\/","url":"https:\/\/deliangdisplay.com\/wp-content\/uploads\/2025\/08\/DELIANGDISPALY_logo.png","contentUrl":"https:\/\/deliangdisplay.com\/wp-content\/uploads\/2025\/08\/DELIANGDISPALY_logo.png","width":300,"height":130,"caption":"deliangdisplay.com"},"image":{"@id":"https:\/\/deliangdisplay.com\/#\/schema\/logo\/image\/"},"sameAs":["https:\/\/www.facebook.com\/JaneZhang008\/","https:\/\/x.com\/ly673551729"]}]}},"_links":{"self":[{"href":"https:\/\/deliangdisplay.com\/es\/wp-json\/wp\/v2\/product\/42237","targetHints":{"allow":["GET"]}}],"collection":[{"href":"https:\/\/deliangdisplay.com\/es\/wp-json\/wp\/v2\/product"}],"about":[{"href":"https:\/\/deliangdisplay.com\/es\/wp-json\/wp\/v2\/types\/product"}],"replies":[{"embeddable":true,"href":"https:\/\/deliangdisplay.com\/es\/wp-json\/wp\/v2\/comments?post=42237"}],"wp:featuredmedia":[{"embeddable":true,"href":"https:\/\/deliangdisplay.com\/es\/wp-json\/wp\/v2\/media\/42238"}],"wp:attachment":[{"href":"https:\/\/deliangdisplay.com\/es\/wp-json\/wp\/v2\/media?parent=42237"}],"wp:term":[{"taxonomy":"product_brand","embeddable":true,"href":"https:\/\/deliangdisplay.com\/es\/wp-json\/wp\/v2\/product_brand?post=42237"},{"taxonomy":"product_cat","embeddable":true,"href":"https:\/\/deliangdisplay.com\/es\/wp-json\/wp\/v2\/product_cat?post=42237"},{"taxonomy":"product_tag","embeddable":true,"href":"https:\/\/deliangdisplay.com\/es\/wp-json\/wp\/v2\/product_tag?post=42237"}],"curies":[{"name":"wp","href":"https:\/\/api.w.org\/{rel}","templated":true}]}}