{"id":42198,"date":"2025-08-07T14:39:35","date_gmt":"2025-08-07T06:39:35","guid":{"rendered":"https:\/\/deliangdisplay.com\/?post_type=product&#038;p=42198"},"modified":"2025-08-07T14:39:36","modified_gmt":"2025-08-07T06:39:36","slug":"de-liang-apilable-terciopelo-verde-oscuro-madera-de-nogal-negro-joyeria-anillo-bandeja-para-cajon-organizador","status":"publish","type":"product","link":"https:\/\/deliangdisplay.com\/es\/nuestro-producto\/accesorios\/indicadores-de-anillo\/de-liang-apilable-terciopelo-verde-oscuro-madera-de-nogal-negro-joyeria-anillo-bandeja-para-cajon-organizador\/","title":{"rendered":"DE-LIANG apilable de terciopelo verde oscuro de madera de nogal negro joyer\u00eda anillo bandeja para caj\u00f3n organizador"},"content":{"rendered":"<ul data-start=\"671\" data-end=\"1570\">\n<li data-start=\"671\" data-end=\"828\">\n<p data-start=\"673\" data-end=\"828\"><strong data-start=\"673\" data-end=\"699\">Interior de terciopelo de lujo<\/strong>: Forrado con terciopelo verde oscuro de alta densidad, ofrece una superficie suave y antiara\u00f1azos que sujeta y protege con suavidad sus anillos.<\/p>\n<\/li>\n<li data-start=\"829\" data-end=\"976\">\n<p data-start=\"831\" data-end=\"976\"><strong data-start=\"831\" data-end=\"864\">Marco de madera maciza de nogal negro<\/strong>: Fabricada en nogal negro natural, esta bandeja aporta una calidez atemporal y un toque moderno y minimalista a cualquier espacio.<\/p>\n<\/li>\n<li data-start=\"977\" data-end=\"1145\">\n<p data-start=\"979\" data-end=\"1145\"><strong data-start=\"979\" data-end=\"999\">Dise\u00f1o apilable<\/strong>: Dise\u00f1adas para encajar perfectamente en cajones o vitrinas - se pueden colocar varias bandejas <strong data-start=\"1084\" data-end=\"1107\">apilados o combinados<\/strong> para un almacenamiento ampliado sin desorden.<\/p>\n<\/li>\n<li data-start=\"1146\" data-end=\"1289\">\n<p data-start=\"1148\" data-end=\"1289\"><strong data-start=\"1148\" data-end=\"1169\">Disposici\u00f3n funcional<\/strong>: Las ranuras permiten colocar de forma ordenada y segura anillos, pendientes, gemelos u otras joyas peque\u00f1as.<\/p>\n<\/li>\n<li data-start=\"1290\" data-end=\"1422\">\n<p data-start=\"1292\" data-end=\"1422\"><strong data-start=\"1292\" data-end=\"1324\">Ideal para uso dom\u00e9stico o minorista<\/strong>: Perfecto para joyer\u00edas, expositores de ferias, estudios privados o cajones de lujo para el hogar.<\/p>\n<\/li>\n<li data-start=\"1423\" data-end=\"1570\">\n<p data-start=\"1425\" data-end=\"1570\"><strong data-start=\"1425\" data-end=\"1455\">Opciones de tama\u00f1o y logotipo personalizados<\/strong>: Compatible con OEM\/ODM: las bandejas pueden personalizarse con el logotipo de su marca, la disposici\u00f3n de los compartimentos o el tema de color.<\/p>\n<\/li>\n<\/ul>\n<h3 data-start=\"1572\" data-end=\"1606\">\ud83d\udce6 <strong data-start=\"1579\" data-end=\"1606\">Especificaciones del producto:<\/strong><\/h3>\n<ul data-start=\"1608\" data-end=\"2049\">\n<li data-start=\"1608\" data-end=\"1686\">\n<p data-start=\"1610\" data-end=\"1686\"><strong data-start=\"1610\" data-end=\"1623\">Materiales<\/strong>: Madera de nogal negro + terciopelo (maderas\/tejidos personalizados disponibles)<\/p>\n<\/li>\n<li data-start=\"1687\" data-end=\"1753\">\n<p data-start=\"1689\" data-end=\"1753\"><strong data-start=\"1689\" data-end=\"1707\">Color interior<\/strong>: Verde oscuro (otros colores de terciopelo disponibles)<\/p>\n<\/li>\n<li data-start=\"1754\" data-end=\"1819\">\n<p data-start=\"1756\" data-end=\"1819\"><strong data-start=\"1756\" data-end=\"1770\">Dimensiones<\/strong>: Tama\u00f1os est\u00e1ndar o personalizados para adaptarse a los cajones<\/p>\n<\/li>\n<li data-start=\"1820\" data-end=\"1873\">\n<p data-start=\"1822\" data-end=\"1873\"><strong data-start=\"1822\" data-end=\"1834\">Caracter\u00edsticas<\/strong>: Apilable, suave al tacto, antiara\u00f1azos<\/p>\n<\/li>\n<li data-start=\"1874\" data-end=\"1924\">\n<p data-start=\"1876\" data-end=\"1924\"><strong data-start=\"1876\" data-end=\"1883\">Utilice<\/strong>: Anillos, pendientes, peque\u00f1as joyas<\/p>\n<\/li>\n<li data-start=\"1925\" data-end=\"1989\">\n<p data-start=\"1927\" data-end=\"1989\"><strong data-start=\"1927\" data-end=\"1935\">Logotipo<\/strong>: Opci\u00f3n de estampado en caliente, gofrado o grabado en madera<\/p>\n<\/li>\n<li data-start=\"1990\" data-end=\"2049\">\n<p data-start=\"1992\" data-end=\"2049\"><strong data-start=\"1992\" data-end=\"1999\">MOQ<\/strong>: Flexible para pedidos de boutiques o al por mayor<\/p>\n<\/li>\n<\/ul>\n<hr data-start=\"2051\" data-end=\"2054\" \/>\n<p data-start=\"2056\" data-end=\"2189\"><strong data-start=\"2056\" data-end=\"2092\">Donde el lujo se une a la organizaci\u00f3n.<\/strong><br data-start=\"2092\" data-end=\"2095\" \/>Las bandejas de terciopelo y madera para joyas DE-LIANG convierten el almacenamiento diario en una elegante experiencia de marca.<\/p>\n<p data-start=\"2191\" data-end=\"2274\">\ud83d\udce9 <em data-start=\"2194\" data-end=\"2274\">P\u00f3ngase en contacto con nosotros para solicitar muestras, el cat\u00e1logo completo de la colecci\u00f3n y soluciones de exposici\u00f3n personalizadas.<\/em><\/p>","protected":false},"excerpt":{"rendered":"<p>Mantenga sus joyas bien organizadas y elegantemente expuestas con la bandeja apilable para anillos de joyer\u00eda DE-LIANG, fabricada en lujoso terciopelo verde oscuro y enmarcada en rica madera de nogal negro. Esta sofisticada bandeja est\u00e1 dise\u00f1ada para el almacenamiento de anillo, organizaci\u00f3n de caj\u00f3n, y la presentaci\u00f3n al por menor de primera calidad, que combina la funcionalidad con una est\u00e9tica refinada.<\/p>","protected":false},"featured_media":42231,"comment_status":"open","ping_status":"closed","template":"","meta":{"_acf_changed":false},"product_brand":[],"product_cat":[70],"product_tag":[],"class_list":{"0":"post-42198","1":"product","2":"type-product","3":"status-publish","4":"has-post-thumbnail","6":"product_cat-ring-displays","8":"first","9":"instock","10":"shipping-taxable","11":"purchasable","12":"product-type-simple"},"acf":[],"yoast_head":"<!-- This site is optimized with the Yoast SEO plugin v27.4 - https:\/\/yoast.com\/product\/yoast-seo-wordpress\/ -->\n<title>DE-LIANG Stackable Dark Green Velvet Black Walnut Wood Jewelry Ring Tray for Drawer Organizer - DE-LIANG - jewelry,clothes,watch,beauty cosmetics<\/title>\n<meta name=\"robots\" content=\"index, follow, max-snippet:-1, max-image-preview:large, max-video-preview:-1\" \/>\n<link rel=\"canonical\" href=\"https:\/\/deliangdisplay.com\/es\/nuestro-producto\/accesorios\/indicadores-de-anillo\/de-liang-apilable-terciopelo-verde-oscuro-madera-de-nogal-negro-joyeria-anillo-bandeja-para-cajon-organizador\/\" \/>\n<meta property=\"og:locale\" content=\"es_ES\" \/>\n<meta property=\"og:type\" content=\"article\" \/>\n<meta property=\"og:title\" content=\"DE-LIANG Stackable Dark Green Velvet Black Walnut Wood Jewelry Ring Tray for Drawer Organizer - DE-LIANG - jewelry,clothes,watch,beauty cosmetics\" \/>\n<meta property=\"og:description\" content=\"Keep your jewelry beautifully organized and elegantly displayed with the DE-LIANG Stackable Jewelry Ring Tray, crafted from luxurious dark green velvet and framed in rich black walnut wood. This sophisticated tray is designed for ring storage, drawer organization, and premium retail presentation, combining functionality with refined aesthetics.\" \/>\n<meta property=\"og:url\" content=\"https:\/\/deliangdisplay.com\/es\/nuestro-producto\/accesorios\/indicadores-de-anillo\/de-liang-apilable-terciopelo-verde-oscuro-madera-de-nogal-negro-joyeria-anillo-bandeja-para-cajon-organizador\/\" \/>\n<meta property=\"og:site_name\" content=\"DE-LIANG - jewelry,clothes,watch,beauty cosmetics\" \/>\n<meta property=\"article:publisher\" content=\"https:\/\/www.facebook.com\/JaneZhang008\/\" \/>\n<meta property=\"article:modified_time\" content=\"2025-08-07T06:39:36+00:00\" \/>\n<meta property=\"og:image\" content=\"https:\/\/deliangdisplay.com\/wp-content\/uploads\/2025\/08\/1-1-46.png\" \/>\n\t<meta property=\"og:image:width\" content=\"720\" \/>\n\t<meta property=\"og:image:height\" content=\"720\" \/>\n\t<meta property=\"og:image:type\" content=\"image\/png\" \/>\n<meta name=\"twitter:card\" content=\"summary_large_image\" \/>\n<meta name=\"twitter:site\" content=\"@ly673551729\" \/>\n<meta name=\"twitter:label1\" content=\"Tiempo de lectura\" \/>\n\t<meta name=\"twitter:data1\" content=\"2 minutos\" \/>\n<script type=\"application\/ld+json\" class=\"yoast-schema-graph\">{\"@context\":\"https:\\\/\\\/schema.org\",\"@graph\":[{\"@type\":\"WebPage\",\"@id\":\"https:\\\/\\\/deliangdisplay.com\\\/our-product\\\/accessories\\\/ring-displays\\\/de-liang-stackable-dark-green-velvet-black-walnut-wood-jewelry-ring-tray-for-drawer-organizer\\\/\",\"url\":\"https:\\\/\\\/deliangdisplay.com\\\/our-product\\\/accessories\\\/ring-displays\\\/de-liang-stackable-dark-green-velvet-black-walnut-wood-jewelry-ring-tray-for-drawer-organizer\\\/\",\"name\":\"DE-LIANG Stackable Dark Green Velvet Black Walnut Wood Jewelry Ring Tray for Drawer Organizer - DE-LIANG - jewelry,clothes,watch,beauty cosmetics\",\"isPartOf\":{\"@id\":\"https:\\\/\\\/deliangdisplay.com\\\/#website\"},\"primaryImageOfPage\":{\"@id\":\"https:\\\/\\\/deliangdisplay.com\\\/our-product\\\/accessories\\\/ring-displays\\\/de-liang-stackable-dark-green-velvet-black-walnut-wood-jewelry-ring-tray-for-drawer-organizer\\\/#primaryimage\"},\"image\":{\"@id\":\"https:\\\/\\\/deliangdisplay.com\\\/our-product\\\/accessories\\\/ring-displays\\\/de-liang-stackable-dark-green-velvet-black-walnut-wood-jewelry-ring-tray-for-drawer-organizer\\\/#primaryimage\"},\"thumbnailUrl\":\"https:\\\/\\\/deliangdisplay.com\\\/wp-content\\\/uploads\\\/2025\\\/08\\\/1-1-46.png\",\"datePublished\":\"2025-08-07T06:39:35+00:00\",\"dateModified\":\"2025-08-07T06:39:36+00:00\",\"breadcrumb\":{\"@id\":\"https:\\\/\\\/deliangdisplay.com\\\/our-product\\\/accessories\\\/ring-displays\\\/de-liang-stackable-dark-green-velvet-black-walnut-wood-jewelry-ring-tray-for-drawer-organizer\\\/#breadcrumb\"},\"inLanguage\":\"es\",\"potentialAction\":[{\"@type\":\"ReadAction\",\"target\":[\"https:\\\/\\\/deliangdisplay.com\\\/our-product\\\/accessories\\\/ring-displays\\\/de-liang-stackable-dark-green-velvet-black-walnut-wood-jewelry-ring-tray-for-drawer-organizer\\\/\"]}]},{\"@type\":\"ImageObject\",\"inLanguage\":\"es\",\"@id\":\"https:\\\/\\\/deliangdisplay.com\\\/our-product\\\/accessories\\\/ring-displays\\\/de-liang-stackable-dark-green-velvet-black-walnut-wood-jewelry-ring-tray-for-drawer-organizer\\\/#primaryimage\",\"url\":\"https:\\\/\\\/deliangdisplay.com\\\/wp-content\\\/uploads\\\/2025\\\/08\\\/1-1-46.png\",\"contentUrl\":\"https:\\\/\\\/deliangdisplay.com\\\/wp-content\\\/uploads\\\/2025\\\/08\\\/1-1-46.png\",\"width\":720,\"height\":720},{\"@type\":\"BreadcrumbList\",\"@id\":\"https:\\\/\\\/deliangdisplay.com\\\/our-product\\\/accessories\\\/ring-displays\\\/de-liang-stackable-dark-green-velvet-black-walnut-wood-jewelry-ring-tray-for-drawer-organizer\\\/#breadcrumb\",\"itemListElement\":[{\"@type\":\"ListItem\",\"position\":1,\"name\":\"\u9996\u9875\",\"item\":\"https:\\\/\\\/deliangdisplay.com\\\/\"},{\"@type\":\"ListItem\",\"position\":2,\"name\":\"Our Product\",\"item\":\"https:\\\/\\\/deliangdisplay.com\\\/our-product\\\/\"},{\"@type\":\"ListItem\",\"position\":3,\"name\":\"DE-LIANG Stackable Dark Green Velvet Black Walnut Wood Jewelry Ring Tray for Drawer Organizer\"}]},{\"@type\":\"WebSite\",\"@id\":\"https:\\\/\\\/deliangdisplay.com\\\/#website\",\"url\":\"https:\\\/\\\/deliangdisplay.com\\\/\",\"name\":\"deliangdisplay.com\",\"description\":\"DE-LIANG - Providing bespoke packaging solutions and luxurious display design services for brands in jewelry, apparel, watches, beauty cosmetics, and more.\",\"publisher\":{\"@id\":\"https:\\\/\\\/deliangdisplay.com\\\/#organization\"},\"potentialAction\":[{\"@type\":\"SearchAction\",\"target\":{\"@type\":\"EntryPoint\",\"urlTemplate\":\"https:\\\/\\\/deliangdisplay.com\\\/?s={search_term_string}\"},\"query-input\":{\"@type\":\"PropertyValueSpecification\",\"valueRequired\":true,\"valueName\":\"search_term_string\"}}],\"inLanguage\":\"es\"},{\"@type\":\"Organization\",\"@id\":\"https:\\\/\\\/deliangdisplay.com\\\/#organization\",\"name\":\"deliangdisplay.com\",\"url\":\"https:\\\/\\\/deliangdisplay.com\\\/\",\"logo\":{\"@type\":\"ImageObject\",\"inLanguage\":\"es\",\"@id\":\"https:\\\/\\\/deliangdisplay.com\\\/#\\\/schema\\\/logo\\\/image\\\/\",\"url\":\"https:\\\/\\\/deliangdisplay.com\\\/wp-content\\\/uploads\\\/2025\\\/08\\\/DELIANGDISPALY_logo.png\",\"contentUrl\":\"https:\\\/\\\/deliangdisplay.com\\\/wp-content\\\/uploads\\\/2025\\\/08\\\/DELIANGDISPALY_logo.png\",\"width\":300,\"height\":130,\"caption\":\"deliangdisplay.com\"},\"image\":{\"@id\":\"https:\\\/\\\/deliangdisplay.com\\\/#\\\/schema\\\/logo\\\/image\\\/\"},\"sameAs\":[\"https:\\\/\\\/www.facebook.com\\\/JaneZhang008\\\/\",\"https:\\\/\\\/x.com\\\/ly673551729\"]}]}<\/script>\n<!-- \/ Yoast SEO plugin. -->","yoast_head_json":{"title":"DE-LIANG apilable verde oscuro de terciopelo negro de madera de nogal joyer\u00eda anillo bandeja para caj\u00f3n organizador - DE-LIANG - joyer\u00eda,ropa,reloj,cosm\u00e9ticos de belleza","robots":{"index":"index","follow":"follow","max-snippet":"max-snippet:-1","max-image-preview":"max-image-preview:large","max-video-preview":"max-video-preview:-1"},"canonical":"https:\/\/deliangdisplay.com\/es\/nuestro-producto\/accesorios\/indicadores-de-anillo\/de-liang-apilable-terciopelo-verde-oscuro-madera-de-nogal-negro-joyeria-anillo-bandeja-para-cajon-organizador\/","og_locale":"es_ES","og_type":"article","og_title":"DE-LIANG Stackable Dark Green Velvet Black Walnut Wood Jewelry Ring Tray for Drawer Organizer - DE-LIANG - jewelry,clothes,watch,beauty cosmetics","og_description":"Keep your jewelry beautifully organized and elegantly displayed with the DE-LIANG Stackable Jewelry Ring Tray, crafted from luxurious dark green velvet and framed in rich black walnut wood. This sophisticated tray is designed for ring storage, drawer organization, and premium retail presentation, combining functionality with refined aesthetics.","og_url":"https:\/\/deliangdisplay.com\/es\/nuestro-producto\/accesorios\/indicadores-de-anillo\/de-liang-apilable-terciopelo-verde-oscuro-madera-de-nogal-negro-joyeria-anillo-bandeja-para-cajon-organizador\/","og_site_name":"DE-LIANG - jewelry,clothes,watch,beauty cosmetics","article_publisher":"https:\/\/www.facebook.com\/JaneZhang008\/","article_modified_time":"2025-08-07T06:39:36+00:00","og_image":[{"width":720,"height":720,"url":"https:\/\/deliangdisplay.com\/wp-content\/uploads\/2025\/08\/1-1-46.png","type":"image\/png"}],"twitter_card":"summary_large_image","twitter_site":"@ly673551729","twitter_misc":{"Tiempo de lectura":"2 minutos"},"schema":{"@context":"https:\/\/schema.org","@graph":[{"@type":"WebPage","@id":"https:\/\/deliangdisplay.com\/our-product\/accessories\/ring-displays\/de-liang-stackable-dark-green-velvet-black-walnut-wood-jewelry-ring-tray-for-drawer-organizer\/","url":"https:\/\/deliangdisplay.com\/our-product\/accessories\/ring-displays\/de-liang-stackable-dark-green-velvet-black-walnut-wood-jewelry-ring-tray-for-drawer-organizer\/","name":"DE-LIANG apilable verde oscuro de terciopelo negro de madera de nogal joyer\u00eda anillo bandeja para caj\u00f3n organizador - DE-LIANG - joyer\u00eda,ropa,reloj,cosm\u00e9ticos de belleza","isPartOf":{"@id":"https:\/\/deliangdisplay.com\/#website"},"primaryImageOfPage":{"@id":"https:\/\/deliangdisplay.com\/our-product\/accessories\/ring-displays\/de-liang-stackable-dark-green-velvet-black-walnut-wood-jewelry-ring-tray-for-drawer-organizer\/#primaryimage"},"image":{"@id":"https:\/\/deliangdisplay.com\/our-product\/accessories\/ring-displays\/de-liang-stackable-dark-green-velvet-black-walnut-wood-jewelry-ring-tray-for-drawer-organizer\/#primaryimage"},"thumbnailUrl":"https:\/\/deliangdisplay.com\/wp-content\/uploads\/2025\/08\/1-1-46.png","datePublished":"2025-08-07T06:39:35+00:00","dateModified":"2025-08-07T06:39:36+00:00","breadcrumb":{"@id":"https:\/\/deliangdisplay.com\/our-product\/accessories\/ring-displays\/de-liang-stackable-dark-green-velvet-black-walnut-wood-jewelry-ring-tray-for-drawer-organizer\/#breadcrumb"},"inLanguage":"es","potentialAction":[{"@type":"ReadAction","target":["https:\/\/deliangdisplay.com\/our-product\/accessories\/ring-displays\/de-liang-stackable-dark-green-velvet-black-walnut-wood-jewelry-ring-tray-for-drawer-organizer\/"]}]},{"@type":"ImageObject","inLanguage":"es","@id":"https:\/\/deliangdisplay.com\/our-product\/accessories\/ring-displays\/de-liang-stackable-dark-green-velvet-black-walnut-wood-jewelry-ring-tray-for-drawer-organizer\/#primaryimage","url":"https:\/\/deliangdisplay.com\/wp-content\/uploads\/2025\/08\/1-1-46.png","contentUrl":"https:\/\/deliangdisplay.com\/wp-content\/uploads\/2025\/08\/1-1-46.png","width":720,"height":720},{"@type":"BreadcrumbList","@id":"https:\/\/deliangdisplay.com\/our-product\/accessories\/ring-displays\/de-liang-stackable-dark-green-velvet-black-walnut-wood-jewelry-ring-tray-for-drawer-organizer\/#breadcrumb","itemListElement":[{"@type":"ListItem","position":1,"name":"\u9996\u9875","item":"https:\/\/deliangdisplay.com\/"},{"@type":"ListItem","position":2,"name":"Our Product","item":"https:\/\/deliangdisplay.com\/our-product\/"},{"@type":"ListItem","position":3,"name":"DE-LIANG Stackable Dark Green Velvet Black Walnut Wood Jewelry Ring Tray for Drawer Organizer"}]},{"@type":"WebSite","@id":"https:\/\/deliangdisplay.com\/#website","url":"https:\/\/deliangdisplay.com\/","name":"deliangdisplay.com","description":"DE-LIANG - Proporciona soluciones de envasado a medida y servicios de dise\u00f1o de expositores de lujo para marcas de joyer\u00eda, ropa, relojes, cosm\u00e9ticos de belleza, etc.","publisher":{"@id":"https:\/\/deliangdisplay.com\/#organization"},"potentialAction":[{"@type":"SearchAction","target":{"@type":"EntryPoint","urlTemplate":"https:\/\/deliangdisplay.com\/?s={search_term_string}"},"query-input":{"@type":"PropertyValueSpecification","valueRequired":true,"valueName":"search_term_string"}}],"inLanguage":"es"},{"@type":"Organization","@id":"https:\/\/deliangdisplay.com\/#organization","name":"deliangdisplay.com","url":"https:\/\/deliangdisplay.com\/","logo":{"@type":"ImageObject","inLanguage":"es","@id":"https:\/\/deliangdisplay.com\/#\/schema\/logo\/image\/","url":"https:\/\/deliangdisplay.com\/wp-content\/uploads\/2025\/08\/DELIANGDISPALY_logo.png","contentUrl":"https:\/\/deliangdisplay.com\/wp-content\/uploads\/2025\/08\/DELIANGDISPALY_logo.png","width":300,"height":130,"caption":"deliangdisplay.com"},"image":{"@id":"https:\/\/deliangdisplay.com\/#\/schema\/logo\/image\/"},"sameAs":["https:\/\/www.facebook.com\/JaneZhang008\/","https:\/\/x.com\/ly673551729"]}]}},"_links":{"self":[{"href":"https:\/\/deliangdisplay.com\/es\/wp-json\/wp\/v2\/product\/42198","targetHints":{"allow":["GET"]}}],"collection":[{"href":"https:\/\/deliangdisplay.com\/es\/wp-json\/wp\/v2\/product"}],"about":[{"href":"https:\/\/deliangdisplay.com\/es\/wp-json\/wp\/v2\/types\/product"}],"replies":[{"embeddable":true,"href":"https:\/\/deliangdisplay.com\/es\/wp-json\/wp\/v2\/comments?post=42198"}],"wp:featuredmedia":[{"embeddable":true,"href":"https:\/\/deliangdisplay.com\/es\/wp-json\/wp\/v2\/media\/42231"}],"wp:attachment":[{"href":"https:\/\/deliangdisplay.com\/es\/wp-json\/wp\/v2\/media?parent=42198"}],"wp:term":[{"taxonomy":"product_brand","embeddable":true,"href":"https:\/\/deliangdisplay.com\/es\/wp-json\/wp\/v2\/product_brand?post=42198"},{"taxonomy":"product_cat","embeddable":true,"href":"https:\/\/deliangdisplay.com\/es\/wp-json\/wp\/v2\/product_cat?post=42198"},{"taxonomy":"product_tag","embeddable":true,"href":"https:\/\/deliangdisplay.com\/es\/wp-json\/wp\/v2\/product_tag?post=42198"}],"curies":[{"name":"wp","href":"https:\/\/api.w.org\/{rel}","templated":true}]}}