{"id":41922,"date":"2025-08-02T16:53:34","date_gmt":"2025-08-02T08:53:34","guid":{"rendered":"https:\/\/deliangdisplay.com\/?post_type=product&#038;p=41922"},"modified":"2025-08-02T16:53:34","modified_gmt":"2025-08-02T08:53:34","slug":"de-liang-joyeria-de-lujo-pulsera-pendiente-expositor-estante-microfibra-multifuncional-pulsera-expositor-de-pie","status":"publish","type":"product","link":"https:\/\/deliangdisplay.com\/es\/nuestro-producto\/accesorios\/barras-brazalete\/de-liang-joyeria-de-lujo-pulsera-pendiente-expositor-estante-microfibra-multifuncional-pulsera-expositor-de-pie\/","title":{"rendered":"DE-LIANG Joyer\u00eda de lujo escaparate Pulsera Pendiente Display Rack Microfibra Multi-funcional Display Pulsera Display Stand"},"content":{"rendered":"<ul data-start=\"636\" data-end=\"1452\">\n<li data-start=\"636\" data-end=\"815\">\n<p data-start=\"638\" data-end=\"815\"><strong data-start=\"638\" data-end=\"668\">Acabado de microfibra de alta gama<\/strong>: Envuelto en tejido de microfibra de primera calidad, ofrece una textura suave y mate que protege las joyas delicadas y desprende una est\u00e9tica minimalista de lujo.<\/p>\n<\/li>\n<li data-start=\"816\" data-end=\"986\">\n<p data-start=\"818\" data-end=\"986\"><strong data-start=\"818\" data-end=\"845\">Dise\u00f1o multifuncional<\/strong>: Ideal para exponer pulseras, brazaletes, pendientes, brazaletes, relojes o juegos de joyas en capas - perfecto tanto para mostrador como para vitrina.<\/p>\n<\/li>\n<li data-start=\"987\" data-end=\"1136\">\n<p data-start=\"989\" data-end=\"1136\"><strong data-start=\"989\" data-end=\"1014\">Base estable y duradera<\/strong>: Construidas con un robusto n\u00facleo de madera o acr\u00edlico, garantizan un soporte duradero y una presentaci\u00f3n limpia desde todos los \u00e1ngulos.<\/p>\n<\/li>\n<li data-start=\"1137\" data-end=\"1297\">\n<p data-start=\"1139\" data-end=\"1297\"><strong data-start=\"1139\" data-end=\"1164\">Expositores modernos para minoristas<\/strong>: Elegante y eficiente en t\u00e9rminos de espacio, este expositor aporta elegancia a boutiques de joyer\u00eda, pop-ups, ferias comerciales o entornos fotogr\u00e1ficos.<\/p>\n<\/li>\n<li data-start=\"1298\" data-end=\"1452\">\n<p data-start=\"1300\" data-end=\"1452\"><strong data-start=\"1300\" data-end=\"1324\">Opciones personalizables<\/strong>: Disponibles en tama\u00f1os, formas y colores personalizados, y con la posibilidad de personalizarlos con su logotipo para adaptarlos a la identidad visual de su tienda.<\/p>\n<\/li>\n<\/ul>\n<h3 data-start=\"1454\" data-end=\"1488\">\ud83d\udce6 <strong data-start=\"1461\" data-end=\"1488\">Especificaciones del producto:<\/strong><\/h3>\n<ul data-start=\"1490\" data-end=\"1869\">\n<li data-start=\"1490\" data-end=\"1555\">\n<p data-start=\"1492\" data-end=\"1555\"><strong data-start=\"1492\" data-end=\"1504\">Material<\/strong>: Superficie de microfibra + n\u00facleo interior de madera o acr\u00edlico<\/p>\n<\/li>\n<li data-start=\"1556\" data-end=\"1640\">\n<p data-start=\"1558\" data-end=\"1640\"><strong data-start=\"1558\" data-end=\"1567\">Color<\/strong>: Tonos neutros (gris, beige, blanco, negro, caqui, etc. - personalizables)<\/p>\n<\/li>\n<li data-start=\"1641\" data-end=\"1697\">\n<p data-start=\"1643\" data-end=\"1697\"><strong data-start=\"1643\" data-end=\"1650\">Utilice<\/strong>: Pulsera, pendiente, brazalete o pantalla de reloj<\/p>\n<\/li>\n<li data-start=\"1698\" data-end=\"1752\">\n<p data-start=\"1700\" data-end=\"1752\"><strong data-start=\"1700\" data-end=\"1712\">Caracter\u00edsticas<\/strong>: Base suave al tacto, antiara\u00f1azos y estable<\/p>\n<\/li>\n<li data-start=\"1753\" data-end=\"1805\">\n<p data-start=\"1755\" data-end=\"1805\"><strong data-start=\"1755\" data-end=\"1763\">Logotipo<\/strong>: Posibilidad de impresi\u00f3n o gofrado personalizados<\/p>\n<\/li>\n<li data-start=\"1806\" data-end=\"1869\">\n<p data-start=\"1808\" data-end=\"1869\"><strong data-start=\"1808\" data-end=\"1815\">MOQ<\/strong>: Flexible para pedidos de boutiques y clientes mayoristas<\/p>\n<\/li>\n<\/ul>\n<hr data-start=\"1871\" data-end=\"1874\" \/>\n<p data-start=\"1876\" data-end=\"1996\"><strong data-start=\"1876\" data-end=\"1930\">Dise\u00f1ado para complementar la belleza de sus joyas.<\/strong><br data-start=\"1930\" data-end=\"1933\" \/>DE-LIANG aporta artesan\u00eda y estilo a cada expositor.<\/p>\n<p data-start=\"1998\" data-end=\"2078\">\ud83d\udce9 <em data-start=\"2001\" data-end=\"2078\">P\u00f3ngase en contacto con nosotros si desea opciones personalizadas, servicios OEM\/ODM o precios de pedidos al por mayor.<\/em><\/p>","protected":false},"excerpt":{"rendered":"<p>Mejore la presentaci\u00f3n de sus joyas con el expositor de joyas de lujo de microfibra DE-LIANG, una soluci\u00f3n elegante y vers\u00e1til para exhibir pulseras, brazaletes, pendientes y relojes tanto en tiendas como en exposiciones. Dise\u00f1ado para el lujo moderno, este estante multifuncional combina l\u00edneas limpias, materiales suaves al tacto y elegancia pr\u00e1ctica.<\/p>","protected":false},"featured_media":41923,"comment_status":"open","ping_status":"closed","template":"","meta":{"_acf_changed":false},"product_brand":[],"product_cat":[71],"product_tag":[],"class_list":{"0":"post-41922","1":"product","2":"type-product","3":"status-publish","4":"has-post-thumbnail","6":"product_cat-bangle-bars","8":"first","9":"instock","10":"shipping-taxable","11":"purchasable","12":"product-type-simple"},"acf":[],"yoast_head":"<!-- This site is optimized with the Yoast SEO plugin v27.4 - https:\/\/yoast.com\/product\/yoast-seo-wordpress\/ -->\n<title>DE-LIANG Luxury Jewelry showcase Bracelet Earring Display Rack Microfiber Multi-functional Display Bracelet Display Stand - DE-LIANG - jewelry,clothes,watch,beauty cosmetics<\/title>\n<meta name=\"robots\" content=\"index, follow, max-snippet:-1, max-image-preview:large, max-video-preview:-1\" \/>\n<link rel=\"canonical\" href=\"https:\/\/deliangdisplay.com\/es\/nuestro-producto\/accesorios\/barras-brazalete\/de-liang-joyeria-de-lujo-pulsera-pendiente-expositor-estante-microfibra-multifuncional-pulsera-expositor-de-pie\/\" \/>\n<meta property=\"og:locale\" content=\"es_ES\" \/>\n<meta property=\"og:type\" content=\"article\" \/>\n<meta property=\"og:title\" content=\"DE-LIANG Luxury Jewelry showcase Bracelet Earring Display Rack Microfiber Multi-functional Display Bracelet Display Stand - DE-LIANG - jewelry,clothes,watch,beauty cosmetics\" \/>\n<meta property=\"og:description\" content=\"Elevate your jewelry presentation with the DE-LIANG Luxury Microfiber Jewelry Display Stand \u2014 a stylish and versatile solution for showcasing bracelets, bangles, earrings, and watches in both retail and exhibition settings. Designed for modern luxury, this multi-functional rack combines clean lines, soft-touch materials, and practical elegance.\" \/>\n<meta property=\"og:url\" content=\"https:\/\/deliangdisplay.com\/es\/nuestro-producto\/accesorios\/barras-brazalete\/de-liang-joyeria-de-lujo-pulsera-pendiente-expositor-estante-microfibra-multifuncional-pulsera-expositor-de-pie\/\" \/>\n<meta property=\"og:site_name\" content=\"DE-LIANG - jewelry,clothes,watch,beauty cosmetics\" \/>\n<meta property=\"article:publisher\" content=\"https:\/\/www.facebook.com\/JaneZhang008\/\" \/>\n<meta property=\"og:image\" content=\"https:\/\/deliangdisplay.com\/wp-content\/uploads\/2025\/08\/1-1-28.png\" \/>\n\t<meta property=\"og:image:width\" content=\"720\" \/>\n\t<meta property=\"og:image:height\" content=\"720\" \/>\n\t<meta property=\"og:image:type\" content=\"image\/png\" \/>\n<meta name=\"twitter:card\" content=\"summary_large_image\" \/>\n<meta name=\"twitter:site\" content=\"@ly673551729\" \/>\n<meta name=\"twitter:label1\" content=\"Tiempo de lectura\" \/>\n\t<meta name=\"twitter:data1\" content=\"1 minuto\" \/>\n<script type=\"application\/ld+json\" class=\"yoast-schema-graph\">{\"@context\":\"https:\\\/\\\/schema.org\",\"@graph\":[{\"@type\":\"WebPage\",\"@id\":\"https:\\\/\\\/deliangdisplay.com\\\/our-product\\\/accessories\\\/bangle-bars\\\/de-liang-luxury-jewelry-showcase-bracelet-earring-display-rack-microfiber-multi-functional-display-bracelet-display-stand\\\/\",\"url\":\"https:\\\/\\\/deliangdisplay.com\\\/our-product\\\/accessories\\\/bangle-bars\\\/de-liang-luxury-jewelry-showcase-bracelet-earring-display-rack-microfiber-multi-functional-display-bracelet-display-stand\\\/\",\"name\":\"DE-LIANG Luxury Jewelry showcase Bracelet Earring Display Rack Microfiber Multi-functional Display Bracelet Display Stand - DE-LIANG - jewelry,clothes,watch,beauty cosmetics\",\"isPartOf\":{\"@id\":\"https:\\\/\\\/deliangdisplay.com\\\/#website\"},\"primaryImageOfPage\":{\"@id\":\"https:\\\/\\\/deliangdisplay.com\\\/our-product\\\/accessories\\\/bangle-bars\\\/de-liang-luxury-jewelry-showcase-bracelet-earring-display-rack-microfiber-multi-functional-display-bracelet-display-stand\\\/#primaryimage\"},\"image\":{\"@id\":\"https:\\\/\\\/deliangdisplay.com\\\/our-product\\\/accessories\\\/bangle-bars\\\/de-liang-luxury-jewelry-showcase-bracelet-earring-display-rack-microfiber-multi-functional-display-bracelet-display-stand\\\/#primaryimage\"},\"thumbnailUrl\":\"https:\\\/\\\/deliangdisplay.com\\\/wp-content\\\/uploads\\\/2025\\\/08\\\/1-1-28.png\",\"datePublished\":\"2025-08-02T08:53:34+00:00\",\"breadcrumb\":{\"@id\":\"https:\\\/\\\/deliangdisplay.com\\\/our-product\\\/accessories\\\/bangle-bars\\\/de-liang-luxury-jewelry-showcase-bracelet-earring-display-rack-microfiber-multi-functional-display-bracelet-display-stand\\\/#breadcrumb\"},\"inLanguage\":\"es\",\"potentialAction\":[{\"@type\":\"ReadAction\",\"target\":[\"https:\\\/\\\/deliangdisplay.com\\\/our-product\\\/accessories\\\/bangle-bars\\\/de-liang-luxury-jewelry-showcase-bracelet-earring-display-rack-microfiber-multi-functional-display-bracelet-display-stand\\\/\"]}]},{\"@type\":\"ImageObject\",\"inLanguage\":\"es\",\"@id\":\"https:\\\/\\\/deliangdisplay.com\\\/our-product\\\/accessories\\\/bangle-bars\\\/de-liang-luxury-jewelry-showcase-bracelet-earring-display-rack-microfiber-multi-functional-display-bracelet-display-stand\\\/#primaryimage\",\"url\":\"https:\\\/\\\/deliangdisplay.com\\\/wp-content\\\/uploads\\\/2025\\\/08\\\/1-1-28.png\",\"contentUrl\":\"https:\\\/\\\/deliangdisplay.com\\\/wp-content\\\/uploads\\\/2025\\\/08\\\/1-1-28.png\",\"width\":720,\"height\":720},{\"@type\":\"BreadcrumbList\",\"@id\":\"https:\\\/\\\/deliangdisplay.com\\\/our-product\\\/accessories\\\/bangle-bars\\\/de-liang-luxury-jewelry-showcase-bracelet-earring-display-rack-microfiber-multi-functional-display-bracelet-display-stand\\\/#breadcrumb\",\"itemListElement\":[{\"@type\":\"ListItem\",\"position\":1,\"name\":\"\u9996\u9875\",\"item\":\"https:\\\/\\\/deliangdisplay.com\\\/\"},{\"@type\":\"ListItem\",\"position\":2,\"name\":\"Our Product\",\"item\":\"https:\\\/\\\/deliangdisplay.com\\\/our-product\\\/\"},{\"@type\":\"ListItem\",\"position\":3,\"name\":\"DE-LIANG Luxury Jewelry showcase Bracelet Earring Display Rack Microfiber Multi-functional Display Bracelet Display Stand\"}]},{\"@type\":\"WebSite\",\"@id\":\"https:\\\/\\\/deliangdisplay.com\\\/#website\",\"url\":\"https:\\\/\\\/deliangdisplay.com\\\/\",\"name\":\"deliangdisplay.com\",\"description\":\"DE-LIANG - Providing bespoke packaging solutions and luxurious display design services for brands in jewelry, apparel, watches, beauty cosmetics, and more.\",\"publisher\":{\"@id\":\"https:\\\/\\\/deliangdisplay.com\\\/#organization\"},\"potentialAction\":[{\"@type\":\"SearchAction\",\"target\":{\"@type\":\"EntryPoint\",\"urlTemplate\":\"https:\\\/\\\/deliangdisplay.com\\\/?s={search_term_string}\"},\"query-input\":{\"@type\":\"PropertyValueSpecification\",\"valueRequired\":true,\"valueName\":\"search_term_string\"}}],\"inLanguage\":\"es\"},{\"@type\":\"Organization\",\"@id\":\"https:\\\/\\\/deliangdisplay.com\\\/#organization\",\"name\":\"deliangdisplay.com\",\"url\":\"https:\\\/\\\/deliangdisplay.com\\\/\",\"logo\":{\"@type\":\"ImageObject\",\"inLanguage\":\"es\",\"@id\":\"https:\\\/\\\/deliangdisplay.com\\\/#\\\/schema\\\/logo\\\/image\\\/\",\"url\":\"https:\\\/\\\/deliangdisplay.com\\\/wp-content\\\/uploads\\\/2025\\\/08\\\/DELIANGDISPALY_logo.png\",\"contentUrl\":\"https:\\\/\\\/deliangdisplay.com\\\/wp-content\\\/uploads\\\/2025\\\/08\\\/DELIANGDISPALY_logo.png\",\"width\":300,\"height\":130,\"caption\":\"deliangdisplay.com\"},\"image\":{\"@id\":\"https:\\\/\\\/deliangdisplay.com\\\/#\\\/schema\\\/logo\\\/image\\\/\"},\"sameAs\":[\"https:\\\/\\\/www.facebook.com\\\/JaneZhang008\\\/\",\"https:\\\/\\\/x.com\\\/ly673551729\"]}]}<\/script>\n<!-- \/ Yoast SEO plugin. -->","yoast_head_json":{"title":"DE-LIANG Joyer\u00eda de lujo escaparate Pulsera Pendiente Display Rack Microfibra Multi-funcional Pulsera Display Stand - DE-LIANG - joyer\u00eda,ropa,reloj,cosm\u00e9ticos de belleza","robots":{"index":"index","follow":"follow","max-snippet":"max-snippet:-1","max-image-preview":"max-image-preview:large","max-video-preview":"max-video-preview:-1"},"canonical":"https:\/\/deliangdisplay.com\/es\/nuestro-producto\/accesorios\/barras-brazalete\/de-liang-joyeria-de-lujo-pulsera-pendiente-expositor-estante-microfibra-multifuncional-pulsera-expositor-de-pie\/","og_locale":"es_ES","og_type":"article","og_title":"DE-LIANG Luxury Jewelry showcase Bracelet Earring Display Rack Microfiber Multi-functional Display Bracelet Display Stand - DE-LIANG - jewelry,clothes,watch,beauty cosmetics","og_description":"Elevate your jewelry presentation with the DE-LIANG Luxury Microfiber Jewelry Display Stand \u2014 a stylish and versatile solution for showcasing bracelets, bangles, earrings, and watches in both retail and exhibition settings. Designed for modern luxury, this multi-functional rack combines clean lines, soft-touch materials, and practical elegance.","og_url":"https:\/\/deliangdisplay.com\/es\/nuestro-producto\/accesorios\/barras-brazalete\/de-liang-joyeria-de-lujo-pulsera-pendiente-expositor-estante-microfibra-multifuncional-pulsera-expositor-de-pie\/","og_site_name":"DE-LIANG - jewelry,clothes,watch,beauty cosmetics","article_publisher":"https:\/\/www.facebook.com\/JaneZhang008\/","og_image":[{"width":720,"height":720,"url":"https:\/\/deliangdisplay.com\/wp-content\/uploads\/2025\/08\/1-1-28.png","type":"image\/png"}],"twitter_card":"summary_large_image","twitter_site":"@ly673551729","twitter_misc":{"Tiempo de lectura":"1 minuto"},"schema":{"@context":"https:\/\/schema.org","@graph":[{"@type":"WebPage","@id":"https:\/\/deliangdisplay.com\/our-product\/accessories\/bangle-bars\/de-liang-luxury-jewelry-showcase-bracelet-earring-display-rack-microfiber-multi-functional-display-bracelet-display-stand\/","url":"https:\/\/deliangdisplay.com\/our-product\/accessories\/bangle-bars\/de-liang-luxury-jewelry-showcase-bracelet-earring-display-rack-microfiber-multi-functional-display-bracelet-display-stand\/","name":"DE-LIANG Joyer\u00eda de lujo escaparate Pulsera Pendiente Display Rack Microfibra Multi-funcional Pulsera Display Stand - DE-LIANG - joyer\u00eda,ropa,reloj,cosm\u00e9ticos de belleza","isPartOf":{"@id":"https:\/\/deliangdisplay.com\/#website"},"primaryImageOfPage":{"@id":"https:\/\/deliangdisplay.com\/our-product\/accessories\/bangle-bars\/de-liang-luxury-jewelry-showcase-bracelet-earring-display-rack-microfiber-multi-functional-display-bracelet-display-stand\/#primaryimage"},"image":{"@id":"https:\/\/deliangdisplay.com\/our-product\/accessories\/bangle-bars\/de-liang-luxury-jewelry-showcase-bracelet-earring-display-rack-microfiber-multi-functional-display-bracelet-display-stand\/#primaryimage"},"thumbnailUrl":"https:\/\/deliangdisplay.com\/wp-content\/uploads\/2025\/08\/1-1-28.png","datePublished":"2025-08-02T08:53:34+00:00","breadcrumb":{"@id":"https:\/\/deliangdisplay.com\/our-product\/accessories\/bangle-bars\/de-liang-luxury-jewelry-showcase-bracelet-earring-display-rack-microfiber-multi-functional-display-bracelet-display-stand\/#breadcrumb"},"inLanguage":"es","potentialAction":[{"@type":"ReadAction","target":["https:\/\/deliangdisplay.com\/our-product\/accessories\/bangle-bars\/de-liang-luxury-jewelry-showcase-bracelet-earring-display-rack-microfiber-multi-functional-display-bracelet-display-stand\/"]}]},{"@type":"ImageObject","inLanguage":"es","@id":"https:\/\/deliangdisplay.com\/our-product\/accessories\/bangle-bars\/de-liang-luxury-jewelry-showcase-bracelet-earring-display-rack-microfiber-multi-functional-display-bracelet-display-stand\/#primaryimage","url":"https:\/\/deliangdisplay.com\/wp-content\/uploads\/2025\/08\/1-1-28.png","contentUrl":"https:\/\/deliangdisplay.com\/wp-content\/uploads\/2025\/08\/1-1-28.png","width":720,"height":720},{"@type":"BreadcrumbList","@id":"https:\/\/deliangdisplay.com\/our-product\/accessories\/bangle-bars\/de-liang-luxury-jewelry-showcase-bracelet-earring-display-rack-microfiber-multi-functional-display-bracelet-display-stand\/#breadcrumb","itemListElement":[{"@type":"ListItem","position":1,"name":"\u9996\u9875","item":"https:\/\/deliangdisplay.com\/"},{"@type":"ListItem","position":2,"name":"Our Product","item":"https:\/\/deliangdisplay.com\/our-product\/"},{"@type":"ListItem","position":3,"name":"DE-LIANG Luxury Jewelry showcase Bracelet Earring Display Rack Microfiber Multi-functional Display Bracelet Display Stand"}]},{"@type":"WebSite","@id":"https:\/\/deliangdisplay.com\/#website","url":"https:\/\/deliangdisplay.com\/","name":"deliangdisplay.com","description":"DE-LIANG - Proporciona soluciones de envasado a medida y servicios de dise\u00f1o de expositores de lujo para marcas de joyer\u00eda, ropa, relojes, cosm\u00e9ticos de belleza, etc.","publisher":{"@id":"https:\/\/deliangdisplay.com\/#organization"},"potentialAction":[{"@type":"SearchAction","target":{"@type":"EntryPoint","urlTemplate":"https:\/\/deliangdisplay.com\/?s={search_term_string}"},"query-input":{"@type":"PropertyValueSpecification","valueRequired":true,"valueName":"search_term_string"}}],"inLanguage":"es"},{"@type":"Organization","@id":"https:\/\/deliangdisplay.com\/#organization","name":"deliangdisplay.com","url":"https:\/\/deliangdisplay.com\/","logo":{"@type":"ImageObject","inLanguage":"es","@id":"https:\/\/deliangdisplay.com\/#\/schema\/logo\/image\/","url":"https:\/\/deliangdisplay.com\/wp-content\/uploads\/2025\/08\/DELIANGDISPALY_logo.png","contentUrl":"https:\/\/deliangdisplay.com\/wp-content\/uploads\/2025\/08\/DELIANGDISPALY_logo.png","width":300,"height":130,"caption":"deliangdisplay.com"},"image":{"@id":"https:\/\/deliangdisplay.com\/#\/schema\/logo\/image\/"},"sameAs":["https:\/\/www.facebook.com\/JaneZhang008\/","https:\/\/x.com\/ly673551729"]}]}},"_links":{"self":[{"href":"https:\/\/deliangdisplay.com\/es\/wp-json\/wp\/v2\/product\/41922","targetHints":{"allow":["GET"]}}],"collection":[{"href":"https:\/\/deliangdisplay.com\/es\/wp-json\/wp\/v2\/product"}],"about":[{"href":"https:\/\/deliangdisplay.com\/es\/wp-json\/wp\/v2\/types\/product"}],"replies":[{"embeddable":true,"href":"https:\/\/deliangdisplay.com\/es\/wp-json\/wp\/v2\/comments?post=41922"}],"wp:featuredmedia":[{"embeddable":true,"href":"https:\/\/deliangdisplay.com\/es\/wp-json\/wp\/v2\/media\/41923"}],"wp:attachment":[{"href":"https:\/\/deliangdisplay.com\/es\/wp-json\/wp\/v2\/media?parent=41922"}],"wp:term":[{"taxonomy":"product_brand","embeddable":true,"href":"https:\/\/deliangdisplay.com\/es\/wp-json\/wp\/v2\/product_brand?post=41922"},{"taxonomy":"product_cat","embeddable":true,"href":"https:\/\/deliangdisplay.com\/es\/wp-json\/wp\/v2\/product_cat?post=41922"},{"taxonomy":"product_tag","embeddable":true,"href":"https:\/\/deliangdisplay.com\/es\/wp-json\/wp\/v2\/product_tag?post=41922"}],"curies":[{"name":"wp","href":"https:\/\/api.w.org\/{rel}","templated":true}]}}