{"id":41900,"date":"2025-08-02T16:41:41","date_gmt":"2025-08-02T08:41:41","guid":{"rendered":"https:\/\/deliangdisplay.com\/?post_type=product&#038;p=41900"},"modified":"2025-09-03T10:04:47","modified_gmt":"2025-09-03T02:04:47","slug":"de-liang-de-lujo-de-cuero-verde-solo-reloj-caja-oem-de-madera-de-almacenamiento-de-regalo-de-embalaje-caja-de-reloj-casos-almohada","status":"publish","type":"product","link":"https:\/\/deliangdisplay.com\/es\/nuestro-producto\/envasado\/el-mundo-de-los-relojes-de-lujo\/de-liang-de-lujo-de-cuero-verde-solo-reloj-caja-oem-de-madera-de-almacenamiento-de-regalo-de-embalaje-caja-de-reloj-casos-almohada\/","title":{"rendered":"Lujo verde de cuero \u00fanico reloj Caja Oem de madera de almacenamiento de regalo de embalaje Caja de reloj Fundas de almohada"},"content":{"rendered":"<ul data-start=\"598\" data-end=\"1505\">\n<li data-start=\"598\" data-end=\"783\">\n<p data-start=\"600\" data-end=\"783\"><strong data-start=\"600\" data-end=\"632\">Elegante acabado en cuero verde<\/strong>: Cubierta de piel sint\u00e9tica o aut\u00e9ntica de alta calidad, esta caja presenta un atrevido pero refinado tono verde que transmite prestigio y moderna sofisticaci\u00f3n.<\/p>\n<\/li>\n<li data-start=\"784\" data-end=\"928\">\n<p data-start=\"786\" data-end=\"928\"><strong data-start=\"786\" data-end=\"813\">Robusta estructura de madera<\/strong>: El marco interior est\u00e1 hecho de madera de ingenier\u00eda duradera, lo que garantiza una protecci\u00f3n duradera y una sensaci\u00f3n de primera calidad.<\/p>\n<\/li>\n<li data-start=\"929\" data-end=\"1068\">\n<p data-start=\"931\" data-end=\"1068\"><strong data-start=\"931\" data-end=\"961\">Almohada de reloj blanda incluida<\/strong>: Viene con un coj\u00edn extra\u00edble que asegura suavemente su reloj en su lugar, ideal para exhibici\u00f3n o almacenamiento.<\/p>\n<\/li>\n<li data-start=\"1069\" data-end=\"1229\">\n<p data-start=\"1071\" data-end=\"1229\"><strong data-start=\"1071\" data-end=\"1103\">Embalaje perfecto para regalo<\/strong>: Ya sea para la venta al por menor, para objetos de coleccionista o para regalar, esta caja \u00fanica para relojes a\u00f1ade lujo a cada experiencia de unboxing.<\/p>\n<\/li>\n<li data-start=\"1230\" data-end=\"1387\">\n<p data-start=\"1232\" data-end=\"1387\"><strong data-start=\"1232\" data-end=\"1252\">Compatible con OEM\/ODM<\/strong>: Personalizable con el logotipo de su marca, el color, el tama\u00f1o, el material del forro y mucho m\u00e1s: ideal para relojeros, minoristas y marcas blancas.<\/p>\n<\/li>\n<li data-start=\"1388\" data-end=\"1505\">\n<p data-start=\"1390\" data-end=\"1505\"><strong data-start=\"1390\" data-end=\"1408\">Cierre seguro<\/strong>: Dise\u00f1ado con una tapa magn\u00e9tica o un cierre de bot\u00f3n para mantener su reloj seguro y bien guardado.<\/p>\n<\/li>\n<\/ul>\n<h3 data-start=\"1507\" data-end=\"1541\">\ud83d\udce6 <strong data-start=\"1514\" data-end=\"1541\">Especificaciones del producto:<\/strong><\/h3>\n<ul data-start=\"1543\" data-end=\"1924\">\n<li data-start=\"1543\" data-end=\"1598\">\n<p data-start=\"1545\" data-end=\"1598\"><strong data-start=\"1545\" data-end=\"1566\">Material exterior<\/strong>: Cuero PU \/ Cuero aut\u00e9ntico<\/p>\n<\/li>\n<li data-start=\"1599\" data-end=\"1651\">\n<p data-start=\"1601\" data-end=\"1651\"><strong data-start=\"1601\" data-end=\"1613\">Interior<\/strong>: Terciopelo \/ Gamuza \/ Forro de microfibra<\/p>\n<\/li>\n<li data-start=\"1652\" data-end=\"1703\">\n<p data-start=\"1654\" data-end=\"1703\"><strong data-start=\"1654\" data-end=\"1667\">Estructura<\/strong>: Caja de madera con envoltorio de cuero<\/p>\n<\/li>\n<li data-start=\"1704\" data-end=\"1757\">\n<p data-start=\"1706\" data-end=\"1757\"><strong data-start=\"1706\" data-end=\"1715\">Color<\/strong>: Verde de lujo (colores personalizados disponibles)<\/p>\n<\/li>\n<li data-start=\"1758\" data-end=\"1783\">\n<p data-start=\"1760\" data-end=\"1783\"><strong data-start=\"1760\" data-end=\"1772\">Capacidad<\/strong>: 1 reloj<\/p>\n<\/li>\n<li data-start=\"1784\" data-end=\"1877\">\n<p data-start=\"1786\" data-end=\"1877\"><strong data-start=\"1786\" data-end=\"1801\">Logotipo personalizado<\/strong>: Disponible en la tapa, la almohada o el forro interior (estampado, gofrado, impreso)<\/p>\n<\/li>\n<li data-start=\"1878\" data-end=\"1924\">\n<p data-start=\"1880\" data-end=\"1924\"><strong data-start=\"1880\" data-end=\"1887\">MOQ<\/strong>: Flexible para pedidos OEM\/mayoristas<\/p>\n<\/li>\n<\/ul>\n<hr data-start=\"1926\" data-end=\"1929\" \/>\n<p data-start=\"1931\" data-end=\"2064\"><strong data-start=\"1931\" data-end=\"1982\">Los relojes de lujo merecen cajas igualmente lujosas.<\/strong><br data-start=\"1982\" data-end=\"1985\" \/>Con DE-LIANG, sus envases hablan el idioma de la calidad y la artesan\u00eda.<\/p>\n<p data-start=\"2066\" data-end=\"2148\">\ud83d\udce9 <em data-start=\"2069\" data-end=\"2148\">P\u00f3ngase en contacto con nosotros para personalizaciones OEM\/ODM, solicitudes de muestras y precios al por mayor.<\/em><\/p>","protected":false},"excerpt":{"rendered":"<p>Muestre su reloj con confianza utilizando la caja de reloj de lujo de piel verde DE-LIANG, una soluci\u00f3n de embalaje de alta gama que combina una est\u00e9tica elegante, una construcci\u00f3n duradera y opciones de personalizaci\u00f3n de la marca. Dise\u00f1ada para marcas de lujo, minoristas o regalos, esta caja protege y mejora la presentaci\u00f3n de su reloj.<\/p>","protected":false},"featured_media":41906,"comment_status":"open","ping_status":"closed","template":"","meta":{"_acf_changed":false},"product_brand":[],"product_cat":[44],"product_tag":[],"class_list":{"0":"post-41900","1":"product","2":"type-product","3":"status-publish","4":"has-post-thumbnail","6":"product_cat-luxury-watch-world","8":"first","9":"instock","10":"shipping-taxable","11":"purchasable","12":"product-type-simple"},"acf":[],"yoast_head":"<!-- This site is optimized with the Yoast SEO plugin v27.4 - https:\/\/yoast.com\/product\/yoast-seo-wordpress\/ -->\n<title>Luxury Green Leather Single Watch Box Oem Wooden Storage Gift Packaging Watch Box Cases Pillow - DE-LIANG - jewelry,clothes,watch,beauty cosmetics<\/title>\n<meta name=\"robots\" content=\"index, follow, max-snippet:-1, max-image-preview:large, max-video-preview:-1\" \/>\n<link rel=\"canonical\" href=\"https:\/\/deliangdisplay.com\/es\/nuestro-producto\/envasado\/el-mundo-de-los-relojes-de-lujo\/de-liang-de-lujo-de-cuero-verde-solo-reloj-caja-oem-de-madera-de-almacenamiento-de-regalo-de-embalaje-caja-de-reloj-casos-almohada\/\" \/>\n<meta property=\"og:locale\" content=\"es_ES\" \/>\n<meta property=\"og:type\" content=\"article\" \/>\n<meta property=\"og:title\" content=\"Luxury Green Leather Single Watch Box Oem Wooden Storage Gift Packaging Watch Box Cases Pillow - DE-LIANG - jewelry,clothes,watch,beauty cosmetics\" \/>\n<meta property=\"og:description\" content=\"Showcase your watch with confidence using the DE-LIANG Luxury Green Leather Watch Box \u2014 a high-end packaging solution that blends elegant aesthetics, durable construction, and custom branding options. Designed for luxury brands, retailers, or gifting, this box protects and enhances the presentation of your timepiece.\" \/>\n<meta property=\"og:url\" content=\"https:\/\/deliangdisplay.com\/es\/nuestro-producto\/envasado\/el-mundo-de-los-relojes-de-lujo\/de-liang-de-lujo-de-cuero-verde-solo-reloj-caja-oem-de-madera-de-almacenamiento-de-regalo-de-embalaje-caja-de-reloj-casos-almohada\/\" \/>\n<meta property=\"og:site_name\" content=\"DE-LIANG - jewelry,clothes,watch,beauty cosmetics\" \/>\n<meta property=\"article:publisher\" content=\"https:\/\/www.facebook.com\/JaneZhang008\/\" \/>\n<meta property=\"article:modified_time\" content=\"2025-09-03T02:04:47+00:00\" \/>\n<meta property=\"og:image\" content=\"https:\/\/deliangdisplay.com\/wp-content\/uploads\/2025\/08\/120-12.png\" \/>\n\t<meta property=\"og:image:width\" content=\"720\" \/>\n\t<meta property=\"og:image:height\" content=\"720\" \/>\n\t<meta property=\"og:image:type\" content=\"image\/png\" \/>\n<meta name=\"twitter:card\" content=\"summary_large_image\" \/>\n<meta name=\"twitter:site\" content=\"@ly673551729\" \/>\n<meta name=\"twitter:label1\" content=\"Tiempo de lectura\" \/>\n\t<meta name=\"twitter:data1\" content=\"2 minutos\" \/>\n<script type=\"application\/ld+json\" class=\"yoast-schema-graph\">{\"@context\":\"https:\\\/\\\/schema.org\",\"@graph\":[{\"@type\":\"WebPage\",\"@id\":\"https:\\\/\\\/deliangdisplay.com\\\/our-product\\\/packaging\\\/luxury-watch-world\\\/de-liang-luxury-green-leather-single-watch-box-oem-wooden-storage-gift-packaging-watch-box-cases-pillow\\\/\",\"url\":\"https:\\\/\\\/deliangdisplay.com\\\/our-product\\\/packaging\\\/luxury-watch-world\\\/de-liang-luxury-green-leather-single-watch-box-oem-wooden-storage-gift-packaging-watch-box-cases-pillow\\\/\",\"name\":\"Luxury Green Leather Single Watch Box Oem Wooden Storage Gift Packaging Watch Box Cases Pillow - DE-LIANG - jewelry,clothes,watch,beauty cosmetics\",\"isPartOf\":{\"@id\":\"https:\\\/\\\/deliangdisplay.com\\\/#website\"},\"primaryImageOfPage\":{\"@id\":\"https:\\\/\\\/deliangdisplay.com\\\/our-product\\\/packaging\\\/luxury-watch-world\\\/de-liang-luxury-green-leather-single-watch-box-oem-wooden-storage-gift-packaging-watch-box-cases-pillow\\\/#primaryimage\"},\"image\":{\"@id\":\"https:\\\/\\\/deliangdisplay.com\\\/our-product\\\/packaging\\\/luxury-watch-world\\\/de-liang-luxury-green-leather-single-watch-box-oem-wooden-storage-gift-packaging-watch-box-cases-pillow\\\/#primaryimage\"},\"thumbnailUrl\":\"https:\\\/\\\/deliangdisplay.com\\\/wp-content\\\/uploads\\\/2025\\\/08\\\/120-12.png\",\"datePublished\":\"2025-08-02T08:41:41+00:00\",\"dateModified\":\"2025-09-03T02:04:47+00:00\",\"breadcrumb\":{\"@id\":\"https:\\\/\\\/deliangdisplay.com\\\/our-product\\\/packaging\\\/luxury-watch-world\\\/de-liang-luxury-green-leather-single-watch-box-oem-wooden-storage-gift-packaging-watch-box-cases-pillow\\\/#breadcrumb\"},\"inLanguage\":\"es\",\"potentialAction\":[{\"@type\":\"ReadAction\",\"target\":[\"https:\\\/\\\/deliangdisplay.com\\\/our-product\\\/packaging\\\/luxury-watch-world\\\/de-liang-luxury-green-leather-single-watch-box-oem-wooden-storage-gift-packaging-watch-box-cases-pillow\\\/\"]}]},{\"@type\":\"ImageObject\",\"inLanguage\":\"es\",\"@id\":\"https:\\\/\\\/deliangdisplay.com\\\/our-product\\\/packaging\\\/luxury-watch-world\\\/de-liang-luxury-green-leather-single-watch-box-oem-wooden-storage-gift-packaging-watch-box-cases-pillow\\\/#primaryimage\",\"url\":\"https:\\\/\\\/deliangdisplay.com\\\/wp-content\\\/uploads\\\/2025\\\/08\\\/120-12.png\",\"contentUrl\":\"https:\\\/\\\/deliangdisplay.com\\\/wp-content\\\/uploads\\\/2025\\\/08\\\/120-12.png\",\"width\":720,\"height\":720},{\"@type\":\"BreadcrumbList\",\"@id\":\"https:\\\/\\\/deliangdisplay.com\\\/our-product\\\/packaging\\\/luxury-watch-world\\\/de-liang-luxury-green-leather-single-watch-box-oem-wooden-storage-gift-packaging-watch-box-cases-pillow\\\/#breadcrumb\",\"itemListElement\":[{\"@type\":\"ListItem\",\"position\":1,\"name\":\"\u9996\u9875\",\"item\":\"https:\\\/\\\/deliangdisplay.com\\\/\"},{\"@type\":\"ListItem\",\"position\":2,\"name\":\"Our Product\",\"item\":\"https:\\\/\\\/deliangdisplay.com\\\/our-product\\\/\"},{\"@type\":\"ListItem\",\"position\":3,\"name\":\"Luxury Green Leather Single Watch Box Oem Wooden Storage Gift Packaging Watch Box Cases Pillow\"}]},{\"@type\":\"WebSite\",\"@id\":\"https:\\\/\\\/deliangdisplay.com\\\/#website\",\"url\":\"https:\\\/\\\/deliangdisplay.com\\\/\",\"name\":\"deliangdisplay.com\",\"description\":\"DE-LIANG - Providing bespoke packaging solutions and luxurious display design services for brands in jewelry, apparel, watches, beauty cosmetics, and more.\",\"publisher\":{\"@id\":\"https:\\\/\\\/deliangdisplay.com\\\/#organization\"},\"potentialAction\":[{\"@type\":\"SearchAction\",\"target\":{\"@type\":\"EntryPoint\",\"urlTemplate\":\"https:\\\/\\\/deliangdisplay.com\\\/?s={search_term_string}\"},\"query-input\":{\"@type\":\"PropertyValueSpecification\",\"valueRequired\":true,\"valueName\":\"search_term_string\"}}],\"inLanguage\":\"es\"},{\"@type\":\"Organization\",\"@id\":\"https:\\\/\\\/deliangdisplay.com\\\/#organization\",\"name\":\"deliangdisplay.com\",\"url\":\"https:\\\/\\\/deliangdisplay.com\\\/\",\"logo\":{\"@type\":\"ImageObject\",\"inLanguage\":\"es\",\"@id\":\"https:\\\/\\\/deliangdisplay.com\\\/#\\\/schema\\\/logo\\\/image\\\/\",\"url\":\"https:\\\/\\\/deliangdisplay.com\\\/wp-content\\\/uploads\\\/2025\\\/08\\\/DELIANGDISPALY_logo.png\",\"contentUrl\":\"https:\\\/\\\/deliangdisplay.com\\\/wp-content\\\/uploads\\\/2025\\\/08\\\/DELIANGDISPALY_logo.png\",\"width\":300,\"height\":130,\"caption\":\"deliangdisplay.com\"},\"image\":{\"@id\":\"https:\\\/\\\/deliangdisplay.com\\\/#\\\/schema\\\/logo\\\/image\\\/\"},\"sameAs\":[\"https:\\\/\\\/www.facebook.com\\\/JaneZhang008\\\/\",\"https:\\\/\\\/x.com\\\/ly673551729\"]}]}<\/script>\n<!-- \/ Yoast SEO plugin. -->","yoast_head_json":{"title":"De lujo de cuero verde solo reloj Caja de madera OEM de almacenamiento de regalo de embalaje Caja de reloj Fundas de almohada - DE-LIANG - joyer\u00eda,ropa,reloj,cosm\u00e9ticos de belleza","robots":{"index":"index","follow":"follow","max-snippet":"max-snippet:-1","max-image-preview":"max-image-preview:large","max-video-preview":"max-video-preview:-1"},"canonical":"https:\/\/deliangdisplay.com\/es\/nuestro-producto\/envasado\/el-mundo-de-los-relojes-de-lujo\/de-liang-de-lujo-de-cuero-verde-solo-reloj-caja-oem-de-madera-de-almacenamiento-de-regalo-de-embalaje-caja-de-reloj-casos-almohada\/","og_locale":"es_ES","og_type":"article","og_title":"Luxury Green Leather Single Watch Box Oem Wooden Storage Gift Packaging Watch Box Cases Pillow - DE-LIANG - jewelry,clothes,watch,beauty cosmetics","og_description":"Showcase your watch with confidence using the DE-LIANG Luxury Green Leather Watch Box \u2014 a high-end packaging solution that blends elegant aesthetics, durable construction, and custom branding options. Designed for luxury brands, retailers, or gifting, this box protects and enhances the presentation of your timepiece.","og_url":"https:\/\/deliangdisplay.com\/es\/nuestro-producto\/envasado\/el-mundo-de-los-relojes-de-lujo\/de-liang-de-lujo-de-cuero-verde-solo-reloj-caja-oem-de-madera-de-almacenamiento-de-regalo-de-embalaje-caja-de-reloj-casos-almohada\/","og_site_name":"DE-LIANG - jewelry,clothes,watch,beauty cosmetics","article_publisher":"https:\/\/www.facebook.com\/JaneZhang008\/","article_modified_time":"2025-09-03T02:04:47+00:00","og_image":[{"width":720,"height":720,"url":"https:\/\/deliangdisplay.com\/wp-content\/uploads\/2025\/08\/120-12.png","type":"image\/png"}],"twitter_card":"summary_large_image","twitter_site":"@ly673551729","twitter_misc":{"Tiempo de lectura":"2 minutos"},"schema":{"@context":"https:\/\/schema.org","@graph":[{"@type":"WebPage","@id":"https:\/\/deliangdisplay.com\/our-product\/packaging\/luxury-watch-world\/de-liang-luxury-green-leather-single-watch-box-oem-wooden-storage-gift-packaging-watch-box-cases-pillow\/","url":"https:\/\/deliangdisplay.com\/our-product\/packaging\/luxury-watch-world\/de-liang-luxury-green-leather-single-watch-box-oem-wooden-storage-gift-packaging-watch-box-cases-pillow\/","name":"De lujo de cuero verde solo reloj Caja de madera OEM de almacenamiento de regalo de embalaje Caja de reloj Fundas de almohada - DE-LIANG - joyer\u00eda,ropa,reloj,cosm\u00e9ticos de belleza","isPartOf":{"@id":"https:\/\/deliangdisplay.com\/#website"},"primaryImageOfPage":{"@id":"https:\/\/deliangdisplay.com\/our-product\/packaging\/luxury-watch-world\/de-liang-luxury-green-leather-single-watch-box-oem-wooden-storage-gift-packaging-watch-box-cases-pillow\/#primaryimage"},"image":{"@id":"https:\/\/deliangdisplay.com\/our-product\/packaging\/luxury-watch-world\/de-liang-luxury-green-leather-single-watch-box-oem-wooden-storage-gift-packaging-watch-box-cases-pillow\/#primaryimage"},"thumbnailUrl":"https:\/\/deliangdisplay.com\/wp-content\/uploads\/2025\/08\/120-12.png","datePublished":"2025-08-02T08:41:41+00:00","dateModified":"2025-09-03T02:04:47+00:00","breadcrumb":{"@id":"https:\/\/deliangdisplay.com\/our-product\/packaging\/luxury-watch-world\/de-liang-luxury-green-leather-single-watch-box-oem-wooden-storage-gift-packaging-watch-box-cases-pillow\/#breadcrumb"},"inLanguage":"es","potentialAction":[{"@type":"ReadAction","target":["https:\/\/deliangdisplay.com\/our-product\/packaging\/luxury-watch-world\/de-liang-luxury-green-leather-single-watch-box-oem-wooden-storage-gift-packaging-watch-box-cases-pillow\/"]}]},{"@type":"ImageObject","inLanguage":"es","@id":"https:\/\/deliangdisplay.com\/our-product\/packaging\/luxury-watch-world\/de-liang-luxury-green-leather-single-watch-box-oem-wooden-storage-gift-packaging-watch-box-cases-pillow\/#primaryimage","url":"https:\/\/deliangdisplay.com\/wp-content\/uploads\/2025\/08\/120-12.png","contentUrl":"https:\/\/deliangdisplay.com\/wp-content\/uploads\/2025\/08\/120-12.png","width":720,"height":720},{"@type":"BreadcrumbList","@id":"https:\/\/deliangdisplay.com\/our-product\/packaging\/luxury-watch-world\/de-liang-luxury-green-leather-single-watch-box-oem-wooden-storage-gift-packaging-watch-box-cases-pillow\/#breadcrumb","itemListElement":[{"@type":"ListItem","position":1,"name":"\u9996\u9875","item":"https:\/\/deliangdisplay.com\/"},{"@type":"ListItem","position":2,"name":"Our Product","item":"https:\/\/deliangdisplay.com\/our-product\/"},{"@type":"ListItem","position":3,"name":"Luxury Green Leather Single Watch Box Oem Wooden Storage Gift Packaging Watch Box Cases Pillow"}]},{"@type":"WebSite","@id":"https:\/\/deliangdisplay.com\/#website","url":"https:\/\/deliangdisplay.com\/","name":"deliangdisplay.com","description":"DE-LIANG - Proporciona soluciones de envasado a medida y servicios de dise\u00f1o de expositores de lujo para marcas de joyer\u00eda, ropa, relojes, cosm\u00e9ticos de belleza, etc.","publisher":{"@id":"https:\/\/deliangdisplay.com\/#organization"},"potentialAction":[{"@type":"SearchAction","target":{"@type":"EntryPoint","urlTemplate":"https:\/\/deliangdisplay.com\/?s={search_term_string}"},"query-input":{"@type":"PropertyValueSpecification","valueRequired":true,"valueName":"search_term_string"}}],"inLanguage":"es"},{"@type":"Organization","@id":"https:\/\/deliangdisplay.com\/#organization","name":"deliangdisplay.com","url":"https:\/\/deliangdisplay.com\/","logo":{"@type":"ImageObject","inLanguage":"es","@id":"https:\/\/deliangdisplay.com\/#\/schema\/logo\/image\/","url":"https:\/\/deliangdisplay.com\/wp-content\/uploads\/2025\/08\/DELIANGDISPALY_logo.png","contentUrl":"https:\/\/deliangdisplay.com\/wp-content\/uploads\/2025\/08\/DELIANGDISPALY_logo.png","width":300,"height":130,"caption":"deliangdisplay.com"},"image":{"@id":"https:\/\/deliangdisplay.com\/#\/schema\/logo\/image\/"},"sameAs":["https:\/\/www.facebook.com\/JaneZhang008\/","https:\/\/x.com\/ly673551729"]}]}},"_links":{"self":[{"href":"https:\/\/deliangdisplay.com\/es\/wp-json\/wp\/v2\/product\/41900","targetHints":{"allow":["GET"]}}],"collection":[{"href":"https:\/\/deliangdisplay.com\/es\/wp-json\/wp\/v2\/product"}],"about":[{"href":"https:\/\/deliangdisplay.com\/es\/wp-json\/wp\/v2\/types\/product"}],"replies":[{"embeddable":true,"href":"https:\/\/deliangdisplay.com\/es\/wp-json\/wp\/v2\/comments?post=41900"}],"wp:featuredmedia":[{"embeddable":true,"href":"https:\/\/deliangdisplay.com\/es\/wp-json\/wp\/v2\/media\/41906"}],"wp:attachment":[{"href":"https:\/\/deliangdisplay.com\/es\/wp-json\/wp\/v2\/media?parent=41900"}],"wp:term":[{"taxonomy":"product_brand","embeddable":true,"href":"https:\/\/deliangdisplay.com\/es\/wp-json\/wp\/v2\/product_brand?post=41900"},{"taxonomy":"product_cat","embeddable":true,"href":"https:\/\/deliangdisplay.com\/es\/wp-json\/wp\/v2\/product_cat?post=41900"},{"taxonomy":"product_tag","embeddable":true,"href":"https:\/\/deliangdisplay.com\/es\/wp-json\/wp\/v2\/product_tag?post=41900"}],"curies":[{"name":"wp","href":"https:\/\/api.w.org\/{rel}","templated":true}]}}