{"id":41812,"date":"2025-08-02T10:35:19","date_gmt":"2025-08-02T02:35:19","guid":{"rendered":"https:\/\/deliangdisplay.com\/?post_type=product&#038;p=41812"},"modified":"2025-08-02T10:35:19","modified_gmt":"2025-08-02T02:35:19","slug":"de-liang-personalizado-microfibra-joyeria-bolsa-collar-anillo-pulsera-pendiente-bolsa-de-terciopelo-bolsa-personalizada-sobre-bolsa-con-logo","status":"publish","type":"product","link":"https:\/\/deliangdisplay.com\/es\/nuestro-producto\/envasado\/estuches-para-joyas\/de-liang-personalizado-microfibra-joyeria-bolsa-collar-anillo-pulsera-pendiente-bolsa-de-terciopelo-bolsa-personalizada-sobre-bolsa-con-logo\/","title":{"rendered":"DE-LIANG Personalizada Microfibra Joyer\u00eda Bolsa Collar Anillo Pulsera Pendiente Bolsa de terciopelo Bolsa sobre personalizado con logotipo"},"content":{"rendered":"<ul data-start=\"585\" data-end=\"1332\">\n<li data-start=\"585\" data-end=\"727\">\n<p data-start=\"587\" data-end=\"727\"><strong data-start=\"587\" data-end=\"623\">Material de microfibra de alta calidad<\/strong>: Fabricado en microfibra suave y duradera con un tacto aterciopelado, perfecto para las superficies delicadas de las joyas.<\/p>\n<\/li>\n<li data-start=\"728\" data-end=\"868\">\n<p data-start=\"730\" data-end=\"868\"><strong data-start=\"730\" data-end=\"754\">Dise\u00f1o elegante de sobres<\/strong>: Silueta estilizada y moderna con solapa desplegable, que ofrece una est\u00e9tica minimalista que complementa las marcas de lujo.<\/p>\n<\/li>\n<li data-start=\"869\" data-end=\"996\">\n<p data-start=\"871\" data-end=\"996\"><strong data-start=\"871\" data-end=\"891\">Seguro y elegante<\/strong>: Los cierres opcionales de bot\u00f3n, cinta o broche mantienen las joyas seguras a la vez que mejoran la presentaci\u00f3n general.<\/p>\n<\/li>\n<li data-start=\"997\" data-end=\"1188\">\n<p data-start=\"999\" data-end=\"1188\"><strong data-start=\"999\" data-end=\"1021\">Totalmente personalizable<\/strong>: Personalice con su logotipo mediante estampaci\u00f3n, bordado, gofrado o serigraf\u00eda. El tama\u00f1o, el color, el forro y el cierre pueden adaptarse a su marca.<\/p>\n<\/li>\n<li data-start=\"1189\" data-end=\"1332\">\n<p data-start=\"1191\" data-end=\"1332\"><strong data-start=\"1191\" data-end=\"1208\">Uso vers\u00e1til<\/strong>: Ideal para collares, anillos, pendientes, pulseras e incluso peque\u00f1os regalos. Adecuado para empaquetar, regalar o utilizar en viajes.<\/p>\n<\/li>\n<\/ul>\n<h3 data-start=\"1334\" data-end=\"1360\">\ud83d\udce6 <strong data-start=\"1341\" data-end=\"1360\">Especificaciones:<\/strong><\/h3>\n<ul data-start=\"1362\" data-end=\"1636\">\n<li data-start=\"1362\" data-end=\"1402\">\n<p data-start=\"1364\" data-end=\"1402\"><strong data-start=\"1364\" data-end=\"1376\">Material<\/strong>: Microfibra aterciopelada<\/p>\n<\/li>\n<li data-start=\"1403\" data-end=\"1442\">\n<p data-start=\"1405\" data-end=\"1442\"><strong data-start=\"1405\" data-end=\"1414\">Estilo<\/strong>: Sobre con solapa<\/p>\n<\/li>\n<li data-start=\"1443\" data-end=\"1509\">\n<p data-start=\"1445\" data-end=\"1509\"><strong data-start=\"1445\" data-end=\"1455\">Colores<\/strong>: Caqui personalizado, negro, gris, crema, rosa empolvado, etc.<\/p>\n<\/li>\n<li data-start=\"1510\" data-end=\"1553\">\n<p data-start=\"1512\" data-end=\"1553\"><strong data-start=\"1512\" data-end=\"1520\">Logotipo<\/strong>: Posibilidad de personalizar la marca<\/p>\n<\/li>\n<li data-start=\"1554\" data-end=\"1636\">\n<p data-start=\"1556\" data-end=\"1636\"><strong data-start=\"1556\" data-end=\"1563\">MOQ<\/strong>: Cantidades m\u00ednimas flexibles tanto para peque\u00f1as empresas como para grandes pedidos<\/p>\n<\/li>\n<\/ul>\n<hr data-start=\"1638\" data-end=\"1641\" \/>\n<p data-start=\"1643\" data-end=\"1755\"><strong data-start=\"1643\" data-end=\"1670\">Lujo en cada detalle.<\/strong><br data-start=\"1670\" data-end=\"1673\" \/>Deje que DE-LIANG eleve el empaquetado de sus joyas para reflejar el valor de lo que hay dentro.<\/p>\n<p data-start=\"1757\" data-end=\"1832\">\ud83d\udce9 <em data-start=\"1760\" data-end=\"1832\">Solicite ahora muestras, dise\u00f1os personalizados y precios al por mayor.<\/em><\/p>","protected":false},"excerpt":{"rendered":"<p>Presente sus joyas con un lujo discreto utilizando las bolsas de microfibra de color caqui personalizadas de DE-LIANG. Dise\u00f1adas para marcas que valoran el detalle, estas bolsas redondas con bot\u00f3n hechas a mano son suaves, duraderas y est\u00e1n dise\u00f1adas para proteger y mostrar sus mejores piezas. Ya sea para la venta al por menor, regalos, o el embalaje de la marca privada, que hacen una impresi\u00f3n duradera.<\/p>","protected":false},"featured_media":41813,"comment_status":"open","ping_status":"closed","template":"","meta":{"_acf_changed":false},"product_brand":[],"product_cat":[79],"product_tag":[],"class_list":{"0":"post-41812","1":"product","2":"type-product","3":"status-publish","4":"has-post-thumbnail","6":"product_cat-jewelry-pouches","8":"first","9":"instock","10":"shipping-taxable","11":"purchasable","12":"product-type-simple"},"acf":[],"yoast_head":"<!-- This site is optimized with the Yoast SEO plugin v27.4 - https:\/\/yoast.com\/product\/yoast-seo-wordpress\/ -->\n<title>DE-LIANG Custom Microfiber Jewelry Pouch Necklace Ring Bracelet Earring Velvet Pouch Bag Personalized Envelope Pouch With Logo - DE-LIANG - jewelry,clothes,watch,beauty cosmetics<\/title>\n<meta name=\"robots\" content=\"index, follow, max-snippet:-1, max-image-preview:large, max-video-preview:-1\" \/>\n<link rel=\"canonical\" href=\"https:\/\/deliangdisplay.com\/es\/nuestro-producto\/envasado\/estuches-para-joyas\/de-liang-personalizado-microfibra-joyeria-bolsa-collar-anillo-pulsera-pendiente-bolsa-de-terciopelo-bolsa-personalizada-sobre-bolsa-con-logo\/\" \/>\n<meta property=\"og:locale\" content=\"es_ES\" \/>\n<meta property=\"og:type\" content=\"article\" \/>\n<meta property=\"og:title\" content=\"DE-LIANG Custom Microfiber Jewelry Pouch Necklace Ring Bracelet Earring Velvet Pouch Bag Personalized Envelope Pouch With Logo - DE-LIANG - jewelry,clothes,watch,beauty cosmetics\" \/>\n<meta property=\"og:description\" content=\"Present your jewelry with understated luxury using DE-LIANG\u2019s custom khaki microfiber pouches. Designed for brands that value detail, these handmade round button pouches are soft, durable, and tailored to protect and showcase your finest pieces. Whether for retail, gifting, or private label packaging, they make a lasting impression.\" \/>\n<meta property=\"og:url\" content=\"https:\/\/deliangdisplay.com\/es\/nuestro-producto\/envasado\/estuches-para-joyas\/de-liang-personalizado-microfibra-joyeria-bolsa-collar-anillo-pulsera-pendiente-bolsa-de-terciopelo-bolsa-personalizada-sobre-bolsa-con-logo\/\" \/>\n<meta property=\"og:site_name\" content=\"DE-LIANG - jewelry,clothes,watch,beauty cosmetics\" \/>\n<meta property=\"article:publisher\" content=\"https:\/\/www.facebook.com\/JaneZhang008\/\" \/>\n<meta property=\"og:image\" content=\"https:\/\/deliangdisplay.com\/wp-content\/uploads\/2025\/08\/120-1.png\" \/>\n\t<meta property=\"og:image:width\" content=\"720\" \/>\n\t<meta property=\"og:image:height\" content=\"720\" \/>\n\t<meta property=\"og:image:type\" content=\"image\/png\" \/>\n<meta name=\"twitter:card\" content=\"summary_large_image\" \/>\n<meta name=\"twitter:site\" content=\"@ly673551729\" \/>\n<meta name=\"twitter:label1\" content=\"Tiempo de lectura\" \/>\n\t<meta name=\"twitter:data1\" content=\"1 minuto\" \/>\n<script type=\"application\/ld+json\" class=\"yoast-schema-graph\">{\"@context\":\"https:\\\/\\\/schema.org\",\"@graph\":[{\"@type\":\"WebPage\",\"@id\":\"https:\\\/\\\/deliangdisplay.com\\\/our-product\\\/packaging\\\/jewelry-pouches\\\/de-liang-custom-microfiber-jewelry-pouch-necklace-ring-bracelet-earring-velvet-pouch-bag-personalized-envelope-pouch-with-logo\\\/\",\"url\":\"https:\\\/\\\/deliangdisplay.com\\\/our-product\\\/packaging\\\/jewelry-pouches\\\/de-liang-custom-microfiber-jewelry-pouch-necklace-ring-bracelet-earring-velvet-pouch-bag-personalized-envelope-pouch-with-logo\\\/\",\"name\":\"DE-LIANG Custom Microfiber Jewelry Pouch Necklace Ring Bracelet Earring Velvet Pouch Bag Personalized Envelope Pouch With Logo - DE-LIANG - jewelry,clothes,watch,beauty cosmetics\",\"isPartOf\":{\"@id\":\"https:\\\/\\\/deliangdisplay.com\\\/#website\"},\"primaryImageOfPage\":{\"@id\":\"https:\\\/\\\/deliangdisplay.com\\\/our-product\\\/packaging\\\/jewelry-pouches\\\/de-liang-custom-microfiber-jewelry-pouch-necklace-ring-bracelet-earring-velvet-pouch-bag-personalized-envelope-pouch-with-logo\\\/#primaryimage\"},\"image\":{\"@id\":\"https:\\\/\\\/deliangdisplay.com\\\/our-product\\\/packaging\\\/jewelry-pouches\\\/de-liang-custom-microfiber-jewelry-pouch-necklace-ring-bracelet-earring-velvet-pouch-bag-personalized-envelope-pouch-with-logo\\\/#primaryimage\"},\"thumbnailUrl\":\"https:\\\/\\\/deliangdisplay.com\\\/wp-content\\\/uploads\\\/2025\\\/08\\\/120-1.png\",\"datePublished\":\"2025-08-02T02:35:19+00:00\",\"breadcrumb\":{\"@id\":\"https:\\\/\\\/deliangdisplay.com\\\/our-product\\\/packaging\\\/jewelry-pouches\\\/de-liang-custom-microfiber-jewelry-pouch-necklace-ring-bracelet-earring-velvet-pouch-bag-personalized-envelope-pouch-with-logo\\\/#breadcrumb\"},\"inLanguage\":\"es\",\"potentialAction\":[{\"@type\":\"ReadAction\",\"target\":[\"https:\\\/\\\/deliangdisplay.com\\\/our-product\\\/packaging\\\/jewelry-pouches\\\/de-liang-custom-microfiber-jewelry-pouch-necklace-ring-bracelet-earring-velvet-pouch-bag-personalized-envelope-pouch-with-logo\\\/\"]}]},{\"@type\":\"ImageObject\",\"inLanguage\":\"es\",\"@id\":\"https:\\\/\\\/deliangdisplay.com\\\/our-product\\\/packaging\\\/jewelry-pouches\\\/de-liang-custom-microfiber-jewelry-pouch-necklace-ring-bracelet-earring-velvet-pouch-bag-personalized-envelope-pouch-with-logo\\\/#primaryimage\",\"url\":\"https:\\\/\\\/deliangdisplay.com\\\/wp-content\\\/uploads\\\/2025\\\/08\\\/120-1.png\",\"contentUrl\":\"https:\\\/\\\/deliangdisplay.com\\\/wp-content\\\/uploads\\\/2025\\\/08\\\/120-1.png\",\"width\":720,\"height\":720},{\"@type\":\"BreadcrumbList\",\"@id\":\"https:\\\/\\\/deliangdisplay.com\\\/our-product\\\/packaging\\\/jewelry-pouches\\\/de-liang-custom-microfiber-jewelry-pouch-necklace-ring-bracelet-earring-velvet-pouch-bag-personalized-envelope-pouch-with-logo\\\/#breadcrumb\",\"itemListElement\":[{\"@type\":\"ListItem\",\"position\":1,\"name\":\"\u9996\u9875\",\"item\":\"https:\\\/\\\/deliangdisplay.com\\\/\"},{\"@type\":\"ListItem\",\"position\":2,\"name\":\"Our Product\",\"item\":\"https:\\\/\\\/deliangdisplay.com\\\/our-product\\\/\"},{\"@type\":\"ListItem\",\"position\":3,\"name\":\"DE-LIANG Custom Microfiber Jewelry Pouch Necklace Ring Bracelet Earring Velvet Pouch Bag Personalized Envelope Pouch With Logo\"}]},{\"@type\":\"WebSite\",\"@id\":\"https:\\\/\\\/deliangdisplay.com\\\/#website\",\"url\":\"https:\\\/\\\/deliangdisplay.com\\\/\",\"name\":\"deliangdisplay.com\",\"description\":\"DE-LIANG - Providing bespoke packaging solutions and luxurious display design services for brands in jewelry, apparel, watches, beauty cosmetics, and more.\",\"publisher\":{\"@id\":\"https:\\\/\\\/deliangdisplay.com\\\/#organization\"},\"potentialAction\":[{\"@type\":\"SearchAction\",\"target\":{\"@type\":\"EntryPoint\",\"urlTemplate\":\"https:\\\/\\\/deliangdisplay.com\\\/?s={search_term_string}\"},\"query-input\":{\"@type\":\"PropertyValueSpecification\",\"valueRequired\":true,\"valueName\":\"search_term_string\"}}],\"inLanguage\":\"es\"},{\"@type\":\"Organization\",\"@id\":\"https:\\\/\\\/deliangdisplay.com\\\/#organization\",\"name\":\"deliangdisplay.com\",\"url\":\"https:\\\/\\\/deliangdisplay.com\\\/\",\"logo\":{\"@type\":\"ImageObject\",\"inLanguage\":\"es\",\"@id\":\"https:\\\/\\\/deliangdisplay.com\\\/#\\\/schema\\\/logo\\\/image\\\/\",\"url\":\"https:\\\/\\\/deliangdisplay.com\\\/wp-content\\\/uploads\\\/2025\\\/08\\\/DELIANGDISPALY_logo.png\",\"contentUrl\":\"https:\\\/\\\/deliangdisplay.com\\\/wp-content\\\/uploads\\\/2025\\\/08\\\/DELIANGDISPALY_logo.png\",\"width\":300,\"height\":130,\"caption\":\"deliangdisplay.com\"},\"image\":{\"@id\":\"https:\\\/\\\/deliangdisplay.com\\\/#\\\/schema\\\/logo\\\/image\\\/\"},\"sameAs\":[\"https:\\\/\\\/www.facebook.com\\\/JaneZhang008\\\/\",\"https:\\\/\\\/x.com\\\/ly673551729\"]}]}<\/script>\n<!-- \/ Yoast SEO plugin. -->","yoast_head_json":{"title":"DE-LIANG personalizado microfibra joyer\u00eda bolsa collar anillo pulsera pendiente bolsa de terciopelo personalizado sobre bolsa con logotipo - DE-LIANG - joyer\u00eda,ropa,reloj,cosm\u00e9ticos de belleza","robots":{"index":"index","follow":"follow","max-snippet":"max-snippet:-1","max-image-preview":"max-image-preview:large","max-video-preview":"max-video-preview:-1"},"canonical":"https:\/\/deliangdisplay.com\/es\/nuestro-producto\/envasado\/estuches-para-joyas\/de-liang-personalizado-microfibra-joyeria-bolsa-collar-anillo-pulsera-pendiente-bolsa-de-terciopelo-bolsa-personalizada-sobre-bolsa-con-logo\/","og_locale":"es_ES","og_type":"article","og_title":"DE-LIANG Custom Microfiber Jewelry Pouch Necklace Ring Bracelet Earring Velvet Pouch Bag Personalized Envelope Pouch With Logo - DE-LIANG - jewelry,clothes,watch,beauty cosmetics","og_description":"Present your jewelry with understated luxury using DE-LIANG\u2019s custom khaki microfiber pouches. Designed for brands that value detail, these handmade round button pouches are soft, durable, and tailored to protect and showcase your finest pieces. Whether for retail, gifting, or private label packaging, they make a lasting impression.","og_url":"https:\/\/deliangdisplay.com\/es\/nuestro-producto\/envasado\/estuches-para-joyas\/de-liang-personalizado-microfibra-joyeria-bolsa-collar-anillo-pulsera-pendiente-bolsa-de-terciopelo-bolsa-personalizada-sobre-bolsa-con-logo\/","og_site_name":"DE-LIANG - jewelry,clothes,watch,beauty cosmetics","article_publisher":"https:\/\/www.facebook.com\/JaneZhang008\/","og_image":[{"width":720,"height":720,"url":"https:\/\/deliangdisplay.com\/wp-content\/uploads\/2025\/08\/120-1.png","type":"image\/png"}],"twitter_card":"summary_large_image","twitter_site":"@ly673551729","twitter_misc":{"Tiempo de lectura":"1 minuto"},"schema":{"@context":"https:\/\/schema.org","@graph":[{"@type":"WebPage","@id":"https:\/\/deliangdisplay.com\/our-product\/packaging\/jewelry-pouches\/de-liang-custom-microfiber-jewelry-pouch-necklace-ring-bracelet-earring-velvet-pouch-bag-personalized-envelope-pouch-with-logo\/","url":"https:\/\/deliangdisplay.com\/our-product\/packaging\/jewelry-pouches\/de-liang-custom-microfiber-jewelry-pouch-necklace-ring-bracelet-earring-velvet-pouch-bag-personalized-envelope-pouch-with-logo\/","name":"DE-LIANG personalizado microfibra joyer\u00eda bolsa collar anillo pulsera pendiente bolsa de terciopelo personalizado sobre bolsa con logotipo - DE-LIANG - joyer\u00eda,ropa,reloj,cosm\u00e9ticos de belleza","isPartOf":{"@id":"https:\/\/deliangdisplay.com\/#website"},"primaryImageOfPage":{"@id":"https:\/\/deliangdisplay.com\/our-product\/packaging\/jewelry-pouches\/de-liang-custom-microfiber-jewelry-pouch-necklace-ring-bracelet-earring-velvet-pouch-bag-personalized-envelope-pouch-with-logo\/#primaryimage"},"image":{"@id":"https:\/\/deliangdisplay.com\/our-product\/packaging\/jewelry-pouches\/de-liang-custom-microfiber-jewelry-pouch-necklace-ring-bracelet-earring-velvet-pouch-bag-personalized-envelope-pouch-with-logo\/#primaryimage"},"thumbnailUrl":"https:\/\/deliangdisplay.com\/wp-content\/uploads\/2025\/08\/120-1.png","datePublished":"2025-08-02T02:35:19+00:00","breadcrumb":{"@id":"https:\/\/deliangdisplay.com\/our-product\/packaging\/jewelry-pouches\/de-liang-custom-microfiber-jewelry-pouch-necklace-ring-bracelet-earring-velvet-pouch-bag-personalized-envelope-pouch-with-logo\/#breadcrumb"},"inLanguage":"es","potentialAction":[{"@type":"ReadAction","target":["https:\/\/deliangdisplay.com\/our-product\/packaging\/jewelry-pouches\/de-liang-custom-microfiber-jewelry-pouch-necklace-ring-bracelet-earring-velvet-pouch-bag-personalized-envelope-pouch-with-logo\/"]}]},{"@type":"ImageObject","inLanguage":"es","@id":"https:\/\/deliangdisplay.com\/our-product\/packaging\/jewelry-pouches\/de-liang-custom-microfiber-jewelry-pouch-necklace-ring-bracelet-earring-velvet-pouch-bag-personalized-envelope-pouch-with-logo\/#primaryimage","url":"https:\/\/deliangdisplay.com\/wp-content\/uploads\/2025\/08\/120-1.png","contentUrl":"https:\/\/deliangdisplay.com\/wp-content\/uploads\/2025\/08\/120-1.png","width":720,"height":720},{"@type":"BreadcrumbList","@id":"https:\/\/deliangdisplay.com\/our-product\/packaging\/jewelry-pouches\/de-liang-custom-microfiber-jewelry-pouch-necklace-ring-bracelet-earring-velvet-pouch-bag-personalized-envelope-pouch-with-logo\/#breadcrumb","itemListElement":[{"@type":"ListItem","position":1,"name":"\u9996\u9875","item":"https:\/\/deliangdisplay.com\/"},{"@type":"ListItem","position":2,"name":"Our Product","item":"https:\/\/deliangdisplay.com\/our-product\/"},{"@type":"ListItem","position":3,"name":"DE-LIANG Custom Microfiber Jewelry Pouch Necklace Ring Bracelet Earring Velvet Pouch Bag Personalized Envelope Pouch With Logo"}]},{"@type":"WebSite","@id":"https:\/\/deliangdisplay.com\/#website","url":"https:\/\/deliangdisplay.com\/","name":"deliangdisplay.com","description":"DE-LIANG - Proporciona soluciones de envasado a medida y servicios de dise\u00f1o de expositores de lujo para marcas de joyer\u00eda, ropa, relojes, cosm\u00e9ticos de belleza, etc.","publisher":{"@id":"https:\/\/deliangdisplay.com\/#organization"},"potentialAction":[{"@type":"SearchAction","target":{"@type":"EntryPoint","urlTemplate":"https:\/\/deliangdisplay.com\/?s={search_term_string}"},"query-input":{"@type":"PropertyValueSpecification","valueRequired":true,"valueName":"search_term_string"}}],"inLanguage":"es"},{"@type":"Organization","@id":"https:\/\/deliangdisplay.com\/#organization","name":"deliangdisplay.com","url":"https:\/\/deliangdisplay.com\/","logo":{"@type":"ImageObject","inLanguage":"es","@id":"https:\/\/deliangdisplay.com\/#\/schema\/logo\/image\/","url":"https:\/\/deliangdisplay.com\/wp-content\/uploads\/2025\/08\/DELIANGDISPALY_logo.png","contentUrl":"https:\/\/deliangdisplay.com\/wp-content\/uploads\/2025\/08\/DELIANGDISPALY_logo.png","width":300,"height":130,"caption":"deliangdisplay.com"},"image":{"@id":"https:\/\/deliangdisplay.com\/#\/schema\/logo\/image\/"},"sameAs":["https:\/\/www.facebook.com\/JaneZhang008\/","https:\/\/x.com\/ly673551729"]}]}},"_links":{"self":[{"href":"https:\/\/deliangdisplay.com\/es\/wp-json\/wp\/v2\/product\/41812","targetHints":{"allow":["GET"]}}],"collection":[{"href":"https:\/\/deliangdisplay.com\/es\/wp-json\/wp\/v2\/product"}],"about":[{"href":"https:\/\/deliangdisplay.com\/es\/wp-json\/wp\/v2\/types\/product"}],"replies":[{"embeddable":true,"href":"https:\/\/deliangdisplay.com\/es\/wp-json\/wp\/v2\/comments?post=41812"}],"wp:featuredmedia":[{"embeddable":true,"href":"https:\/\/deliangdisplay.com\/es\/wp-json\/wp\/v2\/media\/41813"}],"wp:attachment":[{"href":"https:\/\/deliangdisplay.com\/es\/wp-json\/wp\/v2\/media?parent=41812"}],"wp:term":[{"taxonomy":"product_brand","embeddable":true,"href":"https:\/\/deliangdisplay.com\/es\/wp-json\/wp\/v2\/product_brand?post=41812"},{"taxonomy":"product_cat","embeddable":true,"href":"https:\/\/deliangdisplay.com\/es\/wp-json\/wp\/v2\/product_cat?post=41812"},{"taxonomy":"product_tag","embeddable":true,"href":"https:\/\/deliangdisplay.com\/es\/wp-json\/wp\/v2\/product_tag?post=41812"}],"curies":[{"name":"wp","href":"https:\/\/api.w.org\/{rel}","templated":true}]}}