{"id":41716,"date":"2025-08-01T16:52:33","date_gmt":"2025-08-01T08:52:33","guid":{"rendered":"https:\/\/deliangdisplay.com\/?post_type=product&#038;p=41716"},"modified":"2025-08-01T16:57:06","modified_gmt":"2025-08-01T08:57:06","slug":"de-liang-lujoso-joyero-estuche-de-viaje-joyero-pequeno-joyero-portatil-organizador-de-viaje-joyero-expositor-estuche-para-anillos-pendientes-collar-pulsera-regalo-para-mujerpu-cuero-v","status":"publish","type":"product","link":"https:\/\/deliangdisplay.com\/es\/nuestro-producto\/envasado\/embalaje-de-joyeros\/de-liang-lujoso-joyero-estuche-de-viaje-joyero-pequeno-joyero-portatil-organizador-de-viaje-joyero-expositor-estuche-para-anillos-pendientes-collar-pulsera-regalo-para-mujerpu-cuero-v\/","title":{"rendered":"DE-LIANG joyer\u00eda de lujo caja de almacenamiento, caja de joyer\u00eda de viaje, caja de joyer\u00eda peque\u00f1a port\u00e1til de viaje organizador de joyer\u00eda Mostrar caja de almacenamiento para los anillos collar pendiente pulsera, regalo para las mujeres, de cuero de PU y terciopelo, blanco"},"content":{"rendered":"<p>\ud83d\udc8e\u00a0<strong>Tallas<\/strong>:<br \/>\n1\ufe0f\u20e3Style A: 7*6,4*5,5CM (2,7*2,5*2,1inch)<br \/>\n2\ufe0f\u20e3 Estilo B:10*10*3.7CM (3.9*3.9*1.4inch)<br \/>\n3\ufe0f\u20e3 Estilo C:10*10*3.7CM (3.9*3.9*1.4inch)<br \/>\n4\ufe0f\u20e3 Estilo D:22*6*3.2CM (8.6*2.3*1.2inch)<br \/>\n5\ufe0f\u20e3 Estilo E:25*20*5CM (9.8*7.8*1.9inch)<\/p>\n<p>\ud83d\udc8e\u00a0<strong>Color<\/strong>: Blanco perla<br \/>\n\ud83d\udc8e\u00a0<strong>Material<\/strong>: Cuero PU + terciopelo<br \/>\n\ud83d\udc8e\u00a0<strong>A medida<\/strong>: Personalizable<\/p>\n<h3><strong>Caracter\u00edsticas principales<\/strong><\/h3>\n<p>\u2705\u00a0<strong data-start=\"1188\" data-end=\"1217\">Almacenamiento multifuncional:<\/strong>\u00a0Los compartimentos cuidadosamente dise\u00f1ados mantienen sus anillos, pendientes, collares, pulseras e incluso relojes peque\u00f1os ordenados y sin enredos.<\/p>\n<p>\u2705\u00a0<strong data-start=\"1367\" data-end=\"1394\">Port\u00e1til y ligero:<\/strong>\u00a0Lo suficientemente fino como para caber en cualquier maleta o bolso, este organizador de joyas de viaje es perfecto para la vida en movimiento.<\/p>\n<p>\u2705\u00a0<strong data-start=\"1513\" data-end=\"1538\">Elegante por dentro y por fuera:<\/strong>\u00a0El acabado en blanco puro a\u00f1ade un toque de lujo moderno, mientras que el interior de terciopelo ofrece una comodidad suave y protectora para sus piezas m\u00e1s preciadas.<\/p>\n<p>\u2705\u00a0<strong data-end=\"1712\" data-start=\"1686\">Un regalo del coraz\u00f3n:<\/strong>\u00a0Ya sea para cumplea\u00f1os, aniversarios, el D\u00eda de la Madre, bodas o vacaciones, este joyero es un regalo perfecto para las mujeres que valoran la elegancia y la organizaci\u00f3n.<\/p>\n<p>\ud83d\udca1 Peque\u00f1o en tama\u00f1o, grande en encanto - esto es m\u00e1s que un joyero. Es un recuerdo que protege tu brillo, te lleve donde te lleve la vida<\/p>","protected":false},"excerpt":{"rendered":"<h2 class=\"\" data-start=\"241\" data-end=\"330\">\u2728 DE-LIANG Luxury Jewelry Storage Box \u2013 Elegant Travel Jewelry Case &amp; Gift for Women<\/h2>\n<p class=\"\" data-start=\"332\" data-end=\"631\">Your jewelry deserves a beautiful home \u2014 one that\u2019s just as elegant, thoughtful, and well-made as the treasures inside. Introducing the DE-LIANG Luxury Jewelry Storage Box, a small yet exquisite organizer designed to hold your rings, earrings, necklaces, bracelets, and more with care and style.<\/p>\n<p class=\"\" data-start=\"633\" data-end=\"798\">Whether you\u2019re on the go or simply keeping your favorite pieces safe at home, this portable jewelry case brings both functionality and beauty to your daily life.<\/p>","protected":false},"featured_media":41717,"comment_status":"open","ping_status":"closed","template":"","meta":{"_acf_changed":false},"product_brand":[],"product_cat":[72],"product_tag":[],"class_list":{"0":"post-41716","1":"product","2":"type-product","3":"status-publish","4":"has-post-thumbnail","6":"product_cat-jewelry-boxes-packaging","8":"first","9":"instock","10":"shipping-taxable","11":"purchasable","12":"product-type-simple"},"acf":[],"yoast_head":"<!-- This site is optimized with the Yoast SEO plugin v27.4 - https:\/\/yoast.com\/product\/yoast-seo-wordpress\/ -->\n<title>DE-LIANG Luxury Jewelry Storage Box,Travel Jewelry Case, Small Jewelry Box Portable Jewelry Travel Organizer Display Storage Case for Rings Earring Necklace Bracelet, Gift for Women,PU Leather &amp; Velvet,White - DE-LIANG - jewelry,clothes,watch,beauty cosmetics<\/title>\n<meta name=\"robots\" content=\"index, follow, max-snippet:-1, max-image-preview:large, max-video-preview:-1\" \/>\n<link rel=\"canonical\" href=\"https:\/\/deliangdisplay.com\/es\/nuestro-producto\/envasado\/embalaje-de-joyeros\/de-liang-lujoso-joyero-estuche-de-viaje-joyero-pequeno-joyero-portatil-organizador-de-viaje-joyero-expositor-estuche-para-anillos-pendientes-collar-pulsera-regalo-para-mujerpu-cuero-v\/\" \/>\n<meta property=\"og:locale\" content=\"es_ES\" \/>\n<meta property=\"og:type\" content=\"article\" \/>\n<meta property=\"og:title\" content=\"DE-LIANG Luxury Jewelry Storage Box,Travel Jewelry Case, Small Jewelry Box Portable Jewelry Travel Organizer Display Storage Case for Rings Earring Necklace Bracelet, Gift for Women,PU Leather &amp; Velvet,White - DE-LIANG - jewelry,clothes,watch,beauty cosmetics\" \/>\n<meta property=\"og:description\" content=\"\u2728 DE-LIANG Luxury Jewelry Storage Box \u2013 Elegant Travel Jewelry Case &amp; Gift for Women Your jewelry deserves a beautiful home \u2014 one that\u2019s just as elegant, thoughtful, and well-made as the treasures inside. Introducing the DE-LIANG Luxury Jewelry Storage Box, a small yet exquisite organizer designed to hold your rings, earrings, necklaces, bracelets, and more with care and style. Whether you\u2019re on the go or simply keeping your favorite pieces safe at home, this portable jewelry case brings both functionality and beauty to your daily life.\" \/>\n<meta property=\"og:url\" content=\"https:\/\/deliangdisplay.com\/es\/nuestro-producto\/envasado\/embalaje-de-joyeros\/de-liang-lujoso-joyero-estuche-de-viaje-joyero-pequeno-joyero-portatil-organizador-de-viaje-joyero-expositor-estuche-para-anillos-pendientes-collar-pulsera-regalo-para-mujerpu-cuero-v\/\" \/>\n<meta property=\"og:site_name\" content=\"DE-LIANG - jewelry,clothes,watch,beauty cosmetics\" \/>\n<meta property=\"article:publisher\" content=\"https:\/\/www.facebook.com\/JaneZhang008\/\" \/>\n<meta property=\"article:modified_time\" content=\"2025-08-01T08:57:06+00:00\" \/>\n<meta property=\"og:image\" content=\"https:\/\/deliangdisplay.com\/wp-content\/uploads\/2025\/08\/1-8.jpg\" \/>\n\t<meta property=\"og:image:width\" content=\"1000\" \/>\n\t<meta property=\"og:image:height\" content=\"1000\" \/>\n\t<meta property=\"og:image:type\" content=\"image\/jpeg\" \/>\n<meta name=\"twitter:card\" content=\"summary_large_image\" \/>\n<meta name=\"twitter:site\" content=\"@ly673551729\" \/>\n<meta name=\"twitter:label1\" content=\"Tiempo de lectura\" \/>\n\t<meta name=\"twitter:data1\" content=\"1 minuto\" \/>\n<script type=\"application\/ld+json\" class=\"yoast-schema-graph\">{\"@context\":\"https:\\\/\\\/schema.org\",\"@graph\":[{\"@type\":\"WebPage\",\"@id\":\"https:\\\/\\\/deliangdisplay.com\\\/our-product\\\/packaging\\\/jewelry-boxes-packaging\\\/de-liang-luxury-jewelry-storage-boxtravel-jewelry-case-small-jewelry-box-portable-jewelry-travel-organizer-display-storage-case-for-rings-earring-necklace-bracelet-gift-for-womenpu-leather-v\\\/\",\"url\":\"https:\\\/\\\/deliangdisplay.com\\\/our-product\\\/packaging\\\/jewelry-boxes-packaging\\\/de-liang-luxury-jewelry-storage-boxtravel-jewelry-case-small-jewelry-box-portable-jewelry-travel-organizer-display-storage-case-for-rings-earring-necklace-bracelet-gift-for-womenpu-leather-v\\\/\",\"name\":\"DE-LIANG Luxury Jewelry Storage Box,Travel Jewelry Case, Small Jewelry Box Portable Jewelry Travel Organizer Display Storage Case for Rings Earring Necklace Bracelet, Gift for Women,PU Leather &amp; Velvet,White - DE-LIANG - jewelry,clothes,watch,beauty cosmetics\",\"isPartOf\":{\"@id\":\"https:\\\/\\\/deliangdisplay.com\\\/#website\"},\"primaryImageOfPage\":{\"@id\":\"https:\\\/\\\/deliangdisplay.com\\\/our-product\\\/packaging\\\/jewelry-boxes-packaging\\\/de-liang-luxury-jewelry-storage-boxtravel-jewelry-case-small-jewelry-box-portable-jewelry-travel-organizer-display-storage-case-for-rings-earring-necklace-bracelet-gift-for-womenpu-leather-v\\\/#primaryimage\"},\"image\":{\"@id\":\"https:\\\/\\\/deliangdisplay.com\\\/our-product\\\/packaging\\\/jewelry-boxes-packaging\\\/de-liang-luxury-jewelry-storage-boxtravel-jewelry-case-small-jewelry-box-portable-jewelry-travel-organizer-display-storage-case-for-rings-earring-necklace-bracelet-gift-for-womenpu-leather-v\\\/#primaryimage\"},\"thumbnailUrl\":\"https:\\\/\\\/deliangdisplay.com\\\/wp-content\\\/uploads\\\/2025\\\/08\\\/1-8.jpg\",\"datePublished\":\"2025-08-01T08:52:33+00:00\",\"dateModified\":\"2025-08-01T08:57:06+00:00\",\"breadcrumb\":{\"@id\":\"https:\\\/\\\/deliangdisplay.com\\\/our-product\\\/packaging\\\/jewelry-boxes-packaging\\\/de-liang-luxury-jewelry-storage-boxtravel-jewelry-case-small-jewelry-box-portable-jewelry-travel-organizer-display-storage-case-for-rings-earring-necklace-bracelet-gift-for-womenpu-leather-v\\\/#breadcrumb\"},\"inLanguage\":\"es\",\"potentialAction\":[{\"@type\":\"ReadAction\",\"target\":[\"https:\\\/\\\/deliangdisplay.com\\\/our-product\\\/packaging\\\/jewelry-boxes-packaging\\\/de-liang-luxury-jewelry-storage-boxtravel-jewelry-case-small-jewelry-box-portable-jewelry-travel-organizer-display-storage-case-for-rings-earring-necklace-bracelet-gift-for-womenpu-leather-v\\\/\"]}]},{\"@type\":\"ImageObject\",\"inLanguage\":\"es\",\"@id\":\"https:\\\/\\\/deliangdisplay.com\\\/our-product\\\/packaging\\\/jewelry-boxes-packaging\\\/de-liang-luxury-jewelry-storage-boxtravel-jewelry-case-small-jewelry-box-portable-jewelry-travel-organizer-display-storage-case-for-rings-earring-necklace-bracelet-gift-for-womenpu-leather-v\\\/#primaryimage\",\"url\":\"https:\\\/\\\/deliangdisplay.com\\\/wp-content\\\/uploads\\\/2025\\\/08\\\/1-8.jpg\",\"contentUrl\":\"https:\\\/\\\/deliangdisplay.com\\\/wp-content\\\/uploads\\\/2025\\\/08\\\/1-8.jpg\",\"width\":1000,\"height\":1000},{\"@type\":\"BreadcrumbList\",\"@id\":\"https:\\\/\\\/deliangdisplay.com\\\/our-product\\\/packaging\\\/jewelry-boxes-packaging\\\/de-liang-luxury-jewelry-storage-boxtravel-jewelry-case-small-jewelry-box-portable-jewelry-travel-organizer-display-storage-case-for-rings-earring-necklace-bracelet-gift-for-womenpu-leather-v\\\/#breadcrumb\",\"itemListElement\":[{\"@type\":\"ListItem\",\"position\":1,\"name\":\"\u9996\u9875\",\"item\":\"https:\\\/\\\/deliangdisplay.com\\\/\"},{\"@type\":\"ListItem\",\"position\":2,\"name\":\"Our Product\",\"item\":\"https:\\\/\\\/deliangdisplay.com\\\/our-product\\\/\"},{\"@type\":\"ListItem\",\"position\":3,\"name\":\"DE-LIANG Luxury Jewelry Storage Box,Travel Jewelry Case, Small Jewelry Box Portable Jewelry Travel Organizer Display Storage Case for Rings Earring Necklace Bracelet, Gift for Women,PU Leather &amp; Velvet,White\"}]},{\"@type\":\"WebSite\",\"@id\":\"https:\\\/\\\/deliangdisplay.com\\\/#website\",\"url\":\"https:\\\/\\\/deliangdisplay.com\\\/\",\"name\":\"deliangdisplay.com\",\"description\":\"DE-LIANG - Providing bespoke packaging solutions and luxurious display design services for brands in jewelry, apparel, watches, beauty cosmetics, and more.\",\"publisher\":{\"@id\":\"https:\\\/\\\/deliangdisplay.com\\\/#organization\"},\"potentialAction\":[{\"@type\":\"SearchAction\",\"target\":{\"@type\":\"EntryPoint\",\"urlTemplate\":\"https:\\\/\\\/deliangdisplay.com\\\/?s={search_term_string}\"},\"query-input\":{\"@type\":\"PropertyValueSpecification\",\"valueRequired\":true,\"valueName\":\"search_term_string\"}}],\"inLanguage\":\"es\"},{\"@type\":\"Organization\",\"@id\":\"https:\\\/\\\/deliangdisplay.com\\\/#organization\",\"name\":\"deliangdisplay.com\",\"url\":\"https:\\\/\\\/deliangdisplay.com\\\/\",\"logo\":{\"@type\":\"ImageObject\",\"inLanguage\":\"es\",\"@id\":\"https:\\\/\\\/deliangdisplay.com\\\/#\\\/schema\\\/logo\\\/image\\\/\",\"url\":\"https:\\\/\\\/deliangdisplay.com\\\/wp-content\\\/uploads\\\/2025\\\/08\\\/DELIANGDISPALY_logo.png\",\"contentUrl\":\"https:\\\/\\\/deliangdisplay.com\\\/wp-content\\\/uploads\\\/2025\\\/08\\\/DELIANGDISPALY_logo.png\",\"width\":300,\"height\":130,\"caption\":\"deliangdisplay.com\"},\"image\":{\"@id\":\"https:\\\/\\\/deliangdisplay.com\\\/#\\\/schema\\\/logo\\\/image\\\/\"},\"sameAs\":[\"https:\\\/\\\/www.facebook.com\\\/JaneZhang008\\\/\",\"https:\\\/\\\/x.com\\\/ly673551729\"]}]}<\/script>\n<!-- \/ Yoast SEO plugin. -->","yoast_head_json":{"title":"DE-LIANG Luxury Jewelry Storage Box,Travel Jewelry Case, Small Jewelry Box Portable Jewelry Travel Organizer Display Storage Case for Rings Earring Necklace Bracelet, Gift for Women,PU Leather &amp; Velvet,White - DE-LIANG - jewelry,clothes,watch,beauty cosmetics","robots":{"index":"index","follow":"follow","max-snippet":"max-snippet:-1","max-image-preview":"max-image-preview:large","max-video-preview":"max-video-preview:-1"},"canonical":"https:\/\/deliangdisplay.com\/es\/nuestro-producto\/envasado\/embalaje-de-joyeros\/de-liang-lujoso-joyero-estuche-de-viaje-joyero-pequeno-joyero-portatil-organizador-de-viaje-joyero-expositor-estuche-para-anillos-pendientes-collar-pulsera-regalo-para-mujerpu-cuero-v\/","og_locale":"es_ES","og_type":"article","og_title":"DE-LIANG Luxury Jewelry Storage Box,Travel Jewelry Case, Small Jewelry Box Portable Jewelry Travel Organizer Display Storage Case for Rings Earring Necklace Bracelet, Gift for Women,PU Leather &amp; Velvet,White - DE-LIANG - jewelry,clothes,watch,beauty cosmetics","og_description":"\u2728 DE-LIANG Luxury Jewelry Storage Box \u2013 Elegant Travel Jewelry Case &amp; Gift for Women Your jewelry deserves a beautiful home \u2014 one that\u2019s just as elegant, thoughtful, and well-made as the treasures inside. Introducing the DE-LIANG Luxury Jewelry Storage Box, a small yet exquisite organizer designed to hold your rings, earrings, necklaces, bracelets, and more with care and style. Whether you\u2019re on the go or simply keeping your favorite pieces safe at home, this portable jewelry case brings both functionality and beauty to your daily life.","og_url":"https:\/\/deliangdisplay.com\/es\/nuestro-producto\/envasado\/embalaje-de-joyeros\/de-liang-lujoso-joyero-estuche-de-viaje-joyero-pequeno-joyero-portatil-organizador-de-viaje-joyero-expositor-estuche-para-anillos-pendientes-collar-pulsera-regalo-para-mujerpu-cuero-v\/","og_site_name":"DE-LIANG - jewelry,clothes,watch,beauty cosmetics","article_publisher":"https:\/\/www.facebook.com\/JaneZhang008\/","article_modified_time":"2025-08-01T08:57:06+00:00","og_image":[{"width":1000,"height":1000,"url":"https:\/\/deliangdisplay.com\/wp-content\/uploads\/2025\/08\/1-8.jpg","type":"image\/jpeg"}],"twitter_card":"summary_large_image","twitter_site":"@ly673551729","twitter_misc":{"Tiempo de lectura":"1 minuto"},"schema":{"@context":"https:\/\/schema.org","@graph":[{"@type":"WebPage","@id":"https:\/\/deliangdisplay.com\/our-product\/packaging\/jewelry-boxes-packaging\/de-liang-luxury-jewelry-storage-boxtravel-jewelry-case-small-jewelry-box-portable-jewelry-travel-organizer-display-storage-case-for-rings-earring-necklace-bracelet-gift-for-womenpu-leather-v\/","url":"https:\/\/deliangdisplay.com\/our-product\/packaging\/jewelry-boxes-packaging\/de-liang-luxury-jewelry-storage-boxtravel-jewelry-case-small-jewelry-box-portable-jewelry-travel-organizer-display-storage-case-for-rings-earring-necklace-bracelet-gift-for-womenpu-leather-v\/","name":"DE-LIANG Luxury Jewelry Storage Box,Travel Jewelry Case, Small Jewelry Box Portable Jewelry Travel Organizer Display Storage Case for Rings Earring Necklace Bracelet, Gift for Women,PU Leather &amp; Velvet,White - DE-LIANG - jewelry,clothes,watch,beauty cosmetics","isPartOf":{"@id":"https:\/\/deliangdisplay.com\/#website"},"primaryImageOfPage":{"@id":"https:\/\/deliangdisplay.com\/our-product\/packaging\/jewelry-boxes-packaging\/de-liang-luxury-jewelry-storage-boxtravel-jewelry-case-small-jewelry-box-portable-jewelry-travel-organizer-display-storage-case-for-rings-earring-necklace-bracelet-gift-for-womenpu-leather-v\/#primaryimage"},"image":{"@id":"https:\/\/deliangdisplay.com\/our-product\/packaging\/jewelry-boxes-packaging\/de-liang-luxury-jewelry-storage-boxtravel-jewelry-case-small-jewelry-box-portable-jewelry-travel-organizer-display-storage-case-for-rings-earring-necklace-bracelet-gift-for-womenpu-leather-v\/#primaryimage"},"thumbnailUrl":"https:\/\/deliangdisplay.com\/wp-content\/uploads\/2025\/08\/1-8.jpg","datePublished":"2025-08-01T08:52:33+00:00","dateModified":"2025-08-01T08:57:06+00:00","breadcrumb":{"@id":"https:\/\/deliangdisplay.com\/our-product\/packaging\/jewelry-boxes-packaging\/de-liang-luxury-jewelry-storage-boxtravel-jewelry-case-small-jewelry-box-portable-jewelry-travel-organizer-display-storage-case-for-rings-earring-necklace-bracelet-gift-for-womenpu-leather-v\/#breadcrumb"},"inLanguage":"es","potentialAction":[{"@type":"ReadAction","target":["https:\/\/deliangdisplay.com\/our-product\/packaging\/jewelry-boxes-packaging\/de-liang-luxury-jewelry-storage-boxtravel-jewelry-case-small-jewelry-box-portable-jewelry-travel-organizer-display-storage-case-for-rings-earring-necklace-bracelet-gift-for-womenpu-leather-v\/"]}]},{"@type":"ImageObject","inLanguage":"es","@id":"https:\/\/deliangdisplay.com\/our-product\/packaging\/jewelry-boxes-packaging\/de-liang-luxury-jewelry-storage-boxtravel-jewelry-case-small-jewelry-box-portable-jewelry-travel-organizer-display-storage-case-for-rings-earring-necklace-bracelet-gift-for-womenpu-leather-v\/#primaryimage","url":"https:\/\/deliangdisplay.com\/wp-content\/uploads\/2025\/08\/1-8.jpg","contentUrl":"https:\/\/deliangdisplay.com\/wp-content\/uploads\/2025\/08\/1-8.jpg","width":1000,"height":1000},{"@type":"BreadcrumbList","@id":"https:\/\/deliangdisplay.com\/our-product\/packaging\/jewelry-boxes-packaging\/de-liang-luxury-jewelry-storage-boxtravel-jewelry-case-small-jewelry-box-portable-jewelry-travel-organizer-display-storage-case-for-rings-earring-necklace-bracelet-gift-for-womenpu-leather-v\/#breadcrumb","itemListElement":[{"@type":"ListItem","position":1,"name":"\u9996\u9875","item":"https:\/\/deliangdisplay.com\/"},{"@type":"ListItem","position":2,"name":"Our Product","item":"https:\/\/deliangdisplay.com\/our-product\/"},{"@type":"ListItem","position":3,"name":"DE-LIANG Luxury Jewelry Storage Box,Travel Jewelry Case, Small Jewelry Box Portable Jewelry Travel Organizer Display Storage Case for Rings Earring Necklace Bracelet, Gift for Women,PU Leather &amp; Velvet,White"}]},{"@type":"WebSite","@id":"https:\/\/deliangdisplay.com\/#website","url":"https:\/\/deliangdisplay.com\/","name":"deliangdisplay.com","description":"DE-LIANG - Proporciona soluciones de envasado a medida y servicios de dise\u00f1o de expositores de lujo para marcas de joyer\u00eda, ropa, relojes, cosm\u00e9ticos de belleza, etc.","publisher":{"@id":"https:\/\/deliangdisplay.com\/#organization"},"potentialAction":[{"@type":"SearchAction","target":{"@type":"EntryPoint","urlTemplate":"https:\/\/deliangdisplay.com\/?s={search_term_string}"},"query-input":{"@type":"PropertyValueSpecification","valueRequired":true,"valueName":"search_term_string"}}],"inLanguage":"es"},{"@type":"Organization","@id":"https:\/\/deliangdisplay.com\/#organization","name":"deliangdisplay.com","url":"https:\/\/deliangdisplay.com\/","logo":{"@type":"ImageObject","inLanguage":"es","@id":"https:\/\/deliangdisplay.com\/#\/schema\/logo\/image\/","url":"https:\/\/deliangdisplay.com\/wp-content\/uploads\/2025\/08\/DELIANGDISPALY_logo.png","contentUrl":"https:\/\/deliangdisplay.com\/wp-content\/uploads\/2025\/08\/DELIANGDISPALY_logo.png","width":300,"height":130,"caption":"deliangdisplay.com"},"image":{"@id":"https:\/\/deliangdisplay.com\/#\/schema\/logo\/image\/"},"sameAs":["https:\/\/www.facebook.com\/JaneZhang008\/","https:\/\/x.com\/ly673551729"]}]}},"_links":{"self":[{"href":"https:\/\/deliangdisplay.com\/es\/wp-json\/wp\/v2\/product\/41716","targetHints":{"allow":["GET"]}}],"collection":[{"href":"https:\/\/deliangdisplay.com\/es\/wp-json\/wp\/v2\/product"}],"about":[{"href":"https:\/\/deliangdisplay.com\/es\/wp-json\/wp\/v2\/types\/product"}],"replies":[{"embeddable":true,"href":"https:\/\/deliangdisplay.com\/es\/wp-json\/wp\/v2\/comments?post=41716"}],"wp:featuredmedia":[{"embeddable":true,"href":"https:\/\/deliangdisplay.com\/es\/wp-json\/wp\/v2\/media\/41717"}],"wp:attachment":[{"href":"https:\/\/deliangdisplay.com\/es\/wp-json\/wp\/v2\/media?parent=41716"}],"wp:term":[{"taxonomy":"product_brand","embeddable":true,"href":"https:\/\/deliangdisplay.com\/es\/wp-json\/wp\/v2\/product_brand?post=41716"},{"taxonomy":"product_cat","embeddable":true,"href":"https:\/\/deliangdisplay.com\/es\/wp-json\/wp\/v2\/product_cat?post=41716"},{"taxonomy":"product_tag","embeddable":true,"href":"https:\/\/deliangdisplay.com\/es\/wp-json\/wp\/v2\/product_tag?post=41716"}],"curies":[{"name":"wp","href":"https:\/\/api.w.org\/{rel}","templated":true}]}}