{"id":41608,"date":"2025-08-01T15:03:57","date_gmt":"2025-08-01T07:03:57","guid":{"rendered":"https:\/\/deliangdisplay.com\/?post_type=product&#038;p=41608"},"modified":"2025-08-01T15:03:57","modified_gmt":"2025-08-01T07:03:57","slug":"de-liang-joyeria-de-lujo-diseno-de-interiores-joyeria-de-lujo-de-gama-alta-de-vidrio-de-acero-inoxidable-vitrina-de-joyeria-vitrina","status":"publish","type":"product","link":"https:\/\/deliangdisplay.com\/es\/nuestro-producto\/muestra\/vitrinas-y-expositores\/de-liang-joyeria-de-lujo-diseno-de-interiores-joyeria-de-lujo-de-gama-alta-de-vidrio-de-acero-inoxidable-vitrina-de-joyeria-vitrina\/","title":{"rendered":"DE-LIANG Joyer\u00eda de lujo de dise\u00f1o de interiores de gama alta de acero inoxidable de vidrio joyer\u00eda vitrina vitrina de joyer\u00eda"},"content":{"rendered":"<ul>\n<li data-start=\"572\" data-end=\"749\">\n<p data-start=\"574\" data-end=\"749\"><strong data-start=\"574\" data-end=\"594\">Materiales de lujo<\/strong>: Fabricado con <strong data-start=\"614\" data-end=\"637\">Acero inoxidable 304<\/strong> marco y ultra transparente <strong data-start=\"660\" data-end=\"685\">paneles de vidrio templado<\/strong>, que ofrece resistencia y una visi\u00f3n cristalina.<\/p>\n<\/li>\n<li data-start=\"750\" data-end=\"877\">\n<p data-start=\"752\" data-end=\"877\"><strong data-start=\"752\" data-end=\"780\">Dise\u00f1o minimalista moderno<\/strong>: L\u00edneas depuradas, acabados pulidos y proporciones elegantes para que sus joyas sean el centro de atenci\u00f3n.<\/p>\n<\/li>\n<li data-start=\"878\" data-end=\"1011\">\n<p data-start=\"880\" data-end=\"1011\"><strong data-start=\"880\" data-end=\"910\">Sistema de iluminaci\u00f3n LED personalizado<\/strong>: Los focos LED incorporados realzan el brillo y el color, haciendo que cada pieza brille con el m\u00e1ximo resplandor.<\/p>\n<\/li>\n<li data-start=\"1012\" data-end=\"1172\">\n<p data-start=\"1014\" data-end=\"1172\"><strong data-start=\"1014\" data-end=\"1037\">Seguro y funcional<\/strong>: Equipado con <strong data-start=\"1053\" data-end=\"1098\">cajones con cerradura y puertas de cristal templado<\/strong> para mayor seguridad, junto con mecanismos de cierre suave para un funcionamiento silencioso.<\/p>\n<\/li>\n<li data-start=\"1173\" data-end=\"1320\">\n<p data-start=\"1175\" data-end=\"1320\"><strong data-start=\"1175\" data-end=\"1196\">Dise\u00f1os vers\u00e1tiles<\/strong>: Disponibles en varios tama\u00f1os y configuraciones -en isla, de pared o en torre- para adaptarse a la distribuci\u00f3n de su tienda.<\/p>\n<\/li>\n<li data-start=\"1321\" data-end=\"1446\">\n<p data-start=\"1323\" data-end=\"1446\"><strong data-start=\"1323\" data-end=\"1347\">Opciones personalizables<\/strong>: Los colores, acabados y dimensiones pueden adaptarse a la est\u00e9tica de su marca o al interior de su tienda.<\/p>\n<\/li>\n<\/ul>\n<h3 data-start=\"1448\" data-end=\"1472\">\ud83d\udccd <strong data-start=\"1455\" data-end=\"1472\">Aplicaciones:<\/strong><\/h3>\n<p data-start=\"1473\" data-end=\"1676\">Perfecto para <strong data-start=\"1485\" data-end=\"1513\">boutiques de joyas de lujo<\/strong>, <strong data-start=\"1515\" data-end=\"1542\">pantallas de relojes de gama alta<\/strong>, <strong data-start=\"1544\" data-end=\"1572\">exposiciones muse\u00edsticas<\/strong>, o <strong data-start=\"1577\" data-end=\"1607\">pop-ups de accesorios de dise\u00f1o<\/strong> que buscan impresionar a los clientes y crear una experiencia de compra de primera.<\/p>","protected":false},"excerpt":{"rendered":"<p data-start=\"69\" data-end=\"204\"><strong data-start=\"69\" data-end=\"146\">DE-LIANG Luxury High-End Stainless Steel &amp; Glass Jewelry Display Showcase<\/strong><br data-start=\"146\" data-end=\"149\" \/><strong data-start=\"149\" data-end=\"204\">Elevate Your Jewelry Display with Timeless Elegance<\/strong><\/p>\n<p data-start=\"206\" data-end=\"545\">Add a touch of refined luxury to your retail space with the DE-LIANG Jewelry Display Showcase \u2014 a premium cabinet designed to highlight the beauty and brilliance of your jewelry collections. Crafted with precision and style, this high-end showcase is ideal for luxury jewelry shops, showrooms, exhibitions, and premium retail environments.<\/p>","protected":false},"featured_media":41610,"comment_status":"open","ping_status":"closed","template":"","meta":{"_acf_changed":false},"product_brand":[],"product_cat":[48],"product_tag":[],"class_list":{"0":"post-41608","1":"product","2":"type-product","3":"status-publish","4":"has-post-thumbnail","6":"product_cat-showcases-and-displays","8":"first","9":"instock","10":"shipping-taxable","11":"purchasable","12":"product-type-simple"},"acf":[],"yoast_head":"<!-- This site is optimized with the Yoast SEO plugin v27.4 - https:\/\/yoast.com\/product\/yoast-seo-wordpress\/ -->\n<title>DE-LIANG Luxury Jewellery Shop Interior Design Luxury High-End Stainless Steel Glass Jewelry Display Showcase Jewelry Display Cabinet - DE-LIANG - jewelry,clothes,watch,beauty cosmetics<\/title>\n<meta name=\"robots\" content=\"index, follow, max-snippet:-1, max-image-preview:large, max-video-preview:-1\" \/>\n<link rel=\"canonical\" href=\"https:\/\/deliangdisplay.com\/es\/nuestro-producto\/muestra\/vitrinas-y-expositores\/de-liang-joyeria-de-lujo-diseno-de-interiores-joyeria-de-lujo-de-gama-alta-de-vidrio-de-acero-inoxidable-vitrina-de-joyeria-vitrina\/\" \/>\n<meta property=\"og:locale\" content=\"es_ES\" \/>\n<meta property=\"og:type\" content=\"article\" \/>\n<meta property=\"og:title\" content=\"DE-LIANG Luxury Jewellery Shop Interior Design Luxury High-End Stainless Steel Glass Jewelry Display Showcase Jewelry Display Cabinet - DE-LIANG - jewelry,clothes,watch,beauty cosmetics\" \/>\n<meta property=\"og:description\" content=\"DE-LIANG Luxury High-End Stainless Steel &amp; Glass Jewelry Display ShowcaseElevate Your Jewelry Display with Timeless Elegance Add a touch of refined luxury to your retail space with the DE-LIANG Jewelry Display Showcase \u2014 a premium cabinet designed to highlight the beauty and brilliance of your jewelry collections. Crafted with precision and style, this high-end showcase is ideal for luxury jewelry shops, showrooms, exhibitions, and premium retail environments.\" \/>\n<meta property=\"og:url\" content=\"https:\/\/deliangdisplay.com\/es\/nuestro-producto\/muestra\/vitrinas-y-expositores\/de-liang-joyeria-de-lujo-diseno-de-interiores-joyeria-de-lujo-de-gama-alta-de-vidrio-de-acero-inoxidable-vitrina-de-joyeria-vitrina\/\" \/>\n<meta property=\"og:site_name\" content=\"DE-LIANG - jewelry,clothes,watch,beauty cosmetics\" \/>\n<meta property=\"article:publisher\" content=\"https:\/\/www.facebook.com\/JaneZhang008\/\" \/>\n<meta property=\"og:image\" content=\"https:\/\/deliangdisplay.com\/wp-content\/uploads\/2025\/08\/2-5.jpg\" \/>\n\t<meta property=\"og:image:width\" content=\"1000\" \/>\n\t<meta property=\"og:image:height\" content=\"1000\" \/>\n\t<meta property=\"og:image:type\" content=\"image\/jpeg\" \/>\n<meta name=\"twitter:card\" content=\"summary_large_image\" \/>\n<meta name=\"twitter:site\" content=\"@ly673551729\" \/>\n<meta name=\"twitter:label1\" content=\"Tiempo de lectura\" \/>\n\t<meta name=\"twitter:data1\" content=\"1 minuto\" \/>\n<script type=\"application\/ld+json\" class=\"yoast-schema-graph\">{\"@context\":\"https:\\\/\\\/schema.org\",\"@graph\":[{\"@type\":\"WebPage\",\"@id\":\"https:\\\/\\\/deliangdisplay.com\\\/our-product\\\/displays\\\/showcases-and-displays\\\/de-liang-luxury-jewellery-shop-interior-design-luxury-high-end-stainless-steel-glass-jewelry-display-showcase-jewelry-display-cabinet\\\/\",\"url\":\"https:\\\/\\\/deliangdisplay.com\\\/our-product\\\/displays\\\/showcases-and-displays\\\/de-liang-luxury-jewellery-shop-interior-design-luxury-high-end-stainless-steel-glass-jewelry-display-showcase-jewelry-display-cabinet\\\/\",\"name\":\"DE-LIANG Luxury Jewellery Shop Interior Design Luxury High-End Stainless Steel Glass Jewelry Display Showcase Jewelry Display Cabinet - DE-LIANG - jewelry,clothes,watch,beauty cosmetics\",\"isPartOf\":{\"@id\":\"https:\\\/\\\/deliangdisplay.com\\\/#website\"},\"primaryImageOfPage\":{\"@id\":\"https:\\\/\\\/deliangdisplay.com\\\/our-product\\\/displays\\\/showcases-and-displays\\\/de-liang-luxury-jewellery-shop-interior-design-luxury-high-end-stainless-steel-glass-jewelry-display-showcase-jewelry-display-cabinet\\\/#primaryimage\"},\"image\":{\"@id\":\"https:\\\/\\\/deliangdisplay.com\\\/our-product\\\/displays\\\/showcases-and-displays\\\/de-liang-luxury-jewellery-shop-interior-design-luxury-high-end-stainless-steel-glass-jewelry-display-showcase-jewelry-display-cabinet\\\/#primaryimage\"},\"thumbnailUrl\":\"https:\\\/\\\/deliangdisplay.com\\\/wp-content\\\/uploads\\\/2025\\\/08\\\/2-5.jpg\",\"datePublished\":\"2025-08-01T07:03:57+00:00\",\"breadcrumb\":{\"@id\":\"https:\\\/\\\/deliangdisplay.com\\\/our-product\\\/displays\\\/showcases-and-displays\\\/de-liang-luxury-jewellery-shop-interior-design-luxury-high-end-stainless-steel-glass-jewelry-display-showcase-jewelry-display-cabinet\\\/#breadcrumb\"},\"inLanguage\":\"es\",\"potentialAction\":[{\"@type\":\"ReadAction\",\"target\":[\"https:\\\/\\\/deliangdisplay.com\\\/our-product\\\/displays\\\/showcases-and-displays\\\/de-liang-luxury-jewellery-shop-interior-design-luxury-high-end-stainless-steel-glass-jewelry-display-showcase-jewelry-display-cabinet\\\/\"]}]},{\"@type\":\"ImageObject\",\"inLanguage\":\"es\",\"@id\":\"https:\\\/\\\/deliangdisplay.com\\\/our-product\\\/displays\\\/showcases-and-displays\\\/de-liang-luxury-jewellery-shop-interior-design-luxury-high-end-stainless-steel-glass-jewelry-display-showcase-jewelry-display-cabinet\\\/#primaryimage\",\"url\":\"https:\\\/\\\/deliangdisplay.com\\\/wp-content\\\/uploads\\\/2025\\\/08\\\/2-5.jpg\",\"contentUrl\":\"https:\\\/\\\/deliangdisplay.com\\\/wp-content\\\/uploads\\\/2025\\\/08\\\/2-5.jpg\",\"width\":1000,\"height\":1000},{\"@type\":\"BreadcrumbList\",\"@id\":\"https:\\\/\\\/deliangdisplay.com\\\/our-product\\\/displays\\\/showcases-and-displays\\\/de-liang-luxury-jewellery-shop-interior-design-luxury-high-end-stainless-steel-glass-jewelry-display-showcase-jewelry-display-cabinet\\\/#breadcrumb\",\"itemListElement\":[{\"@type\":\"ListItem\",\"position\":1,\"name\":\"\u9996\u9875\",\"item\":\"https:\\\/\\\/deliangdisplay.com\\\/\"},{\"@type\":\"ListItem\",\"position\":2,\"name\":\"Our Product\",\"item\":\"https:\\\/\\\/deliangdisplay.com\\\/our-product\\\/\"},{\"@type\":\"ListItem\",\"position\":3,\"name\":\"DE-LIANG Luxury Jewellery Shop Interior Design Luxury High-End Stainless Steel Glass Jewelry Display Showcase Jewelry Display Cabinet\"}]},{\"@type\":\"WebSite\",\"@id\":\"https:\\\/\\\/deliangdisplay.com\\\/#website\",\"url\":\"https:\\\/\\\/deliangdisplay.com\\\/\",\"name\":\"deliangdisplay.com\",\"description\":\"DE-LIANG - Providing bespoke packaging solutions and luxurious display design services for brands in jewelry, apparel, watches, beauty cosmetics, and more.\",\"publisher\":{\"@id\":\"https:\\\/\\\/deliangdisplay.com\\\/#organization\"},\"potentialAction\":[{\"@type\":\"SearchAction\",\"target\":{\"@type\":\"EntryPoint\",\"urlTemplate\":\"https:\\\/\\\/deliangdisplay.com\\\/?s={search_term_string}\"},\"query-input\":{\"@type\":\"PropertyValueSpecification\",\"valueRequired\":true,\"valueName\":\"search_term_string\"}}],\"inLanguage\":\"es\"},{\"@type\":\"Organization\",\"@id\":\"https:\\\/\\\/deliangdisplay.com\\\/#organization\",\"name\":\"deliangdisplay.com\",\"url\":\"https:\\\/\\\/deliangdisplay.com\\\/\",\"logo\":{\"@type\":\"ImageObject\",\"inLanguage\":\"es\",\"@id\":\"https:\\\/\\\/deliangdisplay.com\\\/#\\\/schema\\\/logo\\\/image\\\/\",\"url\":\"https:\\\/\\\/deliangdisplay.com\\\/wp-content\\\/uploads\\\/2025\\\/08\\\/DELIANGDISPALY_logo.png\",\"contentUrl\":\"https:\\\/\\\/deliangdisplay.com\\\/wp-content\\\/uploads\\\/2025\\\/08\\\/DELIANGDISPALY_logo.png\",\"width\":300,\"height\":130,\"caption\":\"deliangdisplay.com\"},\"image\":{\"@id\":\"https:\\\/\\\/deliangdisplay.com\\\/#\\\/schema\\\/logo\\\/image\\\/\"},\"sameAs\":[\"https:\\\/\\\/www.facebook.com\\\/JaneZhang008\\\/\",\"https:\\\/\\\/x.com\\\/ly673551729\"]}]}<\/script>\n<!-- \/ Yoast SEO plugin. -->","yoast_head_json":{"title":"DE-LIANG Joyer\u00eda de lujo de dise\u00f1o de interiores de alta gama de acero inoxidable de vidrio joyer\u00eda vitrina vitrina - DE-LIANG - joyer\u00eda,ropa,reloj,cosm\u00e9ticos de belleza","robots":{"index":"index","follow":"follow","max-snippet":"max-snippet:-1","max-image-preview":"max-image-preview:large","max-video-preview":"max-video-preview:-1"},"canonical":"https:\/\/deliangdisplay.com\/es\/nuestro-producto\/muestra\/vitrinas-y-expositores\/de-liang-joyeria-de-lujo-diseno-de-interiores-joyeria-de-lujo-de-gama-alta-de-vidrio-de-acero-inoxidable-vitrina-de-joyeria-vitrina\/","og_locale":"es_ES","og_type":"article","og_title":"DE-LIANG Luxury Jewellery Shop Interior Design Luxury High-End Stainless Steel Glass Jewelry Display Showcase Jewelry Display Cabinet - DE-LIANG - jewelry,clothes,watch,beauty cosmetics","og_description":"DE-LIANG Luxury High-End Stainless Steel &amp; Glass Jewelry Display ShowcaseElevate Your Jewelry Display with Timeless Elegance Add a touch of refined luxury to your retail space with the DE-LIANG Jewelry Display Showcase \u2014 a premium cabinet designed to highlight the beauty and brilliance of your jewelry collections. Crafted with precision and style, this high-end showcase is ideal for luxury jewelry shops, showrooms, exhibitions, and premium retail environments.","og_url":"https:\/\/deliangdisplay.com\/es\/nuestro-producto\/muestra\/vitrinas-y-expositores\/de-liang-joyeria-de-lujo-diseno-de-interiores-joyeria-de-lujo-de-gama-alta-de-vidrio-de-acero-inoxidable-vitrina-de-joyeria-vitrina\/","og_site_name":"DE-LIANG - jewelry,clothes,watch,beauty cosmetics","article_publisher":"https:\/\/www.facebook.com\/JaneZhang008\/","og_image":[{"width":1000,"height":1000,"url":"https:\/\/deliangdisplay.com\/wp-content\/uploads\/2025\/08\/2-5.jpg","type":"image\/jpeg"}],"twitter_card":"summary_large_image","twitter_site":"@ly673551729","twitter_misc":{"Tiempo de lectura":"1 minuto"},"schema":{"@context":"https:\/\/schema.org","@graph":[{"@type":"WebPage","@id":"https:\/\/deliangdisplay.com\/our-product\/displays\/showcases-and-displays\/de-liang-luxury-jewellery-shop-interior-design-luxury-high-end-stainless-steel-glass-jewelry-display-showcase-jewelry-display-cabinet\/","url":"https:\/\/deliangdisplay.com\/our-product\/displays\/showcases-and-displays\/de-liang-luxury-jewellery-shop-interior-design-luxury-high-end-stainless-steel-glass-jewelry-display-showcase-jewelry-display-cabinet\/","name":"DE-LIANG Joyer\u00eda de lujo de dise\u00f1o de interiores de alta gama de acero inoxidable de vidrio joyer\u00eda vitrina vitrina - DE-LIANG - joyer\u00eda,ropa,reloj,cosm\u00e9ticos de belleza","isPartOf":{"@id":"https:\/\/deliangdisplay.com\/#website"},"primaryImageOfPage":{"@id":"https:\/\/deliangdisplay.com\/our-product\/displays\/showcases-and-displays\/de-liang-luxury-jewellery-shop-interior-design-luxury-high-end-stainless-steel-glass-jewelry-display-showcase-jewelry-display-cabinet\/#primaryimage"},"image":{"@id":"https:\/\/deliangdisplay.com\/our-product\/displays\/showcases-and-displays\/de-liang-luxury-jewellery-shop-interior-design-luxury-high-end-stainless-steel-glass-jewelry-display-showcase-jewelry-display-cabinet\/#primaryimage"},"thumbnailUrl":"https:\/\/deliangdisplay.com\/wp-content\/uploads\/2025\/08\/2-5.jpg","datePublished":"2025-08-01T07:03:57+00:00","breadcrumb":{"@id":"https:\/\/deliangdisplay.com\/our-product\/displays\/showcases-and-displays\/de-liang-luxury-jewellery-shop-interior-design-luxury-high-end-stainless-steel-glass-jewelry-display-showcase-jewelry-display-cabinet\/#breadcrumb"},"inLanguage":"es","potentialAction":[{"@type":"ReadAction","target":["https:\/\/deliangdisplay.com\/our-product\/displays\/showcases-and-displays\/de-liang-luxury-jewellery-shop-interior-design-luxury-high-end-stainless-steel-glass-jewelry-display-showcase-jewelry-display-cabinet\/"]}]},{"@type":"ImageObject","inLanguage":"es","@id":"https:\/\/deliangdisplay.com\/our-product\/displays\/showcases-and-displays\/de-liang-luxury-jewellery-shop-interior-design-luxury-high-end-stainless-steel-glass-jewelry-display-showcase-jewelry-display-cabinet\/#primaryimage","url":"https:\/\/deliangdisplay.com\/wp-content\/uploads\/2025\/08\/2-5.jpg","contentUrl":"https:\/\/deliangdisplay.com\/wp-content\/uploads\/2025\/08\/2-5.jpg","width":1000,"height":1000},{"@type":"BreadcrumbList","@id":"https:\/\/deliangdisplay.com\/our-product\/displays\/showcases-and-displays\/de-liang-luxury-jewellery-shop-interior-design-luxury-high-end-stainless-steel-glass-jewelry-display-showcase-jewelry-display-cabinet\/#breadcrumb","itemListElement":[{"@type":"ListItem","position":1,"name":"\u9996\u9875","item":"https:\/\/deliangdisplay.com\/"},{"@type":"ListItem","position":2,"name":"Our Product","item":"https:\/\/deliangdisplay.com\/our-product\/"},{"@type":"ListItem","position":3,"name":"DE-LIANG Luxury Jewellery Shop Interior Design Luxury High-End Stainless Steel Glass Jewelry Display Showcase Jewelry Display Cabinet"}]},{"@type":"WebSite","@id":"https:\/\/deliangdisplay.com\/#website","url":"https:\/\/deliangdisplay.com\/","name":"deliangdisplay.com","description":"DE-LIANG - Proporciona soluciones de envasado a medida y servicios de dise\u00f1o de expositores de lujo para marcas de joyer\u00eda, ropa, relojes, cosm\u00e9ticos de belleza, etc.","publisher":{"@id":"https:\/\/deliangdisplay.com\/#organization"},"potentialAction":[{"@type":"SearchAction","target":{"@type":"EntryPoint","urlTemplate":"https:\/\/deliangdisplay.com\/?s={search_term_string}"},"query-input":{"@type":"PropertyValueSpecification","valueRequired":true,"valueName":"search_term_string"}}],"inLanguage":"es"},{"@type":"Organization","@id":"https:\/\/deliangdisplay.com\/#organization","name":"deliangdisplay.com","url":"https:\/\/deliangdisplay.com\/","logo":{"@type":"ImageObject","inLanguage":"es","@id":"https:\/\/deliangdisplay.com\/#\/schema\/logo\/image\/","url":"https:\/\/deliangdisplay.com\/wp-content\/uploads\/2025\/08\/DELIANGDISPALY_logo.png","contentUrl":"https:\/\/deliangdisplay.com\/wp-content\/uploads\/2025\/08\/DELIANGDISPALY_logo.png","width":300,"height":130,"caption":"deliangdisplay.com"},"image":{"@id":"https:\/\/deliangdisplay.com\/#\/schema\/logo\/image\/"},"sameAs":["https:\/\/www.facebook.com\/JaneZhang008\/","https:\/\/x.com\/ly673551729"]}]}},"_links":{"self":[{"href":"https:\/\/deliangdisplay.com\/es\/wp-json\/wp\/v2\/product\/41608","targetHints":{"allow":["GET"]}}],"collection":[{"href":"https:\/\/deliangdisplay.com\/es\/wp-json\/wp\/v2\/product"}],"about":[{"href":"https:\/\/deliangdisplay.com\/es\/wp-json\/wp\/v2\/types\/product"}],"replies":[{"embeddable":true,"href":"https:\/\/deliangdisplay.com\/es\/wp-json\/wp\/v2\/comments?post=41608"}],"wp:featuredmedia":[{"embeddable":true,"href":"https:\/\/deliangdisplay.com\/es\/wp-json\/wp\/v2\/media\/41610"}],"wp:attachment":[{"href":"https:\/\/deliangdisplay.com\/es\/wp-json\/wp\/v2\/media?parent=41608"}],"wp:term":[{"taxonomy":"product_brand","embeddable":true,"href":"https:\/\/deliangdisplay.com\/es\/wp-json\/wp\/v2\/product_brand?post=41608"},{"taxonomy":"product_cat","embeddable":true,"href":"https:\/\/deliangdisplay.com\/es\/wp-json\/wp\/v2\/product_cat?post=41608"},{"taxonomy":"product_tag","embeddable":true,"href":"https:\/\/deliangdisplay.com\/es\/wp-json\/wp\/v2\/product_tag?post=41608"}],"curies":[{"name":"wp","href":"https:\/\/api.w.org\/{rel}","templated":true}]}}