{"id":41499,"date":"2025-08-01T10:12:20","date_gmt":"2025-08-01T02:12:20","guid":{"rendered":"https:\/\/deliangdisplay.com\/?post_type=product&#038;p=41499"},"modified":"2025-08-04T11:21:02","modified_gmt":"2025-08-04T03:21:02","slug":"de-liang-madera-maciza-pequena-bandeja-de-joyeria-comercio-escaparate-encimera-joyeria-bandejas-de-exhibicion-rectangulo-vanidad-placa","status":"publish","type":"product","link":"https:\/\/deliangdisplay.com\/es\/nuestro-producto\/muestra\/bandejas-de-presentacion-de-joyas-espejos\/de-liang-madera-maciza-pequena-bandeja-de-joyeria-comercio-escaparate-encimera-joyeria-bandejas-de-exhibicion-rectangulo-vanidad-placa\/","title":{"rendered":"DE-LIANG Madera Maciza Peque\u00f1a Bandeja de Joyer\u00eda Comercio Vitrina Mostrador Bandejas de Exhibici\u00f3n de Joyer\u00eda Rect\u00e1ngulo Vanidad Placa"},"content":{"rendered":"<p>Con un dise\u00f1o que ahorra espacio, esta bandeja para joyas es lo suficientemente grande para guardar sus objetos sin ocupar demasiado espacio en su c\u00f3moda.<\/p>\n<p><span class=\"a-list-item\">Hecho de madera maciza y microfibra, muy resistente y duradero, ideal para su uso a largo plazo.<\/span><\/p>\n<p><span class=\"a-list-item\">Es f\u00e1cil colocar el cambio, las llaves, el reloj de pulsera y otros objetos en un lugar pr\u00e1ctico cuando se est\u00e1 de viaje o en casa, para evitar la p\u00e9rdida de sus objetos preciosos.<\/span><\/p>\n<p><span class=\"a-list-item\">La bandeja es perfecta para aparadores, mesillas de noche, mesas de caf\u00e9, encimeras de inodoros, mostradores, almacenamiento en cajones o estantes, etc.<\/span><\/p>\n<p><span class=\"a-list-item\">Dise\u00f1o simple y elegante no capturar\u00e1 el brillo de su joyer\u00eda, aspecto elegante ajuste para la joyer\u00eda de estilo diferente.<\/span><\/p>\n<p><span class=\"a-list-item\">Esta bandeja no s\u00f3lo es ideal para uso personal, tambi\u00e9n es ideal para la joyer\u00eda de la feria o escaparate de la joyer\u00eda de visualizaci\u00f3n, incluso la joyer\u00eda de la fotograf\u00eda.<\/span><\/p>","protected":false},"excerpt":{"rendered":"<p id=\"title\" class=\"a-size-large a-spacing-none\"><span id=\"productTitle\" class=\"a-size-large product-title-word-break\">Madera Maciza Peque\u00f1a Bandeja de Joyer\u00eda Mostrador de Comercio Bandejas de Exhibici\u00f3n de Joyer\u00eda Rect\u00e1ngulo Placa de Vanidad<\/span><\/p>","protected":false},"featured_media":42014,"comment_status":"open","ping_status":"closed","template":"","meta":{"_acf_changed":false},"product_brand":[],"product_cat":[78],"product_tag":[],"class_list":{"0":"post-41499","1":"product","2":"type-product","3":"status-publish","4":"has-post-thumbnail","6":"product_cat-jewelry-presentation-trays-mirrors","8":"first","9":"instock","10":"shipping-taxable","11":"purchasable","12":"product-type-simple"},"acf":[],"yoast_head":"<!-- This site is optimized with the Yoast SEO plugin v27.4 - https:\/\/yoast.com\/product\/yoast-seo-wordpress\/ -->\n<title>DE-LIANG Solid Wood Small Jewelry Tray Trade Showcase Countertop Jewelry Display Trays Rectangle Vanity Plate - DE-LIANG - jewelry,clothes,watch,beauty cosmetics<\/title>\n<meta name=\"robots\" content=\"index, follow, max-snippet:-1, max-image-preview:large, max-video-preview:-1\" \/>\n<link rel=\"canonical\" href=\"https:\/\/deliangdisplay.com\/es\/nuestro-producto\/muestra\/bandejas-de-presentacion-de-joyas-espejos\/de-liang-madera-maciza-pequena-bandeja-de-joyeria-comercio-escaparate-encimera-joyeria-bandejas-de-exhibicion-rectangulo-vanidad-placa\/\" \/>\n<meta property=\"og:locale\" content=\"es_ES\" \/>\n<meta property=\"og:type\" content=\"article\" \/>\n<meta property=\"og:title\" content=\"DE-LIANG Solid Wood Small Jewelry Tray Trade Showcase Countertop Jewelry Display Trays Rectangle Vanity Plate - DE-LIANG - jewelry,clothes,watch,beauty cosmetics\" \/>\n<meta property=\"og:description\" content=\"Solid Wood Small Jewelry Tray Trade Showcase Countertop Jewelry Display Trays Rectangle Vanity Plate\" \/>\n<meta property=\"og:url\" content=\"https:\/\/deliangdisplay.com\/es\/nuestro-producto\/muestra\/bandejas-de-presentacion-de-joyas-espejos\/de-liang-madera-maciza-pequena-bandeja-de-joyeria-comercio-escaparate-encimera-joyeria-bandejas-de-exhibicion-rectangulo-vanidad-placa\/\" \/>\n<meta property=\"og:site_name\" content=\"DE-LIANG - jewelry,clothes,watch,beauty cosmetics\" \/>\n<meta property=\"article:publisher\" content=\"https:\/\/www.facebook.com\/JaneZhang008\/\" \/>\n<meta property=\"article:modified_time\" content=\"2025-08-04T03:21:02+00:00\" \/>\n<meta property=\"og:image\" content=\"https:\/\/deliangdisplay.com\/wp-content\/uploads\/2025\/08\/jimeng-2025-08-04-7684-\u66f4\u6362\u80cc\u666f\uff1a\u6258\u76d8\u653e\u5728\u767d\u8272\u4e1d\u7ed2\u7684\u9ad8\u7ea7\u5e03\u6599\u4e0a.jpeg\" \/>\n\t<meta property=\"og:image:width\" content=\"832\" \/>\n\t<meta property=\"og:image:height\" content=\"832\" \/>\n\t<meta property=\"og:image:type\" content=\"image\/jpeg\" \/>\n<meta name=\"twitter:card\" content=\"summary_large_image\" \/>\n<meta name=\"twitter:site\" content=\"@ly673551729\" \/>\n<meta name=\"twitter:label1\" content=\"Tiempo de lectura\" \/>\n\t<meta name=\"twitter:data1\" content=\"1 minuto\" \/>\n<script type=\"application\/ld+json\" class=\"yoast-schema-graph\">{\"@context\":\"https:\\\/\\\/schema.org\",\"@graph\":[{\"@type\":\"WebPage\",\"@id\":\"https:\\\/\\\/deliangdisplay.com\\\/our-product\\\/displays\\\/jewelry-presentation-trays-mirrors\\\/de-liang-solid-wood-small-jewelry-tray-trade-showcase-countertop-jewelry-display-trays-rectangle-vanity-plate\\\/\",\"url\":\"https:\\\/\\\/deliangdisplay.com\\\/our-product\\\/displays\\\/jewelry-presentation-trays-mirrors\\\/de-liang-solid-wood-small-jewelry-tray-trade-showcase-countertop-jewelry-display-trays-rectangle-vanity-plate\\\/\",\"name\":\"DE-LIANG Solid Wood Small Jewelry Tray Trade Showcase Countertop Jewelry Display Trays Rectangle Vanity Plate - DE-LIANG - jewelry,clothes,watch,beauty cosmetics\",\"isPartOf\":{\"@id\":\"https:\\\/\\\/deliangdisplay.com\\\/#website\"},\"primaryImageOfPage\":{\"@id\":\"https:\\\/\\\/deliangdisplay.com\\\/our-product\\\/displays\\\/jewelry-presentation-trays-mirrors\\\/de-liang-solid-wood-small-jewelry-tray-trade-showcase-countertop-jewelry-display-trays-rectangle-vanity-plate\\\/#primaryimage\"},\"image\":{\"@id\":\"https:\\\/\\\/deliangdisplay.com\\\/our-product\\\/displays\\\/jewelry-presentation-trays-mirrors\\\/de-liang-solid-wood-small-jewelry-tray-trade-showcase-countertop-jewelry-display-trays-rectangle-vanity-plate\\\/#primaryimage\"},\"thumbnailUrl\":\"https:\\\/\\\/deliangdisplay.com\\\/wp-content\\\/uploads\\\/2025\\\/08\\\/jimeng-2025-08-04-7684-\u66f4\u6362\u80cc\u666f\uff1a\u6258\u76d8\u653e\u5728\u767d\u8272\u4e1d\u7ed2\u7684\u9ad8\u7ea7\u5e03\u6599\u4e0a.jpeg\",\"datePublished\":\"2025-08-01T02:12:20+00:00\",\"dateModified\":\"2025-08-04T03:21:02+00:00\",\"breadcrumb\":{\"@id\":\"https:\\\/\\\/deliangdisplay.com\\\/our-product\\\/displays\\\/jewelry-presentation-trays-mirrors\\\/de-liang-solid-wood-small-jewelry-tray-trade-showcase-countertop-jewelry-display-trays-rectangle-vanity-plate\\\/#breadcrumb\"},\"inLanguage\":\"es\",\"potentialAction\":[{\"@type\":\"ReadAction\",\"target\":[\"https:\\\/\\\/deliangdisplay.com\\\/our-product\\\/displays\\\/jewelry-presentation-trays-mirrors\\\/de-liang-solid-wood-small-jewelry-tray-trade-showcase-countertop-jewelry-display-trays-rectangle-vanity-plate\\\/\"]}]},{\"@type\":\"ImageObject\",\"inLanguage\":\"es\",\"@id\":\"https:\\\/\\\/deliangdisplay.com\\\/our-product\\\/displays\\\/jewelry-presentation-trays-mirrors\\\/de-liang-solid-wood-small-jewelry-tray-trade-showcase-countertop-jewelry-display-trays-rectangle-vanity-plate\\\/#primaryimage\",\"url\":\"https:\\\/\\\/deliangdisplay.com\\\/wp-content\\\/uploads\\\/2025\\\/08\\\/jimeng-2025-08-04-7684-\u66f4\u6362\u80cc\u666f\uff1a\u6258\u76d8\u653e\u5728\u767d\u8272\u4e1d\u7ed2\u7684\u9ad8\u7ea7\u5e03\u6599\u4e0a.jpeg\",\"contentUrl\":\"https:\\\/\\\/deliangdisplay.com\\\/wp-content\\\/uploads\\\/2025\\\/08\\\/jimeng-2025-08-04-7684-\u66f4\u6362\u80cc\u666f\uff1a\u6258\u76d8\u653e\u5728\u767d\u8272\u4e1d\u7ed2\u7684\u9ad8\u7ea7\u5e03\u6599\u4e0a.jpeg\",\"width\":832,\"height\":832,\"caption\":\"{\\\"aigc_info\\\":{\\\"aigc_label_type\\\":0,\\\"source_info\\\":\\\"dreamina\\\"},\\\"data\\\":{\\\"os\\\":\\\"web\\\",\\\"product\\\":\\\"dreamina\\\",\\\"exportType\\\":\\\"generation\\\",\\\"pictureId\\\":\\\"0\\\"},\\\"trace_info\\\":{\\\"originItemId\\\":\\\"7534548891459472680\\\"}}\"},{\"@type\":\"BreadcrumbList\",\"@id\":\"https:\\\/\\\/deliangdisplay.com\\\/our-product\\\/displays\\\/jewelry-presentation-trays-mirrors\\\/de-liang-solid-wood-small-jewelry-tray-trade-showcase-countertop-jewelry-display-trays-rectangle-vanity-plate\\\/#breadcrumb\",\"itemListElement\":[{\"@type\":\"ListItem\",\"position\":1,\"name\":\"\u9996\u9875\",\"item\":\"https:\\\/\\\/deliangdisplay.com\\\/\"},{\"@type\":\"ListItem\",\"position\":2,\"name\":\"Our Product\",\"item\":\"https:\\\/\\\/deliangdisplay.com\\\/our-product\\\/\"},{\"@type\":\"ListItem\",\"position\":3,\"name\":\"DE-LIANG Solid Wood Small Jewelry Tray Trade Showcase Countertop Jewelry Display Trays Rectangle Vanity Plate\"}]},{\"@type\":\"WebSite\",\"@id\":\"https:\\\/\\\/deliangdisplay.com\\\/#website\",\"url\":\"https:\\\/\\\/deliangdisplay.com\\\/\",\"name\":\"deliangdisplay.com\",\"description\":\"DE-LIANG - Providing bespoke packaging solutions and luxurious display design services for brands in jewelry, apparel, watches, beauty cosmetics, and more.\",\"publisher\":{\"@id\":\"https:\\\/\\\/deliangdisplay.com\\\/#organization\"},\"potentialAction\":[{\"@type\":\"SearchAction\",\"target\":{\"@type\":\"EntryPoint\",\"urlTemplate\":\"https:\\\/\\\/deliangdisplay.com\\\/?s={search_term_string}\"},\"query-input\":{\"@type\":\"PropertyValueSpecification\",\"valueRequired\":true,\"valueName\":\"search_term_string\"}}],\"inLanguage\":\"es\"},{\"@type\":\"Organization\",\"@id\":\"https:\\\/\\\/deliangdisplay.com\\\/#organization\",\"name\":\"deliangdisplay.com\",\"url\":\"https:\\\/\\\/deliangdisplay.com\\\/\",\"logo\":{\"@type\":\"ImageObject\",\"inLanguage\":\"es\",\"@id\":\"https:\\\/\\\/deliangdisplay.com\\\/#\\\/schema\\\/logo\\\/image\\\/\",\"url\":\"https:\\\/\\\/deliangdisplay.com\\\/wp-content\\\/uploads\\\/2025\\\/08\\\/DELIANGDISPALY_logo.png\",\"contentUrl\":\"https:\\\/\\\/deliangdisplay.com\\\/wp-content\\\/uploads\\\/2025\\\/08\\\/DELIANGDISPALY_logo.png\",\"width\":300,\"height\":130,\"caption\":\"deliangdisplay.com\"},\"image\":{\"@id\":\"https:\\\/\\\/deliangdisplay.com\\\/#\\\/schema\\\/logo\\\/image\\\/\"},\"sameAs\":[\"https:\\\/\\\/www.facebook.com\\\/JaneZhang008\\\/\",\"https:\\\/\\\/x.com\\\/ly673551729\"]}]}<\/script>\n<!-- \/ Yoast SEO plugin. -->","yoast_head_json":{"title":"DE-LIANG de madera maciza de joyer\u00eda peque\u00f1a bandeja de escaparate de comercio de la joyer\u00eda de la encimera de visualizaci\u00f3n de las bandejas rect\u00e1ngulo Vanidad Placa - DE-LIANG - joyer\u00eda,ropa,reloj,cosm\u00e9ticos de belleza","robots":{"index":"index","follow":"follow","max-snippet":"max-snippet:-1","max-image-preview":"max-image-preview:large","max-video-preview":"max-video-preview:-1"},"canonical":"https:\/\/deliangdisplay.com\/es\/nuestro-producto\/muestra\/bandejas-de-presentacion-de-joyas-espejos\/de-liang-madera-maciza-pequena-bandeja-de-joyeria-comercio-escaparate-encimera-joyeria-bandejas-de-exhibicion-rectangulo-vanidad-placa\/","og_locale":"es_ES","og_type":"article","og_title":"DE-LIANG Solid Wood Small Jewelry Tray Trade Showcase Countertop Jewelry Display Trays Rectangle Vanity Plate - DE-LIANG - jewelry,clothes,watch,beauty cosmetics","og_description":"Solid Wood Small Jewelry Tray Trade Showcase Countertop Jewelry Display Trays Rectangle Vanity Plate","og_url":"https:\/\/deliangdisplay.com\/es\/nuestro-producto\/muestra\/bandejas-de-presentacion-de-joyas-espejos\/de-liang-madera-maciza-pequena-bandeja-de-joyeria-comercio-escaparate-encimera-joyeria-bandejas-de-exhibicion-rectangulo-vanidad-placa\/","og_site_name":"DE-LIANG - jewelry,clothes,watch,beauty cosmetics","article_publisher":"https:\/\/www.facebook.com\/JaneZhang008\/","article_modified_time":"2025-08-04T03:21:02+00:00","og_image":[{"width":832,"height":832,"url":"https:\/\/deliangdisplay.com\/wp-content\/uploads\/2025\/08\/jimeng-2025-08-04-7684-\u66f4\u6362\u80cc\u666f\uff1a\u6258\u76d8\u653e\u5728\u767d\u8272\u4e1d\u7ed2\u7684\u9ad8\u7ea7\u5e03\u6599\u4e0a.jpeg","type":"image\/jpeg"}],"twitter_card":"summary_large_image","twitter_site":"@ly673551729","twitter_misc":{"Tiempo de lectura":"1 minuto"},"schema":{"@context":"https:\/\/schema.org","@graph":[{"@type":"WebPage","@id":"https:\/\/deliangdisplay.com\/our-product\/displays\/jewelry-presentation-trays-mirrors\/de-liang-solid-wood-small-jewelry-tray-trade-showcase-countertop-jewelry-display-trays-rectangle-vanity-plate\/","url":"https:\/\/deliangdisplay.com\/our-product\/displays\/jewelry-presentation-trays-mirrors\/de-liang-solid-wood-small-jewelry-tray-trade-showcase-countertop-jewelry-display-trays-rectangle-vanity-plate\/","name":"DE-LIANG de madera maciza de joyer\u00eda peque\u00f1a bandeja de escaparate de comercio de la joyer\u00eda de la encimera de visualizaci\u00f3n de las bandejas rect\u00e1ngulo Vanidad Placa - DE-LIANG - joyer\u00eda,ropa,reloj,cosm\u00e9ticos de belleza","isPartOf":{"@id":"https:\/\/deliangdisplay.com\/#website"},"primaryImageOfPage":{"@id":"https:\/\/deliangdisplay.com\/our-product\/displays\/jewelry-presentation-trays-mirrors\/de-liang-solid-wood-small-jewelry-tray-trade-showcase-countertop-jewelry-display-trays-rectangle-vanity-plate\/#primaryimage"},"image":{"@id":"https:\/\/deliangdisplay.com\/our-product\/displays\/jewelry-presentation-trays-mirrors\/de-liang-solid-wood-small-jewelry-tray-trade-showcase-countertop-jewelry-display-trays-rectangle-vanity-plate\/#primaryimage"},"thumbnailUrl":"https:\/\/deliangdisplay.com\/wp-content\/uploads\/2025\/08\/jimeng-2025-08-04-7684-\u66f4\u6362\u80cc\u666f\uff1a\u6258\u76d8\u653e\u5728\u767d\u8272\u4e1d\u7ed2\u7684\u9ad8\u7ea7\u5e03\u6599\u4e0a.jpeg","datePublished":"2025-08-01T02:12:20+00:00","dateModified":"2025-08-04T03:21:02+00:00","breadcrumb":{"@id":"https:\/\/deliangdisplay.com\/our-product\/displays\/jewelry-presentation-trays-mirrors\/de-liang-solid-wood-small-jewelry-tray-trade-showcase-countertop-jewelry-display-trays-rectangle-vanity-plate\/#breadcrumb"},"inLanguage":"es","potentialAction":[{"@type":"ReadAction","target":["https:\/\/deliangdisplay.com\/our-product\/displays\/jewelry-presentation-trays-mirrors\/de-liang-solid-wood-small-jewelry-tray-trade-showcase-countertop-jewelry-display-trays-rectangle-vanity-plate\/"]}]},{"@type":"ImageObject","inLanguage":"es","@id":"https:\/\/deliangdisplay.com\/our-product\/displays\/jewelry-presentation-trays-mirrors\/de-liang-solid-wood-small-jewelry-tray-trade-showcase-countertop-jewelry-display-trays-rectangle-vanity-plate\/#primaryimage","url":"https:\/\/deliangdisplay.com\/wp-content\/uploads\/2025\/08\/jimeng-2025-08-04-7684-\u66f4\u6362\u80cc\u666f\uff1a\u6258\u76d8\u653e\u5728\u767d\u8272\u4e1d\u7ed2\u7684\u9ad8\u7ea7\u5e03\u6599\u4e0a.jpeg","contentUrl":"https:\/\/deliangdisplay.com\/wp-content\/uploads\/2025\/08\/jimeng-2025-08-04-7684-\u66f4\u6362\u80cc\u666f\uff1a\u6258\u76d8\u653e\u5728\u767d\u8272\u4e1d\u7ed2\u7684\u9ad8\u7ea7\u5e03\u6599\u4e0a.jpeg","width":832,"height":832,"caption":"{\"aigc_info\":{\"aigc_label_type\":0,\"source_info\":\"dreamina\"},\"data\":{\"os\":\"web\",\"product\":\"dreamina\",\"exportType\":\"generation\",\"pictureId\":\"0\"},\"trace_info\":{\"originItemId\":\"7534548891459472680\"}}"},{"@type":"BreadcrumbList","@id":"https:\/\/deliangdisplay.com\/our-product\/displays\/jewelry-presentation-trays-mirrors\/de-liang-solid-wood-small-jewelry-tray-trade-showcase-countertop-jewelry-display-trays-rectangle-vanity-plate\/#breadcrumb","itemListElement":[{"@type":"ListItem","position":1,"name":"\u9996\u9875","item":"https:\/\/deliangdisplay.com\/"},{"@type":"ListItem","position":2,"name":"Our Product","item":"https:\/\/deliangdisplay.com\/our-product\/"},{"@type":"ListItem","position":3,"name":"DE-LIANG Solid Wood Small Jewelry Tray Trade Showcase Countertop Jewelry Display Trays Rectangle Vanity Plate"}]},{"@type":"WebSite","@id":"https:\/\/deliangdisplay.com\/#website","url":"https:\/\/deliangdisplay.com\/","name":"deliangdisplay.com","description":"DE-LIANG - Proporciona soluciones de envasado a medida y servicios de dise\u00f1o de expositores de lujo para marcas de joyer\u00eda, ropa, relojes, cosm\u00e9ticos de belleza, etc.","publisher":{"@id":"https:\/\/deliangdisplay.com\/#organization"},"potentialAction":[{"@type":"SearchAction","target":{"@type":"EntryPoint","urlTemplate":"https:\/\/deliangdisplay.com\/?s={search_term_string}"},"query-input":{"@type":"PropertyValueSpecification","valueRequired":true,"valueName":"search_term_string"}}],"inLanguage":"es"},{"@type":"Organization","@id":"https:\/\/deliangdisplay.com\/#organization","name":"deliangdisplay.com","url":"https:\/\/deliangdisplay.com\/","logo":{"@type":"ImageObject","inLanguage":"es","@id":"https:\/\/deliangdisplay.com\/#\/schema\/logo\/image\/","url":"https:\/\/deliangdisplay.com\/wp-content\/uploads\/2025\/08\/DELIANGDISPALY_logo.png","contentUrl":"https:\/\/deliangdisplay.com\/wp-content\/uploads\/2025\/08\/DELIANGDISPALY_logo.png","width":300,"height":130,"caption":"deliangdisplay.com"},"image":{"@id":"https:\/\/deliangdisplay.com\/#\/schema\/logo\/image\/"},"sameAs":["https:\/\/www.facebook.com\/JaneZhang008\/","https:\/\/x.com\/ly673551729"]}]}},"_links":{"self":[{"href":"https:\/\/deliangdisplay.com\/es\/wp-json\/wp\/v2\/product\/41499","targetHints":{"allow":["GET"]}}],"collection":[{"href":"https:\/\/deliangdisplay.com\/es\/wp-json\/wp\/v2\/product"}],"about":[{"href":"https:\/\/deliangdisplay.com\/es\/wp-json\/wp\/v2\/types\/product"}],"replies":[{"embeddable":true,"href":"https:\/\/deliangdisplay.com\/es\/wp-json\/wp\/v2\/comments?post=41499"}],"wp:featuredmedia":[{"embeddable":true,"href":"https:\/\/deliangdisplay.com\/es\/wp-json\/wp\/v2\/media\/42014"}],"wp:attachment":[{"href":"https:\/\/deliangdisplay.com\/es\/wp-json\/wp\/v2\/media?parent=41499"}],"wp:term":[{"taxonomy":"product_brand","embeddable":true,"href":"https:\/\/deliangdisplay.com\/es\/wp-json\/wp\/v2\/product_brand?post=41499"},{"taxonomy":"product_cat","embeddable":true,"href":"https:\/\/deliangdisplay.com\/es\/wp-json\/wp\/v2\/product_cat?post=41499"},{"taxonomy":"product_tag","embeddable":true,"href":"https:\/\/deliangdisplay.com\/es\/wp-json\/wp\/v2\/product_tag?post=41499"}],"curies":[{"name":"wp","href":"https:\/\/api.w.org\/{rel}","templated":true}]}}