{"id":41426,"date":"2025-07-31T18:13:05","date_gmt":"2025-07-31T10:13:05","guid":{"rendered":"https:\/\/deliangdisplay.com\/?post_type=product&#038;p=41426"},"modified":"2025-07-31T18:16:43","modified_gmt":"2025-07-31T10:16:43","slug":"collar-moderno-expositor-de-joyaspie-de-exposicion-de-joyassoporte-para-collarespie-de-exposicion-de-maniquies-negropie-de-exposicion-de-maniquies-verde-transparente","status":"publish","type":"product","link":"https:\/\/deliangdisplay.com\/es\/nuestro-producto\/accesorios\/formas-del-cuello\/collar-moderno-expositor-de-joyaspie-de-exposicion-de-joyassoporte-para-collarespie-de-exposicion-de-maniquies-negropie-de-exposicion-de-maniquies-verde-transparente\/","title":{"rendered":"Collar Moderno Joyer\u00eda Display Busto,Joyer\u00eda Display Stand,Collar Holder,Negro Maniqu\u00ed Display,Transparente Verde Maniqu\u00ed Holder Stand"},"content":{"rendered":"<p>TALLA:(Como la foto)<\/p>\n<p>1.Expositor de joyas<br \/>\n.:Longitud:13.8CM(5.4inch)<br \/>\n.:Anchura:13CM(5.1inch)<br \/>\n.:Altura:21.5CM(8.5inch)<br \/>\n.:Peso:2,6kg<\/p>\n<p>2.Puede llevar una gran variedad de collares<\/p>\n<p>\u00a13.MOQ 30PCS Personalizar el color son aceptables!<\/p>\n<p>4.Color:Blanco mate \/ Blanco brillante \/ Negro mate\/ Plata brillante\/ Verde haba\/ Color transparente<\/p>\n<p>5.Material: Material de resina<\/p>\n<p>&#8212;&#8212;&#8212;&#8212;&#8212;&#8212;&#8212;&#8212;&#8212;&#8212;&#8212;&#8212;&#8212;&#8212;&#8212;&#8212;&#8212;&#8212;&#8211;<\/p>\n<p>\ud83d\udcaf Este soporte de exhibici\u00f3n de joyer\u00eda es un gran organizador para la exhibici\u00f3n de joyas \/ collares \/ corbatas.<\/p>\n<p>\ud83d\udcaf Este elegante maniqu\u00ed te ayuda a ti o a los posibles compradores a visualizar las joyas.A qu\u00e9 esperas, \u00a1consigue ya tu organizador de accesorios y podr\u00e1s conseguir m\u00e1s ventas!<\/p>\n<p>\ud83d\udcaf Tambi\u00e9n podr\u00edas usarlo para tomar fotograf\u00edas de joyas, presentar\u00e1 profesionalmente tus productos.<\/p>\n<p>\ud83d\udcaf El acentuado escote atrae la atenci\u00f3n hacia el collar y el elegante color blanco realza la elegancia de tus preciadas joyas.<\/p>\n<p>\ud83d\udcafTambi\u00e9n es un buen accesorio de la foto para mostrar el encanto de la joyer\u00eda collar o collar en todos los aspectos y atraer a los ojos de los clientes. El material de cuero de moda tiene una muy buena textura al tacto y no es f\u00e1cil de ser sucio.<\/p>\n<p>\ud83d\udcafSi usted es dise\u00f1ador de moda de joyer\u00eda o dise\u00f1ador de la pantalla, o usted es nueva tienda abierta y quiere mejorar sus ventas, a continuaci\u00f3n, utilizar un maniqu\u00ed de visualizaci\u00f3n adecuada y la moda es muy importante.<\/p>\n<p>\ud83d\udcaf El acentuado escote atrae la atenci\u00f3n hacia el collar y el elegante color blanco realza la elegancia de tus preciadas joyas.<\/p>\n<p>\ud83d\udcaf Desde el establecimiento se ha actualizado la iteraci\u00f3n, el cambio y la innovaci\u00f3n. Dise\u00f1o y fabricaci\u00f3n de modelos de alta calidad es nuestro objetivo.<\/p>\n<p>\ud83d\udcaf Te ayudan a ti o a los posibles compradores a visualizar las joyas. \u00a1Qu\u00e9 est\u00e1s esperando, conseguir su organizador accessorie ahora y usted ser\u00e1 capaz de obtener m\u00e1s ventas!<\/p>","protected":false},"excerpt":{"rendered":"<p>This is our latest product,leather Fabric mannequin,this is very good quality and luxury brand use this rack for window decoration,for jewelry display,for bow tie display,It must attractive more custom to your store.<\/p>\n<p>It works well for showcasing your jewelry neatly on a countertop, storefront, trade shows or home environment!<\/p>","protected":false},"featured_media":41427,"comment_status":"open","ping_status":"closed","template":"","meta":{"_acf_changed":false},"product_brand":[],"product_cat":[69],"product_tag":[],"class_list":{"0":"post-41426","1":"product","2":"type-product","3":"status-publish","4":"has-post-thumbnail","6":"product_cat-neck-forms","8":"first","9":"instock","10":"shipping-taxable","11":"purchasable","12":"product-type-simple"},"acf":[],"yoast_head":"<!-- This site is optimized with the Yoast SEO plugin v27.4 - https:\/\/yoast.com\/product\/yoast-seo-wordpress\/ -->\n<title>Modern Necklace Jewelry Display Bust,Jewelry Display Stand,Necklace Holder,Black Mannequin Display,Transparent Green Mannequin Holder Stand - DE-LIANG - jewelry,clothes,watch,beauty cosmetics<\/title>\n<meta name=\"robots\" content=\"index, follow, max-snippet:-1, max-image-preview:large, max-video-preview:-1\" \/>\n<link rel=\"canonical\" href=\"https:\/\/deliangdisplay.com\/es\/nuestro-producto\/accesorios\/formas-del-cuello\/collar-moderno-expositor-de-joyaspie-de-exposicion-de-joyassoporte-para-collarespie-de-exposicion-de-maniquies-negropie-de-exposicion-de-maniquies-verde-transparente\/\" \/>\n<meta property=\"og:locale\" content=\"es_ES\" \/>\n<meta property=\"og:type\" content=\"article\" \/>\n<meta property=\"og:title\" content=\"Modern Necklace Jewelry Display Bust,Jewelry Display Stand,Necklace Holder,Black Mannequin Display,Transparent Green Mannequin Holder Stand - DE-LIANG - jewelry,clothes,watch,beauty cosmetics\" \/>\n<meta property=\"og:description\" content=\"This is our latest product,leather Fabric mannequin,this is very good quality and luxury brand use this rack for window decoration,for jewelry display,for bow tie display,It must attractive more custom to your store.  It works well for showcasing your jewelry neatly on a countertop, storefront, trade shows or home environment!\" \/>\n<meta property=\"og:url\" content=\"https:\/\/deliangdisplay.com\/es\/nuestro-producto\/accesorios\/formas-del-cuello\/collar-moderno-expositor-de-joyaspie-de-exposicion-de-joyassoporte-para-collarespie-de-exposicion-de-maniquies-negropie-de-exposicion-de-maniquies-verde-transparente\/\" \/>\n<meta property=\"og:site_name\" content=\"DE-LIANG - jewelry,clothes,watch,beauty cosmetics\" \/>\n<meta property=\"article:publisher\" content=\"https:\/\/www.facebook.com\/JaneZhang008\/\" \/>\n<meta property=\"article:modified_time\" content=\"2025-07-31T10:16:43+00:00\" \/>\n<meta property=\"og:image\" content=\"https:\/\/deliangdisplay.com\/wp-content\/uploads\/2025\/07\/120-1.webp\" \/>\n\t<meta property=\"og:image:width\" content=\"493\" \/>\n\t<meta property=\"og:image:height\" content=\"493\" \/>\n\t<meta property=\"og:image:type\" content=\"image\/webp\" \/>\n<meta name=\"twitter:card\" content=\"summary_large_image\" \/>\n<meta name=\"twitter:site\" content=\"@ly673551729\" \/>\n<meta name=\"twitter:label1\" content=\"Tiempo de lectura\" \/>\n\t<meta name=\"twitter:data1\" content=\"2 minutos\" \/>\n<script type=\"application\/ld+json\" class=\"yoast-schema-graph\">{\"@context\":\"https:\\\/\\\/schema.org\",\"@graph\":[{\"@type\":\"WebPage\",\"@id\":\"https:\\\/\\\/deliangdisplay.com\\\/our-product\\\/accessories\\\/neck-forms\\\/modern-necklace-jewelry-display-bustjewelry-display-standnecklace-holderblack-mannequin-displaytransparent-green-mannequin-holder-stand\\\/\",\"url\":\"https:\\\/\\\/deliangdisplay.com\\\/our-product\\\/accessories\\\/neck-forms\\\/modern-necklace-jewelry-display-bustjewelry-display-standnecklace-holderblack-mannequin-displaytransparent-green-mannequin-holder-stand\\\/\",\"name\":\"Modern Necklace Jewelry Display Bust,Jewelry Display Stand,Necklace Holder,Black Mannequin Display,Transparent Green Mannequin Holder Stand - DE-LIANG - jewelry,clothes,watch,beauty cosmetics\",\"isPartOf\":{\"@id\":\"https:\\\/\\\/deliangdisplay.com\\\/#website\"},\"primaryImageOfPage\":{\"@id\":\"https:\\\/\\\/deliangdisplay.com\\\/our-product\\\/accessories\\\/neck-forms\\\/modern-necklace-jewelry-display-bustjewelry-display-standnecklace-holderblack-mannequin-displaytransparent-green-mannequin-holder-stand\\\/#primaryimage\"},\"image\":{\"@id\":\"https:\\\/\\\/deliangdisplay.com\\\/our-product\\\/accessories\\\/neck-forms\\\/modern-necklace-jewelry-display-bustjewelry-display-standnecklace-holderblack-mannequin-displaytransparent-green-mannequin-holder-stand\\\/#primaryimage\"},\"thumbnailUrl\":\"https:\\\/\\\/deliangdisplay.com\\\/wp-content\\\/uploads\\\/2025\\\/07\\\/120-1.webp\",\"datePublished\":\"2025-07-31T10:13:05+00:00\",\"dateModified\":\"2025-07-31T10:16:43+00:00\",\"breadcrumb\":{\"@id\":\"https:\\\/\\\/deliangdisplay.com\\\/our-product\\\/accessories\\\/neck-forms\\\/modern-necklace-jewelry-display-bustjewelry-display-standnecklace-holderblack-mannequin-displaytransparent-green-mannequin-holder-stand\\\/#breadcrumb\"},\"inLanguage\":\"es\",\"potentialAction\":[{\"@type\":\"ReadAction\",\"target\":[\"https:\\\/\\\/deliangdisplay.com\\\/our-product\\\/accessories\\\/neck-forms\\\/modern-necklace-jewelry-display-bustjewelry-display-standnecklace-holderblack-mannequin-displaytransparent-green-mannequin-holder-stand\\\/\"]}]},{\"@type\":\"ImageObject\",\"inLanguage\":\"es\",\"@id\":\"https:\\\/\\\/deliangdisplay.com\\\/our-product\\\/accessories\\\/neck-forms\\\/modern-necklace-jewelry-display-bustjewelry-display-standnecklace-holderblack-mannequin-displaytransparent-green-mannequin-holder-stand\\\/#primaryimage\",\"url\":\"https:\\\/\\\/deliangdisplay.com\\\/wp-content\\\/uploads\\\/2025\\\/07\\\/120-1.webp\",\"contentUrl\":\"https:\\\/\\\/deliangdisplay.com\\\/wp-content\\\/uploads\\\/2025\\\/07\\\/120-1.webp\",\"width\":493,\"height\":493},{\"@type\":\"BreadcrumbList\",\"@id\":\"https:\\\/\\\/deliangdisplay.com\\\/our-product\\\/accessories\\\/neck-forms\\\/modern-necklace-jewelry-display-bustjewelry-display-standnecklace-holderblack-mannequin-displaytransparent-green-mannequin-holder-stand\\\/#breadcrumb\",\"itemListElement\":[{\"@type\":\"ListItem\",\"position\":1,\"name\":\"\u9996\u9875\",\"item\":\"https:\\\/\\\/deliangdisplay.com\\\/\"},{\"@type\":\"ListItem\",\"position\":2,\"name\":\"Our Product\",\"item\":\"https:\\\/\\\/deliangdisplay.com\\\/our-product\\\/\"},{\"@type\":\"ListItem\",\"position\":3,\"name\":\"Modern Necklace Jewelry Display Bust,Jewelry Display Stand,Necklace Holder,Black Mannequin Display,Transparent Green Mannequin Holder Stand\"}]},{\"@type\":\"WebSite\",\"@id\":\"https:\\\/\\\/deliangdisplay.com\\\/#website\",\"url\":\"https:\\\/\\\/deliangdisplay.com\\\/\",\"name\":\"deliangdisplay.com\",\"description\":\"DE-LIANG - Providing bespoke packaging solutions and luxurious display design services for brands in jewelry, apparel, watches, beauty cosmetics, and more.\",\"publisher\":{\"@id\":\"https:\\\/\\\/deliangdisplay.com\\\/#organization\"},\"potentialAction\":[{\"@type\":\"SearchAction\",\"target\":{\"@type\":\"EntryPoint\",\"urlTemplate\":\"https:\\\/\\\/deliangdisplay.com\\\/?s={search_term_string}\"},\"query-input\":{\"@type\":\"PropertyValueSpecification\",\"valueRequired\":true,\"valueName\":\"search_term_string\"}}],\"inLanguage\":\"es\"},{\"@type\":\"Organization\",\"@id\":\"https:\\\/\\\/deliangdisplay.com\\\/#organization\",\"name\":\"deliangdisplay.com\",\"url\":\"https:\\\/\\\/deliangdisplay.com\\\/\",\"logo\":{\"@type\":\"ImageObject\",\"inLanguage\":\"es\",\"@id\":\"https:\\\/\\\/deliangdisplay.com\\\/#\\\/schema\\\/logo\\\/image\\\/\",\"url\":\"https:\\\/\\\/deliangdisplay.com\\\/wp-content\\\/uploads\\\/2025\\\/08\\\/DELIANGDISPALY_logo.png\",\"contentUrl\":\"https:\\\/\\\/deliangdisplay.com\\\/wp-content\\\/uploads\\\/2025\\\/08\\\/DELIANGDISPALY_logo.png\",\"width\":300,\"height\":130,\"caption\":\"deliangdisplay.com\"},\"image\":{\"@id\":\"https:\\\/\\\/deliangdisplay.com\\\/#\\\/schema\\\/logo\\\/image\\\/\"},\"sameAs\":[\"https:\\\/\\\/www.facebook.com\\\/JaneZhang008\\\/\",\"https:\\\/\\\/x.com\\\/ly673551729\"]}]}<\/script>\n<!-- \/ Yoast SEO plugin. -->","yoast_head_json":{"title":"Collar Moderno Joyer\u00eda Display Busto,Joyer\u00eda de pie de exhibici\u00f3n,Collar Holder,Negro Maniqu\u00ed Display,Transparente Verde Maniqu\u00ed Holder Stand - DE-LIANG - joyer\u00eda,ropa,reloj,cosm\u00e9ticos de belleza","robots":{"index":"index","follow":"follow","max-snippet":"max-snippet:-1","max-image-preview":"max-image-preview:large","max-video-preview":"max-video-preview:-1"},"canonical":"https:\/\/deliangdisplay.com\/es\/nuestro-producto\/accesorios\/formas-del-cuello\/collar-moderno-expositor-de-joyaspie-de-exposicion-de-joyassoporte-para-collarespie-de-exposicion-de-maniquies-negropie-de-exposicion-de-maniquies-verde-transparente\/","og_locale":"es_ES","og_type":"article","og_title":"Modern Necklace Jewelry Display Bust,Jewelry Display Stand,Necklace Holder,Black Mannequin Display,Transparent Green Mannequin Holder Stand - DE-LIANG - jewelry,clothes,watch,beauty cosmetics","og_description":"This is our latest product,leather Fabric mannequin,this is very good quality and luxury brand use this rack for window decoration,for jewelry display,for bow tie display,It must attractive more custom to your store.  It works well for showcasing your jewelry neatly on a countertop, storefront, trade shows or home environment!","og_url":"https:\/\/deliangdisplay.com\/es\/nuestro-producto\/accesorios\/formas-del-cuello\/collar-moderno-expositor-de-joyaspie-de-exposicion-de-joyassoporte-para-collarespie-de-exposicion-de-maniquies-negropie-de-exposicion-de-maniquies-verde-transparente\/","og_site_name":"DE-LIANG - jewelry,clothes,watch,beauty cosmetics","article_publisher":"https:\/\/www.facebook.com\/JaneZhang008\/","article_modified_time":"2025-07-31T10:16:43+00:00","og_image":[{"width":493,"height":493,"url":"https:\/\/deliangdisplay.com\/wp-content\/uploads\/2025\/07\/120-1.webp","type":"image\/webp"}],"twitter_card":"summary_large_image","twitter_site":"@ly673551729","twitter_misc":{"Tiempo de lectura":"2 minutos"},"schema":{"@context":"https:\/\/schema.org","@graph":[{"@type":"WebPage","@id":"https:\/\/deliangdisplay.com\/our-product\/accessories\/neck-forms\/modern-necklace-jewelry-display-bustjewelry-display-standnecklace-holderblack-mannequin-displaytransparent-green-mannequin-holder-stand\/","url":"https:\/\/deliangdisplay.com\/our-product\/accessories\/neck-forms\/modern-necklace-jewelry-display-bustjewelry-display-standnecklace-holderblack-mannequin-displaytransparent-green-mannequin-holder-stand\/","name":"Collar Moderno Joyer\u00eda Display Busto,Joyer\u00eda de pie de exhibici\u00f3n,Collar Holder,Negro Maniqu\u00ed Display,Transparente Verde Maniqu\u00ed Holder Stand - DE-LIANG - joyer\u00eda,ropa,reloj,cosm\u00e9ticos de belleza","isPartOf":{"@id":"https:\/\/deliangdisplay.com\/#website"},"primaryImageOfPage":{"@id":"https:\/\/deliangdisplay.com\/our-product\/accessories\/neck-forms\/modern-necklace-jewelry-display-bustjewelry-display-standnecklace-holderblack-mannequin-displaytransparent-green-mannequin-holder-stand\/#primaryimage"},"image":{"@id":"https:\/\/deliangdisplay.com\/our-product\/accessories\/neck-forms\/modern-necklace-jewelry-display-bustjewelry-display-standnecklace-holderblack-mannequin-displaytransparent-green-mannequin-holder-stand\/#primaryimage"},"thumbnailUrl":"https:\/\/deliangdisplay.com\/wp-content\/uploads\/2025\/07\/120-1.webp","datePublished":"2025-07-31T10:13:05+00:00","dateModified":"2025-07-31T10:16:43+00:00","breadcrumb":{"@id":"https:\/\/deliangdisplay.com\/our-product\/accessories\/neck-forms\/modern-necklace-jewelry-display-bustjewelry-display-standnecklace-holderblack-mannequin-displaytransparent-green-mannequin-holder-stand\/#breadcrumb"},"inLanguage":"es","potentialAction":[{"@type":"ReadAction","target":["https:\/\/deliangdisplay.com\/our-product\/accessories\/neck-forms\/modern-necklace-jewelry-display-bustjewelry-display-standnecklace-holderblack-mannequin-displaytransparent-green-mannequin-holder-stand\/"]}]},{"@type":"ImageObject","inLanguage":"es","@id":"https:\/\/deliangdisplay.com\/our-product\/accessories\/neck-forms\/modern-necklace-jewelry-display-bustjewelry-display-standnecklace-holderblack-mannequin-displaytransparent-green-mannequin-holder-stand\/#primaryimage","url":"https:\/\/deliangdisplay.com\/wp-content\/uploads\/2025\/07\/120-1.webp","contentUrl":"https:\/\/deliangdisplay.com\/wp-content\/uploads\/2025\/07\/120-1.webp","width":493,"height":493},{"@type":"BreadcrumbList","@id":"https:\/\/deliangdisplay.com\/our-product\/accessories\/neck-forms\/modern-necklace-jewelry-display-bustjewelry-display-standnecklace-holderblack-mannequin-displaytransparent-green-mannequin-holder-stand\/#breadcrumb","itemListElement":[{"@type":"ListItem","position":1,"name":"\u9996\u9875","item":"https:\/\/deliangdisplay.com\/"},{"@type":"ListItem","position":2,"name":"Our Product","item":"https:\/\/deliangdisplay.com\/our-product\/"},{"@type":"ListItem","position":3,"name":"Modern Necklace Jewelry Display Bust,Jewelry Display Stand,Necklace Holder,Black Mannequin Display,Transparent Green Mannequin Holder Stand"}]},{"@type":"WebSite","@id":"https:\/\/deliangdisplay.com\/#website","url":"https:\/\/deliangdisplay.com\/","name":"deliangdisplay.com","description":"DE-LIANG - Proporciona soluciones de envasado a medida y servicios de dise\u00f1o de expositores de lujo para marcas de joyer\u00eda, ropa, relojes, cosm\u00e9ticos de belleza, etc.","publisher":{"@id":"https:\/\/deliangdisplay.com\/#organization"},"potentialAction":[{"@type":"SearchAction","target":{"@type":"EntryPoint","urlTemplate":"https:\/\/deliangdisplay.com\/?s={search_term_string}"},"query-input":{"@type":"PropertyValueSpecification","valueRequired":true,"valueName":"search_term_string"}}],"inLanguage":"es"},{"@type":"Organization","@id":"https:\/\/deliangdisplay.com\/#organization","name":"deliangdisplay.com","url":"https:\/\/deliangdisplay.com\/","logo":{"@type":"ImageObject","inLanguage":"es","@id":"https:\/\/deliangdisplay.com\/#\/schema\/logo\/image\/","url":"https:\/\/deliangdisplay.com\/wp-content\/uploads\/2025\/08\/DELIANGDISPALY_logo.png","contentUrl":"https:\/\/deliangdisplay.com\/wp-content\/uploads\/2025\/08\/DELIANGDISPALY_logo.png","width":300,"height":130,"caption":"deliangdisplay.com"},"image":{"@id":"https:\/\/deliangdisplay.com\/#\/schema\/logo\/image\/"},"sameAs":["https:\/\/www.facebook.com\/JaneZhang008\/","https:\/\/x.com\/ly673551729"]}]}},"_links":{"self":[{"href":"https:\/\/deliangdisplay.com\/es\/wp-json\/wp\/v2\/product\/41426","targetHints":{"allow":["GET"]}}],"collection":[{"href":"https:\/\/deliangdisplay.com\/es\/wp-json\/wp\/v2\/product"}],"about":[{"href":"https:\/\/deliangdisplay.com\/es\/wp-json\/wp\/v2\/types\/product"}],"replies":[{"embeddable":true,"href":"https:\/\/deliangdisplay.com\/es\/wp-json\/wp\/v2\/comments?post=41426"}],"wp:featuredmedia":[{"embeddable":true,"href":"https:\/\/deliangdisplay.com\/es\/wp-json\/wp\/v2\/media\/41427"}],"wp:attachment":[{"href":"https:\/\/deliangdisplay.com\/es\/wp-json\/wp\/v2\/media?parent=41426"}],"wp:term":[{"taxonomy":"product_brand","embeddable":true,"href":"https:\/\/deliangdisplay.com\/es\/wp-json\/wp\/v2\/product_brand?post=41426"},{"taxonomy":"product_cat","embeddable":true,"href":"https:\/\/deliangdisplay.com\/es\/wp-json\/wp\/v2\/product_cat?post=41426"},{"taxonomy":"product_tag","embeddable":true,"href":"https:\/\/deliangdisplay.com\/es\/wp-json\/wp\/v2\/product_tag?post=41426"}],"curies":[{"name":"wp","href":"https:\/\/api.w.org\/{rel}","templated":true}]}}