{"id":41417,"date":"2025-07-31T17:43:49","date_gmt":"2025-07-31T09:43:49","guid":{"rendered":"https:\/\/deliangdisplay.com\/?post_type=product&#038;p=41417"},"modified":"2025-09-03T09:58:38","modified_gmt":"2025-09-03T01:58:38","slug":"personalizado-azul-marino-pu-caja-de-reloj-de-cuero-5-ranura-caja-de-reloj-de-cuero-regalos-padrinos-hombres-caja-del-reloj-regalo-del-aniversario-regalo-del-dia-de-padres","status":"publish","type":"product","link":"https:\/\/deliangdisplay.com\/es\/nuestro-producto\/envasado\/el-mundo-de-los-relojes-de-lujo\/personalizado-azul-marino-pu-caja-de-reloj-de-cuero-5-ranura-caja-de-reloj-de-cuero-regalos-padrinos-hombres-caja-del-reloj-regalo-del-aniversario-regalo-del-dia-de-padres\/","title":{"rendered":"Caja de reloj de cuero PU azul marino personalizada, Estuche de reloj de cuero con 5 ranuras, Regalos para novios, Estuche de reloj para hombre, Regalo de aniversario, Regalo del D\u00eda del Padre"},"content":{"rendered":"<h4>Alta calidad<\/h4>\n<p>Esta caja de reloj est\u00e1 hecha de cuero de PU superior, sensaci\u00f3n c\u00f3moda al tacto, f\u00e1cil de limpiar y mantener.<\/p>\n<h4>Tapa de cristal transparente<\/h4>\n<p>La ventana transparente le ayuda a exponer sus relojes tanto en una tienda como en su tocador. El material resistente protege sus relojes y joyas.<\/p>\n<h4>Almohadas blandas<\/h4>\n<p>Las almohadillas son suaves y extra\u00edbles, pueden proteger sus relojes y collares contra ara\u00f1azos y roces.<\/p>\n<h4>Gran espacio de almacenamiento<\/h4>\n<p>Cada compartimento tiene una almohadilla extra\u00edble para guardar su reloj, anillo, collar y otros accesorios.<\/p>\n<h4>Hebilla met\u00e1lica<\/h4>\n<p>Hebilla de metal cl\u00e1sico, que es galvanoplastia, es durable de usar. Estilo moderno, muestra su encanto \u00fanico.<\/p>\n<h4>El regalo perfecto<\/h4>\n<p>El exterior de la caja de reloj de cuero sint\u00e9tico en mascarada de madera y vidrio real y se ve de lujo es la mejor opci\u00f3n para Navidad \/ Cumplea\u00f1os \/ D\u00eda de la Madre \/ D\u00eda del Padre y tambi\u00e9n para los coleccionistas de relojes.<\/p>","protected":false},"excerpt":{"rendered":"<p>Esta caja de reloj est\u00e1 hecha de cuero de PU superior, sensaci\u00f3n c\u00f3moda al tacto, f\u00e1cil de limpiar y mantener.<\/p>\n<p>La ventana transparente le ayuda a exponer sus relojes tanto en una tienda como en su tocador. El material resistente protege sus relojes y joyas.<\/p>","protected":false},"featured_media":41418,"comment_status":"open","ping_status":"closed","template":"","meta":{"_acf_changed":false},"product_brand":[],"product_cat":[44],"product_tag":[],"class_list":{"0":"post-41417","1":"product","2":"type-product","3":"status-publish","4":"has-post-thumbnail","6":"product_cat-luxury-watch-world","8":"first","9":"instock","10":"shipping-taxable","11":"purchasable","12":"product-type-simple"},"acf":[],"yoast_head":"<!-- This site is optimized with the Yoast SEO plugin v27.4 - https:\/\/yoast.com\/product\/yoast-seo-wordpress\/ -->\n<title>Custom Navy Blue PU Leather Watch Box, 5 Slot Leather Watch Case, Groomsmen Gifts, Men Watch Case, Anniversary Gift, Father&#039;s Day Gift - DE-LIANG - jewelry,clothes,watch,beauty cosmetics<\/title>\n<meta name=\"robots\" content=\"index, follow, max-snippet:-1, max-image-preview:large, max-video-preview:-1\" \/>\n<link rel=\"canonical\" href=\"https:\/\/deliangdisplay.com\/es\/nuestro-producto\/envasado\/el-mundo-de-los-relojes-de-lujo\/personalizado-azul-marino-pu-caja-de-reloj-de-cuero-5-ranura-caja-de-reloj-de-cuero-regalos-padrinos-hombres-caja-del-reloj-regalo-del-aniversario-regalo-del-dia-de-padres\/\" \/>\n<meta property=\"og:locale\" content=\"es_ES\" \/>\n<meta property=\"og:type\" content=\"article\" \/>\n<meta property=\"og:title\" content=\"Custom Navy Blue PU Leather Watch Box, 5 Slot Leather Watch Case, Groomsmen Gifts, Men Watch Case, Anniversary Gift, Father&#039;s Day Gift - DE-LIANG - jewelry,clothes,watch,beauty cosmetics\" \/>\n<meta property=\"og:description\" content=\"This watch box is made of superior PU leather, comfortable touch feeling, easy to clean and maintain.  Transparent window helps you to display your watches whatever in a shop or on your dressing table. Sturdy material protects your watches and jewelries.\" \/>\n<meta property=\"og:url\" content=\"https:\/\/deliangdisplay.com\/es\/nuestro-producto\/envasado\/el-mundo-de-los-relojes-de-lujo\/personalizado-azul-marino-pu-caja-de-reloj-de-cuero-5-ranura-caja-de-reloj-de-cuero-regalos-padrinos-hombres-caja-del-reloj-regalo-del-aniversario-regalo-del-dia-de-padres\/\" \/>\n<meta property=\"og:site_name\" content=\"DE-LIANG - jewelry,clothes,watch,beauty cosmetics\" \/>\n<meta property=\"article:publisher\" content=\"https:\/\/www.facebook.com\/JaneZhang008\/\" \/>\n<meta property=\"article:modified_time\" content=\"2025-09-03T01:58:38+00:00\" \/>\n<meta property=\"og:image\" content=\"https:\/\/deliangdisplay.com\/wp-content\/uploads\/2025\/07\/2-2.jpg\" \/>\n\t<meta property=\"og:image:width\" content=\"1000\" \/>\n\t<meta property=\"og:image:height\" content=\"1000\" \/>\n\t<meta property=\"og:image:type\" content=\"image\/jpeg\" \/>\n<meta name=\"twitter:card\" content=\"summary_large_image\" \/>\n<meta name=\"twitter:site\" content=\"@ly673551729\" \/>\n<meta name=\"twitter:label1\" content=\"Tiempo de lectura\" \/>\n\t<meta name=\"twitter:data1\" content=\"1 minuto\" \/>\n<script type=\"application\/ld+json\" class=\"yoast-schema-graph\">{\"@context\":\"https:\\\/\\\/schema.org\",\"@graph\":[{\"@type\":\"WebPage\",\"@id\":\"https:\\\/\\\/deliangdisplay.com\\\/our-product\\\/packaging\\\/luxury-watch-world\\\/custom-navy-blue-pu-leather-watch-box-5-slot-leather-watch-case-groomsmen-gifts-men-watch-case-anniversary-gift-fathers-day-gift\\\/\",\"url\":\"https:\\\/\\\/deliangdisplay.com\\\/our-product\\\/packaging\\\/luxury-watch-world\\\/custom-navy-blue-pu-leather-watch-box-5-slot-leather-watch-case-groomsmen-gifts-men-watch-case-anniversary-gift-fathers-day-gift\\\/\",\"name\":\"Custom Navy Blue PU Leather Watch Box, 5 Slot Leather Watch Case, Groomsmen Gifts, Men Watch Case, Anniversary Gift, Father's Day Gift - DE-LIANG - jewelry,clothes,watch,beauty cosmetics\",\"isPartOf\":{\"@id\":\"https:\\\/\\\/deliangdisplay.com\\\/#website\"},\"primaryImageOfPage\":{\"@id\":\"https:\\\/\\\/deliangdisplay.com\\\/our-product\\\/packaging\\\/luxury-watch-world\\\/custom-navy-blue-pu-leather-watch-box-5-slot-leather-watch-case-groomsmen-gifts-men-watch-case-anniversary-gift-fathers-day-gift\\\/#primaryimage\"},\"image\":{\"@id\":\"https:\\\/\\\/deliangdisplay.com\\\/our-product\\\/packaging\\\/luxury-watch-world\\\/custom-navy-blue-pu-leather-watch-box-5-slot-leather-watch-case-groomsmen-gifts-men-watch-case-anniversary-gift-fathers-day-gift\\\/#primaryimage\"},\"thumbnailUrl\":\"https:\\\/\\\/deliangdisplay.com\\\/wp-content\\\/uploads\\\/2025\\\/07\\\/2-2.jpg\",\"datePublished\":\"2025-07-31T09:43:49+00:00\",\"dateModified\":\"2025-09-03T01:58:38+00:00\",\"breadcrumb\":{\"@id\":\"https:\\\/\\\/deliangdisplay.com\\\/our-product\\\/packaging\\\/luxury-watch-world\\\/custom-navy-blue-pu-leather-watch-box-5-slot-leather-watch-case-groomsmen-gifts-men-watch-case-anniversary-gift-fathers-day-gift\\\/#breadcrumb\"},\"inLanguage\":\"es\",\"potentialAction\":[{\"@type\":\"ReadAction\",\"target\":[\"https:\\\/\\\/deliangdisplay.com\\\/our-product\\\/packaging\\\/luxury-watch-world\\\/custom-navy-blue-pu-leather-watch-box-5-slot-leather-watch-case-groomsmen-gifts-men-watch-case-anniversary-gift-fathers-day-gift\\\/\"]}]},{\"@type\":\"ImageObject\",\"inLanguage\":\"es\",\"@id\":\"https:\\\/\\\/deliangdisplay.com\\\/our-product\\\/packaging\\\/luxury-watch-world\\\/custom-navy-blue-pu-leather-watch-box-5-slot-leather-watch-case-groomsmen-gifts-men-watch-case-anniversary-gift-fathers-day-gift\\\/#primaryimage\",\"url\":\"https:\\\/\\\/deliangdisplay.com\\\/wp-content\\\/uploads\\\/2025\\\/07\\\/2-2.jpg\",\"contentUrl\":\"https:\\\/\\\/deliangdisplay.com\\\/wp-content\\\/uploads\\\/2025\\\/07\\\/2-2.jpg\",\"width\":1000,\"height\":1000},{\"@type\":\"BreadcrumbList\",\"@id\":\"https:\\\/\\\/deliangdisplay.com\\\/our-product\\\/packaging\\\/luxury-watch-world\\\/custom-navy-blue-pu-leather-watch-box-5-slot-leather-watch-case-groomsmen-gifts-men-watch-case-anniversary-gift-fathers-day-gift\\\/#breadcrumb\",\"itemListElement\":[{\"@type\":\"ListItem\",\"position\":1,\"name\":\"\u9996\u9875\",\"item\":\"https:\\\/\\\/deliangdisplay.com\\\/\"},{\"@type\":\"ListItem\",\"position\":2,\"name\":\"Our Product\",\"item\":\"https:\\\/\\\/deliangdisplay.com\\\/our-product\\\/\"},{\"@type\":\"ListItem\",\"position\":3,\"name\":\"Custom Navy Blue PU Leather Watch Box, 5 Slot Leather Watch Case, Groomsmen Gifts, Men Watch Case, Anniversary Gift, Father&#8217;s Day Gift\"}]},{\"@type\":\"WebSite\",\"@id\":\"https:\\\/\\\/deliangdisplay.com\\\/#website\",\"url\":\"https:\\\/\\\/deliangdisplay.com\\\/\",\"name\":\"deliangdisplay.com\",\"description\":\"DE-LIANG - Providing bespoke packaging solutions and luxurious display design services for brands in jewelry, apparel, watches, beauty cosmetics, and more.\",\"publisher\":{\"@id\":\"https:\\\/\\\/deliangdisplay.com\\\/#organization\"},\"potentialAction\":[{\"@type\":\"SearchAction\",\"target\":{\"@type\":\"EntryPoint\",\"urlTemplate\":\"https:\\\/\\\/deliangdisplay.com\\\/?s={search_term_string}\"},\"query-input\":{\"@type\":\"PropertyValueSpecification\",\"valueRequired\":true,\"valueName\":\"search_term_string\"}}],\"inLanguage\":\"es\"},{\"@type\":\"Organization\",\"@id\":\"https:\\\/\\\/deliangdisplay.com\\\/#organization\",\"name\":\"deliangdisplay.com\",\"url\":\"https:\\\/\\\/deliangdisplay.com\\\/\",\"logo\":{\"@type\":\"ImageObject\",\"inLanguage\":\"es\",\"@id\":\"https:\\\/\\\/deliangdisplay.com\\\/#\\\/schema\\\/logo\\\/image\\\/\",\"url\":\"https:\\\/\\\/deliangdisplay.com\\\/wp-content\\\/uploads\\\/2025\\\/08\\\/DELIANGDISPALY_logo.png\",\"contentUrl\":\"https:\\\/\\\/deliangdisplay.com\\\/wp-content\\\/uploads\\\/2025\\\/08\\\/DELIANGDISPALY_logo.png\",\"width\":300,\"height\":130,\"caption\":\"deliangdisplay.com\"},\"image\":{\"@id\":\"https:\\\/\\\/deliangdisplay.com\\\/#\\\/schema\\\/logo\\\/image\\\/\"},\"sameAs\":[\"https:\\\/\\\/www.facebook.com\\\/JaneZhang008\\\/\",\"https:\\\/\\\/x.com\\\/ly673551729\"]}]}<\/script>\n<!-- \/ Yoast SEO plugin. -->","yoast_head_json":{"title":"Personalizado azul marino PU caja del reloj de cuero, 5 ranuras de cuero caja del reloj, los regalos de los novios, los hombres caja del reloj, regalo de aniversario, regalo del D\u00eda del Padre - DE-LIANG - joyer\u00eda,ropa,reloj,cosm\u00e9ticos de belleza","robots":{"index":"index","follow":"follow","max-snippet":"max-snippet:-1","max-image-preview":"max-image-preview:large","max-video-preview":"max-video-preview:-1"},"canonical":"https:\/\/deliangdisplay.com\/es\/nuestro-producto\/envasado\/el-mundo-de-los-relojes-de-lujo\/personalizado-azul-marino-pu-caja-de-reloj-de-cuero-5-ranura-caja-de-reloj-de-cuero-regalos-padrinos-hombres-caja-del-reloj-regalo-del-aniversario-regalo-del-dia-de-padres\/","og_locale":"es_ES","og_type":"article","og_title":"Custom Navy Blue PU Leather Watch Box, 5 Slot Leather Watch Case, Groomsmen Gifts, Men Watch Case, Anniversary Gift, Father's Day Gift - DE-LIANG - jewelry,clothes,watch,beauty cosmetics","og_description":"This watch box is made of superior PU leather, comfortable touch feeling, easy to clean and maintain.  Transparent window helps you to display your watches whatever in a shop or on your dressing table. Sturdy material protects your watches and jewelries.","og_url":"https:\/\/deliangdisplay.com\/es\/nuestro-producto\/envasado\/el-mundo-de-los-relojes-de-lujo\/personalizado-azul-marino-pu-caja-de-reloj-de-cuero-5-ranura-caja-de-reloj-de-cuero-regalos-padrinos-hombres-caja-del-reloj-regalo-del-aniversario-regalo-del-dia-de-padres\/","og_site_name":"DE-LIANG - jewelry,clothes,watch,beauty cosmetics","article_publisher":"https:\/\/www.facebook.com\/JaneZhang008\/","article_modified_time":"2025-09-03T01:58:38+00:00","og_image":[{"width":1000,"height":1000,"url":"https:\/\/deliangdisplay.com\/wp-content\/uploads\/2025\/07\/2-2.jpg","type":"image\/jpeg"}],"twitter_card":"summary_large_image","twitter_site":"@ly673551729","twitter_misc":{"Tiempo de lectura":"1 minuto"},"schema":{"@context":"https:\/\/schema.org","@graph":[{"@type":"WebPage","@id":"https:\/\/deliangdisplay.com\/our-product\/packaging\/luxury-watch-world\/custom-navy-blue-pu-leather-watch-box-5-slot-leather-watch-case-groomsmen-gifts-men-watch-case-anniversary-gift-fathers-day-gift\/","url":"https:\/\/deliangdisplay.com\/our-product\/packaging\/luxury-watch-world\/custom-navy-blue-pu-leather-watch-box-5-slot-leather-watch-case-groomsmen-gifts-men-watch-case-anniversary-gift-fathers-day-gift\/","name":"Personalizado azul marino PU caja del reloj de cuero, 5 ranuras de cuero caja del reloj, los regalos de los novios, los hombres caja del reloj, regalo de aniversario, regalo del D\u00eda del Padre - DE-LIANG - joyer\u00eda,ropa,reloj,cosm\u00e9ticos de belleza","isPartOf":{"@id":"https:\/\/deliangdisplay.com\/#website"},"primaryImageOfPage":{"@id":"https:\/\/deliangdisplay.com\/our-product\/packaging\/luxury-watch-world\/custom-navy-blue-pu-leather-watch-box-5-slot-leather-watch-case-groomsmen-gifts-men-watch-case-anniversary-gift-fathers-day-gift\/#primaryimage"},"image":{"@id":"https:\/\/deliangdisplay.com\/our-product\/packaging\/luxury-watch-world\/custom-navy-blue-pu-leather-watch-box-5-slot-leather-watch-case-groomsmen-gifts-men-watch-case-anniversary-gift-fathers-day-gift\/#primaryimage"},"thumbnailUrl":"https:\/\/deliangdisplay.com\/wp-content\/uploads\/2025\/07\/2-2.jpg","datePublished":"2025-07-31T09:43:49+00:00","dateModified":"2025-09-03T01:58:38+00:00","breadcrumb":{"@id":"https:\/\/deliangdisplay.com\/our-product\/packaging\/luxury-watch-world\/custom-navy-blue-pu-leather-watch-box-5-slot-leather-watch-case-groomsmen-gifts-men-watch-case-anniversary-gift-fathers-day-gift\/#breadcrumb"},"inLanguage":"es","potentialAction":[{"@type":"ReadAction","target":["https:\/\/deliangdisplay.com\/our-product\/packaging\/luxury-watch-world\/custom-navy-blue-pu-leather-watch-box-5-slot-leather-watch-case-groomsmen-gifts-men-watch-case-anniversary-gift-fathers-day-gift\/"]}]},{"@type":"ImageObject","inLanguage":"es","@id":"https:\/\/deliangdisplay.com\/our-product\/packaging\/luxury-watch-world\/custom-navy-blue-pu-leather-watch-box-5-slot-leather-watch-case-groomsmen-gifts-men-watch-case-anniversary-gift-fathers-day-gift\/#primaryimage","url":"https:\/\/deliangdisplay.com\/wp-content\/uploads\/2025\/07\/2-2.jpg","contentUrl":"https:\/\/deliangdisplay.com\/wp-content\/uploads\/2025\/07\/2-2.jpg","width":1000,"height":1000},{"@type":"BreadcrumbList","@id":"https:\/\/deliangdisplay.com\/our-product\/packaging\/luxury-watch-world\/custom-navy-blue-pu-leather-watch-box-5-slot-leather-watch-case-groomsmen-gifts-men-watch-case-anniversary-gift-fathers-day-gift\/#breadcrumb","itemListElement":[{"@type":"ListItem","position":1,"name":"\u9996\u9875","item":"https:\/\/deliangdisplay.com\/"},{"@type":"ListItem","position":2,"name":"Our Product","item":"https:\/\/deliangdisplay.com\/our-product\/"},{"@type":"ListItem","position":3,"name":"Custom Navy Blue PU Leather Watch Box, 5 Slot Leather Watch Case, Groomsmen Gifts, Men Watch Case, Anniversary Gift, Father&#8217;s Day Gift"}]},{"@type":"WebSite","@id":"https:\/\/deliangdisplay.com\/#website","url":"https:\/\/deliangdisplay.com\/","name":"deliangdisplay.com","description":"DE-LIANG - Proporciona soluciones de envasado a medida y servicios de dise\u00f1o de expositores de lujo para marcas de joyer\u00eda, ropa, relojes, cosm\u00e9ticos de belleza, etc.","publisher":{"@id":"https:\/\/deliangdisplay.com\/#organization"},"potentialAction":[{"@type":"SearchAction","target":{"@type":"EntryPoint","urlTemplate":"https:\/\/deliangdisplay.com\/?s={search_term_string}"},"query-input":{"@type":"PropertyValueSpecification","valueRequired":true,"valueName":"search_term_string"}}],"inLanguage":"es"},{"@type":"Organization","@id":"https:\/\/deliangdisplay.com\/#organization","name":"deliangdisplay.com","url":"https:\/\/deliangdisplay.com\/","logo":{"@type":"ImageObject","inLanguage":"es","@id":"https:\/\/deliangdisplay.com\/#\/schema\/logo\/image\/","url":"https:\/\/deliangdisplay.com\/wp-content\/uploads\/2025\/08\/DELIANGDISPALY_logo.png","contentUrl":"https:\/\/deliangdisplay.com\/wp-content\/uploads\/2025\/08\/DELIANGDISPALY_logo.png","width":300,"height":130,"caption":"deliangdisplay.com"},"image":{"@id":"https:\/\/deliangdisplay.com\/#\/schema\/logo\/image\/"},"sameAs":["https:\/\/www.facebook.com\/JaneZhang008\/","https:\/\/x.com\/ly673551729"]}]}},"_links":{"self":[{"href":"https:\/\/deliangdisplay.com\/es\/wp-json\/wp\/v2\/product\/41417","targetHints":{"allow":["GET"]}}],"collection":[{"href":"https:\/\/deliangdisplay.com\/es\/wp-json\/wp\/v2\/product"}],"about":[{"href":"https:\/\/deliangdisplay.com\/es\/wp-json\/wp\/v2\/types\/product"}],"replies":[{"embeddable":true,"href":"https:\/\/deliangdisplay.com\/es\/wp-json\/wp\/v2\/comments?post=41417"}],"wp:featuredmedia":[{"embeddable":true,"href":"https:\/\/deliangdisplay.com\/es\/wp-json\/wp\/v2\/media\/41418"}],"wp:attachment":[{"href":"https:\/\/deliangdisplay.com\/es\/wp-json\/wp\/v2\/media?parent=41417"}],"wp:term":[{"taxonomy":"product_brand","embeddable":true,"href":"https:\/\/deliangdisplay.com\/es\/wp-json\/wp\/v2\/product_brand?post=41417"},{"taxonomy":"product_cat","embeddable":true,"href":"https:\/\/deliangdisplay.com\/es\/wp-json\/wp\/v2\/product_cat?post=41417"},{"taxonomy":"product_tag","embeddable":true,"href":"https:\/\/deliangdisplay.com\/es\/wp-json\/wp\/v2\/product_tag?post=41417"}],"curies":[{"name":"wp","href":"https:\/\/api.w.org\/{rel}","templated":true}]}}