{"id":44220,"date":"2025-11-13T16:36:14","date_gmt":"2025-11-13T08:36:14","guid":{"rendered":"https:\/\/deliangdisplay.com\/?post_type=product&#038;p=44220"},"modified":"2025-11-13T16:49:30","modified_gmt":"2025-11-13T08:49:30","slug":"multi-verwendung-fiberglas-schaufensterpuppe-kopf-stabile-basis-fur-schmuck-mode-accessoires","status":"publish","type":"product","link":"https:\/\/deliangdisplay.com\/de\/unser-produkt\/zubehor\/halsformen\/multi-verwendung-fiberglas-schaufensterpuppe-kopf-stabile-basis-fur-schmuck-mode-accessoires\/","title":{"rendered":"Mehrzweck-Fiberglas-Schaufensterpuppe Kopf - stabile Basis f\u00fcr Schmuck &amp; Mode-Accessoires"},"content":{"rendered":"<h3 class=\"header-iWP5WJ auto-hide-last-sibling-br\" style=\"outline: none; -webkit-font-smoothing: antialiased; box-sizing: border-box; -webkit-tap-highlight-color: rgba(0, 0, 0, 0); border: 0px solid; margin: 12px 0px 0px; padding: 0px; font-size: 16px; line-height: 24px; color: #000000; overflow-anchor: auto; font-family: Inter, -apple-system, BlinkMacSystemFont, 'Segoe UI', 'PingFang SC', 'Hiragino Sans GB', 'Microsoft YaHei', 'Helvetica Neue', Helvetica, Arial, sans-serif;\">Langlebige Fiberglas-Konstruktion<\/h3>\n<div class=\"auto-hide-last-sibling-br paragraph-pP9ZLC paragraph-element br-paragraph-space\" style=\"outline: none; -webkit-font-smoothing: antialiased; box-sizing: border-box; -webkit-tap-highlight-color: rgba(0, 0, 0, 0); border: 0px solid; margin: 0px; padding: 0px; line-height: 24px; color: #000000; overflow-anchor: auto; font-family: Inter, -apple-system, BlinkMacSystemFont, 'Segoe UI', 'PingFang SC', 'Hiragino Sans GB', 'Microsoft YaHei', 'Helvetica Neue', Helvetica, Arial, sans-serif;\">Dieser aus hochwertigem Fiberglas gefertigte Puppenkopf zeichnet sich durch au\u00dfergew\u00f6hnliche Robustheit und Langlebigkeit aus. Die glatte, geschmeidige Oberfl\u00e4che ist kratz- und verschlei\u00dffest und beh\u00e4lt auch bei h\u00e4ufigem Gebrauch ihr poliertes Aussehen. Die solide Bauweise sorgt daf\u00fcr, dass er zuverl\u00e4ssig seine Form beh\u00e4lt, was ihn ideal f\u00fcr eine langfristige Ausstellung oder wiederholtes Styling macht.<\/div>\n<h3 class=\"header-iWP5WJ auto-hide-last-sibling-br\" style=\"outline: none; -webkit-font-smoothing: antialiased; box-sizing: border-box; -webkit-tap-highlight-color: rgba(0, 0, 0, 0); border: 0px solid; margin: 12px 0px 0px; padding: 0px; font-size: 16px; line-height: 24px; color: #000000; overflow-anchor: auto; font-family: Inter, -apple-system, BlinkMacSystemFont, 'Segoe UI', 'PingFang SC', 'Hiragino Sans GB', 'Microsoft YaHei', 'Helvetica Neue', Helvetica, Arial, sans-serif;\">Vielseitiges Display f\u00fcr verschiedenes Zubeh\u00f6r<\/h3>\n<div class=\"auto-hide-last-sibling-br paragraph-pP9ZLC paragraph-element br-paragraph-space\" style=\"outline: none; -webkit-font-smoothing: antialiased; box-sizing: border-box; -webkit-tap-highlight-color: rgba(0, 0, 0, 0); border: 0px solid; margin: 0px; padding: 0px; line-height: 24px; color: #000000; overflow-anchor: auto; font-family: Inter, -apple-system, BlinkMacSystemFont, 'Segoe UI', 'PingFang SC', 'Hiragino Sans GB', 'Microsoft YaHei', 'Helvetica Neue', Helvetica, Arial, sans-serif;\">Er wurde f\u00fcr die Pr\u00e4sentation einer breiten Palette von Artikeln entwickelt und eignet sich perfekt f\u00fcr die Pr\u00e4sentation von Per\u00fccken, H\u00fcten, Schals, Halsketten, Ohrringen und anderen Modeaccessoires. Durch die naturgetreuen Kopfproportionen k\u00f6nnen sich die Kunden ein Bild davon machen, wie die Produkte aussehen, wenn sie getragen werden, was das Engagement erh\u00f6ht und die Kaufentscheidung f\u00f6rdert.<\/div>\n<h3 class=\"header-iWP5WJ auto-hide-last-sibling-br\" style=\"outline: none; -webkit-font-smoothing: antialiased; box-sizing: border-box; -webkit-tap-highlight-color: rgba(0, 0, 0, 0); border: 0px solid; margin: 12px 0px 0px; padding: 0px; font-size: 16px; line-height: 24px; color: #000000; overflow-anchor: auto; font-family: Inter, -apple-system, BlinkMacSystemFont, 'Segoe UI', 'PingFang SC', 'Hiragino Sans GB', 'Microsoft YaHei', 'Helvetica Neue', Helvetica, Arial, sans-serif;\">Stabiles und praktisches Design<\/h3>\n<div class=\"auto-hide-last-sibling-br paragraph-pP9ZLC paragraph-element br-paragraph-space\" style=\"outline: none; -webkit-font-smoothing: antialiased; box-sizing: border-box; -webkit-tap-highlight-color: rgba(0, 0, 0, 0); border: 0px solid; margin: 0px; padding: 0px; line-height: 24px; color: #000000; overflow-anchor: auto; font-family: Inter, -apple-system, BlinkMacSystemFont, 'Segoe UI', 'PingFang SC', 'Hiragino Sans GB', 'Microsoft YaHei', 'Helvetica Neue', Helvetica, Arial, sans-serif;\">Ausgestattet mit einem beschwerten, rutschfesten Sockel, steht diese Schaufensterpuppe fest auf Arbeitsplatten, Regalen oder Fotokulissen. Die stabile Basis verhindert ein Umkippen, selbst beim Styling mit sperrigeren Gegenst\u00e4nden wie langen Per\u00fccken oder breitkrempigen H\u00fcten. Die kompakte Gr\u00f6\u00dfe spart Platz und ist gleichzeitig ein echter Blickfang im Einzelhandel oder zu Hause.<\/div>\n<h3 class=\"header-iWP5WJ auto-hide-last-sibling-br\" style=\"outline: none; -webkit-font-smoothing: antialiased; box-sizing: border-box; -webkit-tap-highlight-color: rgba(0, 0, 0, 0); border: 0px solid; margin: 12px 0px 0px; padding: 0px; font-size: 16px; line-height: 24px; color: #000000; overflow-anchor: auto; font-family: Inter, -apple-system, BlinkMacSystemFont, 'Segoe UI', 'PingFang SC', 'Hiragino Sans GB', 'Microsoft YaHei', 'Helvetica Neue', Helvetica, Arial, sans-serif;\">Zeitlose \u00c4sthetik und vielseitige Einsatzm\u00f6glichkeiten<\/h3>\n<div class=\"auto-hide-last-sibling-br paragraph-pP9ZLC paragraph-element br-paragraph-space\" style=\"outline: none; -webkit-font-smoothing: antialiased; box-sizing: border-box; -webkit-tap-highlight-color: rgba(0, 0, 0, 0); border: 0px solid; margin: 0px; padding: 0px; line-height: 24px; color: #000000; overflow-anchor: auto; font-family: Inter, -apple-system, BlinkMacSystemFont, 'Segoe UI', 'PingFang SC', 'Hiragino Sans GB', 'Microsoft YaHei', 'Helvetica Neue', Helvetica, Arial, sans-serif;\">Mit seinem klassischen, neutralen Design passt er zu jedem Einrichtungsstil - von modernen Boutiquen bis hin zu Gesch\u00e4ften im Vintage-Stil oder Eitelkeiten zu Hause. Er ist ein vielseitiges Hilfsmittel f\u00fcr Einzelhandelsauslagen, Per\u00fcckensalons, Produktfotografie oder die Organisation der pers\u00f6nlichen Sammlung und verleiht jeder Einrichtung einen professionellen Touch, ohne Ihre Produkte zu \u00fcberschatten.<\/div>","protected":false},"excerpt":{"rendered":"<p>Dieser strapazierf\u00e4hige Schaufensterpuppenkopf aus Fiberglas verf\u00fcgt \u00fcber eine glatte, kratzfeste Oberfl\u00e4che und einen beschwerten, stabilen Sockel. Mit ihren naturgetreuen Proportionen kann sie Per\u00fccken, H\u00fcte, Schals, Halsketten, Ohrringe und Modeaccessoires sicher pr\u00e4sentieren. Ideal f\u00fcr Boutiquen, Per\u00fcckensalons, Einzelhandelsausstellungen, Produktfotografie oder Heimdekoration - sie verbindet dauerhafte Robustheit mit vielseitigem, professionellem Styling.<\/p>","protected":false},"featured_media":44227,"comment_status":"open","ping_status":"closed","template":"","meta":{"_acf_changed":false},"product_brand":[84],"product_cat":[69],"product_tag":[1069,1072,1073,1065,1055,1057,1066,1064,1050,1068,1048,1051,1071,1067,1070],"class_list":{"0":"post-44220","1":"product","2":"type-product","3":"status-publish","4":"has-post-thumbnail","6":"product_brand-de-liang","7":"product_cat-neck-forms","8":"product_tag-boutique-display-model","9":"product_tag-durable-mannequin-head","10":"product_tag-fashion-accessory-display","11":"product_tag-fiberglass-mannequin-head","12":"product_tag-hat-display-model","13":"product_tag-jewelry-display-stand","14":"product_tag-linen-covered-display-head","15":"product_tag-multi-use-display-head","16":"product_tag-product-photography-stand","17":"product_tag-professional-mannequin-head","18":"product_tag-retail-display-prop","19":"product_tag-scarf-display-head","20":"product_tag-stable-display-base","21":"product_tag-wig-display-stand","22":"product_tag-wig-salon-tool","24":"first","25":"instock","26":"shipping-taxable","27":"purchasable","28":"product-type-simple"},"acf":[],"yoast_head":"<!-- This site is optimized with the Yoast SEO plugin v27.4 - https:\/\/yoast.com\/product\/yoast-seo-wordpress\/ -->\n<title>Multi-Use Fiberglass Mannequin Head \u2013 Stable Base for Jewelry &amp; Fashion Accessories - DE-LIANG - jewelry,clothes,watch,beauty cosmetics<\/title>\n<meta name=\"robots\" content=\"index, follow, max-snippet:-1, max-image-preview:large, max-video-preview:-1\" \/>\n<link rel=\"canonical\" href=\"https:\/\/deliangdisplay.com\/de\/unser-produkt\/zubehor\/halsformen\/multi-verwendung-fiberglas-schaufensterpuppe-kopf-stabile-basis-fur-schmuck-mode-accessoires\/\" \/>\n<meta property=\"og:locale\" content=\"de_DE\" \/>\n<meta property=\"og:type\" content=\"article\" \/>\n<meta property=\"og:title\" content=\"Multi-Use Fiberglass Mannequin Head \u2013 Stable Base for Jewelry &amp; Fashion Accessories - DE-LIANG - jewelry,clothes,watch,beauty cosmetics\" \/>\n<meta property=\"og:description\" content=\"This durable fiberglass mannequin head features a sleek, scratch-resistant surface and weighted stable base. Designed with lifelike proportions, it securely displays wigs, hats, scarves, necklaces, earrings, and fashion accessories. Ideal for boutiques, wig salons, retail displays, product photography, or home decor\u2014blending long-lasting sturdiness with versatile, professional styling appeal.\" \/>\n<meta property=\"og:url\" content=\"https:\/\/deliangdisplay.com\/de\/unser-produkt\/zubehor\/halsformen\/multi-verwendung-fiberglas-schaufensterpuppe-kopf-stabile-basis-fur-schmuck-mode-accessoires\/\" \/>\n<meta property=\"og:site_name\" content=\"DE-LIANG - jewelry,clothes,watch,beauty cosmetics\" \/>\n<meta property=\"article:publisher\" content=\"https:\/\/www.facebook.com\/JaneZhang008\/\" \/>\n<meta property=\"article:modified_time\" content=\"2025-11-13T08:49:30+00:00\" \/>\n<meta property=\"og:image\" content=\"https:\/\/deliangdisplay.com\/wp-content\/uploads\/2025\/11\/18-1.webp\" \/>\n\t<meta property=\"og:image:width\" content=\"713\" \/>\n\t<meta property=\"og:image:height\" content=\"713\" \/>\n\t<meta property=\"og:image:type\" content=\"image\/webp\" \/>\n<meta name=\"twitter:card\" content=\"summary_large_image\" \/>\n<meta name=\"twitter:site\" content=\"@ly673551729\" \/>\n<meta name=\"twitter:label1\" content=\"Gesch\u00e4tzte Lesezeit\" \/>\n\t<meta name=\"twitter:data1\" content=\"2\u00a0Minuten\" \/>\n<script type=\"application\/ld+json\" class=\"yoast-schema-graph\">{\"@context\":\"https:\\\/\\\/schema.org\",\"@graph\":[{\"@type\":\"WebPage\",\"@id\":\"https:\\\/\\\/deliangdisplay.com\\\/our-product\\\/accessories\\\/neck-forms\\\/multi-use-fiberglass-mannequin-head-stable-base-for-jewelry-fashion-accessories\\\/\",\"url\":\"https:\\\/\\\/deliangdisplay.com\\\/our-product\\\/accessories\\\/neck-forms\\\/multi-use-fiberglass-mannequin-head-stable-base-for-jewelry-fashion-accessories\\\/\",\"name\":\"Multi-Use Fiberglass Mannequin Head \u2013 Stable Base for Jewelry & Fashion Accessories - DE-LIANG - jewelry,clothes,watch,beauty cosmetics\",\"isPartOf\":{\"@id\":\"https:\\\/\\\/deliangdisplay.com\\\/#website\"},\"primaryImageOfPage\":{\"@id\":\"https:\\\/\\\/deliangdisplay.com\\\/our-product\\\/accessories\\\/neck-forms\\\/multi-use-fiberglass-mannequin-head-stable-base-for-jewelry-fashion-accessories\\\/#primaryimage\"},\"image\":{\"@id\":\"https:\\\/\\\/deliangdisplay.com\\\/our-product\\\/accessories\\\/neck-forms\\\/multi-use-fiberglass-mannequin-head-stable-base-for-jewelry-fashion-accessories\\\/#primaryimage\"},\"thumbnailUrl\":\"https:\\\/\\\/deliangdisplay.com\\\/wp-content\\\/uploads\\\/2025\\\/11\\\/18-1.webp\",\"datePublished\":\"2025-11-13T08:36:14+00:00\",\"dateModified\":\"2025-11-13T08:49:30+00:00\",\"breadcrumb\":{\"@id\":\"https:\\\/\\\/deliangdisplay.com\\\/our-product\\\/accessories\\\/neck-forms\\\/multi-use-fiberglass-mannequin-head-stable-base-for-jewelry-fashion-accessories\\\/#breadcrumb\"},\"inLanguage\":\"de\",\"potentialAction\":[{\"@type\":\"ReadAction\",\"target\":[\"https:\\\/\\\/deliangdisplay.com\\\/our-product\\\/accessories\\\/neck-forms\\\/multi-use-fiberglass-mannequin-head-stable-base-for-jewelry-fashion-accessories\\\/\"]}]},{\"@type\":\"ImageObject\",\"inLanguage\":\"de\",\"@id\":\"https:\\\/\\\/deliangdisplay.com\\\/our-product\\\/accessories\\\/neck-forms\\\/multi-use-fiberglass-mannequin-head-stable-base-for-jewelry-fashion-accessories\\\/#primaryimage\",\"url\":\"https:\\\/\\\/deliangdisplay.com\\\/wp-content\\\/uploads\\\/2025\\\/11\\\/18-1.webp\",\"contentUrl\":\"https:\\\/\\\/deliangdisplay.com\\\/wp-content\\\/uploads\\\/2025\\\/11\\\/18-1.webp\",\"width\":713,\"height\":713},{\"@type\":\"BreadcrumbList\",\"@id\":\"https:\\\/\\\/deliangdisplay.com\\\/our-product\\\/accessories\\\/neck-forms\\\/multi-use-fiberglass-mannequin-head-stable-base-for-jewelry-fashion-accessories\\\/#breadcrumb\",\"itemListElement\":[{\"@type\":\"ListItem\",\"position\":1,\"name\":\"\u9996\u9875\",\"item\":\"https:\\\/\\\/deliangdisplay.com\\\/\"},{\"@type\":\"ListItem\",\"position\":2,\"name\":\"Our Product\",\"item\":\"https:\\\/\\\/deliangdisplay.com\\\/our-product\\\/\"},{\"@type\":\"ListItem\",\"position\":3,\"name\":\"Multi-Use Fiberglass Mannequin Head \u2013 Stable Base for Jewelry &#038; Fashion Accessories\"}]},{\"@type\":\"WebSite\",\"@id\":\"https:\\\/\\\/deliangdisplay.com\\\/#website\",\"url\":\"https:\\\/\\\/deliangdisplay.com\\\/\",\"name\":\"deliangdisplay.com\",\"description\":\"DE-LIANG - Providing bespoke packaging solutions and luxurious display design services for brands in jewelry, apparel, watches, beauty cosmetics, and more.\",\"publisher\":{\"@id\":\"https:\\\/\\\/deliangdisplay.com\\\/#organization\"},\"potentialAction\":[{\"@type\":\"SearchAction\",\"target\":{\"@type\":\"EntryPoint\",\"urlTemplate\":\"https:\\\/\\\/deliangdisplay.com\\\/?s={search_term_string}\"},\"query-input\":{\"@type\":\"PropertyValueSpecification\",\"valueRequired\":true,\"valueName\":\"search_term_string\"}}],\"inLanguage\":\"de\"},{\"@type\":\"Organization\",\"@id\":\"https:\\\/\\\/deliangdisplay.com\\\/#organization\",\"name\":\"deliangdisplay.com\",\"url\":\"https:\\\/\\\/deliangdisplay.com\\\/\",\"logo\":{\"@type\":\"ImageObject\",\"inLanguage\":\"de\",\"@id\":\"https:\\\/\\\/deliangdisplay.com\\\/#\\\/schema\\\/logo\\\/image\\\/\",\"url\":\"https:\\\/\\\/deliangdisplay.com\\\/wp-content\\\/uploads\\\/2025\\\/08\\\/DELIANGDISPALY_logo.png\",\"contentUrl\":\"https:\\\/\\\/deliangdisplay.com\\\/wp-content\\\/uploads\\\/2025\\\/08\\\/DELIANGDISPALY_logo.png\",\"width\":300,\"height\":130,\"caption\":\"deliangdisplay.com\"},\"image\":{\"@id\":\"https:\\\/\\\/deliangdisplay.com\\\/#\\\/schema\\\/logo\\\/image\\\/\"},\"sameAs\":[\"https:\\\/\\\/www.facebook.com\\\/JaneZhang008\\\/\",\"https:\\\/\\\/x.com\\\/ly673551729\"]}]}<\/script>\n<!-- \/ Yoast SEO plugin. -->","yoast_head_json":{"title":"Multi-Use Fiberglas Schaufensterpuppe Kopf - Stabile Basis f\u00fcr Schmuck &amp; Mode-Accessoires - DE-LIANG - Schmuck,Kleidung,Uhr,Sch\u00f6nheit Kosmetik","robots":{"index":"index","follow":"follow","max-snippet":"max-snippet:-1","max-image-preview":"max-image-preview:large","max-video-preview":"max-video-preview:-1"},"canonical":"https:\/\/deliangdisplay.com\/de\/unser-produkt\/zubehor\/halsformen\/multi-verwendung-fiberglas-schaufensterpuppe-kopf-stabile-basis-fur-schmuck-mode-accessoires\/","og_locale":"de_DE","og_type":"article","og_title":"Multi-Use Fiberglass Mannequin Head \u2013 Stable Base for Jewelry & Fashion Accessories - DE-LIANG - jewelry,clothes,watch,beauty cosmetics","og_description":"This durable fiberglass mannequin head features a sleek, scratch-resistant surface and weighted stable base. Designed with lifelike proportions, it securely displays wigs, hats, scarves, necklaces, earrings, and fashion accessories. Ideal for boutiques, wig salons, retail displays, product photography, or home decor\u2014blending long-lasting sturdiness with versatile, professional styling appeal.","og_url":"https:\/\/deliangdisplay.com\/de\/unser-produkt\/zubehor\/halsformen\/multi-verwendung-fiberglas-schaufensterpuppe-kopf-stabile-basis-fur-schmuck-mode-accessoires\/","og_site_name":"DE-LIANG - jewelry,clothes,watch,beauty cosmetics","article_publisher":"https:\/\/www.facebook.com\/JaneZhang008\/","article_modified_time":"2025-11-13T08:49:30+00:00","og_image":[{"width":713,"height":713,"url":"https:\/\/deliangdisplay.com\/wp-content\/uploads\/2025\/11\/18-1.webp","type":"image\/webp"}],"twitter_card":"summary_large_image","twitter_site":"@ly673551729","twitter_misc":{"Gesch\u00e4tzte Lesezeit":"2\u00a0Minuten"},"schema":{"@context":"https:\/\/schema.org","@graph":[{"@type":"WebPage","@id":"https:\/\/deliangdisplay.com\/our-product\/accessories\/neck-forms\/multi-use-fiberglass-mannequin-head-stable-base-for-jewelry-fashion-accessories\/","url":"https:\/\/deliangdisplay.com\/our-product\/accessories\/neck-forms\/multi-use-fiberglass-mannequin-head-stable-base-for-jewelry-fashion-accessories\/","name":"Multi-Use Fiberglas Schaufensterpuppe Kopf - Stabile Basis f\u00fcr Schmuck &amp; Mode-Accessoires - DE-LIANG - Schmuck,Kleidung,Uhr,Sch\u00f6nheit Kosmetik","isPartOf":{"@id":"https:\/\/deliangdisplay.com\/#website"},"primaryImageOfPage":{"@id":"https:\/\/deliangdisplay.com\/our-product\/accessories\/neck-forms\/multi-use-fiberglass-mannequin-head-stable-base-for-jewelry-fashion-accessories\/#primaryimage"},"image":{"@id":"https:\/\/deliangdisplay.com\/our-product\/accessories\/neck-forms\/multi-use-fiberglass-mannequin-head-stable-base-for-jewelry-fashion-accessories\/#primaryimage"},"thumbnailUrl":"https:\/\/deliangdisplay.com\/wp-content\/uploads\/2025\/11\/18-1.webp","datePublished":"2025-11-13T08:36:14+00:00","dateModified":"2025-11-13T08:49:30+00:00","breadcrumb":{"@id":"https:\/\/deliangdisplay.com\/our-product\/accessories\/neck-forms\/multi-use-fiberglass-mannequin-head-stable-base-for-jewelry-fashion-accessories\/#breadcrumb"},"inLanguage":"de","potentialAction":[{"@type":"ReadAction","target":["https:\/\/deliangdisplay.com\/our-product\/accessories\/neck-forms\/multi-use-fiberglass-mannequin-head-stable-base-for-jewelry-fashion-accessories\/"]}]},{"@type":"ImageObject","inLanguage":"de","@id":"https:\/\/deliangdisplay.com\/our-product\/accessories\/neck-forms\/multi-use-fiberglass-mannequin-head-stable-base-for-jewelry-fashion-accessories\/#primaryimage","url":"https:\/\/deliangdisplay.com\/wp-content\/uploads\/2025\/11\/18-1.webp","contentUrl":"https:\/\/deliangdisplay.com\/wp-content\/uploads\/2025\/11\/18-1.webp","width":713,"height":713},{"@type":"BreadcrumbList","@id":"https:\/\/deliangdisplay.com\/our-product\/accessories\/neck-forms\/multi-use-fiberglass-mannequin-head-stable-base-for-jewelry-fashion-accessories\/#breadcrumb","itemListElement":[{"@type":"ListItem","position":1,"name":"\u9996\u9875","item":"https:\/\/deliangdisplay.com\/"},{"@type":"ListItem","position":2,"name":"Our Product","item":"https:\/\/deliangdisplay.com\/our-product\/"},{"@type":"ListItem","position":3,"name":"Multi-Use Fiberglass Mannequin Head \u2013 Stable Base for Jewelry &#038; Fashion Accessories"}]},{"@type":"WebSite","@id":"https:\/\/deliangdisplay.com\/#website","url":"https:\/\/deliangdisplay.com\/","name":"deliangdisplay.com","description":"DE-LIANG - Ma\u00dfgeschneiderte Verpackungsl\u00f6sungen und luxuri\u00f6ses Display-Design f\u00fcr Marken aus der Schmuck-, Bekleidungs-, Uhren- und Kosmetikbranche und mehr.","publisher":{"@id":"https:\/\/deliangdisplay.com\/#organization"},"potentialAction":[{"@type":"SearchAction","target":{"@type":"EntryPoint","urlTemplate":"https:\/\/deliangdisplay.com\/?s={search_term_string}"},"query-input":{"@type":"PropertyValueSpecification","valueRequired":true,"valueName":"search_term_string"}}],"inLanguage":"de"},{"@type":"Organization","@id":"https:\/\/deliangdisplay.com\/#organization","name":"deliangdisplay.com","url":"https:\/\/deliangdisplay.com\/","logo":{"@type":"ImageObject","inLanguage":"de","@id":"https:\/\/deliangdisplay.com\/#\/schema\/logo\/image\/","url":"https:\/\/deliangdisplay.com\/wp-content\/uploads\/2025\/08\/DELIANGDISPALY_logo.png","contentUrl":"https:\/\/deliangdisplay.com\/wp-content\/uploads\/2025\/08\/DELIANGDISPALY_logo.png","width":300,"height":130,"caption":"deliangdisplay.com"},"image":{"@id":"https:\/\/deliangdisplay.com\/#\/schema\/logo\/image\/"},"sameAs":["https:\/\/www.facebook.com\/JaneZhang008\/","https:\/\/x.com\/ly673551729"]}]}},"_links":{"self":[{"href":"https:\/\/deliangdisplay.com\/de\/wp-json\/wp\/v2\/product\/44220","targetHints":{"allow":["GET"]}}],"collection":[{"href":"https:\/\/deliangdisplay.com\/de\/wp-json\/wp\/v2\/product"}],"about":[{"href":"https:\/\/deliangdisplay.com\/de\/wp-json\/wp\/v2\/types\/product"}],"replies":[{"embeddable":true,"href":"https:\/\/deliangdisplay.com\/de\/wp-json\/wp\/v2\/comments?post=44220"}],"wp:featuredmedia":[{"embeddable":true,"href":"https:\/\/deliangdisplay.com\/de\/wp-json\/wp\/v2\/media\/44227"}],"wp:attachment":[{"href":"https:\/\/deliangdisplay.com\/de\/wp-json\/wp\/v2\/media?parent=44220"}],"wp:term":[{"taxonomy":"product_brand","embeddable":true,"href":"https:\/\/deliangdisplay.com\/de\/wp-json\/wp\/v2\/product_brand?post=44220"},{"taxonomy":"product_cat","embeddable":true,"href":"https:\/\/deliangdisplay.com\/de\/wp-json\/wp\/v2\/product_cat?post=44220"},{"taxonomy":"product_tag","embeddable":true,"href":"https:\/\/deliangdisplay.com\/de\/wp-json\/wp\/v2\/product_tag?post=44220"}],"curies":[{"name":"wp","href":"https:\/\/api.w.org\/{rel}","templated":true}]}}