{"id":43891,"date":"2025-10-29T18:37:13","date_gmt":"2025-10-29T10:37:13","guid":{"rendered":"https:\/\/deliangdisplay.com\/?post_type=product&#038;p=43891"},"modified":"2025-10-29T18:43:14","modified_gmt":"2025-10-29T10:43:14","slug":"beige-samt-ganzkorper-familie-mannequin-set-erwachsene-mannlich-weiblich-kind-grosen-fur-den-einzelhandel-zeigt","status":"publish","type":"product","link":"https:\/\/deliangdisplay.com\/de\/unser-produkt\/zeigt\/schaufensterpuppen\/beige-samt-ganzkorper-familie-mannequin-set-erwachsene-mannlich-weiblich-kind-grosen-fur-den-einzelhandel-zeigt\/","title":{"rendered":"Beige Samt Ganzk\u00f6rper-Familienpuppen-Set - Erwachsene (m\u00e4nnlich\/weiblich) und Kindergr\u00f6\u00dfen f\u00fcr den Einzelhandel"},"content":{"rendered":"<h3 class=\"header-vfC6AV auto-hide-last-sibling-br\" style=\"-webkit-font-smoothing: antialiased; box-sizing: border-box; -webkit-tap-highlight-color: rgba(0, 0, 0, 0); outline: none; border: 0px solid; margin: 12px 0px 0px; padding: 0px; font-size: 16px; line-height: 24px; color: #000000; overflow-anchor: auto; font-family: Inter, -apple-system, BlinkMacSystemFont, 'Segoe UI', 'PingFang SC', 'Hiragino Sans GB', 'Microsoft YaHei', 'Helvetica Neue', Helvetica, Arial, sans-serif;\">Produkt\u00fcbersicht<\/h3>\n<div class=\"auto-hide-last-sibling-br paragraph-JOTKXA paragraph-element br-paragraph-space\" style=\"-webkit-font-smoothing: antialiased; box-sizing: border-box; -webkit-tap-highlight-color: rgba(0, 0, 0, 0); outline: none; border: 0px solid; margin: 0px; padding: 0px; line-height: 24px; color: #000000; overflow-anchor: auto; font-family: Inter, -apple-system, BlinkMacSystemFont, 'Segoe UI', 'PingFang SC', 'Hiragino Sans GB', 'Microsoft YaHei', 'Helvetica Neue', Helvetica, Arial, sans-serif;\">Dies ist eine\u00a0<span style=\"-webkit-font-smoothing: antialiased; box-sizing: border-box; -webkit-tap-highlight-color: rgba(0, 0, 0, 0); outline: none; border: 0px solid; margin: 0px; padding: 0px; font-weight: bold; line-height: 28px; overflow-anchor: auto;\">Ganzk\u00f6rper-Familienpuppen-Set<\/span>\u00a0erh\u00e4ltlich in den Ausf\u00fchrungen f\u00fcr M\u00e4nner, Frauen und Kinder (klein\/gro\u00df), entwickelt f\u00fcr Bekleidungsgesch\u00e4fte, Schaufensterauslagen, Wohnkultur, Fotografie und Messen. Er verbindet luxuri\u00f6se \u00c4sthetik mit Funktionalit\u00e4t und ist ideal f\u00fcr die Pr\u00e4sentation einer breiten Palette von Kleidungsst\u00fccken (Hochzeitskleider, Anz\u00fcge, T-Shirts, Jacken) und Accessoires (Schmuck, H\u00fcte, Schals). Mit abnehmbaren Komponenten und einer stabilen Konstruktion verbessert er die Sichtbarkeit der Produkte und verleiht jedem Ausstellungsraum einen koh\u00e4renten, attraktiven Touch.<\/div>\n<h3 class=\"header-vfC6AV auto-hide-last-sibling-br\" style=\"-webkit-font-smoothing: antialiased; box-sizing: border-box; -webkit-tap-highlight-color: rgba(0, 0, 0, 0); outline: none; border: 0px solid; margin: 12px 0px 0px; padding: 0px; font-size: 16px; line-height: 24px; color: #000000; overflow-anchor: auto; font-family: Inter, -apple-system, BlinkMacSystemFont, 'Segoe UI', 'PingFang SC', 'Hiragino Sans GB', 'Microsoft YaHei', 'Helvetica Neue', Helvetica, Arial, sans-serif;\">Wichtige Spezifikationen<\/h3>\n<ul class=\"auto-hide-last-sibling-br\" style=\"-webkit-font-smoothing: antialiased; box-sizing: border-box; -webkit-tap-highlight-color: rgba(0, 0, 0, 0); outline: none; border: 0px solid; margin: 0px 0px 8px; padding: 0px 0px 0px 20px; list-style: none; overflow-anchor: auto; color: #000000; font-family: Inter, -apple-system, BlinkMacSystemFont, 'Segoe UI', 'PingFang SC', 'Hiragino Sans GB', 'Microsoft YaHei', 'Helvetica Neue', Helvetica, Arial, sans-serif;\">\n<li style=\"-webkit-font-smoothing: antialiased; box-sizing: border-box; -webkit-tap-highlight-color: rgba(0, 0, 0, 0); outline: none; border: 0px solid; margin: 8px 0px; padding: 0px; line-height: 24px; list-style-type: disc; overflow-anchor: auto;\"><span style=\"-webkit-font-smoothing: antialiased; box-sizing: border-box; -webkit-tap-highlight-color: rgba(0, 0, 0, 0); outline: none; border: 0px solid; margin: 0px; padding: 0px; font-weight: bold; line-height: 28px; overflow-anchor: auto;\">Gr\u00f6\u00dfe Details<\/span>\n<ul class=\"auto-hide-last-sibling-br\" style=\"-webkit-font-smoothing: antialiased; box-sizing: border-box; -webkit-tap-highlight-color: rgba(0, 0, 0, 0); outline: none; border: 0px solid; margin: 0px; padding: 0px 0px 0px 20px; list-style: none; overflow-anchor: auto;\">\n<li style=\"-webkit-font-smoothing: antialiased; box-sizing: border-box; -webkit-tap-highlight-color: rgba(0, 0, 0, 0); outline: none; border: 0px solid; margin: 8px 0px; padding: 0px; line-height: 24px; list-style-type: circle; overflow-anchor: auto;\">Erwachsene Frau: H\u00f6he 180 cm, Schulterbreite 39 cm, Oberweite 85 cm, Taille 61 cm, H\u00fcfte 90 cm.<\/li>\n<li style=\"-webkit-font-smoothing: antialiased; box-sizing: border-box; -webkit-tap-highlight-color: rgba(0, 0, 0, 0); outline: none; border: 0px solid; margin: 8px 0px; padding: 0px; line-height: 24px; list-style-type: circle; overflow-anchor: auto;\">Erwachsener Mann: H\u00f6he 185 cm, Schulterbreite 44 cm, Oberweite 100 cm, Taille 77 cm, H\u00fcfte 98 cm.<\/li>\n<li style=\"-webkit-font-smoothing: antialiased; box-sizing: border-box; -webkit-tap-highlight-color: rgba(0, 0, 0, 0); outline: none; border: 0px solid; margin: 8px 0px; padding: 0px; line-height: 24px; list-style-type: circle; overflow-anchor: auto;\">Gro\u00dfes Kind: H\u00f6he 145 cm, Schulterbreite 28 cm, Oberweite 70 cm, Taille 62 cm, H\u00fcfte 77 cm.<\/li>\n<li style=\"-webkit-font-smoothing: antialiased; box-sizing: border-box; -webkit-tap-highlight-color: rgba(0, 0, 0, 0); outline: none; border: 0px solid; margin: 8px 0px; padding: 0px; line-height: 24px; list-style-type: circle; overflow-anchor: auto;\">Kleines Kind: H\u00f6he 125 cm, Schulterbreite 26 cm, Oberweite 63 cm, Taille 57 cm, H\u00fcfte 62 cm.<\/li>\n<li style=\"-webkit-font-smoothing: antialiased; box-sizing: border-box; -webkit-tap-highlight-color: rgba(0, 0, 0, 0); outline: none; border: 0px solid; margin: 8px 0px; padding: 0px; line-height: 24px; list-style-type: circle; overflow-anchor: auto;\">K\u00f6pfe: M\u00e4nnlicher Kopf (24cm H\u00f6he, 59cm Kopfkreis, 42-58cm einstellbare H\u00f6he); weiblicher Kopf (20cm H\u00f6he, 54cm Kopfkreis, 38-54cm einstellbare H\u00f6he); Kinderkopf (18,5cm H\u00f6he, 50cm Kopfkreis, 36,5-52,5cm einstellbare H\u00f6he).<\/li>\n<\/ul>\n<\/li>\n<li style=\"-webkit-font-smoothing: antialiased; box-sizing: border-box; -webkit-tap-highlight-color: rgba(0, 0, 0, 0); outline: none; border: 0px solid; margin: 8px 0px; padding: 0px; line-height: 24px; list-style-type: disc; overflow-anchor: auto;\"><span style=\"-webkit-font-smoothing: antialiased; box-sizing: border-box; -webkit-tap-highlight-color: rgba(0, 0, 0, 0); outline: none; border: 0px solid; margin: 0px; padding: 0px; font-weight: bold; line-height: 28px; overflow-anchor: auto;\">Materialien und Struktur<\/span>: Kern aus strapazierf\u00e4higem Fiberglas; au\u00dfen mit beigem Samtstoff bezogen; ausgestattet mit abnehmbaren Holzarmen und einem stabilen, silbernen, quadratischen Sockel; die K\u00f6pfe sind f\u00fcr eine flexible Montage abnehmbar.<\/li>\n<\/ul>\n<h3 class=\"header-vfC6AV auto-hide-last-sibling-br\" style=\"-webkit-font-smoothing: antialiased; box-sizing: border-box; -webkit-tap-highlight-color: rgba(0, 0, 0, 0); outline: none; border: 0px solid; margin: 12px 0px 0px; padding: 0px; font-size: 16px; line-height: 24px; color: #000000; overflow-anchor: auto; font-family: Inter, -apple-system, BlinkMacSystemFont, 'Segoe UI', 'PingFang SC', 'Hiragino Sans GB', 'Microsoft YaHei', 'Helvetica Neue', Helvetica, Arial, sans-serif;\">Wesentliche Merkmale<\/h3>\n<ul class=\"auto-hide-last-sibling-br\" style=\"-webkit-font-smoothing: antialiased; box-sizing: border-box; -webkit-tap-highlight-color: rgba(0, 0, 0, 0); outline: none; border: 0px solid; padding: 0px 0px 0px 20px; list-style: none; overflow-anchor: auto; color: #000000; font-family: Inter, -apple-system, BlinkMacSystemFont, 'Segoe UI', 'PingFang SC', 'Hiragino Sans GB', 'Microsoft YaHei', 'Helvetica Neue', Helvetica, Arial, sans-serif; margin: 0px 0px 0px !important 0px;\">\n<li style=\"-webkit-font-smoothing: antialiased; box-sizing: border-box; -webkit-tap-highlight-color: rgba(0, 0, 0, 0); outline: none; border: 0px solid; margin: 8px 0px; padding: 0px; line-height: 24px; list-style-type: disc; overflow-anchor: auto;\"><span style=\"-webkit-font-smoothing: antialiased; box-sizing: border-box; -webkit-tap-highlight-color: rgba(0, 0, 0, 0); outline: none; border: 0px solid; margin: 0px; padding: 0px; font-weight: bold; line-height: 28px; overflow-anchor: auto;\">Hochwertiges und familienfreundliches Design<\/span>: Der Samtstoff bietet eine weiche, luxuri\u00f6se Textur, die verschiedene Bekleidungsstile erg\u00e4nzt; die gesamte Palette an Familiengr\u00f6\u00dfen (Erwachsene + Kinder) unterst\u00fctzt die Pr\u00e4sentation von \u201cEltern-Kind-Outfits\u201d und eignet sich perfekt f\u00fcr Gesch\u00e4fte, die sich an Familienkunden richten oder thematische Schaufensterdekorationen erstellen.<\/li>\n<li style=\"-webkit-font-smoothing: antialiased; box-sizing: border-box; -webkit-tap-highlight-color: rgba(0, 0, 0, 0); outline: none; border: 0px solid; margin: 8px 0px; padding: 0px; line-height: 24px; list-style-type: disc; overflow-anchor: auto;\"><span style=\"-webkit-font-smoothing: antialiased; box-sizing: border-box; -webkit-tap-highlight-color: rgba(0, 0, 0, 0); outline: none; border: 0px solid; margin: 0px; padding: 0px; font-weight: bold; line-height: 28px; overflow-anchor: auto;\">Abnehmbar und flexibel<\/span>: Abnehmbare K\u00f6pfe und Holzarme erm\u00f6glichen eine einfache Montage, Demontage und Posenanpassung an unterschiedliche Kleidungsarten (z. B. Hochzeitskleider ben\u00f6tigen eine vollst\u00e4ndige Struktur, Freizeitoberteile erm\u00f6glichen vereinfachte Aufstellungen) und Ausstellungsanforderungen.<\/li>\n<li style=\"-webkit-font-smoothing: antialiased; box-sizing: border-box; -webkit-tap-highlight-color: rgba(0, 0, 0, 0); outline: none; border: 0px solid; margin: 8px 0px; padding: 0px; line-height: 24px; list-style-type: disc; overflow-anchor: auto;\"><span style=\"-webkit-font-smoothing: antialiased; box-sizing: border-box; -webkit-tap-highlight-color: rgba(0, 0, 0, 0); outline: none; border: 0px solid; margin: 0px; padding: 0px; font-weight: bold; line-height: 28px; overflow-anchor: auto;\">Stabiles &amp; leichtes Gewicht<\/span>: Die Glasfaserkonstruktion gew\u00e4hrleistet Langlebigkeit f\u00fcr den langfristigen Einsatz im Einzelhandel und ist gleichzeitig leichtgewichtig, so dass sie einfach umpositioniert werden kann; der silberne, quadratische Sockel bietet starken Halt, ohne zu wackeln, und eignet sich f\u00fcr Boden-, Theken- oder Regaldisplays.<\/li>\n<li style=\"-webkit-font-smoothing: antialiased; box-sizing: border-box; -webkit-tap-highlight-color: rgba(0, 0, 0, 0); outline: none; border: 0px solid; margin: 8px 0px; padding: 0px; line-height: 24px; list-style-type: disc; overflow-anchor: auto;\"><span style=\"-webkit-font-smoothing: antialiased; box-sizing: border-box; -webkit-tap-highlight-color: rgba(0, 0, 0, 0); outline: none; border: 0px solid; margin: 0px; padding: 0px; font-weight: bold; line-height: 28px; overflow-anchor: auto;\">Vielseitiger Einsatz<\/span>: Ideal f\u00fcr Einzelhandelsgesch\u00e4fte (Boutiquen, Bekleidungsgesch\u00e4fte), Schaufensterdekoration, Wohnkultur, Produktfotografie und Messen; hebt sowohl Kleidung als auch kleine Accessoires wirkungsvoll hervor und steigert die Attraktivit\u00e4t des Produkts und die Aufmerksamkeit der Kunden.<\/li>\n<\/ul>","protected":false},"excerpt":{"rendered":"<p>Dies ist ein Ganzk\u00f6rper-Familien-Schaufensterpuppen-Set (Erwachsene m\u00e4nnlich\/weiblich, kleine\/gro\u00dfe Kinder) f\u00fcr Einzelhandel, Fotografie und Messen. Hauptmerkmale: Erwachsene Frau 180cm (85cm Oberweite), erwachsener Mann 185cm (100cm Oberweite), gro\u00dfes Kind 145cm, kleines Kind 125cm. Hergestellt aus Glasfaserkern mit beigem Samtbezug, abnehmbaren Holzarmen\/-k\u00f6pfen und silbernem quadratischem Sockel. Geeignet f\u00fcr die Darstellung von Hochzeitskleidern, Anz\u00fcgen, Schmuck und Eltern-Kind-Outfits.<\/p>","protected":false},"featured_media":43898,"comment_status":"open","ping_status":"closed","template":"","meta":{"_acf_changed":false},"product_brand":[84],"product_cat":[51],"product_tag":[823,824,821,822,817,815,820,819,816,760,826,818,825,793,827],"class_list":{"0":"post-43891","1":"product","2":"type-product","3":"status-publish","4":"has-post-thumbnail","6":"product_brand-de-liang","7":"product_cat-retail-mannequins","8":"product_tag-125cm-small-kid-mannequin","9":"product_tag-145cm-large-kid-mannequin","10":"product_tag-180cm-female-mannequin","11":"product_tag-185cm-male-mannequin","12":"product_tag-adult-male-female-mannequin","13":"product_tag-beige-velvet-full-body-mannequin","14":"product_tag-detachable-head-mannequin","15":"product_tag-detachable-wooden-arm-mannequin","16":"product_tag-family-mannequin-set","17":"product_tag-fiberglass-core-mannequin","18":"product_tag-jewelry-showcase-mannequin","19":"product_tag-kid-size-mannequin","20":"product_tag-retail-clothing-display-mannequin","21":"product_tag-silver-square-base-mannequin","22":"product_tag-wedding-dress-model-mannequin","24":"first","25":"instock","26":"shipping-taxable","27":"purchasable","28":"product-type-simple"},"acf":[],"yoast_head":"<!-- This site is optimized with the Yoast SEO plugin v27.4 - https:\/\/yoast.com\/product\/yoast-seo-wordpress\/ -->\n<title>Beige Velvet Full-Body Family Mannequin Set \u2013 Adult (Male\/Female) &amp; Kid Sizes for Retail Displays - DE-LIANG - jewelry,clothes,watch,beauty cosmetics<\/title>\n<meta name=\"robots\" content=\"index, follow, max-snippet:-1, max-image-preview:large, max-video-preview:-1\" \/>\n<link rel=\"canonical\" href=\"https:\/\/deliangdisplay.com\/de\/unser-produkt\/zeigt\/schaufensterpuppen\/beige-samt-ganzkorper-familie-mannequin-set-erwachsene-mannlich-weiblich-kind-grosen-fur-den-einzelhandel-zeigt\/\" \/>\n<meta property=\"og:locale\" content=\"de_DE\" \/>\n<meta property=\"og:type\" content=\"article\" \/>\n<meta property=\"og:title\" content=\"Beige Velvet Full-Body Family Mannequin Set \u2013 Adult (Male\/Female) &amp; Kid Sizes for Retail Displays - DE-LIANG - jewelry,clothes,watch,beauty cosmetics\" \/>\n<meta property=\"og:description\" content=\"This is a full-body family mannequin set (adult male\/female, small\/large kid) for retail, photography, and trade shows. Key specs: Adult female 180cm (85cm bust), adult male 185cm (100cm bust), large kid 145cm, small kid 125cm. Made of fiberglass core with beige velvet cover, plus detachable wooden arms\/heads and silver square base. Suits displaying wedding dresses, suits, jewelry, and parent-child outfits.\" \/>\n<meta property=\"og:url\" content=\"https:\/\/deliangdisplay.com\/de\/unser-produkt\/zeigt\/schaufensterpuppen\/beige-samt-ganzkorper-familie-mannequin-set-erwachsene-mannlich-weiblich-kind-grosen-fur-den-einzelhandel-zeigt\/\" \/>\n<meta property=\"og:site_name\" content=\"DE-LIANG - jewelry,clothes,watch,beauty cosmetics\" \/>\n<meta property=\"article:publisher\" content=\"https:\/\/www.facebook.com\/JaneZhang008\/\" \/>\n<meta property=\"article:modified_time\" content=\"2025-10-29T10:43:14+00:00\" \/>\n<meta property=\"og:image\" content=\"https:\/\/deliangdisplay.com\/wp-content\/uploads\/2025\/10\/67.webp\" \/>\n\t<meta property=\"og:image:width\" content=\"713\" \/>\n\t<meta property=\"og:image:height\" content=\"713\" \/>\n\t<meta property=\"og:image:type\" content=\"image\/webp\" \/>\n<meta name=\"twitter:card\" content=\"summary_large_image\" \/>\n<meta name=\"twitter:site\" content=\"@ly673551729\" \/>\n<meta name=\"twitter:label1\" content=\"Gesch\u00e4tzte Lesezeit\" \/>\n\t<meta name=\"twitter:data1\" content=\"2\u00a0Minuten\" \/>\n<script type=\"application\/ld+json\" class=\"yoast-schema-graph\">{\"@context\":\"https:\\\/\\\/schema.org\",\"@graph\":[{\"@type\":\"WebPage\",\"@id\":\"https:\\\/\\\/deliangdisplay.com\\\/our-product\\\/displays\\\/retail-mannequins\\\/beige-velvet-full-body-family-mannequin-set-adult-male-female-kid-sizes-for-retail-displays\\\/\",\"url\":\"https:\\\/\\\/deliangdisplay.com\\\/our-product\\\/displays\\\/retail-mannequins\\\/beige-velvet-full-body-family-mannequin-set-adult-male-female-kid-sizes-for-retail-displays\\\/\",\"name\":\"Beige Velvet Full-Body Family Mannequin Set \u2013 Adult (Male\\\/Female) & Kid Sizes for Retail Displays - DE-LIANG - jewelry,clothes,watch,beauty cosmetics\",\"isPartOf\":{\"@id\":\"https:\\\/\\\/deliangdisplay.com\\\/#website\"},\"primaryImageOfPage\":{\"@id\":\"https:\\\/\\\/deliangdisplay.com\\\/our-product\\\/displays\\\/retail-mannequins\\\/beige-velvet-full-body-family-mannequin-set-adult-male-female-kid-sizes-for-retail-displays\\\/#primaryimage\"},\"image\":{\"@id\":\"https:\\\/\\\/deliangdisplay.com\\\/our-product\\\/displays\\\/retail-mannequins\\\/beige-velvet-full-body-family-mannequin-set-adult-male-female-kid-sizes-for-retail-displays\\\/#primaryimage\"},\"thumbnailUrl\":\"https:\\\/\\\/deliangdisplay.com\\\/wp-content\\\/uploads\\\/2025\\\/10\\\/67.webp\",\"datePublished\":\"2025-10-29T10:37:13+00:00\",\"dateModified\":\"2025-10-29T10:43:14+00:00\",\"breadcrumb\":{\"@id\":\"https:\\\/\\\/deliangdisplay.com\\\/our-product\\\/displays\\\/retail-mannequins\\\/beige-velvet-full-body-family-mannequin-set-adult-male-female-kid-sizes-for-retail-displays\\\/#breadcrumb\"},\"inLanguage\":\"de\",\"potentialAction\":[{\"@type\":\"ReadAction\",\"target\":[\"https:\\\/\\\/deliangdisplay.com\\\/our-product\\\/displays\\\/retail-mannequins\\\/beige-velvet-full-body-family-mannequin-set-adult-male-female-kid-sizes-for-retail-displays\\\/\"]}]},{\"@type\":\"ImageObject\",\"inLanguage\":\"de\",\"@id\":\"https:\\\/\\\/deliangdisplay.com\\\/our-product\\\/displays\\\/retail-mannequins\\\/beige-velvet-full-body-family-mannequin-set-adult-male-female-kid-sizes-for-retail-displays\\\/#primaryimage\",\"url\":\"https:\\\/\\\/deliangdisplay.com\\\/wp-content\\\/uploads\\\/2025\\\/10\\\/67.webp\",\"contentUrl\":\"https:\\\/\\\/deliangdisplay.com\\\/wp-content\\\/uploads\\\/2025\\\/10\\\/67.webp\",\"width\":713,\"height\":713},{\"@type\":\"BreadcrumbList\",\"@id\":\"https:\\\/\\\/deliangdisplay.com\\\/our-product\\\/displays\\\/retail-mannequins\\\/beige-velvet-full-body-family-mannequin-set-adult-male-female-kid-sizes-for-retail-displays\\\/#breadcrumb\",\"itemListElement\":[{\"@type\":\"ListItem\",\"position\":1,\"name\":\"\u9996\u9875\",\"item\":\"https:\\\/\\\/deliangdisplay.com\\\/\"},{\"@type\":\"ListItem\",\"position\":2,\"name\":\"Our Product\",\"item\":\"https:\\\/\\\/deliangdisplay.com\\\/our-product\\\/\"},{\"@type\":\"ListItem\",\"position\":3,\"name\":\"Beige Velvet Full-Body Family Mannequin Set \u2013 Adult (Male\\\/Female) &#038; Kid Sizes for Retail Displays\"}]},{\"@type\":\"WebSite\",\"@id\":\"https:\\\/\\\/deliangdisplay.com\\\/#website\",\"url\":\"https:\\\/\\\/deliangdisplay.com\\\/\",\"name\":\"deliangdisplay.com\",\"description\":\"DE-LIANG - Providing bespoke packaging solutions and luxurious display design services for brands in jewelry, apparel, watches, beauty cosmetics, and more.\",\"publisher\":{\"@id\":\"https:\\\/\\\/deliangdisplay.com\\\/#organization\"},\"potentialAction\":[{\"@type\":\"SearchAction\",\"target\":{\"@type\":\"EntryPoint\",\"urlTemplate\":\"https:\\\/\\\/deliangdisplay.com\\\/?s={search_term_string}\"},\"query-input\":{\"@type\":\"PropertyValueSpecification\",\"valueRequired\":true,\"valueName\":\"search_term_string\"}}],\"inLanguage\":\"de\"},{\"@type\":\"Organization\",\"@id\":\"https:\\\/\\\/deliangdisplay.com\\\/#organization\",\"name\":\"deliangdisplay.com\",\"url\":\"https:\\\/\\\/deliangdisplay.com\\\/\",\"logo\":{\"@type\":\"ImageObject\",\"inLanguage\":\"de\",\"@id\":\"https:\\\/\\\/deliangdisplay.com\\\/#\\\/schema\\\/logo\\\/image\\\/\",\"url\":\"https:\\\/\\\/deliangdisplay.com\\\/wp-content\\\/uploads\\\/2025\\\/08\\\/DELIANGDISPALY_logo.png\",\"contentUrl\":\"https:\\\/\\\/deliangdisplay.com\\\/wp-content\\\/uploads\\\/2025\\\/08\\\/DELIANGDISPALY_logo.png\",\"width\":300,\"height\":130,\"caption\":\"deliangdisplay.com\"},\"image\":{\"@id\":\"https:\\\/\\\/deliangdisplay.com\\\/#\\\/schema\\\/logo\\\/image\\\/\"},\"sameAs\":[\"https:\\\/\\\/www.facebook.com\\\/JaneZhang008\\\/\",\"https:\\\/\\\/x.com\\\/ly673551729\"]}]}<\/script>\n<!-- \/ Yoast SEO plugin. -->","yoast_head_json":{"title":"Beige Samt Familie Mannequin Set - Erwachsene (m\u00e4nnlich\/weiblich) &amp; Kindergr\u00f6\u00dfen f\u00fcr den Einzelhandel Displays - DE-LIANG - Schmuck,Kleidung,Uhr,Sch\u00f6nheit Kosmetik","robots":{"index":"index","follow":"follow","max-snippet":"max-snippet:-1","max-image-preview":"max-image-preview:large","max-video-preview":"max-video-preview:-1"},"canonical":"https:\/\/deliangdisplay.com\/de\/unser-produkt\/zeigt\/schaufensterpuppen\/beige-samt-ganzkorper-familie-mannequin-set-erwachsene-mannlich-weiblich-kind-grosen-fur-den-einzelhandel-zeigt\/","og_locale":"de_DE","og_type":"article","og_title":"Beige Velvet Full-Body Family Mannequin Set \u2013 Adult (Male\/Female) & Kid Sizes for Retail Displays - DE-LIANG - jewelry,clothes,watch,beauty cosmetics","og_description":"This is a full-body family mannequin set (adult male\/female, small\/large kid) for retail, photography, and trade shows. Key specs: Adult female 180cm (85cm bust), adult male 185cm (100cm bust), large kid 145cm, small kid 125cm. Made of fiberglass core with beige velvet cover, plus detachable wooden arms\/heads and silver square base. Suits displaying wedding dresses, suits, jewelry, and parent-child outfits.","og_url":"https:\/\/deliangdisplay.com\/de\/unser-produkt\/zeigt\/schaufensterpuppen\/beige-samt-ganzkorper-familie-mannequin-set-erwachsene-mannlich-weiblich-kind-grosen-fur-den-einzelhandel-zeigt\/","og_site_name":"DE-LIANG - jewelry,clothes,watch,beauty cosmetics","article_publisher":"https:\/\/www.facebook.com\/JaneZhang008\/","article_modified_time":"2025-10-29T10:43:14+00:00","og_image":[{"width":713,"height":713,"url":"https:\/\/deliangdisplay.com\/wp-content\/uploads\/2025\/10\/67.webp","type":"image\/webp"}],"twitter_card":"summary_large_image","twitter_site":"@ly673551729","twitter_misc":{"Gesch\u00e4tzte Lesezeit":"2\u00a0Minuten"},"schema":{"@context":"https:\/\/schema.org","@graph":[{"@type":"WebPage","@id":"https:\/\/deliangdisplay.com\/our-product\/displays\/retail-mannequins\/beige-velvet-full-body-family-mannequin-set-adult-male-female-kid-sizes-for-retail-displays\/","url":"https:\/\/deliangdisplay.com\/our-product\/displays\/retail-mannequins\/beige-velvet-full-body-family-mannequin-set-adult-male-female-kid-sizes-for-retail-displays\/","name":"Beige Samt Familie Mannequin Set - Erwachsene (m\u00e4nnlich\/weiblich) &amp; Kindergr\u00f6\u00dfen f\u00fcr den Einzelhandel Displays - DE-LIANG - Schmuck,Kleidung,Uhr,Sch\u00f6nheit Kosmetik","isPartOf":{"@id":"https:\/\/deliangdisplay.com\/#website"},"primaryImageOfPage":{"@id":"https:\/\/deliangdisplay.com\/our-product\/displays\/retail-mannequins\/beige-velvet-full-body-family-mannequin-set-adult-male-female-kid-sizes-for-retail-displays\/#primaryimage"},"image":{"@id":"https:\/\/deliangdisplay.com\/our-product\/displays\/retail-mannequins\/beige-velvet-full-body-family-mannequin-set-adult-male-female-kid-sizes-for-retail-displays\/#primaryimage"},"thumbnailUrl":"https:\/\/deliangdisplay.com\/wp-content\/uploads\/2025\/10\/67.webp","datePublished":"2025-10-29T10:37:13+00:00","dateModified":"2025-10-29T10:43:14+00:00","breadcrumb":{"@id":"https:\/\/deliangdisplay.com\/our-product\/displays\/retail-mannequins\/beige-velvet-full-body-family-mannequin-set-adult-male-female-kid-sizes-for-retail-displays\/#breadcrumb"},"inLanguage":"de","potentialAction":[{"@type":"ReadAction","target":["https:\/\/deliangdisplay.com\/our-product\/displays\/retail-mannequins\/beige-velvet-full-body-family-mannequin-set-adult-male-female-kid-sizes-for-retail-displays\/"]}]},{"@type":"ImageObject","inLanguage":"de","@id":"https:\/\/deliangdisplay.com\/our-product\/displays\/retail-mannequins\/beige-velvet-full-body-family-mannequin-set-adult-male-female-kid-sizes-for-retail-displays\/#primaryimage","url":"https:\/\/deliangdisplay.com\/wp-content\/uploads\/2025\/10\/67.webp","contentUrl":"https:\/\/deliangdisplay.com\/wp-content\/uploads\/2025\/10\/67.webp","width":713,"height":713},{"@type":"BreadcrumbList","@id":"https:\/\/deliangdisplay.com\/our-product\/displays\/retail-mannequins\/beige-velvet-full-body-family-mannequin-set-adult-male-female-kid-sizes-for-retail-displays\/#breadcrumb","itemListElement":[{"@type":"ListItem","position":1,"name":"\u9996\u9875","item":"https:\/\/deliangdisplay.com\/"},{"@type":"ListItem","position":2,"name":"Our Product","item":"https:\/\/deliangdisplay.com\/our-product\/"},{"@type":"ListItem","position":3,"name":"Beige Velvet Full-Body Family Mannequin Set \u2013 Adult (Male\/Female) &#038; Kid Sizes for Retail Displays"}]},{"@type":"WebSite","@id":"https:\/\/deliangdisplay.com\/#website","url":"https:\/\/deliangdisplay.com\/","name":"deliangdisplay.com","description":"DE-LIANG - Ma\u00dfgeschneiderte Verpackungsl\u00f6sungen und luxuri\u00f6ses Display-Design f\u00fcr Marken aus der Schmuck-, Bekleidungs-, Uhren- und Kosmetikbranche und mehr.","publisher":{"@id":"https:\/\/deliangdisplay.com\/#organization"},"potentialAction":[{"@type":"SearchAction","target":{"@type":"EntryPoint","urlTemplate":"https:\/\/deliangdisplay.com\/?s={search_term_string}"},"query-input":{"@type":"PropertyValueSpecification","valueRequired":true,"valueName":"search_term_string"}}],"inLanguage":"de"},{"@type":"Organization","@id":"https:\/\/deliangdisplay.com\/#organization","name":"deliangdisplay.com","url":"https:\/\/deliangdisplay.com\/","logo":{"@type":"ImageObject","inLanguage":"de","@id":"https:\/\/deliangdisplay.com\/#\/schema\/logo\/image\/","url":"https:\/\/deliangdisplay.com\/wp-content\/uploads\/2025\/08\/DELIANGDISPALY_logo.png","contentUrl":"https:\/\/deliangdisplay.com\/wp-content\/uploads\/2025\/08\/DELIANGDISPALY_logo.png","width":300,"height":130,"caption":"deliangdisplay.com"},"image":{"@id":"https:\/\/deliangdisplay.com\/#\/schema\/logo\/image\/"},"sameAs":["https:\/\/www.facebook.com\/JaneZhang008\/","https:\/\/x.com\/ly673551729"]}]}},"_links":{"self":[{"href":"https:\/\/deliangdisplay.com\/de\/wp-json\/wp\/v2\/product\/43891","targetHints":{"allow":["GET"]}}],"collection":[{"href":"https:\/\/deliangdisplay.com\/de\/wp-json\/wp\/v2\/product"}],"about":[{"href":"https:\/\/deliangdisplay.com\/de\/wp-json\/wp\/v2\/types\/product"}],"replies":[{"embeddable":true,"href":"https:\/\/deliangdisplay.com\/de\/wp-json\/wp\/v2\/comments?post=43891"}],"wp:featuredmedia":[{"embeddable":true,"href":"https:\/\/deliangdisplay.com\/de\/wp-json\/wp\/v2\/media\/43898"}],"wp:attachment":[{"href":"https:\/\/deliangdisplay.com\/de\/wp-json\/wp\/v2\/media?parent=43891"}],"wp:term":[{"taxonomy":"product_brand","embeddable":true,"href":"https:\/\/deliangdisplay.com\/de\/wp-json\/wp\/v2\/product_brand?post=43891"},{"taxonomy":"product_cat","embeddable":true,"href":"https:\/\/deliangdisplay.com\/de\/wp-json\/wp\/v2\/product_cat?post=43891"},{"taxonomy":"product_tag","embeddable":true,"href":"https:\/\/deliangdisplay.com\/de\/wp-json\/wp\/v2\/product_tag?post=43891"}],"curies":[{"name":"wp","href":"https:\/\/api.w.org\/{rel}","templated":true}]}}