{"id":43869,"date":"2025-10-29T18:22:34","date_gmt":"2025-10-29T10:22:34","guid":{"rendered":"https:\/\/deliangdisplay.com\/?post_type=product&#038;p=43869"},"modified":"2025-10-29T18:22:34","modified_gmt":"2025-10-29T10:22:34","slug":"luxus-bambus-leinen-schaufensterpuppe-holz-arme-kopfe-kleid-form-fur-boutiquen-einzelhandel","status":"publish","type":"product","link":"https:\/\/deliangdisplay.com\/de\/unser-produkt\/zeigt\/schaufensterpuppen\/luxus-bambus-leinen-schaufensterpuppe-holz-arme-kopfe-kleid-form-fur-boutiquen-einzelhandel\/","title":{"rendered":"Luxus Bambus Leinen Schaufensterpuppe - Holz Arme \/ K\u00f6pfe Dress Form f\u00fcr Boutiquen \/ Einzelhandel"},"content":{"rendered":"<h3 class=\"header-vfC6AV auto-hide-last-sibling-br\">Produkt\u00fcbersicht<\/h3>\n<div class=\"auto-hide-last-sibling-br paragraph-JOTKXA paragraph-element br-paragraph-space\">Dies ist eine\u00a0<strong>luxuri\u00f6se erwachsene ganzk\u00f6rper-schaufensterpuppe dress form<\/strong>\u00a0ist in Damen- und Herrenmodellen erh\u00e4ltlich und wurde f\u00fcr die Pr\u00e4sentation von Mode in Boutiquen, Einzelhandelsgesch\u00e4ften, Schaufenstern, auf Messen und f\u00fcr Online-Live-Fotos entwickelt. Er verbindet umweltfreundliche \u00c4sthetik mit Langlebigkeit und ist ideal f\u00fcr die Pr\u00e4sentation einer breiten Palette von Kleidungsst\u00fccken (Hochzeitskleider, Kleider, Anz\u00fcge, T-Shirts, formelle Hemden) und Accessoires, um die Sichtbarkeit der Produkte zu verbessern und das Einkaufs- oder Ausstellungserlebnis insgesamt zu steigern.<\/div>\n<h3 class=\"header-vfC6AV auto-hide-last-sibling-br\">Wichtige Spezifikationen<\/h3>\n<ul class=\"auto-hide-last-sibling-br\">\n<li><strong>Gr\u00f6\u00dfe Details<\/strong>\n<ul class=\"auto-hide-last-sibling-br\">\n<li>Weiblicher Stil: Gesamth\u00f6he 182cm (71.6in), Kopfumfang 43cm (16.9in), Schulterbreite 38cm (15in), Oberweite 81cm (31.9in), Taille 64cm (25.2in), H\u00fcfte 87cm (34.2in).<\/li>\n<li>M\u00e4nnlicher Stil: Gesamth\u00f6he 190cm, Kopfumfang 43cm, Schulterbreite 43cm, Oberweite 98cm, Taille 75cm, H\u00fcfte 96cm.<\/li>\n<\/ul>\n<\/li>\n<li><strong>Materialien und Struktur<\/strong>: Kern aus strapazierf\u00e4higem Fiberglas; Au\u00dfenbezug aus umweltfreundlichem Bambus-Leinengewebe (Farbe grau); ausgestattet mit Holzarmen, wahlweise Holz- oder Stoffkopf und einem stabilen, silbernen, quadratischen Fu\u00df.<\/li>\n<\/ul>\n<h3 class=\"header-vfC6AV auto-hide-last-sibling-br\">Wesentliche Merkmale<\/h3>\n<ul class=\"auto-hide-last-sibling-br\">\n<li><strong>Hochwertig und nachhaltig bauen<\/strong>: Bambusleinen bietet eine nat\u00fcrliche, organische Textur, ist umweltfreundlich und langlebig und passt sowohl zu gehobener als auch zu legerer Kleidung und spricht umweltbewusste K\u00e4ufer an.<\/li>\n<li><strong>Realistisches und vielseitiges Design<\/strong>: Arme aus Holz und anpassbare K\u00f6pfe (Holz\/Stoff) verleihen den Kleidungsst\u00fccken einen lebensechten Touch. Die Ganzk\u00f6rperstruktur passt zu verschiedenen Kleidungsst\u00fccken, von Hochzeitskleidern bis hin zu Anz\u00fcgen, und eignet sich f\u00fcr Szenarien in Gesch\u00e4ften, Schaufenstern oder f\u00fcr Fotos.<\/li>\n<li><strong>Stabil und raffiniert<\/strong>: Der silberne, quadratische Sockel sorgt f\u00fcr Stabilit\u00e4t bei langfristiger Nutzung; das schlichte, minimalistische Design lenkt den Blick auf die ausgestellten Produkte und verleiht den Verkaufsr\u00e4umen eine luxuri\u00f6se Ausstrahlung.<\/li>\n<li><strong>Multiszenen-Anpassungsf\u00e4higkeit<\/strong>: Geeignet f\u00fcr visuelles Merchandising in Boutiquen, Messeauftritte, Online-Produktfotografie und Live-\u00dcbertragungen - hilft, die Aufmerksamkeit der Kunden zu erregen, das Markenimage zu verbessern und den Umsatz zu steigern.<\/li>\n<\/ul>","protected":false},"excerpt":{"rendered":"<p>Dies ist eine luxuri\u00f6se Ganzk\u00f6rper-Schaufensterpuppe f\u00fcr Erwachsene (weibliche\/m\u00e4nnliche Modelle) f\u00fcr Boutiquen, Einzelhandel und Fotografie. Weiblich: 182cm gro\u00df (43cm Kopfumfang, 38cm Schultern, 81cm Oberweite, 64cm Taille, 87cm H\u00fcfte). M\u00e4nnlich: 190cm gro\u00df (43cm Kopfumfang, 43cm Schultern, 98cm Oberweite, 75cm Taille, 96cm H\u00fcfte). Hergestellt aus Glasfaserkern mit einem Bezug aus Bambusleinen (grau), plus Holzarmen, optionalem Holz-\/Stoffkopf und silbernem Sockel. Passt zur Darstellung von Kleidern, Anz\u00fcgen und Accessoires.<\/p>","protected":false},"featured_media":43870,"comment_status":"open","ping_status":"closed","template":"","meta":{"_acf_changed":false},"product_brand":[84],"product_cat":[51],"product_tag":[794,795,788,797,796,800,799,760,801,790,798,793,789,791,792],"class_list":{"0":"post-43869","1":"product","2":"type-product","3":"status-publish","4":"has-post-thumbnail","6":"product_brand-de-liang","7":"product_cat-retail-mannequins","8":"product_tag-182cm-female-mannequin","9":"product_tag-190cm-male-mannequin","10":"product_tag-bamboo-linen-full-body-mannequin","11":"product_tag-boutique-mannequin","12":"product_tag-clothing-display-mannequin","13":"product_tag-eco-friendly-bamboo-linen-mannequin","14":"product_tag-fashion-photography-mannequin","15":"product_tag-fiberglass-core-mannequin","16":"product_tag-grey-linen-mannequin","17":"product_tag-luxury-dress-form-mannequin","18":"product_tag-retail-window-mannequin","19":"product_tag-silver-square-base-mannequin","20":"product_tag-unisex-female-male-mannequin","21":"product_tag-wooden-arm-mannequin","22":"product_tag-wooden-fabric-head-mannequin","24":"first","25":"instock","26":"shipping-taxable","27":"purchasable","28":"product-type-simple"},"acf":[],"yoast_head":"<!-- This site is optimized with the Yoast SEO plugin v27.4 - https:\/\/yoast.com\/product\/yoast-seo-wordpress\/ -->\n<title>Luxury Bamboo Linen Mannequin \u2013 Wooden Arms\/Heads Dress Form for Boutiques\/Retail - DE-LIANG - jewelry,clothes,watch,beauty cosmetics<\/title>\n<meta name=\"robots\" content=\"index, follow, max-snippet:-1, max-image-preview:large, max-video-preview:-1\" \/>\n<link rel=\"canonical\" href=\"https:\/\/deliangdisplay.com\/de\/unser-produkt\/zeigt\/schaufensterpuppen\/luxus-bambus-leinen-schaufensterpuppe-holz-arme-kopfe-kleid-form-fur-boutiquen-einzelhandel\/\" \/>\n<meta property=\"og:locale\" content=\"de_DE\" \/>\n<meta property=\"og:type\" content=\"article\" \/>\n<meta property=\"og:title\" content=\"Luxury Bamboo Linen Mannequin \u2013 Wooden Arms\/Heads Dress Form for Boutiques\/Retail - DE-LIANG - jewelry,clothes,watch,beauty cosmetics\" \/>\n<meta property=\"og:description\" content=\"This is a luxury adult full-body mannequin (female\/male styles) for boutiques, retail, and photography. Female: 182cm tall (43cm head circle, 38cm shoulders, 81cm bust, 64cm waist, 87cm hip). Male: 190cm tall (43cm head circle, 43cm shoulders, 98cm bust, 75cm waist, 96cm hip). Made of fiberglass core with bamboo linen (grey) cover, plus wooden arms, optional wood\/fabric head, and silver base. Suits displaying dresses, suits, accessories.\" \/>\n<meta property=\"og:url\" content=\"https:\/\/deliangdisplay.com\/de\/unser-produkt\/zeigt\/schaufensterpuppen\/luxus-bambus-leinen-schaufensterpuppe-holz-arme-kopfe-kleid-form-fur-boutiquen-einzelhandel\/\" \/>\n<meta property=\"og:site_name\" content=\"DE-LIANG - jewelry,clothes,watch,beauty cosmetics\" \/>\n<meta property=\"article:publisher\" content=\"https:\/\/www.facebook.com\/JaneZhang008\/\" \/>\n<meta property=\"og:image\" content=\"https:\/\/deliangdisplay.com\/wp-content\/uploads\/2025\/10\/48.webp\" \/>\n\t<meta property=\"og:image:width\" content=\"713\" \/>\n\t<meta property=\"og:image:height\" content=\"713\" \/>\n\t<meta property=\"og:image:type\" content=\"image\/webp\" \/>\n<meta name=\"twitter:card\" content=\"summary_large_image\" \/>\n<meta name=\"twitter:site\" content=\"@ly673551729\" \/>\n<meta name=\"twitter:label1\" content=\"Gesch\u00e4tzte Lesezeit\" \/>\n\t<meta name=\"twitter:data1\" content=\"2\u00a0Minuten\" \/>\n<script type=\"application\/ld+json\" class=\"yoast-schema-graph\">{\"@context\":\"https:\\\/\\\/schema.org\",\"@graph\":[{\"@type\":\"WebPage\",\"@id\":\"https:\\\/\\\/deliangdisplay.com\\\/our-product\\\/displays\\\/retail-mannequins\\\/luxury-bamboo-linen-mannequin-wooden-arms-heads-dress-form-for-boutiques-retail\\\/\",\"url\":\"https:\\\/\\\/deliangdisplay.com\\\/our-product\\\/displays\\\/retail-mannequins\\\/luxury-bamboo-linen-mannequin-wooden-arms-heads-dress-form-for-boutiques-retail\\\/\",\"name\":\"Luxury Bamboo Linen Mannequin \u2013 Wooden Arms\\\/Heads Dress Form for Boutiques\\\/Retail - DE-LIANG - jewelry,clothes,watch,beauty cosmetics\",\"isPartOf\":{\"@id\":\"https:\\\/\\\/deliangdisplay.com\\\/#website\"},\"primaryImageOfPage\":{\"@id\":\"https:\\\/\\\/deliangdisplay.com\\\/our-product\\\/displays\\\/retail-mannequins\\\/luxury-bamboo-linen-mannequin-wooden-arms-heads-dress-form-for-boutiques-retail\\\/#primaryimage\"},\"image\":{\"@id\":\"https:\\\/\\\/deliangdisplay.com\\\/our-product\\\/displays\\\/retail-mannequins\\\/luxury-bamboo-linen-mannequin-wooden-arms-heads-dress-form-for-boutiques-retail\\\/#primaryimage\"},\"thumbnailUrl\":\"https:\\\/\\\/deliangdisplay.com\\\/wp-content\\\/uploads\\\/2025\\\/10\\\/48.webp\",\"datePublished\":\"2025-10-29T10:22:34+00:00\",\"breadcrumb\":{\"@id\":\"https:\\\/\\\/deliangdisplay.com\\\/our-product\\\/displays\\\/retail-mannequins\\\/luxury-bamboo-linen-mannequin-wooden-arms-heads-dress-form-for-boutiques-retail\\\/#breadcrumb\"},\"inLanguage\":\"de\",\"potentialAction\":[{\"@type\":\"ReadAction\",\"target\":[\"https:\\\/\\\/deliangdisplay.com\\\/our-product\\\/displays\\\/retail-mannequins\\\/luxury-bamboo-linen-mannequin-wooden-arms-heads-dress-form-for-boutiques-retail\\\/\"]}]},{\"@type\":\"ImageObject\",\"inLanguage\":\"de\",\"@id\":\"https:\\\/\\\/deliangdisplay.com\\\/our-product\\\/displays\\\/retail-mannequins\\\/luxury-bamboo-linen-mannequin-wooden-arms-heads-dress-form-for-boutiques-retail\\\/#primaryimage\",\"url\":\"https:\\\/\\\/deliangdisplay.com\\\/wp-content\\\/uploads\\\/2025\\\/10\\\/48.webp\",\"contentUrl\":\"https:\\\/\\\/deliangdisplay.com\\\/wp-content\\\/uploads\\\/2025\\\/10\\\/48.webp\",\"width\":713,\"height\":713},{\"@type\":\"BreadcrumbList\",\"@id\":\"https:\\\/\\\/deliangdisplay.com\\\/our-product\\\/displays\\\/retail-mannequins\\\/luxury-bamboo-linen-mannequin-wooden-arms-heads-dress-form-for-boutiques-retail\\\/#breadcrumb\",\"itemListElement\":[{\"@type\":\"ListItem\",\"position\":1,\"name\":\"\u9996\u9875\",\"item\":\"https:\\\/\\\/deliangdisplay.com\\\/\"},{\"@type\":\"ListItem\",\"position\":2,\"name\":\"Our Product\",\"item\":\"https:\\\/\\\/deliangdisplay.com\\\/our-product\\\/\"},{\"@type\":\"ListItem\",\"position\":3,\"name\":\"Luxury Bamboo Linen Mannequin \u2013 Wooden Arms\\\/Heads Dress Form for Boutiques\\\/Retail\"}]},{\"@type\":\"WebSite\",\"@id\":\"https:\\\/\\\/deliangdisplay.com\\\/#website\",\"url\":\"https:\\\/\\\/deliangdisplay.com\\\/\",\"name\":\"deliangdisplay.com\",\"description\":\"DE-LIANG - Providing bespoke packaging solutions and luxurious display design services for brands in jewelry, apparel, watches, beauty cosmetics, and more.\",\"publisher\":{\"@id\":\"https:\\\/\\\/deliangdisplay.com\\\/#organization\"},\"potentialAction\":[{\"@type\":\"SearchAction\",\"target\":{\"@type\":\"EntryPoint\",\"urlTemplate\":\"https:\\\/\\\/deliangdisplay.com\\\/?s={search_term_string}\"},\"query-input\":{\"@type\":\"PropertyValueSpecification\",\"valueRequired\":true,\"valueName\":\"search_term_string\"}}],\"inLanguage\":\"de\"},{\"@type\":\"Organization\",\"@id\":\"https:\\\/\\\/deliangdisplay.com\\\/#organization\",\"name\":\"deliangdisplay.com\",\"url\":\"https:\\\/\\\/deliangdisplay.com\\\/\",\"logo\":{\"@type\":\"ImageObject\",\"inLanguage\":\"de\",\"@id\":\"https:\\\/\\\/deliangdisplay.com\\\/#\\\/schema\\\/logo\\\/image\\\/\",\"url\":\"https:\\\/\\\/deliangdisplay.com\\\/wp-content\\\/uploads\\\/2025\\\/08\\\/DELIANGDISPALY_logo.png\",\"contentUrl\":\"https:\\\/\\\/deliangdisplay.com\\\/wp-content\\\/uploads\\\/2025\\\/08\\\/DELIANGDISPALY_logo.png\",\"width\":300,\"height\":130,\"caption\":\"deliangdisplay.com\"},\"image\":{\"@id\":\"https:\\\/\\\/deliangdisplay.com\\\/#\\\/schema\\\/logo\\\/image\\\/\"},\"sameAs\":[\"https:\\\/\\\/www.facebook.com\\\/JaneZhang008\\\/\",\"https:\\\/\\\/x.com\\\/ly673551729\"]}]}<\/script>\n<!-- \/ Yoast SEO plugin. -->","yoast_head_json":{"title":"Luxus Bambus Leinen Schaufensterpuppe - Holz Arme\/K\u00f6pfe Dress Form f\u00fcr Boutiquen\/Einzelhandel - DE-LIANG - Schmuck,Kleidung,Uhr,Sch\u00f6nheit Kosmetik","robots":{"index":"index","follow":"follow","max-snippet":"max-snippet:-1","max-image-preview":"max-image-preview:large","max-video-preview":"max-video-preview:-1"},"canonical":"https:\/\/deliangdisplay.com\/de\/unser-produkt\/zeigt\/schaufensterpuppen\/luxus-bambus-leinen-schaufensterpuppe-holz-arme-kopfe-kleid-form-fur-boutiquen-einzelhandel\/","og_locale":"de_DE","og_type":"article","og_title":"Luxury Bamboo Linen Mannequin \u2013 Wooden Arms\/Heads Dress Form for Boutiques\/Retail - DE-LIANG - jewelry,clothes,watch,beauty cosmetics","og_description":"This is a luxury adult full-body mannequin (female\/male styles) for boutiques, retail, and photography. Female: 182cm tall (43cm head circle, 38cm shoulders, 81cm bust, 64cm waist, 87cm hip). Male: 190cm tall (43cm head circle, 43cm shoulders, 98cm bust, 75cm waist, 96cm hip). Made of fiberglass core with bamboo linen (grey) cover, plus wooden arms, optional wood\/fabric head, and silver base. Suits displaying dresses, suits, accessories.","og_url":"https:\/\/deliangdisplay.com\/de\/unser-produkt\/zeigt\/schaufensterpuppen\/luxus-bambus-leinen-schaufensterpuppe-holz-arme-kopfe-kleid-form-fur-boutiquen-einzelhandel\/","og_site_name":"DE-LIANG - jewelry,clothes,watch,beauty cosmetics","article_publisher":"https:\/\/www.facebook.com\/JaneZhang008\/","og_image":[{"width":713,"height":713,"url":"https:\/\/deliangdisplay.com\/wp-content\/uploads\/2025\/10\/48.webp","type":"image\/webp"}],"twitter_card":"summary_large_image","twitter_site":"@ly673551729","twitter_misc":{"Gesch\u00e4tzte Lesezeit":"2\u00a0Minuten"},"schema":{"@context":"https:\/\/schema.org","@graph":[{"@type":"WebPage","@id":"https:\/\/deliangdisplay.com\/our-product\/displays\/retail-mannequins\/luxury-bamboo-linen-mannequin-wooden-arms-heads-dress-form-for-boutiques-retail\/","url":"https:\/\/deliangdisplay.com\/our-product\/displays\/retail-mannequins\/luxury-bamboo-linen-mannequin-wooden-arms-heads-dress-form-for-boutiques-retail\/","name":"Luxus Bambus Leinen Schaufensterpuppe - Holz Arme\/K\u00f6pfe Dress Form f\u00fcr Boutiquen\/Einzelhandel - DE-LIANG - Schmuck,Kleidung,Uhr,Sch\u00f6nheit Kosmetik","isPartOf":{"@id":"https:\/\/deliangdisplay.com\/#website"},"primaryImageOfPage":{"@id":"https:\/\/deliangdisplay.com\/our-product\/displays\/retail-mannequins\/luxury-bamboo-linen-mannequin-wooden-arms-heads-dress-form-for-boutiques-retail\/#primaryimage"},"image":{"@id":"https:\/\/deliangdisplay.com\/our-product\/displays\/retail-mannequins\/luxury-bamboo-linen-mannequin-wooden-arms-heads-dress-form-for-boutiques-retail\/#primaryimage"},"thumbnailUrl":"https:\/\/deliangdisplay.com\/wp-content\/uploads\/2025\/10\/48.webp","datePublished":"2025-10-29T10:22:34+00:00","breadcrumb":{"@id":"https:\/\/deliangdisplay.com\/our-product\/displays\/retail-mannequins\/luxury-bamboo-linen-mannequin-wooden-arms-heads-dress-form-for-boutiques-retail\/#breadcrumb"},"inLanguage":"de","potentialAction":[{"@type":"ReadAction","target":["https:\/\/deliangdisplay.com\/our-product\/displays\/retail-mannequins\/luxury-bamboo-linen-mannequin-wooden-arms-heads-dress-form-for-boutiques-retail\/"]}]},{"@type":"ImageObject","inLanguage":"de","@id":"https:\/\/deliangdisplay.com\/our-product\/displays\/retail-mannequins\/luxury-bamboo-linen-mannequin-wooden-arms-heads-dress-form-for-boutiques-retail\/#primaryimage","url":"https:\/\/deliangdisplay.com\/wp-content\/uploads\/2025\/10\/48.webp","contentUrl":"https:\/\/deliangdisplay.com\/wp-content\/uploads\/2025\/10\/48.webp","width":713,"height":713},{"@type":"BreadcrumbList","@id":"https:\/\/deliangdisplay.com\/our-product\/displays\/retail-mannequins\/luxury-bamboo-linen-mannequin-wooden-arms-heads-dress-form-for-boutiques-retail\/#breadcrumb","itemListElement":[{"@type":"ListItem","position":1,"name":"\u9996\u9875","item":"https:\/\/deliangdisplay.com\/"},{"@type":"ListItem","position":2,"name":"Our Product","item":"https:\/\/deliangdisplay.com\/our-product\/"},{"@type":"ListItem","position":3,"name":"Luxury Bamboo Linen Mannequin \u2013 Wooden Arms\/Heads Dress Form for Boutiques\/Retail"}]},{"@type":"WebSite","@id":"https:\/\/deliangdisplay.com\/#website","url":"https:\/\/deliangdisplay.com\/","name":"deliangdisplay.com","description":"DE-LIANG - Ma\u00dfgeschneiderte Verpackungsl\u00f6sungen und luxuri\u00f6ses Display-Design f\u00fcr Marken aus der Schmuck-, Bekleidungs-, Uhren- und Kosmetikbranche und mehr.","publisher":{"@id":"https:\/\/deliangdisplay.com\/#organization"},"potentialAction":[{"@type":"SearchAction","target":{"@type":"EntryPoint","urlTemplate":"https:\/\/deliangdisplay.com\/?s={search_term_string}"},"query-input":{"@type":"PropertyValueSpecification","valueRequired":true,"valueName":"search_term_string"}}],"inLanguage":"de"},{"@type":"Organization","@id":"https:\/\/deliangdisplay.com\/#organization","name":"deliangdisplay.com","url":"https:\/\/deliangdisplay.com\/","logo":{"@type":"ImageObject","inLanguage":"de","@id":"https:\/\/deliangdisplay.com\/#\/schema\/logo\/image\/","url":"https:\/\/deliangdisplay.com\/wp-content\/uploads\/2025\/08\/DELIANGDISPALY_logo.png","contentUrl":"https:\/\/deliangdisplay.com\/wp-content\/uploads\/2025\/08\/DELIANGDISPALY_logo.png","width":300,"height":130,"caption":"deliangdisplay.com"},"image":{"@id":"https:\/\/deliangdisplay.com\/#\/schema\/logo\/image\/"},"sameAs":["https:\/\/www.facebook.com\/JaneZhang008\/","https:\/\/x.com\/ly673551729"]}]}},"_links":{"self":[{"href":"https:\/\/deliangdisplay.com\/de\/wp-json\/wp\/v2\/product\/43869","targetHints":{"allow":["GET"]}}],"collection":[{"href":"https:\/\/deliangdisplay.com\/de\/wp-json\/wp\/v2\/product"}],"about":[{"href":"https:\/\/deliangdisplay.com\/de\/wp-json\/wp\/v2\/types\/product"}],"replies":[{"embeddable":true,"href":"https:\/\/deliangdisplay.com\/de\/wp-json\/wp\/v2\/comments?post=43869"}],"wp:featuredmedia":[{"embeddable":true,"href":"https:\/\/deliangdisplay.com\/de\/wp-json\/wp\/v2\/media\/43870"}],"wp:attachment":[{"href":"https:\/\/deliangdisplay.com\/de\/wp-json\/wp\/v2\/media?parent=43869"}],"wp:term":[{"taxonomy":"product_brand","embeddable":true,"href":"https:\/\/deliangdisplay.com\/de\/wp-json\/wp\/v2\/product_brand?post=43869"},{"taxonomy":"product_cat","embeddable":true,"href":"https:\/\/deliangdisplay.com\/de\/wp-json\/wp\/v2\/product_cat?post=43869"},{"taxonomy":"product_tag","embeddable":true,"href":"https:\/\/deliangdisplay.com\/de\/wp-json\/wp\/v2\/product_tag?post=43869"}],"curies":[{"name":"wp","href":"https:\/\/api.w.org\/{rel}","templated":true}]}}