{"id":43823,"date":"2025-10-27T11:41:13","date_gmt":"2025-10-27T03:41:13","guid":{"rendered":"https:\/\/deliangdisplay.com\/?post_type=product&#038;p=43823"},"modified":"2025-10-27T11:41:13","modified_gmt":"2025-10-27T03:41:13","slug":"leinen-fertig-weibliche-schaufensterpuppe-vollen-halben-korper-fiberglas-torso-mit-verstellbaren-armen-fur-den-einzelhandel","status":"publish","type":"product","link":"https:\/\/deliangdisplay.com\/de\/unser-produkt\/zeigt\/schaufensterpuppen\/leinen-fertig-weibliche-schaufensterpuppe-vollen-halben-korper-fiberglas-torso-mit-verstellbaren-armen-fur-den-einzelhandel\/","title":{"rendered":"Weibliche Schaufensterpuppe in Leinenoptik (Ganz-\/Halbk\u00f6rper) - Fiberglas-Torso mit verstellbaren Armen f\u00fcr den Einzelhandel"},"content":{"rendered":"<h3 class=\"header-iWP5WJ auto-hide-last-sibling-br\">Produkt\u00fcbersicht<\/h3>\n<div class=\"auto-hide-last-sibling-br paragraph-pP9ZLC paragraph-element br-paragraph-space\">Dies ist eine\u00a0<strong>weibliche Ganz-\/Halbk\u00f6rper-Schaufensterpuppe<\/strong>\u00a0konzipiert f\u00fcr die Pr\u00e4sentation von Kleidung im Einzelhandel, in Modestudios und auf Messen. Er verbindet elegante \u00c4sthetik mit praktischer Funktionalit\u00e4t und ist ideal, um verschiedene Kleidungsst\u00fccke (Alltagskleidung, Luxusdesignerst\u00fccke, M\u00e4ntel, Kleider) und Accessoires (H\u00fcte, Per\u00fccken, Schmuck) zu pr\u00e4sentieren. Mit ihrem zeitlosen Design f\u00fcgt sie sich nahtlos in moderne oder klassische Ladeneinrichtungen ein, erh\u00f6ht die Professionalit\u00e4t der Marke und verbessert das Einkaufserlebnis.<\/div>\n<h3 class=\"header-iWP5WJ auto-hide-last-sibling-br\">Wichtige Spezifikationen<\/h3>\n<ul class=\"auto-hide-last-sibling-br\">\n<li><strong>Optionen f\u00fcr Stil und Gr\u00f6\u00dfe<\/strong>\n<ul class=\"auto-hide-last-sibling-br\">\n<li>Ganzk\u00f6rper-Stil: H\u00f6he 186cm (74in), Schulterbreite 40cm (15.7in), Brustumfang 84cm (33in), Taille 64cm (25.1in), H\u00fcfte 86cm (33.8in); gepaart mit einem silbernen quadratischen Metallfu\u00df.<\/li>\n<li>Halbk\u00f6rper (Torso) Stil: H\u00f6he 104 cm, Schulterbreite 40 cm, Oberweite 84 cm, Taille 64 cm, H\u00fcfte 86 cm; verwendet auch einen silbernen quadratischen Metallsockel.<\/li>\n<\/ul>\n<\/li>\n<li><strong>Materialien und Struktur<\/strong>: Korpus aus hochwertigem Fiberglas f\u00fcr eine lange Lebensdauer; Bezug aus Bambusleinen (grau) oder wei\u00dfem Leinenstoff f\u00fcr ein glattes, edles Aussehen; ausgestattet mit nat\u00fcrlichen Holzarmen und einem stabilen Metallfu\u00df.<\/li>\n<\/ul>\n<h3 class=\"header-iWP5WJ auto-hide-last-sibling-br\">Wesentliche Merkmale<\/h3>\n<ul class=\"auto-hide-last-sibling-br\">\n<li><strong>Realistisches und elegantes Design<\/strong>: Mit einem um 360\u00b0 drehbaren Kopf und flexiblen Fingern wird die nat\u00fcrliche Silhouette moderner Frauen nachgeahmt. So entstehen lebensechte Posen, die die dargestellten Kleidungsst\u00fccke tragbarer und ansprechender aussehen lassen.<\/li>\n<li><strong>Einstellbarer Funktionsumfang<\/strong>: Die Holzarme sind mit einer Federschnittstelle ausgestattet, die eine einfache Installation und Einstellung erm\u00f6glicht (unterst\u00fctzt verschiedene Posen); der Metallsockel erm\u00f6glicht eine H\u00f6henver\u00e4nderung und bietet flexible Pr\u00e4sentationsm\u00f6glichkeiten f\u00fcr verschiedene Kleidungsst\u00fccke oder Ladenlayouts.<\/li>\n<li><strong>Multiszenen-Anpassungsf\u00e4higkeit<\/strong>: Dient als Kleiderst\u00e4nder, Hut-\/Per\u00fcckenhalter und Schmuckst\u00e4nder; geeignet f\u00fcr Boutiquen, Einzelhandelsgesch\u00e4fte, Modestudios und Ausstellungen - erf\u00fcllt sowohl die Anforderungen an die Produktpr\u00e4sentation als auch an die Verbesserung des Markenimages.<\/li>\n<li><strong>Hochwertige Handwerkskunst<\/strong>: Glatte Kanten an den Schnittstellen sorgen f\u00fcr nahtlose Verbindungen; Bambus\/Wei\u00dfes Leinengewebe und Glasfasermaterialien sind verschlei\u00dffest und behalten ihr poliertes Aussehen f\u00fcr den langfristigen Gebrauch.<\/li>\n<\/ul>","protected":false},"excerpt":{"rendered":"<p>This is a female full\/half-body mannequin for clothing stores, studios, and exhibitions. Full-body: 186cm tall (40cm shoulder, 84cm bust, 64cm waist, 86cm hip). Half-body: 104cm tall (same upper specs, 86cm hip). Made of fiberglass (linen finish: grey bamboo\/white) with wooden arms &amp; silver metal stand. Features 360\u00b0 rotatable head, adjustable arms\/height, suits displaying apparel, jewelry, wigs.<\/p>","protected":false},"featured_media":43832,"comment_status":"open","ping_status":"closed","template":"","meta":{"_acf_changed":false},"product_brand":[84],"product_cat":[51],"product_tag":[744,739,742,745,737,738,743,749,747,206,741,740,746,748,750],"class_list":{"0":"post-43823","1":"product","2":"type-product","3":"status-publish","4":"has-post-thumbnail","6":"product_brand-de-liang","7":"product_cat-retail-mannequins","8":"product_tag-360-rotatable-head-mannequin","9":"product_tag-adjustable-wooden-arm-mannequin","10":"product_tag-clothing-store-display-mannequin","11":"product_tag-fashion-studio-mannequin","12":"product_tag-female-full-body-mannequin","13":"product_tag-female-half-body-mannequin","14":"product_tag-fiberglass-torso-mannequin","15":"product_tag-garment-showcase-mannequin","16":"product_tag-grey-bamboo-linen-mannequin","17":"product_tag-jewelry-display-mannequin","18":"product_tag-linen-finish-mannequin","19":"product_tag-metal-stand-dress-form","20":"product_tag-retail-display-dress-form","21":"product_tag-white-linen-mannequin","22":"product_tag-wig-holder-mannequin","24":"first","25":"instock","26":"shipping-taxable","27":"purchasable","28":"product-type-simple"},"acf":[],"yoast_head":"<!-- This site is optimized with the Yoast SEO plugin v27.4 - https:\/\/yoast.com\/product\/yoast-seo-wordpress\/ -->\n<title>Linen-Finished Female Mannequin (Full\/Half-Body) \u2013 Fiberglass Torso with Adjustable Arms for Retail - DE-LIANG - jewelry,clothes,watch,beauty cosmetics<\/title>\n<meta name=\"robots\" content=\"index, follow, max-snippet:-1, max-image-preview:large, max-video-preview:-1\" \/>\n<link rel=\"canonical\" href=\"https:\/\/deliangdisplay.com\/de\/unser-produkt\/zeigt\/schaufensterpuppen\/leinen-fertig-weibliche-schaufensterpuppe-vollen-halben-korper-fiberglas-torso-mit-verstellbaren-armen-fur-den-einzelhandel\/\" \/>\n<meta property=\"og:locale\" content=\"de_DE\" \/>\n<meta property=\"og:type\" content=\"article\" \/>\n<meta property=\"og:title\" content=\"Linen-Finished Female Mannequin (Full\/Half-Body) \u2013 Fiberglass Torso with Adjustable Arms for Retail - DE-LIANG - jewelry,clothes,watch,beauty cosmetics\" \/>\n<meta property=\"og:description\" content=\"This is a female full\/half-body mannequin for clothing stores, studios, and exhibitions. Full-body: 186cm tall (40cm shoulder, 84cm bust, 64cm waist, 86cm hip). Half-body: 104cm tall (same upper specs, 86cm hip). Made of fiberglass (linen finish: grey bamboo\/white) with wooden arms &amp; silver metal stand. Features 360\u00b0 rotatable head, adjustable arms\/height, suits displaying apparel, jewelry, wigs.\" \/>\n<meta property=\"og:url\" content=\"https:\/\/deliangdisplay.com\/de\/unser-produkt\/zeigt\/schaufensterpuppen\/leinen-fertig-weibliche-schaufensterpuppe-vollen-halben-korper-fiberglas-torso-mit-verstellbaren-armen-fur-den-einzelhandel\/\" \/>\n<meta property=\"og:site_name\" content=\"DE-LIANG - jewelry,clothes,watch,beauty cosmetics\" \/>\n<meta property=\"article:publisher\" content=\"https:\/\/www.facebook.com\/JaneZhang008\/\" \/>\n<meta property=\"og:image\" content=\"https:\/\/deliangdisplay.com\/wp-content\/uploads\/2025\/10\/2-16.webp\" \/>\n\t<meta property=\"og:image:width\" content=\"600\" \/>\n\t<meta property=\"og:image:height\" content=\"600\" \/>\n\t<meta property=\"og:image:type\" content=\"image\/webp\" \/>\n<meta name=\"twitter:card\" content=\"summary_large_image\" \/>\n<meta name=\"twitter:site\" content=\"@ly673551729\" \/>\n<meta name=\"twitter:label1\" content=\"Gesch\u00e4tzte Lesezeit\" \/>\n\t<meta name=\"twitter:data1\" content=\"2\u00a0Minuten\" \/>\n<script type=\"application\/ld+json\" class=\"yoast-schema-graph\">{\"@context\":\"https:\\\/\\\/schema.org\",\"@graph\":[{\"@type\":\"WebPage\",\"@id\":\"https:\\\/\\\/deliangdisplay.com\\\/our-product\\\/displays\\\/retail-mannequins\\\/linen-finished-female-mannequin-full-half-body-fiberglass-torso-with-adjustable-arms-for-retail\\\/\",\"url\":\"https:\\\/\\\/deliangdisplay.com\\\/our-product\\\/displays\\\/retail-mannequins\\\/linen-finished-female-mannequin-full-half-body-fiberglass-torso-with-adjustable-arms-for-retail\\\/\",\"name\":\"Linen-Finished Female Mannequin (Full\\\/Half-Body) \u2013 Fiberglass Torso with Adjustable Arms for Retail - DE-LIANG - jewelry,clothes,watch,beauty cosmetics\",\"isPartOf\":{\"@id\":\"https:\\\/\\\/deliangdisplay.com\\\/#website\"},\"primaryImageOfPage\":{\"@id\":\"https:\\\/\\\/deliangdisplay.com\\\/our-product\\\/displays\\\/retail-mannequins\\\/linen-finished-female-mannequin-full-half-body-fiberglass-torso-with-adjustable-arms-for-retail\\\/#primaryimage\"},\"image\":{\"@id\":\"https:\\\/\\\/deliangdisplay.com\\\/our-product\\\/displays\\\/retail-mannequins\\\/linen-finished-female-mannequin-full-half-body-fiberglass-torso-with-adjustable-arms-for-retail\\\/#primaryimage\"},\"thumbnailUrl\":\"https:\\\/\\\/deliangdisplay.com\\\/wp-content\\\/uploads\\\/2025\\\/10\\\/2-16.webp\",\"datePublished\":\"2025-10-27T03:41:13+00:00\",\"breadcrumb\":{\"@id\":\"https:\\\/\\\/deliangdisplay.com\\\/our-product\\\/displays\\\/retail-mannequins\\\/linen-finished-female-mannequin-full-half-body-fiberglass-torso-with-adjustable-arms-for-retail\\\/#breadcrumb\"},\"inLanguage\":\"de\",\"potentialAction\":[{\"@type\":\"ReadAction\",\"target\":[\"https:\\\/\\\/deliangdisplay.com\\\/our-product\\\/displays\\\/retail-mannequins\\\/linen-finished-female-mannequin-full-half-body-fiberglass-torso-with-adjustable-arms-for-retail\\\/\"]}]},{\"@type\":\"ImageObject\",\"inLanguage\":\"de\",\"@id\":\"https:\\\/\\\/deliangdisplay.com\\\/our-product\\\/displays\\\/retail-mannequins\\\/linen-finished-female-mannequin-full-half-body-fiberglass-torso-with-adjustable-arms-for-retail\\\/#primaryimage\",\"url\":\"https:\\\/\\\/deliangdisplay.com\\\/wp-content\\\/uploads\\\/2025\\\/10\\\/2-16.webp\",\"contentUrl\":\"https:\\\/\\\/deliangdisplay.com\\\/wp-content\\\/uploads\\\/2025\\\/10\\\/2-16.webp\",\"width\":600,\"height\":600},{\"@type\":\"BreadcrumbList\",\"@id\":\"https:\\\/\\\/deliangdisplay.com\\\/our-product\\\/displays\\\/retail-mannequins\\\/linen-finished-female-mannequin-full-half-body-fiberglass-torso-with-adjustable-arms-for-retail\\\/#breadcrumb\",\"itemListElement\":[{\"@type\":\"ListItem\",\"position\":1,\"name\":\"\u9996\u9875\",\"item\":\"https:\\\/\\\/deliangdisplay.com\\\/\"},{\"@type\":\"ListItem\",\"position\":2,\"name\":\"Our Product\",\"item\":\"https:\\\/\\\/deliangdisplay.com\\\/our-product\\\/\"},{\"@type\":\"ListItem\",\"position\":3,\"name\":\"Linen-Finished Female Mannequin (Full\\\/Half-Body) \u2013 Fiberglass Torso with Adjustable Arms for Retail\"}]},{\"@type\":\"WebSite\",\"@id\":\"https:\\\/\\\/deliangdisplay.com\\\/#website\",\"url\":\"https:\\\/\\\/deliangdisplay.com\\\/\",\"name\":\"deliangdisplay.com\",\"description\":\"DE-LIANG - Providing bespoke packaging solutions and luxurious display design services for brands in jewelry, apparel, watches, beauty cosmetics, and more.\",\"publisher\":{\"@id\":\"https:\\\/\\\/deliangdisplay.com\\\/#organization\"},\"potentialAction\":[{\"@type\":\"SearchAction\",\"target\":{\"@type\":\"EntryPoint\",\"urlTemplate\":\"https:\\\/\\\/deliangdisplay.com\\\/?s={search_term_string}\"},\"query-input\":{\"@type\":\"PropertyValueSpecification\",\"valueRequired\":true,\"valueName\":\"search_term_string\"}}],\"inLanguage\":\"de\"},{\"@type\":\"Organization\",\"@id\":\"https:\\\/\\\/deliangdisplay.com\\\/#organization\",\"name\":\"deliangdisplay.com\",\"url\":\"https:\\\/\\\/deliangdisplay.com\\\/\",\"logo\":{\"@type\":\"ImageObject\",\"inLanguage\":\"de\",\"@id\":\"https:\\\/\\\/deliangdisplay.com\\\/#\\\/schema\\\/logo\\\/image\\\/\",\"url\":\"https:\\\/\\\/deliangdisplay.com\\\/wp-content\\\/uploads\\\/2025\\\/08\\\/DELIANGDISPALY_logo.png\",\"contentUrl\":\"https:\\\/\\\/deliangdisplay.com\\\/wp-content\\\/uploads\\\/2025\\\/08\\\/DELIANGDISPALY_logo.png\",\"width\":300,\"height\":130,\"caption\":\"deliangdisplay.com\"},\"image\":{\"@id\":\"https:\\\/\\\/deliangdisplay.com\\\/#\\\/schema\\\/logo\\\/image\\\/\"},\"sameAs\":[\"https:\\\/\\\/www.facebook.com\\\/JaneZhang008\\\/\",\"https:\\\/\\\/x.com\\\/ly673551729\"]}]}<\/script>\n<!-- \/ Yoast SEO plugin. -->","yoast_head_json":{"title":"Weibliche Schaufensterpuppe mit Leinenbezug (Ganz-\/Halbk\u00f6rper) - Fiberglas-Torso mit verstellbaren Armen f\u00fcr den Einzelhandel - DE-LIANG - jewelry,clothes,watch,beauty cosmetics","robots":{"index":"index","follow":"follow","max-snippet":"max-snippet:-1","max-image-preview":"max-image-preview:large","max-video-preview":"max-video-preview:-1"},"canonical":"https:\/\/deliangdisplay.com\/de\/unser-produkt\/zeigt\/schaufensterpuppen\/leinen-fertig-weibliche-schaufensterpuppe-vollen-halben-korper-fiberglas-torso-mit-verstellbaren-armen-fur-den-einzelhandel\/","og_locale":"de_DE","og_type":"article","og_title":"Linen-Finished Female Mannequin (Full\/Half-Body) \u2013 Fiberglass Torso with Adjustable Arms for Retail - DE-LIANG - jewelry,clothes,watch,beauty cosmetics","og_description":"This is a female full\/half-body mannequin for clothing stores, studios, and exhibitions. Full-body: 186cm tall (40cm shoulder, 84cm bust, 64cm waist, 86cm hip). Half-body: 104cm tall (same upper specs, 86cm hip). Made of fiberglass (linen finish: grey bamboo\/white) with wooden arms &amp; silver metal stand. Features 360\u00b0 rotatable head, adjustable arms\/height, suits displaying apparel, jewelry, wigs.","og_url":"https:\/\/deliangdisplay.com\/de\/unser-produkt\/zeigt\/schaufensterpuppen\/leinen-fertig-weibliche-schaufensterpuppe-vollen-halben-korper-fiberglas-torso-mit-verstellbaren-armen-fur-den-einzelhandel\/","og_site_name":"DE-LIANG - jewelry,clothes,watch,beauty cosmetics","article_publisher":"https:\/\/www.facebook.com\/JaneZhang008\/","og_image":[{"width":600,"height":600,"url":"https:\/\/deliangdisplay.com\/wp-content\/uploads\/2025\/10\/2-16.webp","type":"image\/webp"}],"twitter_card":"summary_large_image","twitter_site":"@ly673551729","twitter_misc":{"Gesch\u00e4tzte Lesezeit":"2\u00a0Minuten"},"schema":{"@context":"https:\/\/schema.org","@graph":[{"@type":"WebPage","@id":"https:\/\/deliangdisplay.com\/our-product\/displays\/retail-mannequins\/linen-finished-female-mannequin-full-half-body-fiberglass-torso-with-adjustable-arms-for-retail\/","url":"https:\/\/deliangdisplay.com\/our-product\/displays\/retail-mannequins\/linen-finished-female-mannequin-full-half-body-fiberglass-torso-with-adjustable-arms-for-retail\/","name":"Weibliche Schaufensterpuppe mit Leinenbezug (Ganz-\/Halbk\u00f6rper) - Fiberglas-Torso mit verstellbaren Armen f\u00fcr den Einzelhandel - DE-LIANG - jewelry,clothes,watch,beauty cosmetics","isPartOf":{"@id":"https:\/\/deliangdisplay.com\/#website"},"primaryImageOfPage":{"@id":"https:\/\/deliangdisplay.com\/our-product\/displays\/retail-mannequins\/linen-finished-female-mannequin-full-half-body-fiberglass-torso-with-adjustable-arms-for-retail\/#primaryimage"},"image":{"@id":"https:\/\/deliangdisplay.com\/our-product\/displays\/retail-mannequins\/linen-finished-female-mannequin-full-half-body-fiberglass-torso-with-adjustable-arms-for-retail\/#primaryimage"},"thumbnailUrl":"https:\/\/deliangdisplay.com\/wp-content\/uploads\/2025\/10\/2-16.webp","datePublished":"2025-10-27T03:41:13+00:00","breadcrumb":{"@id":"https:\/\/deliangdisplay.com\/our-product\/displays\/retail-mannequins\/linen-finished-female-mannequin-full-half-body-fiberglass-torso-with-adjustable-arms-for-retail\/#breadcrumb"},"inLanguage":"de","potentialAction":[{"@type":"ReadAction","target":["https:\/\/deliangdisplay.com\/our-product\/displays\/retail-mannequins\/linen-finished-female-mannequin-full-half-body-fiberglass-torso-with-adjustable-arms-for-retail\/"]}]},{"@type":"ImageObject","inLanguage":"de","@id":"https:\/\/deliangdisplay.com\/our-product\/displays\/retail-mannequins\/linen-finished-female-mannequin-full-half-body-fiberglass-torso-with-adjustable-arms-for-retail\/#primaryimage","url":"https:\/\/deliangdisplay.com\/wp-content\/uploads\/2025\/10\/2-16.webp","contentUrl":"https:\/\/deliangdisplay.com\/wp-content\/uploads\/2025\/10\/2-16.webp","width":600,"height":600},{"@type":"BreadcrumbList","@id":"https:\/\/deliangdisplay.com\/our-product\/displays\/retail-mannequins\/linen-finished-female-mannequin-full-half-body-fiberglass-torso-with-adjustable-arms-for-retail\/#breadcrumb","itemListElement":[{"@type":"ListItem","position":1,"name":"\u9996\u9875","item":"https:\/\/deliangdisplay.com\/"},{"@type":"ListItem","position":2,"name":"Our Product","item":"https:\/\/deliangdisplay.com\/our-product\/"},{"@type":"ListItem","position":3,"name":"Linen-Finished Female Mannequin (Full\/Half-Body) \u2013 Fiberglass Torso with Adjustable Arms for Retail"}]},{"@type":"WebSite","@id":"https:\/\/deliangdisplay.com\/#website","url":"https:\/\/deliangdisplay.com\/","name":"deliangdisplay.com","description":"DE-LIANG - Ma\u00dfgeschneiderte Verpackungsl\u00f6sungen und luxuri\u00f6ses Display-Design f\u00fcr Marken aus der Schmuck-, Bekleidungs-, Uhren- und Kosmetikbranche und mehr.","publisher":{"@id":"https:\/\/deliangdisplay.com\/#organization"},"potentialAction":[{"@type":"SearchAction","target":{"@type":"EntryPoint","urlTemplate":"https:\/\/deliangdisplay.com\/?s={search_term_string}"},"query-input":{"@type":"PropertyValueSpecification","valueRequired":true,"valueName":"search_term_string"}}],"inLanguage":"de"},{"@type":"Organization","@id":"https:\/\/deliangdisplay.com\/#organization","name":"deliangdisplay.com","url":"https:\/\/deliangdisplay.com\/","logo":{"@type":"ImageObject","inLanguage":"de","@id":"https:\/\/deliangdisplay.com\/#\/schema\/logo\/image\/","url":"https:\/\/deliangdisplay.com\/wp-content\/uploads\/2025\/08\/DELIANGDISPALY_logo.png","contentUrl":"https:\/\/deliangdisplay.com\/wp-content\/uploads\/2025\/08\/DELIANGDISPALY_logo.png","width":300,"height":130,"caption":"deliangdisplay.com"},"image":{"@id":"https:\/\/deliangdisplay.com\/#\/schema\/logo\/image\/"},"sameAs":["https:\/\/www.facebook.com\/JaneZhang008\/","https:\/\/x.com\/ly673551729"]}]}},"_links":{"self":[{"href":"https:\/\/deliangdisplay.com\/de\/wp-json\/wp\/v2\/product\/43823","targetHints":{"allow":["GET"]}}],"collection":[{"href":"https:\/\/deliangdisplay.com\/de\/wp-json\/wp\/v2\/product"}],"about":[{"href":"https:\/\/deliangdisplay.com\/de\/wp-json\/wp\/v2\/types\/product"}],"replies":[{"embeddable":true,"href":"https:\/\/deliangdisplay.com\/de\/wp-json\/wp\/v2\/comments?post=43823"}],"wp:featuredmedia":[{"embeddable":true,"href":"https:\/\/deliangdisplay.com\/de\/wp-json\/wp\/v2\/media\/43832"}],"wp:attachment":[{"href":"https:\/\/deliangdisplay.com\/de\/wp-json\/wp\/v2\/media?parent=43823"}],"wp:term":[{"taxonomy":"product_brand","embeddable":true,"href":"https:\/\/deliangdisplay.com\/de\/wp-json\/wp\/v2\/product_brand?post=43823"},{"taxonomy":"product_cat","embeddable":true,"href":"https:\/\/deliangdisplay.com\/de\/wp-json\/wp\/v2\/product_cat?post=43823"},{"taxonomy":"product_tag","embeddable":true,"href":"https:\/\/deliangdisplay.com\/de\/wp-json\/wp\/v2\/product_tag?post=43823"}],"curies":[{"name":"wp","href":"https:\/\/api.w.org\/{rel}","templated":true}]}}