{"id":43759,"date":"2025-10-21T15:19:04","date_gmt":"2025-10-21T07:19:04","guid":{"rendered":"https:\/\/deliangdisplay.com\/?post_type=product&#038;p=43759"},"modified":"2025-10-21T15:19:18","modified_gmt":"2025-10-21T07:19:18","slug":"16-mini-baby-kleid-form-voll-pinable-mannequin-mit-holzernen-basis-fur-das-nahen-muster-machen","status":"publish","type":"product","link":"https:\/\/deliangdisplay.com\/de\/unser-produkt\/zeigt\/schaufensterpuppen\/halbwaage-kleiderform\/16-mini-baby-kleid-form-voll-pinable-mannequin-mit-holzernen-basis-fur-das-nahen-muster-machen\/","title":{"rendered":"1:6 Mini-Baby-Kleid Form - Vollst\u00e4ndig Pinable Mannequin mit h\u00f6lzernen Basis f\u00fcr N\u00e4hen &amp; Modellbau"},"content":{"rendered":"<h3 class=\"header-iWP5WJ auto-hide-last-sibling-br\">Produkt\u00fcbersicht<\/h3>\n<div class=\"auto-hide-last-sibling-br paragraph-pP9ZLC paragraph-element br-paragraph-space\">Dies ist eine\u00a0<strong>Mini-Baby-Kleidungsform im Ma\u00dfstab 1:6<\/strong>\u00a0(nicht in Originalgr\u00f6\u00dfe), entwickelt zum N\u00e4hen, zur Herstellung von Schnittmustern und f\u00fcr Ausstellungszwecke. Es l\u00e4sst sich vollst\u00e4ndig einstecken und ist somit ideal zum Testen von Babykleidung und Schnittmustern. Mit seinem eleganten beigen Design und der verstellbaren H\u00f6he dient er auch als dekoratives Element f\u00fcr die Pr\u00e4sentation von Kleinteilen und verbindet Funktionalit\u00e4t f\u00fcr N\u00e4hbegeisterte mit \u00e4sthetischem Wert f\u00fcr die Pr\u00e4sentation zu Hause oder im Gesch\u00e4ft.<\/div>\n<h3 class=\"header-iWP5WJ auto-hide-last-sibling-br\">Wichtige Spezifikationen<\/h3>\n<ul class=\"auto-hide-last-sibling-br\">\n<li><strong>Gr\u00f6\u00dfen-Optionen<\/strong>\n<ul class=\"auto-hide-last-sibling-br\">\n<li>14cm (5.5in) H\u00f6he: Schulterbreite 6 cm, Brustumfang 14 cm, Taillenumfang 12,5 cm, H\u00fcftumfang 15 cm; verstellbare Gesamth\u00f6he 35,5-50 cm (14-19,7 cm).<\/li>\n<li>H\u00f6he 16,5 cm (6,5 Zoll): Schulterbreite 5,5 cm, Oberweite 13,5 cm, Taille 12,5 cm, H\u00fcfte 16,5 cm; verstellbare Gesamth\u00f6he 37,8-50 cm.<\/li>\n<li>21cm (8.3in) H\u00f6he: Schulterbreite 9 cm, Brustumfang 20,5 cm, Taillenumfang 19 cm, H\u00fcftumfang 22,5 cm; verstellbare Gesamth\u00f6he 42,5-53,5 cm (16,7-21,1 cm).<\/li>\n<\/ul>\n<\/li>\n<li><strong>Materialien und Struktur<\/strong>: Korpus aus vollpinnbarem Schaumstoff mit PU-gef\u00fcttertem, hochwertigem, beigem Stoffbezug; inklusive Massivholz-Kopfteil (sichere Schraubverbindung, Absturzsicherung) und Holzsockel mit verstellbaren Metallst\u00e4ben zur H\u00f6henkontrolle.<\/li>\n<\/ul>\n<h3 class=\"header-iWP5WJ auto-hide-last-sibling-br\">Wesentliche Merkmale<\/h3>\n<ul class=\"auto-hide-last-sibling-br\">\n<li><strong>Volle Pinnbarkeit<\/strong>: Der Schaumstoffkern mit PU-Futter erm\u00f6glicht das unbegrenzte vertikale Einsetzen von Stecknadeln (ohne Winkelbegrenzung) und gew\u00e4hrleistet eine pr\u00e4zise Stofffixierung beim N\u00e4hen von Babykleidung, Drapieren und Testen von Mustern.<\/li>\n<li><strong>H\u00f6henverstellbar<\/strong>: Der Holzsockel mit verstellbaren St\u00e4ben erm\u00f6glicht es dem Benutzer, die Gesamth\u00f6he zu ver\u00e4ndern, um sie an die unterschiedlichen Anforderungen an die Pr\u00e4sentation oder das N\u00e4hen anzupassen, was die Benutzerfreundlichkeit erh\u00f6ht.<\/li>\n<li><strong>Langlebig und umweltfreundlich<\/strong>: Kopfteil und Sockel aus Massivholz sind robust (verschlei\u00dffest) und entsprechen umweltfreundlichen Konzepten; die feine Naht des Stoffbezugs gew\u00e4hrleistet eine lange Nutzungsdauer.<\/li>\n<li><strong>Multiszenen-Anpassungsf\u00e4higkeit<\/strong>: Als professionelles Werkzeug zum Erlernen von Drapiermethoden und f\u00fcr Modeexperimente, aber auch als dekoratives St\u00fcck im nordischen Stil f\u00fcr Wohnungen, Boutiquen oder Bastelr\u00e4ume.<\/li>\n<\/ul>","protected":false},"excerpt":{"rendered":"<p>This is a 1:6 scale mini baby dress form (not full-size) with 3 size options: 14cm, 16.5cm, 21cm height. Key specs vary by size (e.g., 14cm: 6cm shoulder, 14cm bust, 12.5cm waist, 15cm hip). Total height adjusts 35.5\u201353.5cm. Made of fully pinnable foam (PU-lined beige fabric) with solid wood head &amp; wooden base. Suits sewing, draping, pattern making, and decor.<\/p>","protected":false},"featured_media":43766,"comment_status":"open","ping_status":"closed","template":"","meta":{"_acf_changed":false},"product_brand":[84],"product_cat":[578],"product_tag":[707,717,718,719,711,710,715,714,716,708,709,721,720,712,713],"class_list":{"0":"post-43759","1":"product","2":"type-product","3":"status-publish","4":"has-post-thumbnail","6":"product_brand-de-liang","7":"product_cat-half-scale-dress-form","8":"product_tag-16-scale-baby-dress-form","9":"product_tag-14cm-baby-dress-form","10":"product_tag-16-5cm-baby-mannequin","11":"product_tag-21cm-baby-dress-form","12":"product_tag-adjustable-height-baby-mannequin","13":"product_tag-baby-dress-form-for-pattern-making","14":"product_tag-baby-garment-draping-dummy","15":"product_tag-beige-baby-mannequin","16":"product_tag-decorative-baby-dress-form","17":"product_tag-fully-pinable-foam-mannequin","18":"product_tag-mini-baby-sewing-mannequin","19":"product_tag-mini-display-dress-form","20":"product_tag-pu-lined-baby-mannequin","21":"product_tag-solid-wood-head-dress-form","22":"product_tag-wooden-base-baby-dress-form","24":"first","25":"instock","26":"shipping-taxable","27":"purchasable","28":"product-type-simple"},"acf":[],"yoast_head":"<!-- This site is optimized with the Yoast SEO plugin v27.4 - https:\/\/yoast.com\/product\/yoast-seo-wordpress\/ -->\n<title>1:6 Mini Baby Dress Form \u2013 Fully Pinable Mannequin with Wooden Base for Sewing &amp; Pattern Making - DE-LIANG - jewelry,clothes,watch,beauty cosmetics<\/title>\n<meta name=\"robots\" content=\"index, follow, max-snippet:-1, max-image-preview:large, max-video-preview:-1\" \/>\n<link rel=\"canonical\" href=\"https:\/\/deliangdisplay.com\/de\/unser-produkt\/zeigt\/schaufensterpuppen\/halbwaage-kleiderform\/16-mini-baby-kleid-form-voll-pinable-mannequin-mit-holzernen-basis-fur-das-nahen-muster-machen\/\" \/>\n<meta property=\"og:locale\" content=\"de_DE\" \/>\n<meta property=\"og:type\" content=\"article\" \/>\n<meta property=\"og:title\" content=\"1:6 Mini Baby Dress Form \u2013 Fully Pinable Mannequin with Wooden Base for Sewing &amp; Pattern Making - DE-LIANG - jewelry,clothes,watch,beauty cosmetics\" \/>\n<meta property=\"og:description\" content=\"This is a 1:6 scale mini baby dress form (not full-size) with 3 size options: 14cm, 16.5cm, 21cm height. Key specs vary by size (e.g., 14cm: 6cm shoulder, 14cm bust, 12.5cm waist, 15cm hip). Total height adjusts 35.5\u201353.5cm. Made of fully pinnable foam (PU-lined beige fabric) with solid wood head &amp; wooden base. Suits sewing, draping, pattern making, and decor.\" \/>\n<meta property=\"og:url\" content=\"https:\/\/deliangdisplay.com\/de\/unser-produkt\/zeigt\/schaufensterpuppen\/halbwaage-kleiderform\/16-mini-baby-kleid-form-voll-pinable-mannequin-mit-holzernen-basis-fur-das-nahen-muster-machen\/\" \/>\n<meta property=\"og:site_name\" content=\"DE-LIANG - jewelry,clothes,watch,beauty cosmetics\" \/>\n<meta property=\"article:publisher\" content=\"https:\/\/www.facebook.com\/JaneZhang008\/\" \/>\n<meta property=\"article:modified_time\" content=\"2025-10-21T07:19:18+00:00\" \/>\n<meta property=\"og:image\" content=\"https:\/\/deliangdisplay.com\/wp-content\/uploads\/2025\/10\/2-14.webp\" \/>\n\t<meta property=\"og:image:width\" content=\"600\" \/>\n\t<meta property=\"og:image:height\" content=\"600\" \/>\n\t<meta property=\"og:image:type\" content=\"image\/webp\" \/>\n<meta name=\"twitter:card\" content=\"summary_large_image\" \/>\n<meta name=\"twitter:site\" content=\"@ly673551729\" \/>\n<meta name=\"twitter:label1\" content=\"Gesch\u00e4tzte Lesezeit\" \/>\n\t<meta name=\"twitter:data1\" content=\"2\u00a0Minuten\" \/>\n<script type=\"application\/ld+json\" class=\"yoast-schema-graph\">{\"@context\":\"https:\\\/\\\/schema.org\",\"@graph\":[{\"@type\":\"WebPage\",\"@id\":\"https:\\\/\\\/deliangdisplay.com\\\/our-product\\\/displays\\\/retail-mannequins\\\/half-scale-dress-form\\\/16-mini-baby-dress-form-fully-pinable-mannequin-with-wooden-base-for-sewing-pattern-making\\\/\",\"url\":\"https:\\\/\\\/deliangdisplay.com\\\/our-product\\\/displays\\\/retail-mannequins\\\/half-scale-dress-form\\\/16-mini-baby-dress-form-fully-pinable-mannequin-with-wooden-base-for-sewing-pattern-making\\\/\",\"name\":\"1:6 Mini Baby Dress Form \u2013 Fully Pinable Mannequin with Wooden Base for Sewing & Pattern Making - DE-LIANG - jewelry,clothes,watch,beauty cosmetics\",\"isPartOf\":{\"@id\":\"https:\\\/\\\/deliangdisplay.com\\\/#website\"},\"primaryImageOfPage\":{\"@id\":\"https:\\\/\\\/deliangdisplay.com\\\/our-product\\\/displays\\\/retail-mannequins\\\/half-scale-dress-form\\\/16-mini-baby-dress-form-fully-pinable-mannequin-with-wooden-base-for-sewing-pattern-making\\\/#primaryimage\"},\"image\":{\"@id\":\"https:\\\/\\\/deliangdisplay.com\\\/our-product\\\/displays\\\/retail-mannequins\\\/half-scale-dress-form\\\/16-mini-baby-dress-form-fully-pinable-mannequin-with-wooden-base-for-sewing-pattern-making\\\/#primaryimage\"},\"thumbnailUrl\":\"https:\\\/\\\/deliangdisplay.com\\\/wp-content\\\/uploads\\\/2025\\\/10\\\/2-14.webp\",\"datePublished\":\"2025-10-21T07:19:04+00:00\",\"dateModified\":\"2025-10-21T07:19:18+00:00\",\"breadcrumb\":{\"@id\":\"https:\\\/\\\/deliangdisplay.com\\\/our-product\\\/displays\\\/retail-mannequins\\\/half-scale-dress-form\\\/16-mini-baby-dress-form-fully-pinable-mannequin-with-wooden-base-for-sewing-pattern-making\\\/#breadcrumb\"},\"inLanguage\":\"de\",\"potentialAction\":[{\"@type\":\"ReadAction\",\"target\":[\"https:\\\/\\\/deliangdisplay.com\\\/our-product\\\/displays\\\/retail-mannequins\\\/half-scale-dress-form\\\/16-mini-baby-dress-form-fully-pinable-mannequin-with-wooden-base-for-sewing-pattern-making\\\/\"]}]},{\"@type\":\"ImageObject\",\"inLanguage\":\"de\",\"@id\":\"https:\\\/\\\/deliangdisplay.com\\\/our-product\\\/displays\\\/retail-mannequins\\\/half-scale-dress-form\\\/16-mini-baby-dress-form-fully-pinable-mannequin-with-wooden-base-for-sewing-pattern-making\\\/#primaryimage\",\"url\":\"https:\\\/\\\/deliangdisplay.com\\\/wp-content\\\/uploads\\\/2025\\\/10\\\/2-14.webp\",\"contentUrl\":\"https:\\\/\\\/deliangdisplay.com\\\/wp-content\\\/uploads\\\/2025\\\/10\\\/2-14.webp\",\"width\":600,\"height\":600},{\"@type\":\"BreadcrumbList\",\"@id\":\"https:\\\/\\\/deliangdisplay.com\\\/our-product\\\/displays\\\/retail-mannequins\\\/half-scale-dress-form\\\/16-mini-baby-dress-form-fully-pinable-mannequin-with-wooden-base-for-sewing-pattern-making\\\/#breadcrumb\",\"itemListElement\":[{\"@type\":\"ListItem\",\"position\":1,\"name\":\"\u9996\u9875\",\"item\":\"https:\\\/\\\/deliangdisplay.com\\\/\"},{\"@type\":\"ListItem\",\"position\":2,\"name\":\"Our Product\",\"item\":\"https:\\\/\\\/deliangdisplay.com\\\/our-product\\\/\"},{\"@type\":\"ListItem\",\"position\":3,\"name\":\"1:6 Mini Baby Dress Form \u2013 Fully Pinable Mannequin with Wooden Base for Sewing &#038; Pattern Making\"}]},{\"@type\":\"WebSite\",\"@id\":\"https:\\\/\\\/deliangdisplay.com\\\/#website\",\"url\":\"https:\\\/\\\/deliangdisplay.com\\\/\",\"name\":\"deliangdisplay.com\",\"description\":\"DE-LIANG - Providing bespoke packaging solutions and luxurious display design services for brands in jewelry, apparel, watches, beauty cosmetics, and more.\",\"publisher\":{\"@id\":\"https:\\\/\\\/deliangdisplay.com\\\/#organization\"},\"potentialAction\":[{\"@type\":\"SearchAction\",\"target\":{\"@type\":\"EntryPoint\",\"urlTemplate\":\"https:\\\/\\\/deliangdisplay.com\\\/?s={search_term_string}\"},\"query-input\":{\"@type\":\"PropertyValueSpecification\",\"valueRequired\":true,\"valueName\":\"search_term_string\"}}],\"inLanguage\":\"de\"},{\"@type\":\"Organization\",\"@id\":\"https:\\\/\\\/deliangdisplay.com\\\/#organization\",\"name\":\"deliangdisplay.com\",\"url\":\"https:\\\/\\\/deliangdisplay.com\\\/\",\"logo\":{\"@type\":\"ImageObject\",\"inLanguage\":\"de\",\"@id\":\"https:\\\/\\\/deliangdisplay.com\\\/#\\\/schema\\\/logo\\\/image\\\/\",\"url\":\"https:\\\/\\\/deliangdisplay.com\\\/wp-content\\\/uploads\\\/2025\\\/08\\\/DELIANGDISPALY_logo.png\",\"contentUrl\":\"https:\\\/\\\/deliangdisplay.com\\\/wp-content\\\/uploads\\\/2025\\\/08\\\/DELIANGDISPALY_logo.png\",\"width\":300,\"height\":130,\"caption\":\"deliangdisplay.com\"},\"image\":{\"@id\":\"https:\\\/\\\/deliangdisplay.com\\\/#\\\/schema\\\/logo\\\/image\\\/\"},\"sameAs\":[\"https:\\\/\\\/www.facebook.com\\\/JaneZhang008\\\/\",\"https:\\\/\\\/x.com\\\/ly673551729\"]}]}<\/script>\n<!-- \/ Yoast SEO plugin. -->","yoast_head_json":{"title":"1:6 Mini-Baby-Kleid Form - Voll Pinable Mannequin mit h\u00f6lzernen Basis f\u00fcr N\u00e4hen &amp; Pattern Making - DE-LIANG - Schmuck, Kleidung, Uhr, Sch\u00f6nheit Kosmetik","robots":{"index":"index","follow":"follow","max-snippet":"max-snippet:-1","max-image-preview":"max-image-preview:large","max-video-preview":"max-video-preview:-1"},"canonical":"https:\/\/deliangdisplay.com\/de\/unser-produkt\/zeigt\/schaufensterpuppen\/halbwaage-kleiderform\/16-mini-baby-kleid-form-voll-pinable-mannequin-mit-holzernen-basis-fur-das-nahen-muster-machen\/","og_locale":"de_DE","og_type":"article","og_title":"1:6 Mini Baby Dress Form \u2013 Fully Pinable Mannequin with Wooden Base for Sewing & Pattern Making - DE-LIANG - jewelry,clothes,watch,beauty cosmetics","og_description":"This is a 1:6 scale mini baby dress form (not full-size) with 3 size options: 14cm, 16.5cm, 21cm height. Key specs vary by size (e.g., 14cm: 6cm shoulder, 14cm bust, 12.5cm waist, 15cm hip). Total height adjusts 35.5\u201353.5cm. Made of fully pinnable foam (PU-lined beige fabric) with solid wood head &amp; wooden base. Suits sewing, draping, pattern making, and decor.","og_url":"https:\/\/deliangdisplay.com\/de\/unser-produkt\/zeigt\/schaufensterpuppen\/halbwaage-kleiderform\/16-mini-baby-kleid-form-voll-pinable-mannequin-mit-holzernen-basis-fur-das-nahen-muster-machen\/","og_site_name":"DE-LIANG - jewelry,clothes,watch,beauty cosmetics","article_publisher":"https:\/\/www.facebook.com\/JaneZhang008\/","article_modified_time":"2025-10-21T07:19:18+00:00","og_image":[{"width":600,"height":600,"url":"https:\/\/deliangdisplay.com\/wp-content\/uploads\/2025\/10\/2-14.webp","type":"image\/webp"}],"twitter_card":"summary_large_image","twitter_site":"@ly673551729","twitter_misc":{"Gesch\u00e4tzte Lesezeit":"2\u00a0Minuten"},"schema":{"@context":"https:\/\/schema.org","@graph":[{"@type":"WebPage","@id":"https:\/\/deliangdisplay.com\/our-product\/displays\/retail-mannequins\/half-scale-dress-form\/16-mini-baby-dress-form-fully-pinable-mannequin-with-wooden-base-for-sewing-pattern-making\/","url":"https:\/\/deliangdisplay.com\/our-product\/displays\/retail-mannequins\/half-scale-dress-form\/16-mini-baby-dress-form-fully-pinable-mannequin-with-wooden-base-for-sewing-pattern-making\/","name":"1:6 Mini-Baby-Kleid Form - Voll Pinable Mannequin mit h\u00f6lzernen Basis f\u00fcr N\u00e4hen &amp; Pattern Making - DE-LIANG - Schmuck, Kleidung, Uhr, Sch\u00f6nheit Kosmetik","isPartOf":{"@id":"https:\/\/deliangdisplay.com\/#website"},"primaryImageOfPage":{"@id":"https:\/\/deliangdisplay.com\/our-product\/displays\/retail-mannequins\/half-scale-dress-form\/16-mini-baby-dress-form-fully-pinable-mannequin-with-wooden-base-for-sewing-pattern-making\/#primaryimage"},"image":{"@id":"https:\/\/deliangdisplay.com\/our-product\/displays\/retail-mannequins\/half-scale-dress-form\/16-mini-baby-dress-form-fully-pinable-mannequin-with-wooden-base-for-sewing-pattern-making\/#primaryimage"},"thumbnailUrl":"https:\/\/deliangdisplay.com\/wp-content\/uploads\/2025\/10\/2-14.webp","datePublished":"2025-10-21T07:19:04+00:00","dateModified":"2025-10-21T07:19:18+00:00","breadcrumb":{"@id":"https:\/\/deliangdisplay.com\/our-product\/displays\/retail-mannequins\/half-scale-dress-form\/16-mini-baby-dress-form-fully-pinable-mannequin-with-wooden-base-for-sewing-pattern-making\/#breadcrumb"},"inLanguage":"de","potentialAction":[{"@type":"ReadAction","target":["https:\/\/deliangdisplay.com\/our-product\/displays\/retail-mannequins\/half-scale-dress-form\/16-mini-baby-dress-form-fully-pinable-mannequin-with-wooden-base-for-sewing-pattern-making\/"]}]},{"@type":"ImageObject","inLanguage":"de","@id":"https:\/\/deliangdisplay.com\/our-product\/displays\/retail-mannequins\/half-scale-dress-form\/16-mini-baby-dress-form-fully-pinable-mannequin-with-wooden-base-for-sewing-pattern-making\/#primaryimage","url":"https:\/\/deliangdisplay.com\/wp-content\/uploads\/2025\/10\/2-14.webp","contentUrl":"https:\/\/deliangdisplay.com\/wp-content\/uploads\/2025\/10\/2-14.webp","width":600,"height":600},{"@type":"BreadcrumbList","@id":"https:\/\/deliangdisplay.com\/our-product\/displays\/retail-mannequins\/half-scale-dress-form\/16-mini-baby-dress-form-fully-pinable-mannequin-with-wooden-base-for-sewing-pattern-making\/#breadcrumb","itemListElement":[{"@type":"ListItem","position":1,"name":"\u9996\u9875","item":"https:\/\/deliangdisplay.com\/"},{"@type":"ListItem","position":2,"name":"Our Product","item":"https:\/\/deliangdisplay.com\/our-product\/"},{"@type":"ListItem","position":3,"name":"1:6 Mini Baby Dress Form \u2013 Fully Pinable Mannequin with Wooden Base for Sewing &#038; Pattern Making"}]},{"@type":"WebSite","@id":"https:\/\/deliangdisplay.com\/#website","url":"https:\/\/deliangdisplay.com\/","name":"deliangdisplay.com","description":"DE-LIANG - Ma\u00dfgeschneiderte Verpackungsl\u00f6sungen und luxuri\u00f6ses Display-Design f\u00fcr Marken aus der Schmuck-, Bekleidungs-, Uhren- und Kosmetikbranche und mehr.","publisher":{"@id":"https:\/\/deliangdisplay.com\/#organization"},"potentialAction":[{"@type":"SearchAction","target":{"@type":"EntryPoint","urlTemplate":"https:\/\/deliangdisplay.com\/?s={search_term_string}"},"query-input":{"@type":"PropertyValueSpecification","valueRequired":true,"valueName":"search_term_string"}}],"inLanguage":"de"},{"@type":"Organization","@id":"https:\/\/deliangdisplay.com\/#organization","name":"deliangdisplay.com","url":"https:\/\/deliangdisplay.com\/","logo":{"@type":"ImageObject","inLanguage":"de","@id":"https:\/\/deliangdisplay.com\/#\/schema\/logo\/image\/","url":"https:\/\/deliangdisplay.com\/wp-content\/uploads\/2025\/08\/DELIANGDISPALY_logo.png","contentUrl":"https:\/\/deliangdisplay.com\/wp-content\/uploads\/2025\/08\/DELIANGDISPALY_logo.png","width":300,"height":130,"caption":"deliangdisplay.com"},"image":{"@id":"https:\/\/deliangdisplay.com\/#\/schema\/logo\/image\/"},"sameAs":["https:\/\/www.facebook.com\/JaneZhang008\/","https:\/\/x.com\/ly673551729"]}]}},"_links":{"self":[{"href":"https:\/\/deliangdisplay.com\/de\/wp-json\/wp\/v2\/product\/43759","targetHints":{"allow":["GET"]}}],"collection":[{"href":"https:\/\/deliangdisplay.com\/de\/wp-json\/wp\/v2\/product"}],"about":[{"href":"https:\/\/deliangdisplay.com\/de\/wp-json\/wp\/v2\/types\/product"}],"replies":[{"embeddable":true,"href":"https:\/\/deliangdisplay.com\/de\/wp-json\/wp\/v2\/comments?post=43759"}],"wp:featuredmedia":[{"embeddable":true,"href":"https:\/\/deliangdisplay.com\/de\/wp-json\/wp\/v2\/media\/43766"}],"wp:attachment":[{"href":"https:\/\/deliangdisplay.com\/de\/wp-json\/wp\/v2\/media?parent=43759"}],"wp:term":[{"taxonomy":"product_brand","embeddable":true,"href":"https:\/\/deliangdisplay.com\/de\/wp-json\/wp\/v2\/product_brand?post=43759"},{"taxonomy":"product_cat","embeddable":true,"href":"https:\/\/deliangdisplay.com\/de\/wp-json\/wp\/v2\/product_cat?post=43759"},{"taxonomy":"product_tag","embeddable":true,"href":"https:\/\/deliangdisplay.com\/de\/wp-json\/wp\/v2\/product_tag?post=43759"}],"curies":[{"name":"wp","href":"https:\/\/api.w.org\/{rel}","templated":true}]}}