{"id":43741,"date":"2025-10-21T14:27:57","date_gmt":"2025-10-21T06:27:57","guid":{"rendered":"https:\/\/deliangdisplay.com\/?post_type=product&#038;p=43741"},"modified":"2025-10-21T14:27:57","modified_gmt":"2025-10-21T06:27:57","slug":"verstellbare-halbe-skala-kleid-form-grose-20-metall-basis-mannequin-fur-das-nahen-drapieren","status":"publish","type":"product","link":"https:\/\/deliangdisplay.com\/de\/unser-produkt\/zeigt\/schaufensterpuppen\/halbwaage-kleiderform\/verstellbare-halbe-skala-kleid-form-grose-20-metall-basis-mannequin-fur-das-nahen-drapieren\/","title":{"rendered":"Verstellbare Halb-Skala Kleid Form (Gr\u00f6\u00dfe 20) - Metall Basis Mannequin f\u00fcr N\u00e4hen &amp; Drapieren"},"content":{"rendered":"<h3 class=\"header-iWP5WJ auto-hide-last-sibling-br\">Produkt\u00fcbersicht<\/h3>\n<div class=\"auto-hide-last-sibling-br paragraph-pP9ZLC paragraph-element br-paragraph-space\">Dies ist eine\u00a0<strong>Weibliche Kleiderform im Ma\u00dfstab 1:2<\/strong>\u00a0(nicht in voller Erwachsenengr\u00f6\u00dfe, sondern in Gr\u00f6\u00dfe 20), entwickelt f\u00fcr die Bereiche N\u00e4hen, Schnittmustererstellung, Drapieren von Kleidern und Modedesignausbildung. Es hilft Modedesignern, Schneidersch\u00fclern und Designern, Stoff und Zeit zu sparen, indem es wiederholte Tests, Anpassungen und Stil-Iterationen von Kleidungsst\u00fccken erm\u00f6glicht. Seine kompakte Gr\u00f6\u00dfe spart Stauraum und verbessert die Tragbarkeit, w\u00e4hrend er auch f\u00fcr Schaufensterauslagen oder Bastelprojekte von Kindern geeignet ist - und dabei praktischen Nutzen mit dekorativem Wert verbindet.<\/div>\n<h3 class=\"header-iWP5WJ auto-hide-last-sibling-br\">Wichtige Spezifikationen<\/h3>\n<ul class=\"auto-hide-last-sibling-br\">\n<li><strong>Gr\u00f6\u00dfe Details<\/strong>\n<ul class=\"auto-hide-last-sibling-br\">\n<li>Gr\u00f6\u00dfe 20: K\u00f6rpergr\u00f6\u00dfe 49cm, Schulterbreite 22cm, Oberweite 57cm, Taille 50cm, H\u00fcfte 61,5cm; handgefertigt mit einer Gr\u00f6\u00dfentoleranz von \u00b10,5cm.<\/li>\n<li>Hinweis: Einige Ger\u00e4te tragen die Zahl \u201c20\u201d auf dem Geh\u00e4use, andere nicht - der Versand erfolgt nach dem Zufallsprinzip.<\/li>\n<\/ul>\n<\/li>\n<li><strong>H\u00f6henverstellbar<\/strong>: Die Gesamth\u00f6he (einschlie\u00dflich Metallsockel und Stange) l\u00e4sst sich durch Drehen einer Schraube von 49,5 cm auf 82 cm einstellen; der Sockel ist ein schwarzer runder Metallst\u00e4nder mit einem Durchmesser von 17 cm.<\/li>\n<li><strong>Materialien und Struktur<\/strong>: Korpus aus Fiberglas (mit Baumwollpolsterung innen) und Stoffbezug; mit schwarzer Fiberglas-Halsabdeckung, schwarzen Metallschulterabdeckungen, Sockel und St\u00fctzstange f\u00fcr Haltbarkeit und Stabilit\u00e4t.<\/li>\n<\/ul>\n<h3 class=\"header-iWP5WJ auto-hide-last-sibling-br\">Wesentliche Merkmale<\/h3>\n<ul class=\"auto-hide-last-sibling-br\">\n<li><strong>Semi-Pinnable Design<\/strong>: Kann in einem Winkel gepinnt werden (aufgrund des Glasfasermaterials nicht vollst\u00e4ndig pinnbar), um den Stoff w\u00e4hrend des Drapierens, N\u00e4hens oder der Anfertigung von Schnittmustern zu fixieren und so eine pr\u00e4zise Anpassung von kleinen Kleidungsst\u00fccken zu gew\u00e4hrleisten.<\/li>\n<li><strong>Proportionale Genauigkeit<\/strong>: Die Proportionen des Modells sind auf die Proportionen von Erwachsenen zugeschnitten, so dass die auf dem Modell getesteten Mini-Kleidungsst\u00fccke genau auf die volle Gr\u00f6\u00dfe \u00fcbertragen werden k\u00f6nnen, was sowohl f\u00fcr die professionelle Gestaltung als auch f\u00fcr die Ausbildung von Studenten zuverl\u00e4ssig ist.<\/li>\n<li><strong>Stabil und langlebig<\/strong>: Der schwarze Metallsockel und die Stange erh\u00f6hen die strukturelle Stabilit\u00e4t (verhindert das Umkippen w\u00e4hrend der Benutzung), w\u00e4hrend die Glasfaser- und Gewebematerialien verschlei\u00dffest sind und die Lebensdauer des Produkts verl\u00e4ngern.<\/li>\n<li><strong>Multiszenen-Anpassungsf\u00e4higkeit<\/strong>: Funktioniert als professionelles Werkzeug f\u00fcr den Zuschnitt, die Schablonenherstellung und den Modedesignunterricht; eignet sich auch f\u00fcr die Pr\u00e4sentation von Schmuck und T\u00fcchern, die Schaufensterdekoration und das Basteln mit Kindern, um verschiedene Bed\u00fcrfnisse zu erf\u00fcllen.<\/li>\n<\/ul>","protected":false},"excerpt":{"rendered":"<p>This is a 1:2 half-scale female dress form (Size 20, not adult size) for sewing, pattern making, and design education. Key specs: 49cm body height, 22cm shoulder, 57cm bust, 50cm waist, 61.5cm hips. Total height adjusts 49.5\u201382cm via a screw, with a 17cm metal base. Made of fiberglass (cotton-padded) and fabric, it\u2019s semi-pinnable\u2014suits designers, students, and decor\/crafts. (Note: Some have &#8220;20&#8221; on the body, shipping is random.)<\/p>","protected":false},"featured_media":43745,"comment_status":"open","ping_status":"closed","template":"","meta":{"_acf_changed":false},"product_brand":[84],"product_cat":[578],"product_tag":[579,582,685,691,694,696,605,586,591,587,676,647,684,697,698],"class_list":{"0":"post-43741","1":"product","2":"type-product","3":"status-publish","4":"has-post-thumbnail","6":"product_brand-de-liang","7":"product_cat-half-scale-dress-form","8":"product_tag-12-half-scale-dress-form","9":"product_tag-adjustable-height-dress-form","10":"product_tag-cotton-padded-dress-form","11":"product_tag-decorative-mannequin","12":"product_tag-design-education-mannequin","13":"product_tag-fashion-student-dress-form","14":"product_tag-female-sewing-mannequin","15":"product_tag-fiberglass-dress-form","16":"product_tag-half-scale-female-mannequin","17":"product_tag-metal-base-dress-form","18":"product_tag-mini-garment-mock-up-mannequin","19":"product_tag-pattern-making-dummy","20":"product_tag-semi-pinnable-dress-form","21":"product_tag-size-20-female-dress-form","22":"product_tag-tailor-sewing-dummy","24":"first","25":"instock","26":"shipping-taxable","27":"purchasable","28":"product-type-simple"},"acf":[],"yoast_head":"<!-- This site is optimized with the Yoast SEO plugin v27.4 - https:\/\/yoast.com\/product\/yoast-seo-wordpress\/ -->\n<title>Adjustable Half-Scale Dress Form (Size 20) \u2013 Metal Base Mannequin for Sewing &amp; Draping - DE-LIANG - jewelry,clothes,watch,beauty cosmetics<\/title>\n<meta name=\"robots\" content=\"index, follow, max-snippet:-1, max-image-preview:large, max-video-preview:-1\" \/>\n<link rel=\"canonical\" href=\"https:\/\/deliangdisplay.com\/de\/unser-produkt\/zeigt\/schaufensterpuppen\/halbwaage-kleiderform\/verstellbare-halbe-skala-kleid-form-grose-20-metall-basis-mannequin-fur-das-nahen-drapieren\/\" \/>\n<meta property=\"og:locale\" content=\"de_DE\" \/>\n<meta property=\"og:type\" content=\"article\" \/>\n<meta property=\"og:title\" content=\"Adjustable Half-Scale Dress Form (Size 20) \u2013 Metal Base Mannequin for Sewing &amp; Draping - DE-LIANG - jewelry,clothes,watch,beauty cosmetics\" \/>\n<meta property=\"og:description\" content=\"This is a 1:2 half-scale female dress form (Size 20, not adult size) for sewing, pattern making, and design education. Key specs: 49cm body height, 22cm shoulder, 57cm bust, 50cm waist, 61.5cm hips. Total height adjusts 49.5\u201382cm via a screw, with a 17cm metal base. Made of fiberglass (cotton-padded) and fabric, it\u2019s semi-pinnable\u2014suits designers, students, and decor\/crafts. (Note: Some have &quot;20&quot; on the body, shipping is random.)\" \/>\n<meta property=\"og:url\" content=\"https:\/\/deliangdisplay.com\/de\/unser-produkt\/zeigt\/schaufensterpuppen\/halbwaage-kleiderform\/verstellbare-halbe-skala-kleid-form-grose-20-metall-basis-mannequin-fur-das-nahen-drapieren\/\" \/>\n<meta property=\"og:site_name\" content=\"DE-LIANG - jewelry,clothes,watch,beauty cosmetics\" \/>\n<meta property=\"article:publisher\" content=\"https:\/\/www.facebook.com\/JaneZhang008\/\" \/>\n<meta property=\"og:image\" content=\"https:\/\/deliangdisplay.com\/wp-content\/uploads\/2025\/10\/1-12.webp\" \/>\n\t<meta property=\"og:image:width\" content=\"600\" \/>\n\t<meta property=\"og:image:height\" content=\"600\" \/>\n\t<meta property=\"og:image:type\" content=\"image\/webp\" \/>\n<meta name=\"twitter:card\" content=\"summary_large_image\" \/>\n<meta name=\"twitter:site\" content=\"@ly673551729\" \/>\n<meta name=\"twitter:label1\" content=\"Gesch\u00e4tzte Lesezeit\" \/>\n\t<meta name=\"twitter:data1\" content=\"2\u00a0Minuten\" \/>\n<script type=\"application\/ld+json\" class=\"yoast-schema-graph\">{\"@context\":\"https:\\\/\\\/schema.org\",\"@graph\":[{\"@type\":\"WebPage\",\"@id\":\"https:\\\/\\\/deliangdisplay.com\\\/our-product\\\/displays\\\/retail-mannequins\\\/half-scale-dress-form\\\/adjustable-half-scale-dress-form-size-20-metal-base-mannequin-for-sewing-draping\\\/\",\"url\":\"https:\\\/\\\/deliangdisplay.com\\\/our-product\\\/displays\\\/retail-mannequins\\\/half-scale-dress-form\\\/adjustable-half-scale-dress-form-size-20-metal-base-mannequin-for-sewing-draping\\\/\",\"name\":\"Adjustable Half-Scale Dress Form (Size 20) \u2013 Metal Base Mannequin for Sewing & Draping - DE-LIANG - jewelry,clothes,watch,beauty cosmetics\",\"isPartOf\":{\"@id\":\"https:\\\/\\\/deliangdisplay.com\\\/#website\"},\"primaryImageOfPage\":{\"@id\":\"https:\\\/\\\/deliangdisplay.com\\\/our-product\\\/displays\\\/retail-mannequins\\\/half-scale-dress-form\\\/adjustable-half-scale-dress-form-size-20-metal-base-mannequin-for-sewing-draping\\\/#primaryimage\"},\"image\":{\"@id\":\"https:\\\/\\\/deliangdisplay.com\\\/our-product\\\/displays\\\/retail-mannequins\\\/half-scale-dress-form\\\/adjustable-half-scale-dress-form-size-20-metal-base-mannequin-for-sewing-draping\\\/#primaryimage\"},\"thumbnailUrl\":\"https:\\\/\\\/deliangdisplay.com\\\/wp-content\\\/uploads\\\/2025\\\/10\\\/1-12.webp\",\"datePublished\":\"2025-10-21T06:27:57+00:00\",\"breadcrumb\":{\"@id\":\"https:\\\/\\\/deliangdisplay.com\\\/our-product\\\/displays\\\/retail-mannequins\\\/half-scale-dress-form\\\/adjustable-half-scale-dress-form-size-20-metal-base-mannequin-for-sewing-draping\\\/#breadcrumb\"},\"inLanguage\":\"de\",\"potentialAction\":[{\"@type\":\"ReadAction\",\"target\":[\"https:\\\/\\\/deliangdisplay.com\\\/our-product\\\/displays\\\/retail-mannequins\\\/half-scale-dress-form\\\/adjustable-half-scale-dress-form-size-20-metal-base-mannequin-for-sewing-draping\\\/\"]}]},{\"@type\":\"ImageObject\",\"inLanguage\":\"de\",\"@id\":\"https:\\\/\\\/deliangdisplay.com\\\/our-product\\\/displays\\\/retail-mannequins\\\/half-scale-dress-form\\\/adjustable-half-scale-dress-form-size-20-metal-base-mannequin-for-sewing-draping\\\/#primaryimage\",\"url\":\"https:\\\/\\\/deliangdisplay.com\\\/wp-content\\\/uploads\\\/2025\\\/10\\\/1-12.webp\",\"contentUrl\":\"https:\\\/\\\/deliangdisplay.com\\\/wp-content\\\/uploads\\\/2025\\\/10\\\/1-12.webp\",\"width\":600,\"height\":600},{\"@type\":\"BreadcrumbList\",\"@id\":\"https:\\\/\\\/deliangdisplay.com\\\/our-product\\\/displays\\\/retail-mannequins\\\/half-scale-dress-form\\\/adjustable-half-scale-dress-form-size-20-metal-base-mannequin-for-sewing-draping\\\/#breadcrumb\",\"itemListElement\":[{\"@type\":\"ListItem\",\"position\":1,\"name\":\"\u9996\u9875\",\"item\":\"https:\\\/\\\/deliangdisplay.com\\\/\"},{\"@type\":\"ListItem\",\"position\":2,\"name\":\"Our Product\",\"item\":\"https:\\\/\\\/deliangdisplay.com\\\/our-product\\\/\"},{\"@type\":\"ListItem\",\"position\":3,\"name\":\"Adjustable Half-Scale Dress Form (Size 20) \u2013 Metal Base Mannequin for Sewing &#038; Draping\"}]},{\"@type\":\"WebSite\",\"@id\":\"https:\\\/\\\/deliangdisplay.com\\\/#website\",\"url\":\"https:\\\/\\\/deliangdisplay.com\\\/\",\"name\":\"deliangdisplay.com\",\"description\":\"DE-LIANG - Providing bespoke packaging solutions and luxurious display design services for brands in jewelry, apparel, watches, beauty cosmetics, and more.\",\"publisher\":{\"@id\":\"https:\\\/\\\/deliangdisplay.com\\\/#organization\"},\"potentialAction\":[{\"@type\":\"SearchAction\",\"target\":{\"@type\":\"EntryPoint\",\"urlTemplate\":\"https:\\\/\\\/deliangdisplay.com\\\/?s={search_term_string}\"},\"query-input\":{\"@type\":\"PropertyValueSpecification\",\"valueRequired\":true,\"valueName\":\"search_term_string\"}}],\"inLanguage\":\"de\"},{\"@type\":\"Organization\",\"@id\":\"https:\\\/\\\/deliangdisplay.com\\\/#organization\",\"name\":\"deliangdisplay.com\",\"url\":\"https:\\\/\\\/deliangdisplay.com\\\/\",\"logo\":{\"@type\":\"ImageObject\",\"inLanguage\":\"de\",\"@id\":\"https:\\\/\\\/deliangdisplay.com\\\/#\\\/schema\\\/logo\\\/image\\\/\",\"url\":\"https:\\\/\\\/deliangdisplay.com\\\/wp-content\\\/uploads\\\/2025\\\/08\\\/DELIANGDISPALY_logo.png\",\"contentUrl\":\"https:\\\/\\\/deliangdisplay.com\\\/wp-content\\\/uploads\\\/2025\\\/08\\\/DELIANGDISPALY_logo.png\",\"width\":300,\"height\":130,\"caption\":\"deliangdisplay.com\"},\"image\":{\"@id\":\"https:\\\/\\\/deliangdisplay.com\\\/#\\\/schema\\\/logo\\\/image\\\/\"},\"sameAs\":[\"https:\\\/\\\/www.facebook.com\\\/JaneZhang008\\\/\",\"https:\\\/\\\/x.com\\\/ly673551729\"]}]}<\/script>\n<!-- \/ Yoast SEO plugin. -->","yoast_head_json":{"title":"Verstellbare Halb-Skala Kleid Form (Gr\u00f6\u00dfe 20) - Metall Basis Mannequin f\u00fcr N\u00e4hen &amp; Drapieren - DE-LIANG - Schmuck,Kleidung,Uhr,Sch\u00f6nheit Kosmetik","robots":{"index":"index","follow":"follow","max-snippet":"max-snippet:-1","max-image-preview":"max-image-preview:large","max-video-preview":"max-video-preview:-1"},"canonical":"https:\/\/deliangdisplay.com\/de\/unser-produkt\/zeigt\/schaufensterpuppen\/halbwaage-kleiderform\/verstellbare-halbe-skala-kleid-form-grose-20-metall-basis-mannequin-fur-das-nahen-drapieren\/","og_locale":"de_DE","og_type":"article","og_title":"Adjustable Half-Scale Dress Form (Size 20) \u2013 Metal Base Mannequin for Sewing & Draping - DE-LIANG - jewelry,clothes,watch,beauty cosmetics","og_description":"This is a 1:2 half-scale female dress form (Size 20, not adult size) for sewing, pattern making, and design education. Key specs: 49cm body height, 22cm shoulder, 57cm bust, 50cm waist, 61.5cm hips. Total height adjusts 49.5\u201382cm via a screw, with a 17cm metal base. Made of fiberglass (cotton-padded) and fabric, it\u2019s semi-pinnable\u2014suits designers, students, and decor\/crafts. (Note: Some have \"20\" on the body, shipping is random.)","og_url":"https:\/\/deliangdisplay.com\/de\/unser-produkt\/zeigt\/schaufensterpuppen\/halbwaage-kleiderform\/verstellbare-halbe-skala-kleid-form-grose-20-metall-basis-mannequin-fur-das-nahen-drapieren\/","og_site_name":"DE-LIANG - jewelry,clothes,watch,beauty cosmetics","article_publisher":"https:\/\/www.facebook.com\/JaneZhang008\/","og_image":[{"width":600,"height":600,"url":"https:\/\/deliangdisplay.com\/wp-content\/uploads\/2025\/10\/1-12.webp","type":"image\/webp"}],"twitter_card":"summary_large_image","twitter_site":"@ly673551729","twitter_misc":{"Gesch\u00e4tzte Lesezeit":"2\u00a0Minuten"},"schema":{"@context":"https:\/\/schema.org","@graph":[{"@type":"WebPage","@id":"https:\/\/deliangdisplay.com\/our-product\/displays\/retail-mannequins\/half-scale-dress-form\/adjustable-half-scale-dress-form-size-20-metal-base-mannequin-for-sewing-draping\/","url":"https:\/\/deliangdisplay.com\/our-product\/displays\/retail-mannequins\/half-scale-dress-form\/adjustable-half-scale-dress-form-size-20-metal-base-mannequin-for-sewing-draping\/","name":"Verstellbare Halb-Skala Kleid Form (Gr\u00f6\u00dfe 20) - Metall Basis Mannequin f\u00fcr N\u00e4hen &amp; Drapieren - DE-LIANG - Schmuck,Kleidung,Uhr,Sch\u00f6nheit Kosmetik","isPartOf":{"@id":"https:\/\/deliangdisplay.com\/#website"},"primaryImageOfPage":{"@id":"https:\/\/deliangdisplay.com\/our-product\/displays\/retail-mannequins\/half-scale-dress-form\/adjustable-half-scale-dress-form-size-20-metal-base-mannequin-for-sewing-draping\/#primaryimage"},"image":{"@id":"https:\/\/deliangdisplay.com\/our-product\/displays\/retail-mannequins\/half-scale-dress-form\/adjustable-half-scale-dress-form-size-20-metal-base-mannequin-for-sewing-draping\/#primaryimage"},"thumbnailUrl":"https:\/\/deliangdisplay.com\/wp-content\/uploads\/2025\/10\/1-12.webp","datePublished":"2025-10-21T06:27:57+00:00","breadcrumb":{"@id":"https:\/\/deliangdisplay.com\/our-product\/displays\/retail-mannequins\/half-scale-dress-form\/adjustable-half-scale-dress-form-size-20-metal-base-mannequin-for-sewing-draping\/#breadcrumb"},"inLanguage":"de","potentialAction":[{"@type":"ReadAction","target":["https:\/\/deliangdisplay.com\/our-product\/displays\/retail-mannequins\/half-scale-dress-form\/adjustable-half-scale-dress-form-size-20-metal-base-mannequin-for-sewing-draping\/"]}]},{"@type":"ImageObject","inLanguage":"de","@id":"https:\/\/deliangdisplay.com\/our-product\/displays\/retail-mannequins\/half-scale-dress-form\/adjustable-half-scale-dress-form-size-20-metal-base-mannequin-for-sewing-draping\/#primaryimage","url":"https:\/\/deliangdisplay.com\/wp-content\/uploads\/2025\/10\/1-12.webp","contentUrl":"https:\/\/deliangdisplay.com\/wp-content\/uploads\/2025\/10\/1-12.webp","width":600,"height":600},{"@type":"BreadcrumbList","@id":"https:\/\/deliangdisplay.com\/our-product\/displays\/retail-mannequins\/half-scale-dress-form\/adjustable-half-scale-dress-form-size-20-metal-base-mannequin-for-sewing-draping\/#breadcrumb","itemListElement":[{"@type":"ListItem","position":1,"name":"\u9996\u9875","item":"https:\/\/deliangdisplay.com\/"},{"@type":"ListItem","position":2,"name":"Our Product","item":"https:\/\/deliangdisplay.com\/our-product\/"},{"@type":"ListItem","position":3,"name":"Adjustable Half-Scale Dress Form (Size 20) \u2013 Metal Base Mannequin for Sewing &#038; Draping"}]},{"@type":"WebSite","@id":"https:\/\/deliangdisplay.com\/#website","url":"https:\/\/deliangdisplay.com\/","name":"deliangdisplay.com","description":"DE-LIANG - Ma\u00dfgeschneiderte Verpackungsl\u00f6sungen und luxuri\u00f6ses Display-Design f\u00fcr Marken aus der Schmuck-, Bekleidungs-, Uhren- und Kosmetikbranche und mehr.","publisher":{"@id":"https:\/\/deliangdisplay.com\/#organization"},"potentialAction":[{"@type":"SearchAction","target":{"@type":"EntryPoint","urlTemplate":"https:\/\/deliangdisplay.com\/?s={search_term_string}"},"query-input":{"@type":"PropertyValueSpecification","valueRequired":true,"valueName":"search_term_string"}}],"inLanguage":"de"},{"@type":"Organization","@id":"https:\/\/deliangdisplay.com\/#organization","name":"deliangdisplay.com","url":"https:\/\/deliangdisplay.com\/","logo":{"@type":"ImageObject","inLanguage":"de","@id":"https:\/\/deliangdisplay.com\/#\/schema\/logo\/image\/","url":"https:\/\/deliangdisplay.com\/wp-content\/uploads\/2025\/08\/DELIANGDISPALY_logo.png","contentUrl":"https:\/\/deliangdisplay.com\/wp-content\/uploads\/2025\/08\/DELIANGDISPALY_logo.png","width":300,"height":130,"caption":"deliangdisplay.com"},"image":{"@id":"https:\/\/deliangdisplay.com\/#\/schema\/logo\/image\/"},"sameAs":["https:\/\/www.facebook.com\/JaneZhang008\/","https:\/\/x.com\/ly673551729"]}]}},"_links":{"self":[{"href":"https:\/\/deliangdisplay.com\/de\/wp-json\/wp\/v2\/product\/43741","targetHints":{"allow":["GET"]}}],"collection":[{"href":"https:\/\/deliangdisplay.com\/de\/wp-json\/wp\/v2\/product"}],"about":[{"href":"https:\/\/deliangdisplay.com\/de\/wp-json\/wp\/v2\/types\/product"}],"replies":[{"embeddable":true,"href":"https:\/\/deliangdisplay.com\/de\/wp-json\/wp\/v2\/comments?post=43741"}],"wp:featuredmedia":[{"embeddable":true,"href":"https:\/\/deliangdisplay.com\/de\/wp-json\/wp\/v2\/media\/43745"}],"wp:attachment":[{"href":"https:\/\/deliangdisplay.com\/de\/wp-json\/wp\/v2\/media?parent=43741"}],"wp:term":[{"taxonomy":"product_brand","embeddable":true,"href":"https:\/\/deliangdisplay.com\/de\/wp-json\/wp\/v2\/product_brand?post=43741"},{"taxonomy":"product_cat","embeddable":true,"href":"https:\/\/deliangdisplay.com\/de\/wp-json\/wp\/v2\/product_cat?post=43741"},{"taxonomy":"product_tag","embeddable":true,"href":"https:\/\/deliangdisplay.com\/de\/wp-json\/wp\/v2\/product_tag?post=43741"}],"curies":[{"name":"wp","href":"https:\/\/api.w.org\/{rel}","templated":true}]}}