{"id":43730,"date":"2025-10-21T14:22:06","date_gmt":"2025-10-21T06:22:06","guid":{"rendered":"https:\/\/deliangdisplay.com\/?post_type=product&#038;p=43730"},"modified":"2025-10-21T14:22:25","modified_gmt":"2025-10-21T06:22:25","slug":"12-miniatur-grose-22-kleid-form-verstellbaren-metall-basis-mannequin-fur-muster-machen-drapieren","status":"publish","type":"product","link":"https:\/\/deliangdisplay.com\/de\/unser-produkt\/zeigt\/schaufensterpuppen\/halbwaage-kleiderform\/12-miniatur-grose-22-kleid-form-verstellbaren-metall-basis-mannequin-fur-muster-machen-drapieren\/","title":{"rendered":"1:2 Miniatur Gr\u00f6\u00dfe 22 Dress Form - Adjustable Metal Base Mannequin f\u00fcr Pattern Making &amp; Draping"},"content":{"rendered":"<h3 class=\"header-iWP5WJ auto-hide-last-sibling-br\">Produkt\u00fcbersicht<\/h3>\n<div class=\"auto-hide-last-sibling-br paragraph-pP9ZLC paragraph-element br-paragraph-space\">Dies ist eine\u00a0<strong>Weibliche Kleiderform im Ma\u00dfstab 1:2<\/strong>\u00a0(nicht volle Erwachsenengr\u00f6\u00dfe, Gr\u00f6\u00dfenangabe 22-plus), entwickelt f\u00fcr das N\u00e4hen, die Mustererstellung, das Drapieren von Kleidern und die Modedesignausbildung. Es hilft Modedesignern, Schneidersch\u00fclern und Designern dabei, Stoff und Zeit zu sparen, indem es wiederholte Tests, Anpassungen und Stil-Iterationen von Kleidungsst\u00fccken erm\u00f6glicht. Seine kompakte Gr\u00f6\u00dfe spart Stauraum und erh\u00f6ht die Tragbarkeit, w\u00e4hrend er auch f\u00fcr Schaufensterauslagen oder Bastelprojekte von Kindern geeignet ist und praktischen Nutzen mit dekorativem Wert verbindet.<\/div>\n<h3 class=\"header-iWP5WJ auto-hide-last-sibling-br\">Wichtige Spezifikationen<\/h3>\n<ul class=\"auto-hide-last-sibling-br\">\n<li><strong>Gr\u00f6\u00dfe Details<\/strong>\n<ul class=\"auto-hide-last-sibling-br\">\n<li>Gr\u00f6\u00dfe 22: K\u00f6rpergr\u00f6\u00dfe 54 cm, Schulterbreite 24 cm, Oberweite 63 cm, Taille 54,5 cm, H\u00fcfte 68 cm; handgefertigt mit einer Gr\u00f6\u00dfentoleranz von \u00b10,5 cm.<\/li>\n<li>Hinweis: Einige Ger\u00e4te tragen die Nummer 22\u201c auf dem Geh\u00e4use, andere nicht - der Versand erfolgt nach dem Zufallsprinzip.<\/li>\n<\/ul>\n<\/li>\n<li><strong>H\u00f6henverstellbar<\/strong>: Die Gesamth\u00f6he (einschlie\u00dflich Metallsockel und Stange) l\u00e4sst sich durch Drehen einer Schraube von 54,5 cm auf 87 cm einstellen; der Sockel ist ein schwarzer, runder Metallst\u00e4nder mit einem Durchmesser von 17 cm.<\/li>\n<li><strong>Materialien und Struktur<\/strong>: Korpus aus Fiberglas (mit Baumwollpolsterung innen) und Stoffbezug; mit schwarzer Fiberglas-Halsabdeckung, schwarzen Metallschulterabdeckungen, Sockel und St\u00fctzstange f\u00fcr Haltbarkeit und Stabilit\u00e4t.<\/li>\n<\/ul>\n<h3 class=\"header-iWP5WJ auto-hide-last-sibling-br\">Wesentliche Merkmale<\/h3>\n<ul class=\"auto-hide-last-sibling-br\">\n<li><strong>Semi-Pinnable Design<\/strong>: Kann in einem Winkel gepinnt werden (aufgrund des Glasfasermaterials nicht vollst\u00e4ndig pinnbar), um den Stoff w\u00e4hrend des Drapierens, N\u00e4hens oder der Anfertigung von Schnittmustern zu fixieren und so eine pr\u00e4zise Anpassung von kleinen Kleidungsst\u00fccken zu gew\u00e4hrleisten.<\/li>\n<li><strong>Proportionale Genauigkeit<\/strong>: Die Proportionen des Modells sind auf die Proportionen von Erwachsenen zugeschnitten, so dass die auf dem Modell getesteten Mini-Kleidungsst\u00fccke genau auf die volle Gr\u00f6\u00dfe \u00fcbertragen werden k\u00f6nnen, was sowohl f\u00fcr die professionelle Gestaltung als auch f\u00fcr die Ausbildung von Studenten zuverl\u00e4ssig ist.<\/li>\n<li><strong>Stabil und langlebig<\/strong>: Der schwarze Metallfu\u00df, die Stange und die Schulterabdeckungen verbessern die strukturelle Stabilit\u00e4t (verhindern das Umkippen w\u00e4hrend des Gebrauchs) und sind verschlei\u00dffest, was die Lebensdauer des Produkts verl\u00e4ngert.<\/li>\n<li><strong>Multiszenen-Anpassungsf\u00e4higkeit<\/strong>: Funktioniert als professionelles Werkzeug f\u00fcr den Zuschnitt, die Schablonenherstellung und den Modedesignunterricht; eignet sich auch f\u00fcr die Pr\u00e4sentation von Schmuck und T\u00fcchern, die Schaufensterdekoration und das Basteln mit Kindern, um verschiedene Bed\u00fcrfnisse zu erf\u00fcllen.<\/li>\n<\/ul>","protected":false},"excerpt":{"rendered":"<p>This is a 1:2 half-scale female dress form (Size 22 plus-size, not adult size) for sewing, pattern making, and design education. Key specs: 54cm body height, 24cm shoulder, 63cm bust, 54.5cm waist, 68cm hips. Total height adjusts 54.5\u201387cm via a screw, with a 17cm metal base. Made of fiberglass (cotton-padded) and fabric, it\u2019s semi-pinnable\u2014suits designers, students, and decor\/crafts. (Note: Some have &#8220;22&#8221; on the body, shipping is random.)<\/p>","protected":false},"featured_media":43739,"comment_status":"open","ping_status":"closed","template":"","meta":{"_acf_changed":false},"product_brand":[84],"product_cat":[578],"product_tag":[579,582,685,691,694,696,605,586,591,587,695,647,692,684,693],"class_list":{"0":"post-43730","1":"product","2":"type-product","3":"status-publish","4":"has-post-thumbnail","6":"product_brand-de-liang","7":"product_cat-half-scale-dress-form","8":"product_tag-12-half-scale-dress-form","9":"product_tag-adjustable-height-dress-form","10":"product_tag-cotton-padded-dress-form","11":"product_tag-decorative-mannequin","12":"product_tag-design-education-mannequin","13":"product_tag-fashion-student-dress-form","14":"product_tag-female-sewing-mannequin","15":"product_tag-fiberglass-dress-form","16":"product_tag-half-scale-female-mannequin","17":"product_tag-metal-base-dress-form","18":"product_tag-mini-garment-mannequin","19":"product_tag-pattern-making-dummy","20":"product_tag-plus-size-tailor-dummy","21":"product_tag-semi-pinnable-dress-form","22":"product_tag-size-22-plus-size-dress-form","24":"first","25":"instock","26":"shipping-taxable","27":"purchasable","28":"product-type-simple"},"acf":[],"yoast_head":"<!-- This site is optimized with the Yoast SEO plugin v27.4 - https:\/\/yoast.com\/product\/yoast-seo-wordpress\/ -->\n<title>1:2 Miniature Size 22 Dress Form \u2013 Adjustable Metal Base Mannequin for Pattern Making &amp; Draping - DE-LIANG - jewelry,clothes,watch,beauty cosmetics<\/title>\n<meta name=\"robots\" content=\"index, follow, max-snippet:-1, max-image-preview:large, max-video-preview:-1\" \/>\n<link rel=\"canonical\" href=\"https:\/\/deliangdisplay.com\/de\/unser-produkt\/zeigt\/schaufensterpuppen\/halbwaage-kleiderform\/12-miniatur-grose-22-kleid-form-verstellbaren-metall-basis-mannequin-fur-muster-machen-drapieren\/\" \/>\n<meta property=\"og:locale\" content=\"de_DE\" \/>\n<meta property=\"og:type\" content=\"article\" \/>\n<meta property=\"og:title\" content=\"1:2 Miniature Size 22 Dress Form \u2013 Adjustable Metal Base Mannequin for Pattern Making &amp; Draping - DE-LIANG - jewelry,clothes,watch,beauty cosmetics\" \/>\n<meta property=\"og:description\" content=\"This is a 1:2 half-scale female dress form (Size 22 plus-size, not adult size) for sewing, pattern making, and design education. Key specs: 54cm body height, 24cm shoulder, 63cm bust, 54.5cm waist, 68cm hips. Total height adjusts 54.5\u201387cm via a screw, with a 17cm metal base. Made of fiberglass (cotton-padded) and fabric, it\u2019s semi-pinnable\u2014suits designers, students, and decor\/crafts. (Note: Some have &quot;22&quot; on the body, shipping is random.)\" \/>\n<meta property=\"og:url\" content=\"https:\/\/deliangdisplay.com\/de\/unser-produkt\/zeigt\/schaufensterpuppen\/halbwaage-kleiderform\/12-miniatur-grose-22-kleid-form-verstellbaren-metall-basis-mannequin-fur-muster-machen-drapieren\/\" \/>\n<meta property=\"og:site_name\" content=\"DE-LIANG - jewelry,clothes,watch,beauty cosmetics\" \/>\n<meta property=\"article:publisher\" content=\"https:\/\/www.facebook.com\/JaneZhang008\/\" \/>\n<meta property=\"article:modified_time\" content=\"2025-10-21T06:22:25+00:00\" \/>\n<meta property=\"og:image\" content=\"https:\/\/deliangdisplay.com\/wp-content\/uploads\/2025\/10\/2-11.webp\" \/>\n\t<meta property=\"og:image:width\" content=\"600\" \/>\n\t<meta property=\"og:image:height\" content=\"600\" \/>\n\t<meta property=\"og:image:type\" content=\"image\/webp\" \/>\n<meta name=\"twitter:card\" content=\"summary_large_image\" \/>\n<meta name=\"twitter:site\" content=\"@ly673551729\" \/>\n<meta name=\"twitter:label1\" content=\"Gesch\u00e4tzte Lesezeit\" \/>\n\t<meta name=\"twitter:data1\" content=\"2\u00a0Minuten\" \/>\n<script type=\"application\/ld+json\" class=\"yoast-schema-graph\">{\"@context\":\"https:\\\/\\\/schema.org\",\"@graph\":[{\"@type\":\"WebPage\",\"@id\":\"https:\\\/\\\/deliangdisplay.com\\\/our-product\\\/displays\\\/retail-mannequins\\\/half-scale-dress-form\\\/12-miniature-size-22-dress-form-adjustable-metal-base-mannequin-for-pattern-making-draping\\\/\",\"url\":\"https:\\\/\\\/deliangdisplay.com\\\/our-product\\\/displays\\\/retail-mannequins\\\/half-scale-dress-form\\\/12-miniature-size-22-dress-form-adjustable-metal-base-mannequin-for-pattern-making-draping\\\/\",\"name\":\"1:2 Miniature Size 22 Dress Form \u2013 Adjustable Metal Base Mannequin for Pattern Making & Draping - DE-LIANG - jewelry,clothes,watch,beauty cosmetics\",\"isPartOf\":{\"@id\":\"https:\\\/\\\/deliangdisplay.com\\\/#website\"},\"primaryImageOfPage\":{\"@id\":\"https:\\\/\\\/deliangdisplay.com\\\/our-product\\\/displays\\\/retail-mannequins\\\/half-scale-dress-form\\\/12-miniature-size-22-dress-form-adjustable-metal-base-mannequin-for-pattern-making-draping\\\/#primaryimage\"},\"image\":{\"@id\":\"https:\\\/\\\/deliangdisplay.com\\\/our-product\\\/displays\\\/retail-mannequins\\\/half-scale-dress-form\\\/12-miniature-size-22-dress-form-adjustable-metal-base-mannequin-for-pattern-making-draping\\\/#primaryimage\"},\"thumbnailUrl\":\"https:\\\/\\\/deliangdisplay.com\\\/wp-content\\\/uploads\\\/2025\\\/10\\\/2-11.webp\",\"datePublished\":\"2025-10-21T06:22:06+00:00\",\"dateModified\":\"2025-10-21T06:22:25+00:00\",\"breadcrumb\":{\"@id\":\"https:\\\/\\\/deliangdisplay.com\\\/our-product\\\/displays\\\/retail-mannequins\\\/half-scale-dress-form\\\/12-miniature-size-22-dress-form-adjustable-metal-base-mannequin-for-pattern-making-draping\\\/#breadcrumb\"},\"inLanguage\":\"de\",\"potentialAction\":[{\"@type\":\"ReadAction\",\"target\":[\"https:\\\/\\\/deliangdisplay.com\\\/our-product\\\/displays\\\/retail-mannequins\\\/half-scale-dress-form\\\/12-miniature-size-22-dress-form-adjustable-metal-base-mannequin-for-pattern-making-draping\\\/\"]}]},{\"@type\":\"ImageObject\",\"inLanguage\":\"de\",\"@id\":\"https:\\\/\\\/deliangdisplay.com\\\/our-product\\\/displays\\\/retail-mannequins\\\/half-scale-dress-form\\\/12-miniature-size-22-dress-form-adjustable-metal-base-mannequin-for-pattern-making-draping\\\/#primaryimage\",\"url\":\"https:\\\/\\\/deliangdisplay.com\\\/wp-content\\\/uploads\\\/2025\\\/10\\\/2-11.webp\",\"contentUrl\":\"https:\\\/\\\/deliangdisplay.com\\\/wp-content\\\/uploads\\\/2025\\\/10\\\/2-11.webp\",\"width\":600,\"height\":600},{\"@type\":\"BreadcrumbList\",\"@id\":\"https:\\\/\\\/deliangdisplay.com\\\/our-product\\\/displays\\\/retail-mannequins\\\/half-scale-dress-form\\\/12-miniature-size-22-dress-form-adjustable-metal-base-mannequin-for-pattern-making-draping\\\/#breadcrumb\",\"itemListElement\":[{\"@type\":\"ListItem\",\"position\":1,\"name\":\"\u9996\u9875\",\"item\":\"https:\\\/\\\/deliangdisplay.com\\\/\"},{\"@type\":\"ListItem\",\"position\":2,\"name\":\"Our Product\",\"item\":\"https:\\\/\\\/deliangdisplay.com\\\/our-product\\\/\"},{\"@type\":\"ListItem\",\"position\":3,\"name\":\"1:2 Miniature Size 22 Dress Form \u2013 Adjustable Metal Base Mannequin for Pattern Making &#038; Draping\"}]},{\"@type\":\"WebSite\",\"@id\":\"https:\\\/\\\/deliangdisplay.com\\\/#website\",\"url\":\"https:\\\/\\\/deliangdisplay.com\\\/\",\"name\":\"deliangdisplay.com\",\"description\":\"DE-LIANG - Providing bespoke packaging solutions and luxurious display design services for brands in jewelry, apparel, watches, beauty cosmetics, and more.\",\"publisher\":{\"@id\":\"https:\\\/\\\/deliangdisplay.com\\\/#organization\"},\"potentialAction\":[{\"@type\":\"SearchAction\",\"target\":{\"@type\":\"EntryPoint\",\"urlTemplate\":\"https:\\\/\\\/deliangdisplay.com\\\/?s={search_term_string}\"},\"query-input\":{\"@type\":\"PropertyValueSpecification\",\"valueRequired\":true,\"valueName\":\"search_term_string\"}}],\"inLanguage\":\"de\"},{\"@type\":\"Organization\",\"@id\":\"https:\\\/\\\/deliangdisplay.com\\\/#organization\",\"name\":\"deliangdisplay.com\",\"url\":\"https:\\\/\\\/deliangdisplay.com\\\/\",\"logo\":{\"@type\":\"ImageObject\",\"inLanguage\":\"de\",\"@id\":\"https:\\\/\\\/deliangdisplay.com\\\/#\\\/schema\\\/logo\\\/image\\\/\",\"url\":\"https:\\\/\\\/deliangdisplay.com\\\/wp-content\\\/uploads\\\/2025\\\/08\\\/DELIANGDISPALY_logo.png\",\"contentUrl\":\"https:\\\/\\\/deliangdisplay.com\\\/wp-content\\\/uploads\\\/2025\\\/08\\\/DELIANGDISPALY_logo.png\",\"width\":300,\"height\":130,\"caption\":\"deliangdisplay.com\"},\"image\":{\"@id\":\"https:\\\/\\\/deliangdisplay.com\\\/#\\\/schema\\\/logo\\\/image\\\/\"},\"sameAs\":[\"https:\\\/\\\/www.facebook.com\\\/JaneZhang008\\\/\",\"https:\\\/\\\/x.com\\\/ly673551729\"]}]}<\/script>\n<!-- \/ Yoast SEO plugin. -->","yoast_head_json":{"title":"1:2 Miniatur Gr\u00f6\u00dfe 22 Dress Form - Adjustable Metal Base Mannequin f\u00fcr Pattern Making &amp; Draping - DE-LIANG - jewelry,clothes,watch,beauty cosmetics","robots":{"index":"index","follow":"follow","max-snippet":"max-snippet:-1","max-image-preview":"max-image-preview:large","max-video-preview":"max-video-preview:-1"},"canonical":"https:\/\/deliangdisplay.com\/de\/unser-produkt\/zeigt\/schaufensterpuppen\/halbwaage-kleiderform\/12-miniatur-grose-22-kleid-form-verstellbaren-metall-basis-mannequin-fur-muster-machen-drapieren\/","og_locale":"de_DE","og_type":"article","og_title":"1:2 Miniature Size 22 Dress Form \u2013 Adjustable Metal Base Mannequin for Pattern Making & Draping - DE-LIANG - jewelry,clothes,watch,beauty cosmetics","og_description":"This is a 1:2 half-scale female dress form (Size 22 plus-size, not adult size) for sewing, pattern making, and design education. Key specs: 54cm body height, 24cm shoulder, 63cm bust, 54.5cm waist, 68cm hips. Total height adjusts 54.5\u201387cm via a screw, with a 17cm metal base. Made of fiberglass (cotton-padded) and fabric, it\u2019s semi-pinnable\u2014suits designers, students, and decor\/crafts. (Note: Some have \"22\" on the body, shipping is random.)","og_url":"https:\/\/deliangdisplay.com\/de\/unser-produkt\/zeigt\/schaufensterpuppen\/halbwaage-kleiderform\/12-miniatur-grose-22-kleid-form-verstellbaren-metall-basis-mannequin-fur-muster-machen-drapieren\/","og_site_name":"DE-LIANG - jewelry,clothes,watch,beauty cosmetics","article_publisher":"https:\/\/www.facebook.com\/JaneZhang008\/","article_modified_time":"2025-10-21T06:22:25+00:00","og_image":[{"width":600,"height":600,"url":"https:\/\/deliangdisplay.com\/wp-content\/uploads\/2025\/10\/2-11.webp","type":"image\/webp"}],"twitter_card":"summary_large_image","twitter_site":"@ly673551729","twitter_misc":{"Gesch\u00e4tzte Lesezeit":"2\u00a0Minuten"},"schema":{"@context":"https:\/\/schema.org","@graph":[{"@type":"WebPage","@id":"https:\/\/deliangdisplay.com\/our-product\/displays\/retail-mannequins\/half-scale-dress-form\/12-miniature-size-22-dress-form-adjustable-metal-base-mannequin-for-pattern-making-draping\/","url":"https:\/\/deliangdisplay.com\/our-product\/displays\/retail-mannequins\/half-scale-dress-form\/12-miniature-size-22-dress-form-adjustable-metal-base-mannequin-for-pattern-making-draping\/","name":"1:2 Miniatur Gr\u00f6\u00dfe 22 Dress Form - Adjustable Metal Base Mannequin f\u00fcr Pattern Making &amp; Draping - DE-LIANG - jewelry,clothes,watch,beauty cosmetics","isPartOf":{"@id":"https:\/\/deliangdisplay.com\/#website"},"primaryImageOfPage":{"@id":"https:\/\/deliangdisplay.com\/our-product\/displays\/retail-mannequins\/half-scale-dress-form\/12-miniature-size-22-dress-form-adjustable-metal-base-mannequin-for-pattern-making-draping\/#primaryimage"},"image":{"@id":"https:\/\/deliangdisplay.com\/our-product\/displays\/retail-mannequins\/half-scale-dress-form\/12-miniature-size-22-dress-form-adjustable-metal-base-mannequin-for-pattern-making-draping\/#primaryimage"},"thumbnailUrl":"https:\/\/deliangdisplay.com\/wp-content\/uploads\/2025\/10\/2-11.webp","datePublished":"2025-10-21T06:22:06+00:00","dateModified":"2025-10-21T06:22:25+00:00","breadcrumb":{"@id":"https:\/\/deliangdisplay.com\/our-product\/displays\/retail-mannequins\/half-scale-dress-form\/12-miniature-size-22-dress-form-adjustable-metal-base-mannequin-for-pattern-making-draping\/#breadcrumb"},"inLanguage":"de","potentialAction":[{"@type":"ReadAction","target":["https:\/\/deliangdisplay.com\/our-product\/displays\/retail-mannequins\/half-scale-dress-form\/12-miniature-size-22-dress-form-adjustable-metal-base-mannequin-for-pattern-making-draping\/"]}]},{"@type":"ImageObject","inLanguage":"de","@id":"https:\/\/deliangdisplay.com\/our-product\/displays\/retail-mannequins\/half-scale-dress-form\/12-miniature-size-22-dress-form-adjustable-metal-base-mannequin-for-pattern-making-draping\/#primaryimage","url":"https:\/\/deliangdisplay.com\/wp-content\/uploads\/2025\/10\/2-11.webp","contentUrl":"https:\/\/deliangdisplay.com\/wp-content\/uploads\/2025\/10\/2-11.webp","width":600,"height":600},{"@type":"BreadcrumbList","@id":"https:\/\/deliangdisplay.com\/our-product\/displays\/retail-mannequins\/half-scale-dress-form\/12-miniature-size-22-dress-form-adjustable-metal-base-mannequin-for-pattern-making-draping\/#breadcrumb","itemListElement":[{"@type":"ListItem","position":1,"name":"\u9996\u9875","item":"https:\/\/deliangdisplay.com\/"},{"@type":"ListItem","position":2,"name":"Our Product","item":"https:\/\/deliangdisplay.com\/our-product\/"},{"@type":"ListItem","position":3,"name":"1:2 Miniature Size 22 Dress Form \u2013 Adjustable Metal Base Mannequin for Pattern Making &#038; Draping"}]},{"@type":"WebSite","@id":"https:\/\/deliangdisplay.com\/#website","url":"https:\/\/deliangdisplay.com\/","name":"deliangdisplay.com","description":"DE-LIANG - Ma\u00dfgeschneiderte Verpackungsl\u00f6sungen und luxuri\u00f6ses Display-Design f\u00fcr Marken aus der Schmuck-, Bekleidungs-, Uhren- und Kosmetikbranche und mehr.","publisher":{"@id":"https:\/\/deliangdisplay.com\/#organization"},"potentialAction":[{"@type":"SearchAction","target":{"@type":"EntryPoint","urlTemplate":"https:\/\/deliangdisplay.com\/?s={search_term_string}"},"query-input":{"@type":"PropertyValueSpecification","valueRequired":true,"valueName":"search_term_string"}}],"inLanguage":"de"},{"@type":"Organization","@id":"https:\/\/deliangdisplay.com\/#organization","name":"deliangdisplay.com","url":"https:\/\/deliangdisplay.com\/","logo":{"@type":"ImageObject","inLanguage":"de","@id":"https:\/\/deliangdisplay.com\/#\/schema\/logo\/image\/","url":"https:\/\/deliangdisplay.com\/wp-content\/uploads\/2025\/08\/DELIANGDISPALY_logo.png","contentUrl":"https:\/\/deliangdisplay.com\/wp-content\/uploads\/2025\/08\/DELIANGDISPALY_logo.png","width":300,"height":130,"caption":"deliangdisplay.com"},"image":{"@id":"https:\/\/deliangdisplay.com\/#\/schema\/logo\/image\/"},"sameAs":["https:\/\/www.facebook.com\/JaneZhang008\/","https:\/\/x.com\/ly673551729"]}]}},"_links":{"self":[{"href":"https:\/\/deliangdisplay.com\/de\/wp-json\/wp\/v2\/product\/43730","targetHints":{"allow":["GET"]}}],"collection":[{"href":"https:\/\/deliangdisplay.com\/de\/wp-json\/wp\/v2\/product"}],"about":[{"href":"https:\/\/deliangdisplay.com\/de\/wp-json\/wp\/v2\/types\/product"}],"replies":[{"embeddable":true,"href":"https:\/\/deliangdisplay.com\/de\/wp-json\/wp\/v2\/comments?post=43730"}],"wp:featuredmedia":[{"embeddable":true,"href":"https:\/\/deliangdisplay.com\/de\/wp-json\/wp\/v2\/media\/43739"}],"wp:attachment":[{"href":"https:\/\/deliangdisplay.com\/de\/wp-json\/wp\/v2\/media?parent=43730"}],"wp:term":[{"taxonomy":"product_brand","embeddable":true,"href":"https:\/\/deliangdisplay.com\/de\/wp-json\/wp\/v2\/product_brand?post=43730"},{"taxonomy":"product_cat","embeddable":true,"href":"https:\/\/deliangdisplay.com\/de\/wp-json\/wp\/v2\/product_cat?post=43730"},{"taxonomy":"product_tag","embeddable":true,"href":"https:\/\/deliangdisplay.com\/de\/wp-json\/wp\/v2\/product_tag?post=43730"}],"curies":[{"name":"wp","href":"https:\/\/api.w.org\/{rel}","templated":true}]}}