{"id":43698,"date":"2025-10-21T11:33:26","date_gmt":"2025-10-21T03:33:26","guid":{"rendered":"https:\/\/deliangdisplay.com\/?post_type=product&#038;p=43698"},"modified":"2025-10-21T11:33:27","modified_gmt":"2025-10-21T03:33:27","slug":"12-halbe-skala-rosa-samt-kleid-form-voll-pinnable-schaufensterpuppe-fur-mode-design","status":"publish","type":"product","link":"https:\/\/deliangdisplay.com\/de\/unser-produkt\/zeigt\/schaufensterpuppen\/halbwaage-kleiderform\/12-halbe-skala-rosa-samt-kleid-form-voll-pinnable-schaufensterpuppe-fur-mode-design\/","title":{"rendered":"1:2 Half-Scale Rosa Samt Kleid Form - Voll Pinnable Mannequin f\u00fcr Mode-Design"},"content":{"rendered":"<h3 class=\"header-iWP5WJ auto-hide-last-sibling-br\">Produkt\u00fcbersicht<\/h3>\n<div class=\"auto-hide-last-sibling-br paragraph-pP9ZLC paragraph-element br-paragraph-space\">Dies ist eine\u00a0<strong>Weibliche Minikleidform im Ma\u00dfstab 1:2<\/strong>\u00a0(nicht in voller Erwachsenengr\u00f6\u00dfe) mit rosa Samt \u00fcberzogen, der zum N\u00e4hen, Schneidern, f\u00fcr Modedesign-Mock-ups und zur Dekoration entwickelt wurde. Es ist vollst\u00e4ndig stapelbar und eignet sich daher ideal f\u00fcr die Positionierung von Stoffen bei der Pr\u00fcfung von Kleidungsst\u00fccken. Das rosafarbene Samtexterieur und die kompakte Gr\u00f6\u00dfe eignen sich auch f\u00fcr Schaufensterauslagen, Studio-\/Heimdekoration und Bastelprojekte f\u00fcr Kinder - und vereinen Funktionalit\u00e4t mit \u00c4sthetik.<\/div>\n<h3 class=\"header-iWP5WJ auto-hide-last-sibling-br\">Wichtige Spezifikationen<\/h3>\n<ul class=\"auto-hide-last-sibling-br\">\n<li><strong>Gr\u00f6\u00dfe Details<\/strong>: K\u00f6rperh\u00f6he 46 cm, Gesamth\u00f6he (mit Sockel) 77,5 cm; Schulterbreite 22,5 cm, Oberweite 42,5 cm, Taille 33 cm, H\u00fcfte 45 cm; Durchmesser des Holzfu\u00dfes 17 cm.<\/li>\n<li><strong>Materialien und Struktur<\/strong>: Kern aus hochdichtem Polyurethanschaum (der eine vollst\u00e4ndige Befestigung erm\u00f6glicht), umh\u00fcllt von rosa Samt; einschlie\u00dflich eines runden Holzsockels und einer St\u00fctzstange f\u00fcr eine stabile Platzierung; handgefertigt mit proportionalen Ma\u00dfen, die den regul\u00e4ren Gr\u00f6\u00dfenverh\u00e4ltnissen von Kleiderformen f\u00fcr Erwachsene entsprechen.<\/li>\n<\/ul>\n<h3 class=\"header-iWP5WJ auto-hide-last-sibling-br\">Wesentliche Merkmale<\/h3>\n<ul class=\"auto-hide-last-sibling-br\">\n<li><strong>Vollst\u00e4ndig pinnbares Design<\/strong>: Der Schaumstoffkern mit hoher Dichte erm\u00f6glicht das direkte Einstecken von Stecknadeln (nicht nur in einem Winkel), was eine pr\u00e4zise Fixierung des Stoffes beim N\u00e4hen, Drapieren und Anfertigen von Schnittmustern gew\u00e4hrleistet und das Anfertigen von Mini-Kleidungsst\u00fccken und Anpassungen vereinfacht.<\/li>\n<li><strong>Dekorativ &amp; funktional Doppelnutzung<\/strong>: Die rosafarbene Samtoberfl\u00e4che verleiht ihm einen eleganten Touch und eignet sich f\u00fcr Schaufensterauslagen (um Kunden anzulocken), Studio-\/Heimdekoration und die Pr\u00e4sentation von Schmuck und T\u00fcchern; auch als professionelles Werkzeug f\u00fcr Modedesign.<\/li>\n<li><strong>Platzsparend &amp; tragbar<\/strong>: Die kompakte Gr\u00f6\u00dfe in halber Gr\u00f6\u00dfe spart im Vergleich zu den Kleiderformen in voller Gr\u00f6\u00dfe Stauraum; das leichte Design (mit einem stabilen Holzsockel) erm\u00f6glicht eine einfache Bewegung f\u00fcr den Einsatz in verschiedenen Umgebungen (z. B. Schreibtische, Ausstellungsregale).<\/li>\n<li><strong>Proportionale Genauigkeit<\/strong>: Die Proportionen des Modells entsprechen denen einer normalen Kleiderform f\u00fcr Erwachsene, so dass die auf dem Modell getesteten Mini-Kleidungsst\u00fccke genau auf die volle Gr\u00f6\u00dfe \u00fcbertragen werden k\u00f6nnen - zuverl\u00e4ssig sowohl f\u00fcr Anf\u00e4nger als auch f\u00fcr professionelle Designer.<\/li>\n<\/ul>","protected":false},"excerpt":{"rendered":"<p>Dies ist eine weibliche Mini-Kleiderform im Ma\u00dfstab 1:2 (keine Erwachsenengr\u00f6\u00dfe), die mit rosa Samt \u00fcberzogen ist, ideal zum N\u00e4hen, Drapieren und Dekorieren. Hauptmerkmale: K\u00f6rperh\u00f6he 46 cm, Gesamth\u00f6he 77,5 cm, Schulter 22,5 cm, Brustumfang 42,5 cm, Taille 33 cm, H\u00fcfte 45 cm. Sie hat einen 17 cm hohen Holzsockel, einen hochdichten Schaumstoffkern f\u00fcr eine vollst\u00e4ndige Befestigung und entspricht den Proportionen von Erwachsenen - ideal f\u00fcr Designer, Bastler und Schaufensterdekorationen.<\/p>","protected":false},"featured_media":43708,"comment_status":"open","ping_status":"closed","template":"","meta":{"_acf_changed":false},"product_brand":[84],"product_cat":[578],"product_tag":[672,678,680,675,673,600,616,671,591,674,676,670,677,679,664],"class_list":{"0":"post-43698","1":"product","2":"type-product","3":"status-publish","4":"has-post-thumbnail","6":"product_brand-de-liang","7":"product_cat-half-scale-dress-form","8":"product_tag-12-scale-sewing-dress-form","9":"product_tag-childrens-craft-dress-form","10":"product_tag-compact-dress-form","11":"product_tag-decorative-dress-form","12":"product_tag-draping-practice-dummy","13":"product_tag-fashion-design-dress-form","14":"product_tag-female-tailor-mannequin","15":"product_tag-fully-pinnable-mini-mannequin","16":"product_tag-half-scale-female-mannequin","17":"product_tag-high-density-foam-mannequin","18":"product_tag-mini-garment-mock-up-mannequin","19":"product_tag-pink-velvet-half-scale-dress-form","20":"product_tag-pink-velvet-sewing-dummy","21":"product_tag-window-display-mannequin","22":"product_tag-wooden-base-dress-form","24":"first","25":"instock","26":"shipping-taxable","27":"purchasable","28":"product-type-simple"},"acf":[],"yoast_head":"<!-- This site is optimized with the Yoast SEO plugin v27.4 - https:\/\/yoast.com\/product\/yoast-seo-wordpress\/ -->\n<title>1:2 Half-Scale Pink Velvet Dress Form \u2013 Fully Pinnable Mannequin for Fashion Design - DE-LIANG - jewelry,clothes,watch,beauty cosmetics<\/title>\n<meta name=\"robots\" content=\"index, follow, max-snippet:-1, max-image-preview:large, max-video-preview:-1\" \/>\n<link rel=\"canonical\" href=\"https:\/\/deliangdisplay.com\/de\/unser-produkt\/zeigt\/schaufensterpuppen\/halbwaage-kleiderform\/12-halbe-skala-rosa-samt-kleid-form-voll-pinnable-schaufensterpuppe-fur-mode-design\/\" \/>\n<meta property=\"og:locale\" content=\"de_DE\" \/>\n<meta property=\"og:type\" content=\"article\" \/>\n<meta property=\"og:title\" content=\"1:2 Half-Scale Pink Velvet Dress Form \u2013 Fully Pinnable Mannequin for Fashion Design - DE-LIANG - jewelry,clothes,watch,beauty cosmetics\" \/>\n<meta property=\"og:description\" content=\"This is a 1:2 half-scale female mini dress form (not adult size) covered in pink velvet, ideal for sewing, draping, and decor. Key specs: body height 46cm, total height 77.5cm, shoulder 22.5cm, bust 42.5cm, waist 33cm, hips 45cm. It has a 17cm wooden base, a high-density foam core for full pinning, and matches adult proportions\u2014suits designers, crafters, and window displays.\" \/>\n<meta property=\"og:url\" content=\"https:\/\/deliangdisplay.com\/de\/unser-produkt\/zeigt\/schaufensterpuppen\/halbwaage-kleiderform\/12-halbe-skala-rosa-samt-kleid-form-voll-pinnable-schaufensterpuppe-fur-mode-design\/\" \/>\n<meta property=\"og:site_name\" content=\"DE-LIANG - jewelry,clothes,watch,beauty cosmetics\" \/>\n<meta property=\"article:publisher\" content=\"https:\/\/www.facebook.com\/JaneZhang008\/\" \/>\n<meta property=\"article:modified_time\" content=\"2025-10-21T03:33:27+00:00\" \/>\n<meta property=\"og:image\" content=\"https:\/\/deliangdisplay.com\/wp-content\/uploads\/2025\/10\/3-8.webp\" \/>\n\t<meta property=\"og:image:width\" content=\"600\" \/>\n\t<meta property=\"og:image:height\" content=\"600\" \/>\n\t<meta property=\"og:image:type\" content=\"image\/webp\" \/>\n<meta name=\"twitter:card\" content=\"summary_large_image\" \/>\n<meta name=\"twitter:site\" content=\"@ly673551729\" \/>\n<meta name=\"twitter:label1\" content=\"Gesch\u00e4tzte Lesezeit\" \/>\n\t<meta name=\"twitter:data1\" content=\"2\u00a0Minuten\" \/>\n<script type=\"application\/ld+json\" class=\"yoast-schema-graph\">{\"@context\":\"https:\\\/\\\/schema.org\",\"@graph\":[{\"@type\":\"WebPage\",\"@id\":\"https:\\\/\\\/deliangdisplay.com\\\/our-product\\\/displays\\\/retail-mannequins\\\/half-scale-dress-form\\\/12-half-scale-pink-velvet-dress-form-fully-pinnable-mannequin-for-fashion-design\\\/\",\"url\":\"https:\\\/\\\/deliangdisplay.com\\\/our-product\\\/displays\\\/retail-mannequins\\\/half-scale-dress-form\\\/12-half-scale-pink-velvet-dress-form-fully-pinnable-mannequin-for-fashion-design\\\/\",\"name\":\"1:2 Half-Scale Pink Velvet Dress Form \u2013 Fully Pinnable Mannequin for Fashion Design - DE-LIANG - jewelry,clothes,watch,beauty cosmetics\",\"isPartOf\":{\"@id\":\"https:\\\/\\\/deliangdisplay.com\\\/#website\"},\"primaryImageOfPage\":{\"@id\":\"https:\\\/\\\/deliangdisplay.com\\\/our-product\\\/displays\\\/retail-mannequins\\\/half-scale-dress-form\\\/12-half-scale-pink-velvet-dress-form-fully-pinnable-mannequin-for-fashion-design\\\/#primaryimage\"},\"image\":{\"@id\":\"https:\\\/\\\/deliangdisplay.com\\\/our-product\\\/displays\\\/retail-mannequins\\\/half-scale-dress-form\\\/12-half-scale-pink-velvet-dress-form-fully-pinnable-mannequin-for-fashion-design\\\/#primaryimage\"},\"thumbnailUrl\":\"https:\\\/\\\/deliangdisplay.com\\\/wp-content\\\/uploads\\\/2025\\\/10\\\/3-8.webp\",\"datePublished\":\"2025-10-21T03:33:26+00:00\",\"dateModified\":\"2025-10-21T03:33:27+00:00\",\"breadcrumb\":{\"@id\":\"https:\\\/\\\/deliangdisplay.com\\\/our-product\\\/displays\\\/retail-mannequins\\\/half-scale-dress-form\\\/12-half-scale-pink-velvet-dress-form-fully-pinnable-mannequin-for-fashion-design\\\/#breadcrumb\"},\"inLanguage\":\"de\",\"potentialAction\":[{\"@type\":\"ReadAction\",\"target\":[\"https:\\\/\\\/deliangdisplay.com\\\/our-product\\\/displays\\\/retail-mannequins\\\/half-scale-dress-form\\\/12-half-scale-pink-velvet-dress-form-fully-pinnable-mannequin-for-fashion-design\\\/\"]}]},{\"@type\":\"ImageObject\",\"inLanguage\":\"de\",\"@id\":\"https:\\\/\\\/deliangdisplay.com\\\/our-product\\\/displays\\\/retail-mannequins\\\/half-scale-dress-form\\\/12-half-scale-pink-velvet-dress-form-fully-pinnable-mannequin-for-fashion-design\\\/#primaryimage\",\"url\":\"https:\\\/\\\/deliangdisplay.com\\\/wp-content\\\/uploads\\\/2025\\\/10\\\/3-8.webp\",\"contentUrl\":\"https:\\\/\\\/deliangdisplay.com\\\/wp-content\\\/uploads\\\/2025\\\/10\\\/3-8.webp\",\"width\":600,\"height\":600},{\"@type\":\"BreadcrumbList\",\"@id\":\"https:\\\/\\\/deliangdisplay.com\\\/our-product\\\/displays\\\/retail-mannequins\\\/half-scale-dress-form\\\/12-half-scale-pink-velvet-dress-form-fully-pinnable-mannequin-for-fashion-design\\\/#breadcrumb\",\"itemListElement\":[{\"@type\":\"ListItem\",\"position\":1,\"name\":\"\u9996\u9875\",\"item\":\"https:\\\/\\\/deliangdisplay.com\\\/\"},{\"@type\":\"ListItem\",\"position\":2,\"name\":\"Our Product\",\"item\":\"https:\\\/\\\/deliangdisplay.com\\\/our-product\\\/\"},{\"@type\":\"ListItem\",\"position\":3,\"name\":\"1:2 Half-Scale Pink Velvet Dress Form \u2013 Fully Pinnable Mannequin for Fashion Design\"}]},{\"@type\":\"WebSite\",\"@id\":\"https:\\\/\\\/deliangdisplay.com\\\/#website\",\"url\":\"https:\\\/\\\/deliangdisplay.com\\\/\",\"name\":\"deliangdisplay.com\",\"description\":\"DE-LIANG - Providing bespoke packaging solutions and luxurious display design services for brands in jewelry, apparel, watches, beauty cosmetics, and more.\",\"publisher\":{\"@id\":\"https:\\\/\\\/deliangdisplay.com\\\/#organization\"},\"potentialAction\":[{\"@type\":\"SearchAction\",\"target\":{\"@type\":\"EntryPoint\",\"urlTemplate\":\"https:\\\/\\\/deliangdisplay.com\\\/?s={search_term_string}\"},\"query-input\":{\"@type\":\"PropertyValueSpecification\",\"valueRequired\":true,\"valueName\":\"search_term_string\"}}],\"inLanguage\":\"de\"},{\"@type\":\"Organization\",\"@id\":\"https:\\\/\\\/deliangdisplay.com\\\/#organization\",\"name\":\"deliangdisplay.com\",\"url\":\"https:\\\/\\\/deliangdisplay.com\\\/\",\"logo\":{\"@type\":\"ImageObject\",\"inLanguage\":\"de\",\"@id\":\"https:\\\/\\\/deliangdisplay.com\\\/#\\\/schema\\\/logo\\\/image\\\/\",\"url\":\"https:\\\/\\\/deliangdisplay.com\\\/wp-content\\\/uploads\\\/2025\\\/08\\\/DELIANGDISPALY_logo.png\",\"contentUrl\":\"https:\\\/\\\/deliangdisplay.com\\\/wp-content\\\/uploads\\\/2025\\\/08\\\/DELIANGDISPALY_logo.png\",\"width\":300,\"height\":130,\"caption\":\"deliangdisplay.com\"},\"image\":{\"@id\":\"https:\\\/\\\/deliangdisplay.com\\\/#\\\/schema\\\/logo\\\/image\\\/\"},\"sameAs\":[\"https:\\\/\\\/www.facebook.com\\\/JaneZhang008\\\/\",\"https:\\\/\\\/x.com\\\/ly673551729\"]}]}<\/script>\n<!-- \/ Yoast SEO plugin. -->","yoast_head_json":{"title":"1:2 Halb-Skala Rosa Samt Kleid Form - Voll Pinnable Mannequin f\u00fcr Mode-Design - DE-LIANG - Schmuck, Kleidung, Uhr, Sch\u00f6nheit Kosmetik","robots":{"index":"index","follow":"follow","max-snippet":"max-snippet:-1","max-image-preview":"max-image-preview:large","max-video-preview":"max-video-preview:-1"},"canonical":"https:\/\/deliangdisplay.com\/de\/unser-produkt\/zeigt\/schaufensterpuppen\/halbwaage-kleiderform\/12-halbe-skala-rosa-samt-kleid-form-voll-pinnable-schaufensterpuppe-fur-mode-design\/","og_locale":"de_DE","og_type":"article","og_title":"1:2 Half-Scale Pink Velvet Dress Form \u2013 Fully Pinnable Mannequin for Fashion Design - DE-LIANG - jewelry,clothes,watch,beauty cosmetics","og_description":"This is a 1:2 half-scale female mini dress form (not adult size) covered in pink velvet, ideal for sewing, draping, and decor. Key specs: body height 46cm, total height 77.5cm, shoulder 22.5cm, bust 42.5cm, waist 33cm, hips 45cm. It has a 17cm wooden base, a high-density foam core for full pinning, and matches adult proportions\u2014suits designers, crafters, and window displays.","og_url":"https:\/\/deliangdisplay.com\/de\/unser-produkt\/zeigt\/schaufensterpuppen\/halbwaage-kleiderform\/12-halbe-skala-rosa-samt-kleid-form-voll-pinnable-schaufensterpuppe-fur-mode-design\/","og_site_name":"DE-LIANG - jewelry,clothes,watch,beauty cosmetics","article_publisher":"https:\/\/www.facebook.com\/JaneZhang008\/","article_modified_time":"2025-10-21T03:33:27+00:00","og_image":[{"width":600,"height":600,"url":"https:\/\/deliangdisplay.com\/wp-content\/uploads\/2025\/10\/3-8.webp","type":"image\/webp"}],"twitter_card":"summary_large_image","twitter_site":"@ly673551729","twitter_misc":{"Gesch\u00e4tzte Lesezeit":"2\u00a0Minuten"},"schema":{"@context":"https:\/\/schema.org","@graph":[{"@type":"WebPage","@id":"https:\/\/deliangdisplay.com\/our-product\/displays\/retail-mannequins\/half-scale-dress-form\/12-half-scale-pink-velvet-dress-form-fully-pinnable-mannequin-for-fashion-design\/","url":"https:\/\/deliangdisplay.com\/our-product\/displays\/retail-mannequins\/half-scale-dress-form\/12-half-scale-pink-velvet-dress-form-fully-pinnable-mannequin-for-fashion-design\/","name":"1:2 Halb-Skala Rosa Samt Kleid Form - Voll Pinnable Mannequin f\u00fcr Mode-Design - DE-LIANG - Schmuck, Kleidung, Uhr, Sch\u00f6nheit Kosmetik","isPartOf":{"@id":"https:\/\/deliangdisplay.com\/#website"},"primaryImageOfPage":{"@id":"https:\/\/deliangdisplay.com\/our-product\/displays\/retail-mannequins\/half-scale-dress-form\/12-half-scale-pink-velvet-dress-form-fully-pinnable-mannequin-for-fashion-design\/#primaryimage"},"image":{"@id":"https:\/\/deliangdisplay.com\/our-product\/displays\/retail-mannequins\/half-scale-dress-form\/12-half-scale-pink-velvet-dress-form-fully-pinnable-mannequin-for-fashion-design\/#primaryimage"},"thumbnailUrl":"https:\/\/deliangdisplay.com\/wp-content\/uploads\/2025\/10\/3-8.webp","datePublished":"2025-10-21T03:33:26+00:00","dateModified":"2025-10-21T03:33:27+00:00","breadcrumb":{"@id":"https:\/\/deliangdisplay.com\/our-product\/displays\/retail-mannequins\/half-scale-dress-form\/12-half-scale-pink-velvet-dress-form-fully-pinnable-mannequin-for-fashion-design\/#breadcrumb"},"inLanguage":"de","potentialAction":[{"@type":"ReadAction","target":["https:\/\/deliangdisplay.com\/our-product\/displays\/retail-mannequins\/half-scale-dress-form\/12-half-scale-pink-velvet-dress-form-fully-pinnable-mannequin-for-fashion-design\/"]}]},{"@type":"ImageObject","inLanguage":"de","@id":"https:\/\/deliangdisplay.com\/our-product\/displays\/retail-mannequins\/half-scale-dress-form\/12-half-scale-pink-velvet-dress-form-fully-pinnable-mannequin-for-fashion-design\/#primaryimage","url":"https:\/\/deliangdisplay.com\/wp-content\/uploads\/2025\/10\/3-8.webp","contentUrl":"https:\/\/deliangdisplay.com\/wp-content\/uploads\/2025\/10\/3-8.webp","width":600,"height":600},{"@type":"BreadcrumbList","@id":"https:\/\/deliangdisplay.com\/our-product\/displays\/retail-mannequins\/half-scale-dress-form\/12-half-scale-pink-velvet-dress-form-fully-pinnable-mannequin-for-fashion-design\/#breadcrumb","itemListElement":[{"@type":"ListItem","position":1,"name":"\u9996\u9875","item":"https:\/\/deliangdisplay.com\/"},{"@type":"ListItem","position":2,"name":"Our Product","item":"https:\/\/deliangdisplay.com\/our-product\/"},{"@type":"ListItem","position":3,"name":"1:2 Half-Scale Pink Velvet Dress Form \u2013 Fully Pinnable Mannequin for Fashion Design"}]},{"@type":"WebSite","@id":"https:\/\/deliangdisplay.com\/#website","url":"https:\/\/deliangdisplay.com\/","name":"deliangdisplay.com","description":"DE-LIANG - Ma\u00dfgeschneiderte Verpackungsl\u00f6sungen und luxuri\u00f6ses Display-Design f\u00fcr Marken aus der Schmuck-, Bekleidungs-, Uhren- und Kosmetikbranche und mehr.","publisher":{"@id":"https:\/\/deliangdisplay.com\/#organization"},"potentialAction":[{"@type":"SearchAction","target":{"@type":"EntryPoint","urlTemplate":"https:\/\/deliangdisplay.com\/?s={search_term_string}"},"query-input":{"@type":"PropertyValueSpecification","valueRequired":true,"valueName":"search_term_string"}}],"inLanguage":"de"},{"@type":"Organization","@id":"https:\/\/deliangdisplay.com\/#organization","name":"deliangdisplay.com","url":"https:\/\/deliangdisplay.com\/","logo":{"@type":"ImageObject","inLanguage":"de","@id":"https:\/\/deliangdisplay.com\/#\/schema\/logo\/image\/","url":"https:\/\/deliangdisplay.com\/wp-content\/uploads\/2025\/08\/DELIANGDISPALY_logo.png","contentUrl":"https:\/\/deliangdisplay.com\/wp-content\/uploads\/2025\/08\/DELIANGDISPALY_logo.png","width":300,"height":130,"caption":"deliangdisplay.com"},"image":{"@id":"https:\/\/deliangdisplay.com\/#\/schema\/logo\/image\/"},"sameAs":["https:\/\/www.facebook.com\/JaneZhang008\/","https:\/\/x.com\/ly673551729"]}]}},"_links":{"self":[{"href":"https:\/\/deliangdisplay.com\/de\/wp-json\/wp\/v2\/product\/43698","targetHints":{"allow":["GET"]}}],"collection":[{"href":"https:\/\/deliangdisplay.com\/de\/wp-json\/wp\/v2\/product"}],"about":[{"href":"https:\/\/deliangdisplay.com\/de\/wp-json\/wp\/v2\/types\/product"}],"replies":[{"embeddable":true,"href":"https:\/\/deliangdisplay.com\/de\/wp-json\/wp\/v2\/comments?post=43698"}],"wp:featuredmedia":[{"embeddable":true,"href":"https:\/\/deliangdisplay.com\/de\/wp-json\/wp\/v2\/media\/43708"}],"wp:attachment":[{"href":"https:\/\/deliangdisplay.com\/de\/wp-json\/wp\/v2\/media?parent=43698"}],"wp:term":[{"taxonomy":"product_brand","embeddable":true,"href":"https:\/\/deliangdisplay.com\/de\/wp-json\/wp\/v2\/product_brand?post=43698"},{"taxonomy":"product_cat","embeddable":true,"href":"https:\/\/deliangdisplay.com\/de\/wp-json\/wp\/v2\/product_cat?post=43698"},{"taxonomy":"product_tag","embeddable":true,"href":"https:\/\/deliangdisplay.com\/de\/wp-json\/wp\/v2\/product_tag?post=43698"}],"curies":[{"name":"wp","href":"https:\/\/api.w.org\/{rel}","templated":true}]}}