{"id":43659,"date":"2025-10-21T11:02:52","date_gmt":"2025-10-21T03:02:52","guid":{"rendered":"https:\/\/deliangdisplay.com\/?post_type=product&#038;p=43659"},"modified":"2025-10-21T11:02:52","modified_gmt":"2025-10-21T03:02:52","slug":"verstellbare-halbe-skala-grose-12-kleid-form-mini-mannequin-mit-weichen-armen-fur-das-nahen-drapieren","status":"publish","type":"product","link":"https:\/\/deliangdisplay.com\/de\/unser-produkt\/zeigt\/schaufensterpuppen\/halbwaage-kleiderform\/verstellbare-halbe-skala-grose-12-kleid-form-mini-mannequin-mit-weichen-armen-fur-das-nahen-drapieren\/","title":{"rendered":"Verstellbare Halb-Skala Gr\u00f6\u00dfe 12 Dress Form - Mini Mannequin mit weichen Armen f\u00fcr N\u00e4hen &amp; Drapieren"},"content":{"rendered":"<h3 class=\"header-iWP5WJ auto-hide-last-sibling-br\">Produkt\u00fcbersicht<\/h3>\n<div class=\"auto-hide-last-sibling-br paragraph-pP9ZLC paragraph-element br-paragraph-space\">Dies ist eine\u00a0<strong>Weibliche Kleiderform im Ma\u00dfstab 1:2<\/strong>\u00a0(nicht in voller Erwachsenengr\u00f6\u00dfe, Gr\u00f6\u00dfe 12) mit weichen Armen, entwickelt zum N\u00e4hen, Schneidern, Anfertigen von Schnittmustern, Drapieren und f\u00fcr Mini-Kleidungsmodelle. Sie hilft Modedesignern und Designstudenten, Stoff und Zeit zu sparen, indem sie das wiederholte Testen und Anpassen von Kleidungsst\u00fccken erm\u00f6glicht und den komplexen Designprozess im Vergleich zu Kleiderformen in Originalgr\u00f6\u00dfe vereinfacht.<\/div>\n<h3 class=\"header-iWP5WJ auto-hide-last-sibling-br\">Wichtige Spezifikationen<\/h3>\n<ul class=\"auto-hide-last-sibling-br\">\n<li><strong>Gr\u00f6\u00dfe Details<\/strong>\n<ul class=\"auto-hide-last-sibling-br\">\n<li>Gr\u00f6\u00dfe 12: Schulterbreite 21 cm, Oberweite 48,5 cm, Taille 37 cm, H\u00fcfte 49,5 cm, K\u00f6rpergr\u00f6\u00dfe 44,5-45 cm; vordere Mitte 19 cm, hintere Mitte 21,6 cm.<\/li>\n<li>Andere verf\u00fcgbare Gr\u00f6\u00dfen: Gr\u00f6\u00dfe 8 (Schulter 19,5 cm, Oberweite 44,5 cm), Gr\u00f6\u00dfe 10 (Schulter 20,5 cm, Oberweite 46,5 cm).<\/li>\n<li>Weiche Arme: L\u00e4nge 30 cm, Armumfang 13,5 cm, Ellbogenumfang 12 cm, Handgelenkumfang 9,5 cm.<\/li>\n<\/ul>\n<\/li>\n<li><strong>H\u00f6henverstellbar<\/strong>: Die Gesamth\u00f6he l\u00e4sst sich durch Drehen einer Schraube von 50 cm auf 82 cm einstellen; der Sockel ist ein runder schwarzer Metallst\u00e4nder mit einem Durchmesser von 17 cm.<\/li>\n<li><strong>Materialien<\/strong>: Korpus aus Fiberglas (mit Vollbaumwollfutter), umh\u00fcllt von Baumwoll-Leinenstoff; Schulter-\/Halsabdeckungen und Sockel\/Stange aus Metall (Sockel 4 mm dick, sandpoliert und beschichtet).<\/li>\n<\/ul>\n<h3 class=\"header-iWP5WJ auto-hide-last-sibling-br\">Wesentliche Merkmale<\/h3>\n<ul class=\"auto-hide-last-sibling-br\">\n<li><strong>Flexible Soft-Arme<\/strong>: Weiche Arme k\u00f6nnen so gebogen werden, dass sie die nat\u00fcrliche Form des menschlichen Arms nachahmen, ideal zum Testen der Passform von \u00c4rmeln, Schulterlinien und anderen armbezogenen Kleidungsdetails.<\/li>\n<li><strong>Fr\u00e4sbares Design<\/strong>: Kann in einem Winkel gepinnt werden (aufgrund des Glasfasermaterials nicht vollst\u00e4ndig pinnbar), um den Stoff w\u00e4hrend des N\u00e4hens, Zuschneidens oder Drapierens zu fixieren und so eine pr\u00e4zise Anpassung des Kleidungsst\u00fccks zu gew\u00e4hrleisten.<\/li>\n<li><strong>Langlebig &amp; sch\u00fctzend<\/strong>: Speziell geformte Metallabdeckungen f\u00fcr Schultern und Nacken verhindern Besch\u00e4digungen beim Versand \u00fcber lange Strecken; der 4 mm dicke, beschichtete Metallsockel ist abbl\u00e4tternsicher (im Gegensatz zu lackierten Sockeln) und bietet einen stabilen Halt f\u00fcr die Aufh\u00e4ngung.<\/li>\n<li><strong>Bequem &amp; platzsparend<\/strong>: Die mit Baumwollleinen umh\u00fcllte Oberfl\u00e4che f\u00fchlt sich weich an und l\u00e4sst sich leicht drapieren; die kompakte Gr\u00f6\u00dfe spart Platz bei der Aufbewahrung, und das geringe Gewicht (im Vergleich zum urspr\u00fcnglichen 5 mm Sockel) erm\u00f6glicht eine einfache Handhabung.<\/li>\n<\/ul>","protected":false},"excerpt":{"rendered":"<p>Diese weibliche Kleiderform im Ma\u00dfstab 1:2 (Gr\u00f6\u00dfe 12, nicht Erwachsenengr\u00f6\u00dfe) hat weiche Arme und ist ideal zum N\u00e4hen, Schneidern und zur Herstellung von Schnittmustern. Eckdaten der Gr\u00f6\u00dfe 12: Schulter 21cm, Brustumfang 48,5cm, Taille 37cm, H\u00fcfte 49,5cm, K\u00f6rpergr\u00f6\u00dfe 44,5-45cm. Weiche Arme: 30cm lang, 13.5cm Armumfang. Die Gesamth\u00f6he ist \u00fcber eine Schraube von 50-82cm verstellbar. Hergestellt aus Fiberglas (mit Baumwollfutter) und Baumwoll-Leinen-Stoff, mit 17 cm hohem Metallfu\u00df, in einem Winkel ansteckbar - spart Stoff f\u00fcr Designer\/Studenten.<\/p>","protected":false},"featured_media":43664,"comment_status":"open","ping_status":"closed","template":"","meta":{"_acf_changed":false},"product_brand":[84],"product_cat":[578],"product_tag":[579,582,602,619,643,600,626,586,591,587,625,606,642,644,620],"class_list":{"0":"post-43659","1":"product","2":"type-product","3":"status-publish","4":"has-post-thumbnail","6":"product_brand-de-liang","7":"product_cat-half-scale-dress-form","8":"product_tag-12-half-scale-dress-form","9":"product_tag-adjustable-height-dress-form","10":"product_tag-cotton-linen-dress-form","11":"product_tag-draping-practice-dress-form","12":"product_tag-dress-pattern-making-dummy","13":"product_tag-fashion-design-dress-form","14":"product_tag-female-tailor-dress-form","15":"product_tag-fiberglass-dress-form","16":"product_tag-half-scale-female-mannequin","17":"product_tag-metal-base-dress-form","18":"product_tag-mini-garment-design-mannequin","19":"product_tag-pinnable-miniature-mannequin","20":"product_tag-size-12-sewing-mannequin","21":"product_tag-size-8-12-dress-form","22":"product_tag-soft-arm-dress-form","24":"first","25":"instock","26":"shipping-taxable","27":"purchasable","28":"product-type-simple"},"acf":[],"yoast_head":"<!-- This site is optimized with the Yoast SEO plugin v27.4 - https:\/\/yoast.com\/product\/yoast-seo-wordpress\/ -->\n<title>Adjustable Half-Scale Size 12 Dress Form \u2013 Mini Mannequin with Soft Arms for Sewing &amp; Draping - DE-LIANG - jewelry,clothes,watch,beauty cosmetics<\/title>\n<meta name=\"robots\" content=\"index, follow, max-snippet:-1, max-image-preview:large, max-video-preview:-1\" \/>\n<link rel=\"canonical\" href=\"https:\/\/deliangdisplay.com\/de\/unser-produkt\/zeigt\/schaufensterpuppen\/halbwaage-kleiderform\/verstellbare-halbe-skala-grose-12-kleid-form-mini-mannequin-mit-weichen-armen-fur-das-nahen-drapieren\/\" \/>\n<meta property=\"og:locale\" content=\"de_DE\" \/>\n<meta property=\"og:type\" content=\"article\" \/>\n<meta property=\"og:title\" content=\"Adjustable Half-Scale Size 12 Dress Form \u2013 Mini Mannequin with Soft Arms for Sewing &amp; Draping - DE-LIANG - jewelry,clothes,watch,beauty cosmetics\" \/>\n<meta property=\"og:description\" content=\"This 1:2 half-scale female dress form (Size 12, not adult size) has soft arms, ideal for sewing, tailoring, and dress pattern making. Key Size 12 specs: shoulder 21cm, bust 48.5cm, waist 37cm, hips 49.5cm, body height 44.5\u201345cm. Soft arms: 30cm long, 13.5cm arm girth. Total height adjusts 50\u201382cm via a screw. Made of fiberglass (cotton-lined) with cotton-linen fabric, it has a 17cm metal base, is pinnable at an angle\u2014saves fabric for designers\/students.\" \/>\n<meta property=\"og:url\" content=\"https:\/\/deliangdisplay.com\/de\/unser-produkt\/zeigt\/schaufensterpuppen\/halbwaage-kleiderform\/verstellbare-halbe-skala-grose-12-kleid-form-mini-mannequin-mit-weichen-armen-fur-das-nahen-drapieren\/\" \/>\n<meta property=\"og:site_name\" content=\"DE-LIANG - jewelry,clothes,watch,beauty cosmetics\" \/>\n<meta property=\"article:publisher\" content=\"https:\/\/www.facebook.com\/JaneZhang008\/\" \/>\n<meta property=\"og:image\" content=\"https:\/\/deliangdisplay.com\/wp-content\/uploads\/2025\/10\/8-3.webp\" \/>\n\t<meta property=\"og:image:width\" content=\"600\" \/>\n\t<meta property=\"og:image:height\" content=\"600\" \/>\n\t<meta property=\"og:image:type\" content=\"image\/webp\" \/>\n<meta name=\"twitter:card\" content=\"summary_large_image\" \/>\n<meta name=\"twitter:site\" content=\"@ly673551729\" \/>\n<meta name=\"twitter:label1\" content=\"Gesch\u00e4tzte Lesezeit\" \/>\n\t<meta name=\"twitter:data1\" content=\"2\u00a0Minuten\" \/>\n<script type=\"application\/ld+json\" class=\"yoast-schema-graph\">{\"@context\":\"https:\\\/\\\/schema.org\",\"@graph\":[{\"@type\":\"WebPage\",\"@id\":\"https:\\\/\\\/deliangdisplay.com\\\/our-product\\\/displays\\\/retail-mannequins\\\/half-scale-dress-form\\\/adjustable-half-scale-size-12-dress-form-mini-mannequin-with-soft-arms-for-sewing-draping\\\/\",\"url\":\"https:\\\/\\\/deliangdisplay.com\\\/our-product\\\/displays\\\/retail-mannequins\\\/half-scale-dress-form\\\/adjustable-half-scale-size-12-dress-form-mini-mannequin-with-soft-arms-for-sewing-draping\\\/\",\"name\":\"Adjustable Half-Scale Size 12 Dress Form \u2013 Mini Mannequin with Soft Arms for Sewing & Draping - DE-LIANG - jewelry,clothes,watch,beauty cosmetics\",\"isPartOf\":{\"@id\":\"https:\\\/\\\/deliangdisplay.com\\\/#website\"},\"primaryImageOfPage\":{\"@id\":\"https:\\\/\\\/deliangdisplay.com\\\/our-product\\\/displays\\\/retail-mannequins\\\/half-scale-dress-form\\\/adjustable-half-scale-size-12-dress-form-mini-mannequin-with-soft-arms-for-sewing-draping\\\/#primaryimage\"},\"image\":{\"@id\":\"https:\\\/\\\/deliangdisplay.com\\\/our-product\\\/displays\\\/retail-mannequins\\\/half-scale-dress-form\\\/adjustable-half-scale-size-12-dress-form-mini-mannequin-with-soft-arms-for-sewing-draping\\\/#primaryimage\"},\"thumbnailUrl\":\"https:\\\/\\\/deliangdisplay.com\\\/wp-content\\\/uploads\\\/2025\\\/10\\\/8-3.webp\",\"datePublished\":\"2025-10-21T03:02:52+00:00\",\"breadcrumb\":{\"@id\":\"https:\\\/\\\/deliangdisplay.com\\\/our-product\\\/displays\\\/retail-mannequins\\\/half-scale-dress-form\\\/adjustable-half-scale-size-12-dress-form-mini-mannequin-with-soft-arms-for-sewing-draping\\\/#breadcrumb\"},\"inLanguage\":\"de\",\"potentialAction\":[{\"@type\":\"ReadAction\",\"target\":[\"https:\\\/\\\/deliangdisplay.com\\\/our-product\\\/displays\\\/retail-mannequins\\\/half-scale-dress-form\\\/adjustable-half-scale-size-12-dress-form-mini-mannequin-with-soft-arms-for-sewing-draping\\\/\"]}]},{\"@type\":\"ImageObject\",\"inLanguage\":\"de\",\"@id\":\"https:\\\/\\\/deliangdisplay.com\\\/our-product\\\/displays\\\/retail-mannequins\\\/half-scale-dress-form\\\/adjustable-half-scale-size-12-dress-form-mini-mannequin-with-soft-arms-for-sewing-draping\\\/#primaryimage\",\"url\":\"https:\\\/\\\/deliangdisplay.com\\\/wp-content\\\/uploads\\\/2025\\\/10\\\/8-3.webp\",\"contentUrl\":\"https:\\\/\\\/deliangdisplay.com\\\/wp-content\\\/uploads\\\/2025\\\/10\\\/8-3.webp\",\"width\":600,\"height\":600},{\"@type\":\"BreadcrumbList\",\"@id\":\"https:\\\/\\\/deliangdisplay.com\\\/our-product\\\/displays\\\/retail-mannequins\\\/half-scale-dress-form\\\/adjustable-half-scale-size-12-dress-form-mini-mannequin-with-soft-arms-for-sewing-draping\\\/#breadcrumb\",\"itemListElement\":[{\"@type\":\"ListItem\",\"position\":1,\"name\":\"\u9996\u9875\",\"item\":\"https:\\\/\\\/deliangdisplay.com\\\/\"},{\"@type\":\"ListItem\",\"position\":2,\"name\":\"Our Product\",\"item\":\"https:\\\/\\\/deliangdisplay.com\\\/our-product\\\/\"},{\"@type\":\"ListItem\",\"position\":3,\"name\":\"Adjustable Half-Scale Size 12 Dress Form \u2013 Mini Mannequin with Soft Arms for Sewing &#038; Draping\"}]},{\"@type\":\"WebSite\",\"@id\":\"https:\\\/\\\/deliangdisplay.com\\\/#website\",\"url\":\"https:\\\/\\\/deliangdisplay.com\\\/\",\"name\":\"deliangdisplay.com\",\"description\":\"DE-LIANG - Providing bespoke packaging solutions and luxurious display design services for brands in jewelry, apparel, watches, beauty cosmetics, and more.\",\"publisher\":{\"@id\":\"https:\\\/\\\/deliangdisplay.com\\\/#organization\"},\"potentialAction\":[{\"@type\":\"SearchAction\",\"target\":{\"@type\":\"EntryPoint\",\"urlTemplate\":\"https:\\\/\\\/deliangdisplay.com\\\/?s={search_term_string}\"},\"query-input\":{\"@type\":\"PropertyValueSpecification\",\"valueRequired\":true,\"valueName\":\"search_term_string\"}}],\"inLanguage\":\"de\"},{\"@type\":\"Organization\",\"@id\":\"https:\\\/\\\/deliangdisplay.com\\\/#organization\",\"name\":\"deliangdisplay.com\",\"url\":\"https:\\\/\\\/deliangdisplay.com\\\/\",\"logo\":{\"@type\":\"ImageObject\",\"inLanguage\":\"de\",\"@id\":\"https:\\\/\\\/deliangdisplay.com\\\/#\\\/schema\\\/logo\\\/image\\\/\",\"url\":\"https:\\\/\\\/deliangdisplay.com\\\/wp-content\\\/uploads\\\/2025\\\/08\\\/DELIANGDISPALY_logo.png\",\"contentUrl\":\"https:\\\/\\\/deliangdisplay.com\\\/wp-content\\\/uploads\\\/2025\\\/08\\\/DELIANGDISPALY_logo.png\",\"width\":300,\"height\":130,\"caption\":\"deliangdisplay.com\"},\"image\":{\"@id\":\"https:\\\/\\\/deliangdisplay.com\\\/#\\\/schema\\\/logo\\\/image\\\/\"},\"sameAs\":[\"https:\\\/\\\/www.facebook.com\\\/JaneZhang008\\\/\",\"https:\\\/\\\/x.com\\\/ly673551729\"]}]}<\/script>\n<!-- \/ Yoast SEO plugin. -->","yoast_head_json":{"title":"Verstellbare Halb-Skala Gr\u00f6\u00dfe 12 Dress Form - Mini Mannequin mit weichen Armen f\u00fcr N\u00e4hen &amp; Drapieren - DE-LIANG - Schmuck,Kleidung,Uhr,Sch\u00f6nheit Kosmetik","robots":{"index":"index","follow":"follow","max-snippet":"max-snippet:-1","max-image-preview":"max-image-preview:large","max-video-preview":"max-video-preview:-1"},"canonical":"https:\/\/deliangdisplay.com\/de\/unser-produkt\/zeigt\/schaufensterpuppen\/halbwaage-kleiderform\/verstellbare-halbe-skala-grose-12-kleid-form-mini-mannequin-mit-weichen-armen-fur-das-nahen-drapieren\/","og_locale":"de_DE","og_type":"article","og_title":"Adjustable Half-Scale Size 12 Dress Form \u2013 Mini Mannequin with Soft Arms for Sewing & Draping - DE-LIANG - jewelry,clothes,watch,beauty cosmetics","og_description":"This 1:2 half-scale female dress form (Size 12, not adult size) has soft arms, ideal for sewing, tailoring, and dress pattern making. Key Size 12 specs: shoulder 21cm, bust 48.5cm, waist 37cm, hips 49.5cm, body height 44.5\u201345cm. Soft arms: 30cm long, 13.5cm arm girth. Total height adjusts 50\u201382cm via a screw. Made of fiberglass (cotton-lined) with cotton-linen fabric, it has a 17cm metal base, is pinnable at an angle\u2014saves fabric for designers\/students.","og_url":"https:\/\/deliangdisplay.com\/de\/unser-produkt\/zeigt\/schaufensterpuppen\/halbwaage-kleiderform\/verstellbare-halbe-skala-grose-12-kleid-form-mini-mannequin-mit-weichen-armen-fur-das-nahen-drapieren\/","og_site_name":"DE-LIANG - jewelry,clothes,watch,beauty cosmetics","article_publisher":"https:\/\/www.facebook.com\/JaneZhang008\/","og_image":[{"width":600,"height":600,"url":"https:\/\/deliangdisplay.com\/wp-content\/uploads\/2025\/10\/8-3.webp","type":"image\/webp"}],"twitter_card":"summary_large_image","twitter_site":"@ly673551729","twitter_misc":{"Gesch\u00e4tzte Lesezeit":"2\u00a0Minuten"},"schema":{"@context":"https:\/\/schema.org","@graph":[{"@type":"WebPage","@id":"https:\/\/deliangdisplay.com\/our-product\/displays\/retail-mannequins\/half-scale-dress-form\/adjustable-half-scale-size-12-dress-form-mini-mannequin-with-soft-arms-for-sewing-draping\/","url":"https:\/\/deliangdisplay.com\/our-product\/displays\/retail-mannequins\/half-scale-dress-form\/adjustable-half-scale-size-12-dress-form-mini-mannequin-with-soft-arms-for-sewing-draping\/","name":"Verstellbare Halb-Skala Gr\u00f6\u00dfe 12 Dress Form - Mini Mannequin mit weichen Armen f\u00fcr N\u00e4hen &amp; Drapieren - DE-LIANG - Schmuck,Kleidung,Uhr,Sch\u00f6nheit Kosmetik","isPartOf":{"@id":"https:\/\/deliangdisplay.com\/#website"},"primaryImageOfPage":{"@id":"https:\/\/deliangdisplay.com\/our-product\/displays\/retail-mannequins\/half-scale-dress-form\/adjustable-half-scale-size-12-dress-form-mini-mannequin-with-soft-arms-for-sewing-draping\/#primaryimage"},"image":{"@id":"https:\/\/deliangdisplay.com\/our-product\/displays\/retail-mannequins\/half-scale-dress-form\/adjustable-half-scale-size-12-dress-form-mini-mannequin-with-soft-arms-for-sewing-draping\/#primaryimage"},"thumbnailUrl":"https:\/\/deliangdisplay.com\/wp-content\/uploads\/2025\/10\/8-3.webp","datePublished":"2025-10-21T03:02:52+00:00","breadcrumb":{"@id":"https:\/\/deliangdisplay.com\/our-product\/displays\/retail-mannequins\/half-scale-dress-form\/adjustable-half-scale-size-12-dress-form-mini-mannequin-with-soft-arms-for-sewing-draping\/#breadcrumb"},"inLanguage":"de","potentialAction":[{"@type":"ReadAction","target":["https:\/\/deliangdisplay.com\/our-product\/displays\/retail-mannequins\/half-scale-dress-form\/adjustable-half-scale-size-12-dress-form-mini-mannequin-with-soft-arms-for-sewing-draping\/"]}]},{"@type":"ImageObject","inLanguage":"de","@id":"https:\/\/deliangdisplay.com\/our-product\/displays\/retail-mannequins\/half-scale-dress-form\/adjustable-half-scale-size-12-dress-form-mini-mannequin-with-soft-arms-for-sewing-draping\/#primaryimage","url":"https:\/\/deliangdisplay.com\/wp-content\/uploads\/2025\/10\/8-3.webp","contentUrl":"https:\/\/deliangdisplay.com\/wp-content\/uploads\/2025\/10\/8-3.webp","width":600,"height":600},{"@type":"BreadcrumbList","@id":"https:\/\/deliangdisplay.com\/our-product\/displays\/retail-mannequins\/half-scale-dress-form\/adjustable-half-scale-size-12-dress-form-mini-mannequin-with-soft-arms-for-sewing-draping\/#breadcrumb","itemListElement":[{"@type":"ListItem","position":1,"name":"\u9996\u9875","item":"https:\/\/deliangdisplay.com\/"},{"@type":"ListItem","position":2,"name":"Our Product","item":"https:\/\/deliangdisplay.com\/our-product\/"},{"@type":"ListItem","position":3,"name":"Adjustable Half-Scale Size 12 Dress Form \u2013 Mini Mannequin with Soft Arms for Sewing &#038; Draping"}]},{"@type":"WebSite","@id":"https:\/\/deliangdisplay.com\/#website","url":"https:\/\/deliangdisplay.com\/","name":"deliangdisplay.com","description":"DE-LIANG - Ma\u00dfgeschneiderte Verpackungsl\u00f6sungen und luxuri\u00f6ses Display-Design f\u00fcr Marken aus der Schmuck-, Bekleidungs-, Uhren- und Kosmetikbranche und mehr.","publisher":{"@id":"https:\/\/deliangdisplay.com\/#organization"},"potentialAction":[{"@type":"SearchAction","target":{"@type":"EntryPoint","urlTemplate":"https:\/\/deliangdisplay.com\/?s={search_term_string}"},"query-input":{"@type":"PropertyValueSpecification","valueRequired":true,"valueName":"search_term_string"}}],"inLanguage":"de"},{"@type":"Organization","@id":"https:\/\/deliangdisplay.com\/#organization","name":"deliangdisplay.com","url":"https:\/\/deliangdisplay.com\/","logo":{"@type":"ImageObject","inLanguage":"de","@id":"https:\/\/deliangdisplay.com\/#\/schema\/logo\/image\/","url":"https:\/\/deliangdisplay.com\/wp-content\/uploads\/2025\/08\/DELIANGDISPALY_logo.png","contentUrl":"https:\/\/deliangdisplay.com\/wp-content\/uploads\/2025\/08\/DELIANGDISPALY_logo.png","width":300,"height":130,"caption":"deliangdisplay.com"},"image":{"@id":"https:\/\/deliangdisplay.com\/#\/schema\/logo\/image\/"},"sameAs":["https:\/\/www.facebook.com\/JaneZhang008\/","https:\/\/x.com\/ly673551729"]}]}},"_links":{"self":[{"href":"https:\/\/deliangdisplay.com\/de\/wp-json\/wp\/v2\/product\/43659","targetHints":{"allow":["GET"]}}],"collection":[{"href":"https:\/\/deliangdisplay.com\/de\/wp-json\/wp\/v2\/product"}],"about":[{"href":"https:\/\/deliangdisplay.com\/de\/wp-json\/wp\/v2\/types\/product"}],"replies":[{"embeddable":true,"href":"https:\/\/deliangdisplay.com\/de\/wp-json\/wp\/v2\/comments?post=43659"}],"wp:featuredmedia":[{"embeddable":true,"href":"https:\/\/deliangdisplay.com\/de\/wp-json\/wp\/v2\/media\/43664"}],"wp:attachment":[{"href":"https:\/\/deliangdisplay.com\/de\/wp-json\/wp\/v2\/media?parent=43659"}],"wp:term":[{"taxonomy":"product_brand","embeddable":true,"href":"https:\/\/deliangdisplay.com\/de\/wp-json\/wp\/v2\/product_brand?post=43659"},{"taxonomy":"product_cat","embeddable":true,"href":"https:\/\/deliangdisplay.com\/de\/wp-json\/wp\/v2\/product_cat?post=43659"},{"taxonomy":"product_tag","embeddable":true,"href":"https:\/\/deliangdisplay.com\/de\/wp-json\/wp\/v2\/product_tag?post=43659"}],"curies":[{"name":"wp","href":"https:\/\/api.w.org\/{rel}","templated":true}]}}