{"id":43652,"date":"2025-10-21T10:50:40","date_gmt":"2025-10-21T02:50:40","guid":{"rendered":"https:\/\/deliangdisplay.com\/?post_type=product&#038;p=43652"},"modified":"2025-10-21T10:57:28","modified_gmt":"2025-10-21T02:57:28","slug":"multi-grose-mini-schaufensterpuppen-12-13-14-voll-fixierbar-schaumstoff-schaufensterpuppen-geeignet-fur-drapieren-und-nahen","status":"publish","type":"product","link":"https:\/\/deliangdisplay.com\/de\/unser-produkt\/zeigt\/schaufensterpuppen\/halbwaage-kleiderform\/multi-grose-mini-schaufensterpuppen-12-13-14-voll-fixierbar-schaumstoff-schaufensterpuppen-geeignet-fur-drapieren-und-nahen\/","title":{"rendered":"Mini-Schaufensterpuppen in mehreren Gr\u00f6\u00dfen (1:2\/1:3\/1:4) - Vollst\u00e4ndig fixierbare Schaumstoff-Schaufensterpuppen, geeignet zum Drapieren und N\u00e4hen"},"content":{"rendered":"<h3 class=\"header-iWP5WJ auto-hide-last-sibling-br\">Produkt\u00fcbersicht<\/h3>\n<div class=\"auto-hide-last-sibling-br paragraph-pP9ZLC paragraph-element br-paragraph-space\">Dies ist eine\u00a0<strong>Mehrskalige weibliche Minikleidform<\/strong>\u00a0(erh\u00e4ltlich im Verh\u00e4ltnis 1:2, 1:3, 1:4, nicht in voller Erwachsenengr\u00f6\u00dfe), entwickelt f\u00fcr professionelles Schneidern, N\u00e4hen, Studium der Drapiermethode und Modeexperimente. Es ist vollst\u00e4ndig faltbar, flexibel und dient sowohl als funktionales Werkzeug f\u00fcr das Design von Kleidungsst\u00fccken als auch als modisches Dekorationsst\u00fcck im nordischen Stil, das N\u00fctzlichkeit und \u00c4sthetik miteinander verbindet.<\/div>\n<h3 class=\"header-iWP5WJ auto-hide-last-sibling-br\">Wichtige Spezifikationen<\/h3>\n<ul class=\"auto-hide-last-sibling-br\">\n<li><strong>Gr\u00f6\u00dfe Details<\/strong>\u00a0(alle Gr\u00f6\u00dfen sind verkleinerte Mini-Versionen)\n<ul class=\"auto-hide-last-sibling-br\">\n<li>Ma\u00dfstab 1:2: H\u00f6he 47 cm, Kragen 18 cm, Oberweite 43,5 cm, Taille 33,5 cm, H\u00fcfte 45,5 cm, Basisdurchmesser 19 cm.<\/li>\n<li>Ma\u00dfstab 1:3: H\u00f6he 32 cm, Oberweite 29 cm, Taille 23 cm, H\u00fcfte 31 cm.<\/li>\n<li>Ma\u00dfstab 1:4: H\u00f6he 24,5 cm, Oberweite 22 cm, Taille 18 cm, H\u00fcfte 23,5 cm.<\/li>\n<\/ul>\n<\/li>\n<li><strong>Materialien und Struktur<\/strong>: K\u00f6rper aus Schaumstoff (voll pinnbar) und mit Stoff bezogen, der mit roten Linien drapiert ist; Sockel aus Kunststoff; inklusive weicher Unterlage und bequemer St\u00fctzstange.<\/li>\n<\/ul>\n<h3 class=\"header-iWP5WJ auto-hide-last-sibling-br\">Wesentliche Merkmale<\/h3>\n<ul class=\"auto-hide-last-sibling-br\">\n<li><strong>Vollst\u00e4ndig pinnbares Design<\/strong>: Das Schaumstoffmaterial erm\u00f6glicht das freie Einsetzen der Nadeln (nicht nur in einem Winkel), was eine pr\u00e4zise Positionierung des Stoffes beim N\u00e4hen, Schneidern und Drapieren erm\u00f6glicht.<\/li>\n<li><strong>Skalen\u00fcbergreifende Vielseitigkeit<\/strong>: Bietet Optionen in den Ma\u00dfst\u00e4ben 1:2, 1:3 und 1:4, um unterschiedlichen Anforderungen gerecht zu werden - von detaillierten kleinen Kleidungsmodellen bis hin zu gr\u00f6\u00dferen Mini-Design-Tests.<\/li>\n<li><strong>Doppelfunktion (Nutzen + Dekoration)<\/strong>: Es dient als professionelles Werkzeug f\u00fcr Modeexperimente und Drapierstudien; sein schlichtes nordisches Design macht es auch zu einem eleganten Dekorationsst\u00fcck f\u00fcr R\u00e4ume, die eine moderne Mode\u00e4sthetik verfolgen.<\/li>\n<li><strong>Exquisite Handwerkskunst<\/strong>: Handgefertigt in feiner Verarbeitung, mit glattem Stoffbezug und stabiler Struktur, die eine lange Lebensdauer bei wiederholter Verwendung des Designs gew\u00e4hrleistet.<\/li>\n<\/ul>","protected":false},"excerpt":{"rendered":"<p>Diese mehrstufige weibliche Minikleiderform (1:2\/1:3\/1:4, keine Erwachsenengr\u00f6\u00dfe) eignet sich f\u00fcr professionelles Schneidern, N\u00e4hen und Drapierstudien. Wesentliche Merkmale: Ma\u00dfstab 1:2 (H\u00f6he 47cm, Oberweite 43,5cm); 1:3 (H\u00f6he 32cm, Oberweite 29cm); 1:4 (H\u00f6he 24,5cm, Oberweite 22cm). Die Figur ist aus Schaumstoff gefertigt, der sich frei einstecken l\u00e4sst, und hat einen Sockel aus Kunststoff. Sie ist flexibel, kann als nordische Dekoration verwendet werden und eignet sich f\u00fcr modische Experimente.<\/p>","protected":false},"featured_media":43656,"comment_status":"open","ping_status":"closed","template":"","meta":{"_acf_changed":false},"product_brand":[84],"product_cat":[578],"product_tag":[630,631,632,619,638,635,636,639,633,580,641,629,637,634,640],"class_list":{"0":"post-43652","1":"product","2":"type-product","3":"status-publish","4":"has-post-thumbnail","6":"product_brand-de-liang","7":"product_cat-half-scale-dress-form","8":"product_tag-12-scale-dress-form","9":"product_tag-13-scale-sewing-mannequin","10":"product_tag-14-scale-female-mannequin","11":"product_tag-draping-practice-dress-form","12":"product_tag-fashion-experiment-mannequin","13":"product_tag-female-sewing-dress-form","14":"product_tag-flexible-dressmaker-dummy","15":"product_tag-foam-sewing-mannequin","16":"product_tag-fully-pinnable-foam-dress-form","17":"product_tag-mini-female-dress-form","18":"product_tag-multi-scale-garment-design-dummy","19":"product_tag-multi-scale-mini-dress-form","20":"product_tag-nordic-style-decorative-dress-form","21":"product_tag-professional-tailor-dress-form","22":"product_tag-small-tailor-dress-form","24":"first","25":"instock","26":"shipping-taxable","27":"purchasable","28":"product-type-simple"},"acf":[],"yoast_head":"<!-- This site is optimized with the Yoast SEO plugin v27.4 - https:\/\/yoast.com\/product\/yoast-seo-wordpress\/ -->\n<title>Multi-size mini mannequins (1:2\/1:3\/1:4) \u2013 Fully fixable foam mannequins suitable for draping and sewing - DE-LIANG - jewelry,clothes,watch,beauty cosmetics<\/title>\n<meta name=\"robots\" content=\"index, follow, max-snippet:-1, max-image-preview:large, max-video-preview:-1\" \/>\n<link rel=\"canonical\" href=\"https:\/\/deliangdisplay.com\/de\/unser-produkt\/zeigt\/schaufensterpuppen\/halbwaage-kleiderform\/multi-grose-mini-schaufensterpuppen-12-13-14-voll-fixierbar-schaumstoff-schaufensterpuppen-geeignet-fur-drapieren-und-nahen\/\" \/>\n<meta property=\"og:locale\" content=\"de_DE\" \/>\n<meta property=\"og:type\" content=\"article\" \/>\n<meta property=\"og:title\" content=\"Multi-size mini mannequins (1:2\/1:3\/1:4) \u2013 Fully fixable foam mannequins suitable for draping and sewing - DE-LIANG - jewelry,clothes,watch,beauty cosmetics\" \/>\n<meta property=\"og:description\" content=\"This multi-scale female mini dress form (1:2\/1:3\/1:4, not adult size) works for professional tailoring, sewing, and draping study. Key specs: 1:2 scale (height 47cm, bust 43.5cm); 1:3 (32cm height, 29cm bust); 1:4 (24.5cm height, 22cm bust). Made of fully pinnable foam (pins insert freely) with fabric, it has a plastic base. It\u2019s flexible, doubles as Nordic decor, and suits fashion experiments.\" \/>\n<meta property=\"og:url\" content=\"https:\/\/deliangdisplay.com\/de\/unser-produkt\/zeigt\/schaufensterpuppen\/halbwaage-kleiderform\/multi-grose-mini-schaufensterpuppen-12-13-14-voll-fixierbar-schaumstoff-schaufensterpuppen-geeignet-fur-drapieren-und-nahen\/\" \/>\n<meta property=\"og:site_name\" content=\"DE-LIANG - jewelry,clothes,watch,beauty cosmetics\" \/>\n<meta property=\"article:publisher\" content=\"https:\/\/www.facebook.com\/JaneZhang008\/\" \/>\n<meta property=\"article:modified_time\" content=\"2025-10-21T02:57:28+00:00\" \/>\n<meta property=\"og:image\" content=\"https:\/\/deliangdisplay.com\/wp-content\/uploads\/2025\/10\/1-3.webp\" \/>\n\t<meta property=\"og:image:width\" content=\"600\" \/>\n\t<meta property=\"og:image:height\" content=\"600\" \/>\n\t<meta property=\"og:image:type\" content=\"image\/webp\" \/>\n<meta name=\"twitter:card\" content=\"summary_large_image\" \/>\n<meta name=\"twitter:site\" content=\"@ly673551729\" \/>\n<meta name=\"twitter:label1\" content=\"Gesch\u00e4tzte Lesezeit\" \/>\n\t<meta name=\"twitter:data1\" content=\"2\u00a0Minuten\" \/>\n<script type=\"application\/ld+json\" class=\"yoast-schema-graph\">{\"@context\":\"https:\\\/\\\/schema.org\",\"@graph\":[{\"@type\":\"WebPage\",\"@id\":\"https:\\\/\\\/deliangdisplay.com\\\/our-product\\\/displays\\\/retail-mannequins\\\/half-scale-dress-form\\\/multi-size-mini-mannequins-12-13-14-fully-fixable-foam-mannequins-suitable-for-draping-and-sewing\\\/\",\"url\":\"https:\\\/\\\/deliangdisplay.com\\\/our-product\\\/displays\\\/retail-mannequins\\\/half-scale-dress-form\\\/multi-size-mini-mannequins-12-13-14-fully-fixable-foam-mannequins-suitable-for-draping-and-sewing\\\/\",\"name\":\"Multi-size mini mannequins (1:2\\\/1:3\\\/1:4) \u2013 Fully fixable foam mannequins suitable for draping and sewing - DE-LIANG - jewelry,clothes,watch,beauty cosmetics\",\"isPartOf\":{\"@id\":\"https:\\\/\\\/deliangdisplay.com\\\/#website\"},\"primaryImageOfPage\":{\"@id\":\"https:\\\/\\\/deliangdisplay.com\\\/our-product\\\/displays\\\/retail-mannequins\\\/half-scale-dress-form\\\/multi-size-mini-mannequins-12-13-14-fully-fixable-foam-mannequins-suitable-for-draping-and-sewing\\\/#primaryimage\"},\"image\":{\"@id\":\"https:\\\/\\\/deliangdisplay.com\\\/our-product\\\/displays\\\/retail-mannequins\\\/half-scale-dress-form\\\/multi-size-mini-mannequins-12-13-14-fully-fixable-foam-mannequins-suitable-for-draping-and-sewing\\\/#primaryimage\"},\"thumbnailUrl\":\"https:\\\/\\\/deliangdisplay.com\\\/wp-content\\\/uploads\\\/2025\\\/10\\\/1-3.webp\",\"datePublished\":\"2025-10-21T02:50:40+00:00\",\"dateModified\":\"2025-10-21T02:57:28+00:00\",\"breadcrumb\":{\"@id\":\"https:\\\/\\\/deliangdisplay.com\\\/our-product\\\/displays\\\/retail-mannequins\\\/half-scale-dress-form\\\/multi-size-mini-mannequins-12-13-14-fully-fixable-foam-mannequins-suitable-for-draping-and-sewing\\\/#breadcrumb\"},\"inLanguage\":\"de\",\"potentialAction\":[{\"@type\":\"ReadAction\",\"target\":[\"https:\\\/\\\/deliangdisplay.com\\\/our-product\\\/displays\\\/retail-mannequins\\\/half-scale-dress-form\\\/multi-size-mini-mannequins-12-13-14-fully-fixable-foam-mannequins-suitable-for-draping-and-sewing\\\/\"]}]},{\"@type\":\"ImageObject\",\"inLanguage\":\"de\",\"@id\":\"https:\\\/\\\/deliangdisplay.com\\\/our-product\\\/displays\\\/retail-mannequins\\\/half-scale-dress-form\\\/multi-size-mini-mannequins-12-13-14-fully-fixable-foam-mannequins-suitable-for-draping-and-sewing\\\/#primaryimage\",\"url\":\"https:\\\/\\\/deliangdisplay.com\\\/wp-content\\\/uploads\\\/2025\\\/10\\\/1-3.webp\",\"contentUrl\":\"https:\\\/\\\/deliangdisplay.com\\\/wp-content\\\/uploads\\\/2025\\\/10\\\/1-3.webp\",\"width\":600,\"height\":600},{\"@type\":\"BreadcrumbList\",\"@id\":\"https:\\\/\\\/deliangdisplay.com\\\/our-product\\\/displays\\\/retail-mannequins\\\/half-scale-dress-form\\\/multi-size-mini-mannequins-12-13-14-fully-fixable-foam-mannequins-suitable-for-draping-and-sewing\\\/#breadcrumb\",\"itemListElement\":[{\"@type\":\"ListItem\",\"position\":1,\"name\":\"\u9996\u9875\",\"item\":\"https:\\\/\\\/deliangdisplay.com\\\/\"},{\"@type\":\"ListItem\",\"position\":2,\"name\":\"Our Product\",\"item\":\"https:\\\/\\\/deliangdisplay.com\\\/our-product\\\/\"},{\"@type\":\"ListItem\",\"position\":3,\"name\":\"Multi-size mini mannequins (1:2\\\/1:3\\\/1:4) \u2013 Fully fixable foam mannequins suitable for draping and sewing\"}]},{\"@type\":\"WebSite\",\"@id\":\"https:\\\/\\\/deliangdisplay.com\\\/#website\",\"url\":\"https:\\\/\\\/deliangdisplay.com\\\/\",\"name\":\"deliangdisplay.com\",\"description\":\"DE-LIANG - Providing bespoke packaging solutions and luxurious display design services for brands in jewelry, apparel, watches, beauty cosmetics, and more.\",\"publisher\":{\"@id\":\"https:\\\/\\\/deliangdisplay.com\\\/#organization\"},\"potentialAction\":[{\"@type\":\"SearchAction\",\"target\":{\"@type\":\"EntryPoint\",\"urlTemplate\":\"https:\\\/\\\/deliangdisplay.com\\\/?s={search_term_string}\"},\"query-input\":{\"@type\":\"PropertyValueSpecification\",\"valueRequired\":true,\"valueName\":\"search_term_string\"}}],\"inLanguage\":\"de\"},{\"@type\":\"Organization\",\"@id\":\"https:\\\/\\\/deliangdisplay.com\\\/#organization\",\"name\":\"deliangdisplay.com\",\"url\":\"https:\\\/\\\/deliangdisplay.com\\\/\",\"logo\":{\"@type\":\"ImageObject\",\"inLanguage\":\"de\",\"@id\":\"https:\\\/\\\/deliangdisplay.com\\\/#\\\/schema\\\/logo\\\/image\\\/\",\"url\":\"https:\\\/\\\/deliangdisplay.com\\\/wp-content\\\/uploads\\\/2025\\\/08\\\/DELIANGDISPALY_logo.png\",\"contentUrl\":\"https:\\\/\\\/deliangdisplay.com\\\/wp-content\\\/uploads\\\/2025\\\/08\\\/DELIANGDISPALY_logo.png\",\"width\":300,\"height\":130,\"caption\":\"deliangdisplay.com\"},\"image\":{\"@id\":\"https:\\\/\\\/deliangdisplay.com\\\/#\\\/schema\\\/logo\\\/image\\\/\"},\"sameAs\":[\"https:\\\/\\\/www.facebook.com\\\/JaneZhang008\\\/\",\"https:\\\/\\\/x.com\\\/ly673551729\"]}]}<\/script>\n<!-- \/ Yoast SEO plugin. -->","yoast_head_json":{"title":"Mini-Schaufensterpuppen in verschiedenen Gr\u00f6\u00dfen (1:2\/1:3\/1:4) - Vollst\u00e4ndig fixierbare Schaumstoff-Schaufensterpuppen zum Drapieren und N\u00e4hen - DE-LIANG - Schmuck, Kleidung, Uhren, Sch\u00f6nheit, Kosmetik","robots":{"index":"index","follow":"follow","max-snippet":"max-snippet:-1","max-image-preview":"max-image-preview:large","max-video-preview":"max-video-preview:-1"},"canonical":"https:\/\/deliangdisplay.com\/de\/unser-produkt\/zeigt\/schaufensterpuppen\/halbwaage-kleiderform\/multi-grose-mini-schaufensterpuppen-12-13-14-voll-fixierbar-schaumstoff-schaufensterpuppen-geeignet-fur-drapieren-und-nahen\/","og_locale":"de_DE","og_type":"article","og_title":"Multi-size mini mannequins (1:2\/1:3\/1:4) \u2013 Fully fixable foam mannequins suitable for draping and sewing - DE-LIANG - jewelry,clothes,watch,beauty cosmetics","og_description":"This multi-scale female mini dress form (1:2\/1:3\/1:4, not adult size) works for professional tailoring, sewing, and draping study. Key specs: 1:2 scale (height 47cm, bust 43.5cm); 1:3 (32cm height, 29cm bust); 1:4 (24.5cm height, 22cm bust). Made of fully pinnable foam (pins insert freely) with fabric, it has a plastic base. It\u2019s flexible, doubles as Nordic decor, and suits fashion experiments.","og_url":"https:\/\/deliangdisplay.com\/de\/unser-produkt\/zeigt\/schaufensterpuppen\/halbwaage-kleiderform\/multi-grose-mini-schaufensterpuppen-12-13-14-voll-fixierbar-schaumstoff-schaufensterpuppen-geeignet-fur-drapieren-und-nahen\/","og_site_name":"DE-LIANG - jewelry,clothes,watch,beauty cosmetics","article_publisher":"https:\/\/www.facebook.com\/JaneZhang008\/","article_modified_time":"2025-10-21T02:57:28+00:00","og_image":[{"width":600,"height":600,"url":"https:\/\/deliangdisplay.com\/wp-content\/uploads\/2025\/10\/1-3.webp","type":"image\/webp"}],"twitter_card":"summary_large_image","twitter_site":"@ly673551729","twitter_misc":{"Gesch\u00e4tzte Lesezeit":"2\u00a0Minuten"},"schema":{"@context":"https:\/\/schema.org","@graph":[{"@type":"WebPage","@id":"https:\/\/deliangdisplay.com\/our-product\/displays\/retail-mannequins\/half-scale-dress-form\/multi-size-mini-mannequins-12-13-14-fully-fixable-foam-mannequins-suitable-for-draping-and-sewing\/","url":"https:\/\/deliangdisplay.com\/our-product\/displays\/retail-mannequins\/half-scale-dress-form\/multi-size-mini-mannequins-12-13-14-fully-fixable-foam-mannequins-suitable-for-draping-and-sewing\/","name":"Mini-Schaufensterpuppen in verschiedenen Gr\u00f6\u00dfen (1:2\/1:3\/1:4) - Vollst\u00e4ndig fixierbare Schaumstoff-Schaufensterpuppen zum Drapieren und N\u00e4hen - DE-LIANG - Schmuck, Kleidung, Uhren, Sch\u00f6nheit, Kosmetik","isPartOf":{"@id":"https:\/\/deliangdisplay.com\/#website"},"primaryImageOfPage":{"@id":"https:\/\/deliangdisplay.com\/our-product\/displays\/retail-mannequins\/half-scale-dress-form\/multi-size-mini-mannequins-12-13-14-fully-fixable-foam-mannequins-suitable-for-draping-and-sewing\/#primaryimage"},"image":{"@id":"https:\/\/deliangdisplay.com\/our-product\/displays\/retail-mannequins\/half-scale-dress-form\/multi-size-mini-mannequins-12-13-14-fully-fixable-foam-mannequins-suitable-for-draping-and-sewing\/#primaryimage"},"thumbnailUrl":"https:\/\/deliangdisplay.com\/wp-content\/uploads\/2025\/10\/1-3.webp","datePublished":"2025-10-21T02:50:40+00:00","dateModified":"2025-10-21T02:57:28+00:00","breadcrumb":{"@id":"https:\/\/deliangdisplay.com\/our-product\/displays\/retail-mannequins\/half-scale-dress-form\/multi-size-mini-mannequins-12-13-14-fully-fixable-foam-mannequins-suitable-for-draping-and-sewing\/#breadcrumb"},"inLanguage":"de","potentialAction":[{"@type":"ReadAction","target":["https:\/\/deliangdisplay.com\/our-product\/displays\/retail-mannequins\/half-scale-dress-form\/multi-size-mini-mannequins-12-13-14-fully-fixable-foam-mannequins-suitable-for-draping-and-sewing\/"]}]},{"@type":"ImageObject","inLanguage":"de","@id":"https:\/\/deliangdisplay.com\/our-product\/displays\/retail-mannequins\/half-scale-dress-form\/multi-size-mini-mannequins-12-13-14-fully-fixable-foam-mannequins-suitable-for-draping-and-sewing\/#primaryimage","url":"https:\/\/deliangdisplay.com\/wp-content\/uploads\/2025\/10\/1-3.webp","contentUrl":"https:\/\/deliangdisplay.com\/wp-content\/uploads\/2025\/10\/1-3.webp","width":600,"height":600},{"@type":"BreadcrumbList","@id":"https:\/\/deliangdisplay.com\/our-product\/displays\/retail-mannequins\/half-scale-dress-form\/multi-size-mini-mannequins-12-13-14-fully-fixable-foam-mannequins-suitable-for-draping-and-sewing\/#breadcrumb","itemListElement":[{"@type":"ListItem","position":1,"name":"\u9996\u9875","item":"https:\/\/deliangdisplay.com\/"},{"@type":"ListItem","position":2,"name":"Our Product","item":"https:\/\/deliangdisplay.com\/our-product\/"},{"@type":"ListItem","position":3,"name":"Multi-size mini mannequins (1:2\/1:3\/1:4) \u2013 Fully fixable foam mannequins suitable for draping and sewing"}]},{"@type":"WebSite","@id":"https:\/\/deliangdisplay.com\/#website","url":"https:\/\/deliangdisplay.com\/","name":"deliangdisplay.com","description":"DE-LIANG - Ma\u00dfgeschneiderte Verpackungsl\u00f6sungen und luxuri\u00f6ses Display-Design f\u00fcr Marken aus der Schmuck-, Bekleidungs-, Uhren- und Kosmetikbranche und mehr.","publisher":{"@id":"https:\/\/deliangdisplay.com\/#organization"},"potentialAction":[{"@type":"SearchAction","target":{"@type":"EntryPoint","urlTemplate":"https:\/\/deliangdisplay.com\/?s={search_term_string}"},"query-input":{"@type":"PropertyValueSpecification","valueRequired":true,"valueName":"search_term_string"}}],"inLanguage":"de"},{"@type":"Organization","@id":"https:\/\/deliangdisplay.com\/#organization","name":"deliangdisplay.com","url":"https:\/\/deliangdisplay.com\/","logo":{"@type":"ImageObject","inLanguage":"de","@id":"https:\/\/deliangdisplay.com\/#\/schema\/logo\/image\/","url":"https:\/\/deliangdisplay.com\/wp-content\/uploads\/2025\/08\/DELIANGDISPALY_logo.png","contentUrl":"https:\/\/deliangdisplay.com\/wp-content\/uploads\/2025\/08\/DELIANGDISPALY_logo.png","width":300,"height":130,"caption":"deliangdisplay.com"},"image":{"@id":"https:\/\/deliangdisplay.com\/#\/schema\/logo\/image\/"},"sameAs":["https:\/\/www.facebook.com\/JaneZhang008\/","https:\/\/x.com\/ly673551729"]}]}},"_links":{"self":[{"href":"https:\/\/deliangdisplay.com\/de\/wp-json\/wp\/v2\/product\/43652","targetHints":{"allow":["GET"]}}],"collection":[{"href":"https:\/\/deliangdisplay.com\/de\/wp-json\/wp\/v2\/product"}],"about":[{"href":"https:\/\/deliangdisplay.com\/de\/wp-json\/wp\/v2\/types\/product"}],"replies":[{"embeddable":true,"href":"https:\/\/deliangdisplay.com\/de\/wp-json\/wp\/v2\/comments?post=43652"}],"wp:featuredmedia":[{"embeddable":true,"href":"https:\/\/deliangdisplay.com\/de\/wp-json\/wp\/v2\/media\/43656"}],"wp:attachment":[{"href":"https:\/\/deliangdisplay.com\/de\/wp-json\/wp\/v2\/media?parent=43652"}],"wp:term":[{"taxonomy":"product_brand","embeddable":true,"href":"https:\/\/deliangdisplay.com\/de\/wp-json\/wp\/v2\/product_brand?post=43652"},{"taxonomy":"product_cat","embeddable":true,"href":"https:\/\/deliangdisplay.com\/de\/wp-json\/wp\/v2\/product_cat?post=43652"},{"taxonomy":"product_tag","embeddable":true,"href":"https:\/\/deliangdisplay.com\/de\/wp-json\/wp\/v2\/product_tag?post=43652"}],"curies":[{"name":"wp","href":"https:\/\/api.w.org\/{rel}","templated":true}]}}