{"id":43641,"date":"2025-10-21T10:45:16","date_gmt":"2025-10-21T02:45:16","guid":{"rendered":"https:\/\/deliangdisplay.com\/?post_type=product&#038;p=43641"},"modified":"2025-10-21T10:45:17","modified_gmt":"2025-10-21T02:45:17","slug":"halbe-skala-uns-grose-6-kleid-form-metall-basis-mannequin-fur-hose-dessous-nahen","status":"publish","type":"product","link":"https:\/\/deliangdisplay.com\/de\/unser-produkt\/zeigt\/schaufensterpuppen\/halbwaage-kleiderform\/halbe-skala-uns-grose-6-kleid-form-metall-basis-mannequin-fur-hose-dessous-nahen\/","title":{"rendered":"Halb-Scale US Gr\u00f6\u00dfe 6 Dress Form - Metall Base Mannequin f\u00fcr Hosen &amp; Dessous N\u00e4hen"},"content":{"rendered":"<h3 class=\"header-iWP5WJ auto-hide-last-sibling-br\">Produkt\u00fcbersicht<\/h3>\n<div class=\"auto-hide-last-sibling-br paragraph-pP9ZLC paragraph-element br-paragraph-space\">Dies ist eine\u00a0<strong>Weibliche Kleiderform im Ma\u00dfstab 1:2<\/strong>\u00a0(keine Erwachsenengr\u00f6\u00dfe, Gr\u00f6\u00dfe 6 f\u00fcr US-Frauen, etwas gr\u00f6\u00dfer als die Standardgr\u00f6\u00dfe 6-petite fit), entwickelt zum N\u00e4hen, Schneidern, Entwerfen von Dessous\/Unterw\u00e4sche, Herstellen von Hosenmustern und Mini-Kleidungsmodellen. Er hilft Modedesignern und Designstudenten, ihre Ideen schneller umzusetzen, Platz zu sparen und unsichere Entw\u00fcrfe effizient zu testen. Au\u00dferdem ist es tragbar, was das Brainstorming und die Erstellung von Kleidern in kleinen Gr\u00f6\u00dfen im Vergleich zu Kleiderformen in Originalgr\u00f6\u00dfe erleichtert.<\/div>\n<h3 class=\"header-iWP5WJ auto-hide-last-sibling-br\">Wichtige Spezifikationen<\/h3>\n<ul class=\"auto-hide-last-sibling-br\">\n<li><strong>Gr\u00f6\u00dfe Details<\/strong>\n<ul class=\"auto-hide-last-sibling-br\">\n<li>Gr\u00f6\u00dfe 6 (zierliche Passform): Schulterbreite 19 cm, Oberweite 44,5 cm, Taille 36,5 cm, H\u00fcfte 48,5 cm, K\u00f6rpergr\u00f6\u00dfe 45,5 cm; breiterer Schritt, ideal f\u00fcr Hosenschnitte.<\/li>\n<li>Weiche Arme (kompatible Gr\u00f6\u00dfe): L\u00e4nge 30 cm, Armumfang 13,5 cm, Ellenbogenumfang 12 cm, Handgelenkumfang 9,5 cm.<\/li>\n<\/ul>\n<\/li>\n<li><strong>H\u00f6henverstellbar<\/strong>: Die Gesamth\u00f6he l\u00e4sst sich durch Drehen einer Schraube von 48,5 cm bis 81,5 cm verstellen; die Basis ist ein runder schwarzer Metallst\u00e4nder mit einem Durchmesser von 17 cm.<\/li>\n<li><strong>Materialien<\/strong>: Korpus aus Fiberglas (mit Baumwollfutter), umh\u00fcllt mit Baumwoll-Leinenstoff; Halsabdeckung aus speziell geformtem Metall; Sockel aus 4 mm dickem Metall (sandpoliert und beschichtet, nicht lackiert).<\/li>\n<\/ul>\n<h3 class=\"header-iWP5WJ auto-hide-last-sibling-br\">Wesentliche Merkmale<\/h3>\n<ul class=\"auto-hide-last-sibling-br\">\n<li><strong>Spezialisiertes Design f\u00fcr Dessous und Hosen<\/strong>: Sie hat eine schmale Oberweite (optimiert f\u00fcr die Gestaltung von W\u00e4sche und Unterw\u00e4sche) und einen breiteren Schritt, wodurch sie sich f\u00fcr das Testen von Hosenmustern eignet und die L\u00fccke der halbgro\u00dfen Hosenpuppen schlie\u00dft.<\/li>\n<li><strong>Stachelig &amp; bequem<\/strong>: Kann schr\u00e4g angeheftet werden (aufgrund des Glasfasermaterials nicht vollst\u00e4ndig anheftbar); die mit Baumwoll-Leinen umwickelte Oberfl\u00e4che f\u00fchlt sich weich an, ideal zum Schneidern und Drapieren.<\/li>\n<li><strong>Langlebig &amp; sch\u00fctzend<\/strong>: Der 4 mm dicke Metallsockel ist resistent gegen Abbl\u00e4ttern, bleibt beim Einstecken stabil und ist leichter als das urspr\u00fcngliche 5 mm-Design, was die Benutzung erleichtert.<\/li>\n<li><strong>Platzsparend &amp; tragbar<\/strong>: Die kompakte Gr\u00f6\u00dfe spart Platz bei der Aufbewahrung; das geringe Gewicht erm\u00f6glicht ein einfaches Tragen und eignet sich f\u00fcr kleine Arbeitsbereiche oder Designaufgaben unterwegs.<\/li>\n<\/ul>","protected":false},"excerpt":{"rendered":"<p>Diese weibliche Kleiderform im Ma\u00dfstab 1:2 (US Size 6 petite, nicht Erwachsenengr\u00f6\u00dfe) eignet sich f\u00fcr das Design von Dessous, Hosenmustern, zum N\u00e4hen und Schneidern. Eckdaten: Schulterh\u00f6he 19 cm, Brustumfang 44,5 cm (schmal), Taillenumfang 36,5 cm, H\u00fcftumfang 48,5 cm, K\u00f6rpergr\u00f6\u00dfe 45,5 cm - mit verbreitertem Schritt. Die Gesamth\u00f6he l\u00e4sst sich mit einer Schraube von 48,5-81,5 cm einstellen. Hergestellt aus Fiberglas (mit Baumwolle gef\u00fcttert) mit Baumwoll-Leinen-Stoff, hat es eine 17cm Metallbasis, Metall-Halsabdeckung, und ist pinnable-portable, platzsparend f\u00fcr Designer\/Studenten.<\/p>","protected":false},"featured_media":43651,"comment_status":"open","ping_status":"closed","template":"","meta":{"_acf_changed":false},"product_brand":[84],"product_cat":[578],"product_tag":[579,582,602,626,586,591,622,587,625,606,627,624,623,621,628],"class_list":{"0":"post-43641","1":"product","2":"type-product","3":"status-publish","4":"has-post-thumbnail","6":"product_brand-de-liang","7":"product_cat-half-scale-dress-form","8":"product_tag-12-half-scale-dress-form","9":"product_tag-adjustable-height-dress-form","10":"product_tag-cotton-linen-dress-form","11":"product_tag-female-tailor-dress-form","12":"product_tag-fiberglass-dress-form","13":"product_tag-half-scale-female-mannequin","14":"product_tag-lingerie-sewing-mannequin","15":"product_tag-metal-base-dress-form","16":"product_tag-mini-garment-design-mannequin","17":"product_tag-pinnable-miniature-mannequin","18":"product_tag-portable-sewing-dummy","19":"product_tag-slim-bust-dress-form","20":"product_tag-trouser-pattern-making-dummy","21":"product_tag-us-size-6-petite-dress-form","22":"product_tag-wide-crotch-dress-form","24":"first","25":"instock","26":"shipping-taxable","27":"purchasable","28":"product-type-simple"},"acf":[],"yoast_head":"<!-- This site is optimized with the Yoast SEO plugin v27.4 - https:\/\/yoast.com\/product\/yoast-seo-wordpress\/ -->\n<title>Half-Scale US Size 6 Dress Form \u2013 Metal Base Mannequin for Trouser &amp; Lingerie Sewing - DE-LIANG - jewelry,clothes,watch,beauty cosmetics<\/title>\n<meta name=\"robots\" content=\"index, follow, max-snippet:-1, max-image-preview:large, max-video-preview:-1\" \/>\n<link rel=\"canonical\" href=\"https:\/\/deliangdisplay.com\/de\/unser-produkt\/zeigt\/schaufensterpuppen\/halbwaage-kleiderform\/halbe-skala-uns-grose-6-kleid-form-metall-basis-mannequin-fur-hose-dessous-nahen\/\" \/>\n<meta property=\"og:locale\" content=\"de_DE\" \/>\n<meta property=\"og:type\" content=\"article\" \/>\n<meta property=\"og:title\" content=\"Half-Scale US Size 6 Dress Form \u2013 Metal Base Mannequin for Trouser &amp; Lingerie Sewing - DE-LIANG - jewelry,clothes,watch,beauty cosmetics\" \/>\n<meta property=\"og:description\" content=\"This 1:2 half-scale female dress form (US Size 6 petite, not adult size) suits lingerie design, trouser pattern making, sewing, and tailoring. Key specs: shoulder 19cm, bust 44.5cm (slim), waist 36.5cm, hips 48.5cm, body height 45.5cm\u2014with wider crotch. Total height adjusts 48.5\u201381.5cm via a screw. Made of fiberglass (cotton-lined) with cotton-linen fabric, it has a 17cm metal base, metal neck cover, and is pinnable\u2014portable, space-saving for designers\/students.\" \/>\n<meta property=\"og:url\" content=\"https:\/\/deliangdisplay.com\/de\/unser-produkt\/zeigt\/schaufensterpuppen\/halbwaage-kleiderform\/halbe-skala-uns-grose-6-kleid-form-metall-basis-mannequin-fur-hose-dessous-nahen\/\" \/>\n<meta property=\"og:site_name\" content=\"DE-LIANG - jewelry,clothes,watch,beauty cosmetics\" \/>\n<meta property=\"article:publisher\" content=\"https:\/\/www.facebook.com\/JaneZhang008\/\" \/>\n<meta property=\"article:modified_time\" content=\"2025-10-21T02:45:17+00:00\" \/>\n<meta property=\"og:image\" content=\"https:\/\/deliangdisplay.com\/wp-content\/uploads\/2025\/10\/3-2.webp\" \/>\n\t<meta property=\"og:image:width\" content=\"600\" \/>\n\t<meta property=\"og:image:height\" content=\"600\" \/>\n\t<meta property=\"og:image:type\" content=\"image\/webp\" \/>\n<meta name=\"twitter:card\" content=\"summary_large_image\" \/>\n<meta name=\"twitter:site\" content=\"@ly673551729\" \/>\n<meta name=\"twitter:label1\" content=\"Gesch\u00e4tzte Lesezeit\" \/>\n\t<meta name=\"twitter:data1\" content=\"2\u00a0Minuten\" \/>\n<script type=\"application\/ld+json\" class=\"yoast-schema-graph\">{\"@context\":\"https:\\\/\\\/schema.org\",\"@graph\":[{\"@type\":\"WebPage\",\"@id\":\"https:\\\/\\\/deliangdisplay.com\\\/our-product\\\/displays\\\/retail-mannequins\\\/half-scale-dress-form\\\/half-scale-us-size-6-dress-form-metal-base-mannequin-for-trouser-lingerie-sewing\\\/\",\"url\":\"https:\\\/\\\/deliangdisplay.com\\\/our-product\\\/displays\\\/retail-mannequins\\\/half-scale-dress-form\\\/half-scale-us-size-6-dress-form-metal-base-mannequin-for-trouser-lingerie-sewing\\\/\",\"name\":\"Half-Scale US Size 6 Dress Form \u2013 Metal Base Mannequin for Trouser & Lingerie Sewing - DE-LIANG - jewelry,clothes,watch,beauty cosmetics\",\"isPartOf\":{\"@id\":\"https:\\\/\\\/deliangdisplay.com\\\/#website\"},\"primaryImageOfPage\":{\"@id\":\"https:\\\/\\\/deliangdisplay.com\\\/our-product\\\/displays\\\/retail-mannequins\\\/half-scale-dress-form\\\/half-scale-us-size-6-dress-form-metal-base-mannequin-for-trouser-lingerie-sewing\\\/#primaryimage\"},\"image\":{\"@id\":\"https:\\\/\\\/deliangdisplay.com\\\/our-product\\\/displays\\\/retail-mannequins\\\/half-scale-dress-form\\\/half-scale-us-size-6-dress-form-metal-base-mannequin-for-trouser-lingerie-sewing\\\/#primaryimage\"},\"thumbnailUrl\":\"https:\\\/\\\/deliangdisplay.com\\\/wp-content\\\/uploads\\\/2025\\\/10\\\/3-2.webp\",\"datePublished\":\"2025-10-21T02:45:16+00:00\",\"dateModified\":\"2025-10-21T02:45:17+00:00\",\"breadcrumb\":{\"@id\":\"https:\\\/\\\/deliangdisplay.com\\\/our-product\\\/displays\\\/retail-mannequins\\\/half-scale-dress-form\\\/half-scale-us-size-6-dress-form-metal-base-mannequin-for-trouser-lingerie-sewing\\\/#breadcrumb\"},\"inLanguage\":\"de\",\"potentialAction\":[{\"@type\":\"ReadAction\",\"target\":[\"https:\\\/\\\/deliangdisplay.com\\\/our-product\\\/displays\\\/retail-mannequins\\\/half-scale-dress-form\\\/half-scale-us-size-6-dress-form-metal-base-mannequin-for-trouser-lingerie-sewing\\\/\"]}]},{\"@type\":\"ImageObject\",\"inLanguage\":\"de\",\"@id\":\"https:\\\/\\\/deliangdisplay.com\\\/our-product\\\/displays\\\/retail-mannequins\\\/half-scale-dress-form\\\/half-scale-us-size-6-dress-form-metal-base-mannequin-for-trouser-lingerie-sewing\\\/#primaryimage\",\"url\":\"https:\\\/\\\/deliangdisplay.com\\\/wp-content\\\/uploads\\\/2025\\\/10\\\/3-2.webp\",\"contentUrl\":\"https:\\\/\\\/deliangdisplay.com\\\/wp-content\\\/uploads\\\/2025\\\/10\\\/3-2.webp\",\"width\":600,\"height\":600},{\"@type\":\"BreadcrumbList\",\"@id\":\"https:\\\/\\\/deliangdisplay.com\\\/our-product\\\/displays\\\/retail-mannequins\\\/half-scale-dress-form\\\/half-scale-us-size-6-dress-form-metal-base-mannequin-for-trouser-lingerie-sewing\\\/#breadcrumb\",\"itemListElement\":[{\"@type\":\"ListItem\",\"position\":1,\"name\":\"\u9996\u9875\",\"item\":\"https:\\\/\\\/deliangdisplay.com\\\/\"},{\"@type\":\"ListItem\",\"position\":2,\"name\":\"Our Product\",\"item\":\"https:\\\/\\\/deliangdisplay.com\\\/our-product\\\/\"},{\"@type\":\"ListItem\",\"position\":3,\"name\":\"Half-Scale US Size 6 Dress Form \u2013 Metal Base Mannequin for Trouser &#038; Lingerie Sewing\"}]},{\"@type\":\"WebSite\",\"@id\":\"https:\\\/\\\/deliangdisplay.com\\\/#website\",\"url\":\"https:\\\/\\\/deliangdisplay.com\\\/\",\"name\":\"deliangdisplay.com\",\"description\":\"DE-LIANG - Providing bespoke packaging solutions and luxurious display design services for brands in jewelry, apparel, watches, beauty cosmetics, and more.\",\"publisher\":{\"@id\":\"https:\\\/\\\/deliangdisplay.com\\\/#organization\"},\"potentialAction\":[{\"@type\":\"SearchAction\",\"target\":{\"@type\":\"EntryPoint\",\"urlTemplate\":\"https:\\\/\\\/deliangdisplay.com\\\/?s={search_term_string}\"},\"query-input\":{\"@type\":\"PropertyValueSpecification\",\"valueRequired\":true,\"valueName\":\"search_term_string\"}}],\"inLanguage\":\"de\"},{\"@type\":\"Organization\",\"@id\":\"https:\\\/\\\/deliangdisplay.com\\\/#organization\",\"name\":\"deliangdisplay.com\",\"url\":\"https:\\\/\\\/deliangdisplay.com\\\/\",\"logo\":{\"@type\":\"ImageObject\",\"inLanguage\":\"de\",\"@id\":\"https:\\\/\\\/deliangdisplay.com\\\/#\\\/schema\\\/logo\\\/image\\\/\",\"url\":\"https:\\\/\\\/deliangdisplay.com\\\/wp-content\\\/uploads\\\/2025\\\/08\\\/DELIANGDISPALY_logo.png\",\"contentUrl\":\"https:\\\/\\\/deliangdisplay.com\\\/wp-content\\\/uploads\\\/2025\\\/08\\\/DELIANGDISPALY_logo.png\",\"width\":300,\"height\":130,\"caption\":\"deliangdisplay.com\"},\"image\":{\"@id\":\"https:\\\/\\\/deliangdisplay.com\\\/#\\\/schema\\\/logo\\\/image\\\/\"},\"sameAs\":[\"https:\\\/\\\/www.facebook.com\\\/JaneZhang008\\\/\",\"https:\\\/\\\/x.com\\\/ly673551729\"]}]}<\/script>\n<!-- \/ Yoast SEO plugin. -->","yoast_head_json":{"title":"Half-Scale US Gr\u00f6\u00dfe 6 Dress Form - Metal Base Mannequin f\u00fcr Hose &amp; Lingerie Sewing - DE-LIANG - jewelry,clothes,watch,beauty cosmetics","robots":{"index":"index","follow":"follow","max-snippet":"max-snippet:-1","max-image-preview":"max-image-preview:large","max-video-preview":"max-video-preview:-1"},"canonical":"https:\/\/deliangdisplay.com\/de\/unser-produkt\/zeigt\/schaufensterpuppen\/halbwaage-kleiderform\/halbe-skala-uns-grose-6-kleid-form-metall-basis-mannequin-fur-hose-dessous-nahen\/","og_locale":"de_DE","og_type":"article","og_title":"Half-Scale US Size 6 Dress Form \u2013 Metal Base Mannequin for Trouser & Lingerie Sewing - DE-LIANG - jewelry,clothes,watch,beauty cosmetics","og_description":"This 1:2 half-scale female dress form (US Size 6 petite, not adult size) suits lingerie design, trouser pattern making, sewing, and tailoring. Key specs: shoulder 19cm, bust 44.5cm (slim), waist 36.5cm, hips 48.5cm, body height 45.5cm\u2014with wider crotch. Total height adjusts 48.5\u201381.5cm via a screw. Made of fiberglass (cotton-lined) with cotton-linen fabric, it has a 17cm metal base, metal neck cover, and is pinnable\u2014portable, space-saving for designers\/students.","og_url":"https:\/\/deliangdisplay.com\/de\/unser-produkt\/zeigt\/schaufensterpuppen\/halbwaage-kleiderform\/halbe-skala-uns-grose-6-kleid-form-metall-basis-mannequin-fur-hose-dessous-nahen\/","og_site_name":"DE-LIANG - jewelry,clothes,watch,beauty cosmetics","article_publisher":"https:\/\/www.facebook.com\/JaneZhang008\/","article_modified_time":"2025-10-21T02:45:17+00:00","og_image":[{"width":600,"height":600,"url":"https:\/\/deliangdisplay.com\/wp-content\/uploads\/2025\/10\/3-2.webp","type":"image\/webp"}],"twitter_card":"summary_large_image","twitter_site":"@ly673551729","twitter_misc":{"Gesch\u00e4tzte Lesezeit":"2\u00a0Minuten"},"schema":{"@context":"https:\/\/schema.org","@graph":[{"@type":"WebPage","@id":"https:\/\/deliangdisplay.com\/our-product\/displays\/retail-mannequins\/half-scale-dress-form\/half-scale-us-size-6-dress-form-metal-base-mannequin-for-trouser-lingerie-sewing\/","url":"https:\/\/deliangdisplay.com\/our-product\/displays\/retail-mannequins\/half-scale-dress-form\/half-scale-us-size-6-dress-form-metal-base-mannequin-for-trouser-lingerie-sewing\/","name":"Half-Scale US Gr\u00f6\u00dfe 6 Dress Form - Metal Base Mannequin f\u00fcr Hose &amp; Lingerie Sewing - DE-LIANG - jewelry,clothes,watch,beauty cosmetics","isPartOf":{"@id":"https:\/\/deliangdisplay.com\/#website"},"primaryImageOfPage":{"@id":"https:\/\/deliangdisplay.com\/our-product\/displays\/retail-mannequins\/half-scale-dress-form\/half-scale-us-size-6-dress-form-metal-base-mannequin-for-trouser-lingerie-sewing\/#primaryimage"},"image":{"@id":"https:\/\/deliangdisplay.com\/our-product\/displays\/retail-mannequins\/half-scale-dress-form\/half-scale-us-size-6-dress-form-metal-base-mannequin-for-trouser-lingerie-sewing\/#primaryimage"},"thumbnailUrl":"https:\/\/deliangdisplay.com\/wp-content\/uploads\/2025\/10\/3-2.webp","datePublished":"2025-10-21T02:45:16+00:00","dateModified":"2025-10-21T02:45:17+00:00","breadcrumb":{"@id":"https:\/\/deliangdisplay.com\/our-product\/displays\/retail-mannequins\/half-scale-dress-form\/half-scale-us-size-6-dress-form-metal-base-mannequin-for-trouser-lingerie-sewing\/#breadcrumb"},"inLanguage":"de","potentialAction":[{"@type":"ReadAction","target":["https:\/\/deliangdisplay.com\/our-product\/displays\/retail-mannequins\/half-scale-dress-form\/half-scale-us-size-6-dress-form-metal-base-mannequin-for-trouser-lingerie-sewing\/"]}]},{"@type":"ImageObject","inLanguage":"de","@id":"https:\/\/deliangdisplay.com\/our-product\/displays\/retail-mannequins\/half-scale-dress-form\/half-scale-us-size-6-dress-form-metal-base-mannequin-for-trouser-lingerie-sewing\/#primaryimage","url":"https:\/\/deliangdisplay.com\/wp-content\/uploads\/2025\/10\/3-2.webp","contentUrl":"https:\/\/deliangdisplay.com\/wp-content\/uploads\/2025\/10\/3-2.webp","width":600,"height":600},{"@type":"BreadcrumbList","@id":"https:\/\/deliangdisplay.com\/our-product\/displays\/retail-mannequins\/half-scale-dress-form\/half-scale-us-size-6-dress-form-metal-base-mannequin-for-trouser-lingerie-sewing\/#breadcrumb","itemListElement":[{"@type":"ListItem","position":1,"name":"\u9996\u9875","item":"https:\/\/deliangdisplay.com\/"},{"@type":"ListItem","position":2,"name":"Our Product","item":"https:\/\/deliangdisplay.com\/our-product\/"},{"@type":"ListItem","position":3,"name":"Half-Scale US Size 6 Dress Form \u2013 Metal Base Mannequin for Trouser &#038; Lingerie Sewing"}]},{"@type":"WebSite","@id":"https:\/\/deliangdisplay.com\/#website","url":"https:\/\/deliangdisplay.com\/","name":"deliangdisplay.com","description":"DE-LIANG - Ma\u00dfgeschneiderte Verpackungsl\u00f6sungen und luxuri\u00f6ses Display-Design f\u00fcr Marken aus der Schmuck-, Bekleidungs-, Uhren- und Kosmetikbranche und mehr.","publisher":{"@id":"https:\/\/deliangdisplay.com\/#organization"},"potentialAction":[{"@type":"SearchAction","target":{"@type":"EntryPoint","urlTemplate":"https:\/\/deliangdisplay.com\/?s={search_term_string}"},"query-input":{"@type":"PropertyValueSpecification","valueRequired":true,"valueName":"search_term_string"}}],"inLanguage":"de"},{"@type":"Organization","@id":"https:\/\/deliangdisplay.com\/#organization","name":"deliangdisplay.com","url":"https:\/\/deliangdisplay.com\/","logo":{"@type":"ImageObject","inLanguage":"de","@id":"https:\/\/deliangdisplay.com\/#\/schema\/logo\/image\/","url":"https:\/\/deliangdisplay.com\/wp-content\/uploads\/2025\/08\/DELIANGDISPALY_logo.png","contentUrl":"https:\/\/deliangdisplay.com\/wp-content\/uploads\/2025\/08\/DELIANGDISPALY_logo.png","width":300,"height":130,"caption":"deliangdisplay.com"},"image":{"@id":"https:\/\/deliangdisplay.com\/#\/schema\/logo\/image\/"},"sameAs":["https:\/\/www.facebook.com\/JaneZhang008\/","https:\/\/x.com\/ly673551729"]}]}},"_links":{"self":[{"href":"https:\/\/deliangdisplay.com\/de\/wp-json\/wp\/v2\/product\/43641","targetHints":{"allow":["GET"]}}],"collection":[{"href":"https:\/\/deliangdisplay.com\/de\/wp-json\/wp\/v2\/product"}],"about":[{"href":"https:\/\/deliangdisplay.com\/de\/wp-json\/wp\/v2\/types\/product"}],"replies":[{"embeddable":true,"href":"https:\/\/deliangdisplay.com\/de\/wp-json\/wp\/v2\/comments?post=43641"}],"wp:featuredmedia":[{"embeddable":true,"href":"https:\/\/deliangdisplay.com\/de\/wp-json\/wp\/v2\/media\/43651"}],"wp:attachment":[{"href":"https:\/\/deliangdisplay.com\/de\/wp-json\/wp\/v2\/media?parent=43641"}],"wp:term":[{"taxonomy":"product_brand","embeddable":true,"href":"https:\/\/deliangdisplay.com\/de\/wp-json\/wp\/v2\/product_brand?post=43641"},{"taxonomy":"product_cat","embeddable":true,"href":"https:\/\/deliangdisplay.com\/de\/wp-json\/wp\/v2\/product_cat?post=43641"},{"taxonomy":"product_tag","embeddable":true,"href":"https:\/\/deliangdisplay.com\/de\/wp-json\/wp\/v2\/product_tag?post=43641"}],"curies":[{"name":"wp","href":"https:\/\/api.w.org\/{rel}","templated":true}]}}