{"id":43631,"date":"2025-10-21T10:37:05","date_gmt":"2025-10-21T02:37:05","guid":{"rendered":"https:\/\/deliangdisplay.com\/?post_type=product&#038;p=43631"},"modified":"2025-10-21T10:37:05","modified_gmt":"2025-10-21T02:37:05","slug":"52cm-buste-halbe-skala-kleid-form-grose-14-mini-mannequin-fur-schneiderei-drapieren","status":"publish","type":"product","link":"https:\/\/deliangdisplay.com\/de\/unser-produkt\/zeigt\/schaufensterpuppen\/halbwaage-kleiderform\/52cm-buste-halbe-skala-kleid-form-grose-14-mini-mannequin-fur-schneiderei-drapieren\/","title":{"rendered":"52cm B\u00fcste Halb-Scale Dress Form (Gr\u00f6\u00dfe 14) - Mini Mannequin f\u00fcr Schneiderei &amp; Drapierung"},"content":{"rendered":"<h3 class=\"header-iWP5WJ auto-hide-last-sibling-br\">Produkt\u00fcbersicht<\/h3>\n<div class=\"auto-hide-last-sibling-br paragraph-pP9ZLC paragraph-element br-paragraph-space\">Dies ist eine\u00a0<strong>Weibliche Kleiderform im Ma\u00dfstab 1:2<\/strong>\u00a0(nicht in voller Erwachsenengr\u00f6\u00dfe, Gr\u00f6\u00dfe 14) zum N\u00e4hen, Schneidern, Modellieren, Drapieren und Entwerfen von Minikleidung. Es hilft Modedesignern und Studenten, Stoff und Zeit zu sparen, indem es ein effizientes Testen und Wiederholen von Kleidungsstilen, Vorlagen und Farboptionen erm\u00f6glicht und den Designprozess im Vergleich zu Kleidungsformen f\u00fcr Erwachsene in Originalgr\u00f6\u00dfe vereinfacht.<\/div>\n<h3 class=\"header-iWP5WJ auto-hide-last-sibling-br\">Wichtige Spezifikationen<\/h3>\n<ul class=\"auto-hide-last-sibling-br\">\n<li><strong>Gr\u00f6\u00dfe Details<\/strong>\n<ul class=\"auto-hide-last-sibling-br\">\n<li>Gr\u00f6\u00dfe 14: Schulterbreite 21 cm, Oberweite 52 cm, Taille 39 cm, H\u00fcfte 51 cm, K\u00f6rpergr\u00f6\u00dfe 46 cm; vordere Mitte (CF) 20,5 cm, hintere Mitte (CB) 23,5 cm.<\/li>\n<li>Andere verf\u00fcgbare Gr\u00f6\u00dfen: Gr\u00f6\u00dfe 8 (Schulter 19,5 cm, Oberweite 44,5 cm), Gr\u00f6\u00dfe 10 (Schulter 20,5 cm, Oberweite 46,5 cm), Gr\u00f6\u00dfe 12 (Schulter 21 cm, Oberweite 48,5 cm); weiche Arme (alle Gr\u00f6\u00dfen): L\u00e4nge 30cm, Armumfang 13,5cm, Ellenbogenumfang 12cm, Handgelenkumfang 9,5cm.<\/li>\n<\/ul>\n<\/li>\n<li><strong>H\u00f6henverstellbar<\/strong>: Die Gesamth\u00f6he l\u00e4sst sich mit einer Schraube von 50,5 cm bis 83 cm verstellen; die Basis ist ein runder schwarzer Metallst\u00e4nder mit einem Durchmesser von 17 cm.<\/li>\n<li><strong>Materialien<\/strong>: Korpus aus Fiberglas (mit voller Baumwollpolsterung), umh\u00fcllt von hochwertigem Baumwoll-Leinen-Stoff; Sockel und St\u00fctzstange aus Metall; Schulter-\/Nackenabdeckungen aus speziell geformtem Metall.<\/li>\n<\/ul>\n<h3 class=\"header-iWP5WJ auto-hide-last-sibling-br\">Wesentliche Merkmale<\/h3>\n<ul class=\"auto-hide-last-sibling-br\">\n<li><strong>Fr\u00e4sbares Design<\/strong>: Kann in einem Winkel gepinnt werden (aufgrund des Glasfasermaterials nicht vollst\u00e4ndig pinnbar), um den Stoff w\u00e4hrend des N\u00e4hens, Zuschneidens oder Drapierens zu fixieren und so pr\u00e4zise Anpassungen f\u00fcr Kleidungsdetails zu gew\u00e4hrleisten.<\/li>\n<li><strong>Dauerhafter Schutz<\/strong>: Speziell geformte Metallabdeckungen f\u00fcr Schultern und Nacken verhindern Besch\u00e4digungen beim Versand \u00fcber lange Strecken und sorgen gleichzeitig f\u00fcr ein professionelles Erscheinungsbild.<\/li>\n<li><strong>Stabile Basis<\/strong>: Der 4 mm dicke, sandpolierte und beschichtete Metallsockel ist abbl\u00e4tternd (im Gegensatz zu lackierten Sockeln) und bietet eine hohe Stabilit\u00e4t beim Heften oder N\u00e4hen.<\/li>\n<li><strong>Realistische Drapierunterst\u00fctzung<\/strong>: Die biegsamen, weichen Arme ahmen die nat\u00fcrliche menschliche Armhaltung nach und eignen sich ideal zum Testen der Passform von \u00c4rmeln, Schulterlinien und anderen armbezogenen Kleidungsdetails.<\/li>\n<\/ul>","protected":false},"excerpt":{"rendered":"<p>Diese weibliche Kleiderform im Ma\u00dfstab 1:2 (Gr\u00f6\u00dfe 14, nicht Erwachsenengr\u00f6\u00dfe) eignet sich ideal zum N\u00e4hen, Schneidern, f\u00fcr die Herstellung von Schnittmustern und f\u00fcr das Design von Minikleidung. Eckdaten der Gr\u00f6\u00dfe 14: Schulter 21cm, Brustumfang 52cm, Taille 39cm, H\u00fcfte 51cm, K\u00f6rpergr\u00f6\u00dfe 46cm. Die Gesamth\u00f6he l\u00e4sst sich \u00fcber eine Schraube von 50,5-83 cm einstellen. Sie besteht aus Fiberglas (mit Baumwollpolsterung) und Baumwoll-Leinen-Stoff und hat einen 17 cm hohen Metallsockel, Schulter- und Nackenabdeckungen aus Metall und ein pinnbares Design, das Designern die M\u00f6glichkeit bietet, Stoffe zu testen und die Passform der \u00c4rmel zu \u00fcberpr\u00fcfen.<\/p>","protected":false},"featured_media":43636,"comment_status":"open","ping_status":"closed","template":"","meta":{"_acf_changed":false},"product_brand":[84],"product_cat":[578],"product_tag":[579,615,582,602,619,618,616,586,591,587,609,617,606,614,620],"class_list":{"0":"post-43631","1":"product","2":"type-product","3":"status-publish","4":"has-post-thumbnail","6":"product_brand-de-liang","7":"product_cat-half-scale-dress-form","8":"product_tag-12-half-scale-dress-form","9":"product_tag-52cm-bust-dress-form","10":"product_tag-adjustable-height-dress-form","11":"product_tag-cotton-linen-dress-form","12":"product_tag-draping-practice-dress-form","13":"product_tag-fashion-designer-mannequin","14":"product_tag-female-tailor-mannequin","15":"product_tag-fiberglass-dress-form","16":"product_tag-half-scale-female-mannequin","17":"product_tag-metal-base-dress-form","18":"product_tag-mini-garment-design-dummy","19":"product_tag-pattern-maker-dress-form","20":"product_tag-pinnable-miniature-mannequin","21":"product_tag-size-14-sewing-mannequin","22":"product_tag-soft-arm-dress-form","24":"first","25":"instock","26":"shipping-taxable","27":"purchasable","28":"product-type-simple"},"acf":[],"yoast_head":"<!-- This site is optimized with the Yoast SEO plugin v27.4 - https:\/\/yoast.com\/product\/yoast-seo-wordpress\/ -->\n<title>52cm Bust Half-Scale Dress Form (Size 14) \u2013 Mini Mannequin for Tailoring &amp; Draping - DE-LIANG - jewelry,clothes,watch,beauty cosmetics<\/title>\n<meta name=\"robots\" content=\"index, follow, max-snippet:-1, max-image-preview:large, max-video-preview:-1\" \/>\n<link rel=\"canonical\" href=\"https:\/\/deliangdisplay.com\/de\/unser-produkt\/zeigt\/schaufensterpuppen\/halbwaage-kleiderform\/52cm-buste-halbe-skala-kleid-form-grose-14-mini-mannequin-fur-schneiderei-drapieren\/\" \/>\n<meta property=\"og:locale\" content=\"de_DE\" \/>\n<meta property=\"og:type\" content=\"article\" \/>\n<meta property=\"og:title\" content=\"52cm Bust Half-Scale Dress Form (Size 14) \u2013 Mini Mannequin for Tailoring &amp; Draping - DE-LIANG - jewelry,clothes,watch,beauty cosmetics\" \/>\n<meta property=\"og:description\" content=\"This 1:2 half-scale female dress form (Size 14, not adult size) is ideal for sewing, tailoring, pattern making, and mini garment design. Key Size 14 specs: shoulder 21cm, bust 52cm, waist 39cm, hips 51cm, body height 46cm. Total height adjusts 50.5\u201383cm via a screw. Made of fiberglass (cotton-padded) with cotton-linen fabric, it has a 17cm metal base, metal shoulder\/neck covers, and pinnable design\u2014suits designers for fabric testing and sleeve fit checks.\" \/>\n<meta property=\"og:url\" content=\"https:\/\/deliangdisplay.com\/de\/unser-produkt\/zeigt\/schaufensterpuppen\/halbwaage-kleiderform\/52cm-buste-halbe-skala-kleid-form-grose-14-mini-mannequin-fur-schneiderei-drapieren\/\" \/>\n<meta property=\"og:site_name\" content=\"DE-LIANG - jewelry,clothes,watch,beauty cosmetics\" \/>\n<meta property=\"article:publisher\" content=\"https:\/\/www.facebook.com\/JaneZhang008\/\" \/>\n<meta property=\"og:image\" content=\"https:\/\/deliangdisplay.com\/wp-content\/uploads\/2025\/10\/8-1.webp\" \/>\n\t<meta property=\"og:image:width\" content=\"600\" \/>\n\t<meta property=\"og:image:height\" content=\"600\" \/>\n\t<meta property=\"og:image:type\" content=\"image\/webp\" \/>\n<meta name=\"twitter:card\" content=\"summary_large_image\" \/>\n<meta name=\"twitter:site\" content=\"@ly673551729\" \/>\n<meta name=\"twitter:label1\" content=\"Gesch\u00e4tzte Lesezeit\" \/>\n\t<meta name=\"twitter:data1\" content=\"2\u00a0Minuten\" \/>\n<script type=\"application\/ld+json\" class=\"yoast-schema-graph\">{\"@context\":\"https:\\\/\\\/schema.org\",\"@graph\":[{\"@type\":\"WebPage\",\"@id\":\"https:\\\/\\\/deliangdisplay.com\\\/our-product\\\/displays\\\/retail-mannequins\\\/half-scale-dress-form\\\/52cm-bust-half-scale-dress-form-size-14-mini-mannequin-for-tailoring-draping\\\/\",\"url\":\"https:\\\/\\\/deliangdisplay.com\\\/our-product\\\/displays\\\/retail-mannequins\\\/half-scale-dress-form\\\/52cm-bust-half-scale-dress-form-size-14-mini-mannequin-for-tailoring-draping\\\/\",\"name\":\"52cm Bust Half-Scale Dress Form (Size 14) \u2013 Mini Mannequin for Tailoring & Draping - DE-LIANG - jewelry,clothes,watch,beauty cosmetics\",\"isPartOf\":{\"@id\":\"https:\\\/\\\/deliangdisplay.com\\\/#website\"},\"primaryImageOfPage\":{\"@id\":\"https:\\\/\\\/deliangdisplay.com\\\/our-product\\\/displays\\\/retail-mannequins\\\/half-scale-dress-form\\\/52cm-bust-half-scale-dress-form-size-14-mini-mannequin-for-tailoring-draping\\\/#primaryimage\"},\"image\":{\"@id\":\"https:\\\/\\\/deliangdisplay.com\\\/our-product\\\/displays\\\/retail-mannequins\\\/half-scale-dress-form\\\/52cm-bust-half-scale-dress-form-size-14-mini-mannequin-for-tailoring-draping\\\/#primaryimage\"},\"thumbnailUrl\":\"https:\\\/\\\/deliangdisplay.com\\\/wp-content\\\/uploads\\\/2025\\\/10\\\/8-1.webp\",\"datePublished\":\"2025-10-21T02:37:05+00:00\",\"breadcrumb\":{\"@id\":\"https:\\\/\\\/deliangdisplay.com\\\/our-product\\\/displays\\\/retail-mannequins\\\/half-scale-dress-form\\\/52cm-bust-half-scale-dress-form-size-14-mini-mannequin-for-tailoring-draping\\\/#breadcrumb\"},\"inLanguage\":\"de\",\"potentialAction\":[{\"@type\":\"ReadAction\",\"target\":[\"https:\\\/\\\/deliangdisplay.com\\\/our-product\\\/displays\\\/retail-mannequins\\\/half-scale-dress-form\\\/52cm-bust-half-scale-dress-form-size-14-mini-mannequin-for-tailoring-draping\\\/\"]}]},{\"@type\":\"ImageObject\",\"inLanguage\":\"de\",\"@id\":\"https:\\\/\\\/deliangdisplay.com\\\/our-product\\\/displays\\\/retail-mannequins\\\/half-scale-dress-form\\\/52cm-bust-half-scale-dress-form-size-14-mini-mannequin-for-tailoring-draping\\\/#primaryimage\",\"url\":\"https:\\\/\\\/deliangdisplay.com\\\/wp-content\\\/uploads\\\/2025\\\/10\\\/8-1.webp\",\"contentUrl\":\"https:\\\/\\\/deliangdisplay.com\\\/wp-content\\\/uploads\\\/2025\\\/10\\\/8-1.webp\",\"width\":600,\"height\":600},{\"@type\":\"BreadcrumbList\",\"@id\":\"https:\\\/\\\/deliangdisplay.com\\\/our-product\\\/displays\\\/retail-mannequins\\\/half-scale-dress-form\\\/52cm-bust-half-scale-dress-form-size-14-mini-mannequin-for-tailoring-draping\\\/#breadcrumb\",\"itemListElement\":[{\"@type\":\"ListItem\",\"position\":1,\"name\":\"\u9996\u9875\",\"item\":\"https:\\\/\\\/deliangdisplay.com\\\/\"},{\"@type\":\"ListItem\",\"position\":2,\"name\":\"Our Product\",\"item\":\"https:\\\/\\\/deliangdisplay.com\\\/our-product\\\/\"},{\"@type\":\"ListItem\",\"position\":3,\"name\":\"52cm Bust Half-Scale Dress Form (Size 14) \u2013 Mini Mannequin for Tailoring &#038; Draping\"}]},{\"@type\":\"WebSite\",\"@id\":\"https:\\\/\\\/deliangdisplay.com\\\/#website\",\"url\":\"https:\\\/\\\/deliangdisplay.com\\\/\",\"name\":\"deliangdisplay.com\",\"description\":\"DE-LIANG - Providing bespoke packaging solutions and luxurious display design services for brands in jewelry, apparel, watches, beauty cosmetics, and more.\",\"publisher\":{\"@id\":\"https:\\\/\\\/deliangdisplay.com\\\/#organization\"},\"potentialAction\":[{\"@type\":\"SearchAction\",\"target\":{\"@type\":\"EntryPoint\",\"urlTemplate\":\"https:\\\/\\\/deliangdisplay.com\\\/?s={search_term_string}\"},\"query-input\":{\"@type\":\"PropertyValueSpecification\",\"valueRequired\":true,\"valueName\":\"search_term_string\"}}],\"inLanguage\":\"de\"},{\"@type\":\"Organization\",\"@id\":\"https:\\\/\\\/deliangdisplay.com\\\/#organization\",\"name\":\"deliangdisplay.com\",\"url\":\"https:\\\/\\\/deliangdisplay.com\\\/\",\"logo\":{\"@type\":\"ImageObject\",\"inLanguage\":\"de\",\"@id\":\"https:\\\/\\\/deliangdisplay.com\\\/#\\\/schema\\\/logo\\\/image\\\/\",\"url\":\"https:\\\/\\\/deliangdisplay.com\\\/wp-content\\\/uploads\\\/2025\\\/08\\\/DELIANGDISPALY_logo.png\",\"contentUrl\":\"https:\\\/\\\/deliangdisplay.com\\\/wp-content\\\/uploads\\\/2025\\\/08\\\/DELIANGDISPALY_logo.png\",\"width\":300,\"height\":130,\"caption\":\"deliangdisplay.com\"},\"image\":{\"@id\":\"https:\\\/\\\/deliangdisplay.com\\\/#\\\/schema\\\/logo\\\/image\\\/\"},\"sameAs\":[\"https:\\\/\\\/www.facebook.com\\\/JaneZhang008\\\/\",\"https:\\\/\\\/x.com\\\/ly673551729\"]}]}<\/script>\n<!-- \/ Yoast SEO plugin. -->","yoast_head_json":{"title":"52cm B\u00fcste Halb-Scale Dress Form (Gr\u00f6\u00dfe 14) - Mini Mannequin f\u00fcr Schneiderei &amp; Drapierung - DE-LIANG - jewelry,clothes,watch,beauty cosmetics","robots":{"index":"index","follow":"follow","max-snippet":"max-snippet:-1","max-image-preview":"max-image-preview:large","max-video-preview":"max-video-preview:-1"},"canonical":"https:\/\/deliangdisplay.com\/de\/unser-produkt\/zeigt\/schaufensterpuppen\/halbwaage-kleiderform\/52cm-buste-halbe-skala-kleid-form-grose-14-mini-mannequin-fur-schneiderei-drapieren\/","og_locale":"de_DE","og_type":"article","og_title":"52cm Bust Half-Scale Dress Form (Size 14) \u2013 Mini Mannequin for Tailoring & Draping - DE-LIANG - jewelry,clothes,watch,beauty cosmetics","og_description":"This 1:2 half-scale female dress form (Size 14, not adult size) is ideal for sewing, tailoring, pattern making, and mini garment design. Key Size 14 specs: shoulder 21cm, bust 52cm, waist 39cm, hips 51cm, body height 46cm. Total height adjusts 50.5\u201383cm via a screw. Made of fiberglass (cotton-padded) with cotton-linen fabric, it has a 17cm metal base, metal shoulder\/neck covers, and pinnable design\u2014suits designers for fabric testing and sleeve fit checks.","og_url":"https:\/\/deliangdisplay.com\/de\/unser-produkt\/zeigt\/schaufensterpuppen\/halbwaage-kleiderform\/52cm-buste-halbe-skala-kleid-form-grose-14-mini-mannequin-fur-schneiderei-drapieren\/","og_site_name":"DE-LIANG - jewelry,clothes,watch,beauty cosmetics","article_publisher":"https:\/\/www.facebook.com\/JaneZhang008\/","og_image":[{"width":600,"height":600,"url":"https:\/\/deliangdisplay.com\/wp-content\/uploads\/2025\/10\/8-1.webp","type":"image\/webp"}],"twitter_card":"summary_large_image","twitter_site":"@ly673551729","twitter_misc":{"Gesch\u00e4tzte Lesezeit":"2\u00a0Minuten"},"schema":{"@context":"https:\/\/schema.org","@graph":[{"@type":"WebPage","@id":"https:\/\/deliangdisplay.com\/our-product\/displays\/retail-mannequins\/half-scale-dress-form\/52cm-bust-half-scale-dress-form-size-14-mini-mannequin-for-tailoring-draping\/","url":"https:\/\/deliangdisplay.com\/our-product\/displays\/retail-mannequins\/half-scale-dress-form\/52cm-bust-half-scale-dress-form-size-14-mini-mannequin-for-tailoring-draping\/","name":"52cm B\u00fcste Halb-Scale Dress Form (Gr\u00f6\u00dfe 14) - Mini Mannequin f\u00fcr Schneiderei &amp; Drapierung - DE-LIANG - jewelry,clothes,watch,beauty cosmetics","isPartOf":{"@id":"https:\/\/deliangdisplay.com\/#website"},"primaryImageOfPage":{"@id":"https:\/\/deliangdisplay.com\/our-product\/displays\/retail-mannequins\/half-scale-dress-form\/52cm-bust-half-scale-dress-form-size-14-mini-mannequin-for-tailoring-draping\/#primaryimage"},"image":{"@id":"https:\/\/deliangdisplay.com\/our-product\/displays\/retail-mannequins\/half-scale-dress-form\/52cm-bust-half-scale-dress-form-size-14-mini-mannequin-for-tailoring-draping\/#primaryimage"},"thumbnailUrl":"https:\/\/deliangdisplay.com\/wp-content\/uploads\/2025\/10\/8-1.webp","datePublished":"2025-10-21T02:37:05+00:00","breadcrumb":{"@id":"https:\/\/deliangdisplay.com\/our-product\/displays\/retail-mannequins\/half-scale-dress-form\/52cm-bust-half-scale-dress-form-size-14-mini-mannequin-for-tailoring-draping\/#breadcrumb"},"inLanguage":"de","potentialAction":[{"@type":"ReadAction","target":["https:\/\/deliangdisplay.com\/our-product\/displays\/retail-mannequins\/half-scale-dress-form\/52cm-bust-half-scale-dress-form-size-14-mini-mannequin-for-tailoring-draping\/"]}]},{"@type":"ImageObject","inLanguage":"de","@id":"https:\/\/deliangdisplay.com\/our-product\/displays\/retail-mannequins\/half-scale-dress-form\/52cm-bust-half-scale-dress-form-size-14-mini-mannequin-for-tailoring-draping\/#primaryimage","url":"https:\/\/deliangdisplay.com\/wp-content\/uploads\/2025\/10\/8-1.webp","contentUrl":"https:\/\/deliangdisplay.com\/wp-content\/uploads\/2025\/10\/8-1.webp","width":600,"height":600},{"@type":"BreadcrumbList","@id":"https:\/\/deliangdisplay.com\/our-product\/displays\/retail-mannequins\/half-scale-dress-form\/52cm-bust-half-scale-dress-form-size-14-mini-mannequin-for-tailoring-draping\/#breadcrumb","itemListElement":[{"@type":"ListItem","position":1,"name":"\u9996\u9875","item":"https:\/\/deliangdisplay.com\/"},{"@type":"ListItem","position":2,"name":"Our Product","item":"https:\/\/deliangdisplay.com\/our-product\/"},{"@type":"ListItem","position":3,"name":"52cm Bust Half-Scale Dress Form (Size 14) \u2013 Mini Mannequin for Tailoring &#038; Draping"}]},{"@type":"WebSite","@id":"https:\/\/deliangdisplay.com\/#website","url":"https:\/\/deliangdisplay.com\/","name":"deliangdisplay.com","description":"DE-LIANG - Ma\u00dfgeschneiderte Verpackungsl\u00f6sungen und luxuri\u00f6ses Display-Design f\u00fcr Marken aus der Schmuck-, Bekleidungs-, Uhren- und Kosmetikbranche und mehr.","publisher":{"@id":"https:\/\/deliangdisplay.com\/#organization"},"potentialAction":[{"@type":"SearchAction","target":{"@type":"EntryPoint","urlTemplate":"https:\/\/deliangdisplay.com\/?s={search_term_string}"},"query-input":{"@type":"PropertyValueSpecification","valueRequired":true,"valueName":"search_term_string"}}],"inLanguage":"de"},{"@type":"Organization","@id":"https:\/\/deliangdisplay.com\/#organization","name":"deliangdisplay.com","url":"https:\/\/deliangdisplay.com\/","logo":{"@type":"ImageObject","inLanguage":"de","@id":"https:\/\/deliangdisplay.com\/#\/schema\/logo\/image\/","url":"https:\/\/deliangdisplay.com\/wp-content\/uploads\/2025\/08\/DELIANGDISPALY_logo.png","contentUrl":"https:\/\/deliangdisplay.com\/wp-content\/uploads\/2025\/08\/DELIANGDISPALY_logo.png","width":300,"height":130,"caption":"deliangdisplay.com"},"image":{"@id":"https:\/\/deliangdisplay.com\/#\/schema\/logo\/image\/"},"sameAs":["https:\/\/www.facebook.com\/JaneZhang008\/","https:\/\/x.com\/ly673551729"]}]}},"_links":{"self":[{"href":"https:\/\/deliangdisplay.com\/de\/wp-json\/wp\/v2\/product\/43631","targetHints":{"allow":["GET"]}}],"collection":[{"href":"https:\/\/deliangdisplay.com\/de\/wp-json\/wp\/v2\/product"}],"about":[{"href":"https:\/\/deliangdisplay.com\/de\/wp-json\/wp\/v2\/types\/product"}],"replies":[{"embeddable":true,"href":"https:\/\/deliangdisplay.com\/de\/wp-json\/wp\/v2\/comments?post=43631"}],"wp:featuredmedia":[{"embeddable":true,"href":"https:\/\/deliangdisplay.com\/de\/wp-json\/wp\/v2\/media\/43636"}],"wp:attachment":[{"href":"https:\/\/deliangdisplay.com\/de\/wp-json\/wp\/v2\/media?parent=43631"}],"wp:term":[{"taxonomy":"product_brand","embeddable":true,"href":"https:\/\/deliangdisplay.com\/de\/wp-json\/wp\/v2\/product_brand?post=43631"},{"taxonomy":"product_cat","embeddable":true,"href":"https:\/\/deliangdisplay.com\/de\/wp-json\/wp\/v2\/product_cat?post=43631"},{"taxonomy":"product_tag","embeddable":true,"href":"https:\/\/deliangdisplay.com\/de\/wp-json\/wp\/v2\/product_tag?post=43631"}],"curies":[{"name":"wp","href":"https:\/\/api.w.org\/{rel}","templated":true}]}}