{"id":43594,"date":"2025-10-21T10:04:31","date_gmt":"2025-10-21T02:04:31","guid":{"rendered":"https:\/\/deliangdisplay.com\/?post_type=product&#038;p=43594"},"modified":"2025-10-21T10:04:50","modified_gmt":"2025-10-21T02:04:50","slug":"halbe-skala-nahen-kleid-form-grose-8-mini-weibliche-schaufensterpuppe-mit-einstellbarer-hohe-fur-drapieren","status":"publish","type":"product","link":"https:\/\/deliangdisplay.com\/de\/unser-produkt\/zeigt\/schaufensterpuppen\/halbwaage-kleiderform\/halbe-skala-nahen-kleid-form-grose-8-mini-weibliche-schaufensterpuppe-mit-einstellbarer-hohe-fur-drapieren\/","title":{"rendered":"Halbgro\u00dfe Schneiderpuppe (Gr\u00f6\u00dfe 8) - Mini-Frauenpuppe mit verstellbarer H\u00f6he zum Drapieren"},"content":{"rendered":"<h3 class=\"header-iWP5WJ auto-hide-last-sibling-br\">Produkt\u00fcbersicht<\/h3>\n<div class=\"auto-hide-last-sibling-br paragraph-pP9ZLC paragraph-element br-paragraph-space\">Dies ist eine\u00a0<strong>Weibliche Kleiderform im Ma\u00dfstab 1:2<\/strong>\u00a0(keine Erwachsenengr\u00f6\u00dfe) zum N\u00e4hen, Schneidern, Anpassen, Entwerfen von Schnittmustern, \u00dcben von Designs und Pr\u00e4sentieren von Mini-Kleidungsst\u00fccken. Er verf\u00fcgt \u00fcber eine verstellbare H\u00f6he, eine robuste Konstruktion und funktionelle Details, die pr\u00e4zises Arbeiten an Kleidungsst\u00fccken unterst\u00fctzen, und bietet mehrere Gr\u00f6\u00dfenoptionen f\u00fcr unterschiedliche Anforderungen an Mini-Kleidung.<\/div>\n<h3 class=\"header-iWP5WJ auto-hide-last-sibling-br\">Wichtige Spezifikationen<\/h3>\n<ul class=\"auto-hide-last-sibling-br\">\n<li><strong>Gr\u00f6\u00dfe Details<\/strong>\n<ul class=\"auto-hide-last-sibling-br\">\n<li>Gr\u00f6\u00dfe 8: Schulterbreite 21 cm, Oberweite 45 cm, Taille 38 cm, H\u00fcfte 47 cm, K\u00f6rpergr\u00f6\u00dfe 43 cm.<\/li>\n<li>Gr\u00f6\u00dfe 10: Schulterbreite 20,5cm, Oberweite 46,5cm, Taille 36cm, H\u00fcfte 48cm, K\u00f6rpergr\u00f6\u00dfe 46,5cm.<\/li>\n<li>Weiche Arme (f\u00fcr alle Gr\u00f6\u00dfen): L\u00e4nge 30cm, Armumfang 13,5cm, Ellbogenumfang 12cm, Handgelenkumfang 9,5cm.<\/li>\n<\/ul>\n<\/li>\n<li><strong>H\u00f6henverstellbar<\/strong>: Die Gesamth\u00f6he l\u00e4sst sich mit einer Schraube von 61 cm bis 75 cm einstellen. Die Basis ist ein runder schwarzer Metallst\u00e4nder mit einem Durchmesser von 17 cm (6,7 Zoll) f\u00fcr Stabilit\u00e4t.<\/li>\n<li><strong>Materialien<\/strong>: Korpus aus Fiberglas (mit Innenfutter aus Baumwolle), umh\u00fcllt von dicker Baumwollpolsterung und glattem Baumwoll-Leinenstoff; Sockel und St\u00fctzstange aus Metall.<\/li>\n<\/ul>\n<h3 class=\"header-iWP5WJ auto-hide-last-sibling-br\">Wesentliche Merkmale<\/h3>\n<ul class=\"auto-hide-last-sibling-br\">\n<li><strong>Fr\u00e4sbares Design<\/strong>: Kann in einem Winkel (nicht gerade in den K\u00f6rper) geheftet werden, um den Stoff w\u00e4hrend des N\u00e4hens, Drapierens oder Anlegens zu sichern - ideal zum Anpassen von Kleidungsst\u00fccken.<\/li>\n<li><strong>Sch\u00fctzende Komponenten<\/strong>: Inklusive individuell geformter Metallabdeckungen f\u00fcr Schultern und Nacken, um Sch\u00e4den w\u00e4hrend des Transports zu vermeiden, sowie verst\u00e4rkter Verpackung f\u00fcr einen sicheren Versand.<\/li>\n<li><strong>Realistische Drapierunterst\u00fctzung<\/strong>: Flexible, weiche Arme, die so geformt werden k\u00f6nnen, dass sie die nat\u00fcrliche menschliche Haltung nachahmen, was das Testen der Passform von \u00c4rmeln, Schulterlinien und komplexen Minikleidungsentw\u00fcrfen erleichtert.<\/li>\n<li><strong>Robuste Standfestigkeit<\/strong>: Der robuste runde Metallsockel sorgt daf\u00fcr, dass die Ankleideform w\u00e4hrend des Gebrauchs im Gleichgewicht bleibt, auch wenn Sie die H\u00f6he verstellen oder den Stoff feststecken.<\/li>\n<\/ul>","protected":false},"excerpt":{"rendered":"<p>Diese weibliche Kleiderform im Ma\u00dfstab 1:2 (keine Erwachsenengr\u00f6\u00dfe) ist ideal zum N\u00e4hen, Schneidern, Anpassen und f\u00fcr Design\u00fcbungen. Sie ist in Gr\u00f6\u00dfe 8 (Schulter 21 cm, Brust 45 cm, Taille 38 cm, H\u00fcfte 47 cm) und Gr\u00f6\u00dfe 10 erh\u00e4ltlich und kann mittels einer Schraube in der H\u00f6he verstellt werden (61-75 cm). Sie besteht aus Fiberglas (mit Baumwollfutter) mit Baumwoll-Leinen-Stoff und einem stabilen Metallfu\u00df. Sie ist in einem Winkel anpassbar, hat flexible, weiche Arme und Metallabdeckungen zum Schutz beim Versand - das spart Stoff und Zeit f\u00fcr Designer.<\/p>","protected":false},"featured_media":43602,"comment_status":"open","ping_status":"closed","template":"","meta":{"_acf_changed":false},"product_brand":[84],"product_cat":[578],"product_tag":[],"class_list":{"0":"post-43594","1":"product","2":"type-product","3":"status-publish","4":"has-post-thumbnail","6":"product_brand-de-liang","7":"product_cat-half-scale-dress-form","9":"first","10":"instock","11":"shipping-taxable","12":"purchasable","13":"product-type-simple"},"acf":[],"yoast_head":"<!-- This site is optimized with the Yoast SEO plugin v27.4 - https:\/\/yoast.com\/product\/yoast-seo-wordpress\/ -->\n<title>Half-Scale Sewing Dress Form (Size 8) \u2013 Mini Female Mannequin with Adjustable Height for Draping - DE-LIANG - jewelry,clothes,watch,beauty cosmetics<\/title>\n<meta name=\"robots\" content=\"index, follow, max-snippet:-1, max-image-preview:large, max-video-preview:-1\" \/>\n<link rel=\"canonical\" href=\"https:\/\/deliangdisplay.com\/de\/unser-produkt\/zeigt\/schaufensterpuppen\/halbwaage-kleiderform\/halbe-skala-nahen-kleid-form-grose-8-mini-weibliche-schaufensterpuppe-mit-einstellbarer-hohe-fur-drapieren\/\" \/>\n<meta property=\"og:locale\" content=\"de_DE\" \/>\n<meta property=\"og:type\" content=\"article\" \/>\n<meta property=\"og:title\" content=\"Half-Scale Sewing Dress Form (Size 8) \u2013 Mini Female Mannequin with Adjustable Height for Draping - DE-LIANG - jewelry,clothes,watch,beauty cosmetics\" \/>\n<meta property=\"og:description\" content=\"This 1:2 half-scale female dress form (not adult size) is ideal for sewing, tailoring, fitting, and design practice. Available in Size 8 (shoulder 21cm, bust 45cm, waist 38cm, hips 47cm) and Size 10, it has adjustable height (61\u201375cm) via a screw. Made of fiberglass (cotton-lined) with cotton-linen fabric, plus a sturdy metal base, it\u2019s pinnable at an angle, has flexible soft arms, and metal covers for shipping protection\u2014saves fabric and time for designers.\" \/>\n<meta property=\"og:url\" content=\"https:\/\/deliangdisplay.com\/de\/unser-produkt\/zeigt\/schaufensterpuppen\/halbwaage-kleiderform\/halbe-skala-nahen-kleid-form-grose-8-mini-weibliche-schaufensterpuppe-mit-einstellbarer-hohe-fur-drapieren\/\" \/>\n<meta property=\"og:site_name\" content=\"DE-LIANG - jewelry,clothes,watch,beauty cosmetics\" \/>\n<meta property=\"article:publisher\" content=\"https:\/\/www.facebook.com\/JaneZhang008\/\" \/>\n<meta property=\"article:modified_time\" content=\"2025-10-21T02:04:50+00:00\" \/>\n<meta property=\"og:image\" content=\"https:\/\/deliangdisplay.com\/wp-content\/uploads\/2025\/10\/8.webp\" \/>\n\t<meta property=\"og:image:width\" content=\"713\" \/>\n\t<meta property=\"og:image:height\" content=\"713\" \/>\n\t<meta property=\"og:image:type\" content=\"image\/webp\" \/>\n<meta name=\"twitter:card\" content=\"summary_large_image\" \/>\n<meta name=\"twitter:site\" content=\"@ly673551729\" \/>\n<meta name=\"twitter:label1\" content=\"Gesch\u00e4tzte Lesezeit\" \/>\n\t<meta name=\"twitter:data1\" content=\"2\u00a0Minuten\" \/>\n<script type=\"application\/ld+json\" class=\"yoast-schema-graph\">{\"@context\":\"https:\\\/\\\/schema.org\",\"@graph\":[{\"@type\":\"WebPage\",\"@id\":\"https:\\\/\\\/deliangdisplay.com\\\/our-product\\\/displays\\\/retail-mannequins\\\/half-scale-dress-form\\\/half-scale-sewing-dress-form-size-8-mini-female-mannequin-with-adjustable-height-for-draping\\\/\",\"url\":\"https:\\\/\\\/deliangdisplay.com\\\/our-product\\\/displays\\\/retail-mannequins\\\/half-scale-dress-form\\\/half-scale-sewing-dress-form-size-8-mini-female-mannequin-with-adjustable-height-for-draping\\\/\",\"name\":\"Half-Scale Sewing Dress Form (Size 8) \u2013 Mini Female Mannequin with Adjustable Height for Draping - DE-LIANG - jewelry,clothes,watch,beauty cosmetics\",\"isPartOf\":{\"@id\":\"https:\\\/\\\/deliangdisplay.com\\\/#website\"},\"primaryImageOfPage\":{\"@id\":\"https:\\\/\\\/deliangdisplay.com\\\/our-product\\\/displays\\\/retail-mannequins\\\/half-scale-dress-form\\\/half-scale-sewing-dress-form-size-8-mini-female-mannequin-with-adjustable-height-for-draping\\\/#primaryimage\"},\"image\":{\"@id\":\"https:\\\/\\\/deliangdisplay.com\\\/our-product\\\/displays\\\/retail-mannequins\\\/half-scale-dress-form\\\/half-scale-sewing-dress-form-size-8-mini-female-mannequin-with-adjustable-height-for-draping\\\/#primaryimage\"},\"thumbnailUrl\":\"https:\\\/\\\/deliangdisplay.com\\\/wp-content\\\/uploads\\\/2025\\\/10\\\/8.webp\",\"datePublished\":\"2025-10-21T02:04:31+00:00\",\"dateModified\":\"2025-10-21T02:04:50+00:00\",\"breadcrumb\":{\"@id\":\"https:\\\/\\\/deliangdisplay.com\\\/our-product\\\/displays\\\/retail-mannequins\\\/half-scale-dress-form\\\/half-scale-sewing-dress-form-size-8-mini-female-mannequin-with-adjustable-height-for-draping\\\/#breadcrumb\"},\"inLanguage\":\"de\",\"potentialAction\":[{\"@type\":\"ReadAction\",\"target\":[\"https:\\\/\\\/deliangdisplay.com\\\/our-product\\\/displays\\\/retail-mannequins\\\/half-scale-dress-form\\\/half-scale-sewing-dress-form-size-8-mini-female-mannequin-with-adjustable-height-for-draping\\\/\"]}]},{\"@type\":\"ImageObject\",\"inLanguage\":\"de\",\"@id\":\"https:\\\/\\\/deliangdisplay.com\\\/our-product\\\/displays\\\/retail-mannequins\\\/half-scale-dress-form\\\/half-scale-sewing-dress-form-size-8-mini-female-mannequin-with-adjustable-height-for-draping\\\/#primaryimage\",\"url\":\"https:\\\/\\\/deliangdisplay.com\\\/wp-content\\\/uploads\\\/2025\\\/10\\\/8.webp\",\"contentUrl\":\"https:\\\/\\\/deliangdisplay.com\\\/wp-content\\\/uploads\\\/2025\\\/10\\\/8.webp\",\"width\":713,\"height\":713},{\"@type\":\"BreadcrumbList\",\"@id\":\"https:\\\/\\\/deliangdisplay.com\\\/our-product\\\/displays\\\/retail-mannequins\\\/half-scale-dress-form\\\/half-scale-sewing-dress-form-size-8-mini-female-mannequin-with-adjustable-height-for-draping\\\/#breadcrumb\",\"itemListElement\":[{\"@type\":\"ListItem\",\"position\":1,\"name\":\"\u9996\u9875\",\"item\":\"https:\\\/\\\/deliangdisplay.com\\\/\"},{\"@type\":\"ListItem\",\"position\":2,\"name\":\"Our Product\",\"item\":\"https:\\\/\\\/deliangdisplay.com\\\/our-product\\\/\"},{\"@type\":\"ListItem\",\"position\":3,\"name\":\"Half-Scale Sewing Dress Form (Size 8) \u2013 Mini Female Mannequin with Adjustable Height for Draping\"}]},{\"@type\":\"WebSite\",\"@id\":\"https:\\\/\\\/deliangdisplay.com\\\/#website\",\"url\":\"https:\\\/\\\/deliangdisplay.com\\\/\",\"name\":\"deliangdisplay.com\",\"description\":\"DE-LIANG - Providing bespoke packaging solutions and luxurious display design services for brands in jewelry, apparel, watches, beauty cosmetics, and more.\",\"publisher\":{\"@id\":\"https:\\\/\\\/deliangdisplay.com\\\/#organization\"},\"potentialAction\":[{\"@type\":\"SearchAction\",\"target\":{\"@type\":\"EntryPoint\",\"urlTemplate\":\"https:\\\/\\\/deliangdisplay.com\\\/?s={search_term_string}\"},\"query-input\":{\"@type\":\"PropertyValueSpecification\",\"valueRequired\":true,\"valueName\":\"search_term_string\"}}],\"inLanguage\":\"de\"},{\"@type\":\"Organization\",\"@id\":\"https:\\\/\\\/deliangdisplay.com\\\/#organization\",\"name\":\"deliangdisplay.com\",\"url\":\"https:\\\/\\\/deliangdisplay.com\\\/\",\"logo\":{\"@type\":\"ImageObject\",\"inLanguage\":\"de\",\"@id\":\"https:\\\/\\\/deliangdisplay.com\\\/#\\\/schema\\\/logo\\\/image\\\/\",\"url\":\"https:\\\/\\\/deliangdisplay.com\\\/wp-content\\\/uploads\\\/2025\\\/08\\\/DELIANGDISPALY_logo.png\",\"contentUrl\":\"https:\\\/\\\/deliangdisplay.com\\\/wp-content\\\/uploads\\\/2025\\\/08\\\/DELIANGDISPALY_logo.png\",\"width\":300,\"height\":130,\"caption\":\"deliangdisplay.com\"},\"image\":{\"@id\":\"https:\\\/\\\/deliangdisplay.com\\\/#\\\/schema\\\/logo\\\/image\\\/\"},\"sameAs\":[\"https:\\\/\\\/www.facebook.com\\\/JaneZhang008\\\/\",\"https:\\\/\\\/x.com\\\/ly673551729\"]}]}<\/script>\n<!-- \/ Yoast SEO plugin. -->","yoast_head_json":{"title":"Half-Scale Sewing Dress Form (Gr\u00f6\u00dfe 8) - Mini weibliche Schaufensterpuppe mit einstellbarer H\u00f6he f\u00fcr Drapierung - DE-LIANG - jewelry,clothes,watch,beauty cosmetics","robots":{"index":"index","follow":"follow","max-snippet":"max-snippet:-1","max-image-preview":"max-image-preview:large","max-video-preview":"max-video-preview:-1"},"canonical":"https:\/\/deliangdisplay.com\/de\/unser-produkt\/zeigt\/schaufensterpuppen\/halbwaage-kleiderform\/halbe-skala-nahen-kleid-form-grose-8-mini-weibliche-schaufensterpuppe-mit-einstellbarer-hohe-fur-drapieren\/","og_locale":"de_DE","og_type":"article","og_title":"Half-Scale Sewing Dress Form (Size 8) \u2013 Mini Female Mannequin with Adjustable Height for Draping - DE-LIANG - jewelry,clothes,watch,beauty cosmetics","og_description":"This 1:2 half-scale female dress form (not adult size) is ideal for sewing, tailoring, fitting, and design practice. Available in Size 8 (shoulder 21cm, bust 45cm, waist 38cm, hips 47cm) and Size 10, it has adjustable height (61\u201375cm) via a screw. Made of fiberglass (cotton-lined) with cotton-linen fabric, plus a sturdy metal base, it\u2019s pinnable at an angle, has flexible soft arms, and metal covers for shipping protection\u2014saves fabric and time for designers.","og_url":"https:\/\/deliangdisplay.com\/de\/unser-produkt\/zeigt\/schaufensterpuppen\/halbwaage-kleiderform\/halbe-skala-nahen-kleid-form-grose-8-mini-weibliche-schaufensterpuppe-mit-einstellbarer-hohe-fur-drapieren\/","og_site_name":"DE-LIANG - jewelry,clothes,watch,beauty cosmetics","article_publisher":"https:\/\/www.facebook.com\/JaneZhang008\/","article_modified_time":"2025-10-21T02:04:50+00:00","og_image":[{"width":713,"height":713,"url":"https:\/\/deliangdisplay.com\/wp-content\/uploads\/2025\/10\/8.webp","type":"image\/webp"}],"twitter_card":"summary_large_image","twitter_site":"@ly673551729","twitter_misc":{"Gesch\u00e4tzte Lesezeit":"2\u00a0Minuten"},"schema":{"@context":"https:\/\/schema.org","@graph":[{"@type":"WebPage","@id":"https:\/\/deliangdisplay.com\/our-product\/displays\/retail-mannequins\/half-scale-dress-form\/half-scale-sewing-dress-form-size-8-mini-female-mannequin-with-adjustable-height-for-draping\/","url":"https:\/\/deliangdisplay.com\/our-product\/displays\/retail-mannequins\/half-scale-dress-form\/half-scale-sewing-dress-form-size-8-mini-female-mannequin-with-adjustable-height-for-draping\/","name":"Half-Scale Sewing Dress Form (Gr\u00f6\u00dfe 8) - Mini weibliche Schaufensterpuppe mit einstellbarer H\u00f6he f\u00fcr Drapierung - DE-LIANG - jewelry,clothes,watch,beauty cosmetics","isPartOf":{"@id":"https:\/\/deliangdisplay.com\/#website"},"primaryImageOfPage":{"@id":"https:\/\/deliangdisplay.com\/our-product\/displays\/retail-mannequins\/half-scale-dress-form\/half-scale-sewing-dress-form-size-8-mini-female-mannequin-with-adjustable-height-for-draping\/#primaryimage"},"image":{"@id":"https:\/\/deliangdisplay.com\/our-product\/displays\/retail-mannequins\/half-scale-dress-form\/half-scale-sewing-dress-form-size-8-mini-female-mannequin-with-adjustable-height-for-draping\/#primaryimage"},"thumbnailUrl":"https:\/\/deliangdisplay.com\/wp-content\/uploads\/2025\/10\/8.webp","datePublished":"2025-10-21T02:04:31+00:00","dateModified":"2025-10-21T02:04:50+00:00","breadcrumb":{"@id":"https:\/\/deliangdisplay.com\/our-product\/displays\/retail-mannequins\/half-scale-dress-form\/half-scale-sewing-dress-form-size-8-mini-female-mannequin-with-adjustable-height-for-draping\/#breadcrumb"},"inLanguage":"de","potentialAction":[{"@type":"ReadAction","target":["https:\/\/deliangdisplay.com\/our-product\/displays\/retail-mannequins\/half-scale-dress-form\/half-scale-sewing-dress-form-size-8-mini-female-mannequin-with-adjustable-height-for-draping\/"]}]},{"@type":"ImageObject","inLanguage":"de","@id":"https:\/\/deliangdisplay.com\/our-product\/displays\/retail-mannequins\/half-scale-dress-form\/half-scale-sewing-dress-form-size-8-mini-female-mannequin-with-adjustable-height-for-draping\/#primaryimage","url":"https:\/\/deliangdisplay.com\/wp-content\/uploads\/2025\/10\/8.webp","contentUrl":"https:\/\/deliangdisplay.com\/wp-content\/uploads\/2025\/10\/8.webp","width":713,"height":713},{"@type":"BreadcrumbList","@id":"https:\/\/deliangdisplay.com\/our-product\/displays\/retail-mannequins\/half-scale-dress-form\/half-scale-sewing-dress-form-size-8-mini-female-mannequin-with-adjustable-height-for-draping\/#breadcrumb","itemListElement":[{"@type":"ListItem","position":1,"name":"\u9996\u9875","item":"https:\/\/deliangdisplay.com\/"},{"@type":"ListItem","position":2,"name":"Our Product","item":"https:\/\/deliangdisplay.com\/our-product\/"},{"@type":"ListItem","position":3,"name":"Half-Scale Sewing Dress Form (Size 8) \u2013 Mini Female Mannequin with Adjustable Height for Draping"}]},{"@type":"WebSite","@id":"https:\/\/deliangdisplay.com\/#website","url":"https:\/\/deliangdisplay.com\/","name":"deliangdisplay.com","description":"DE-LIANG - Ma\u00dfgeschneiderte Verpackungsl\u00f6sungen und luxuri\u00f6ses Display-Design f\u00fcr Marken aus der Schmuck-, Bekleidungs-, Uhren- und Kosmetikbranche und mehr.","publisher":{"@id":"https:\/\/deliangdisplay.com\/#organization"},"potentialAction":[{"@type":"SearchAction","target":{"@type":"EntryPoint","urlTemplate":"https:\/\/deliangdisplay.com\/?s={search_term_string}"},"query-input":{"@type":"PropertyValueSpecification","valueRequired":true,"valueName":"search_term_string"}}],"inLanguage":"de"},{"@type":"Organization","@id":"https:\/\/deliangdisplay.com\/#organization","name":"deliangdisplay.com","url":"https:\/\/deliangdisplay.com\/","logo":{"@type":"ImageObject","inLanguage":"de","@id":"https:\/\/deliangdisplay.com\/#\/schema\/logo\/image\/","url":"https:\/\/deliangdisplay.com\/wp-content\/uploads\/2025\/08\/DELIANGDISPALY_logo.png","contentUrl":"https:\/\/deliangdisplay.com\/wp-content\/uploads\/2025\/08\/DELIANGDISPALY_logo.png","width":300,"height":130,"caption":"deliangdisplay.com"},"image":{"@id":"https:\/\/deliangdisplay.com\/#\/schema\/logo\/image\/"},"sameAs":["https:\/\/www.facebook.com\/JaneZhang008\/","https:\/\/x.com\/ly673551729"]}]}},"_links":{"self":[{"href":"https:\/\/deliangdisplay.com\/de\/wp-json\/wp\/v2\/product\/43594","targetHints":{"allow":["GET"]}}],"collection":[{"href":"https:\/\/deliangdisplay.com\/de\/wp-json\/wp\/v2\/product"}],"about":[{"href":"https:\/\/deliangdisplay.com\/de\/wp-json\/wp\/v2\/types\/product"}],"replies":[{"embeddable":true,"href":"https:\/\/deliangdisplay.com\/de\/wp-json\/wp\/v2\/comments?post=43594"}],"wp:featuredmedia":[{"embeddable":true,"href":"https:\/\/deliangdisplay.com\/de\/wp-json\/wp\/v2\/media\/43602"}],"wp:attachment":[{"href":"https:\/\/deliangdisplay.com\/de\/wp-json\/wp\/v2\/media?parent=43594"}],"wp:term":[{"taxonomy":"product_brand","embeddable":true,"href":"https:\/\/deliangdisplay.com\/de\/wp-json\/wp\/v2\/product_brand?post=43594"},{"taxonomy":"product_cat","embeddable":true,"href":"https:\/\/deliangdisplay.com\/de\/wp-json\/wp\/v2\/product_cat?post=43594"},{"taxonomy":"product_tag","embeddable":true,"href":"https:\/\/deliangdisplay.com\/de\/wp-json\/wp\/v2\/product_tag?post=43594"}],"curies":[{"name":"wp","href":"https:\/\/api.w.org\/{rel}","templated":true}]}}