{"id":43558,"date":"2025-10-14T15:00:58","date_gmt":"2025-10-14T07:00:58","guid":{"rendered":"https:\/\/deliangdisplay.com\/?post_type=product&#038;p=43558"},"modified":"2025-10-14T15:34:57","modified_gmt":"2025-10-14T07:34:57","slug":"schmuckset-aus-weichem-lammfell-langlebiges-metall-geeignet-fur-den-gehobenen-einzelhandel-und-ausstellungen","status":"publish","type":"product","link":"https:\/\/deliangdisplay.com\/de\/unser-produkt\/verpackung\/schmuck-organisationsverpackungen\/schmuckset-aus-weichem-lammfell-langlebiges-metall-geeignet-fur-den-gehobenen-einzelhandel-und-ausstellungen\/","title":{"rendered":"Soft Lambskin Jewelry Display Set - Langlebiges Metall, geeignet f\u00fcr den gehobenen Einzelhandel und Ausstellungen"},"content":{"rendered":"<h3 class=\"header-iWP5WJ auto-hide-last-sibling-br\">Produkt\u00fcbersicht<\/h3>\n<div class=\"auto-hide-last-sibling-br paragraph-pP9ZLC paragraph-element br-paragraph-space\">Erh\u00f6hen Sie die professionelle Pr\u00e4sentation von Schmuck mit diesem\u00a0<strong>Luxus-Lederschmuck-Display-Set<\/strong>-Entworfen, um Armb\u00e4nder, Ohrringe, Ringe und Halsketten mit Eleganz und Haltbarkeit zu pr\u00e4sentieren. Gefertigt aus hochwertigem Lammfell und verst\u00e4rkt mit importiertem Mischholz und 6-fach galvanisiertem Metall, bietet es eine elegante blaue Oberfl\u00e4che (mit individuellen Farboptionen), die die \u00c4sthetik hochwertiger Schmuckst\u00fccke erg\u00e4nzt. Mit den Ma\u00dfen 46\u00d748 cm bietet es vielseitige Pr\u00e4sentationsl\u00f6sungen, die auf die Bed\u00fcrfnisse von Schmuckgesch\u00e4ften zugeschnitten sind, die sowohl Funktionalit\u00e4t als auch eine hochwertige Optik ben\u00f6tigen.<\/div>\n<h3 class=\"header-iWP5WJ auto-hide-last-sibling-br\">Wesentliche Merkmale<\/h3>\n<ul class=\"auto-hide-last-sibling-br\">\n<li><strong>Hochwertiger Multi-Material-Aufbau<\/strong>: Hergestellt aus weichem Lammfell (geruchsneutral, klare Textur, starkes Farbr\u00fcckhalteverm\u00f6gen) f\u00fcr sanften Schmuckschutz, gepaart mit massivem importiertem Mischholz (feuchtigkeitsbest\u00e4ndig, insektenfest) und 6-fach galvanisiertem Metall (verschlei\u00dffest, rostfrei, lang anhaltender Glanz) f\u00fcr strukturelle Haltbarkeit.<\/li>\n<li><strong>Luxus-\u00c4sthetik &amp; Individualisierung<\/strong>: Die elegante blaue Grundfarbe unterstreicht die Brillanz des Schmucks; unterst\u00fctzt individuelle Formen, Farben, Logos und Muster zur Anpassung an die Markenidentit\u00e4t (ideal zur St\u00e4rkung der Laden\u00e4sthetik).<\/li>\n<li><strong>Vielseitige Anzeigekapazit\u00e4t<\/strong>: F\u00fcr die Aufbewahrung mehrerer Schmuckarten (Armb\u00e4nder, Ohrringe, Ringe, Halsketten) in einem Set, mit einer Gr\u00f6\u00dfe von 46\u00d748 cm, die in die Ladentheke passt und gleichzeitig die Ausstellungsfl\u00e4che f\u00fcr verschiedene Kollektionen maximiert.<\/li>\n<li><strong>Fokus Schmuckschutz<\/strong>: Die weiche Lammfelloberfl\u00e4che verhindert Kratzer auf empfindlichem Schmuck, w\u00e4hrend die robuste Konstruktion die St\u00fccke sicher h\u00e4lt - so werden Besch\u00e4digungen vermieden und der Produktwert w\u00e4hrend der Pr\u00e4sentation erhalten.<\/li>\n<\/ul>\n<h3 class=\"header-iWP5WJ auto-hide-last-sibling-br\">Ideale Anwendungen<\/h3>\n<ul class=\"auto-hide-last-sibling-br\">\n<li><strong>Einzelhandels-Juweliergesch\u00e4fte<\/strong>: Perfekt f\u00fcr die Auslage von Boutiquen oder Luxus-Schmuckgesch\u00e4ften, um Armband-, Ohrring-, Ring- und Halsketten-Kollektionen hervorzuheben, die Aufmerksamkeit der Kunden zu erregen und den wahrgenommenen Produktwert zu steigern.<\/li>\n<li><strong>High-End-Ausstellungen<\/strong>: Geeignet f\u00fcr Messen oder Schmuckausstellungen, bei denen die hochwertigen Leder- und Metalldetails des Sets Professionalit\u00e4t vermitteln und die Marke von der Konkurrenz abheben.<\/li>\n<li><strong>Boutique Visual Merchandising<\/strong>: Erstellt koh\u00e4rente, gehobene Ladenauslagen, die die Aufmerksamkeit der Kunden lenken und es ihnen erleichtern, zu st\u00f6bern und St\u00fccke auszuw\u00e4hlen, w\u00e4hrend sie gleichzeitig das Luxusimage des Ladens unterstreichen.<\/li>\n<li><strong>Markenspezifische Displays<\/strong>: Durch anpassbare Logos und Farben k\u00f6nnen Marken das Set in ihre visuelle Identit\u00e4t einbinden und so eine konsistente, einpr\u00e4gsame Pr\u00e4sentation an allen Ber\u00fchrungspunkten im Einzelhandel sicherstellen.<\/li>\n<\/ul>","protected":false},"excerpt":{"rendered":"<p>Erh\u00f6hen Sie die Pr\u00e4sentation von Schmuck mit diesem luxuri\u00f6sen Lammfell-Schmuckdisplay-Set! Gefertigt aus weichem, geruchsneutralem Lammfell, verst\u00e4rkt durch feuchtigkeitsbest\u00e4ndiges Mischholz und 6x galvanisiertes, rostfreies Metall, bietet es Platz f\u00fcr Armb\u00e4nder, Ohrringe, Ringe und Halsketten. Mit den Ma\u00dfen 46\u00d748cm in schlichtem Blau (auch in anderen Farben erh\u00e4ltlich) sch\u00fctzt es Schmuck und verleiht ihm gleichzeitig Eleganz - ideal f\u00fcr Einzelhandelsgesch\u00e4fte, Ausstellungen und Markenwerbung.<\/p>","protected":false},"featured_media":43559,"comment_status":"open","ping_status":"closed","template":"","meta":{"_acf_changed":false},"product_brand":[84],"product_cat":[73],"product_tag":[541,538,540,547,542,543,533,544,537,539,550,549,546,548,545],"class_list":{"0":"post-43558","1":"product","2":"type-product","3":"status-publish","4":"has-post-thumbnail","6":"product_brand-de-liang","7":"product_cat-jewelry-organization-packaging","8":"product_tag-46x48cm-jewelry-display","9":"product_tag-6x-electroplated-metal-jewelry-display","10":"product_tag-blue-jewelry-display-case","11":"product_tag-boutique-jewelry-display-kit","12":"product_tag-bracelet-earring-ring-necklace-display","13":"product_tag-custom-color-jewelry-display","14":"product_tag-exhibition-jewelry-display-set","15":"product_tag-high-end-retail-jewelry-display","16":"product_tag-luxury-lambskin-jewelry-display-set","17":"product_tag-moisture-proof-wood-jewelry-holder","18":"product_tag-multi-jewelry-type-display-set","19":"product_tag-odorless-lambskin-jewelry-holder","20":"product_tag-premium-leather-jewelry-display","21":"product_tag-rust-resistant-metal-jewelry-stand","22":"product_tag-soft-lambskin-jewelry-organizer","24":"first","25":"instock","26":"shipping-taxable","27":"purchasable","28":"product-type-simple"},"acf":[],"yoast_head":"<!-- This site is optimized with the Yoast SEO plugin v27.4 - https:\/\/yoast.com\/product\/yoast-seo-wordpress\/ -->\n<title>Soft Lambskin Jewelry Display Set - Durable metal, suitable for high-end retail and exhibition use - DE-LIANG - jewelry,clothes,watch,beauty cosmetics<\/title>\n<meta name=\"robots\" content=\"index, follow, max-snippet:-1, max-image-preview:large, max-video-preview:-1\" \/>\n<link rel=\"canonical\" href=\"https:\/\/deliangdisplay.com\/de\/unser-produkt\/verpackung\/schmuck-organisationsverpackungen\/schmuckset-aus-weichem-lammfell-langlebiges-metall-geeignet-fur-den-gehobenen-einzelhandel-und-ausstellungen\/\" \/>\n<meta property=\"og:locale\" content=\"de_DE\" \/>\n<meta property=\"og:type\" content=\"article\" \/>\n<meta property=\"og:title\" content=\"Soft Lambskin Jewelry Display Set - Durable metal, suitable for high-end retail and exhibition use - DE-LIANG - jewelry,clothes,watch,beauty cosmetics\" \/>\n<meta property=\"og:description\" content=\"Elevate jewelry display with this luxury lambskin jewelry display set! Crafted from soft odorless lambskin, reinforced by moisture-proof mixed wood and 6x electroplated rust-resistant metal, it holds bracelets, earrings, rings, necklaces. Sized 46\u00d748cm, in sleek blue (custom colors available), it protects jewelry while boosting elegance\u2014ideal for retail stores, exhibitions, and brand merchandising.\" \/>\n<meta property=\"og:url\" content=\"https:\/\/deliangdisplay.com\/de\/unser-produkt\/verpackung\/schmuck-organisationsverpackungen\/schmuckset-aus-weichem-lammfell-langlebiges-metall-geeignet-fur-den-gehobenen-einzelhandel-und-ausstellungen\/\" \/>\n<meta property=\"og:site_name\" content=\"DE-LIANG - jewelry,clothes,watch,beauty cosmetics\" \/>\n<meta property=\"article:publisher\" content=\"https:\/\/www.facebook.com\/JaneZhang008\/\" \/>\n<meta property=\"article:modified_time\" content=\"2025-10-14T07:34:57+00:00\" \/>\n<meta property=\"og:image\" content=\"https:\/\/deliangdisplay.com\/wp-content\/uploads\/2025\/10\/32-1.jpg\" \/>\n\t<meta property=\"og:image:width\" content=\"800\" \/>\n\t<meta property=\"og:image:height\" content=\"800\" \/>\n\t<meta property=\"og:image:type\" content=\"image\/jpeg\" \/>\n<meta name=\"twitter:card\" content=\"summary_large_image\" \/>\n<meta name=\"twitter:site\" content=\"@ly673551729\" \/>\n<meta name=\"twitter:label1\" content=\"Gesch\u00e4tzte Lesezeit\" \/>\n\t<meta name=\"twitter:data1\" content=\"2\u00a0Minuten\" \/>\n<script type=\"application\/ld+json\" class=\"yoast-schema-graph\">{\"@context\":\"https:\\\/\\\/schema.org\",\"@graph\":[{\"@type\":\"WebPage\",\"@id\":\"https:\\\/\\\/deliangdisplay.com\\\/our-product\\\/packaging\\\/jewelry-organization-packaging\\\/soft-lambskin-jewelry-display-set-durable-metal-suitable-for-high-end-retail-and-exhibition-use\\\/\",\"url\":\"https:\\\/\\\/deliangdisplay.com\\\/our-product\\\/packaging\\\/jewelry-organization-packaging\\\/soft-lambskin-jewelry-display-set-durable-metal-suitable-for-high-end-retail-and-exhibition-use\\\/\",\"name\":\"Soft Lambskin Jewelry Display Set - Durable metal, suitable for high-end retail and exhibition use - DE-LIANG - jewelry,clothes,watch,beauty cosmetics\",\"isPartOf\":{\"@id\":\"https:\\\/\\\/deliangdisplay.com\\\/#website\"},\"primaryImageOfPage\":{\"@id\":\"https:\\\/\\\/deliangdisplay.com\\\/our-product\\\/packaging\\\/jewelry-organization-packaging\\\/soft-lambskin-jewelry-display-set-durable-metal-suitable-for-high-end-retail-and-exhibition-use\\\/#primaryimage\"},\"image\":{\"@id\":\"https:\\\/\\\/deliangdisplay.com\\\/our-product\\\/packaging\\\/jewelry-organization-packaging\\\/soft-lambskin-jewelry-display-set-durable-metal-suitable-for-high-end-retail-and-exhibition-use\\\/#primaryimage\"},\"thumbnailUrl\":\"https:\\\/\\\/deliangdisplay.com\\\/wp-content\\\/uploads\\\/2025\\\/10\\\/32-1.jpg\",\"datePublished\":\"2025-10-14T07:00:58+00:00\",\"dateModified\":\"2025-10-14T07:34:57+00:00\",\"breadcrumb\":{\"@id\":\"https:\\\/\\\/deliangdisplay.com\\\/our-product\\\/packaging\\\/jewelry-organization-packaging\\\/soft-lambskin-jewelry-display-set-durable-metal-suitable-for-high-end-retail-and-exhibition-use\\\/#breadcrumb\"},\"inLanguage\":\"de\",\"potentialAction\":[{\"@type\":\"ReadAction\",\"target\":[\"https:\\\/\\\/deliangdisplay.com\\\/our-product\\\/packaging\\\/jewelry-organization-packaging\\\/soft-lambskin-jewelry-display-set-durable-metal-suitable-for-high-end-retail-and-exhibition-use\\\/\"]}]},{\"@type\":\"ImageObject\",\"inLanguage\":\"de\",\"@id\":\"https:\\\/\\\/deliangdisplay.com\\\/our-product\\\/packaging\\\/jewelry-organization-packaging\\\/soft-lambskin-jewelry-display-set-durable-metal-suitable-for-high-end-retail-and-exhibition-use\\\/#primaryimage\",\"url\":\"https:\\\/\\\/deliangdisplay.com\\\/wp-content\\\/uploads\\\/2025\\\/10\\\/32-1.jpg\",\"contentUrl\":\"https:\\\/\\\/deliangdisplay.com\\\/wp-content\\\/uploads\\\/2025\\\/10\\\/32-1.jpg\",\"width\":800,\"height\":800},{\"@type\":\"BreadcrumbList\",\"@id\":\"https:\\\/\\\/deliangdisplay.com\\\/our-product\\\/packaging\\\/jewelry-organization-packaging\\\/soft-lambskin-jewelry-display-set-durable-metal-suitable-for-high-end-retail-and-exhibition-use\\\/#breadcrumb\",\"itemListElement\":[{\"@type\":\"ListItem\",\"position\":1,\"name\":\"\u9996\u9875\",\"item\":\"https:\\\/\\\/deliangdisplay.com\\\/\"},{\"@type\":\"ListItem\",\"position\":2,\"name\":\"Our Product\",\"item\":\"https:\\\/\\\/deliangdisplay.com\\\/our-product\\\/\"},{\"@type\":\"ListItem\",\"position\":3,\"name\":\"Soft Lambskin Jewelry Display Set &#8211; Durable metal, suitable for high-end retail and exhibition use\"}]},{\"@type\":\"WebSite\",\"@id\":\"https:\\\/\\\/deliangdisplay.com\\\/#website\",\"url\":\"https:\\\/\\\/deliangdisplay.com\\\/\",\"name\":\"deliangdisplay.com\",\"description\":\"DE-LIANG - Providing bespoke packaging solutions and luxurious display design services for brands in jewelry, apparel, watches, beauty cosmetics, and more.\",\"publisher\":{\"@id\":\"https:\\\/\\\/deliangdisplay.com\\\/#organization\"},\"potentialAction\":[{\"@type\":\"SearchAction\",\"target\":{\"@type\":\"EntryPoint\",\"urlTemplate\":\"https:\\\/\\\/deliangdisplay.com\\\/?s={search_term_string}\"},\"query-input\":{\"@type\":\"PropertyValueSpecification\",\"valueRequired\":true,\"valueName\":\"search_term_string\"}}],\"inLanguage\":\"de\"},{\"@type\":\"Organization\",\"@id\":\"https:\\\/\\\/deliangdisplay.com\\\/#organization\",\"name\":\"deliangdisplay.com\",\"url\":\"https:\\\/\\\/deliangdisplay.com\\\/\",\"logo\":{\"@type\":\"ImageObject\",\"inLanguage\":\"de\",\"@id\":\"https:\\\/\\\/deliangdisplay.com\\\/#\\\/schema\\\/logo\\\/image\\\/\",\"url\":\"https:\\\/\\\/deliangdisplay.com\\\/wp-content\\\/uploads\\\/2025\\\/08\\\/DELIANGDISPALY_logo.png\",\"contentUrl\":\"https:\\\/\\\/deliangdisplay.com\\\/wp-content\\\/uploads\\\/2025\\\/08\\\/DELIANGDISPALY_logo.png\",\"width\":300,\"height\":130,\"caption\":\"deliangdisplay.com\"},\"image\":{\"@id\":\"https:\\\/\\\/deliangdisplay.com\\\/#\\\/schema\\\/logo\\\/image\\\/\"},\"sameAs\":[\"https:\\\/\\\/www.facebook.com\\\/JaneZhang008\\\/\",\"https:\\\/\\\/x.com\\\/ly673551729\"]}]}<\/script>\n<!-- \/ Yoast SEO plugin. -->","yoast_head_json":{"title":"Weiches Lammfell Schmuck-Display-Set - Langlebiges Metall, geeignet f\u00fcr High-End-Einzelhandel und Ausstellung verwenden - DE-LIANG - Schmuck, Kleidung, Uhr, Sch\u00f6nheit Kosmetik","robots":{"index":"index","follow":"follow","max-snippet":"max-snippet:-1","max-image-preview":"max-image-preview:large","max-video-preview":"max-video-preview:-1"},"canonical":"https:\/\/deliangdisplay.com\/de\/unser-produkt\/verpackung\/schmuck-organisationsverpackungen\/schmuckset-aus-weichem-lammfell-langlebiges-metall-geeignet-fur-den-gehobenen-einzelhandel-und-ausstellungen\/","og_locale":"de_DE","og_type":"article","og_title":"Soft Lambskin Jewelry Display Set - Durable metal, suitable for high-end retail and exhibition use - DE-LIANG - jewelry,clothes,watch,beauty cosmetics","og_description":"Elevate jewelry display with this luxury lambskin jewelry display set! Crafted from soft odorless lambskin, reinforced by moisture-proof mixed wood and 6x electroplated rust-resistant metal, it holds bracelets, earrings, rings, necklaces. Sized 46\u00d748cm, in sleek blue (custom colors available), it protects jewelry while boosting elegance\u2014ideal for retail stores, exhibitions, and brand merchandising.","og_url":"https:\/\/deliangdisplay.com\/de\/unser-produkt\/verpackung\/schmuck-organisationsverpackungen\/schmuckset-aus-weichem-lammfell-langlebiges-metall-geeignet-fur-den-gehobenen-einzelhandel-und-ausstellungen\/","og_site_name":"DE-LIANG - jewelry,clothes,watch,beauty cosmetics","article_publisher":"https:\/\/www.facebook.com\/JaneZhang008\/","article_modified_time":"2025-10-14T07:34:57+00:00","og_image":[{"width":800,"height":800,"url":"https:\/\/deliangdisplay.com\/wp-content\/uploads\/2025\/10\/32-1.jpg","type":"image\/jpeg"}],"twitter_card":"summary_large_image","twitter_site":"@ly673551729","twitter_misc":{"Gesch\u00e4tzte Lesezeit":"2\u00a0Minuten"},"schema":{"@context":"https:\/\/schema.org","@graph":[{"@type":"WebPage","@id":"https:\/\/deliangdisplay.com\/our-product\/packaging\/jewelry-organization-packaging\/soft-lambskin-jewelry-display-set-durable-metal-suitable-for-high-end-retail-and-exhibition-use\/","url":"https:\/\/deliangdisplay.com\/our-product\/packaging\/jewelry-organization-packaging\/soft-lambskin-jewelry-display-set-durable-metal-suitable-for-high-end-retail-and-exhibition-use\/","name":"Weiches Lammfell Schmuck-Display-Set - Langlebiges Metall, geeignet f\u00fcr High-End-Einzelhandel und Ausstellung verwenden - DE-LIANG - Schmuck, Kleidung, Uhr, Sch\u00f6nheit Kosmetik","isPartOf":{"@id":"https:\/\/deliangdisplay.com\/#website"},"primaryImageOfPage":{"@id":"https:\/\/deliangdisplay.com\/our-product\/packaging\/jewelry-organization-packaging\/soft-lambskin-jewelry-display-set-durable-metal-suitable-for-high-end-retail-and-exhibition-use\/#primaryimage"},"image":{"@id":"https:\/\/deliangdisplay.com\/our-product\/packaging\/jewelry-organization-packaging\/soft-lambskin-jewelry-display-set-durable-metal-suitable-for-high-end-retail-and-exhibition-use\/#primaryimage"},"thumbnailUrl":"https:\/\/deliangdisplay.com\/wp-content\/uploads\/2025\/10\/32-1.jpg","datePublished":"2025-10-14T07:00:58+00:00","dateModified":"2025-10-14T07:34:57+00:00","breadcrumb":{"@id":"https:\/\/deliangdisplay.com\/our-product\/packaging\/jewelry-organization-packaging\/soft-lambskin-jewelry-display-set-durable-metal-suitable-for-high-end-retail-and-exhibition-use\/#breadcrumb"},"inLanguage":"de","potentialAction":[{"@type":"ReadAction","target":["https:\/\/deliangdisplay.com\/our-product\/packaging\/jewelry-organization-packaging\/soft-lambskin-jewelry-display-set-durable-metal-suitable-for-high-end-retail-and-exhibition-use\/"]}]},{"@type":"ImageObject","inLanguage":"de","@id":"https:\/\/deliangdisplay.com\/our-product\/packaging\/jewelry-organization-packaging\/soft-lambskin-jewelry-display-set-durable-metal-suitable-for-high-end-retail-and-exhibition-use\/#primaryimage","url":"https:\/\/deliangdisplay.com\/wp-content\/uploads\/2025\/10\/32-1.jpg","contentUrl":"https:\/\/deliangdisplay.com\/wp-content\/uploads\/2025\/10\/32-1.jpg","width":800,"height":800},{"@type":"BreadcrumbList","@id":"https:\/\/deliangdisplay.com\/our-product\/packaging\/jewelry-organization-packaging\/soft-lambskin-jewelry-display-set-durable-metal-suitable-for-high-end-retail-and-exhibition-use\/#breadcrumb","itemListElement":[{"@type":"ListItem","position":1,"name":"\u9996\u9875","item":"https:\/\/deliangdisplay.com\/"},{"@type":"ListItem","position":2,"name":"Our Product","item":"https:\/\/deliangdisplay.com\/our-product\/"},{"@type":"ListItem","position":3,"name":"Soft Lambskin Jewelry Display Set &#8211; Durable metal, suitable for high-end retail and exhibition use"}]},{"@type":"WebSite","@id":"https:\/\/deliangdisplay.com\/#website","url":"https:\/\/deliangdisplay.com\/","name":"deliangdisplay.com","description":"DE-LIANG - Ma\u00dfgeschneiderte Verpackungsl\u00f6sungen und luxuri\u00f6ses Display-Design f\u00fcr Marken aus der Schmuck-, Bekleidungs-, Uhren- und Kosmetikbranche und mehr.","publisher":{"@id":"https:\/\/deliangdisplay.com\/#organization"},"potentialAction":[{"@type":"SearchAction","target":{"@type":"EntryPoint","urlTemplate":"https:\/\/deliangdisplay.com\/?s={search_term_string}"},"query-input":{"@type":"PropertyValueSpecification","valueRequired":true,"valueName":"search_term_string"}}],"inLanguage":"de"},{"@type":"Organization","@id":"https:\/\/deliangdisplay.com\/#organization","name":"deliangdisplay.com","url":"https:\/\/deliangdisplay.com\/","logo":{"@type":"ImageObject","inLanguage":"de","@id":"https:\/\/deliangdisplay.com\/#\/schema\/logo\/image\/","url":"https:\/\/deliangdisplay.com\/wp-content\/uploads\/2025\/08\/DELIANGDISPALY_logo.png","contentUrl":"https:\/\/deliangdisplay.com\/wp-content\/uploads\/2025\/08\/DELIANGDISPALY_logo.png","width":300,"height":130,"caption":"deliangdisplay.com"},"image":{"@id":"https:\/\/deliangdisplay.com\/#\/schema\/logo\/image\/"},"sameAs":["https:\/\/www.facebook.com\/JaneZhang008\/","https:\/\/x.com\/ly673551729"]}]}},"_links":{"self":[{"href":"https:\/\/deliangdisplay.com\/de\/wp-json\/wp\/v2\/product\/43558","targetHints":{"allow":["GET"]}}],"collection":[{"href":"https:\/\/deliangdisplay.com\/de\/wp-json\/wp\/v2\/product"}],"about":[{"href":"https:\/\/deliangdisplay.com\/de\/wp-json\/wp\/v2\/types\/product"}],"replies":[{"embeddable":true,"href":"https:\/\/deliangdisplay.com\/de\/wp-json\/wp\/v2\/comments?post=43558"}],"wp:featuredmedia":[{"embeddable":true,"href":"https:\/\/deliangdisplay.com\/de\/wp-json\/wp\/v2\/media\/43559"}],"wp:attachment":[{"href":"https:\/\/deliangdisplay.com\/de\/wp-json\/wp\/v2\/media?parent=43558"}],"wp:term":[{"taxonomy":"product_brand","embeddable":true,"href":"https:\/\/deliangdisplay.com\/de\/wp-json\/wp\/v2\/product_brand?post=43558"},{"taxonomy":"product_cat","embeddable":true,"href":"https:\/\/deliangdisplay.com\/de\/wp-json\/wp\/v2\/product_cat?post=43558"},{"taxonomy":"product_tag","embeddable":true,"href":"https:\/\/deliangdisplay.com\/de\/wp-json\/wp\/v2\/product_tag?post=43558"}],"curies":[{"name":"wp","href":"https:\/\/api.w.org\/{rel}","templated":true}]}}