{"id":43550,"date":"2025-10-14T14:53:42","date_gmt":"2025-10-14T06:53:42","guid":{"rendered":"https:\/\/deliangdisplay.com\/?post_type=product&#038;p=43550"},"modified":"2025-10-14T14:53:43","modified_gmt":"2025-10-14T06:53:43","slug":"rosa-gold-samt-schmuck-display-kit-mobile-ohrring-werkzeug-halskette-buste-fur-eitelkeit-shop","status":"publish","type":"product","link":"https:\/\/deliangdisplay.com\/de\/unser-produkt\/verpackung\/schmuck-organisationsverpackungen\/rosa-gold-samt-schmuck-display-kit-mobile-ohrring-werkzeug-halskette-buste-fur-eitelkeit-shop\/","title":{"rendered":"Rosa-goldenes Samt-Schmuck-Display-Set - Mobiles Ohrring-Tool + Halsketten-B\u00fcste f\u00fcr Vanity &amp; Shop"},"content":{"rendered":"<h3 class=\"header-iWP5WJ auto-hide-last-sibling-br\">Produkt\u00fcbersicht<\/h3>\n<div class=\"auto-hide-last-sibling-br paragraph-pP9ZLC paragraph-element br-paragraph-space\">Erh\u00f6hen Sie die Pr\u00e4sentation von Schmuck mit diesem\u00a0<strong>luxuri\u00f6ses mobiles Schmuck-Display-Set aus Samt<\/strong>-eine vielseitige Kombination aus Ohrringreife, Ringschalen, Kettenb\u00fcsten und rosa Ablagen. Sie ist aus weichem Samt und strapazierf\u00e4higem Metall gefertigt und verf\u00fcgt \u00fcber ein schickes rosa-goldenes Farbschema, das jedem Raum Eleganz verleiht. Es eignet sich sowohl f\u00fcr den Verkaufstresen als auch f\u00fcr den Hausgebrauch und verbindet Funktionalit\u00e4t (sichere Aufbewahrung verschiedener Schmuckarten) mit einem hochwertigen Aussehen, das den Glanz Ihrer Schmuckst\u00fccke hervorhebt.<\/div>\n<h3 class=\"header-iWP5WJ auto-hide-last-sibling-br\">Wesentliche Merkmale<\/h3>\n<ul class=\"auto-hide-last-sibling-br\">\n<li><strong>Hochwertige Materialmischung<\/strong>: Das Set aus weichem Samt (sch\u00fctzt den Schmuck vor Kratzern) und robustem Metall (sorgt f\u00fcr lange Haltbarkeit) h\u00e4lt den Schmuck sicher und verleiht der Pr\u00e4sentation einen luxuri\u00f6sen Touch.<\/li>\n<li><strong>Schicke \u00c4sthetik<\/strong>: Die stilvolle rosa-goldene Farbpalette passt zu einer Vielzahl von Schmuckstilen - von zarten Ohrringen bis hin zu auff\u00e4lligen Halsketten - und ist ideal, um die visuelle Attraktivit\u00e4t im Einzelhandel oder zu Hause zu erh\u00f6hen.<\/li>\n<li><strong>Multifunktionales Design<\/strong>: Enth\u00e4lt mehrere Komponenten (Ohrringwerkzeuge, Ringschalen, Halskettenb\u00fcsten, Regale) zur Pr\u00e4sentation verschiedener Schmuckarten. Eignet sich gut als Thekenaufsatz f\u00fcr Einzelhandelsgesch\u00e4fte, Ausstellungen oder Eitelkeiten zu Hause.<\/li>\n<li><strong>Einfache Montage<\/strong>: Die benutzerfreundliche Einrichtung erfordert nur minimalen Aufwand und erm\u00f6glicht eine schnelle Bereitstellung f\u00fcr den sofortigen Einsatz - ideal f\u00fcr Einzelh\u00e4ndler, die schnelle Ausstellungsl\u00f6sungen ben\u00f6tigen, oder f\u00fcr Sammler, die ihre St\u00fccke sofort ordnen m\u00f6chten.<\/li>\n<li><strong>Anpassbare Optionen<\/strong>: Unterst\u00fctzt die Anpassung von Logos und Grafiken (geringer Mindestbestellwert f\u00fcr eine pers\u00f6nliche Note), um die Markenidentit\u00e4t zu unterst\u00fctzen, sowie die Flexibilit\u00e4t, einzelne Komponenten oder komplette Sets zu erwerben.<\/li>\n<\/ul>\n<h3 class=\"header-iWP5WJ auto-hide-last-sibling-br\">Ideale Anwendungen<\/h3>\n<ul class=\"auto-hide-last-sibling-br\">\n<li><strong>Einzelhandels-Schmuckdisplays<\/strong>: Perfekt f\u00fcr Boutiquen, Juweliergesch\u00e4fte oder Messen - pr\u00e4sentiert Ohrringe, Ringe, Halsketten und Reifen auf eine organisierte, auff\u00e4llige Weise, die die Aufmerksamkeit der Kunden auf sich zieht.<\/li>\n<li><strong>Organisation von Heimschmuck<\/strong>: Hilft Sammlern oder Liebhabern, ihren pers\u00f6nlichen Schmuck ordentlich und sichtbar auf der Kommode oder dem Schminktisch aufzubewahren und erleichtert so die Auswahl der t\u00e4glichen Accessoires.<\/li>\n<li><strong>Ausstellung &amp; Pop-Up-Veranstaltungen<\/strong>: Das kompakte und dennoch elegante Design eignet sich f\u00fcr tempor\u00e4re Ausstellungsr\u00e4ume und gew\u00e4hrleistet eine einheitliche, professionelle Pr\u00e4sentation der Schmucklinien auf Veranstaltungen oder M\u00e4rkten.<\/li>\n<li><strong>Marken-Merchandising<\/strong>: Mit anpassbaren Logos\/Grafiken k\u00f6nnen Marken ihre Identit\u00e4t durch Displays verst\u00e4rken und so ein koh\u00e4rentes, hochwertiges Einkaufserlebnis schaffen, das den Wiedererkennungswert der Marke erh\u00f6ht.<\/li>\n<\/ul>","protected":false},"excerpt":{"rendered":"<p>Peppen Sie Ihre Schmuckst\u00fccke mit diesem luxuri\u00f6sen mobilen Schmucksets aus Samt auf! Es besteht aus weichem, kratzfestem Samt und robustem Metall und umfasst Ohrringhalter, Ringschalen, Halskettenb\u00fcsten und Ablagen in einer schicken rosa-goldenen Farbpalette. Es l\u00e4sst sich leicht zusammenbauen, mit Logos versehen und eignet sich f\u00fcr Ladentheken, Eitelkeiten zu Hause oder Ausstellungen, wo es den Schmuck sicher aufbewahrt und gleichzeitig optisch ansprechend macht.<\/p>","protected":false},"featured_media":43551,"comment_status":"open","ping_status":"closed","template":"","meta":{"_acf_changed":false},"product_brand":[84],"product_cat":[73],"product_tag":[536,530,525,529,533,532,528,522,534,535,527,524,531,526,523],"class_list":{"0":"post-43550","1":"product","2":"type-product","3":"status-publish","4":"has-post-thumbnail","6":"product_brand-de-liang","7":"product_cat-jewelry-organization-packaging","8":"product_tag-chic-jewelry-display-for-retail","9":"product_tag-customizable-logo-jewelry-display","10":"product_tag-earring-hoop-tool-for-display","11":"product_tag-easy-assemble-jewelry-display","12":"product_tag-exhibition-jewelry-display-set","13":"product_tag-home-vanity-jewelry-organizer","14":"product_tag-jewelry-display-shelves","15":"product_tag-luxury-velvet-mobile-jewelry-display-set","16":"product_tag-metal-velvet-jewelry-display","17":"product_tag-multi-piece-jewelry-display-kit","18":"product_tag-necklace-bust-display-stand","19":"product_tag-pink-gold-jewelry-display-kit","20":"product_tag-retail-counter-jewelry-display","21":"product_tag-ring-dish-jewelry-organizer","22":"product_tag-soft-scratch-resistant-velvet-jewelry-holder","24":"first","25":"instock","26":"shipping-taxable","27":"purchasable","28":"product-type-simple"},"acf":[],"yoast_head":"<!-- This site is optimized with the Yoast SEO plugin v27.4 - https:\/\/yoast.com\/product\/yoast-seo-wordpress\/ -->\n<title>Pink-Gold Velvet Jewelry Display Kit - Mobile Earring Tool + Necklace Bust for Vanity &amp; Shop - DE-LIANG - jewelry,clothes,watch,beauty cosmetics<\/title>\n<meta name=\"robots\" content=\"index, follow, max-snippet:-1, max-image-preview:large, max-video-preview:-1\" \/>\n<link rel=\"canonical\" href=\"https:\/\/deliangdisplay.com\/de\/unser-produkt\/verpackung\/schmuck-organisationsverpackungen\/rosa-gold-samt-schmuck-display-kit-mobile-ohrring-werkzeug-halskette-buste-fur-eitelkeit-shop\/\" \/>\n<meta property=\"og:locale\" content=\"de_DE\" \/>\n<meta property=\"og:type\" content=\"article\" \/>\n<meta property=\"og:title\" content=\"Pink-Gold Velvet Jewelry Display Kit - Mobile Earring Tool + Necklace Bust for Vanity &amp; Shop - DE-LIANG - jewelry,clothes,watch,beauty cosmetics\" \/>\n<meta property=\"og:description\" content=\"Elevate jewelry display with this luxury velvet mobile jewelry display set! Crafted from soft scratch-resistant velvet and sturdy metal, it includes earring hoop tools, ring dishes, necklace busts, and shelves in a chic pink-gold palette. Easy to assemble, customizable with logos, it suits retail counters, home vanities, or exhibitions\u2014securely organizing jewelry while boosting visual appeal.\" \/>\n<meta property=\"og:url\" content=\"https:\/\/deliangdisplay.com\/de\/unser-produkt\/verpackung\/schmuck-organisationsverpackungen\/rosa-gold-samt-schmuck-display-kit-mobile-ohrring-werkzeug-halskette-buste-fur-eitelkeit-shop\/\" \/>\n<meta property=\"og:site_name\" content=\"DE-LIANG - jewelry,clothes,watch,beauty cosmetics\" \/>\n<meta property=\"article:publisher\" content=\"https:\/\/www.facebook.com\/JaneZhang008\/\" \/>\n<meta property=\"article:modified_time\" content=\"2025-10-14T06:53:43+00:00\" \/>\n<meta property=\"og:image\" content=\"https:\/\/deliangdisplay.com\/wp-content\/uploads\/2025\/10\/25-3.jpg\" \/>\n\t<meta property=\"og:image:width\" content=\"811\" \/>\n\t<meta property=\"og:image:height\" content=\"811\" \/>\n\t<meta property=\"og:image:type\" content=\"image\/jpeg\" \/>\n<meta name=\"twitter:card\" content=\"summary_large_image\" \/>\n<meta name=\"twitter:site\" content=\"@ly673551729\" \/>\n<meta name=\"twitter:label1\" content=\"Gesch\u00e4tzte Lesezeit\" \/>\n\t<meta name=\"twitter:data1\" content=\"2\u00a0Minuten\" \/>\n<script type=\"application\/ld+json\" class=\"yoast-schema-graph\">{\"@context\":\"https:\\\/\\\/schema.org\",\"@graph\":[{\"@type\":\"WebPage\",\"@id\":\"https:\\\/\\\/deliangdisplay.com\\\/our-product\\\/packaging\\\/jewelry-organization-packaging\\\/pink-gold-velvet-jewelry-display-kit-mobile-earring-tool-necklace-bust-for-vanity-shop\\\/\",\"url\":\"https:\\\/\\\/deliangdisplay.com\\\/our-product\\\/packaging\\\/jewelry-organization-packaging\\\/pink-gold-velvet-jewelry-display-kit-mobile-earring-tool-necklace-bust-for-vanity-shop\\\/\",\"name\":\"Pink-Gold Velvet Jewelry Display Kit - Mobile Earring Tool + Necklace Bust for Vanity & Shop - DE-LIANG - jewelry,clothes,watch,beauty cosmetics\",\"isPartOf\":{\"@id\":\"https:\\\/\\\/deliangdisplay.com\\\/#website\"},\"primaryImageOfPage\":{\"@id\":\"https:\\\/\\\/deliangdisplay.com\\\/our-product\\\/packaging\\\/jewelry-organization-packaging\\\/pink-gold-velvet-jewelry-display-kit-mobile-earring-tool-necklace-bust-for-vanity-shop\\\/#primaryimage\"},\"image\":{\"@id\":\"https:\\\/\\\/deliangdisplay.com\\\/our-product\\\/packaging\\\/jewelry-organization-packaging\\\/pink-gold-velvet-jewelry-display-kit-mobile-earring-tool-necklace-bust-for-vanity-shop\\\/#primaryimage\"},\"thumbnailUrl\":\"https:\\\/\\\/deliangdisplay.com\\\/wp-content\\\/uploads\\\/2025\\\/10\\\/25-3.jpg\",\"datePublished\":\"2025-10-14T06:53:42+00:00\",\"dateModified\":\"2025-10-14T06:53:43+00:00\",\"breadcrumb\":{\"@id\":\"https:\\\/\\\/deliangdisplay.com\\\/our-product\\\/packaging\\\/jewelry-organization-packaging\\\/pink-gold-velvet-jewelry-display-kit-mobile-earring-tool-necklace-bust-for-vanity-shop\\\/#breadcrumb\"},\"inLanguage\":\"de\",\"potentialAction\":[{\"@type\":\"ReadAction\",\"target\":[\"https:\\\/\\\/deliangdisplay.com\\\/our-product\\\/packaging\\\/jewelry-organization-packaging\\\/pink-gold-velvet-jewelry-display-kit-mobile-earring-tool-necklace-bust-for-vanity-shop\\\/\"]}]},{\"@type\":\"ImageObject\",\"inLanguage\":\"de\",\"@id\":\"https:\\\/\\\/deliangdisplay.com\\\/our-product\\\/packaging\\\/jewelry-organization-packaging\\\/pink-gold-velvet-jewelry-display-kit-mobile-earring-tool-necklace-bust-for-vanity-shop\\\/#primaryimage\",\"url\":\"https:\\\/\\\/deliangdisplay.com\\\/wp-content\\\/uploads\\\/2025\\\/10\\\/25-3.jpg\",\"contentUrl\":\"https:\\\/\\\/deliangdisplay.com\\\/wp-content\\\/uploads\\\/2025\\\/10\\\/25-3.jpg\",\"width\":811,\"height\":811},{\"@type\":\"BreadcrumbList\",\"@id\":\"https:\\\/\\\/deliangdisplay.com\\\/our-product\\\/packaging\\\/jewelry-organization-packaging\\\/pink-gold-velvet-jewelry-display-kit-mobile-earring-tool-necklace-bust-for-vanity-shop\\\/#breadcrumb\",\"itemListElement\":[{\"@type\":\"ListItem\",\"position\":1,\"name\":\"\u9996\u9875\",\"item\":\"https:\\\/\\\/deliangdisplay.com\\\/\"},{\"@type\":\"ListItem\",\"position\":2,\"name\":\"Our Product\",\"item\":\"https:\\\/\\\/deliangdisplay.com\\\/our-product\\\/\"},{\"@type\":\"ListItem\",\"position\":3,\"name\":\"Pink-Gold Velvet Jewelry Display Kit &#8211; Mobile Earring Tool + Necklace Bust for Vanity &#038; Shop\"}]},{\"@type\":\"WebSite\",\"@id\":\"https:\\\/\\\/deliangdisplay.com\\\/#website\",\"url\":\"https:\\\/\\\/deliangdisplay.com\\\/\",\"name\":\"deliangdisplay.com\",\"description\":\"DE-LIANG - Providing bespoke packaging solutions and luxurious display design services for brands in jewelry, apparel, watches, beauty cosmetics, and more.\",\"publisher\":{\"@id\":\"https:\\\/\\\/deliangdisplay.com\\\/#organization\"},\"potentialAction\":[{\"@type\":\"SearchAction\",\"target\":{\"@type\":\"EntryPoint\",\"urlTemplate\":\"https:\\\/\\\/deliangdisplay.com\\\/?s={search_term_string}\"},\"query-input\":{\"@type\":\"PropertyValueSpecification\",\"valueRequired\":true,\"valueName\":\"search_term_string\"}}],\"inLanguage\":\"de\"},{\"@type\":\"Organization\",\"@id\":\"https:\\\/\\\/deliangdisplay.com\\\/#organization\",\"name\":\"deliangdisplay.com\",\"url\":\"https:\\\/\\\/deliangdisplay.com\\\/\",\"logo\":{\"@type\":\"ImageObject\",\"inLanguage\":\"de\",\"@id\":\"https:\\\/\\\/deliangdisplay.com\\\/#\\\/schema\\\/logo\\\/image\\\/\",\"url\":\"https:\\\/\\\/deliangdisplay.com\\\/wp-content\\\/uploads\\\/2025\\\/08\\\/DELIANGDISPALY_logo.png\",\"contentUrl\":\"https:\\\/\\\/deliangdisplay.com\\\/wp-content\\\/uploads\\\/2025\\\/08\\\/DELIANGDISPALY_logo.png\",\"width\":300,\"height\":130,\"caption\":\"deliangdisplay.com\"},\"image\":{\"@id\":\"https:\\\/\\\/deliangdisplay.com\\\/#\\\/schema\\\/logo\\\/image\\\/\"},\"sameAs\":[\"https:\\\/\\\/www.facebook.com\\\/JaneZhang008\\\/\",\"https:\\\/\\\/x.com\\\/ly673551729\"]}]}<\/script>\n<!-- \/ Yoast SEO plugin. -->","yoast_head_json":{"title":"Rosa-Gold Samt Schmuck Display Kit - Mobile Ohrring Werkzeug + Halskette B\u00fcste f\u00fcr Vanity &amp; Shop - DE-LIANG - Schmuck,Kleidung,Uhr,Sch\u00f6nheit Kosmetik","robots":{"index":"index","follow":"follow","max-snippet":"max-snippet:-1","max-image-preview":"max-image-preview:large","max-video-preview":"max-video-preview:-1"},"canonical":"https:\/\/deliangdisplay.com\/de\/unser-produkt\/verpackung\/schmuck-organisationsverpackungen\/rosa-gold-samt-schmuck-display-kit-mobile-ohrring-werkzeug-halskette-buste-fur-eitelkeit-shop\/","og_locale":"de_DE","og_type":"article","og_title":"Pink-Gold Velvet Jewelry Display Kit - Mobile Earring Tool + Necklace Bust for Vanity & Shop - DE-LIANG - jewelry,clothes,watch,beauty cosmetics","og_description":"Elevate jewelry display with this luxury velvet mobile jewelry display set! Crafted from soft scratch-resistant velvet and sturdy metal, it includes earring hoop tools, ring dishes, necklace busts, and shelves in a chic pink-gold palette. Easy to assemble, customizable with logos, it suits retail counters, home vanities, or exhibitions\u2014securely organizing jewelry while boosting visual appeal.","og_url":"https:\/\/deliangdisplay.com\/de\/unser-produkt\/verpackung\/schmuck-organisationsverpackungen\/rosa-gold-samt-schmuck-display-kit-mobile-ohrring-werkzeug-halskette-buste-fur-eitelkeit-shop\/","og_site_name":"DE-LIANG - jewelry,clothes,watch,beauty cosmetics","article_publisher":"https:\/\/www.facebook.com\/JaneZhang008\/","article_modified_time":"2025-10-14T06:53:43+00:00","og_image":[{"width":811,"height":811,"url":"https:\/\/deliangdisplay.com\/wp-content\/uploads\/2025\/10\/25-3.jpg","type":"image\/jpeg"}],"twitter_card":"summary_large_image","twitter_site":"@ly673551729","twitter_misc":{"Gesch\u00e4tzte Lesezeit":"2\u00a0Minuten"},"schema":{"@context":"https:\/\/schema.org","@graph":[{"@type":"WebPage","@id":"https:\/\/deliangdisplay.com\/our-product\/packaging\/jewelry-organization-packaging\/pink-gold-velvet-jewelry-display-kit-mobile-earring-tool-necklace-bust-for-vanity-shop\/","url":"https:\/\/deliangdisplay.com\/our-product\/packaging\/jewelry-organization-packaging\/pink-gold-velvet-jewelry-display-kit-mobile-earring-tool-necklace-bust-for-vanity-shop\/","name":"Rosa-Gold Samt Schmuck Display Kit - Mobile Ohrring Werkzeug + Halskette B\u00fcste f\u00fcr Vanity &amp; Shop - DE-LIANG - Schmuck,Kleidung,Uhr,Sch\u00f6nheit Kosmetik","isPartOf":{"@id":"https:\/\/deliangdisplay.com\/#website"},"primaryImageOfPage":{"@id":"https:\/\/deliangdisplay.com\/our-product\/packaging\/jewelry-organization-packaging\/pink-gold-velvet-jewelry-display-kit-mobile-earring-tool-necklace-bust-for-vanity-shop\/#primaryimage"},"image":{"@id":"https:\/\/deliangdisplay.com\/our-product\/packaging\/jewelry-organization-packaging\/pink-gold-velvet-jewelry-display-kit-mobile-earring-tool-necklace-bust-for-vanity-shop\/#primaryimage"},"thumbnailUrl":"https:\/\/deliangdisplay.com\/wp-content\/uploads\/2025\/10\/25-3.jpg","datePublished":"2025-10-14T06:53:42+00:00","dateModified":"2025-10-14T06:53:43+00:00","breadcrumb":{"@id":"https:\/\/deliangdisplay.com\/our-product\/packaging\/jewelry-organization-packaging\/pink-gold-velvet-jewelry-display-kit-mobile-earring-tool-necklace-bust-for-vanity-shop\/#breadcrumb"},"inLanguage":"de","potentialAction":[{"@type":"ReadAction","target":["https:\/\/deliangdisplay.com\/our-product\/packaging\/jewelry-organization-packaging\/pink-gold-velvet-jewelry-display-kit-mobile-earring-tool-necklace-bust-for-vanity-shop\/"]}]},{"@type":"ImageObject","inLanguage":"de","@id":"https:\/\/deliangdisplay.com\/our-product\/packaging\/jewelry-organization-packaging\/pink-gold-velvet-jewelry-display-kit-mobile-earring-tool-necklace-bust-for-vanity-shop\/#primaryimage","url":"https:\/\/deliangdisplay.com\/wp-content\/uploads\/2025\/10\/25-3.jpg","contentUrl":"https:\/\/deliangdisplay.com\/wp-content\/uploads\/2025\/10\/25-3.jpg","width":811,"height":811},{"@type":"BreadcrumbList","@id":"https:\/\/deliangdisplay.com\/our-product\/packaging\/jewelry-organization-packaging\/pink-gold-velvet-jewelry-display-kit-mobile-earring-tool-necklace-bust-for-vanity-shop\/#breadcrumb","itemListElement":[{"@type":"ListItem","position":1,"name":"\u9996\u9875","item":"https:\/\/deliangdisplay.com\/"},{"@type":"ListItem","position":2,"name":"Our Product","item":"https:\/\/deliangdisplay.com\/our-product\/"},{"@type":"ListItem","position":3,"name":"Pink-Gold Velvet Jewelry Display Kit &#8211; Mobile Earring Tool + Necklace Bust for Vanity &#038; Shop"}]},{"@type":"WebSite","@id":"https:\/\/deliangdisplay.com\/#website","url":"https:\/\/deliangdisplay.com\/","name":"deliangdisplay.com","description":"DE-LIANG - Ma\u00dfgeschneiderte Verpackungsl\u00f6sungen und luxuri\u00f6ses Display-Design f\u00fcr Marken aus der Schmuck-, Bekleidungs-, Uhren- und Kosmetikbranche und mehr.","publisher":{"@id":"https:\/\/deliangdisplay.com\/#organization"},"potentialAction":[{"@type":"SearchAction","target":{"@type":"EntryPoint","urlTemplate":"https:\/\/deliangdisplay.com\/?s={search_term_string}"},"query-input":{"@type":"PropertyValueSpecification","valueRequired":true,"valueName":"search_term_string"}}],"inLanguage":"de"},{"@type":"Organization","@id":"https:\/\/deliangdisplay.com\/#organization","name":"deliangdisplay.com","url":"https:\/\/deliangdisplay.com\/","logo":{"@type":"ImageObject","inLanguage":"de","@id":"https:\/\/deliangdisplay.com\/#\/schema\/logo\/image\/","url":"https:\/\/deliangdisplay.com\/wp-content\/uploads\/2025\/08\/DELIANGDISPALY_logo.png","contentUrl":"https:\/\/deliangdisplay.com\/wp-content\/uploads\/2025\/08\/DELIANGDISPALY_logo.png","width":300,"height":130,"caption":"deliangdisplay.com"},"image":{"@id":"https:\/\/deliangdisplay.com\/#\/schema\/logo\/image\/"},"sameAs":["https:\/\/www.facebook.com\/JaneZhang008\/","https:\/\/x.com\/ly673551729"]}]}},"_links":{"self":[{"href":"https:\/\/deliangdisplay.com\/de\/wp-json\/wp\/v2\/product\/43550","targetHints":{"allow":["GET"]}}],"collection":[{"href":"https:\/\/deliangdisplay.com\/de\/wp-json\/wp\/v2\/product"}],"about":[{"href":"https:\/\/deliangdisplay.com\/de\/wp-json\/wp\/v2\/types\/product"}],"replies":[{"embeddable":true,"href":"https:\/\/deliangdisplay.com\/de\/wp-json\/wp\/v2\/comments?post=43550"}],"wp:featuredmedia":[{"embeddable":true,"href":"https:\/\/deliangdisplay.com\/de\/wp-json\/wp\/v2\/media\/43551"}],"wp:attachment":[{"href":"https:\/\/deliangdisplay.com\/de\/wp-json\/wp\/v2\/media?parent=43550"}],"wp:term":[{"taxonomy":"product_brand","embeddable":true,"href":"https:\/\/deliangdisplay.com\/de\/wp-json\/wp\/v2\/product_brand?post=43550"},{"taxonomy":"product_cat","embeddable":true,"href":"https:\/\/deliangdisplay.com\/de\/wp-json\/wp\/v2\/product_cat?post=43550"},{"taxonomy":"product_tag","embeddable":true,"href":"https:\/\/deliangdisplay.com\/de\/wp-json\/wp\/v2\/product_tag?post=43550"}],"curies":[{"name":"wp","href":"https:\/\/api.w.org\/{rel}","templated":true}]}}