{"id":43549,"date":"2025-10-14T14:30:39","date_gmt":"2025-10-14T06:30:39","guid":{"rendered":"https:\/\/deliangdisplay.com\/?post_type=product&#038;p=43549"},"modified":"2025-10-14T14:47:34","modified_gmt":"2025-10-14T06:47:34","slug":"verstellbare-mikrofaser-schmuckbuste-grau-industrie-luxus-display-fur-den-einzelhandel-boutiquen","status":"publish","type":"product","link":"https:\/\/deliangdisplay.com\/de\/unser-produkt\/verpackung\/schmuck-organisationsverpackungen\/verstellbare-mikrofaser-schmuckbuste-grau-industrie-luxus-display-fur-den-einzelhandel-boutiquen\/","title":{"rendered":"Verstellbare Mikrofaser-Schmuckb\u00fcste - Graues industrielles Luxus-Display f\u00fcr Einzelhandel und Boutiquen"},"content":{"rendered":"<h3 class=\"header-iWP5WJ auto-hide-last-sibling-br\">Produkt\u00fcbersicht<\/h3>\n<div class=\"auto-hide-last-sibling-br paragraph-pP9ZLC paragraph-element br-paragraph-space\">Erh\u00f6hen Sie die Pr\u00e4sentation von M\u00e4nnerschmuck mit diesem\u00a0<strong>graue industrielle Luxus Mikrofaser B\u00fcste Mannequin<\/strong>-eine perfekte Mischung aus Raffinesse, Haltbarkeit und Funktionalit\u00e4t. Er ist aus hochwertiger Mikrofaser gefertigt und hat eine schlichte graue Oberfl\u00e4che, die Eleganz ausstrahlt und ideal ist, um Halsketten, Armb\u00e4nder und anderen Herrenschmuck hervorzuheben. Er wurde sowohl f\u00fcr Ladentheken als auch f\u00fcr den Luxuseinzelhandel entwickelt und verbindet eine kompakte, transportfreundliche Bauweise mit einem hochwertigen Look, der den Wert des Schmucks und die Attraktivit\u00e4t der Marke steigert.<\/div>\n<h3 class=\"header-iWP5WJ auto-hide-last-sibling-br\">Wesentliche Merkmale<\/h3>\n<ul class=\"auto-hide-last-sibling-br\">\n<li><strong>Hochwertige Mikrofaserkonstruktion<\/strong>: Hergestellt aus hochwertigem Mikrofasermaterial mit hoher Haltbarkeit und Verschmutzungsresistenz - zart und doch robust - sch\u00fctzt es Schmuck vor Kratzern und hebt gleichzeitig seinen Glanz hervor, so dass eine langfristige Nutzung f\u00fcr Ausstellungszwecke gew\u00e4hrleistet ist.<\/li>\n<li><strong>Industrielle Luxus-\u00c4sthetik<\/strong>: Das schlichte graue Finish verleiht einen Hauch von Raffinesse und passt nahtlos in High-End-Boutiquen, Juweliergesch\u00e4fte oder moderne Einzelhandelseinrichtungen. Das Design erg\u00e4nzt den Stil von Herrenschmuck, von minimalistisch bis hin zu Statement-St\u00fccken.<\/li>\n<li><strong>Einstellbares und vielseitiges Design<\/strong>: Verf\u00fcgt \u00fcber eine verstellbare Struktur, um verschiedene Kettenl\u00e4ngen und Schmucktypen aufzunehmen. Erh\u00e4ltlich in praktischen Gr\u00f6\u00dfen (z.B. 15\u00d715\u00d715cm, 25\u00d725\u00d725cm, 50\u00d750cm) f\u00fcr kleine bis mittelgro\u00dfe Schmucksammlungen, die eine einfache Lagerung und einen einfachen Transport erm\u00f6glichen.<\/li>\n<li><strong>Sch\u00fctzend &amp; Display-fokussiert<\/strong>: Die weiche Mikrofaseroberfl\u00e4che verhindert, dass der Schmuck besch\u00e4digt wird, und die B\u00fcstenform ahmt das echte Tragen nach - so k\u00f6nnen sich die Kunden ein Bild davon machen, wie die St\u00fccke beim Tragen aussehen, und die Attraktivit\u00e4t des Produkts wird gesteigert.<\/li>\n<li><strong>Anpassbare Optionen<\/strong>: Unterst\u00fctzt Farbanpassung (\u00fcber das Standardgrau hinaus) zur Anpassung an Markendekor oder Einzelhandelsthemen sowie flexible Designs, die auf spezifische Display-Anforderungen zugeschnitten sind (kontaktieren Sie uns f\u00fcr individuelle Anpassungen).<\/li>\n<\/ul>\n<h3 class=\"header-iWP5WJ auto-hide-last-sibling-br\">Ideale Anwendungen<\/h3>\n<ul class=\"auto-hide-last-sibling-br\">\n<li><strong>Einzelhandels-Schmuckdisplay<\/strong>: Perfekt f\u00fcr Ladentheken, Boutique-Regale oder Messest\u00e4nde - pr\u00e4sentiert Herren-Halsketten, Armb\u00e4nder und Accessoires, um die Aufmerksamkeit der Kunden auf sich zu ziehen und Produktdetails hervorzuheben.<\/li>\n<li><strong>Luxusmarken-Showcases<\/strong>: wertet hochwertige Herrenschmucklinien (z. B. Designer-Halsketten, Premium-Armb\u00e4nder) auf, indem es mit der raffinierten grauen Mikrofaseroberfl\u00e4che des Displays kombiniert wird und das Markenimage aufwertet.<\/li>\n<li><strong>Pop-Up Shops &amp; Veranstaltungen<\/strong>: Das kompakte und transportfreundliche Design erleichtert die Aufstellung in tempor\u00e4ren Verkaufsr\u00e4umen und gew\u00e4hrleistet eine gleichbleibende, professionelle Ausstellungsqualit\u00e4t an verschiedenen Standorten.<\/li>\n<li><strong>Visuelles Merchandising<\/strong>: Arbeitet als visuelles Schl\u00fcsselelement bei der Gestaltung von Gesch\u00e4ften, indem er koh\u00e4rente, gehobene Auslagen schafft, die die Aufmerksamkeit der Kunden lenken und zum Kauf anregen.<\/li>\n<\/ul>","protected":false},"excerpt":{"rendered":"<p>Erh\u00f6hen Sie die Pr\u00e4sentation von Herrenschmuck mit dieser grauen Luxusb\u00fcste aus Mikrofaser! Die B\u00fcste aus hochwertiger, kratzfester Mikrofaser ist verstellbar, sodass sie f\u00fcr Halsketten\/Armb\u00e4nder geeignet ist, und wird in praktischen Gr\u00f6\u00dfen (15\u00d715\u00d715 cm usw.) f\u00fcr den einfachen Transport geliefert. Die schlichte graue Oberfl\u00e4che eignet sich f\u00fcr den gehobenen Einzelhandel, Boutiquen oder Pop-ups - sie sch\u00fctzt den Schmuck und hilft den Kunden, das Tragen zu visualisieren, was die Attraktivit\u00e4t des Produkts erh\u00f6ht. Farbliche Anpassungen sind ebenfalls m\u00f6glich.<\/p>","protected":false},"featured_media":43540,"comment_status":"open","ping_status":"closed","template":"","meta":{"_acf_changed":false},"product_brand":[84],"product_cat":[73],"product_tag":[508,516,519,518,507,521,514,513,511,510,509,512,515,517,520],"class_list":{"0":"post-43549","1":"product","2":"type-product","3":"status-publish","4":"has-post-thumbnail","6":"product_brand-de-liang","7":"product_cat-jewelry-organization-packaging","8":"product_tag-adjustable-mens-jewelry-bust","9":"product_tag-boutique-jewelry-mannequin","10":"product_tag-compact-jewelry-display-bust","11":"product_tag-customizable-color-jewelry-bust","12":"product_tag-gray-industrial-luxury-microfiber-bust","13":"product_tag-gray-jewelry-display-bust","14":"product_tag-high-end-jewelry-bust","15":"product_tag-industrial-style-jewelry-display","16":"product_tag-mens-bracelet-display-stand","17":"product_tag-mens-necklace-display-bust","18":"product_tag-microfiber-jewelry-display-mannequin","19":"product_tag-premium-microfiber-bust","20":"product_tag-retail-jewelry-display-bust","21":"product_tag-scratch-resistant-microfiber-bust","22":"product_tag-transport-friendly-jewelry-mannequin","24":"first","25":"instock","26":"shipping-taxable","27":"purchasable","28":"product-type-simple"},"acf":[],"yoast_head":"<!-- This site is optimized with the Yoast SEO plugin v27.4 - https:\/\/yoast.com\/product\/yoast-seo-wordpress\/ -->\n<title>Adjustable Microfiber Jewelry Bust - Gray Industrial Luxury Display for Retail &amp; Boutiques - DE-LIANG - jewelry,clothes,watch,beauty cosmetics<\/title>\n<meta name=\"robots\" content=\"index, follow, max-snippet:-1, max-image-preview:large, max-video-preview:-1\" \/>\n<link rel=\"canonical\" href=\"https:\/\/deliangdisplay.com\/de\/unser-produkt\/verpackung\/schmuck-organisationsverpackungen\/verstellbare-mikrofaser-schmuckbuste-grau-industrie-luxus-display-fur-den-einzelhandel-boutiquen\/\" \/>\n<meta property=\"og:locale\" content=\"de_DE\" \/>\n<meta property=\"og:type\" content=\"article\" \/>\n<meta property=\"og:title\" content=\"Adjustable Microfiber Jewelry Bust - Gray Industrial Luxury Display for Retail &amp; Boutiques - DE-LIANG - jewelry,clothes,watch,beauty cosmetics\" \/>\n<meta property=\"og:description\" content=\"Elevate men\u2019s jewelry display with this gray industrial luxury microfiber bust! Crafted from premium, scratch-resistant microfiber, it\u2019s adjustable to fit necklaces\/bracelets and comes in practical sizes (15\u00d715\u00d715cm, etc.) for easy transport. Its sleek gray finish suits high-end retail, boutiques, or pop-ups\u2014protecting jewelry while helping customers visualize wear, boosting product appeal. Color customization is also available.\" \/>\n<meta property=\"og:url\" content=\"https:\/\/deliangdisplay.com\/de\/unser-produkt\/verpackung\/schmuck-organisationsverpackungen\/verstellbare-mikrofaser-schmuckbuste-grau-industrie-luxus-display-fur-den-einzelhandel-boutiquen\/\" \/>\n<meta property=\"og:site_name\" content=\"DE-LIANG - jewelry,clothes,watch,beauty cosmetics\" \/>\n<meta property=\"article:publisher\" content=\"https:\/\/www.facebook.com\/JaneZhang008\/\" \/>\n<meta property=\"article:modified_time\" content=\"2025-10-14T06:47:34+00:00\" \/>\n<meta property=\"og:image\" content=\"https:\/\/deliangdisplay.com\/wp-content\/uploads\/2025\/10\/12-5.jpg\" \/>\n\t<meta property=\"og:image:width\" content=\"750\" \/>\n\t<meta property=\"og:image:height\" content=\"800\" \/>\n\t<meta property=\"og:image:type\" content=\"image\/jpeg\" \/>\n<meta name=\"twitter:card\" content=\"summary_large_image\" \/>\n<meta name=\"twitter:site\" content=\"@ly673551729\" \/>\n<meta name=\"twitter:label1\" content=\"Gesch\u00e4tzte Lesezeit\" \/>\n\t<meta name=\"twitter:data1\" content=\"2\u00a0Minuten\" \/>\n<script type=\"application\/ld+json\" class=\"yoast-schema-graph\">{\"@context\":\"https:\\\/\\\/schema.org\",\"@graph\":[{\"@type\":\"WebPage\",\"@id\":\"https:\\\/\\\/deliangdisplay.com\\\/our-product\\\/packaging\\\/jewelry-organization-packaging\\\/adjustable-microfiber-jewelry-bust-gray-industrial-luxury-display-for-retail-boutiques\\\/\",\"url\":\"https:\\\/\\\/deliangdisplay.com\\\/our-product\\\/packaging\\\/jewelry-organization-packaging\\\/adjustable-microfiber-jewelry-bust-gray-industrial-luxury-display-for-retail-boutiques\\\/\",\"name\":\"Adjustable Microfiber Jewelry Bust - Gray Industrial Luxury Display for Retail & Boutiques - DE-LIANG - jewelry,clothes,watch,beauty cosmetics\",\"isPartOf\":{\"@id\":\"https:\\\/\\\/deliangdisplay.com\\\/#website\"},\"primaryImageOfPage\":{\"@id\":\"https:\\\/\\\/deliangdisplay.com\\\/our-product\\\/packaging\\\/jewelry-organization-packaging\\\/adjustable-microfiber-jewelry-bust-gray-industrial-luxury-display-for-retail-boutiques\\\/#primaryimage\"},\"image\":{\"@id\":\"https:\\\/\\\/deliangdisplay.com\\\/our-product\\\/packaging\\\/jewelry-organization-packaging\\\/adjustable-microfiber-jewelry-bust-gray-industrial-luxury-display-for-retail-boutiques\\\/#primaryimage\"},\"thumbnailUrl\":\"https:\\\/\\\/deliangdisplay.com\\\/wp-content\\\/uploads\\\/2025\\\/10\\\/12-5.jpg\",\"datePublished\":\"2025-10-14T06:30:39+00:00\",\"dateModified\":\"2025-10-14T06:47:34+00:00\",\"breadcrumb\":{\"@id\":\"https:\\\/\\\/deliangdisplay.com\\\/our-product\\\/packaging\\\/jewelry-organization-packaging\\\/adjustable-microfiber-jewelry-bust-gray-industrial-luxury-display-for-retail-boutiques\\\/#breadcrumb\"},\"inLanguage\":\"de\",\"potentialAction\":[{\"@type\":\"ReadAction\",\"target\":[\"https:\\\/\\\/deliangdisplay.com\\\/our-product\\\/packaging\\\/jewelry-organization-packaging\\\/adjustable-microfiber-jewelry-bust-gray-industrial-luxury-display-for-retail-boutiques\\\/\"]}]},{\"@type\":\"ImageObject\",\"inLanguage\":\"de\",\"@id\":\"https:\\\/\\\/deliangdisplay.com\\\/our-product\\\/packaging\\\/jewelry-organization-packaging\\\/adjustable-microfiber-jewelry-bust-gray-industrial-luxury-display-for-retail-boutiques\\\/#primaryimage\",\"url\":\"https:\\\/\\\/deliangdisplay.com\\\/wp-content\\\/uploads\\\/2025\\\/10\\\/12-5.jpg\",\"contentUrl\":\"https:\\\/\\\/deliangdisplay.com\\\/wp-content\\\/uploads\\\/2025\\\/10\\\/12-5.jpg\",\"width\":750,\"height\":800},{\"@type\":\"BreadcrumbList\",\"@id\":\"https:\\\/\\\/deliangdisplay.com\\\/our-product\\\/packaging\\\/jewelry-organization-packaging\\\/adjustable-microfiber-jewelry-bust-gray-industrial-luxury-display-for-retail-boutiques\\\/#breadcrumb\",\"itemListElement\":[{\"@type\":\"ListItem\",\"position\":1,\"name\":\"\u9996\u9875\",\"item\":\"https:\\\/\\\/deliangdisplay.com\\\/\"},{\"@type\":\"ListItem\",\"position\":2,\"name\":\"Our Product\",\"item\":\"https:\\\/\\\/deliangdisplay.com\\\/our-product\\\/\"},{\"@type\":\"ListItem\",\"position\":3,\"name\":\"Adjustable Microfiber Jewelry Bust &#8211; Gray Industrial Luxury Display for Retail &#038; Boutiques\"}]},{\"@type\":\"WebSite\",\"@id\":\"https:\\\/\\\/deliangdisplay.com\\\/#website\",\"url\":\"https:\\\/\\\/deliangdisplay.com\\\/\",\"name\":\"deliangdisplay.com\",\"description\":\"DE-LIANG - Providing bespoke packaging solutions and luxurious display design services for brands in jewelry, apparel, watches, beauty cosmetics, and more.\",\"publisher\":{\"@id\":\"https:\\\/\\\/deliangdisplay.com\\\/#organization\"},\"potentialAction\":[{\"@type\":\"SearchAction\",\"target\":{\"@type\":\"EntryPoint\",\"urlTemplate\":\"https:\\\/\\\/deliangdisplay.com\\\/?s={search_term_string}\"},\"query-input\":{\"@type\":\"PropertyValueSpecification\",\"valueRequired\":true,\"valueName\":\"search_term_string\"}}],\"inLanguage\":\"de\"},{\"@type\":\"Organization\",\"@id\":\"https:\\\/\\\/deliangdisplay.com\\\/#organization\",\"name\":\"deliangdisplay.com\",\"url\":\"https:\\\/\\\/deliangdisplay.com\\\/\",\"logo\":{\"@type\":\"ImageObject\",\"inLanguage\":\"de\",\"@id\":\"https:\\\/\\\/deliangdisplay.com\\\/#\\\/schema\\\/logo\\\/image\\\/\",\"url\":\"https:\\\/\\\/deliangdisplay.com\\\/wp-content\\\/uploads\\\/2025\\\/08\\\/DELIANGDISPALY_logo.png\",\"contentUrl\":\"https:\\\/\\\/deliangdisplay.com\\\/wp-content\\\/uploads\\\/2025\\\/08\\\/DELIANGDISPALY_logo.png\",\"width\":300,\"height\":130,\"caption\":\"deliangdisplay.com\"},\"image\":{\"@id\":\"https:\\\/\\\/deliangdisplay.com\\\/#\\\/schema\\\/logo\\\/image\\\/\"},\"sameAs\":[\"https:\\\/\\\/www.facebook.com\\\/JaneZhang008\\\/\",\"https:\\\/\\\/x.com\\\/ly673551729\"]}]}<\/script>\n<!-- \/ Yoast SEO plugin. -->","yoast_head_json":{"title":"Verstellbare Mikrofaser-Schmuckb\u00fcste - Graues Industrie-Luxus-Display f\u00fcr Einzelhandel &amp; Boutiquen - DE-LIANG - Schmuck,Kleidung,Uhren,Sch\u00f6nheit,Kosmetik","robots":{"index":"index","follow":"follow","max-snippet":"max-snippet:-1","max-image-preview":"max-image-preview:large","max-video-preview":"max-video-preview:-1"},"canonical":"https:\/\/deliangdisplay.com\/de\/unser-produkt\/verpackung\/schmuck-organisationsverpackungen\/verstellbare-mikrofaser-schmuckbuste-grau-industrie-luxus-display-fur-den-einzelhandel-boutiquen\/","og_locale":"de_DE","og_type":"article","og_title":"Adjustable Microfiber Jewelry Bust - Gray Industrial Luxury Display for Retail & Boutiques - DE-LIANG - jewelry,clothes,watch,beauty cosmetics","og_description":"Elevate men\u2019s jewelry display with this gray industrial luxury microfiber bust! Crafted from premium, scratch-resistant microfiber, it\u2019s adjustable to fit necklaces\/bracelets and comes in practical sizes (15\u00d715\u00d715cm, etc.) for easy transport. Its sleek gray finish suits high-end retail, boutiques, or pop-ups\u2014protecting jewelry while helping customers visualize wear, boosting product appeal. Color customization is also available.","og_url":"https:\/\/deliangdisplay.com\/de\/unser-produkt\/verpackung\/schmuck-organisationsverpackungen\/verstellbare-mikrofaser-schmuckbuste-grau-industrie-luxus-display-fur-den-einzelhandel-boutiquen\/","og_site_name":"DE-LIANG - jewelry,clothes,watch,beauty cosmetics","article_publisher":"https:\/\/www.facebook.com\/JaneZhang008\/","article_modified_time":"2025-10-14T06:47:34+00:00","og_image":[{"width":750,"height":800,"url":"https:\/\/deliangdisplay.com\/wp-content\/uploads\/2025\/10\/12-5.jpg","type":"image\/jpeg"}],"twitter_card":"summary_large_image","twitter_site":"@ly673551729","twitter_misc":{"Gesch\u00e4tzte Lesezeit":"2\u00a0Minuten"},"schema":{"@context":"https:\/\/schema.org","@graph":[{"@type":"WebPage","@id":"https:\/\/deliangdisplay.com\/our-product\/packaging\/jewelry-organization-packaging\/adjustable-microfiber-jewelry-bust-gray-industrial-luxury-display-for-retail-boutiques\/","url":"https:\/\/deliangdisplay.com\/our-product\/packaging\/jewelry-organization-packaging\/adjustable-microfiber-jewelry-bust-gray-industrial-luxury-display-for-retail-boutiques\/","name":"Verstellbare Mikrofaser-Schmuckb\u00fcste - Graues Industrie-Luxus-Display f\u00fcr Einzelhandel &amp; Boutiquen - DE-LIANG - Schmuck,Kleidung,Uhren,Sch\u00f6nheit,Kosmetik","isPartOf":{"@id":"https:\/\/deliangdisplay.com\/#website"},"primaryImageOfPage":{"@id":"https:\/\/deliangdisplay.com\/our-product\/packaging\/jewelry-organization-packaging\/adjustable-microfiber-jewelry-bust-gray-industrial-luxury-display-for-retail-boutiques\/#primaryimage"},"image":{"@id":"https:\/\/deliangdisplay.com\/our-product\/packaging\/jewelry-organization-packaging\/adjustable-microfiber-jewelry-bust-gray-industrial-luxury-display-for-retail-boutiques\/#primaryimage"},"thumbnailUrl":"https:\/\/deliangdisplay.com\/wp-content\/uploads\/2025\/10\/12-5.jpg","datePublished":"2025-10-14T06:30:39+00:00","dateModified":"2025-10-14T06:47:34+00:00","breadcrumb":{"@id":"https:\/\/deliangdisplay.com\/our-product\/packaging\/jewelry-organization-packaging\/adjustable-microfiber-jewelry-bust-gray-industrial-luxury-display-for-retail-boutiques\/#breadcrumb"},"inLanguage":"de","potentialAction":[{"@type":"ReadAction","target":["https:\/\/deliangdisplay.com\/our-product\/packaging\/jewelry-organization-packaging\/adjustable-microfiber-jewelry-bust-gray-industrial-luxury-display-for-retail-boutiques\/"]}]},{"@type":"ImageObject","inLanguage":"de","@id":"https:\/\/deliangdisplay.com\/our-product\/packaging\/jewelry-organization-packaging\/adjustable-microfiber-jewelry-bust-gray-industrial-luxury-display-for-retail-boutiques\/#primaryimage","url":"https:\/\/deliangdisplay.com\/wp-content\/uploads\/2025\/10\/12-5.jpg","contentUrl":"https:\/\/deliangdisplay.com\/wp-content\/uploads\/2025\/10\/12-5.jpg","width":750,"height":800},{"@type":"BreadcrumbList","@id":"https:\/\/deliangdisplay.com\/our-product\/packaging\/jewelry-organization-packaging\/adjustable-microfiber-jewelry-bust-gray-industrial-luxury-display-for-retail-boutiques\/#breadcrumb","itemListElement":[{"@type":"ListItem","position":1,"name":"\u9996\u9875","item":"https:\/\/deliangdisplay.com\/"},{"@type":"ListItem","position":2,"name":"Our Product","item":"https:\/\/deliangdisplay.com\/our-product\/"},{"@type":"ListItem","position":3,"name":"Adjustable Microfiber Jewelry Bust &#8211; Gray Industrial Luxury Display for Retail &#038; Boutiques"}]},{"@type":"WebSite","@id":"https:\/\/deliangdisplay.com\/#website","url":"https:\/\/deliangdisplay.com\/","name":"deliangdisplay.com","description":"DE-LIANG - Ma\u00dfgeschneiderte Verpackungsl\u00f6sungen und luxuri\u00f6ses Display-Design f\u00fcr Marken aus der Schmuck-, Bekleidungs-, Uhren- und Kosmetikbranche und mehr.","publisher":{"@id":"https:\/\/deliangdisplay.com\/#organization"},"potentialAction":[{"@type":"SearchAction","target":{"@type":"EntryPoint","urlTemplate":"https:\/\/deliangdisplay.com\/?s={search_term_string}"},"query-input":{"@type":"PropertyValueSpecification","valueRequired":true,"valueName":"search_term_string"}}],"inLanguage":"de"},{"@type":"Organization","@id":"https:\/\/deliangdisplay.com\/#organization","name":"deliangdisplay.com","url":"https:\/\/deliangdisplay.com\/","logo":{"@type":"ImageObject","inLanguage":"de","@id":"https:\/\/deliangdisplay.com\/#\/schema\/logo\/image\/","url":"https:\/\/deliangdisplay.com\/wp-content\/uploads\/2025\/08\/DELIANGDISPALY_logo.png","contentUrl":"https:\/\/deliangdisplay.com\/wp-content\/uploads\/2025\/08\/DELIANGDISPALY_logo.png","width":300,"height":130,"caption":"deliangdisplay.com"},"image":{"@id":"https:\/\/deliangdisplay.com\/#\/schema\/logo\/image\/"},"sameAs":["https:\/\/www.facebook.com\/JaneZhang008\/","https:\/\/x.com\/ly673551729"]}]}},"_links":{"self":[{"href":"https:\/\/deliangdisplay.com\/de\/wp-json\/wp\/v2\/product\/43549","targetHints":{"allow":["GET"]}}],"collection":[{"href":"https:\/\/deliangdisplay.com\/de\/wp-json\/wp\/v2\/product"}],"about":[{"href":"https:\/\/deliangdisplay.com\/de\/wp-json\/wp\/v2\/types\/product"}],"replies":[{"embeddable":true,"href":"https:\/\/deliangdisplay.com\/de\/wp-json\/wp\/v2\/comments?post=43549"}],"wp:featuredmedia":[{"embeddable":true,"href":"https:\/\/deliangdisplay.com\/de\/wp-json\/wp\/v2\/media\/43540"}],"wp:attachment":[{"href":"https:\/\/deliangdisplay.com\/de\/wp-json\/wp\/v2\/media?parent=43549"}],"wp:term":[{"taxonomy":"product_brand","embeddable":true,"href":"https:\/\/deliangdisplay.com\/de\/wp-json\/wp\/v2\/product_brand?post=43549"},{"taxonomy":"product_cat","embeddable":true,"href":"https:\/\/deliangdisplay.com\/de\/wp-json\/wp\/v2\/product_cat?post=43549"},{"taxonomy":"product_tag","embeddable":true,"href":"https:\/\/deliangdisplay.com\/de\/wp-json\/wp\/v2\/product_tag?post=43549"}],"curies":[{"name":"wp","href":"https:\/\/api.w.org\/{rel}","templated":true}]}}