{"id":43432,"date":"2025-10-10T15:23:46","date_gmt":"2025-10-10T07:23:46","guid":{"rendered":"https:\/\/deliangdisplay.com\/?post_type=product&#038;p=43432"},"modified":"2025-10-10T15:23:47","modified_gmt":"2025-10-10T07:23:47","slug":"klassifiziertes-massivholz-schmuckkastchen-eleganter-organizer-mit-flanellfutter-fur-armbander-armreifen-uhren-ringe","status":"publish","type":"product","link":"https:\/\/deliangdisplay.com\/de\/unser-produkt\/zubehor\/armreifstangen\/klassifiziertes-massivholz-schmuckkastchen-eleganter-organizer-mit-flanellfutter-fur-armbander-armreifen-uhren-ringe\/","title":{"rendered":"Klassifiziertes Massivholz-Schmuckk\u00e4stchen - Eleganter Organizer mit Flanellfutter f\u00fcr Armb\u00e4nder, Armreifen, Uhren, Ringe"},"content":{"rendered":"<h3 class=\"header-vfC6AV auto-hide-last-sibling-br\">Produkt\u00fcbersicht<\/h3>\n<div class=\"auto-hide-last-sibling-br paragraph-JOTKXA paragraph-element br-paragraph-space\">Mit diesem exquisiten Schmuckk\u00e4stchen aus Massivholz erreichen Sie eine ganz neue Dimension der Schmuckaufbewahrung. Sorgf\u00e4ltig entworfen f\u00fcr\u00a0<strong>Verschlusssachen und geordnete Lagerung<\/strong>, Er bietet spezielle Pl\u00e4tze f\u00fcr Armb\u00e4nder, Armreifen, Uhren und Ringe. Er sorgt nicht nur daf\u00fcr, dass Ihre wertvollen St\u00fccke ordentlich geordnet und leicht zug\u00e4nglich sind, sondern verleiht auch jedem Raum einen Hauch von zeitloser Eleganz, indem er m\u00fchelos Unordnung beseitigt und Ihr Schmuckdisplay in eine raffinierte Vitrine verwandelt.<\/div>\n<h3 class=\"header-vfC6AV auto-hide-last-sibling-br\">Wesentliche Merkmale<\/h3>\n<ul class=\"auto-hide-last-sibling-br\">\n<li><strong>Hochwertige Materialien und Schutz<\/strong>: Gefertigt aus hochwertigem Massivholz, gepaart mit ultraweichem Mikrofaserflanell. Das pl\u00fcschige Flanellfutter wirkt wie ein sanfter Schutzschild und bewahrt Ihren Schmuck vor Kratzern, Dellen und anderen Sch\u00e4den. Ob zarte Armb\u00e4nder, Statement-Armb\u00e4nder oder wertvolle Uhren und Ringe, jedes St\u00fcck bleibt in makellosem Zustand.<\/li>\n<li><strong>Durchdachtes &amp; funktionales Design<\/strong>: Die Box ist konzipiert f\u00fcr\u00a0<strong>saubere, kategorisierte Lagerung<\/strong>, So wird der Frust \u00fcber verhedderte Ketten oder verlegtes Zubeh\u00f6r vermieden. Alle F\u00e4cher und Abschnitte sind so angeordnet, dass sie leicht auffindbar und zug\u00e4nglich sind. Und die exquisite Handwerkskunst zeigt sich in jedem Detail - von der glatten Holzoberfl\u00e4che bis hin zu den pr\u00e4zisen N\u00e4hten des Flanells - und spiegelt die Verpflichtung zur Qualit\u00e4t wider.<\/li>\n<li><strong>Vielseitige Farboptionen<\/strong>: Erh\u00e4ltlich in drei raffinierten Farbt\u00f6nen - Dunkelgr\u00fcn, Beige und Dunkelbraun. Diese Farben entsprechen den unterschiedlichsten \u00e4sthetischen Vorlieben und f\u00fcgen sich nahtlos in verschiedene Einrichtungsstile ein, egal ob Ihr Raum modern, minimalistisch oder klassisch ist.<\/li>\n<\/ul>\n<h3 class=\"header-vfC6AV auto-hide-last-sibling-br\">Ideale Verwendung<\/h3>\n<div class=\"auto-hide-last-sibling-br paragraph-JOTKXA paragraph-element br-paragraph-space\">Er eignet sich perfekt f\u00fcr den Schminktisch, wo er die morgendliche Routine vereinfacht, indem er den Schmuck geordnet und griffbereit h\u00e4lt. Er ist auch eine hervorragende Wahl f\u00fcr Juweliergesch\u00e4fte, denn er verleiht der Produktpr\u00e4sentation einen Hauch von Luxus und verbessert das Einkaufserlebnis. Dar\u00fcber hinaus eignet er sich hervorragend f\u00fcr jeden Bereich in Ihrem Zuhause, in dem Sie Ihre Schmucksammlung ordentlich aufbewahren und stolz pr\u00e4sentieren m\u00f6chten. So wird die t\u00e4gliche Organisation zu einem visuell ansprechenden Erlebnis.<\/div>","protected":false},"excerpt":{"rendered":"<p>Verbessern Sie Ihre Schmuckorganisation mit dieser Aufbewahrungsbox aus Massivholz! Sie ist mit Mikrofaserflanell gef\u00fcttert, um Kratzer zu vermeiden, und bietet eine klassifizierte Aufbewahrung f\u00fcr Armb\u00e4nder, Armreifen, Uhren und Ringe. Mit Farben wie Dunkelgr\u00fcn, Beige und Dunkelbraun passt es zu verschiedenen Stilen und ist perfekt f\u00fcr Schminktische oder Schmuckgesch\u00e4fte.<\/p>","protected":false},"featured_media":43433,"comment_status":"open","ping_status":"closed","template":"","meta":{"_acf_changed":false},"product_brand":[84],"product_cat":[71],"product_tag":[373,377,372,375,378,376,380,379,381,370,337,371,369,374],"class_list":{"0":"post-43432","1":"product","2":"type-product","3":"status-publish","4":"has-post-thumbnail","6":"product_brand-de-liang","7":"product_cat-bangle-bars","8":"product_tag-bangle-organizer","9":"product_tag-beige-jewelry-organizer","10":"product_tag-bracelet-storage-box","11":"product_tag-classified-jewelry-box","12":"product_tag-dark-brown-jewelry-box","13":"product_tag-dark-green-jewelry-storage","14":"product_tag-dressing-table-jewelry-box","15":"product_tag-high-end-jewelry-storage","16":"product_tag-jewelry-store-display-box","17":"product_tag-microfiber-flannel-jewelry-box","18":"product_tag-ring-storage-box","19":"product_tag-scratch-proof-jewelry-organizer","20":"product_tag-solid-wood-jewelry-storage-box","21":"product_tag-watch-storage-case","23":"first","24":"instock","25":"shipping-taxable","26":"purchasable","27":"product-type-simple"},"acf":[],"yoast_head":"<!-- This site is optimized with the Yoast SEO plugin v27.4 - https:\/\/yoast.com\/product\/yoast-seo-wordpress\/ -->\n<title>Classified Solid Wood Jewelry Box - Elegant Organizer with Flannel Lining for Bracelets, Bangles, Watches, Rings - DE-LIANG - jewelry,clothes,watch,beauty cosmetics<\/title>\n<meta name=\"robots\" content=\"index, follow, max-snippet:-1, max-image-preview:large, max-video-preview:-1\" \/>\n<link rel=\"canonical\" href=\"https:\/\/deliangdisplay.com\/de\/unser-produkt\/zubehor\/armreifstangen\/klassifiziertes-massivholz-schmuckkastchen-eleganter-organizer-mit-flanellfutter-fur-armbander-armreifen-uhren-ringe\/\" \/>\n<meta property=\"og:locale\" content=\"de_DE\" \/>\n<meta property=\"og:type\" content=\"article\" \/>\n<meta property=\"og:title\" content=\"Classified Solid Wood Jewelry Box - Elegant Organizer with Flannel Lining for Bracelets, Bangles, Watches, Rings - DE-LIANG - jewelry,clothes,watch,beauty cosmetics\" \/>\n<meta property=\"og:description\" content=\"Upgrade your jewelry organization with this solid wood storage box! Featuring microfiber flannel lining to prevent scratches, it offers classified storage for bracelets, bangles, watches, and rings. With colors like dark green, beige, and dark brown, it suits various styles and is perfect for dressing tables or jewelry stores.\" \/>\n<meta property=\"og:url\" content=\"https:\/\/deliangdisplay.com\/de\/unser-produkt\/zubehor\/armreifstangen\/klassifiziertes-massivholz-schmuckkastchen-eleganter-organizer-mit-flanellfutter-fur-armbander-armreifen-uhren-ringe\/\" \/>\n<meta property=\"og:site_name\" content=\"DE-LIANG - jewelry,clothes,watch,beauty cosmetics\" \/>\n<meta property=\"article:publisher\" content=\"https:\/\/www.facebook.com\/JaneZhang008\/\" \/>\n<meta property=\"article:modified_time\" content=\"2025-10-10T07:23:47+00:00\" \/>\n<meta property=\"og:image\" content=\"https:\/\/deliangdisplay.com\/wp-content\/uploads\/2025\/10\/28.jpg\" \/>\n\t<meta property=\"og:image:width\" content=\"800\" \/>\n\t<meta property=\"og:image:height\" content=\"800\" \/>\n\t<meta property=\"og:image:type\" content=\"image\/jpeg\" \/>\n<meta name=\"twitter:card\" content=\"summary_large_image\" \/>\n<meta name=\"twitter:site\" content=\"@ly673551729\" \/>\n<meta name=\"twitter:label1\" content=\"Gesch\u00e4tzte Lesezeit\" \/>\n\t<meta name=\"twitter:data1\" content=\"2\u00a0Minuten\" \/>\n<script type=\"application\/ld+json\" class=\"yoast-schema-graph\">{\"@context\":\"https:\\\/\\\/schema.org\",\"@graph\":[{\"@type\":\"WebPage\",\"@id\":\"https:\\\/\\\/deliangdisplay.com\\\/our-product\\\/accessories\\\/bangle-bars\\\/classified-solid-wood-jewelry-box-elegant-organizer-with-flannel-lining-for-bracelets-bangles-watches-rings\\\/\",\"url\":\"https:\\\/\\\/deliangdisplay.com\\\/our-product\\\/accessories\\\/bangle-bars\\\/classified-solid-wood-jewelry-box-elegant-organizer-with-flannel-lining-for-bracelets-bangles-watches-rings\\\/\",\"name\":\"Classified Solid Wood Jewelry Box - Elegant Organizer with Flannel Lining for Bracelets, Bangles, Watches, Rings - DE-LIANG - jewelry,clothes,watch,beauty cosmetics\",\"isPartOf\":{\"@id\":\"https:\\\/\\\/deliangdisplay.com\\\/#website\"},\"primaryImageOfPage\":{\"@id\":\"https:\\\/\\\/deliangdisplay.com\\\/our-product\\\/accessories\\\/bangle-bars\\\/classified-solid-wood-jewelry-box-elegant-organizer-with-flannel-lining-for-bracelets-bangles-watches-rings\\\/#primaryimage\"},\"image\":{\"@id\":\"https:\\\/\\\/deliangdisplay.com\\\/our-product\\\/accessories\\\/bangle-bars\\\/classified-solid-wood-jewelry-box-elegant-organizer-with-flannel-lining-for-bracelets-bangles-watches-rings\\\/#primaryimage\"},\"thumbnailUrl\":\"https:\\\/\\\/deliangdisplay.com\\\/wp-content\\\/uploads\\\/2025\\\/10\\\/28.jpg\",\"datePublished\":\"2025-10-10T07:23:46+00:00\",\"dateModified\":\"2025-10-10T07:23:47+00:00\",\"breadcrumb\":{\"@id\":\"https:\\\/\\\/deliangdisplay.com\\\/our-product\\\/accessories\\\/bangle-bars\\\/classified-solid-wood-jewelry-box-elegant-organizer-with-flannel-lining-for-bracelets-bangles-watches-rings\\\/#breadcrumb\"},\"inLanguage\":\"de\",\"potentialAction\":[{\"@type\":\"ReadAction\",\"target\":[\"https:\\\/\\\/deliangdisplay.com\\\/our-product\\\/accessories\\\/bangle-bars\\\/classified-solid-wood-jewelry-box-elegant-organizer-with-flannel-lining-for-bracelets-bangles-watches-rings\\\/\"]}]},{\"@type\":\"ImageObject\",\"inLanguage\":\"de\",\"@id\":\"https:\\\/\\\/deliangdisplay.com\\\/our-product\\\/accessories\\\/bangle-bars\\\/classified-solid-wood-jewelry-box-elegant-organizer-with-flannel-lining-for-bracelets-bangles-watches-rings\\\/#primaryimage\",\"url\":\"https:\\\/\\\/deliangdisplay.com\\\/wp-content\\\/uploads\\\/2025\\\/10\\\/28.jpg\",\"contentUrl\":\"https:\\\/\\\/deliangdisplay.com\\\/wp-content\\\/uploads\\\/2025\\\/10\\\/28.jpg\",\"width\":800,\"height\":800},{\"@type\":\"BreadcrumbList\",\"@id\":\"https:\\\/\\\/deliangdisplay.com\\\/our-product\\\/accessories\\\/bangle-bars\\\/classified-solid-wood-jewelry-box-elegant-organizer-with-flannel-lining-for-bracelets-bangles-watches-rings\\\/#breadcrumb\",\"itemListElement\":[{\"@type\":\"ListItem\",\"position\":1,\"name\":\"\u9996\u9875\",\"item\":\"https:\\\/\\\/deliangdisplay.com\\\/\"},{\"@type\":\"ListItem\",\"position\":2,\"name\":\"Our Product\",\"item\":\"https:\\\/\\\/deliangdisplay.com\\\/our-product\\\/\"},{\"@type\":\"ListItem\",\"position\":3,\"name\":\"Classified Solid Wood Jewelry Box &#8211; Elegant Organizer with Flannel Lining for Bracelets, Bangles, Watches, Rings\"}]},{\"@type\":\"WebSite\",\"@id\":\"https:\\\/\\\/deliangdisplay.com\\\/#website\",\"url\":\"https:\\\/\\\/deliangdisplay.com\\\/\",\"name\":\"deliangdisplay.com\",\"description\":\"DE-LIANG - Providing bespoke packaging solutions and luxurious display design services for brands in jewelry, apparel, watches, beauty cosmetics, and more.\",\"publisher\":{\"@id\":\"https:\\\/\\\/deliangdisplay.com\\\/#organization\"},\"potentialAction\":[{\"@type\":\"SearchAction\",\"target\":{\"@type\":\"EntryPoint\",\"urlTemplate\":\"https:\\\/\\\/deliangdisplay.com\\\/?s={search_term_string}\"},\"query-input\":{\"@type\":\"PropertyValueSpecification\",\"valueRequired\":true,\"valueName\":\"search_term_string\"}}],\"inLanguage\":\"de\"},{\"@type\":\"Organization\",\"@id\":\"https:\\\/\\\/deliangdisplay.com\\\/#organization\",\"name\":\"deliangdisplay.com\",\"url\":\"https:\\\/\\\/deliangdisplay.com\\\/\",\"logo\":{\"@type\":\"ImageObject\",\"inLanguage\":\"de\",\"@id\":\"https:\\\/\\\/deliangdisplay.com\\\/#\\\/schema\\\/logo\\\/image\\\/\",\"url\":\"https:\\\/\\\/deliangdisplay.com\\\/wp-content\\\/uploads\\\/2025\\\/08\\\/DELIANGDISPALY_logo.png\",\"contentUrl\":\"https:\\\/\\\/deliangdisplay.com\\\/wp-content\\\/uploads\\\/2025\\\/08\\\/DELIANGDISPALY_logo.png\",\"width\":300,\"height\":130,\"caption\":\"deliangdisplay.com\"},\"image\":{\"@id\":\"https:\\\/\\\/deliangdisplay.com\\\/#\\\/schema\\\/logo\\\/image\\\/\"},\"sameAs\":[\"https:\\\/\\\/www.facebook.com\\\/JaneZhang008\\\/\",\"https:\\\/\\\/x.com\\\/ly673551729\"]}]}<\/script>\n<!-- \/ Yoast SEO plugin. -->","yoast_head_json":{"title":"Klassifiziertes Massivholz-Schmuckk\u00e4stchen - Eleganter Organizer mit Flanellfutter f\u00fcr Armb\u00e4nder, Armreifen, Uhren, Ringe - DE-LIANG - jewelry,clothes,watch,beauty cosmetics","robots":{"index":"index","follow":"follow","max-snippet":"max-snippet:-1","max-image-preview":"max-image-preview:large","max-video-preview":"max-video-preview:-1"},"canonical":"https:\/\/deliangdisplay.com\/de\/unser-produkt\/zubehor\/armreifstangen\/klassifiziertes-massivholz-schmuckkastchen-eleganter-organizer-mit-flanellfutter-fur-armbander-armreifen-uhren-ringe\/","og_locale":"de_DE","og_type":"article","og_title":"Classified Solid Wood Jewelry Box - Elegant Organizer with Flannel Lining for Bracelets, Bangles, Watches, Rings - DE-LIANG - jewelry,clothes,watch,beauty cosmetics","og_description":"Upgrade your jewelry organization with this solid wood storage box! Featuring microfiber flannel lining to prevent scratches, it offers classified storage for bracelets, bangles, watches, and rings. With colors like dark green, beige, and dark brown, it suits various styles and is perfect for dressing tables or jewelry stores.","og_url":"https:\/\/deliangdisplay.com\/de\/unser-produkt\/zubehor\/armreifstangen\/klassifiziertes-massivholz-schmuckkastchen-eleganter-organizer-mit-flanellfutter-fur-armbander-armreifen-uhren-ringe\/","og_site_name":"DE-LIANG - jewelry,clothes,watch,beauty cosmetics","article_publisher":"https:\/\/www.facebook.com\/JaneZhang008\/","article_modified_time":"2025-10-10T07:23:47+00:00","og_image":[{"width":800,"height":800,"url":"https:\/\/deliangdisplay.com\/wp-content\/uploads\/2025\/10\/28.jpg","type":"image\/jpeg"}],"twitter_card":"summary_large_image","twitter_site":"@ly673551729","twitter_misc":{"Gesch\u00e4tzte Lesezeit":"2\u00a0Minuten"},"schema":{"@context":"https:\/\/schema.org","@graph":[{"@type":"WebPage","@id":"https:\/\/deliangdisplay.com\/our-product\/accessories\/bangle-bars\/classified-solid-wood-jewelry-box-elegant-organizer-with-flannel-lining-for-bracelets-bangles-watches-rings\/","url":"https:\/\/deliangdisplay.com\/our-product\/accessories\/bangle-bars\/classified-solid-wood-jewelry-box-elegant-organizer-with-flannel-lining-for-bracelets-bangles-watches-rings\/","name":"Klassifiziertes Massivholz-Schmuckk\u00e4stchen - Eleganter Organizer mit Flanellfutter f\u00fcr Armb\u00e4nder, Armreifen, Uhren, Ringe - DE-LIANG - jewelry,clothes,watch,beauty cosmetics","isPartOf":{"@id":"https:\/\/deliangdisplay.com\/#website"},"primaryImageOfPage":{"@id":"https:\/\/deliangdisplay.com\/our-product\/accessories\/bangle-bars\/classified-solid-wood-jewelry-box-elegant-organizer-with-flannel-lining-for-bracelets-bangles-watches-rings\/#primaryimage"},"image":{"@id":"https:\/\/deliangdisplay.com\/our-product\/accessories\/bangle-bars\/classified-solid-wood-jewelry-box-elegant-organizer-with-flannel-lining-for-bracelets-bangles-watches-rings\/#primaryimage"},"thumbnailUrl":"https:\/\/deliangdisplay.com\/wp-content\/uploads\/2025\/10\/28.jpg","datePublished":"2025-10-10T07:23:46+00:00","dateModified":"2025-10-10T07:23:47+00:00","breadcrumb":{"@id":"https:\/\/deliangdisplay.com\/our-product\/accessories\/bangle-bars\/classified-solid-wood-jewelry-box-elegant-organizer-with-flannel-lining-for-bracelets-bangles-watches-rings\/#breadcrumb"},"inLanguage":"de","potentialAction":[{"@type":"ReadAction","target":["https:\/\/deliangdisplay.com\/our-product\/accessories\/bangle-bars\/classified-solid-wood-jewelry-box-elegant-organizer-with-flannel-lining-for-bracelets-bangles-watches-rings\/"]}]},{"@type":"ImageObject","inLanguage":"de","@id":"https:\/\/deliangdisplay.com\/our-product\/accessories\/bangle-bars\/classified-solid-wood-jewelry-box-elegant-organizer-with-flannel-lining-for-bracelets-bangles-watches-rings\/#primaryimage","url":"https:\/\/deliangdisplay.com\/wp-content\/uploads\/2025\/10\/28.jpg","contentUrl":"https:\/\/deliangdisplay.com\/wp-content\/uploads\/2025\/10\/28.jpg","width":800,"height":800},{"@type":"BreadcrumbList","@id":"https:\/\/deliangdisplay.com\/our-product\/accessories\/bangle-bars\/classified-solid-wood-jewelry-box-elegant-organizer-with-flannel-lining-for-bracelets-bangles-watches-rings\/#breadcrumb","itemListElement":[{"@type":"ListItem","position":1,"name":"\u9996\u9875","item":"https:\/\/deliangdisplay.com\/"},{"@type":"ListItem","position":2,"name":"Our Product","item":"https:\/\/deliangdisplay.com\/our-product\/"},{"@type":"ListItem","position":3,"name":"Classified Solid Wood Jewelry Box &#8211; Elegant Organizer with Flannel Lining for Bracelets, Bangles, Watches, Rings"}]},{"@type":"WebSite","@id":"https:\/\/deliangdisplay.com\/#website","url":"https:\/\/deliangdisplay.com\/","name":"deliangdisplay.com","description":"DE-LIANG - Ma\u00dfgeschneiderte Verpackungsl\u00f6sungen und luxuri\u00f6ses Display-Design f\u00fcr Marken aus der Schmuck-, Bekleidungs-, Uhren- und Kosmetikbranche und mehr.","publisher":{"@id":"https:\/\/deliangdisplay.com\/#organization"},"potentialAction":[{"@type":"SearchAction","target":{"@type":"EntryPoint","urlTemplate":"https:\/\/deliangdisplay.com\/?s={search_term_string}"},"query-input":{"@type":"PropertyValueSpecification","valueRequired":true,"valueName":"search_term_string"}}],"inLanguage":"de"},{"@type":"Organization","@id":"https:\/\/deliangdisplay.com\/#organization","name":"deliangdisplay.com","url":"https:\/\/deliangdisplay.com\/","logo":{"@type":"ImageObject","inLanguage":"de","@id":"https:\/\/deliangdisplay.com\/#\/schema\/logo\/image\/","url":"https:\/\/deliangdisplay.com\/wp-content\/uploads\/2025\/08\/DELIANGDISPALY_logo.png","contentUrl":"https:\/\/deliangdisplay.com\/wp-content\/uploads\/2025\/08\/DELIANGDISPALY_logo.png","width":300,"height":130,"caption":"deliangdisplay.com"},"image":{"@id":"https:\/\/deliangdisplay.com\/#\/schema\/logo\/image\/"},"sameAs":["https:\/\/www.facebook.com\/JaneZhang008\/","https:\/\/x.com\/ly673551729"]}]}},"_links":{"self":[{"href":"https:\/\/deliangdisplay.com\/de\/wp-json\/wp\/v2\/product\/43432","targetHints":{"allow":["GET"]}}],"collection":[{"href":"https:\/\/deliangdisplay.com\/de\/wp-json\/wp\/v2\/product"}],"about":[{"href":"https:\/\/deliangdisplay.com\/de\/wp-json\/wp\/v2\/types\/product"}],"replies":[{"embeddable":true,"href":"https:\/\/deliangdisplay.com\/de\/wp-json\/wp\/v2\/comments?post=43432"}],"wp:featuredmedia":[{"embeddable":true,"href":"https:\/\/deliangdisplay.com\/de\/wp-json\/wp\/v2\/media\/43433"}],"wp:attachment":[{"href":"https:\/\/deliangdisplay.com\/de\/wp-json\/wp\/v2\/media?parent=43432"}],"wp:term":[{"taxonomy":"product_brand","embeddable":true,"href":"https:\/\/deliangdisplay.com\/de\/wp-json\/wp\/v2\/product_brand?post=43432"},{"taxonomy":"product_cat","embeddable":true,"href":"https:\/\/deliangdisplay.com\/de\/wp-json\/wp\/v2\/product_cat?post=43432"},{"taxonomy":"product_tag","embeddable":true,"href":"https:\/\/deliangdisplay.com\/de\/wp-json\/wp\/v2\/product_tag?post=43432"}],"curies":[{"name":"wp","href":"https:\/\/api.w.org\/{rel}","templated":true}]}}