{"id":43420,"date":"2025-10-10T15:17:00","date_gmt":"2025-10-10T07:17:00","guid":{"rendered":"https:\/\/deliangdisplay.com\/?post_type=product&#038;p=43420"},"modified":"2025-10-10T15:17:00","modified_gmt":"2025-10-10T07:17:00","slug":"luxus-gummi-holz-armband-display-veranstalter-abgerundetes-design-fur-armbander-armreifen-nach-hause-speichern-verwenden","status":"publish","type":"product","link":"https:\/\/deliangdisplay.com\/de\/unser-produkt\/zubehor\/armreifstangen\/luxus-gummi-holz-armband-display-veranstalter-abgerundetes-design-fur-armbander-armreifen-nach-hause-speichern-verwenden\/","title":{"rendered":"Luxus-Gummi-Holz-Armband-Display-Organisator - abgerundetes Design f\u00fcr Armb\u00e4nder, Armreifen (Home &amp; Store Use)"},"content":{"rendered":"<h3 class=\"header-vfC6AV auto-hide-last-sibling-br\">Produkt\u00fcbersicht<\/h3>\n<div class=\"auto-hide-last-sibling-br paragraph-JOTKXA paragraph-element br-paragraph-space\">Erh\u00f6hen Sie Ihr Schmuckdisplay auf\u00a0<strong>Luxusniveaus<\/strong>\u00a0mit diesem exquisiten St\u00e4nder f\u00fcr Armb\u00e4nder aus Gummiholz! Er wurde entwickelt, um Armb\u00e4nder und Armreifen stilvoll zu ordnen und zu pr\u00e4sentieren und verleiht jedem Raum einen Hauch von Eleganz - egal ob es sich um einen belebten Schmuckladen, Ihre pers\u00f6nliche Eitelkeit, in der Sie sich t\u00e4glich selbst pflegen, oder eine schicke Ecke in Ihrem Zuhause handelt, in der Sie Ihre Sch\u00e4tze gerne ausstellen. Es ist nicht nur eine Aufbewahrungsl\u00f6sung, sondern ein Statement, das die gesamte \u00c4sthetik des Raums aufwertet.<\/div>\n<h3 class=\"header-vfC6AV auto-hide-last-sibling-br\">Wesentliche Merkmale<\/h3>\n<ul class=\"auto-hide-last-sibling-br\">\n<li><strong>Premium-Gummi-Holz-Bauweise<\/strong>: Gefertigt aus hochwertigem Kautschukholz, ist es au\u00dfergew\u00f6hnlich haltbar und h\u00e4lt jahrelang. Und das nat\u00fcrlich edle, raffinierte Aussehen des Holzes bringt Ihren Schmuck zur Geltung und verleiht jedem St\u00fcck das Rampenlicht, das es verdient. Es ist eine Mischung aus Funktionalit\u00e4t und hochwertigem Design.<\/li>\n<li><strong>Exquisite Handwerkskunst<\/strong>: Jeder Zentimeter ist mit feinen Schnitzereien verziert und strahlt eine schlichte, aber elegante Ausstrahlung aus, die nie aus der Mode kommt. Das abgerundete, robuste Design verst\u00e4rkt nicht nur seinen Charme, sondern sorgt auch f\u00fcr Stabilit\u00e4t, so dass Sie sich nie Sorgen machen m\u00fcssen, dass Ihr kostbarer Schmuck in Gefahr ger\u00e4t.<\/li>\n<li><strong>Geniales Multi-Layer-Design<\/strong>: Mehrere Lagen bieten reichlich Platz, um all Ihre Armb\u00e4nder und Armreifen zu ordnen - von zierlichen Ketten bis hin zu gewagten Manschetten. So haben Sie Ihren Schmuck immer griffbereit und aufger\u00e4umt,\u00a0<em>und<\/em>\u00a0lassen jedes Detail erstrahlen, sei es das Funkeln eines Edelsteins oder das filigrane Design eines Armreifs. Dieses durchdachte Design schafft eine wirklich raffinierte, elegante Wohnatmosph\u00e4re, die das Vorbereiten oder Bewundern Ihrer Sammlung zu einem Vergn\u00fcgen macht.<\/li>\n<\/ul>\n<h3 class=\"header-vfC6AV auto-hide-last-sibling-br\">Gr\u00f6\u00dfenbestimmung<\/h3>\n<div class=\"auto-hide-last-sibling-br paragraph-JOTKXA paragraph-element br-paragraph-space\">Erh\u00e4ltlich in einer Reihe von Gr\u00f6\u00dfen, die f\u00fcr jeden Bedarf geeignet sind, egal ob Sie eine gro\u00dfe Sammlung oder eine kleine Auswahl haben. (Schauen Sie sich die Abbildungen der Produktgr\u00f6\u00dfen an, um genaue Angaben zu erhalten und die perfekte Gr\u00f6\u00dfe f\u00fcr Ihren Raum zu finden).<\/div>\n<h3 class=\"header-vfC6AV auto-hide-last-sibling-br\">Szenario Verwendung<\/h3>\n<div class=\"auto-hide-last-sibling-br paragraph-JOTKXA paragraph-element br-paragraph-space\">Perfekt f\u00fcr Juweliergesch\u00e4fte, die ihre Kunden mit einer ausgefeilten Auslage beeindrucken wollen, f\u00fcr pers\u00f6nliche Eitelkeiten, in denen man den Tag mit organisierter Sch\u00f6nheit beginnen und beenden m\u00f6chte, oder\u00a0<em>jede<\/em>\u00a0Platz in Ihrem Zuhause, an dem Sie Ihre Armbandsammlung stilvoll zur Schau stellen wollen. Mit diesem St\u00e4nder k\u00f6nnen Sie Ihren einzigartigen Stil m\u00fchelos zur Schau stellen - er ist die ultimative M\u00f6glichkeit, Ihren Schmuck in ein galeriew\u00fcrdiges Exponat zu verwandeln.<\/div>","protected":false},"excerpt":{"rendered":"<p>Werten Sie Ihre Schmuckpr\u00e4sentation mit diesem hochwertigen Armbandst\u00e4nder aus Kautschukholz auf! Er ist aus hochwertigem Kautschukholz gefertigt und verbindet Langlebigkeit mit einem nat\u00fcrlichen, gehobenen Look sowie zarten, geschnitzten Strukturen und einem abgerundeten, stabilen Design f\u00fcr Eleganz. Die mehrschichtige Struktur ordnet Armb\u00e4nder und Armreifen \u00fcbersichtlich an und hebt dabei jedes Detail hervor. Perfekt f\u00fcr Schmuckgesch\u00e4fte, Eitelkeiten zu Hause oder jeden Raum, der eine raffinierte, stilvolle Aufbewahrungsl\u00f6sung ben\u00f6tigt.<\/p>","protected":false},"featured_media":43421,"comment_status":"open","ping_status":"closed","template":"","meta":{"_acf_changed":false},"product_brand":[84],"product_cat":[71],"product_tag":[361,366,364,360,362,363,359,365,358,367,357,368],"class_list":{"0":"post-43420","1":"product","2":"type-product","3":"status-publish","4":"has-post-thumbnail","6":"product_brand-de-liang","7":"product_cat-bangle-bars","8":"product_tag-carved-rubber-wood-jewelry-organizer","9":"product_tag-chic-bracelet-organizer","10":"product_tag-durable-bracelet-storage-stand","11":"product_tag-elegant-jewelry-display-stand","12":"product_tag-home-vanity-bracelet-stand","13":"product_tag-jewelry-store-bangle-display","14":"product_tag-multi-layer-bangle-stand","15":"product_tag-natural-wood-jewelry-display","16":"product_tag-premium-bracelet-organizer","17":"product_tag-rubber-wood-bangle-holder","18":"product_tag-rubber-wood-bracelet-display-stand","19":"product_tag-upscale-jewelry-display-stand","21":"first","22":"instock","23":"shipping-taxable","24":"purchasable","25":"product-type-simple"},"acf":[],"yoast_head":"<!-- This site is optimized with the Yoast SEO plugin v27.4 - https:\/\/yoast.com\/product\/yoast-seo-wordpress\/ -->\n<title>Luxury Rubber Wood Bracelet Display Organizer - Rounded Design for Bracelets, Bangles (Home &amp; Store Use) - DE-LIANG - jewelry,clothes,watch,beauty cosmetics<\/title>\n<meta name=\"robots\" content=\"index, follow, max-snippet:-1, max-image-preview:large, max-video-preview:-1\" \/>\n<link rel=\"canonical\" href=\"https:\/\/deliangdisplay.com\/de\/unser-produkt\/zubehor\/armreifstangen\/luxus-gummi-holz-armband-display-veranstalter-abgerundetes-design-fur-armbander-armreifen-nach-hause-speichern-verwenden\/\" \/>\n<meta property=\"og:locale\" content=\"de_DE\" \/>\n<meta property=\"og:type\" content=\"article\" \/>\n<meta property=\"og:title\" content=\"Luxury Rubber Wood Bracelet Display Organizer - Rounded Design for Bracelets, Bangles (Home &amp; Store Use) - DE-LIANG - jewelry,clothes,watch,beauty cosmetics\" \/>\n<meta property=\"og:description\" content=\"Elevate your jewelry display with this premium rubber wood bracelet stand! Crafted from top-notch rubber wood, it blends durability with a natural, upscale look, plus delicate carved textures and a rounded, sturdy design for elegance. Its multi-layer structure neatly organizes bracelets\/bangles\u2014keeping them accessible while highlighting every detail. Perfect for jewelry stores, home vanities, or any space needing a refined, stylish storage solution.\" \/>\n<meta property=\"og:url\" content=\"https:\/\/deliangdisplay.com\/de\/unser-produkt\/zubehor\/armreifstangen\/luxus-gummi-holz-armband-display-veranstalter-abgerundetes-design-fur-armbander-armreifen-nach-hause-speichern-verwenden\/\" \/>\n<meta property=\"og:site_name\" content=\"DE-LIANG - jewelry,clothes,watch,beauty cosmetics\" \/>\n<meta property=\"article:publisher\" content=\"https:\/\/www.facebook.com\/JaneZhang008\/\" \/>\n<meta property=\"og:image\" content=\"https:\/\/deliangdisplay.com\/wp-content\/uploads\/2025\/10\/2-4.jpg\" \/>\n\t<meta property=\"og:image:width\" content=\"800\" \/>\n\t<meta property=\"og:image:height\" content=\"800\" \/>\n\t<meta property=\"og:image:type\" content=\"image\/jpeg\" \/>\n<meta name=\"twitter:card\" content=\"summary_large_image\" \/>\n<meta name=\"twitter:site\" content=\"@ly673551729\" \/>\n<meta name=\"twitter:label1\" content=\"Gesch\u00e4tzte Lesezeit\" \/>\n\t<meta name=\"twitter:data1\" content=\"2\u00a0Minuten\" \/>\n<script type=\"application\/ld+json\" class=\"yoast-schema-graph\">{\"@context\":\"https:\\\/\\\/schema.org\",\"@graph\":[{\"@type\":\"WebPage\",\"@id\":\"https:\\\/\\\/deliangdisplay.com\\\/our-product\\\/accessories\\\/bangle-bars\\\/luxury-rubber-wood-bracelet-display-organizer-rounded-design-for-bracelets-bangles-home-store-use\\\/\",\"url\":\"https:\\\/\\\/deliangdisplay.com\\\/our-product\\\/accessories\\\/bangle-bars\\\/luxury-rubber-wood-bracelet-display-organizer-rounded-design-for-bracelets-bangles-home-store-use\\\/\",\"name\":\"Luxury Rubber Wood Bracelet Display Organizer - Rounded Design for Bracelets, Bangles (Home & Store Use) - DE-LIANG - jewelry,clothes,watch,beauty cosmetics\",\"isPartOf\":{\"@id\":\"https:\\\/\\\/deliangdisplay.com\\\/#website\"},\"primaryImageOfPage\":{\"@id\":\"https:\\\/\\\/deliangdisplay.com\\\/our-product\\\/accessories\\\/bangle-bars\\\/luxury-rubber-wood-bracelet-display-organizer-rounded-design-for-bracelets-bangles-home-store-use\\\/#primaryimage\"},\"image\":{\"@id\":\"https:\\\/\\\/deliangdisplay.com\\\/our-product\\\/accessories\\\/bangle-bars\\\/luxury-rubber-wood-bracelet-display-organizer-rounded-design-for-bracelets-bangles-home-store-use\\\/#primaryimage\"},\"thumbnailUrl\":\"https:\\\/\\\/deliangdisplay.com\\\/wp-content\\\/uploads\\\/2025\\\/10\\\/2-4.jpg\",\"datePublished\":\"2025-10-10T07:17:00+00:00\",\"breadcrumb\":{\"@id\":\"https:\\\/\\\/deliangdisplay.com\\\/our-product\\\/accessories\\\/bangle-bars\\\/luxury-rubber-wood-bracelet-display-organizer-rounded-design-for-bracelets-bangles-home-store-use\\\/#breadcrumb\"},\"inLanguage\":\"de\",\"potentialAction\":[{\"@type\":\"ReadAction\",\"target\":[\"https:\\\/\\\/deliangdisplay.com\\\/our-product\\\/accessories\\\/bangle-bars\\\/luxury-rubber-wood-bracelet-display-organizer-rounded-design-for-bracelets-bangles-home-store-use\\\/\"]}]},{\"@type\":\"ImageObject\",\"inLanguage\":\"de\",\"@id\":\"https:\\\/\\\/deliangdisplay.com\\\/our-product\\\/accessories\\\/bangle-bars\\\/luxury-rubber-wood-bracelet-display-organizer-rounded-design-for-bracelets-bangles-home-store-use\\\/#primaryimage\",\"url\":\"https:\\\/\\\/deliangdisplay.com\\\/wp-content\\\/uploads\\\/2025\\\/10\\\/2-4.jpg\",\"contentUrl\":\"https:\\\/\\\/deliangdisplay.com\\\/wp-content\\\/uploads\\\/2025\\\/10\\\/2-4.jpg\",\"width\":800,\"height\":800},{\"@type\":\"BreadcrumbList\",\"@id\":\"https:\\\/\\\/deliangdisplay.com\\\/our-product\\\/accessories\\\/bangle-bars\\\/luxury-rubber-wood-bracelet-display-organizer-rounded-design-for-bracelets-bangles-home-store-use\\\/#breadcrumb\",\"itemListElement\":[{\"@type\":\"ListItem\",\"position\":1,\"name\":\"\u9996\u9875\",\"item\":\"https:\\\/\\\/deliangdisplay.com\\\/\"},{\"@type\":\"ListItem\",\"position\":2,\"name\":\"Our Product\",\"item\":\"https:\\\/\\\/deliangdisplay.com\\\/our-product\\\/\"},{\"@type\":\"ListItem\",\"position\":3,\"name\":\"Luxury Rubber Wood Bracelet Display Organizer &#8211; Rounded Design for Bracelets, Bangles (Home &#038; Store Use)\"}]},{\"@type\":\"WebSite\",\"@id\":\"https:\\\/\\\/deliangdisplay.com\\\/#website\",\"url\":\"https:\\\/\\\/deliangdisplay.com\\\/\",\"name\":\"deliangdisplay.com\",\"description\":\"DE-LIANG - Providing bespoke packaging solutions and luxurious display design services for brands in jewelry, apparel, watches, beauty cosmetics, and more.\",\"publisher\":{\"@id\":\"https:\\\/\\\/deliangdisplay.com\\\/#organization\"},\"potentialAction\":[{\"@type\":\"SearchAction\",\"target\":{\"@type\":\"EntryPoint\",\"urlTemplate\":\"https:\\\/\\\/deliangdisplay.com\\\/?s={search_term_string}\"},\"query-input\":{\"@type\":\"PropertyValueSpecification\",\"valueRequired\":true,\"valueName\":\"search_term_string\"}}],\"inLanguage\":\"de\"},{\"@type\":\"Organization\",\"@id\":\"https:\\\/\\\/deliangdisplay.com\\\/#organization\",\"name\":\"deliangdisplay.com\",\"url\":\"https:\\\/\\\/deliangdisplay.com\\\/\",\"logo\":{\"@type\":\"ImageObject\",\"inLanguage\":\"de\",\"@id\":\"https:\\\/\\\/deliangdisplay.com\\\/#\\\/schema\\\/logo\\\/image\\\/\",\"url\":\"https:\\\/\\\/deliangdisplay.com\\\/wp-content\\\/uploads\\\/2025\\\/08\\\/DELIANGDISPALY_logo.png\",\"contentUrl\":\"https:\\\/\\\/deliangdisplay.com\\\/wp-content\\\/uploads\\\/2025\\\/08\\\/DELIANGDISPALY_logo.png\",\"width\":300,\"height\":130,\"caption\":\"deliangdisplay.com\"},\"image\":{\"@id\":\"https:\\\/\\\/deliangdisplay.com\\\/#\\\/schema\\\/logo\\\/image\\\/\"},\"sameAs\":[\"https:\\\/\\\/www.facebook.com\\\/JaneZhang008\\\/\",\"https:\\\/\\\/x.com\\\/ly673551729\"]}]}<\/script>\n<!-- \/ Yoast SEO plugin. -->","yoast_head_json":{"title":"Luxus-Gummi-Holz-Armband-Display-Organizer - abgerundetes Design f\u00fcr Armb\u00e4nder, Armreifen (Home &amp; Store Use) - DE-LIANG - Schmuck, Kleidung, Uhr, Sch\u00f6nheit, Kosmetik","robots":{"index":"index","follow":"follow","max-snippet":"max-snippet:-1","max-image-preview":"max-image-preview:large","max-video-preview":"max-video-preview:-1"},"canonical":"https:\/\/deliangdisplay.com\/de\/unser-produkt\/zubehor\/armreifstangen\/luxus-gummi-holz-armband-display-veranstalter-abgerundetes-design-fur-armbander-armreifen-nach-hause-speichern-verwenden\/","og_locale":"de_DE","og_type":"article","og_title":"Luxury Rubber Wood Bracelet Display Organizer - Rounded Design for Bracelets, Bangles (Home & Store Use) - DE-LIANG - jewelry,clothes,watch,beauty cosmetics","og_description":"Elevate your jewelry display with this premium rubber wood bracelet stand! Crafted from top-notch rubber wood, it blends durability with a natural, upscale look, plus delicate carved textures and a rounded, sturdy design for elegance. Its multi-layer structure neatly organizes bracelets\/bangles\u2014keeping them accessible while highlighting every detail. Perfect for jewelry stores, home vanities, or any space needing a refined, stylish storage solution.","og_url":"https:\/\/deliangdisplay.com\/de\/unser-produkt\/zubehor\/armreifstangen\/luxus-gummi-holz-armband-display-veranstalter-abgerundetes-design-fur-armbander-armreifen-nach-hause-speichern-verwenden\/","og_site_name":"DE-LIANG - jewelry,clothes,watch,beauty cosmetics","article_publisher":"https:\/\/www.facebook.com\/JaneZhang008\/","og_image":[{"width":800,"height":800,"url":"https:\/\/deliangdisplay.com\/wp-content\/uploads\/2025\/10\/2-4.jpg","type":"image\/jpeg"}],"twitter_card":"summary_large_image","twitter_site":"@ly673551729","twitter_misc":{"Gesch\u00e4tzte Lesezeit":"2\u00a0Minuten"},"schema":{"@context":"https:\/\/schema.org","@graph":[{"@type":"WebPage","@id":"https:\/\/deliangdisplay.com\/our-product\/accessories\/bangle-bars\/luxury-rubber-wood-bracelet-display-organizer-rounded-design-for-bracelets-bangles-home-store-use\/","url":"https:\/\/deliangdisplay.com\/our-product\/accessories\/bangle-bars\/luxury-rubber-wood-bracelet-display-organizer-rounded-design-for-bracelets-bangles-home-store-use\/","name":"Luxus-Gummi-Holz-Armband-Display-Organizer - abgerundetes Design f\u00fcr Armb\u00e4nder, Armreifen (Home &amp; Store Use) - DE-LIANG - Schmuck, Kleidung, Uhr, Sch\u00f6nheit, Kosmetik","isPartOf":{"@id":"https:\/\/deliangdisplay.com\/#website"},"primaryImageOfPage":{"@id":"https:\/\/deliangdisplay.com\/our-product\/accessories\/bangle-bars\/luxury-rubber-wood-bracelet-display-organizer-rounded-design-for-bracelets-bangles-home-store-use\/#primaryimage"},"image":{"@id":"https:\/\/deliangdisplay.com\/our-product\/accessories\/bangle-bars\/luxury-rubber-wood-bracelet-display-organizer-rounded-design-for-bracelets-bangles-home-store-use\/#primaryimage"},"thumbnailUrl":"https:\/\/deliangdisplay.com\/wp-content\/uploads\/2025\/10\/2-4.jpg","datePublished":"2025-10-10T07:17:00+00:00","breadcrumb":{"@id":"https:\/\/deliangdisplay.com\/our-product\/accessories\/bangle-bars\/luxury-rubber-wood-bracelet-display-organizer-rounded-design-for-bracelets-bangles-home-store-use\/#breadcrumb"},"inLanguage":"de","potentialAction":[{"@type":"ReadAction","target":["https:\/\/deliangdisplay.com\/our-product\/accessories\/bangle-bars\/luxury-rubber-wood-bracelet-display-organizer-rounded-design-for-bracelets-bangles-home-store-use\/"]}]},{"@type":"ImageObject","inLanguage":"de","@id":"https:\/\/deliangdisplay.com\/our-product\/accessories\/bangle-bars\/luxury-rubber-wood-bracelet-display-organizer-rounded-design-for-bracelets-bangles-home-store-use\/#primaryimage","url":"https:\/\/deliangdisplay.com\/wp-content\/uploads\/2025\/10\/2-4.jpg","contentUrl":"https:\/\/deliangdisplay.com\/wp-content\/uploads\/2025\/10\/2-4.jpg","width":800,"height":800},{"@type":"BreadcrumbList","@id":"https:\/\/deliangdisplay.com\/our-product\/accessories\/bangle-bars\/luxury-rubber-wood-bracelet-display-organizer-rounded-design-for-bracelets-bangles-home-store-use\/#breadcrumb","itemListElement":[{"@type":"ListItem","position":1,"name":"\u9996\u9875","item":"https:\/\/deliangdisplay.com\/"},{"@type":"ListItem","position":2,"name":"Our Product","item":"https:\/\/deliangdisplay.com\/our-product\/"},{"@type":"ListItem","position":3,"name":"Luxury Rubber Wood Bracelet Display Organizer &#8211; Rounded Design for Bracelets, Bangles (Home &#038; Store Use)"}]},{"@type":"WebSite","@id":"https:\/\/deliangdisplay.com\/#website","url":"https:\/\/deliangdisplay.com\/","name":"deliangdisplay.com","description":"DE-LIANG - Ma\u00dfgeschneiderte Verpackungsl\u00f6sungen und luxuri\u00f6ses Display-Design f\u00fcr Marken aus der Schmuck-, Bekleidungs-, Uhren- und Kosmetikbranche und mehr.","publisher":{"@id":"https:\/\/deliangdisplay.com\/#organization"},"potentialAction":[{"@type":"SearchAction","target":{"@type":"EntryPoint","urlTemplate":"https:\/\/deliangdisplay.com\/?s={search_term_string}"},"query-input":{"@type":"PropertyValueSpecification","valueRequired":true,"valueName":"search_term_string"}}],"inLanguage":"de"},{"@type":"Organization","@id":"https:\/\/deliangdisplay.com\/#organization","name":"deliangdisplay.com","url":"https:\/\/deliangdisplay.com\/","logo":{"@type":"ImageObject","inLanguage":"de","@id":"https:\/\/deliangdisplay.com\/#\/schema\/logo\/image\/","url":"https:\/\/deliangdisplay.com\/wp-content\/uploads\/2025\/08\/DELIANGDISPALY_logo.png","contentUrl":"https:\/\/deliangdisplay.com\/wp-content\/uploads\/2025\/08\/DELIANGDISPALY_logo.png","width":300,"height":130,"caption":"deliangdisplay.com"},"image":{"@id":"https:\/\/deliangdisplay.com\/#\/schema\/logo\/image\/"},"sameAs":["https:\/\/www.facebook.com\/JaneZhang008\/","https:\/\/x.com\/ly673551729"]}]}},"_links":{"self":[{"href":"https:\/\/deliangdisplay.com\/de\/wp-json\/wp\/v2\/product\/43420","targetHints":{"allow":["GET"]}}],"collection":[{"href":"https:\/\/deliangdisplay.com\/de\/wp-json\/wp\/v2\/product"}],"about":[{"href":"https:\/\/deliangdisplay.com\/de\/wp-json\/wp\/v2\/types\/product"}],"replies":[{"embeddable":true,"href":"https:\/\/deliangdisplay.com\/de\/wp-json\/wp\/v2\/comments?post=43420"}],"wp:featuredmedia":[{"embeddable":true,"href":"https:\/\/deliangdisplay.com\/de\/wp-json\/wp\/v2\/media\/43421"}],"wp:attachment":[{"href":"https:\/\/deliangdisplay.com\/de\/wp-json\/wp\/v2\/media?parent=43420"}],"wp:term":[{"taxonomy":"product_brand","embeddable":true,"href":"https:\/\/deliangdisplay.com\/de\/wp-json\/wp\/v2\/product_brand?post=43420"},{"taxonomy":"product_cat","embeddable":true,"href":"https:\/\/deliangdisplay.com\/de\/wp-json\/wp\/v2\/product_cat?post=43420"},{"taxonomy":"product_tag","embeddable":true,"href":"https:\/\/deliangdisplay.com\/de\/wp-json\/wp\/v2\/product_tag?post=43420"}],"curies":[{"name":"wp","href":"https:\/\/api.w.org\/{rel}","templated":true}]}}