{"id":43410,"date":"2025-10-10T15:11:43","date_gmt":"2025-10-10T07:11:43","guid":{"rendered":"https:\/\/deliangdisplay.com\/?post_type=product&#038;p=43410"},"modified":"2025-10-10T19:15:44","modified_gmt":"2025-10-10T11:15:44","slug":"luxurioses-vielseitiges-geschenkset-fur-ringe-ohrringe-halsketten-karten-mehr","status":"publish","type":"product","link":"https:\/\/deliangdisplay.com\/de\/unser-produkt\/verpackung\/schmuckkastchen-verpackung\/luxurioses-vielseitiges-geschenkset-fur-ringe-ohrringe-halsketten-karten-mehr\/","title":{"rendered":"Luxury Versatile Gift Box Set &#8211; For Rings, Earrings, Necklaces, Cards &#038; More"},"content":{"rendered":"<h3 class=\"header-vfC6AV auto-hide-last-sibling-br\">Produkt\u00fcbersicht<\/h3>\n<div class=\"auto-hide-last-sibling-br paragraph-JOTKXA paragraph-element br-paragraph-space\">Erh\u00f6hen Sie Ihre Schmuckgeschenke und -aufbewahrung auf\u00a0<strong>Luxusniveaus<\/strong>\u00a0mit diesen vielseitigen, hochwertigen Geschenkboxen! Sie eignen sich perfekt zur Pr\u00e4sentation von Ringen, Ohrringen, Halsketten, Gru\u00df- und Geschenkkarten und sind in einer Vielzahl von Stilen und Gr\u00f6\u00dfen erh\u00e4ltlich - ideal, um Ihre pers\u00f6nliche Sammlung zu pr\u00e4sentieren\u00a0<em>und<\/em>\u00a0nahtloses Dropshipping.<\/div>\n<h3 class=\"header-vfC6AV auto-hide-last-sibling-br\">Wichtige Spezifikationen<\/h3>\n<ul class=\"auto-hide-last-sibling-br\">\n<li><strong>Perfekt f\u00fcr<\/strong>: Ringe, Ohrringe, Halsketten, Gru\u00dfkarten, Geschenkkarten<\/li>\n<li><strong>Hochwertige Materialien<\/strong>: Stabiles Papier\/Karton (garantiert Langlebigkeit und ein elegantes Aussehen)<\/li>\n<li><strong>Wundersch\u00f6ne Stile und Gr\u00f6\u00dfen<\/strong>: W\u00e4hlen Sie aus Optionen wie versilbertes Tuch (zuf\u00e4llige Farbe, verleiht Glamour), schwarze Perlen (7,5\u00d77,5cm, ultra-chic), blaue kleine Box (4x4cm, niedlich + kompakt), gefaltete Gru\u00dfkarte (weinrot, romantische Stimmung), graue Leinenbox (5x6cm, zeitlose Eleganz)<\/li>\n<\/ul>\n<h3 class=\"header-vfC6AV auto-hide-last-sibling-br\">Wesentliche Merkmale<\/h3>\n<ul class=\"auto-hide-last-sibling-br\">\n<li><strong>Ultimative Vielseitigkeit<\/strong>: Egal, ob Sie Schmuck, Gru\u00dfkarten mit Herz oder Geschenkkarten verpacken, diese Schachteln erf\u00fcllen\u00a0<em>jede<\/em>\u00a0Geschenk- und Aufbewahrungsbedarf mit Leichtigkeit.<\/li>\n<li><strong>Gestaltungsvielfalt<\/strong>: Die gro\u00dfe Auswahl an Designs und Gr\u00f6\u00dfen erm\u00f6glicht es Ihnen, die perfekte Kombination zu finden, um Ihren Sch\u00e4tzen einen zus\u00e4tzlichen Hauch von Eleganz zu verleihen.<\/li>\n<li><strong>Erstklassiger Schutz<\/strong>: Professionell verpackt, um Ihre Artikel w\u00e4hrend des Transports sicher und makellos zu halten - kein Schaden, nur Freude.<\/li>\n<\/ul>\n<h3 class=\"header-vfC6AV auto-hide-last-sibling-br\">Shopping-Vorteile<\/h3>\n<ul class=\"auto-hide-last-sibling-br\">\n<li><strong>Profi-Kundendienst<\/strong>: Ein spezielles System k\u00fcmmert sich um alle Verschlei\u00dfprobleme. Erreichen Sie den Kundendienst\u00a0<em>Jederzeit<\/em>\u00a0- Wir sorgen daf\u00fcr, dass Ihr Einkauf reibungslos und mit Freude verl\u00e4uft.<\/li>\n<\/ul>","protected":false},"excerpt":{"rendered":"<p>Product Overview Elevate your jewelry gifting and storage to\u00a0luxury levels\u00a0with these versatile high-end gift boxes! Perfect for showcasing rings, earrings, necklaces, greeting cards, and gift cards, they come in a dazzling array of styles and sizes \u2014 making them ideal for both curating your personal collection\u00a0and\u00a0seamless dropshipping. Key Specifications Perfect for: Rings, earrings, necklaces, greeting&#8230;<\/p>","protected":false},"featured_media":43411,"comment_status":"open","ping_status":"closed","template":"","meta":{"_acf_changed":false},"product_brand":[84],"product_cat":[72,421],"product_tag":[350,351,356,353,355,346,334,348,354,349,347,352],"class_list":{"0":"post-43410","1":"product","2":"type-product","3":"status-publish","4":"has-post-thumbnail","6":"product_brand-de-liang","7":"product_cat-jewelry-boxes-packaging","8":"product_cat-ring-box","9":"product_tag-black-pearl-jewelry-box","10":"product_tag-blue-small-gift-box","11":"product_tag-gift-card-storage-box","12":"product_tag-gray-linen-gift-box","13":"product_tag-greeting-card-packaging-box","14":"product_tag-high-end-jewelry-gift-box","15":"product_tag-jewelry-gift-box-for-gifting","16":"product_tag-multi-style-jewelry-storage-box","17":"product_tag-paper-jewelry-gift-box","18":"product_tag-silver-plated-cloth-gift-box","19":"product_tag-versatile-gift-box-for-cards","20":"product_tag-wine-red-folded-greeting-card-box","22":"first","23":"instock","24":"shipping-taxable","25":"purchasable","26":"product-type-simple"},"acf":[],"yoast_head":"<!-- This site is optimized with the Yoast SEO plugin v27.4 - https:\/\/yoast.com\/product\/yoast-seo-wordpress\/ -->\n<title>Luxury Versatile Gift Box Set - For Rings, Earrings, Necklaces, Cards &amp; More - DE-LIANG - jewelry,clothes,watch,beauty cosmetics<\/title>\n<meta name=\"robots\" content=\"index, follow, max-snippet:-1, max-image-preview:large, max-video-preview:-1\" \/>\n<link rel=\"canonical\" href=\"https:\/\/deliangdisplay.com\/de\/unser-produkt\/verpackung\/schmuckkastchen-verpackung\/luxurioses-vielseitiges-geschenkset-fur-ringe-ohrringe-halsketten-karten-mehr\/\" \/>\n<meta property=\"og:locale\" content=\"de_DE\" \/>\n<meta property=\"og:type\" content=\"article\" \/>\n<meta property=\"og:title\" content=\"Luxury Versatile Gift Box Set - For Rings, Earrings, Necklaces, Cards &amp; More - DE-LIANG - jewelry,clothes,watch,beauty cosmetics\" \/>\n<meta property=\"og:description\" content=\"Product Overview Elevate your jewelry gifting and storage to\u00a0luxury levels\u00a0with these versatile high-end gift boxes! Perfect for showcasing rings, earrings, necklaces, greeting cards, and gift cards, they come in a dazzling array of styles and sizes \u2014 making them ideal for both curating your personal collection\u00a0and\u00a0seamless dropshipping. Key Specifications Perfect for: Rings, earrings, necklaces, greeting...\" \/>\n<meta property=\"og:url\" content=\"https:\/\/deliangdisplay.com\/de\/unser-produkt\/verpackung\/schmuckkastchen-verpackung\/luxurioses-vielseitiges-geschenkset-fur-ringe-ohrringe-halsketten-karten-mehr\/\" \/>\n<meta property=\"og:site_name\" content=\"DE-LIANG - jewelry,clothes,watch,beauty cosmetics\" \/>\n<meta property=\"article:publisher\" content=\"https:\/\/www.facebook.com\/JaneZhang008\/\" \/>\n<meta property=\"article:modified_time\" content=\"2025-10-10T11:15:44+00:00\" \/>\n<meta property=\"og:image\" content=\"https:\/\/deliangdisplay.com\/wp-content\/uploads\/2025\/10\/1-2.jpg\" \/>\n\t<meta property=\"og:image:width\" content=\"1200\" \/>\n\t<meta property=\"og:image:height\" content=\"1200\" \/>\n\t<meta property=\"og:image:type\" content=\"image\/jpeg\" \/>\n<meta name=\"twitter:card\" content=\"summary_large_image\" \/>\n<meta name=\"twitter:site\" content=\"@ly673551729\" \/>\n<meta name=\"twitter:label1\" content=\"Gesch\u00e4tzte Lesezeit\" \/>\n\t<meta name=\"twitter:data1\" content=\"2\u00a0Minuten\" \/>\n<script type=\"application\/ld+json\" class=\"yoast-schema-graph\">{\"@context\":\"https:\\\/\\\/schema.org\",\"@graph\":[{\"@type\":\"WebPage\",\"@id\":\"https:\\\/\\\/deliangdisplay.com\\\/our-product\\\/packaging\\\/jewelry-boxes-packaging\\\/luxury-versatile-gift-box-set-for-rings-earrings-necklaces-cards-more\\\/\",\"url\":\"https:\\\/\\\/deliangdisplay.com\\\/our-product\\\/packaging\\\/jewelry-boxes-packaging\\\/luxury-versatile-gift-box-set-for-rings-earrings-necklaces-cards-more\\\/\",\"name\":\"Luxury Versatile Gift Box Set - For Rings, Earrings, Necklaces, Cards & More - DE-LIANG - jewelry,clothes,watch,beauty cosmetics\",\"isPartOf\":{\"@id\":\"https:\\\/\\\/deliangdisplay.com\\\/#website\"},\"primaryImageOfPage\":{\"@id\":\"https:\\\/\\\/deliangdisplay.com\\\/our-product\\\/packaging\\\/jewelry-boxes-packaging\\\/luxury-versatile-gift-box-set-for-rings-earrings-necklaces-cards-more\\\/#primaryimage\"},\"image\":{\"@id\":\"https:\\\/\\\/deliangdisplay.com\\\/our-product\\\/packaging\\\/jewelry-boxes-packaging\\\/luxury-versatile-gift-box-set-for-rings-earrings-necklaces-cards-more\\\/#primaryimage\"},\"thumbnailUrl\":\"https:\\\/\\\/deliangdisplay.com\\\/wp-content\\\/uploads\\\/2025\\\/10\\\/1-2.jpg\",\"datePublished\":\"2025-10-10T07:11:43+00:00\",\"dateModified\":\"2025-10-10T11:15:44+00:00\",\"breadcrumb\":{\"@id\":\"https:\\\/\\\/deliangdisplay.com\\\/our-product\\\/packaging\\\/jewelry-boxes-packaging\\\/luxury-versatile-gift-box-set-for-rings-earrings-necklaces-cards-more\\\/#breadcrumb\"},\"inLanguage\":\"de\",\"potentialAction\":[{\"@type\":\"ReadAction\",\"target\":[\"https:\\\/\\\/deliangdisplay.com\\\/our-product\\\/packaging\\\/jewelry-boxes-packaging\\\/luxury-versatile-gift-box-set-for-rings-earrings-necklaces-cards-more\\\/\"]}]},{\"@type\":\"ImageObject\",\"inLanguage\":\"de\",\"@id\":\"https:\\\/\\\/deliangdisplay.com\\\/our-product\\\/packaging\\\/jewelry-boxes-packaging\\\/luxury-versatile-gift-box-set-for-rings-earrings-necklaces-cards-more\\\/#primaryimage\",\"url\":\"https:\\\/\\\/deliangdisplay.com\\\/wp-content\\\/uploads\\\/2025\\\/10\\\/1-2.jpg\",\"contentUrl\":\"https:\\\/\\\/deliangdisplay.com\\\/wp-content\\\/uploads\\\/2025\\\/10\\\/1-2.jpg\",\"width\":1200,\"height\":1200},{\"@type\":\"BreadcrumbList\",\"@id\":\"https:\\\/\\\/deliangdisplay.com\\\/our-product\\\/packaging\\\/jewelry-boxes-packaging\\\/luxury-versatile-gift-box-set-for-rings-earrings-necklaces-cards-more\\\/#breadcrumb\",\"itemListElement\":[{\"@type\":\"ListItem\",\"position\":1,\"name\":\"\u9996\u9875\",\"item\":\"https:\\\/\\\/deliangdisplay.com\\\/\"},{\"@type\":\"ListItem\",\"position\":2,\"name\":\"Our Product\",\"item\":\"https:\\\/\\\/deliangdisplay.com\\\/our-product\\\/\"},{\"@type\":\"ListItem\",\"position\":3,\"name\":\"Luxury Versatile Gift Box Set &#8211; For Rings, Earrings, Necklaces, Cards &#038; More\"}]},{\"@type\":\"WebSite\",\"@id\":\"https:\\\/\\\/deliangdisplay.com\\\/#website\",\"url\":\"https:\\\/\\\/deliangdisplay.com\\\/\",\"name\":\"deliangdisplay.com\",\"description\":\"DE-LIANG - Providing bespoke packaging solutions and luxurious display design services for brands in jewelry, apparel, watches, beauty cosmetics, and more.\",\"publisher\":{\"@id\":\"https:\\\/\\\/deliangdisplay.com\\\/#organization\"},\"potentialAction\":[{\"@type\":\"SearchAction\",\"target\":{\"@type\":\"EntryPoint\",\"urlTemplate\":\"https:\\\/\\\/deliangdisplay.com\\\/?s={search_term_string}\"},\"query-input\":{\"@type\":\"PropertyValueSpecification\",\"valueRequired\":true,\"valueName\":\"search_term_string\"}}],\"inLanguage\":\"de\"},{\"@type\":\"Organization\",\"@id\":\"https:\\\/\\\/deliangdisplay.com\\\/#organization\",\"name\":\"deliangdisplay.com\",\"url\":\"https:\\\/\\\/deliangdisplay.com\\\/\",\"logo\":{\"@type\":\"ImageObject\",\"inLanguage\":\"de\",\"@id\":\"https:\\\/\\\/deliangdisplay.com\\\/#\\\/schema\\\/logo\\\/image\\\/\",\"url\":\"https:\\\/\\\/deliangdisplay.com\\\/wp-content\\\/uploads\\\/2025\\\/08\\\/DELIANGDISPALY_logo.png\",\"contentUrl\":\"https:\\\/\\\/deliangdisplay.com\\\/wp-content\\\/uploads\\\/2025\\\/08\\\/DELIANGDISPALY_logo.png\",\"width\":300,\"height\":130,\"caption\":\"deliangdisplay.com\"},\"image\":{\"@id\":\"https:\\\/\\\/deliangdisplay.com\\\/#\\\/schema\\\/logo\\\/image\\\/\"},\"sameAs\":[\"https:\\\/\\\/www.facebook.com\\\/JaneZhang008\\\/\",\"https:\\\/\\\/x.com\\\/ly673551729\"]}]}<\/script>\n<!-- \/ Yoast SEO plugin. -->","yoast_head_json":{"title":"Luxuri\u00f6ses, vielseitiges Geschenkset - f\u00fcr Ringe, Ohrringe, Halsketten, Karten &amp; mehr - DE-LIANG - Schmuck, Kleidung, Uhren, Sch\u00f6nheit, Kosmetik","robots":{"index":"index","follow":"follow","max-snippet":"max-snippet:-1","max-image-preview":"max-image-preview:large","max-video-preview":"max-video-preview:-1"},"canonical":"https:\/\/deliangdisplay.com\/de\/unser-produkt\/verpackung\/schmuckkastchen-verpackung\/luxurioses-vielseitiges-geschenkset-fur-ringe-ohrringe-halsketten-karten-mehr\/","og_locale":"de_DE","og_type":"article","og_title":"Luxury Versatile Gift Box Set - For Rings, Earrings, Necklaces, Cards & More - DE-LIANG - jewelry,clothes,watch,beauty cosmetics","og_description":"Product Overview Elevate your jewelry gifting and storage to\u00a0luxury levels\u00a0with these versatile high-end gift boxes! Perfect for showcasing rings, earrings, necklaces, greeting cards, and gift cards, they come in a dazzling array of styles and sizes \u2014 making them ideal for both curating your personal collection\u00a0and\u00a0seamless dropshipping. Key Specifications Perfect for: Rings, earrings, necklaces, greeting...","og_url":"https:\/\/deliangdisplay.com\/de\/unser-produkt\/verpackung\/schmuckkastchen-verpackung\/luxurioses-vielseitiges-geschenkset-fur-ringe-ohrringe-halsketten-karten-mehr\/","og_site_name":"DE-LIANG - jewelry,clothes,watch,beauty cosmetics","article_publisher":"https:\/\/www.facebook.com\/JaneZhang008\/","article_modified_time":"2025-10-10T11:15:44+00:00","og_image":[{"width":1200,"height":1200,"url":"https:\/\/deliangdisplay.com\/wp-content\/uploads\/2025\/10\/1-2.jpg","type":"image\/jpeg"}],"twitter_card":"summary_large_image","twitter_site":"@ly673551729","twitter_misc":{"Gesch\u00e4tzte Lesezeit":"2\u00a0Minuten"},"schema":{"@context":"https:\/\/schema.org","@graph":[{"@type":"WebPage","@id":"https:\/\/deliangdisplay.com\/our-product\/packaging\/jewelry-boxes-packaging\/luxury-versatile-gift-box-set-for-rings-earrings-necklaces-cards-more\/","url":"https:\/\/deliangdisplay.com\/our-product\/packaging\/jewelry-boxes-packaging\/luxury-versatile-gift-box-set-for-rings-earrings-necklaces-cards-more\/","name":"Luxuri\u00f6ses, vielseitiges Geschenkset - f\u00fcr Ringe, Ohrringe, Halsketten, Karten &amp; mehr - DE-LIANG - Schmuck, Kleidung, Uhren, Sch\u00f6nheit, Kosmetik","isPartOf":{"@id":"https:\/\/deliangdisplay.com\/#website"},"primaryImageOfPage":{"@id":"https:\/\/deliangdisplay.com\/our-product\/packaging\/jewelry-boxes-packaging\/luxury-versatile-gift-box-set-for-rings-earrings-necklaces-cards-more\/#primaryimage"},"image":{"@id":"https:\/\/deliangdisplay.com\/our-product\/packaging\/jewelry-boxes-packaging\/luxury-versatile-gift-box-set-for-rings-earrings-necklaces-cards-more\/#primaryimage"},"thumbnailUrl":"https:\/\/deliangdisplay.com\/wp-content\/uploads\/2025\/10\/1-2.jpg","datePublished":"2025-10-10T07:11:43+00:00","dateModified":"2025-10-10T11:15:44+00:00","breadcrumb":{"@id":"https:\/\/deliangdisplay.com\/our-product\/packaging\/jewelry-boxes-packaging\/luxury-versatile-gift-box-set-for-rings-earrings-necklaces-cards-more\/#breadcrumb"},"inLanguage":"de","potentialAction":[{"@type":"ReadAction","target":["https:\/\/deliangdisplay.com\/our-product\/packaging\/jewelry-boxes-packaging\/luxury-versatile-gift-box-set-for-rings-earrings-necklaces-cards-more\/"]}]},{"@type":"ImageObject","inLanguage":"de","@id":"https:\/\/deliangdisplay.com\/our-product\/packaging\/jewelry-boxes-packaging\/luxury-versatile-gift-box-set-for-rings-earrings-necklaces-cards-more\/#primaryimage","url":"https:\/\/deliangdisplay.com\/wp-content\/uploads\/2025\/10\/1-2.jpg","contentUrl":"https:\/\/deliangdisplay.com\/wp-content\/uploads\/2025\/10\/1-2.jpg","width":1200,"height":1200},{"@type":"BreadcrumbList","@id":"https:\/\/deliangdisplay.com\/our-product\/packaging\/jewelry-boxes-packaging\/luxury-versatile-gift-box-set-for-rings-earrings-necklaces-cards-more\/#breadcrumb","itemListElement":[{"@type":"ListItem","position":1,"name":"\u9996\u9875","item":"https:\/\/deliangdisplay.com\/"},{"@type":"ListItem","position":2,"name":"Our Product","item":"https:\/\/deliangdisplay.com\/our-product\/"},{"@type":"ListItem","position":3,"name":"Luxury Versatile Gift Box Set &#8211; For Rings, Earrings, Necklaces, Cards &#038; More"}]},{"@type":"WebSite","@id":"https:\/\/deliangdisplay.com\/#website","url":"https:\/\/deliangdisplay.com\/","name":"deliangdisplay.com","description":"DE-LIANG - Ma\u00dfgeschneiderte Verpackungsl\u00f6sungen und luxuri\u00f6ses Display-Design f\u00fcr Marken aus der Schmuck-, Bekleidungs-, Uhren- und Kosmetikbranche und mehr.","publisher":{"@id":"https:\/\/deliangdisplay.com\/#organization"},"potentialAction":[{"@type":"SearchAction","target":{"@type":"EntryPoint","urlTemplate":"https:\/\/deliangdisplay.com\/?s={search_term_string}"},"query-input":{"@type":"PropertyValueSpecification","valueRequired":true,"valueName":"search_term_string"}}],"inLanguage":"de"},{"@type":"Organization","@id":"https:\/\/deliangdisplay.com\/#organization","name":"deliangdisplay.com","url":"https:\/\/deliangdisplay.com\/","logo":{"@type":"ImageObject","inLanguage":"de","@id":"https:\/\/deliangdisplay.com\/#\/schema\/logo\/image\/","url":"https:\/\/deliangdisplay.com\/wp-content\/uploads\/2025\/08\/DELIANGDISPALY_logo.png","contentUrl":"https:\/\/deliangdisplay.com\/wp-content\/uploads\/2025\/08\/DELIANGDISPALY_logo.png","width":300,"height":130,"caption":"deliangdisplay.com"},"image":{"@id":"https:\/\/deliangdisplay.com\/#\/schema\/logo\/image\/"},"sameAs":["https:\/\/www.facebook.com\/JaneZhang008\/","https:\/\/x.com\/ly673551729"]}]}},"_links":{"self":[{"href":"https:\/\/deliangdisplay.com\/de\/wp-json\/wp\/v2\/product\/43410","targetHints":{"allow":["GET"]}}],"collection":[{"href":"https:\/\/deliangdisplay.com\/de\/wp-json\/wp\/v2\/product"}],"about":[{"href":"https:\/\/deliangdisplay.com\/de\/wp-json\/wp\/v2\/types\/product"}],"replies":[{"embeddable":true,"href":"https:\/\/deliangdisplay.com\/de\/wp-json\/wp\/v2\/comments?post=43410"}],"wp:featuredmedia":[{"embeddable":true,"href":"https:\/\/deliangdisplay.com\/de\/wp-json\/wp\/v2\/media\/43411"}],"wp:attachment":[{"href":"https:\/\/deliangdisplay.com\/de\/wp-json\/wp\/v2\/media?parent=43410"}],"wp:term":[{"taxonomy":"product_brand","embeddable":true,"href":"https:\/\/deliangdisplay.com\/de\/wp-json\/wp\/v2\/product_brand?post=43410"},{"taxonomy":"product_cat","embeddable":true,"href":"https:\/\/deliangdisplay.com\/de\/wp-json\/wp\/v2\/product_cat?post=43410"},{"taxonomy":"product_tag","embeddable":true,"href":"https:\/\/deliangdisplay.com\/de\/wp-json\/wp\/v2\/product_tag?post=43410"}],"curies":[{"name":"wp","href":"https:\/\/api.w.org\/{rel}","templated":true}]}}