{"id":43339,"date":"2025-10-08T19:03:11","date_gmt":"2025-10-08T11:03:11","guid":{"rendered":"https:\/\/deliangdisplay.com\/?post_type=product&#038;p=43339"},"modified":"2025-10-09T09:45:44","modified_gmt":"2025-10-09T01:45:44","slug":"mehrteilige-solide-holz-schmuck-veranstalter-tablett-dunkel-hellgrau-flannelette-fur-haus-einzelhandel-zeigt","status":"publish","type":"product","link":"https:\/\/deliangdisplay.com\/de\/unser-produkt\/zeigt\/schmuck-prasentationsschalen-spiegel\/mehrteilige-solide-holz-schmuck-veranstalter-tablett-dunkel-hellgrau-flannelette-fur-haus-einzelhandel-zeigt\/","title":{"rendered":"Mehrteiliges Schmuck-Organisationstablett aus Massivholz - dunkel- und hellgraues Flanell f\u00fcr Heim und Einzelhandel"},"content":{"rendered":"<h3 class=\"header-vfC6AV auto-hide-last-sibling-br\">Produkt\u00fcbersicht<\/h3>\n<div class=\"auto-hide-last-sibling-br paragraph-JOTKXA paragraph-element br-paragraph-space\">Erh\u00f6hen Sie Ihren Schmuck<br \/>\nAnzeige an\u00a0<strong>luxuri\u00f6se Eleganz<\/strong>\u00a0mit diesem exquisit gearbeiteten Schmucktablett-Set! Hergestellt mit<br \/>\nDetailverliebtheit und strengen Qualit\u00e4tsstandards verbindet es die zeitlose Ausstrahlung von nat\u00fcrlichem Massivholz mit<br \/>\ndie pl\u00fcschige Weichheit der superfeinen Faser. Ganz gleich, ob Sie zu Hause ein pers\u00f6nliches Schmuckparadies einrichten oder Ihre Kunden beeindrucken wollen<br \/>\nin einer Boutique ist sie die ultimative Wahl, um Schmuck auf elegante Weise zu pr\u00e4sentieren,<br \/>\npraktisch,\u00a0<em>und<\/em>\u00a0f\u00fcr die Ewigkeit gebaut.<\/div>\n<h3 class=\"header-vfC6AV auto-hide-last-sibling-br\">Wichtige Spezifikationen<\/h3>\n<ul class=\"auto-hide-last-sibling-br\">\n<li><strong>Kategorie<\/strong>: Schmuckst\u00e4nder<\/li>\n<li><strong>Material<\/strong>: Hochwertiges Massivholz + \u00fcppig weiche Superfine-Faser<\/li>\n<li><strong>Form<\/strong>: Mehrteiliges Schmucktablett-Set<\/li>\n<li><strong>Farboptionen<\/strong>: Dunkelgraues Flanell (4-teiliges Set), hellgraues Flanell (4-teiliges Set)<\/li>\n<li><strong>Perfekt f\u00fcr<\/strong>: Schmuckorganisation zu Hause, Auslagen f\u00fcr gehobene Juweliergesch\u00e4fte<\/li>\n<\/ul>\n<h3 class=\"header-vfC6AV auto-hide-last-sibling-br\">Wesentliche Merkmale<\/h3>\n<ul class=\"auto-hide-last-sibling-br\">\n<li><strong>Erstklassige Handwerksqualit\u00e4t<\/strong>: Jedes Tablett durchl\u00e4uft\u00a0<em>strenge mehrstufige<br \/>\nInspektionen<\/em>-von der Auswahl von hochwertigem Massivholz (das sich nicht verzieht, kratzt und sich mit der Zeit abnutzt) bis hin zu<br \/>\nTesten Sie die superfeine Faser (die ihre \u00fcppige Weichheit und lebendige Farbe beh\u00e4lt, egal wie oft sie verwendet wird).<br \/>\nDieses St\u00fcck ist daf\u00fcr gemacht, die Zeit zu \u00fcberdauern.<\/li>\n<li><strong>K\u00fcnstlerische Design-Vision<\/strong>: Entwickelt, um \u201cSchmuck wie ein Kunstwerk zu pr\u00e4sentieren\u201d, hebt es die nat\u00fcrliche<br \/>\nSch\u00f6nheit von Edelsteinen und Metallen mit einem anspruchsvollen, galeriew\u00fcrdigen Stil.<\/li>\n<li><strong>Minimalistisch und vielseitig<\/strong>: Mit einem eleganten, stilisierten, quadratischen Design und einem sorgf\u00e4ltig ausgew\u00e4hlten<br \/>\nFarbpalette k\u00f6nnen Sie die Tabletts frei kombinieren und anordnen, um individuelle Displays zu schaffen, die m\u00fchelos wirken.<br \/>\nHigh-End.<\/li>\n<li><strong>Hochwertige Materialien, neu interpretiert<\/strong>: Das nat\u00fcrliche Massivholz hat eine reiche, dauerhafte Maserung, die sogar<br \/>\nwird mit zunehmendem Alter immer sch\u00f6ner. Das superfeine Faserfutter verw\u00f6hnt den Schmuck mit wolkenartigen<br \/>\nWeichheit,\u00a0<em>niemals<\/em>\u00a0Ausbleichen oder Kn\u00f6tchenbildung, so dass Ihre St\u00fccke immer optimal aussehen.<\/li>\n<li><strong>Geschliffene Konturen<\/strong>: Scharfe, definierte Kanten sorgen f\u00fcr ein elegantes, modernes Erscheinungsbild und verstr\u00f6men ein Gef\u00fchl von<br \/>\nzeitlose Raffinesse - perfekt, um die feinen Details Ihres Schmucks hervorzuheben.<\/li>\n<\/ul>\n<h3 class=\"header-vfC6AV auto-hide-last-sibling-br\">Anwendungsszenarien<\/h3>\n<ul class=\"auto-hide-last-sibling-br\">\n<li><strong>Heimgebrauch<\/strong>: Verwandeln Sie Ihre Schmucksammlung in ein\u00a0<em>edler Tafelaufsatz<\/em>\u00a0f\u00fcr Ihre Eitelkeit. Behalten Sie<br \/>\nHalsketten, Armb\u00e4nder und Ringe geordnet, leicht zu erreichen und wundersch\u00f6n pr\u00e4sentiert - und das alles mit einem eigenen St\u00fcck<br \/>\ndie jahrelang wundersch\u00f6n bleiben werden.<\/li>\n<li><strong>Juwelierl\u00e4den<\/strong>: Machen Sie Ihre Schaufensterauslagen oder Thekenaufbauten f\u00fcr die Kunden unwiderstehlich. Die<br \/>\nDas elegante Design und die langlebige Konstruktion (robust genug f\u00fcr den t\u00e4glichen Gebrauch im Einzelhandel) von tray machen jedes Schmuckst\u00fcck zu einem echten Hingucker.<br \/>\nwie ein unverzichtbares Meisterwerk aussehen.<\/li>\n<\/ul>\n<p>&nbsp;<\/p>\n<h3 class=\"header-vfC6AV auto-hide-last-sibling-br\">GR\u00d6SSE:<\/h3>\n<p><img decoding=\"async\" class=\"alignnone size-medium wp-image-43353\" src=\"https:\/\/deliangdisplay.com\/wp-content\/uploads\/2025\/10\/11-1-300x300.jpg\" alt=\"\" width=\"45%\" height=\"45%\" srcset=\"https:\/\/deliangdisplay.com\/wp-content\/uploads\/2025\/10\/11-1-300x300.jpg 300w, https:\/\/deliangdisplay.com\/wp-content\/uploads\/2025\/10\/11-1-150x150.jpg 150w, https:\/\/deliangdisplay.com\/wp-content\/uploads\/2025\/10\/11-1-768x768.jpg 768w, https:\/\/deliangdisplay.com\/wp-content\/uploads\/2025\/10\/11-1-12x12.jpg 12w, https:\/\/deliangdisplay.com\/wp-content\/uploads\/2025\/10\/11-1-260x260.jpg 260w, https:\/\/deliangdisplay.com\/wp-content\/uploads\/2025\/10\/11-1-500x500.jpg 500w, https:\/\/deliangdisplay.com\/wp-content\/uploads\/2025\/10\/11-1-100x100.jpg 100w, https:\/\/deliangdisplay.com\/wp-content\/uploads\/2025\/10\/11-1.jpg 800w\" sizes=\"(max-width: 300px) 100vw, 300px\" \/> <img decoding=\"async\" class=\"alignnone size-medium wp-image-43352\" src=\"https:\/\/deliangdisplay.com\/wp-content\/uploads\/2025\/10\/10-1-300x300.jpg\" alt=\"\" width=\"45%\" height=\"45%\" srcset=\"https:\/\/deliangdisplay.com\/wp-content\/uploads\/2025\/10\/10-1-300x300.jpg 300w, https:\/\/deliangdisplay.com\/wp-content\/uploads\/2025\/10\/10-1-150x150.jpg 150w, https:\/\/deliangdisplay.com\/wp-content\/uploads\/2025\/10\/10-1-768x768.jpg 768w, https:\/\/deliangdisplay.com\/wp-content\/uploads\/2025\/10\/10-1-12x12.jpg 12w, https:\/\/deliangdisplay.com\/wp-content\/uploads\/2025\/10\/10-1-260x260.jpg 260w, https:\/\/deliangdisplay.com\/wp-content\/uploads\/2025\/10\/10-1-500x500.jpg 500w, https:\/\/deliangdisplay.com\/wp-content\/uploads\/2025\/10\/10-1-100x100.jpg 100w, https:\/\/deliangdisplay.com\/wp-content\/uploads\/2025\/10\/10-1.jpg 800w\" sizes=\"(max-width: 300px) 100vw, 300px\" \/> <img decoding=\"async\" class=\"alignnone size-medium wp-image-43351\" src=\"https:\/\/deliangdisplay.com\/wp-content\/uploads\/2025\/10\/9-1-300x300.jpg\" alt=\"\" width=\"45%\" height=\"45%\" srcset=\"https:\/\/deliangdisplay.com\/wp-content\/uploads\/2025\/10\/9-1-300x300.jpg 300w, https:\/\/deliangdisplay.com\/wp-content\/uploads\/2025\/10\/9-1-150x150.jpg 150w, https:\/\/deliangdisplay.com\/wp-content\/uploads\/2025\/10\/9-1-768x768.jpg 768w, https:\/\/deliangdisplay.com\/wp-content\/uploads\/2025\/10\/9-1-12x12.jpg 12w, https:\/\/deliangdisplay.com\/wp-content\/uploads\/2025\/10\/9-1-260x260.jpg 260w, https:\/\/deliangdisplay.com\/wp-content\/uploads\/2025\/10\/9-1-500x500.jpg 500w, https:\/\/deliangdisplay.com\/wp-content\/uploads\/2025\/10\/9-1-100x100.jpg 100w, https:\/\/deliangdisplay.com\/wp-content\/uploads\/2025\/10\/9-1.jpg 800w\" sizes=\"(max-width: 300px) 100vw, 300px\" \/> <img decoding=\"async\" class=\"alignnone size-medium wp-image-43350\" src=\"https:\/\/deliangdisplay.com\/wp-content\/uploads\/2025\/10\/8-1-300x300.jpg\" alt=\"\" width=\"45%\" height=\"45%\" srcset=\"https:\/\/deliangdisplay.com\/wp-content\/uploads\/2025\/10\/8-1-300x300.jpg 300w, https:\/\/deliangdisplay.com\/wp-content\/uploads\/2025\/10\/8-1-150x150.jpg 150w, https:\/\/deliangdisplay.com\/wp-content\/uploads\/2025\/10\/8-1-768x768.jpg 768w, https:\/\/deliangdisplay.com\/wp-content\/uploads\/2025\/10\/8-1-12x12.jpg 12w, https:\/\/deliangdisplay.com\/wp-content\/uploads\/2025\/10\/8-1-260x260.jpg 260w, https:\/\/deliangdisplay.com\/wp-content\/uploads\/2025\/10\/8-1-500x500.jpg 500w, https:\/\/deliangdisplay.com\/wp-content\/uploads\/2025\/10\/8-1-100x100.jpg 100w, https:\/\/deliangdisplay.com\/wp-content\/uploads\/2025\/10\/8-1.jpg 800w\" sizes=\"(max-width: 300px) 100vw, 300px\" \/> <img decoding=\"async\" class=\"alignnone size-medium wp-image-43349\" src=\"https:\/\/deliangdisplay.com\/wp-content\/uploads\/2025\/10\/7-300x300.jpg\" alt=\"\" width=\"45%\" height=\"45%\" srcset=\"https:\/\/deliangdisplay.com\/wp-content\/uploads\/2025\/10\/7-300x300.jpg 300w, https:\/\/deliangdisplay.com\/wp-content\/uploads\/2025\/10\/7-150x150.jpg 150w, https:\/\/deliangdisplay.com\/wp-content\/uploads\/2025\/10\/7-768x768.jpg 768w, https:\/\/deliangdisplay.com\/wp-content\/uploads\/2025\/10\/7-12x12.jpg 12w, https:\/\/deliangdisplay.com\/wp-content\/uploads\/2025\/10\/7-260x260.jpg 260w, https:\/\/deliangdisplay.com\/wp-content\/uploads\/2025\/10\/7-500x500.jpg 500w, https:\/\/deliangdisplay.com\/wp-content\/uploads\/2025\/10\/7-100x100.jpg 100w, https:\/\/deliangdisplay.com\/wp-content\/uploads\/2025\/10\/7.jpg 800w\" sizes=\"(max-width: 300px) 100vw, 300px\" \/> <img decoding=\"async\" class=\"alignnone size-medium wp-image-43348\" src=\"https:\/\/deliangdisplay.com\/wp-content\/uploads\/2025\/10\/6-1-300x300.jpg\" alt=\"\" width=\"45%\" height=\"45%\" srcset=\"https:\/\/deliangdisplay.com\/wp-content\/uploads\/2025\/10\/6-1-300x300.jpg 300w, https:\/\/deliangdisplay.com\/wp-content\/uploads\/2025\/10\/6-1-150x150.jpg 150w, https:\/\/deliangdisplay.com\/wp-content\/uploads\/2025\/10\/6-1-768x768.jpg 768w, https:\/\/deliangdisplay.com\/wp-content\/uploads\/2025\/10\/6-1-12x12.jpg 12w, https:\/\/deliangdisplay.com\/wp-content\/uploads\/2025\/10\/6-1-260x260.jpg 260w, https:\/\/deliangdisplay.com\/wp-content\/uploads\/2025\/10\/6-1-500x500.jpg 500w, https:\/\/deliangdisplay.com\/wp-content\/uploads\/2025\/10\/6-1-100x100.jpg 100w, https:\/\/deliangdisplay.com\/wp-content\/uploads\/2025\/10\/6-1.jpg 800w\" sizes=\"(max-width: 300px) 100vw, 300px\" \/> <img decoding=\"async\" class=\"alignnone size-medium wp-image-43347\" src=\"https:\/\/deliangdisplay.com\/wp-content\/uploads\/2025\/10\/5-1-300x300.jpg\" alt=\"\" width=\"45%\" height=\"45%\" srcset=\"https:\/\/deliangdisplay.com\/wp-content\/uploads\/2025\/10\/5-1-300x300.jpg 300w, https:\/\/deliangdisplay.com\/wp-content\/uploads\/2025\/10\/5-1-150x150.jpg 150w, https:\/\/deliangdisplay.com\/wp-content\/uploads\/2025\/10\/5-1-768x768.jpg 768w, https:\/\/deliangdisplay.com\/wp-content\/uploads\/2025\/10\/5-1-12x12.jpg 12w, https:\/\/deliangdisplay.com\/wp-content\/uploads\/2025\/10\/5-1-260x260.jpg 260w, https:\/\/deliangdisplay.com\/wp-content\/uploads\/2025\/10\/5-1-500x500.jpg 500w, https:\/\/deliangdisplay.com\/wp-content\/uploads\/2025\/10\/5-1-100x100.jpg 100w, https:\/\/deliangdisplay.com\/wp-content\/uploads\/2025\/10\/5-1.jpg 800w\" sizes=\"(max-width: 300px) 100vw, 300px\" \/><\/p>","protected":false},"excerpt":{"rendered":"<p>Werten Sie Ihre Schmuckpr\u00e4sentation mit diesem luxuri\u00f6sen 4-teiligen Set aus Massivholz auf! Es wurde unter strengen Qualit\u00e4tskontrollen hergestellt und kombiniert langlebiges Massivholz (verschlei\u00dffest) mit weicher Superfine-Faser (bleibt \u00fcppig und verblasst nicht). Erh\u00e4ltlich in Dunkel- und Hellgrau, eignet es sich f\u00fcr die Pr\u00e4sentation von Halsketten, Armb\u00e4ndern und Ringen in Ihrem Zuhause oder in einer Boutique und ist dabei elegant und langlebig.<\/p>","protected":false},"featured_media":43343,"comment_status":"open","ping_status":"closed","template":"","meta":{"_acf_changed":false},"product_brand":[84],"product_cat":[78],"product_tag":[314,316,322,320,319,311,317,318,323,321,313,315],"class_list":{"0":"post-43339","1":"product","2":"type-product","3":"status-publish","4":"has-post-thumbnail","6":"product_brand-de-liang","7":"product_cat-jewelry-presentation-trays-mirrors","8":"product_tag-4-piece-jewelry-display-set","9":"product_tag-dark-gray-jewelry-organizer","10":"product_tag-high-end-jewelry-display","11":"product_tag-home-jewelry-organizer-tray","12":"product_tag-jewelry-display-for-boutique","13":"product_tag-jewelry-showcase-tray","14":"product_tag-light-gray-jewelry-display","15":"product_tag-luxury-jewelry-tray","16":"product_tag-multi-piece-jewelry-tray","17":"product_tag-solid-wood-jewelry-holder","18":"product_tag-solid-wood-jewelry-tray-set","19":"product_tag-superfine-fiber-jewelry-tray","21":"first","22":"instock","23":"shipping-taxable","24":"purchasable","25":"product-type-simple"},"acf":[],"yoast_head":"<!-- This site is optimized with the Yoast SEO plugin v27.4 - https:\/\/yoast.com\/product\/yoast-seo-wordpress\/ -->\n<title>Multi-Piece Solid Wood Jewelry Organizer Tray - Dark\/Light Gray Flannelette for Home &amp; Retail Displays - DE-LIANG - jewelry,clothes,watch,beauty cosmetics<\/title>\n<meta name=\"robots\" content=\"index, follow, max-snippet:-1, max-image-preview:large, max-video-preview:-1\" \/>\n<link rel=\"canonical\" href=\"https:\/\/deliangdisplay.com\/de\/unser-produkt\/zeigt\/schmuck-prasentationsschalen-spiegel\/mehrteilige-solide-holz-schmuck-veranstalter-tablett-dunkel-hellgrau-flannelette-fur-haus-einzelhandel-zeigt\/\" \/>\n<meta property=\"og:locale\" content=\"de_DE\" \/>\n<meta property=\"og:type\" content=\"article\" \/>\n<meta property=\"og:title\" content=\"Multi-Piece Solid Wood Jewelry Organizer Tray - Dark\/Light Gray Flannelette for Home &amp; Retail Displays - DE-LIANG - jewelry,clothes,watch,beauty cosmetics\" \/>\n<meta property=\"og:description\" content=\"Elevate your jewelry display with this luxury 4-piece solid wood tray set! Crafted with strict quality checks, it pairs durable solid wood (resists wear) with soft superfine fiber (stays lush, no fading). Available in dark\/light gray, it suits home vanity organization or boutique displays\u2014showcasing necklaces, bracelets, and rings elegantly while lasting for years.\" \/>\n<meta property=\"og:url\" content=\"https:\/\/deliangdisplay.com\/de\/unser-produkt\/zeigt\/schmuck-prasentationsschalen-spiegel\/mehrteilige-solide-holz-schmuck-veranstalter-tablett-dunkel-hellgrau-flannelette-fur-haus-einzelhandel-zeigt\/\" \/>\n<meta property=\"og:site_name\" content=\"DE-LIANG - jewelry,clothes,watch,beauty cosmetics\" \/>\n<meta property=\"article:publisher\" content=\"https:\/\/www.facebook.com\/JaneZhang008\/\" \/>\n<meta property=\"article:modified_time\" content=\"2025-10-09T01:45:44+00:00\" \/>\n<meta property=\"og:image\" content=\"https:\/\/deliangdisplay.com\/wp-content\/uploads\/2025\/10\/2-1.jpg\" \/>\n\t<meta property=\"og:image:width\" content=\"800\" \/>\n\t<meta property=\"og:image:height\" content=\"800\" \/>\n\t<meta property=\"og:image:type\" content=\"image\/jpeg\" \/>\n<meta name=\"twitter:card\" content=\"summary_large_image\" \/>\n<meta name=\"twitter:site\" content=\"@ly673551729\" \/>\n<meta name=\"twitter:label1\" content=\"Gesch\u00e4tzte Lesezeit\" \/>\n\t<meta name=\"twitter:data1\" content=\"4\u00a0Minuten\" \/>\n<script type=\"application\/ld+json\" class=\"yoast-schema-graph\">{\"@context\":\"https:\\\/\\\/schema.org\",\"@graph\":[{\"@type\":\"WebPage\",\"@id\":\"https:\\\/\\\/deliangdisplay.com\\\/our-product\\\/displays\\\/jewelry-presentation-trays-mirrors\\\/multi-piece-solid-wood-jewelry-organizer-tray-dark-light-gray-flannelette-for-home-retail-displays\\\/\",\"url\":\"https:\\\/\\\/deliangdisplay.com\\\/our-product\\\/displays\\\/jewelry-presentation-trays-mirrors\\\/multi-piece-solid-wood-jewelry-organizer-tray-dark-light-gray-flannelette-for-home-retail-displays\\\/\",\"name\":\"Multi-Piece Solid Wood Jewelry Organizer Tray - Dark\\\/Light Gray Flannelette for Home & Retail Displays - DE-LIANG - jewelry,clothes,watch,beauty cosmetics\",\"isPartOf\":{\"@id\":\"https:\\\/\\\/deliangdisplay.com\\\/#website\"},\"primaryImageOfPage\":{\"@id\":\"https:\\\/\\\/deliangdisplay.com\\\/our-product\\\/displays\\\/jewelry-presentation-trays-mirrors\\\/multi-piece-solid-wood-jewelry-organizer-tray-dark-light-gray-flannelette-for-home-retail-displays\\\/#primaryimage\"},\"image\":{\"@id\":\"https:\\\/\\\/deliangdisplay.com\\\/our-product\\\/displays\\\/jewelry-presentation-trays-mirrors\\\/multi-piece-solid-wood-jewelry-organizer-tray-dark-light-gray-flannelette-for-home-retail-displays\\\/#primaryimage\"},\"thumbnailUrl\":\"https:\\\/\\\/deliangdisplay.com\\\/wp-content\\\/uploads\\\/2025\\\/10\\\/2-1.jpg\",\"datePublished\":\"2025-10-08T11:03:11+00:00\",\"dateModified\":\"2025-10-09T01:45:44+00:00\",\"breadcrumb\":{\"@id\":\"https:\\\/\\\/deliangdisplay.com\\\/our-product\\\/displays\\\/jewelry-presentation-trays-mirrors\\\/multi-piece-solid-wood-jewelry-organizer-tray-dark-light-gray-flannelette-for-home-retail-displays\\\/#breadcrumb\"},\"inLanguage\":\"de\",\"potentialAction\":[{\"@type\":\"ReadAction\",\"target\":[\"https:\\\/\\\/deliangdisplay.com\\\/our-product\\\/displays\\\/jewelry-presentation-trays-mirrors\\\/multi-piece-solid-wood-jewelry-organizer-tray-dark-light-gray-flannelette-for-home-retail-displays\\\/\"]}]},{\"@type\":\"ImageObject\",\"inLanguage\":\"de\",\"@id\":\"https:\\\/\\\/deliangdisplay.com\\\/our-product\\\/displays\\\/jewelry-presentation-trays-mirrors\\\/multi-piece-solid-wood-jewelry-organizer-tray-dark-light-gray-flannelette-for-home-retail-displays\\\/#primaryimage\",\"url\":\"https:\\\/\\\/deliangdisplay.com\\\/wp-content\\\/uploads\\\/2025\\\/10\\\/2-1.jpg\",\"contentUrl\":\"https:\\\/\\\/deliangdisplay.com\\\/wp-content\\\/uploads\\\/2025\\\/10\\\/2-1.jpg\",\"width\":800,\"height\":800},{\"@type\":\"BreadcrumbList\",\"@id\":\"https:\\\/\\\/deliangdisplay.com\\\/our-product\\\/displays\\\/jewelry-presentation-trays-mirrors\\\/multi-piece-solid-wood-jewelry-organizer-tray-dark-light-gray-flannelette-for-home-retail-displays\\\/#breadcrumb\",\"itemListElement\":[{\"@type\":\"ListItem\",\"position\":1,\"name\":\"\u9996\u9875\",\"item\":\"https:\\\/\\\/deliangdisplay.com\\\/\"},{\"@type\":\"ListItem\",\"position\":2,\"name\":\"Our Product\",\"item\":\"https:\\\/\\\/deliangdisplay.com\\\/our-product\\\/\"},{\"@type\":\"ListItem\",\"position\":3,\"name\":\"Multi-Piece Solid Wood Jewelry Organizer Tray &#8211; Dark\\\/Light Gray Flannelette for Home &#038; Retail Displays\"}]},{\"@type\":\"WebSite\",\"@id\":\"https:\\\/\\\/deliangdisplay.com\\\/#website\",\"url\":\"https:\\\/\\\/deliangdisplay.com\\\/\",\"name\":\"deliangdisplay.com\",\"description\":\"DE-LIANG - Providing bespoke packaging solutions and luxurious display design services for brands in jewelry, apparel, watches, beauty cosmetics, and more.\",\"publisher\":{\"@id\":\"https:\\\/\\\/deliangdisplay.com\\\/#organization\"},\"potentialAction\":[{\"@type\":\"SearchAction\",\"target\":{\"@type\":\"EntryPoint\",\"urlTemplate\":\"https:\\\/\\\/deliangdisplay.com\\\/?s={search_term_string}\"},\"query-input\":{\"@type\":\"PropertyValueSpecification\",\"valueRequired\":true,\"valueName\":\"search_term_string\"}}],\"inLanguage\":\"de\"},{\"@type\":\"Organization\",\"@id\":\"https:\\\/\\\/deliangdisplay.com\\\/#organization\",\"name\":\"deliangdisplay.com\",\"url\":\"https:\\\/\\\/deliangdisplay.com\\\/\",\"logo\":{\"@type\":\"ImageObject\",\"inLanguage\":\"de\",\"@id\":\"https:\\\/\\\/deliangdisplay.com\\\/#\\\/schema\\\/logo\\\/image\\\/\",\"url\":\"https:\\\/\\\/deliangdisplay.com\\\/wp-content\\\/uploads\\\/2025\\\/08\\\/DELIANGDISPALY_logo.png\",\"contentUrl\":\"https:\\\/\\\/deliangdisplay.com\\\/wp-content\\\/uploads\\\/2025\\\/08\\\/DELIANGDISPALY_logo.png\",\"width\":300,\"height\":130,\"caption\":\"deliangdisplay.com\"},\"image\":{\"@id\":\"https:\\\/\\\/deliangdisplay.com\\\/#\\\/schema\\\/logo\\\/image\\\/\"},\"sameAs\":[\"https:\\\/\\\/www.facebook.com\\\/JaneZhang008\\\/\",\"https:\\\/\\\/x.com\\\/ly673551729\"]}]}<\/script>\n<!-- \/ Yoast SEO plugin. -->","yoast_head_json":{"title":"Mehrteiliges Massivholz-Schmuck-Organisations-Tablett - dunkel\/hellgrau Flannelette f\u00fcr Home &amp; Retail Displays - DE-LIANG - jewelry,clothes,watch,beauty cosmetics","robots":{"index":"index","follow":"follow","max-snippet":"max-snippet:-1","max-image-preview":"max-image-preview:large","max-video-preview":"max-video-preview:-1"},"canonical":"https:\/\/deliangdisplay.com\/de\/unser-produkt\/zeigt\/schmuck-prasentationsschalen-spiegel\/mehrteilige-solide-holz-schmuck-veranstalter-tablett-dunkel-hellgrau-flannelette-fur-haus-einzelhandel-zeigt\/","og_locale":"de_DE","og_type":"article","og_title":"Multi-Piece Solid Wood Jewelry Organizer Tray - Dark\/Light Gray Flannelette for Home & Retail Displays - DE-LIANG - jewelry,clothes,watch,beauty cosmetics","og_description":"Elevate your jewelry display with this luxury 4-piece solid wood tray set! Crafted with strict quality checks, it pairs durable solid wood (resists wear) with soft superfine fiber (stays lush, no fading). Available in dark\/light gray, it suits home vanity organization or boutique displays\u2014showcasing necklaces, bracelets, and rings elegantly while lasting for years.","og_url":"https:\/\/deliangdisplay.com\/de\/unser-produkt\/zeigt\/schmuck-prasentationsschalen-spiegel\/mehrteilige-solide-holz-schmuck-veranstalter-tablett-dunkel-hellgrau-flannelette-fur-haus-einzelhandel-zeigt\/","og_site_name":"DE-LIANG - jewelry,clothes,watch,beauty cosmetics","article_publisher":"https:\/\/www.facebook.com\/JaneZhang008\/","article_modified_time":"2025-10-09T01:45:44+00:00","og_image":[{"width":800,"height":800,"url":"https:\/\/deliangdisplay.com\/wp-content\/uploads\/2025\/10\/2-1.jpg","type":"image\/jpeg"}],"twitter_card":"summary_large_image","twitter_site":"@ly673551729","twitter_misc":{"Gesch\u00e4tzte Lesezeit":"4\u00a0Minuten"},"schema":{"@context":"https:\/\/schema.org","@graph":[{"@type":"WebPage","@id":"https:\/\/deliangdisplay.com\/our-product\/displays\/jewelry-presentation-trays-mirrors\/multi-piece-solid-wood-jewelry-organizer-tray-dark-light-gray-flannelette-for-home-retail-displays\/","url":"https:\/\/deliangdisplay.com\/our-product\/displays\/jewelry-presentation-trays-mirrors\/multi-piece-solid-wood-jewelry-organizer-tray-dark-light-gray-flannelette-for-home-retail-displays\/","name":"Mehrteiliges Massivholz-Schmuck-Organisations-Tablett - dunkel\/hellgrau Flannelette f\u00fcr Home &amp; Retail Displays - DE-LIANG - jewelry,clothes,watch,beauty cosmetics","isPartOf":{"@id":"https:\/\/deliangdisplay.com\/#website"},"primaryImageOfPage":{"@id":"https:\/\/deliangdisplay.com\/our-product\/displays\/jewelry-presentation-trays-mirrors\/multi-piece-solid-wood-jewelry-organizer-tray-dark-light-gray-flannelette-for-home-retail-displays\/#primaryimage"},"image":{"@id":"https:\/\/deliangdisplay.com\/our-product\/displays\/jewelry-presentation-trays-mirrors\/multi-piece-solid-wood-jewelry-organizer-tray-dark-light-gray-flannelette-for-home-retail-displays\/#primaryimage"},"thumbnailUrl":"https:\/\/deliangdisplay.com\/wp-content\/uploads\/2025\/10\/2-1.jpg","datePublished":"2025-10-08T11:03:11+00:00","dateModified":"2025-10-09T01:45:44+00:00","breadcrumb":{"@id":"https:\/\/deliangdisplay.com\/our-product\/displays\/jewelry-presentation-trays-mirrors\/multi-piece-solid-wood-jewelry-organizer-tray-dark-light-gray-flannelette-for-home-retail-displays\/#breadcrumb"},"inLanguage":"de","potentialAction":[{"@type":"ReadAction","target":["https:\/\/deliangdisplay.com\/our-product\/displays\/jewelry-presentation-trays-mirrors\/multi-piece-solid-wood-jewelry-organizer-tray-dark-light-gray-flannelette-for-home-retail-displays\/"]}]},{"@type":"ImageObject","inLanguage":"de","@id":"https:\/\/deliangdisplay.com\/our-product\/displays\/jewelry-presentation-trays-mirrors\/multi-piece-solid-wood-jewelry-organizer-tray-dark-light-gray-flannelette-for-home-retail-displays\/#primaryimage","url":"https:\/\/deliangdisplay.com\/wp-content\/uploads\/2025\/10\/2-1.jpg","contentUrl":"https:\/\/deliangdisplay.com\/wp-content\/uploads\/2025\/10\/2-1.jpg","width":800,"height":800},{"@type":"BreadcrumbList","@id":"https:\/\/deliangdisplay.com\/our-product\/displays\/jewelry-presentation-trays-mirrors\/multi-piece-solid-wood-jewelry-organizer-tray-dark-light-gray-flannelette-for-home-retail-displays\/#breadcrumb","itemListElement":[{"@type":"ListItem","position":1,"name":"\u9996\u9875","item":"https:\/\/deliangdisplay.com\/"},{"@type":"ListItem","position":2,"name":"Our Product","item":"https:\/\/deliangdisplay.com\/our-product\/"},{"@type":"ListItem","position":3,"name":"Multi-Piece Solid Wood Jewelry Organizer Tray &#8211; Dark\/Light Gray Flannelette for Home &#038; Retail Displays"}]},{"@type":"WebSite","@id":"https:\/\/deliangdisplay.com\/#website","url":"https:\/\/deliangdisplay.com\/","name":"deliangdisplay.com","description":"DE-LIANG - Ma\u00dfgeschneiderte Verpackungsl\u00f6sungen und luxuri\u00f6ses Display-Design f\u00fcr Marken aus der Schmuck-, Bekleidungs-, Uhren- und Kosmetikbranche und mehr.","publisher":{"@id":"https:\/\/deliangdisplay.com\/#organization"},"potentialAction":[{"@type":"SearchAction","target":{"@type":"EntryPoint","urlTemplate":"https:\/\/deliangdisplay.com\/?s={search_term_string}"},"query-input":{"@type":"PropertyValueSpecification","valueRequired":true,"valueName":"search_term_string"}}],"inLanguage":"de"},{"@type":"Organization","@id":"https:\/\/deliangdisplay.com\/#organization","name":"deliangdisplay.com","url":"https:\/\/deliangdisplay.com\/","logo":{"@type":"ImageObject","inLanguage":"de","@id":"https:\/\/deliangdisplay.com\/#\/schema\/logo\/image\/","url":"https:\/\/deliangdisplay.com\/wp-content\/uploads\/2025\/08\/DELIANGDISPALY_logo.png","contentUrl":"https:\/\/deliangdisplay.com\/wp-content\/uploads\/2025\/08\/DELIANGDISPALY_logo.png","width":300,"height":130,"caption":"deliangdisplay.com"},"image":{"@id":"https:\/\/deliangdisplay.com\/#\/schema\/logo\/image\/"},"sameAs":["https:\/\/www.facebook.com\/JaneZhang008\/","https:\/\/x.com\/ly673551729"]}]}},"_links":{"self":[{"href":"https:\/\/deliangdisplay.com\/de\/wp-json\/wp\/v2\/product\/43339","targetHints":{"allow":["GET"]}}],"collection":[{"href":"https:\/\/deliangdisplay.com\/de\/wp-json\/wp\/v2\/product"}],"about":[{"href":"https:\/\/deliangdisplay.com\/de\/wp-json\/wp\/v2\/types\/product"}],"replies":[{"embeddable":true,"href":"https:\/\/deliangdisplay.com\/de\/wp-json\/wp\/v2\/comments?post=43339"}],"wp:featuredmedia":[{"embeddable":true,"href":"https:\/\/deliangdisplay.com\/de\/wp-json\/wp\/v2\/media\/43343"}],"wp:attachment":[{"href":"https:\/\/deliangdisplay.com\/de\/wp-json\/wp\/v2\/media?parent=43339"}],"wp:term":[{"taxonomy":"product_brand","embeddable":true,"href":"https:\/\/deliangdisplay.com\/de\/wp-json\/wp\/v2\/product_brand?post=43339"},{"taxonomy":"product_cat","embeddable":true,"href":"https:\/\/deliangdisplay.com\/de\/wp-json\/wp\/v2\/product_cat?post=43339"},{"taxonomy":"product_tag","embeddable":true,"href":"https:\/\/deliangdisplay.com\/de\/wp-json\/wp\/v2\/product_tag?post=43339"}],"curies":[{"name":"wp","href":"https:\/\/api.w.org\/{rel}","templated":true}]}}