{"id":43247,"date":"2025-09-26T16:00:07","date_gmt":"2025-09-26T08:00:07","guid":{"rendered":"https:\/\/deliangdisplay.com\/?post_type=product&#038;p=43247"},"modified":"2025-09-26T19:06:47","modified_gmt":"2025-09-26T11:06:47","slug":"benutzerdefinierte-logo-leder-uhrenbox-exquisite-reisverschluss-design-fussel-futter-fur-uhrenschmuck","status":"publish","type":"product","link":"https:\/\/deliangdisplay.com\/de\/unser-produkt\/verpackung\/luxusuhrenwelt\/benutzerdefinierte-logo-leder-uhrenbox-exquisite-reisverschluss-design-fussel-futter-fur-uhrenschmuck\/","title":{"rendered":"Custom Logo Leder Uhrenbox - Exquisite Zipper Design, Lint Futter f\u00fcr Uhr\/Schmuck"},"content":{"rendered":"<h3 class=\"header-vfC6AV auto-hide-last-sibling-br\">Produkt\u00fcbersicht<\/h3>\n<div class=\"auto-hide-last-sibling-br paragraph-JOTKXA paragraph-element br-paragraph-space\">Dies ist eine anpassbare Logo-Uhrenbox mit einem exquisiten Rei\u00dfverschlussdesign, haupts\u00e4chlich aus Leder mit einer fusseligen Innenschicht. Sie zeichnet sich durch einen modischen und minimalistischen Stil, starke Schutzleistung und mehrfarbige Optionen aus und eignet sich sowohl f\u00fcr die Aufbewahrung von Uhren und Schmuck als auch f\u00fcr Geschenkverpackungen. Durch die Unterst\u00fctzung von OEM\/ODM-Services und die Anpassung von Logos und Mustern erf\u00fcllt sie die unterschiedlichsten pers\u00f6nlichen und Markenbed\u00fcrfnisse und eignet sich f\u00fcr Szenarien wie die t\u00e4gliche Aufbewahrung, das Verschenken und das Verpacken im Einzelhandel.<\/div>\n<h3 class=\"header-vfC6AV auto-hide-last-sibling-br\">Wichtige Spezifikationen<\/h3>\n<ul class=\"auto-hide-last-sibling-br\">\n<li><strong>Produkttyp<\/strong>: Individuell gestaltbare Logo-Uhrenbox (zur Aufbewahrung von Uhren und Schmuck)<\/li>\n<li><strong>Material<\/strong>: \u00c4u\u00dferes Material - Leder; Inneres Material - Flusen<\/li>\n<li><strong>Form<\/strong>: Kundenspezifisch (keine feste Standardform)<\/li>\n<li><strong>Gewicht<\/strong>: Nettogewicht 0,15 kg; Einzelbruttogewicht 0,250 kg<\/li>\n<li><strong>Abmessungen<\/strong>: Einzelne Paketgr\u00f6\u00dfe 9\u00d711\u00d78,3cm (die Gr\u00f6\u00dfe der Uhrenbox entspricht den Paketma\u00dfen)<\/li>\n<li><strong>Stil<\/strong>: Modisch und minimalistisch<\/li>\n<li><strong>Wesentliche Merkmale<\/strong>: Sch\u00fctzend, exquisites Rei\u00dfverschlussdesign, mehrfarbig, anpassbar<\/li>\n<li><strong>Anmeldung<\/strong>: Uhrenaufbewahrung, Schmuckaufbewahrung, Geschenkverpackung<\/li>\n<li><strong>Vorr\u00e4tige Stile<\/strong>: \u00dcber 3000 Modelle verf\u00fcgbar (versandfertig)<\/li>\n<\/ul>\n<h3 class=\"header-vfC6AV auto-hide-last-sibling-br\">Kernanwendungen<\/h3>\n<ul class=\"auto-hide-last-sibling-br\">\n<li>Prim\u00e4re Verwendung: T\u00e4gliche Aufbewahrung von Uhren und Schmuck (pers\u00f6nliche Aufbewahrung zu Hause, Transport auf Reisen)<\/li>\n<li>Sekund\u00e4re Verwendungen: Geschenkverpackungen (pers\u00f6nliche Geschenke, kleine Firmengeschenke), Hilfsverpackungen f\u00fcr den Einzelhandel (passend zu Uhren\/Schmuck)<\/li>\n<\/ul>\n<h3 class=\"header-vfC6AV auto-hide-last-sibling-br\">Anpassungsoptionen<\/h3>\n<ul class=\"auto-hide-last-sibling-br\">\n<li><strong>Logo\/Musteranpassung<\/strong>: Unterst\u00fctzt den Aufdruck von Logos und Mustern auf der Schachtel oder der Verpackung<\/li>\n<li><strong>Anpassung der Form<\/strong>: Individuell anpassbare Form f\u00fcr spezifische Aufbewahrungs- oder \u00e4sthetische Bed\u00fcrfnisse<\/li>\n<li><strong>Farbanpassung<\/strong>: Mehrfarbige Optionen verf\u00fcgbar; Farben k\u00f6nnen auf pers\u00f6nliche oder Markenvorlieben zugeschnitten werden<\/li>\n<li><strong>ODM\/OEM-Dienstleistungen<\/strong>: Akzeptiert kundenspezifische Entw\u00fcrfe (bei Gro\u00dfbestellungen kann ein Formenbau erforderlich sein, Einzelheiten sind zu best\u00e4tigen)<\/li>\n<\/ul>\n<h3 class=\"header-vfC6AV auto-hide-last-sibling-br\">Details zur Verpackung<\/h3>\n<ul class=\"auto-hide-last-sibling-br\">\n<li><strong>Verkaufende Einheit<\/strong>: Einzelst\u00fcck<\/li>\n<li><strong>Einzelne Paketgr\u00f6\u00dfe<\/strong>: 9\u00d711\u00d78,3cm<\/li>\n<li><strong>Einzel-Bruttogewicht<\/strong>: 0.250kg<\/li>\n<li><strong>Verpackungsart<\/strong>: Standardverpackung (kundenspezifische Verpackungen sind \u00fcber den Customization Service erh\u00e4ltlich)<\/li>\n<\/ul>\n<h3 class=\"header-vfC6AV auto-hide-last-sibling-br\">Vorlaufzeit<\/h3>\n<ul class=\"auto-hide-last-sibling-br\">\n<li>Bestellmenge 1-100 St\u00fcck: 14-24 Tage<\/li>\n<li>Bestellmenge &gt;100 St\u00fcck: Zu verhandeln<\/li>\n<li>Vorr\u00e4tige Artikel: Versand innerhalb von 48 Stunden<\/li>\n<\/ul>\n<h3 class=\"header-vfC6AV auto-hide-last-sibling-br\">Produktvorteile<\/h3>\n<ul class=\"auto-hide-last-sibling-br\">\n<li><strong>Multifunktionaler Einsatz<\/strong>: Geeignet f\u00fcr die Aufbewahrung von Uhren und Schmuck, um die Einsatzm\u00f6glichkeiten zu maximieren<\/li>\n<li><strong>Starker Schutz<\/strong>: \u00c4u\u00dfere Schicht aus Leder + innere Schicht aus Flusen sch\u00fctzt Gegenst\u00e4nde effektiv vor Kratzern oder Besch\u00e4digungen<\/li>\n<li><strong>Hohe Anpassungsf\u00e4higkeit<\/strong>: Flexible Optionen f\u00fcr Logo, Form und Farbe erf\u00fcllen die Anforderungen an personalisierte und Markenverpackungen<\/li>\n<li><strong>Versandfertige Bequemlichkeit<\/strong>: \u00dcber 3000 vorr\u00e4tige Modelle erm\u00f6glichen eine schnelle Lieferung (innerhalb von 48 Stunden), ideal f\u00fcr dringende Bestellungen<\/li>\n<li><strong>Modisches Design<\/strong>: Minimalistischer Stil passt zu modernen \u00e4sthetischen Trends, geeignet zum Verschenken und f\u00fcr den t\u00e4glichen Gebrauch<\/li>\n<\/ul>","protected":false},"excerpt":{"rendered":"<p>Kundenspezifische Logo-Leder-Uhrenbox: Verf\u00fcgt \u00fcber exquisite Rei\u00dfverschluss-Design, \u00e4u\u00dfere Leder-Material, und Flusen Futter f\u00fcr starke Kratzer Schutz. Modischer minimalistischer Stil, mehrfarbige Optionen. Passt zur Aufbewahrung von Uhren\/Schmuck und zur Geschenkverpackung. Unterst\u00fctzt Logo\/Muster\/Form-Anpassung (OEM\/ODM). \u00dcber 3000 Modelle auf Lager (Versand innerhalb von 48 Stunden). Gr\u00f6\u00dfe ~9\u00d711\u00d78,3cm, Nettogewicht 0,15kg. Ideal f\u00fcr den t\u00e4glichen Gebrauch, Geschenkartikel und den Einzelhandel.<\/p>","protected":false},"featured_media":43248,"comment_status":"open","ping_status":"closed","template":"","meta":{"_acf_changed":false},"product_brand":[84],"product_cat":[44],"product_tag":[290,285,281,288,287,293,283,292,284,289,295,291,294,286,282],"class_list":{"0":"post-43247","1":"product","2":"type-product","3":"status-publish","4":"has-post-thumbnail","6":"product_brand-de-liang","7":"product_cat-luxury-watch-world","8":"product_tag-3000-in-stock-watch-box","9":"product_tag-9x11x8-3cm-watch-box","10":"product_tag-custom-logo-leather-watch-box","11":"product_tag-fashionable-minimalist-watch-box","12":"product_tag-gift-packaging-watch-box","13":"product_tag-lightweight-watch-box-0-15kg","14":"product_tag-lint-lining-watch-box","15":"product_tag-multi-color-leather-watch-box","16":"product_tag-multi-functional-watch-box","17":"product_tag-oem-odm-watch-box","18":"product_tag-personalized-watch-box","19":"product_tag-ready-to-ship-watch-box","20":"product_tag-retail-watch-box","21":"product_tag-watch-jewelry-storage-box","22":"product_tag-zippered-leather-watch-box","24":"first","25":"instock","26":"shipping-taxable","27":"purchasable","28":"product-type-simple"},"acf":[],"yoast_head":"<!-- This site is optimized with the Yoast SEO plugin v27.4 - https:\/\/yoast.com\/product\/yoast-seo-wordpress\/ -->\n<title>Custom Logo Leather Watch Box - Exquisite Zipper Design, Lint Lining for Watch\/Jewelry - DE-LIANG - jewelry,clothes,watch,beauty cosmetics<\/title>\n<meta name=\"robots\" content=\"index, follow, max-snippet:-1, max-image-preview:large, max-video-preview:-1\" \/>\n<link rel=\"canonical\" href=\"https:\/\/deliangdisplay.com\/de\/unser-produkt\/verpackung\/luxusuhrenwelt\/benutzerdefinierte-logo-leder-uhrenbox-exquisite-reisverschluss-design-fussel-futter-fur-uhrenschmuck\/\" \/>\n<meta property=\"og:locale\" content=\"de_DE\" \/>\n<meta property=\"og:type\" content=\"article\" \/>\n<meta property=\"og:title\" content=\"Custom Logo Leather Watch Box - Exquisite Zipper Design, Lint Lining for Watch\/Jewelry - DE-LIANG - jewelry,clothes,watch,beauty cosmetics\" \/>\n<meta property=\"og:description\" content=\"Custom Logo Leather Watch Box: Features exquisite zipper design, outer leather material, and lint lining for strong scratch protection. Fashionable minimalist style, multi-color options. Fits watch\/jewelry storage &amp; gift packaging. Supports logo\/pattern\/shape customization (OEM\/ODM). 3000+ in-stock styles (shipped within 48h). Size ~9\u00d711\u00d78.3cm, net weight 0.15kg. Ideal for daily use, gifting &amp; retail.\" \/>\n<meta property=\"og:url\" content=\"https:\/\/deliangdisplay.com\/de\/unser-produkt\/verpackung\/luxusuhrenwelt\/benutzerdefinierte-logo-leder-uhrenbox-exquisite-reisverschluss-design-fussel-futter-fur-uhrenschmuck\/\" \/>\n<meta property=\"og:site_name\" content=\"DE-LIANG - jewelry,clothes,watch,beauty cosmetics\" \/>\n<meta property=\"article:publisher\" content=\"https:\/\/www.facebook.com\/JaneZhang008\/\" \/>\n<meta property=\"article:modified_time\" content=\"2025-09-26T11:06:47+00:00\" \/>\n<meta property=\"og:image\" content=\"https:\/\/deliangdisplay.com\/wp-content\/uploads\/2025\/09\/10-2.jpg\" \/>\n\t<meta property=\"og:image:width\" content=\"1024\" \/>\n\t<meta property=\"og:image:height\" content=\"1024\" \/>\n\t<meta property=\"og:image:type\" content=\"image\/jpeg\" \/>\n<meta name=\"twitter:card\" content=\"summary_large_image\" \/>\n<meta name=\"twitter:site\" content=\"@ly673551729\" \/>\n<meta name=\"twitter:label1\" content=\"Gesch\u00e4tzte Lesezeit\" \/>\n\t<meta name=\"twitter:data1\" content=\"2\u00a0Minuten\" \/>\n<script type=\"application\/ld+json\" class=\"yoast-schema-graph\">{\"@context\":\"https:\\\/\\\/schema.org\",\"@graph\":[{\"@type\":\"WebPage\",\"@id\":\"https:\\\/\\\/deliangdisplay.com\\\/our-product\\\/packaging\\\/luxury-watch-world\\\/custom-logo-leather-watch-box-exquisite-zipper-design-lint-lining-for-watch-jewelry\\\/\",\"url\":\"https:\\\/\\\/deliangdisplay.com\\\/our-product\\\/packaging\\\/luxury-watch-world\\\/custom-logo-leather-watch-box-exquisite-zipper-design-lint-lining-for-watch-jewelry\\\/\",\"name\":\"Custom Logo Leather Watch Box - Exquisite Zipper Design, Lint Lining for Watch\\\/Jewelry - DE-LIANG - jewelry,clothes,watch,beauty cosmetics\",\"isPartOf\":{\"@id\":\"https:\\\/\\\/deliangdisplay.com\\\/#website\"},\"primaryImageOfPage\":{\"@id\":\"https:\\\/\\\/deliangdisplay.com\\\/our-product\\\/packaging\\\/luxury-watch-world\\\/custom-logo-leather-watch-box-exquisite-zipper-design-lint-lining-for-watch-jewelry\\\/#primaryimage\"},\"image\":{\"@id\":\"https:\\\/\\\/deliangdisplay.com\\\/our-product\\\/packaging\\\/luxury-watch-world\\\/custom-logo-leather-watch-box-exquisite-zipper-design-lint-lining-for-watch-jewelry\\\/#primaryimage\"},\"thumbnailUrl\":\"https:\\\/\\\/deliangdisplay.com\\\/wp-content\\\/uploads\\\/2025\\\/09\\\/10-2.jpg\",\"datePublished\":\"2025-09-26T08:00:07+00:00\",\"dateModified\":\"2025-09-26T11:06:47+00:00\",\"breadcrumb\":{\"@id\":\"https:\\\/\\\/deliangdisplay.com\\\/our-product\\\/packaging\\\/luxury-watch-world\\\/custom-logo-leather-watch-box-exquisite-zipper-design-lint-lining-for-watch-jewelry\\\/#breadcrumb\"},\"inLanguage\":\"de\",\"potentialAction\":[{\"@type\":\"ReadAction\",\"target\":[\"https:\\\/\\\/deliangdisplay.com\\\/our-product\\\/packaging\\\/luxury-watch-world\\\/custom-logo-leather-watch-box-exquisite-zipper-design-lint-lining-for-watch-jewelry\\\/\"]}]},{\"@type\":\"ImageObject\",\"inLanguage\":\"de\",\"@id\":\"https:\\\/\\\/deliangdisplay.com\\\/our-product\\\/packaging\\\/luxury-watch-world\\\/custom-logo-leather-watch-box-exquisite-zipper-design-lint-lining-for-watch-jewelry\\\/#primaryimage\",\"url\":\"https:\\\/\\\/deliangdisplay.com\\\/wp-content\\\/uploads\\\/2025\\\/09\\\/10-2.jpg\",\"contentUrl\":\"https:\\\/\\\/deliangdisplay.com\\\/wp-content\\\/uploads\\\/2025\\\/09\\\/10-2.jpg\",\"width\":1024,\"height\":1024},{\"@type\":\"BreadcrumbList\",\"@id\":\"https:\\\/\\\/deliangdisplay.com\\\/our-product\\\/packaging\\\/luxury-watch-world\\\/custom-logo-leather-watch-box-exquisite-zipper-design-lint-lining-for-watch-jewelry\\\/#breadcrumb\",\"itemListElement\":[{\"@type\":\"ListItem\",\"position\":1,\"name\":\"\u9996\u9875\",\"item\":\"https:\\\/\\\/deliangdisplay.com\\\/\"},{\"@type\":\"ListItem\",\"position\":2,\"name\":\"Our Product\",\"item\":\"https:\\\/\\\/deliangdisplay.com\\\/our-product\\\/\"},{\"@type\":\"ListItem\",\"position\":3,\"name\":\"Custom Logo Leather Watch Box &#8211; Exquisite Zipper Design, Lint Lining for Watch\\\/Jewelry\"}]},{\"@type\":\"WebSite\",\"@id\":\"https:\\\/\\\/deliangdisplay.com\\\/#website\",\"url\":\"https:\\\/\\\/deliangdisplay.com\\\/\",\"name\":\"deliangdisplay.com\",\"description\":\"DE-LIANG - Providing bespoke packaging solutions and luxurious display design services for brands in jewelry, apparel, watches, beauty cosmetics, and more.\",\"publisher\":{\"@id\":\"https:\\\/\\\/deliangdisplay.com\\\/#organization\"},\"potentialAction\":[{\"@type\":\"SearchAction\",\"target\":{\"@type\":\"EntryPoint\",\"urlTemplate\":\"https:\\\/\\\/deliangdisplay.com\\\/?s={search_term_string}\"},\"query-input\":{\"@type\":\"PropertyValueSpecification\",\"valueRequired\":true,\"valueName\":\"search_term_string\"}}],\"inLanguage\":\"de\"},{\"@type\":\"Organization\",\"@id\":\"https:\\\/\\\/deliangdisplay.com\\\/#organization\",\"name\":\"deliangdisplay.com\",\"url\":\"https:\\\/\\\/deliangdisplay.com\\\/\",\"logo\":{\"@type\":\"ImageObject\",\"inLanguage\":\"de\",\"@id\":\"https:\\\/\\\/deliangdisplay.com\\\/#\\\/schema\\\/logo\\\/image\\\/\",\"url\":\"https:\\\/\\\/deliangdisplay.com\\\/wp-content\\\/uploads\\\/2025\\\/08\\\/DELIANGDISPALY_logo.png\",\"contentUrl\":\"https:\\\/\\\/deliangdisplay.com\\\/wp-content\\\/uploads\\\/2025\\\/08\\\/DELIANGDISPALY_logo.png\",\"width\":300,\"height\":130,\"caption\":\"deliangdisplay.com\"},\"image\":{\"@id\":\"https:\\\/\\\/deliangdisplay.com\\\/#\\\/schema\\\/logo\\\/image\\\/\"},\"sameAs\":[\"https:\\\/\\\/www.facebook.com\\\/JaneZhang008\\\/\",\"https:\\\/\\\/x.com\\\/ly673551729\"]}]}<\/script>\n<!-- \/ Yoast SEO plugin. -->","yoast_head_json":{"title":"Custom Logo Leder Uhrenbox - Exquisite Zipper Design, Lint Lining f\u00fcr Uhr\/Schmuck - DE-LIANG - Schmuck,Kleidung,Uhr,Sch\u00f6nheit Kosmetik","robots":{"index":"index","follow":"follow","max-snippet":"max-snippet:-1","max-image-preview":"max-image-preview:large","max-video-preview":"max-video-preview:-1"},"canonical":"https:\/\/deliangdisplay.com\/de\/unser-produkt\/verpackung\/luxusuhrenwelt\/benutzerdefinierte-logo-leder-uhrenbox-exquisite-reisverschluss-design-fussel-futter-fur-uhrenschmuck\/","og_locale":"de_DE","og_type":"article","og_title":"Custom Logo Leather Watch Box - Exquisite Zipper Design, Lint Lining for Watch\/Jewelry - DE-LIANG - jewelry,clothes,watch,beauty cosmetics","og_description":"Custom Logo Leather Watch Box: Features exquisite zipper design, outer leather material, and lint lining for strong scratch protection. Fashionable minimalist style, multi-color options. Fits watch\/jewelry storage &amp; gift packaging. Supports logo\/pattern\/shape customization (OEM\/ODM). 3000+ in-stock styles (shipped within 48h). Size ~9\u00d711\u00d78.3cm, net weight 0.15kg. Ideal for daily use, gifting &amp; retail.","og_url":"https:\/\/deliangdisplay.com\/de\/unser-produkt\/verpackung\/luxusuhrenwelt\/benutzerdefinierte-logo-leder-uhrenbox-exquisite-reisverschluss-design-fussel-futter-fur-uhrenschmuck\/","og_site_name":"DE-LIANG - jewelry,clothes,watch,beauty cosmetics","article_publisher":"https:\/\/www.facebook.com\/JaneZhang008\/","article_modified_time":"2025-09-26T11:06:47+00:00","og_image":[{"width":1024,"height":1024,"url":"https:\/\/deliangdisplay.com\/wp-content\/uploads\/2025\/09\/10-2.jpg","type":"image\/jpeg"}],"twitter_card":"summary_large_image","twitter_site":"@ly673551729","twitter_misc":{"Gesch\u00e4tzte Lesezeit":"2\u00a0Minuten"},"schema":{"@context":"https:\/\/schema.org","@graph":[{"@type":"WebPage","@id":"https:\/\/deliangdisplay.com\/our-product\/packaging\/luxury-watch-world\/custom-logo-leather-watch-box-exquisite-zipper-design-lint-lining-for-watch-jewelry\/","url":"https:\/\/deliangdisplay.com\/our-product\/packaging\/luxury-watch-world\/custom-logo-leather-watch-box-exquisite-zipper-design-lint-lining-for-watch-jewelry\/","name":"Custom Logo Leder Uhrenbox - Exquisite Zipper Design, Lint Lining f\u00fcr Uhr\/Schmuck - DE-LIANG - Schmuck,Kleidung,Uhr,Sch\u00f6nheit Kosmetik","isPartOf":{"@id":"https:\/\/deliangdisplay.com\/#website"},"primaryImageOfPage":{"@id":"https:\/\/deliangdisplay.com\/our-product\/packaging\/luxury-watch-world\/custom-logo-leather-watch-box-exquisite-zipper-design-lint-lining-for-watch-jewelry\/#primaryimage"},"image":{"@id":"https:\/\/deliangdisplay.com\/our-product\/packaging\/luxury-watch-world\/custom-logo-leather-watch-box-exquisite-zipper-design-lint-lining-for-watch-jewelry\/#primaryimage"},"thumbnailUrl":"https:\/\/deliangdisplay.com\/wp-content\/uploads\/2025\/09\/10-2.jpg","datePublished":"2025-09-26T08:00:07+00:00","dateModified":"2025-09-26T11:06:47+00:00","breadcrumb":{"@id":"https:\/\/deliangdisplay.com\/our-product\/packaging\/luxury-watch-world\/custom-logo-leather-watch-box-exquisite-zipper-design-lint-lining-for-watch-jewelry\/#breadcrumb"},"inLanguage":"de","potentialAction":[{"@type":"ReadAction","target":["https:\/\/deliangdisplay.com\/our-product\/packaging\/luxury-watch-world\/custom-logo-leather-watch-box-exquisite-zipper-design-lint-lining-for-watch-jewelry\/"]}]},{"@type":"ImageObject","inLanguage":"de","@id":"https:\/\/deliangdisplay.com\/our-product\/packaging\/luxury-watch-world\/custom-logo-leather-watch-box-exquisite-zipper-design-lint-lining-for-watch-jewelry\/#primaryimage","url":"https:\/\/deliangdisplay.com\/wp-content\/uploads\/2025\/09\/10-2.jpg","contentUrl":"https:\/\/deliangdisplay.com\/wp-content\/uploads\/2025\/09\/10-2.jpg","width":1024,"height":1024},{"@type":"BreadcrumbList","@id":"https:\/\/deliangdisplay.com\/our-product\/packaging\/luxury-watch-world\/custom-logo-leather-watch-box-exquisite-zipper-design-lint-lining-for-watch-jewelry\/#breadcrumb","itemListElement":[{"@type":"ListItem","position":1,"name":"\u9996\u9875","item":"https:\/\/deliangdisplay.com\/"},{"@type":"ListItem","position":2,"name":"Our Product","item":"https:\/\/deliangdisplay.com\/our-product\/"},{"@type":"ListItem","position":3,"name":"Custom Logo Leather Watch Box &#8211; Exquisite Zipper Design, Lint Lining for Watch\/Jewelry"}]},{"@type":"WebSite","@id":"https:\/\/deliangdisplay.com\/#website","url":"https:\/\/deliangdisplay.com\/","name":"deliangdisplay.com","description":"DE-LIANG - Ma\u00dfgeschneiderte Verpackungsl\u00f6sungen und luxuri\u00f6ses Display-Design f\u00fcr Marken aus der Schmuck-, Bekleidungs-, Uhren- und Kosmetikbranche und mehr.","publisher":{"@id":"https:\/\/deliangdisplay.com\/#organization"},"potentialAction":[{"@type":"SearchAction","target":{"@type":"EntryPoint","urlTemplate":"https:\/\/deliangdisplay.com\/?s={search_term_string}"},"query-input":{"@type":"PropertyValueSpecification","valueRequired":true,"valueName":"search_term_string"}}],"inLanguage":"de"},{"@type":"Organization","@id":"https:\/\/deliangdisplay.com\/#organization","name":"deliangdisplay.com","url":"https:\/\/deliangdisplay.com\/","logo":{"@type":"ImageObject","inLanguage":"de","@id":"https:\/\/deliangdisplay.com\/#\/schema\/logo\/image\/","url":"https:\/\/deliangdisplay.com\/wp-content\/uploads\/2025\/08\/DELIANGDISPALY_logo.png","contentUrl":"https:\/\/deliangdisplay.com\/wp-content\/uploads\/2025\/08\/DELIANGDISPALY_logo.png","width":300,"height":130,"caption":"deliangdisplay.com"},"image":{"@id":"https:\/\/deliangdisplay.com\/#\/schema\/logo\/image\/"},"sameAs":["https:\/\/www.facebook.com\/JaneZhang008\/","https:\/\/x.com\/ly673551729"]}]}},"_links":{"self":[{"href":"https:\/\/deliangdisplay.com\/de\/wp-json\/wp\/v2\/product\/43247","targetHints":{"allow":["GET"]}}],"collection":[{"href":"https:\/\/deliangdisplay.com\/de\/wp-json\/wp\/v2\/product"}],"about":[{"href":"https:\/\/deliangdisplay.com\/de\/wp-json\/wp\/v2\/types\/product"}],"replies":[{"embeddable":true,"href":"https:\/\/deliangdisplay.com\/de\/wp-json\/wp\/v2\/comments?post=43247"}],"wp:featuredmedia":[{"embeddable":true,"href":"https:\/\/deliangdisplay.com\/de\/wp-json\/wp\/v2\/media\/43248"}],"wp:attachment":[{"href":"https:\/\/deliangdisplay.com\/de\/wp-json\/wp\/v2\/media?parent=43247"}],"wp:term":[{"taxonomy":"product_brand","embeddable":true,"href":"https:\/\/deliangdisplay.com\/de\/wp-json\/wp\/v2\/product_brand?post=43247"},{"taxonomy":"product_cat","embeddable":true,"href":"https:\/\/deliangdisplay.com\/de\/wp-json\/wp\/v2\/product_cat?post=43247"},{"taxonomy":"product_tag","embeddable":true,"href":"https:\/\/deliangdisplay.com\/de\/wp-json\/wp\/v2\/product_tag?post=43247"}],"curies":[{"name":"wp","href":"https:\/\/api.w.org\/{rel}","templated":true}]}}