{"id":43180,"date":"2025-09-26T12:02:43","date_gmt":"2025-09-26T04:02:43","guid":{"rendered":"https:\/\/deliangdisplay.com\/?post_type=product&#038;p=43180"},"modified":"2025-09-26T19:27:35","modified_gmt":"2025-09-26T11:27:35","slug":"de-liang-verstellbare-schmuckbuste-display-schwarz-grau-samt-halskette-stand-mit-gold-metall-basis","status":"publish","type":"product","link":"https:\/\/deliangdisplay.com\/de\/unser-produkt\/zubehor\/halsformen\/de-liang-verstellbare-schmuckbuste-display-schwarz-grau-samt-halskette-stand-mit-gold-metall-basis\/","title":{"rendered":"Verstellbares Schmuckb\u00fcsten-Display - Schwarzer &amp; grauer Samt-Halskettenst\u00e4nder mit goldenem Metallsockel"},"content":{"rendered":"<h3 class=\"header-vfC6AV auto-hide-last-sibling-br\">Produkt\u00fcbersicht<\/h3>\n<div class=\"auto-hide-last-sibling-br paragraph-JOTKXA paragraph-element br-paragraph-space\">Das DE-LIANG Jewelry Bust Display ist ein minimalistischer St\u00e4nder, der f\u00fcr die Pr\u00e4sentation von Halsketten entwickelt wurde. Er besteht aus einer Kombination von schwarzem und grauem Samtmaterial mit einem goldenen Metallfu\u00df. Er verk\u00f6rpert eine elegante und hochwertige \u00c4sthetik und ist damit ideal f\u00fcr die Pr\u00e4sentation von Halsketten in Einzelhandelsgesch\u00e4ften, Boutiquen oder pers\u00f6nlichen Sammlungen.<\/div>\n<h3 class=\"header-vfC6AV auto-hide-last-sibling-br\">Wichtige Spezifikationen<\/h3>\n<ul class=\"auto-hide-last-sibling-br\">\n<li><strong>Produkttyp<\/strong>: Halsketten-spezifisches Schmuckb\u00fcsten-Display<\/li>\n<li><strong>Markenname<\/strong>: DE-LIANG<\/li>\n<li><strong>Modellnummer<\/strong>: BUST FORM<\/li>\n<li><strong>Material<\/strong>: Samt (f\u00fcr die B\u00fcste) &amp; Metall (f\u00fcr den Sockel)<\/li>\n<li><strong>Farbe<\/strong>: Schwarz &amp; Grau<\/li>\n<li><strong>Abmessungen<\/strong>: H\u00f6he 38cm (15inch), mit zus\u00e4tzlichen Gr\u00f6\u00dfenparametern von 21cm (8.3inch) und 28cm (11inch); erh\u00e4ltlich in zwei Varianten (Modell \u01c7J-004A und \u01c7J-004B)<\/li>\n<li><strong>Einstellbares Merkmal<\/strong>: Ausgestattet mit einer verstellbaren Basis f\u00fcr eine flexible Positionierung<\/li>\n<\/ul>\n<h3 class=\"header-vfC6AV auto-hide-last-sibling-br\">Verwendung &amp; Kernfunktion<\/h3>\n<ul class=\"auto-hide-last-sibling-br\">\n<li>Sie werden in erster Linie f\u00fcr die Pr\u00e4sentation von Halsketten verwendet und heben die Designdetails und die Struktur des Schmucks hervor, um Kunden anzuziehen oder die Pr\u00e4sentation der eigenen Sammlung zu verbessern.<\/li>\n<\/ul>\n<h3 class=\"header-vfC6AV auto-hide-last-sibling-br\">Anpassungsoptionen<\/h3>\n<ul class=\"auto-hide-last-sibling-br\">\n<li><strong>Individuelles Logo<\/strong>: Gegen Aufpreis erh\u00e4ltlich; Mindestbestellmenge (MOQ) 300 St\u00fcck.<\/li>\n<li><strong>Kundenspezifische Farbe<\/strong>: Gegen Aufpreis erh\u00e4ltlich; MOQ 300 St\u00fcck.<\/li>\n<li><strong>Anpassungsf\u00e4higkeiten<\/strong>: Unterst\u00fctzt geringf\u00fcgige Anpassungen, zeichnungsbasierte Anpassungen, musterbasierte Anpassungen und vollst\u00e4ndige Anpassungen, um unterschiedliche Anforderungen zu erf\u00fcllen.<\/li>\n<\/ul>\n<h3 class=\"header-vfC6AV auto-hide-last-sibling-br\">Details zur Verpackung<\/h3>\n<ul class=\"auto-hide-last-sibling-br\">\n<li><strong>Verkaufende Einheit<\/strong>: Einzelst\u00fcck<\/li>\n<li><strong>Einzelne Paketgr\u00f6\u00dfe<\/strong>: 45cm \u00d7 45cm \u00d7 85cm<\/li>\n<li><strong>Einzel-Bruttogewicht<\/strong>: 12.000 kg<\/li>\n<\/ul>\n<h3 class=\"header-vfC6AV auto-hide-last-sibling-br\">Vorlaufzeit<\/h3>\n<ul class=\"auto-hide-last-sibling-br\">\n<li>F\u00fcr Bestellungen von 1 - 5 St\u00fcck: 1 - 15 Tage<\/li>\n<li>F\u00fcr Bestellungen von mehr als 5 St\u00fcck: Zu verhandeln<\/li>\n<\/ul>\n<h3 class=\"header-vfC6AV auto-hide-last-sibling-br\">Produktvorteile<\/h3>\n<ul class=\"auto-hide-last-sibling-br\">\n<li>Hochwertige Materialkombination (Samt + Metall) sorgt f\u00fcr Langlebigkeit und ein elegantes Erscheinungsbild.<\/li>\n<li>Ein verstellbarer Sockel bietet Flexibilit\u00e4t bei den Anzeigewinkeln.<\/li>\n<li>Das minimalistische Design passt zu verschiedenen Halskettenstilen, von zarten Ketten bis hin zu Statement-St\u00fccken.<\/li>\n<li>Professionelle Erfahrung in der Herstellung gew\u00e4hrleistet eine zuverl\u00e4ssige Produktqualit\u00e4t.<\/li>\n<\/ul>","protected":false},"excerpt":{"rendered":"<p>Das minimalistische Schmuckb\u00fcsten-Display von DE-LIANG ist aus weichem schwarzem und grauem Samt mit einem eleganten goldenen Metallsockel gefertigt und ideal f\u00fcr die Pr\u00e4sentation von Halsketten. Sie verf\u00fcgt \u00fcber einen verstellbaren Sockel f\u00fcr eine flexible Positionierung, ist in zwei Modellen (\u01c7J-004A\/\u01c7J-004B) mit einer H\u00f6he von 38 cm erh\u00e4ltlich und kann mit Logo oder Farbe individuell gestaltet werden (MOQ 300 St\u00fcck). Robust und elegant, wertet er die Pr\u00e4sentation von Schmuck im Einzelhandel oder f\u00fcr den pers\u00f6nlichen Gebrauch auf, mit zuverl\u00e4ssiger Qualit\u00e4t und professioneller Fertigung.<\/p>","protected":false},"featured_media":43181,"comment_status":"open","ping_status":"closed","template":"","meta":{"_acf_changed":false},"product_brand":[84],"product_cat":[69],"product_tag":[195,194,201,196,202,193,197,200,199,198],"class_list":{"0":"post-43180","1":"product","2":"type-product","3":"status-publish","4":"has-post-thumbnail","6":"product_brand-de-liang","7":"product_cat-neck-forms","8":"product_tag-adjustable-jewelry-display-stand","9":"product_tag-black-grey-velvet-necklace-stand","10":"product_tag-customizable-jewelry-display","11":"product_tag-gold-metal-base-jewelry-bust","12":"product_tag-high-end-jewelry-display-bust","13":"product_tag-minimalist-jewelry-bust-display","14":"product_tag-necklace-display-bust","15":"product_tag-personal-jewelry-collection-stand","16":"product_tag-retail-jewelry-display-stand","17":"product_tag-velvet-jewelry-showcase","19":"first","20":"instock","21":"shipping-taxable","22":"purchasable","23":"product-type-simple"},"acf":[],"yoast_head":"<!-- This site is optimized with the Yoast SEO plugin v27.4 - https:\/\/yoast.com\/product\/yoast-seo-wordpress\/ -->\n<title>Adjustable Jewelry Bust Display - Black &amp; Grey Velvet Necklace Stand with Gold Metal Base - DE-LIANG - jewelry,clothes,watch,beauty cosmetics<\/title>\n<meta name=\"robots\" content=\"index, follow, max-snippet:-1, max-image-preview:large, max-video-preview:-1\" \/>\n<link rel=\"canonical\" href=\"https:\/\/deliangdisplay.com\/de\/unser-produkt\/zubehor\/halsformen\/de-liang-verstellbare-schmuckbuste-display-schwarz-grau-samt-halskette-stand-mit-gold-metall-basis\/\" \/>\n<meta property=\"og:locale\" content=\"de_DE\" \/>\n<meta property=\"og:type\" content=\"article\" \/>\n<meta property=\"og:title\" content=\"Adjustable Jewelry Bust Display - Black &amp; Grey Velvet Necklace Stand with Gold Metal Base - DE-LIANG - jewelry,clothes,watch,beauty cosmetics\" \/>\n<meta property=\"og:description\" content=\"Introducing the DE-LIANG Minimalist Jewelry Bust Display\u2014crafted from soft black &amp; grey velvet with a sleek gold metal base, ideal for showcasing necklaces. It features an adjustable base for flexible positioning, comes in two models (\u01c7J-004A\/\u01c7J-004B) with dimensions including 38cm height, and offers logo\/color customization (MOQ 300pcs). Sturdy, elegant, it elevates retail or personal jewelry presentation, with reliable quality backed by professional manufacturing.\" \/>\n<meta property=\"og:url\" content=\"https:\/\/deliangdisplay.com\/de\/unser-produkt\/zubehor\/halsformen\/de-liang-verstellbare-schmuckbuste-display-schwarz-grau-samt-halskette-stand-mit-gold-metall-basis\/\" \/>\n<meta property=\"og:site_name\" content=\"DE-LIANG - jewelry,clothes,watch,beauty cosmetics\" \/>\n<meta property=\"article:publisher\" content=\"https:\/\/www.facebook.com\/JaneZhang008\/\" \/>\n<meta property=\"article:modified_time\" content=\"2025-09-26T11:27:35+00:00\" \/>\n<meta property=\"og:image\" content=\"https:\/\/deliangdisplay.com\/wp-content\/uploads\/2025\/09\/2-3.jpg\" \/>\n\t<meta property=\"og:image:width\" content=\"1000\" \/>\n\t<meta property=\"og:image:height\" content=\"1000\" \/>\n\t<meta property=\"og:image:type\" content=\"image\/jpeg\" \/>\n<meta name=\"twitter:card\" content=\"summary_large_image\" \/>\n<meta name=\"twitter:site\" content=\"@ly673551729\" \/>\n<meta name=\"twitter:label1\" content=\"Gesch\u00e4tzte Lesezeit\" \/>\n\t<meta name=\"twitter:data1\" content=\"2\u00a0Minuten\" \/>\n<script type=\"application\/ld+json\" class=\"yoast-schema-graph\">{\"@context\":\"https:\\\/\\\/schema.org\",\"@graph\":[{\"@type\":\"WebPage\",\"@id\":\"https:\\\/\\\/deliangdisplay.com\\\/our-product\\\/accessories\\\/neck-forms\\\/de-liang-adjustable-jewelry-bust-display-black-grey-velvet-necklace-stand-with-gold-metal-base\\\/\",\"url\":\"https:\\\/\\\/deliangdisplay.com\\\/our-product\\\/accessories\\\/neck-forms\\\/de-liang-adjustable-jewelry-bust-display-black-grey-velvet-necklace-stand-with-gold-metal-base\\\/\",\"name\":\"Adjustable Jewelry Bust Display - Black & Grey Velvet Necklace Stand with Gold Metal Base - DE-LIANG - jewelry,clothes,watch,beauty cosmetics\",\"isPartOf\":{\"@id\":\"https:\\\/\\\/deliangdisplay.com\\\/#website\"},\"primaryImageOfPage\":{\"@id\":\"https:\\\/\\\/deliangdisplay.com\\\/our-product\\\/accessories\\\/neck-forms\\\/de-liang-adjustable-jewelry-bust-display-black-grey-velvet-necklace-stand-with-gold-metal-base\\\/#primaryimage\"},\"image\":{\"@id\":\"https:\\\/\\\/deliangdisplay.com\\\/our-product\\\/accessories\\\/neck-forms\\\/de-liang-adjustable-jewelry-bust-display-black-grey-velvet-necklace-stand-with-gold-metal-base\\\/#primaryimage\"},\"thumbnailUrl\":\"https:\\\/\\\/deliangdisplay.com\\\/wp-content\\\/uploads\\\/2025\\\/09\\\/2-3.jpg\",\"datePublished\":\"2025-09-26T04:02:43+00:00\",\"dateModified\":\"2025-09-26T11:27:35+00:00\",\"breadcrumb\":{\"@id\":\"https:\\\/\\\/deliangdisplay.com\\\/our-product\\\/accessories\\\/neck-forms\\\/de-liang-adjustable-jewelry-bust-display-black-grey-velvet-necklace-stand-with-gold-metal-base\\\/#breadcrumb\"},\"inLanguage\":\"de\",\"potentialAction\":[{\"@type\":\"ReadAction\",\"target\":[\"https:\\\/\\\/deliangdisplay.com\\\/our-product\\\/accessories\\\/neck-forms\\\/de-liang-adjustable-jewelry-bust-display-black-grey-velvet-necklace-stand-with-gold-metal-base\\\/\"]}]},{\"@type\":\"ImageObject\",\"inLanguage\":\"de\",\"@id\":\"https:\\\/\\\/deliangdisplay.com\\\/our-product\\\/accessories\\\/neck-forms\\\/de-liang-adjustable-jewelry-bust-display-black-grey-velvet-necklace-stand-with-gold-metal-base\\\/#primaryimage\",\"url\":\"https:\\\/\\\/deliangdisplay.com\\\/wp-content\\\/uploads\\\/2025\\\/09\\\/2-3.jpg\",\"contentUrl\":\"https:\\\/\\\/deliangdisplay.com\\\/wp-content\\\/uploads\\\/2025\\\/09\\\/2-3.jpg\",\"width\":1000,\"height\":1000},{\"@type\":\"BreadcrumbList\",\"@id\":\"https:\\\/\\\/deliangdisplay.com\\\/our-product\\\/accessories\\\/neck-forms\\\/de-liang-adjustable-jewelry-bust-display-black-grey-velvet-necklace-stand-with-gold-metal-base\\\/#breadcrumb\",\"itemListElement\":[{\"@type\":\"ListItem\",\"position\":1,\"name\":\"\u9996\u9875\",\"item\":\"https:\\\/\\\/deliangdisplay.com\\\/\"},{\"@type\":\"ListItem\",\"position\":2,\"name\":\"Our Product\",\"item\":\"https:\\\/\\\/deliangdisplay.com\\\/our-product\\\/\"},{\"@type\":\"ListItem\",\"position\":3,\"name\":\"Adjustable Jewelry Bust Display &#8211; Black &#038; Grey Velvet Necklace Stand with Gold Metal Base\"}]},{\"@type\":\"WebSite\",\"@id\":\"https:\\\/\\\/deliangdisplay.com\\\/#website\",\"url\":\"https:\\\/\\\/deliangdisplay.com\\\/\",\"name\":\"deliangdisplay.com\",\"description\":\"DE-LIANG - Providing bespoke packaging solutions and luxurious display design services for brands in jewelry, apparel, watches, beauty cosmetics, and more.\",\"publisher\":{\"@id\":\"https:\\\/\\\/deliangdisplay.com\\\/#organization\"},\"potentialAction\":[{\"@type\":\"SearchAction\",\"target\":{\"@type\":\"EntryPoint\",\"urlTemplate\":\"https:\\\/\\\/deliangdisplay.com\\\/?s={search_term_string}\"},\"query-input\":{\"@type\":\"PropertyValueSpecification\",\"valueRequired\":true,\"valueName\":\"search_term_string\"}}],\"inLanguage\":\"de\"},{\"@type\":\"Organization\",\"@id\":\"https:\\\/\\\/deliangdisplay.com\\\/#organization\",\"name\":\"deliangdisplay.com\",\"url\":\"https:\\\/\\\/deliangdisplay.com\\\/\",\"logo\":{\"@type\":\"ImageObject\",\"inLanguage\":\"de\",\"@id\":\"https:\\\/\\\/deliangdisplay.com\\\/#\\\/schema\\\/logo\\\/image\\\/\",\"url\":\"https:\\\/\\\/deliangdisplay.com\\\/wp-content\\\/uploads\\\/2025\\\/08\\\/DELIANGDISPALY_logo.png\",\"contentUrl\":\"https:\\\/\\\/deliangdisplay.com\\\/wp-content\\\/uploads\\\/2025\\\/08\\\/DELIANGDISPALY_logo.png\",\"width\":300,\"height\":130,\"caption\":\"deliangdisplay.com\"},\"image\":{\"@id\":\"https:\\\/\\\/deliangdisplay.com\\\/#\\\/schema\\\/logo\\\/image\\\/\"},\"sameAs\":[\"https:\\\/\\\/www.facebook.com\\\/JaneZhang008\\\/\",\"https:\\\/\\\/x.com\\\/ly673551729\"]}]}<\/script>\n<!-- \/ Yoast SEO plugin. -->","yoast_head_json":{"title":"Verstellbares Schmuckb\u00fcsten-Display - Schwarzer &amp; Grauer Samt-Halskettenst\u00e4nder mit goldenem Metallsockel - DE-LIANG - jewelry,clothes,watch,beauty cosmetics","robots":{"index":"index","follow":"follow","max-snippet":"max-snippet:-1","max-image-preview":"max-image-preview:large","max-video-preview":"max-video-preview:-1"},"canonical":"https:\/\/deliangdisplay.com\/de\/unser-produkt\/zubehor\/halsformen\/de-liang-verstellbare-schmuckbuste-display-schwarz-grau-samt-halskette-stand-mit-gold-metall-basis\/","og_locale":"de_DE","og_type":"article","og_title":"Adjustable Jewelry Bust Display - Black & Grey Velvet Necklace Stand with Gold Metal Base - DE-LIANG - jewelry,clothes,watch,beauty cosmetics","og_description":"Introducing the DE-LIANG Minimalist Jewelry Bust Display\u2014crafted from soft black &amp; grey velvet with a sleek gold metal base, ideal for showcasing necklaces. It features an adjustable base for flexible positioning, comes in two models (\u01c7J-004A\/\u01c7J-004B) with dimensions including 38cm height, and offers logo\/color customization (MOQ 300pcs). Sturdy, elegant, it elevates retail or personal jewelry presentation, with reliable quality backed by professional manufacturing.","og_url":"https:\/\/deliangdisplay.com\/de\/unser-produkt\/zubehor\/halsformen\/de-liang-verstellbare-schmuckbuste-display-schwarz-grau-samt-halskette-stand-mit-gold-metall-basis\/","og_site_name":"DE-LIANG - jewelry,clothes,watch,beauty cosmetics","article_publisher":"https:\/\/www.facebook.com\/JaneZhang008\/","article_modified_time":"2025-09-26T11:27:35+00:00","og_image":[{"width":1000,"height":1000,"url":"https:\/\/deliangdisplay.com\/wp-content\/uploads\/2025\/09\/2-3.jpg","type":"image\/jpeg"}],"twitter_card":"summary_large_image","twitter_site":"@ly673551729","twitter_misc":{"Gesch\u00e4tzte Lesezeit":"2\u00a0Minuten"},"schema":{"@context":"https:\/\/schema.org","@graph":[{"@type":"WebPage","@id":"https:\/\/deliangdisplay.com\/our-product\/accessories\/neck-forms\/de-liang-adjustable-jewelry-bust-display-black-grey-velvet-necklace-stand-with-gold-metal-base\/","url":"https:\/\/deliangdisplay.com\/our-product\/accessories\/neck-forms\/de-liang-adjustable-jewelry-bust-display-black-grey-velvet-necklace-stand-with-gold-metal-base\/","name":"Verstellbares Schmuckb\u00fcsten-Display - Schwarzer &amp; Grauer Samt-Halskettenst\u00e4nder mit goldenem Metallsockel - DE-LIANG - jewelry,clothes,watch,beauty cosmetics","isPartOf":{"@id":"https:\/\/deliangdisplay.com\/#website"},"primaryImageOfPage":{"@id":"https:\/\/deliangdisplay.com\/our-product\/accessories\/neck-forms\/de-liang-adjustable-jewelry-bust-display-black-grey-velvet-necklace-stand-with-gold-metal-base\/#primaryimage"},"image":{"@id":"https:\/\/deliangdisplay.com\/our-product\/accessories\/neck-forms\/de-liang-adjustable-jewelry-bust-display-black-grey-velvet-necklace-stand-with-gold-metal-base\/#primaryimage"},"thumbnailUrl":"https:\/\/deliangdisplay.com\/wp-content\/uploads\/2025\/09\/2-3.jpg","datePublished":"2025-09-26T04:02:43+00:00","dateModified":"2025-09-26T11:27:35+00:00","breadcrumb":{"@id":"https:\/\/deliangdisplay.com\/our-product\/accessories\/neck-forms\/de-liang-adjustable-jewelry-bust-display-black-grey-velvet-necklace-stand-with-gold-metal-base\/#breadcrumb"},"inLanguage":"de","potentialAction":[{"@type":"ReadAction","target":["https:\/\/deliangdisplay.com\/our-product\/accessories\/neck-forms\/de-liang-adjustable-jewelry-bust-display-black-grey-velvet-necklace-stand-with-gold-metal-base\/"]}]},{"@type":"ImageObject","inLanguage":"de","@id":"https:\/\/deliangdisplay.com\/our-product\/accessories\/neck-forms\/de-liang-adjustable-jewelry-bust-display-black-grey-velvet-necklace-stand-with-gold-metal-base\/#primaryimage","url":"https:\/\/deliangdisplay.com\/wp-content\/uploads\/2025\/09\/2-3.jpg","contentUrl":"https:\/\/deliangdisplay.com\/wp-content\/uploads\/2025\/09\/2-3.jpg","width":1000,"height":1000},{"@type":"BreadcrumbList","@id":"https:\/\/deliangdisplay.com\/our-product\/accessories\/neck-forms\/de-liang-adjustable-jewelry-bust-display-black-grey-velvet-necklace-stand-with-gold-metal-base\/#breadcrumb","itemListElement":[{"@type":"ListItem","position":1,"name":"\u9996\u9875","item":"https:\/\/deliangdisplay.com\/"},{"@type":"ListItem","position":2,"name":"Our Product","item":"https:\/\/deliangdisplay.com\/our-product\/"},{"@type":"ListItem","position":3,"name":"Adjustable Jewelry Bust Display &#8211; Black &#038; Grey Velvet Necklace Stand with Gold Metal Base"}]},{"@type":"WebSite","@id":"https:\/\/deliangdisplay.com\/#website","url":"https:\/\/deliangdisplay.com\/","name":"deliangdisplay.com","description":"DE-LIANG - Ma\u00dfgeschneiderte Verpackungsl\u00f6sungen und luxuri\u00f6ses Display-Design f\u00fcr Marken aus der Schmuck-, Bekleidungs-, Uhren- und Kosmetikbranche und mehr.","publisher":{"@id":"https:\/\/deliangdisplay.com\/#organization"},"potentialAction":[{"@type":"SearchAction","target":{"@type":"EntryPoint","urlTemplate":"https:\/\/deliangdisplay.com\/?s={search_term_string}"},"query-input":{"@type":"PropertyValueSpecification","valueRequired":true,"valueName":"search_term_string"}}],"inLanguage":"de"},{"@type":"Organization","@id":"https:\/\/deliangdisplay.com\/#organization","name":"deliangdisplay.com","url":"https:\/\/deliangdisplay.com\/","logo":{"@type":"ImageObject","inLanguage":"de","@id":"https:\/\/deliangdisplay.com\/#\/schema\/logo\/image\/","url":"https:\/\/deliangdisplay.com\/wp-content\/uploads\/2025\/08\/DELIANGDISPALY_logo.png","contentUrl":"https:\/\/deliangdisplay.com\/wp-content\/uploads\/2025\/08\/DELIANGDISPALY_logo.png","width":300,"height":130,"caption":"deliangdisplay.com"},"image":{"@id":"https:\/\/deliangdisplay.com\/#\/schema\/logo\/image\/"},"sameAs":["https:\/\/www.facebook.com\/JaneZhang008\/","https:\/\/x.com\/ly673551729"]}]}},"_links":{"self":[{"href":"https:\/\/deliangdisplay.com\/de\/wp-json\/wp\/v2\/product\/43180","targetHints":{"allow":["GET"]}}],"collection":[{"href":"https:\/\/deliangdisplay.com\/de\/wp-json\/wp\/v2\/product"}],"about":[{"href":"https:\/\/deliangdisplay.com\/de\/wp-json\/wp\/v2\/types\/product"}],"replies":[{"embeddable":true,"href":"https:\/\/deliangdisplay.com\/de\/wp-json\/wp\/v2\/comments?post=43180"}],"wp:featuredmedia":[{"embeddable":true,"href":"https:\/\/deliangdisplay.com\/de\/wp-json\/wp\/v2\/media\/43181"}],"wp:attachment":[{"href":"https:\/\/deliangdisplay.com\/de\/wp-json\/wp\/v2\/media?parent=43180"}],"wp:term":[{"taxonomy":"product_brand","embeddable":true,"href":"https:\/\/deliangdisplay.com\/de\/wp-json\/wp\/v2\/product_brand?post=43180"},{"taxonomy":"product_cat","embeddable":true,"href":"https:\/\/deliangdisplay.com\/de\/wp-json\/wp\/v2\/product_cat?post=43180"},{"taxonomy":"product_tag","embeddable":true,"href":"https:\/\/deliangdisplay.com\/de\/wp-json\/wp\/v2\/product_tag?post=43180"}],"curies":[{"name":"wp","href":"https:\/\/api.w.org\/{rel}","templated":true}]}}