{"id":43087,"date":"2025-09-17T15:50:36","date_gmt":"2025-09-17T07:50:36","guid":{"rendered":"https:\/\/deliangdisplay.com\/?post_type=product&#038;p=43087"},"modified":"2025-10-11T17:36:13","modified_gmt":"2025-10-11T09:36:13","slug":"luxus-pu-leder-schmuckkastchen-mit-spiegel-wasserdicht-staubdicht-multi-layer-organizer-fur-ringe-ohrringe-halsketten-armbander","status":"publish","type":"product","link":"https:\/\/deliangdisplay.com\/de\/unser-produkt\/verpackung\/schmuck-organisationsverpackungen\/luxus-pu-leder-schmuckkastchen-mit-spiegel-wasserdicht-staubdicht-multi-layer-organizer-fur-ringe-ohrringe-halsketten-armbander\/","title":{"rendered":"Luxuri\u00f6se PU-Leder-Schmuckschatulle mit Spiegel - Wasser- und staubdichter, mehrschichtiger Organizer f\u00fcr Ringe, Ohrringe, Halsketten und Armb\u00e4nder"},"content":{"rendered":"<h3 class=\"header-vfC6AV auto-hide-last-sibling-br\">Luxuri\u00f6se PU-Leder-Schmuckschatulle: Sch\u00fctzen Sie Ihre Sch\u00e4tze, organisieren Sie mit Leichtigkeit<\/h3>\n<div class=\"auto-hide-last-sibling-br paragraph-JOTKXA paragraph-element br-paragraph-space\">Dieses Schmuckk\u00e4stchen ist aus hochwertigem PU-Leder gefertigt und verf\u00fcgt \u00fcber\u00a0<strong>wasser- und staubdichte Doppeleigenschaften<\/strong>. Es h\u00e4lt Feuchtigkeit und Staub effektiv ab und sorgt daf\u00fcr, dass Halsketten, Ringe und anderer Schmuck stets sauber und gl\u00e4nzend bleiben - frei von Oxidation und Staubablagerungen.<\/div>\n<h3 class=\"header-vfC6AV auto-hide-last-sibling-br\">Durchdachtes Design: Perfekte Mischung aus Bequemlichkeit und Zweckm\u00e4\u00dfigkeit<\/h3>\n<ol class=\"auto-hide-last-sibling-br\">\n<li><strong>Integrierter High-Definition-Spiegel<\/strong>: Beim Anlegen von Schmuck m\u00fcssen Sie nicht mehr nach einem zus\u00e4tzlichen Spiegel suchen. Sie k\u00f6nnen Details mit nur einer Handbewegung anpassen, was das t\u00e4gliche Styling oder das Auffrischen auf Reisen effizienter macht.<\/li>\n<li><strong>Mehrschichtiger, partitionierter Speicher<\/strong>: Exklusive F\u00e4cher sind f\u00fcr verschiedene Arten von Schmuck wie Ringe, Ohrringe, Halsketten und Armb\u00e4nder vorgesehen. So wird ein Verheddern und Zerkratzen verhindert, und Sie finden auf einen Blick, was Sie brauchen - und m\u00fcssen nicht mehr m\u00fchsam nach einem bestimmten St\u00fcck suchen.<\/li>\n<\/ol>\n<h3 class=\"header-vfC6AV auto-hide-last-sibling-br\">Flexible Optionen: Anpassung an \u00c4sthetik und Pers\u00f6nlichkeit<\/h3>\n<ul class=\"auto-hide-last-sibling-br\">\n<li><strong>Mehrere Farben verf\u00fcgbar<\/strong>: Die Basiskollektion umfasst 4 beliebte Farben - gr\u00fcn, rot, schwarz und rosa - die sich leicht an verschiedene Wohnstile oder pers\u00f6nliche Vorlieben anpassen lassen.<\/li>\n<li><strong>Unterst\u00fctzte Anpassungen<\/strong>: Sie k\u00f6nnen die Farbe und das Material nach Ihren W\u00fcnschen anpassen und sogar ein exklusives Logo hinzuf\u00fcgen. Kreieren Sie ein einzigartiges personalisiertes Schmuckk\u00e4stchen, das sich perfekt f\u00fcr den pers\u00f6nlichen Gebrauch oder als Geschenk eignet.<\/li>\n<\/ul>\n<h3 class=\"header-vfC6AV auto-hide-last-sibling-br\">Ideale Gr\u00f6\u00dfe: Geeignet f\u00fcr Zuhause und auf Reisen<\/h3>\n<div class=\"auto-hide-last-sibling-br paragraph-JOTKXA paragraph-element br-paragraph-space\">Mit Abmessungen von\u00a0<strong>22,8\u00d717,3\u00d712cm (ungef\u00e4hr 9\u00d77\u00d75 Zoll)<\/strong>, Er ist kompakt und nimmt nicht viel Platz ein. Er kann als fester Aufbewahrungsort auf Ihrem Schminktisch dienen oder einfach in einen Koffer oder eine Handtasche passen - so bleibt Ihr Schmuck auch auf Gesch\u00e4ftsreisen oder im Urlaub geordnet.<\/div>\n<h3 class=\"header-vfC6AV auto-hide-last-sibling-br\">Anpassungsdienste &amp; Lieferung<\/h3>\n<div class=\"auto-hide-last-sibling-br paragraph-JOTKXA paragraph-element br-paragraph-space\">OEM\/ODM-Anpassungsdienste sind verf\u00fcgbar, um unterschiedliche Anforderungen zu erf\u00fcllen:<\/div>\n<ul class=\"auto-hide-last-sibling-br\">\n<li>Personalisierung von Kleinserien (1-10 St\u00fcck): Die Lieferzeit betr\u00e4gt 30-45 Tage und eignet sich f\u00fcr pers\u00f6nliche Anpassungen oder den Kauf von Kleinserien als Geschenk.<\/li>\n<li>Personalisierung von Gro\u00dfserien (\u00fcber 10 St\u00fcck): Der Basiszyklus wird auf dem Verhandlungsweg festgelegt, mit einer zus\u00e4tzlichen Frist von 15 Tagen nach der Best\u00e4tigung - ideal f\u00fcr Gro\u00dfserienanforderungen.<\/li>\n<\/ul>","protected":false},"excerpt":{"rendered":"<p>Diese luxuri\u00f6se Schmuckschatulle (22,8\u00d717,3\u00d712 cm) ist aus PU-Leder gefertigt und verf\u00fcgt \u00fcber wasser- und staubdichte Funktionen. Es hat einen eingebauten Spiegel f\u00fcr einfache Schmuckanpassung und mehrschichtige Lagerung, ideal f\u00fcr Ringe, Ohrringe, Halsketten und Armb\u00e4nder. Erh\u00e4ltlich in gr\u00fcn, rot, schwarz, rosa, unterst\u00fctzt es Logo \/ Farbe \/ Material Anpassung. MOQ ist 1 St\u00fcck mit OEM\/ODM angeboten.<\/p>","protected":false},"featured_media":43088,"comment_status":"open","ping_status":"closed","template":"","meta":{"_acf_changed":false},"product_brand":[84],"product_cat":[73],"product_tag":[151,146,152,153,155,145,156,144,147,150,154,157,148,149,119],"class_list":{"0":"post-43087","1":"product","2":"type-product","3":"status-publish","4":"has-post-thumbnail","6":"product_brand-de-liang","7":"product_cat-jewelry-organization-packaging","8":"product_tag-customizable-jewelry-box","9":"product_tag-dustproof-jewelry-box","10":"product_tag-green-red-black-pink-jewelry-box","11":"product_tag-home-travel-jewelry-case","12":"product_tag-jewelry-box-with-built-in-mirror","13":"product_tag-jewelry-box-with-mirror","14":"product_tag-luxury-jewelry-storage-case","15":"product_tag-luxury-pu-jewelry-box","16":"product_tag-multi-layer-jewelry-organizer","17":"product_tag-necklaces-bracelets-organizer","18":"product_tag-precious-jewelry-storage-box","19":"product_tag-pu-jewelry-organizer-with-mirror","20":"product_tag-pu-leather-jewelry-box","21":"product_tag-rings-earrings-storage-box","22":"product_tag-waterproof-jewelry-storage","24":"first","25":"instock","26":"shipping-taxable","27":"purchasable","28":"product-type-simple"},"acf":[],"yoast_head":"<!-- This site is optimized with the Yoast SEO plugin v27.4 - https:\/\/yoast.com\/product\/yoast-seo-wordpress\/ -->\n<title>Luxury PU Leather Jewelry Box with Mirror \u2013 Waterproof, Dustproof Multi-Layer Organizer for Rings, Earrings, Necklaces &amp; Bracelets - DE-LIANG - jewelry,clothes,watch,beauty cosmetics<\/title>\n<meta name=\"robots\" content=\"index, follow, max-snippet:-1, max-image-preview:large, max-video-preview:-1\" \/>\n<link rel=\"canonical\" href=\"https:\/\/deliangdisplay.com\/de\/unser-produkt\/verpackung\/schmuck-organisationsverpackungen\/luxus-pu-leder-schmuckkastchen-mit-spiegel-wasserdicht-staubdicht-multi-layer-organizer-fur-ringe-ohrringe-halsketten-armbander\/\" \/>\n<meta property=\"og:locale\" content=\"de_DE\" \/>\n<meta property=\"og:type\" content=\"article\" \/>\n<meta property=\"og:title\" content=\"Luxury PU Leather Jewelry Box with Mirror \u2013 Waterproof, Dustproof Multi-Layer Organizer for Rings, Earrings, Necklaces &amp; Bracelets - DE-LIANG - jewelry,clothes,watch,beauty cosmetics\" \/>\n<meta property=\"og:description\" content=\"This luxury jewelry box (22.8\u00d717.3\u00d712cm) is made of PU leather, featuring waterproof and dustproof functions. It has a built-in mirror for easy jewelry fitting and multi-layer storage, ideal for rings, earrings, necklaces, and bracelets. Available in green, red, black, pink, it supports logo\/color\/material customization. MOQ is 1 piece with OEM\/ODM offered.\" \/>\n<meta property=\"og:url\" content=\"https:\/\/deliangdisplay.com\/de\/unser-produkt\/verpackung\/schmuck-organisationsverpackungen\/luxus-pu-leder-schmuckkastchen-mit-spiegel-wasserdicht-staubdicht-multi-layer-organizer-fur-ringe-ohrringe-halsketten-armbander\/\" \/>\n<meta property=\"og:site_name\" content=\"DE-LIANG - jewelry,clothes,watch,beauty cosmetics\" \/>\n<meta property=\"article:publisher\" content=\"https:\/\/www.facebook.com\/JaneZhang008\/\" \/>\n<meta property=\"article:modified_time\" content=\"2025-10-11T09:36:13+00:00\" \/>\n<meta property=\"og:image\" content=\"https:\/\/deliangdisplay.com\/wp-content\/uploads\/2025\/09\/19.jpg\" \/>\n\t<meta property=\"og:image:width\" content=\"1000\" \/>\n\t<meta property=\"og:image:height\" content=\"1000\" \/>\n\t<meta property=\"og:image:type\" content=\"image\/jpeg\" \/>\n<meta name=\"twitter:card\" content=\"summary_large_image\" \/>\n<meta name=\"twitter:site\" content=\"@ly673551729\" \/>\n<meta name=\"twitter:label1\" content=\"Gesch\u00e4tzte Lesezeit\" \/>\n\t<meta name=\"twitter:data1\" content=\"2\u00a0Minuten\" \/>\n<script type=\"application\/ld+json\" class=\"yoast-schema-graph\">{\"@context\":\"https:\\\/\\\/schema.org\",\"@graph\":[{\"@type\":\"WebPage\",\"@id\":\"https:\\\/\\\/deliangdisplay.com\\\/our-product\\\/packaging\\\/jewelry-organization-packaging\\\/luxury-pu-leather-jewelry-box-with-mirror-waterproof-dustproof-multi-layer-organizer-for-rings-earrings-necklaces-bracelets\\\/\",\"url\":\"https:\\\/\\\/deliangdisplay.com\\\/our-product\\\/packaging\\\/jewelry-organization-packaging\\\/luxury-pu-leather-jewelry-box-with-mirror-waterproof-dustproof-multi-layer-organizer-for-rings-earrings-necklaces-bracelets\\\/\",\"name\":\"Luxury PU Leather Jewelry Box with Mirror \u2013 Waterproof, Dustproof Multi-Layer Organizer for Rings, Earrings, Necklaces & Bracelets - DE-LIANG - jewelry,clothes,watch,beauty cosmetics\",\"isPartOf\":{\"@id\":\"https:\\\/\\\/deliangdisplay.com\\\/#website\"},\"primaryImageOfPage\":{\"@id\":\"https:\\\/\\\/deliangdisplay.com\\\/our-product\\\/packaging\\\/jewelry-organization-packaging\\\/luxury-pu-leather-jewelry-box-with-mirror-waterproof-dustproof-multi-layer-organizer-for-rings-earrings-necklaces-bracelets\\\/#primaryimage\"},\"image\":{\"@id\":\"https:\\\/\\\/deliangdisplay.com\\\/our-product\\\/packaging\\\/jewelry-organization-packaging\\\/luxury-pu-leather-jewelry-box-with-mirror-waterproof-dustproof-multi-layer-organizer-for-rings-earrings-necklaces-bracelets\\\/#primaryimage\"},\"thumbnailUrl\":\"https:\\\/\\\/deliangdisplay.com\\\/wp-content\\\/uploads\\\/2025\\\/09\\\/19.jpg\",\"datePublished\":\"2025-09-17T07:50:36+00:00\",\"dateModified\":\"2025-10-11T09:36:13+00:00\",\"breadcrumb\":{\"@id\":\"https:\\\/\\\/deliangdisplay.com\\\/our-product\\\/packaging\\\/jewelry-organization-packaging\\\/luxury-pu-leather-jewelry-box-with-mirror-waterproof-dustproof-multi-layer-organizer-for-rings-earrings-necklaces-bracelets\\\/#breadcrumb\"},\"inLanguage\":\"de\",\"potentialAction\":[{\"@type\":\"ReadAction\",\"target\":[\"https:\\\/\\\/deliangdisplay.com\\\/our-product\\\/packaging\\\/jewelry-organization-packaging\\\/luxury-pu-leather-jewelry-box-with-mirror-waterproof-dustproof-multi-layer-organizer-for-rings-earrings-necklaces-bracelets\\\/\"]}]},{\"@type\":\"ImageObject\",\"inLanguage\":\"de\",\"@id\":\"https:\\\/\\\/deliangdisplay.com\\\/our-product\\\/packaging\\\/jewelry-organization-packaging\\\/luxury-pu-leather-jewelry-box-with-mirror-waterproof-dustproof-multi-layer-organizer-for-rings-earrings-necklaces-bracelets\\\/#primaryimage\",\"url\":\"https:\\\/\\\/deliangdisplay.com\\\/wp-content\\\/uploads\\\/2025\\\/09\\\/19.jpg\",\"contentUrl\":\"https:\\\/\\\/deliangdisplay.com\\\/wp-content\\\/uploads\\\/2025\\\/09\\\/19.jpg\",\"width\":1000,\"height\":1000},{\"@type\":\"BreadcrumbList\",\"@id\":\"https:\\\/\\\/deliangdisplay.com\\\/our-product\\\/packaging\\\/jewelry-organization-packaging\\\/luxury-pu-leather-jewelry-box-with-mirror-waterproof-dustproof-multi-layer-organizer-for-rings-earrings-necklaces-bracelets\\\/#breadcrumb\",\"itemListElement\":[{\"@type\":\"ListItem\",\"position\":1,\"name\":\"\u9996\u9875\",\"item\":\"https:\\\/\\\/deliangdisplay.com\\\/\"},{\"@type\":\"ListItem\",\"position\":2,\"name\":\"Our Product\",\"item\":\"https:\\\/\\\/deliangdisplay.com\\\/our-product\\\/\"},{\"@type\":\"ListItem\",\"position\":3,\"name\":\"Luxury PU Leather Jewelry Box with Mirror \u2013 Waterproof, Dustproof Multi-Layer Organizer for Rings, Earrings, Necklaces &#038; Bracelets\"}]},{\"@type\":\"WebSite\",\"@id\":\"https:\\\/\\\/deliangdisplay.com\\\/#website\",\"url\":\"https:\\\/\\\/deliangdisplay.com\\\/\",\"name\":\"deliangdisplay.com\",\"description\":\"DE-LIANG - Providing bespoke packaging solutions and luxurious display design services for brands in jewelry, apparel, watches, beauty cosmetics, and more.\",\"publisher\":{\"@id\":\"https:\\\/\\\/deliangdisplay.com\\\/#organization\"},\"potentialAction\":[{\"@type\":\"SearchAction\",\"target\":{\"@type\":\"EntryPoint\",\"urlTemplate\":\"https:\\\/\\\/deliangdisplay.com\\\/?s={search_term_string}\"},\"query-input\":{\"@type\":\"PropertyValueSpecification\",\"valueRequired\":true,\"valueName\":\"search_term_string\"}}],\"inLanguage\":\"de\"},{\"@type\":\"Organization\",\"@id\":\"https:\\\/\\\/deliangdisplay.com\\\/#organization\",\"name\":\"deliangdisplay.com\",\"url\":\"https:\\\/\\\/deliangdisplay.com\\\/\",\"logo\":{\"@type\":\"ImageObject\",\"inLanguage\":\"de\",\"@id\":\"https:\\\/\\\/deliangdisplay.com\\\/#\\\/schema\\\/logo\\\/image\\\/\",\"url\":\"https:\\\/\\\/deliangdisplay.com\\\/wp-content\\\/uploads\\\/2025\\\/08\\\/DELIANGDISPALY_logo.png\",\"contentUrl\":\"https:\\\/\\\/deliangdisplay.com\\\/wp-content\\\/uploads\\\/2025\\\/08\\\/DELIANGDISPALY_logo.png\",\"width\":300,\"height\":130,\"caption\":\"deliangdisplay.com\"},\"image\":{\"@id\":\"https:\\\/\\\/deliangdisplay.com\\\/#\\\/schema\\\/logo\\\/image\\\/\"},\"sameAs\":[\"https:\\\/\\\/www.facebook.com\\\/JaneZhang008\\\/\",\"https:\\\/\\\/x.com\\\/ly673551729\"]}]}<\/script>\n<!-- \/ Yoast SEO plugin. -->","yoast_head_json":{"title":"Luxus PU Leder Schmuckk\u00e4stchen mit Spiegel - Wasserdicht, staubdicht Multi-Layer-Organizer f\u00fcr Ringe, Ohrringe, Halsketten &amp; Armb\u00e4nder - DE-LIANG - Schmuck,Kleidung,Uhr,Sch\u00f6nheit Kosmetik","robots":{"index":"index","follow":"follow","max-snippet":"max-snippet:-1","max-image-preview":"max-image-preview:large","max-video-preview":"max-video-preview:-1"},"canonical":"https:\/\/deliangdisplay.com\/de\/unser-produkt\/verpackung\/schmuck-organisationsverpackungen\/luxus-pu-leder-schmuckkastchen-mit-spiegel-wasserdicht-staubdicht-multi-layer-organizer-fur-ringe-ohrringe-halsketten-armbander\/","og_locale":"de_DE","og_type":"article","og_title":"Luxury PU Leather Jewelry Box with Mirror \u2013 Waterproof, Dustproof Multi-Layer Organizer for Rings, Earrings, Necklaces & Bracelets - DE-LIANG - jewelry,clothes,watch,beauty cosmetics","og_description":"This luxury jewelry box (22.8\u00d717.3\u00d712cm) is made of PU leather, featuring waterproof and dustproof functions. It has a built-in mirror for easy jewelry fitting and multi-layer storage, ideal for rings, earrings, necklaces, and bracelets. Available in green, red, black, pink, it supports logo\/color\/material customization. MOQ is 1 piece with OEM\/ODM offered.","og_url":"https:\/\/deliangdisplay.com\/de\/unser-produkt\/verpackung\/schmuck-organisationsverpackungen\/luxus-pu-leder-schmuckkastchen-mit-spiegel-wasserdicht-staubdicht-multi-layer-organizer-fur-ringe-ohrringe-halsketten-armbander\/","og_site_name":"DE-LIANG - jewelry,clothes,watch,beauty cosmetics","article_publisher":"https:\/\/www.facebook.com\/JaneZhang008\/","article_modified_time":"2025-10-11T09:36:13+00:00","og_image":[{"width":1000,"height":1000,"url":"https:\/\/deliangdisplay.com\/wp-content\/uploads\/2025\/09\/19.jpg","type":"image\/jpeg"}],"twitter_card":"summary_large_image","twitter_site":"@ly673551729","twitter_misc":{"Gesch\u00e4tzte Lesezeit":"2\u00a0Minuten"},"schema":{"@context":"https:\/\/schema.org","@graph":[{"@type":"WebPage","@id":"https:\/\/deliangdisplay.com\/our-product\/packaging\/jewelry-organization-packaging\/luxury-pu-leather-jewelry-box-with-mirror-waterproof-dustproof-multi-layer-organizer-for-rings-earrings-necklaces-bracelets\/","url":"https:\/\/deliangdisplay.com\/our-product\/packaging\/jewelry-organization-packaging\/luxury-pu-leather-jewelry-box-with-mirror-waterproof-dustproof-multi-layer-organizer-for-rings-earrings-necklaces-bracelets\/","name":"Luxus PU Leder Schmuckk\u00e4stchen mit Spiegel - Wasserdicht, staubdicht Multi-Layer-Organizer f\u00fcr Ringe, Ohrringe, Halsketten &amp; Armb\u00e4nder - DE-LIANG - Schmuck,Kleidung,Uhr,Sch\u00f6nheit Kosmetik","isPartOf":{"@id":"https:\/\/deliangdisplay.com\/#website"},"primaryImageOfPage":{"@id":"https:\/\/deliangdisplay.com\/our-product\/packaging\/jewelry-organization-packaging\/luxury-pu-leather-jewelry-box-with-mirror-waterproof-dustproof-multi-layer-organizer-for-rings-earrings-necklaces-bracelets\/#primaryimage"},"image":{"@id":"https:\/\/deliangdisplay.com\/our-product\/packaging\/jewelry-organization-packaging\/luxury-pu-leather-jewelry-box-with-mirror-waterproof-dustproof-multi-layer-organizer-for-rings-earrings-necklaces-bracelets\/#primaryimage"},"thumbnailUrl":"https:\/\/deliangdisplay.com\/wp-content\/uploads\/2025\/09\/19.jpg","datePublished":"2025-09-17T07:50:36+00:00","dateModified":"2025-10-11T09:36:13+00:00","breadcrumb":{"@id":"https:\/\/deliangdisplay.com\/our-product\/packaging\/jewelry-organization-packaging\/luxury-pu-leather-jewelry-box-with-mirror-waterproof-dustproof-multi-layer-organizer-for-rings-earrings-necklaces-bracelets\/#breadcrumb"},"inLanguage":"de","potentialAction":[{"@type":"ReadAction","target":["https:\/\/deliangdisplay.com\/our-product\/packaging\/jewelry-organization-packaging\/luxury-pu-leather-jewelry-box-with-mirror-waterproof-dustproof-multi-layer-organizer-for-rings-earrings-necklaces-bracelets\/"]}]},{"@type":"ImageObject","inLanguage":"de","@id":"https:\/\/deliangdisplay.com\/our-product\/packaging\/jewelry-organization-packaging\/luxury-pu-leather-jewelry-box-with-mirror-waterproof-dustproof-multi-layer-organizer-for-rings-earrings-necklaces-bracelets\/#primaryimage","url":"https:\/\/deliangdisplay.com\/wp-content\/uploads\/2025\/09\/19.jpg","contentUrl":"https:\/\/deliangdisplay.com\/wp-content\/uploads\/2025\/09\/19.jpg","width":1000,"height":1000},{"@type":"BreadcrumbList","@id":"https:\/\/deliangdisplay.com\/our-product\/packaging\/jewelry-organization-packaging\/luxury-pu-leather-jewelry-box-with-mirror-waterproof-dustproof-multi-layer-organizer-for-rings-earrings-necklaces-bracelets\/#breadcrumb","itemListElement":[{"@type":"ListItem","position":1,"name":"\u9996\u9875","item":"https:\/\/deliangdisplay.com\/"},{"@type":"ListItem","position":2,"name":"Our Product","item":"https:\/\/deliangdisplay.com\/our-product\/"},{"@type":"ListItem","position":3,"name":"Luxury PU Leather Jewelry Box with Mirror \u2013 Waterproof, Dustproof Multi-Layer Organizer for Rings, Earrings, Necklaces &#038; Bracelets"}]},{"@type":"WebSite","@id":"https:\/\/deliangdisplay.com\/#website","url":"https:\/\/deliangdisplay.com\/","name":"deliangdisplay.com","description":"DE-LIANG - Ma\u00dfgeschneiderte Verpackungsl\u00f6sungen und luxuri\u00f6ses Display-Design f\u00fcr Marken aus der Schmuck-, Bekleidungs-, Uhren- und Kosmetikbranche und mehr.","publisher":{"@id":"https:\/\/deliangdisplay.com\/#organization"},"potentialAction":[{"@type":"SearchAction","target":{"@type":"EntryPoint","urlTemplate":"https:\/\/deliangdisplay.com\/?s={search_term_string}"},"query-input":{"@type":"PropertyValueSpecification","valueRequired":true,"valueName":"search_term_string"}}],"inLanguage":"de"},{"@type":"Organization","@id":"https:\/\/deliangdisplay.com\/#organization","name":"deliangdisplay.com","url":"https:\/\/deliangdisplay.com\/","logo":{"@type":"ImageObject","inLanguage":"de","@id":"https:\/\/deliangdisplay.com\/#\/schema\/logo\/image\/","url":"https:\/\/deliangdisplay.com\/wp-content\/uploads\/2025\/08\/DELIANGDISPALY_logo.png","contentUrl":"https:\/\/deliangdisplay.com\/wp-content\/uploads\/2025\/08\/DELIANGDISPALY_logo.png","width":300,"height":130,"caption":"deliangdisplay.com"},"image":{"@id":"https:\/\/deliangdisplay.com\/#\/schema\/logo\/image\/"},"sameAs":["https:\/\/www.facebook.com\/JaneZhang008\/","https:\/\/x.com\/ly673551729"]}]}},"_links":{"self":[{"href":"https:\/\/deliangdisplay.com\/de\/wp-json\/wp\/v2\/product\/43087","targetHints":{"allow":["GET"]}}],"collection":[{"href":"https:\/\/deliangdisplay.com\/de\/wp-json\/wp\/v2\/product"}],"about":[{"href":"https:\/\/deliangdisplay.com\/de\/wp-json\/wp\/v2\/types\/product"}],"replies":[{"embeddable":true,"href":"https:\/\/deliangdisplay.com\/de\/wp-json\/wp\/v2\/comments?post=43087"}],"wp:featuredmedia":[{"embeddable":true,"href":"https:\/\/deliangdisplay.com\/de\/wp-json\/wp\/v2\/media\/43088"}],"wp:attachment":[{"href":"https:\/\/deliangdisplay.com\/de\/wp-json\/wp\/v2\/media?parent=43087"}],"wp:term":[{"taxonomy":"product_brand","embeddable":true,"href":"https:\/\/deliangdisplay.com\/de\/wp-json\/wp\/v2\/product_brand?post=43087"},{"taxonomy":"product_cat","embeddable":true,"href":"https:\/\/deliangdisplay.com\/de\/wp-json\/wp\/v2\/product_cat?post=43087"},{"taxonomy":"product_tag","embeddable":true,"href":"https:\/\/deliangdisplay.com\/de\/wp-json\/wp\/v2\/product_tag?post=43087"}],"curies":[{"name":"wp","href":"https:\/\/api.w.org\/{rel}","templated":true}]}}