{"id":42770,"date":"2025-08-28T18:26:01","date_gmt":"2025-08-28T10:26:01","guid":{"rendered":"https:\/\/deliangdisplay.com\/?post_type=product&#038;p=42770"},"modified":"2025-09-18T19:46:45","modified_gmt":"2025-09-18T11:46:45","slug":"high-end-samt-schmuck-box-schmuck-geschenk-vorschlag-verlobung-hochzeit-reise-frauen-und-madchen-geschenk-verpackung","status":"publish","type":"product","link":"https:\/\/deliangdisplay.com\/de\/unser-produkt\/verpackung\/schmuckkastchen-verpackung\/high-end-samt-schmuck-box-schmuck-geschenk-vorschlag-verlobung-hochzeit-reise-frauen-und-madchen-geschenk-verpackung\/","title":{"rendered":"High End Samt Schmuck Box Schmuck Geschenk Vorschlag Verlobung Hochzeit Reisen Frauen und M\u00e4dchen Geschenk Verpackung"},"content":{"rendered":"<p>Eine elegante und praktische L\u00f6sung zur Aufbewahrung von Schmuck, ideal zum Verschenken (Valentinstag, Heiratsantrag, Verlobung, Hochzeit) oder f\u00fcr den t\u00e4glichen Gebrauch - ideal f\u00fcr Frauen und M\u00e4dchen.<\/p>\n<h3>Wesentliche Merkmale<\/h3>\n<ul>\n<li><strong>Hochwertiges Material<\/strong>: Aus hochwertigem Kunststoff und Samt gefertigt, mit luxuri\u00f6sem goldenem Finish.<\/li>\n<li><strong>Design und Gr\u00f6\u00dfe<\/strong>: Modischer, schlichter Stil, quadratische Form (10,5 cm \u00d7 10 cm \u00d7 10 cm) und sicherer Klettverschluss - in erster Linie f\u00fcr die Aufbewahrung von Ringen gedacht.<\/li>\n<\/ul>\n<h3>Lieferant &amp; Service<\/h3>\n<ul>\n<li>Bereitgestellt von Shenzhen De Liang Display Props Co., Ltd, einem verifizierten Hersteller mit 11 Jahren ODM &amp; OEM Erfahrung, 15 kooperierenden Fabriken und einer 100% positiven Bewertungsrate.<\/li>\n<li>Wichtigste Exportm\u00e4rkte: USA, Australien, Israel, Nordamerika, S\u00fcdeuropa.<\/li>\n<\/ul>\n<h3>Anpassungen &amp; Bestelldetails<\/h3>\n<ul>\n<li>Unterst\u00fctzt kleinere Anpassungen und zeichnungsbasierte Anpassungen.<\/li>\n<li>Mindestbestellmenge: 100 St\u00fcck.<\/li>\n<li>Preisgestaltung: $3 pro St\u00fcck (1000-9900 St\u00fcck); $1,80 pro St\u00fcck (10.000+ St\u00fcck).<\/li>\n<li>Vorlaufzeit: 15 Tage (100-700 St\u00fcck); bei gr\u00f6\u00dferen Bestellungen verhandelbar.<\/li>\n<\/ul>\n<h3>Zuverl\u00e4ssige Garantien<\/h3>\n<p>100% p\u00fcnktliche Lieferung, \u22642 Stunden Reaktionszeit, R\u00fcckverfolgbarkeit des Rohmaterials, Kontrolle des fertigen Produkts und einfaches R\u00fcckgaberecht - das Vertrauen von Juweliergesch\u00e4ften und Privatkunden.<\/p>","protected":false},"excerpt":{"rendered":"<p>An elegant and functional jewelry storage solution, perfect for gifting on special occasions like Valentine&#8217;s Day, proposals, engagements, or weddings, and also ideal for everyday use\u2014designed for women and girls. Crafted from high-quality plastic and velvet with a luxurious golden finish, this stylish and minimalist square-shaped box (10.5cm \u00d7 10cm \u00d7 10cm \/ 4.1in \u00d7 3.9in \u00d7 3.9in) features a secure hook-and-loop closure, specifically designed for storing rings.<\/p>","protected":false},"featured_media":42775,"comment_status":"open","ping_status":"closed","template":"","meta":{"_acf_changed":false},"product_brand":[],"product_cat":[72],"product_tag":[],"class_list":{"0":"post-42770","1":"product","2":"type-product","3":"status-publish","4":"has-post-thumbnail","6":"product_cat-jewelry-boxes-packaging","8":"first","9":"instock","10":"shipping-taxable","11":"product-type-simple"},"acf":[],"yoast_head":"<!-- This site is optimized with the Yoast SEO plugin v27.4 - https:\/\/yoast.com\/product\/yoast-seo-wordpress\/ -->\n<title>High End Velvet Jewelry Box Jewelry Gift Proposal Engagement Wedding Travel Women and Girls Gift Packaging - DE-LIANG - jewelry,clothes,watch,beauty cosmetics<\/title>\n<meta name=\"robots\" content=\"index, follow, max-snippet:-1, max-image-preview:large, max-video-preview:-1\" \/>\n<link rel=\"canonical\" href=\"https:\/\/deliangdisplay.com\/de\/unser-produkt\/verpackung\/schmuckkastchen-verpackung\/high-end-samt-schmuck-box-schmuck-geschenk-vorschlag-verlobung-hochzeit-reise-frauen-und-madchen-geschenk-verpackung\/\" \/>\n<meta property=\"og:locale\" content=\"de_DE\" \/>\n<meta property=\"og:type\" content=\"article\" \/>\n<meta property=\"og:title\" content=\"High End Velvet Jewelry Box Jewelry Gift Proposal Engagement Wedding Travel Women and Girls Gift Packaging - DE-LIANG - jewelry,clothes,watch,beauty cosmetics\" \/>\n<meta property=\"og:description\" content=\"An elegant and functional jewelry storage solution, perfect for gifting on special occasions like Valentine&#039;s Day, proposals, engagements, or weddings, and also ideal for everyday use\u2014designed for women and girls. Crafted from high-quality plastic and velvet with a luxurious golden finish, this stylish and minimalist square-shaped box (10.5cm \u00d7 10cm \u00d7 10cm \/ 4.1in \u00d7 3.9in \u00d7 3.9in) features a secure hook-and-loop closure, specifically designed for storing rings.\" \/>\n<meta property=\"og:url\" content=\"https:\/\/deliangdisplay.com\/de\/unser-produkt\/verpackung\/schmuckkastchen-verpackung\/high-end-samt-schmuck-box-schmuck-geschenk-vorschlag-verlobung-hochzeit-reise-frauen-und-madchen-geschenk-verpackung\/\" \/>\n<meta property=\"og:site_name\" content=\"DE-LIANG - jewelry,clothes,watch,beauty cosmetics\" \/>\n<meta property=\"article:publisher\" content=\"https:\/\/www.facebook.com\/JaneZhang008\/\" \/>\n<meta property=\"article:modified_time\" content=\"2025-09-18T11:46:45+00:00\" \/>\n<meta property=\"og:image\" content=\"https:\/\/deliangdisplay.com\/wp-content\/uploads\/2025\/08\/He4ab6ca0d5f241e480e63ae83ee6773bV.jpg\" \/>\n\t<meta property=\"og:image:width\" content=\"1500\" \/>\n\t<meta property=\"og:image:height\" content=\"1500\" \/>\n\t<meta property=\"og:image:type\" content=\"image\/jpeg\" \/>\n<meta name=\"twitter:card\" content=\"summary_large_image\" \/>\n<meta name=\"twitter:site\" content=\"@ly673551729\" \/>\n<meta name=\"twitter:label1\" content=\"Gesch\u00e4tzte Lesezeit\" \/>\n\t<meta name=\"twitter:data1\" content=\"1\u00a0Minute\" \/>\n<script type=\"application\/ld+json\" class=\"yoast-schema-graph\">{\"@context\":\"https:\\\/\\\/schema.org\",\"@graph\":[{\"@type\":\"WebPage\",\"@id\":\"https:\\\/\\\/deliangdisplay.com\\\/our-product\\\/packaging\\\/jewelry-boxes-packaging\\\/high-end-velvet-jewelry-box-jewelry-gift-proposal-engagement-wedding-travel-women-and-girls-gift-packaging\\\/\",\"url\":\"https:\\\/\\\/deliangdisplay.com\\\/our-product\\\/packaging\\\/jewelry-boxes-packaging\\\/high-end-velvet-jewelry-box-jewelry-gift-proposal-engagement-wedding-travel-women-and-girls-gift-packaging\\\/\",\"name\":\"High End Velvet Jewelry Box Jewelry Gift Proposal Engagement Wedding Travel Women and Girls Gift Packaging - DE-LIANG - jewelry,clothes,watch,beauty cosmetics\",\"isPartOf\":{\"@id\":\"https:\\\/\\\/deliangdisplay.com\\\/#website\"},\"primaryImageOfPage\":{\"@id\":\"https:\\\/\\\/deliangdisplay.com\\\/our-product\\\/packaging\\\/jewelry-boxes-packaging\\\/high-end-velvet-jewelry-box-jewelry-gift-proposal-engagement-wedding-travel-women-and-girls-gift-packaging\\\/#primaryimage\"},\"image\":{\"@id\":\"https:\\\/\\\/deliangdisplay.com\\\/our-product\\\/packaging\\\/jewelry-boxes-packaging\\\/high-end-velvet-jewelry-box-jewelry-gift-proposal-engagement-wedding-travel-women-and-girls-gift-packaging\\\/#primaryimage\"},\"thumbnailUrl\":\"https:\\\/\\\/deliangdisplay.com\\\/wp-content\\\/uploads\\\/2025\\\/08\\\/He4ab6ca0d5f241e480e63ae83ee6773bV.jpg\",\"datePublished\":\"2025-08-28T10:26:01+00:00\",\"dateModified\":\"2025-09-18T11:46:45+00:00\",\"breadcrumb\":{\"@id\":\"https:\\\/\\\/deliangdisplay.com\\\/our-product\\\/packaging\\\/jewelry-boxes-packaging\\\/high-end-velvet-jewelry-box-jewelry-gift-proposal-engagement-wedding-travel-women-and-girls-gift-packaging\\\/#breadcrumb\"},\"inLanguage\":\"de\",\"potentialAction\":[{\"@type\":\"ReadAction\",\"target\":[\"https:\\\/\\\/deliangdisplay.com\\\/our-product\\\/packaging\\\/jewelry-boxes-packaging\\\/high-end-velvet-jewelry-box-jewelry-gift-proposal-engagement-wedding-travel-women-and-girls-gift-packaging\\\/\"]}]},{\"@type\":\"ImageObject\",\"inLanguage\":\"de\",\"@id\":\"https:\\\/\\\/deliangdisplay.com\\\/our-product\\\/packaging\\\/jewelry-boxes-packaging\\\/high-end-velvet-jewelry-box-jewelry-gift-proposal-engagement-wedding-travel-women-and-girls-gift-packaging\\\/#primaryimage\",\"url\":\"https:\\\/\\\/deliangdisplay.com\\\/wp-content\\\/uploads\\\/2025\\\/08\\\/He4ab6ca0d5f241e480e63ae83ee6773bV.jpg\",\"contentUrl\":\"https:\\\/\\\/deliangdisplay.com\\\/wp-content\\\/uploads\\\/2025\\\/08\\\/He4ab6ca0d5f241e480e63ae83ee6773bV.jpg\",\"width\":1500,\"height\":1500,\"caption\":\"Velvet Jewelry Box\"},{\"@type\":\"BreadcrumbList\",\"@id\":\"https:\\\/\\\/deliangdisplay.com\\\/our-product\\\/packaging\\\/jewelry-boxes-packaging\\\/high-end-velvet-jewelry-box-jewelry-gift-proposal-engagement-wedding-travel-women-and-girls-gift-packaging\\\/#breadcrumb\",\"itemListElement\":[{\"@type\":\"ListItem\",\"position\":1,\"name\":\"\u9996\u9875\",\"item\":\"https:\\\/\\\/deliangdisplay.com\\\/\"},{\"@type\":\"ListItem\",\"position\":2,\"name\":\"Our Product\",\"item\":\"https:\\\/\\\/deliangdisplay.com\\\/our-product\\\/\"},{\"@type\":\"ListItem\",\"position\":3,\"name\":\"High End Velvet Jewelry Box Jewelry Gift Proposal Engagement Wedding Travel Women and Girls Gift Packaging\"}]},{\"@type\":\"WebSite\",\"@id\":\"https:\\\/\\\/deliangdisplay.com\\\/#website\",\"url\":\"https:\\\/\\\/deliangdisplay.com\\\/\",\"name\":\"deliangdisplay.com\",\"description\":\"DE-LIANG - Providing bespoke packaging solutions and luxurious display design services for brands in jewelry, apparel, watches, beauty cosmetics, and more.\",\"publisher\":{\"@id\":\"https:\\\/\\\/deliangdisplay.com\\\/#organization\"},\"potentialAction\":[{\"@type\":\"SearchAction\",\"target\":{\"@type\":\"EntryPoint\",\"urlTemplate\":\"https:\\\/\\\/deliangdisplay.com\\\/?s={search_term_string}\"},\"query-input\":{\"@type\":\"PropertyValueSpecification\",\"valueRequired\":true,\"valueName\":\"search_term_string\"}}],\"inLanguage\":\"de\"},{\"@type\":\"Organization\",\"@id\":\"https:\\\/\\\/deliangdisplay.com\\\/#organization\",\"name\":\"deliangdisplay.com\",\"url\":\"https:\\\/\\\/deliangdisplay.com\\\/\",\"logo\":{\"@type\":\"ImageObject\",\"inLanguage\":\"de\",\"@id\":\"https:\\\/\\\/deliangdisplay.com\\\/#\\\/schema\\\/logo\\\/image\\\/\",\"url\":\"https:\\\/\\\/deliangdisplay.com\\\/wp-content\\\/uploads\\\/2025\\\/08\\\/DELIANGDISPALY_logo.png\",\"contentUrl\":\"https:\\\/\\\/deliangdisplay.com\\\/wp-content\\\/uploads\\\/2025\\\/08\\\/DELIANGDISPALY_logo.png\",\"width\":300,\"height\":130,\"caption\":\"deliangdisplay.com\"},\"image\":{\"@id\":\"https:\\\/\\\/deliangdisplay.com\\\/#\\\/schema\\\/logo\\\/image\\\/\"},\"sameAs\":[\"https:\\\/\\\/www.facebook.com\\\/JaneZhang008\\\/\",\"https:\\\/\\\/x.com\\\/ly673551729\"]}]}<\/script>\n<!-- \/ Yoast SEO plugin. -->","yoast_head_json":{"title":"High End Samt-Schmuckk\u00e4stchen Schmuck Geschenk Vorschlag Verlobung Hochzeit Reisen Frauen und M\u00e4dchen Geschenkverpackung - DE-LIANG - Schmuck,Kleidung,Uhr,Sch\u00f6nheit Kosmetik","robots":{"index":"index","follow":"follow","max-snippet":"max-snippet:-1","max-image-preview":"max-image-preview:large","max-video-preview":"max-video-preview:-1"},"canonical":"https:\/\/deliangdisplay.com\/de\/unser-produkt\/verpackung\/schmuckkastchen-verpackung\/high-end-samt-schmuck-box-schmuck-geschenk-vorschlag-verlobung-hochzeit-reise-frauen-und-madchen-geschenk-verpackung\/","og_locale":"de_DE","og_type":"article","og_title":"High End Velvet Jewelry Box Jewelry Gift Proposal Engagement Wedding Travel Women and Girls Gift Packaging - DE-LIANG - jewelry,clothes,watch,beauty cosmetics","og_description":"An elegant and functional jewelry storage solution, perfect for gifting on special occasions like Valentine's Day, proposals, engagements, or weddings, and also ideal for everyday use\u2014designed for women and girls. Crafted from high-quality plastic and velvet with a luxurious golden finish, this stylish and minimalist square-shaped box (10.5cm \u00d7 10cm \u00d7 10cm \/ 4.1in \u00d7 3.9in \u00d7 3.9in) features a secure hook-and-loop closure, specifically designed for storing rings.","og_url":"https:\/\/deliangdisplay.com\/de\/unser-produkt\/verpackung\/schmuckkastchen-verpackung\/high-end-samt-schmuck-box-schmuck-geschenk-vorschlag-verlobung-hochzeit-reise-frauen-und-madchen-geschenk-verpackung\/","og_site_name":"DE-LIANG - jewelry,clothes,watch,beauty cosmetics","article_publisher":"https:\/\/www.facebook.com\/JaneZhang008\/","article_modified_time":"2025-09-18T11:46:45+00:00","og_image":[{"width":1500,"height":1500,"url":"https:\/\/deliangdisplay.com\/wp-content\/uploads\/2025\/08\/He4ab6ca0d5f241e480e63ae83ee6773bV.jpg","type":"image\/jpeg"}],"twitter_card":"summary_large_image","twitter_site":"@ly673551729","twitter_misc":{"Gesch\u00e4tzte Lesezeit":"1\u00a0Minute"},"schema":{"@context":"https:\/\/schema.org","@graph":[{"@type":"WebPage","@id":"https:\/\/deliangdisplay.com\/our-product\/packaging\/jewelry-boxes-packaging\/high-end-velvet-jewelry-box-jewelry-gift-proposal-engagement-wedding-travel-women-and-girls-gift-packaging\/","url":"https:\/\/deliangdisplay.com\/our-product\/packaging\/jewelry-boxes-packaging\/high-end-velvet-jewelry-box-jewelry-gift-proposal-engagement-wedding-travel-women-and-girls-gift-packaging\/","name":"High End Samt-Schmuckk\u00e4stchen Schmuck Geschenk Vorschlag Verlobung Hochzeit Reisen Frauen und M\u00e4dchen Geschenkverpackung - DE-LIANG - Schmuck,Kleidung,Uhr,Sch\u00f6nheit Kosmetik","isPartOf":{"@id":"https:\/\/deliangdisplay.com\/#website"},"primaryImageOfPage":{"@id":"https:\/\/deliangdisplay.com\/our-product\/packaging\/jewelry-boxes-packaging\/high-end-velvet-jewelry-box-jewelry-gift-proposal-engagement-wedding-travel-women-and-girls-gift-packaging\/#primaryimage"},"image":{"@id":"https:\/\/deliangdisplay.com\/our-product\/packaging\/jewelry-boxes-packaging\/high-end-velvet-jewelry-box-jewelry-gift-proposal-engagement-wedding-travel-women-and-girls-gift-packaging\/#primaryimage"},"thumbnailUrl":"https:\/\/deliangdisplay.com\/wp-content\/uploads\/2025\/08\/He4ab6ca0d5f241e480e63ae83ee6773bV.jpg","datePublished":"2025-08-28T10:26:01+00:00","dateModified":"2025-09-18T11:46:45+00:00","breadcrumb":{"@id":"https:\/\/deliangdisplay.com\/our-product\/packaging\/jewelry-boxes-packaging\/high-end-velvet-jewelry-box-jewelry-gift-proposal-engagement-wedding-travel-women-and-girls-gift-packaging\/#breadcrumb"},"inLanguage":"de","potentialAction":[{"@type":"ReadAction","target":["https:\/\/deliangdisplay.com\/our-product\/packaging\/jewelry-boxes-packaging\/high-end-velvet-jewelry-box-jewelry-gift-proposal-engagement-wedding-travel-women-and-girls-gift-packaging\/"]}]},{"@type":"ImageObject","inLanguage":"de","@id":"https:\/\/deliangdisplay.com\/our-product\/packaging\/jewelry-boxes-packaging\/high-end-velvet-jewelry-box-jewelry-gift-proposal-engagement-wedding-travel-women-and-girls-gift-packaging\/#primaryimage","url":"https:\/\/deliangdisplay.com\/wp-content\/uploads\/2025\/08\/He4ab6ca0d5f241e480e63ae83ee6773bV.jpg","contentUrl":"https:\/\/deliangdisplay.com\/wp-content\/uploads\/2025\/08\/He4ab6ca0d5f241e480e63ae83ee6773bV.jpg","width":1500,"height":1500,"caption":"Velvet Jewelry Box"},{"@type":"BreadcrumbList","@id":"https:\/\/deliangdisplay.com\/our-product\/packaging\/jewelry-boxes-packaging\/high-end-velvet-jewelry-box-jewelry-gift-proposal-engagement-wedding-travel-women-and-girls-gift-packaging\/#breadcrumb","itemListElement":[{"@type":"ListItem","position":1,"name":"\u9996\u9875","item":"https:\/\/deliangdisplay.com\/"},{"@type":"ListItem","position":2,"name":"Our Product","item":"https:\/\/deliangdisplay.com\/our-product\/"},{"@type":"ListItem","position":3,"name":"High End Velvet Jewelry Box Jewelry Gift Proposal Engagement Wedding Travel Women and Girls Gift Packaging"}]},{"@type":"WebSite","@id":"https:\/\/deliangdisplay.com\/#website","url":"https:\/\/deliangdisplay.com\/","name":"deliangdisplay.com","description":"DE-LIANG - Ma\u00dfgeschneiderte Verpackungsl\u00f6sungen und luxuri\u00f6ses Display-Design f\u00fcr Marken aus der Schmuck-, Bekleidungs-, Uhren- und Kosmetikbranche und mehr.","publisher":{"@id":"https:\/\/deliangdisplay.com\/#organization"},"potentialAction":[{"@type":"SearchAction","target":{"@type":"EntryPoint","urlTemplate":"https:\/\/deliangdisplay.com\/?s={search_term_string}"},"query-input":{"@type":"PropertyValueSpecification","valueRequired":true,"valueName":"search_term_string"}}],"inLanguage":"de"},{"@type":"Organization","@id":"https:\/\/deliangdisplay.com\/#organization","name":"deliangdisplay.com","url":"https:\/\/deliangdisplay.com\/","logo":{"@type":"ImageObject","inLanguage":"de","@id":"https:\/\/deliangdisplay.com\/#\/schema\/logo\/image\/","url":"https:\/\/deliangdisplay.com\/wp-content\/uploads\/2025\/08\/DELIANGDISPALY_logo.png","contentUrl":"https:\/\/deliangdisplay.com\/wp-content\/uploads\/2025\/08\/DELIANGDISPALY_logo.png","width":300,"height":130,"caption":"deliangdisplay.com"},"image":{"@id":"https:\/\/deliangdisplay.com\/#\/schema\/logo\/image\/"},"sameAs":["https:\/\/www.facebook.com\/JaneZhang008\/","https:\/\/x.com\/ly673551729"]}]}},"_links":{"self":[{"href":"https:\/\/deliangdisplay.com\/de\/wp-json\/wp\/v2\/product\/42770","targetHints":{"allow":["GET"]}}],"collection":[{"href":"https:\/\/deliangdisplay.com\/de\/wp-json\/wp\/v2\/product"}],"about":[{"href":"https:\/\/deliangdisplay.com\/de\/wp-json\/wp\/v2\/types\/product"}],"replies":[{"embeddable":true,"href":"https:\/\/deliangdisplay.com\/de\/wp-json\/wp\/v2\/comments?post=42770"}],"wp:featuredmedia":[{"embeddable":true,"href":"https:\/\/deliangdisplay.com\/de\/wp-json\/wp\/v2\/media\/42775"}],"wp:attachment":[{"href":"https:\/\/deliangdisplay.com\/de\/wp-json\/wp\/v2\/media?parent=42770"}],"wp:term":[{"taxonomy":"product_brand","embeddable":true,"href":"https:\/\/deliangdisplay.com\/de\/wp-json\/wp\/v2\/product_brand?post=42770"},{"taxonomy":"product_cat","embeddable":true,"href":"https:\/\/deliangdisplay.com\/de\/wp-json\/wp\/v2\/product_cat?post=42770"},{"taxonomy":"product_tag","embeddable":true,"href":"https:\/\/deliangdisplay.com\/de\/wp-json\/wp\/v2\/product_tag?post=42770"}],"curies":[{"name":"wp","href":"https:\/\/api.w.org\/{rel}","templated":true}]}}