{"id":42253,"date":"2025-08-07T15:12:54","date_gmt":"2025-08-07T07:12:54","guid":{"rendered":"https:\/\/deliangdisplay.com\/?post_type=product&#038;p=42253"},"modified":"2025-08-07T15:12:54","modified_gmt":"2025-08-07T07:12:54","slug":"de-liang-kundenspezifische-schmuckverpackungen-luxusschmuck-benutzerdefinierte-logo-box-karte-bretter-tasche-beutel-fall-schmuck-box-fur-schmuck","status":"publish","type":"product","link":"https:\/\/deliangdisplay.com\/de\/unser-produkt\/verpackung\/geschenkideen\/de-liang-kundenspezifische-schmuckverpackungen-luxusschmuck-benutzerdefinierte-logo-box-karte-bretter-tasche-beutel-fall-schmuck-box-fur-schmuck\/","title":{"rendered":"DE-LIANG Customized Jewlery Packages Luxury Jewlery Custom logo Box Card Boards Bag Pouch case Jewellery Box for Jewellery"},"content":{"rendered":"<ul data-start=\"643\" data-end=\"1423\">\n<li data-start=\"643\" data-end=\"784\">\n<p data-start=\"645\" data-end=\"784\"><strong data-start=\"645\" data-end=\"676\">Komplette Verpackungsl\u00f6sung<\/strong>: Enth\u00e4lt eine luxuri\u00f6se Geschenkbox, einen weichen Stoffbeutel und ein elegantes Satinband - alles individuell mit Ihrem Logo gestaltbar.<\/p>\n<\/li>\n<li data-start=\"785\" data-end=\"917\">\n<p data-start=\"787\" data-end=\"917\"><strong data-start=\"787\" data-end=\"813\">Starre Premium-Geschenkbox<\/strong>: Die robuste Magnetbox ist mit strukturiertem Material umh\u00fcllt und bietet starken Schutz und eine hochwertige Pr\u00e4sentation.<\/p>\n<\/li>\n<li data-start=\"918\" data-end=\"1044\">\n<p data-start=\"920\" data-end=\"1044\"><strong data-start=\"920\" data-end=\"943\">Kundenspezifisches Satinband<\/strong>: Das mit einem Logo bedruckte Band verleiht einen raffinierten letzten Schliff und ist ideal f\u00fcr Geschenkverpackungen und Markenpr\u00e4sentationen.<\/p>\n<\/li>\n<li data-start=\"1045\" data-end=\"1181\">\n<p data-start=\"1047\" data-end=\"1181\"><strong data-start=\"1047\" data-end=\"1072\">Weiche Tasche mit Kordelzug<\/strong>: Sch\u00fctzt Schmuck vor Kratzern und Staub - perfekt f\u00fcr empfindliche Gegenst\u00e4nde wie Ringe, Ohrringe oder Halsketten.<\/p>\n<\/li>\n<li data-start=\"1182\" data-end=\"1298\">\n<p data-start=\"1184\" data-end=\"1298\"><strong data-start=\"1184\" data-end=\"1209\">Elegante neutrale T\u00f6ne<\/strong>: Warme taupefarbene Box mit champagnerfarbenem Beutel passt nahtlos zu minimalistischem oder luxuri\u00f6sem Branding.<\/p>\n<\/li>\n<li data-start=\"1299\" data-end=\"1423\">\n<p data-start=\"1301\" data-end=\"1423\"><strong data-start=\"1301\" data-end=\"1334\">Perfekt zum Verschenken oder f\u00fcr den Einzelhandel<\/strong>: Hervorragend geeignet f\u00fcr Boutiquen, Markenverpackungen, Feiertagsverk\u00e4ufe, Hochzeitsgeschenke oder pers\u00f6nliche Geschenke.<\/p>\n<\/li>\n<\/ul>\n<hr data-start=\"1425\" data-end=\"1428\" \/>\n<h3 data-start=\"1430\" data-end=\"1456\">\ud83d\udce6 <strong data-start=\"1437\" data-end=\"1456\">Spezifikationen:<\/strong><\/h3>\n<ul data-start=\"1458\" data-end=\"1814\">\n<li data-start=\"1458\" data-end=\"1546\">\n<p data-start=\"1460\" data-end=\"1546\"><strong data-start=\"1460\" data-end=\"1473\">Materialien<\/strong>: Starre Pappschachtel, Satinband, weicher Kordelzugbeutel (anpassbar)<\/p>\n<\/li>\n<li data-start=\"1547\" data-end=\"1615\">\n<p data-start=\"1549\" data-end=\"1615\"><strong data-start=\"1549\" data-end=\"1566\">Farboptionen<\/strong>: Taupe \/ Beige (kundenspezifische Pantone-Farben erh\u00e4ltlich)<\/p>\n<\/li>\n<li data-start=\"1616\" data-end=\"1704\">\n<p data-start=\"1618\" data-end=\"1704\"><strong data-start=\"1618\" data-end=\"1634\">Logo-Optionen<\/strong>: Hei\u00dfpr\u00e4gung, Siebdruck, Pr\u00e4gung (auf Schachtel, Schleife und Beutel)<\/p>\n<\/li>\n<li data-start=\"1705\" data-end=\"1758\">\n<p data-start=\"1707\" data-end=\"1758\"><strong data-start=\"1707\" data-end=\"1715\">Gr\u00f6\u00dfe<\/strong>: Individuell anpassbar an verschiedene Schmucktypen<\/p>\n<\/li>\n<li data-start=\"1759\" data-end=\"1814\">\n<p data-start=\"1761\" data-end=\"1814\"><strong data-start=\"1761\" data-end=\"1768\">MOQ<\/strong>: Flexibel f\u00fcr individuelle Bestellungen oder Gro\u00dfhandel<\/p>\n<\/li>\n<\/ul>\n<hr data-start=\"1816\" data-end=\"1819\" \/>\n<p data-start=\"1821\" data-end=\"1974\">\ud83c\udf81 <strong data-start=\"1824\" data-end=\"1880\">Geben Sie jedem Schmuckst\u00fcck das Gef\u00fchl, ein Luxusgeschenk zu sein.<\/strong><br data-start=\"1880\" data-end=\"1883\" \/>Mit den individuellen Schmuckverpackungen von DE-LIANG sticht Ihre Marke schon auf den ersten Blick hervor.<\/p>\n<p data-start=\"1976\" data-end=\"2068\">\ud83d\udce9 <em data-start=\"1979\" data-end=\"2068\">Kontaktieren Sie uns jetzt f\u00fcr individuelle Designs, Logodruck und komplette Schmuckverpackungsl\u00f6sungen.<\/em><\/p>","protected":false},"excerpt":{"rendered":"<p>Werten Sie Ihre Schmuckmarke mit diesem luxuri\u00f6sen, individuell gestalteten Verpackungsset von DE-LIANG auf, das f\u00fcr ein unvergessliches Unboxing-Erlebnis sorgt. Das Set besteht aus einer hochwertigen, stabilen Box mit Magnetverschluss, einem Satinband mit individuellem Logo und einem Beutel mit Kordelzug - ideal f\u00fcr den Schutz und die stilvolle Pr\u00e4sentation von edlem Schmuck.<\/p>","protected":false},"featured_media":42255,"comment_status":"open","ping_status":"closed","template":"","meta":{"_acf_changed":false},"product_brand":[],"product_cat":[81],"product_tag":[],"class_list":{"0":"post-42253","1":"product","2":"type-product","3":"status-publish","4":"has-post-thumbnail","6":"product_cat-gift-ideas","8":"first","9":"instock","10":"shipping-taxable","11":"product-type-simple"},"acf":[],"yoast_head":"<!-- This site is optimized with the Yoast SEO plugin v27.4 - https:\/\/yoast.com\/product\/yoast-seo-wordpress\/ -->\n<title>DE-LIANG Customized Jewlery Packages Luxury Jewlery Custom logo Box Card Boards Bag Pouch case Jewellery Box for Jewellery - DE-LIANG - jewelry,clothes,watch,beauty cosmetics<\/title>\n<meta name=\"robots\" content=\"index, follow, max-snippet:-1, max-image-preview:large, max-video-preview:-1\" \/>\n<link rel=\"canonical\" href=\"https:\/\/deliangdisplay.com\/de\/unser-produkt\/verpackung\/geschenkideen\/de-liang-kundenspezifische-schmuckverpackungen-luxusschmuck-benutzerdefinierte-logo-box-karte-bretter-tasche-beutel-fall-schmuck-box-fur-schmuck\/\" \/>\n<meta property=\"og:locale\" content=\"de_DE\" \/>\n<meta property=\"og:type\" content=\"article\" \/>\n<meta property=\"og:title\" content=\"DE-LIANG Customized Jewlery Packages Luxury Jewlery Custom logo Box Card Boards Bag Pouch case Jewellery Box for Jewellery - DE-LIANG - jewelry,clothes,watch,beauty cosmetics\" \/>\n<meta property=\"og:description\" content=\"Elevate your jewelry brand with this luxurious customized packaging set by DE-LIANG, designed to create an unforgettable unboxing experience. The set includes a premium rigid box with magnetic closure, a custom logo satin ribbon, and a drawstring pouch \u2014 ideal for protecting and presenting fine jewelry in style.\" \/>\n<meta property=\"og:url\" content=\"https:\/\/deliangdisplay.com\/de\/unser-produkt\/verpackung\/geschenkideen\/de-liang-kundenspezifische-schmuckverpackungen-luxusschmuck-benutzerdefinierte-logo-box-karte-bretter-tasche-beutel-fall-schmuck-box-fur-schmuck\/\" \/>\n<meta property=\"og:site_name\" content=\"DE-LIANG - jewelry,clothes,watch,beauty cosmetics\" \/>\n<meta property=\"article:publisher\" content=\"https:\/\/www.facebook.com\/JaneZhang008\/\" \/>\n<meta property=\"og:image\" content=\"https:\/\/deliangdisplay.com\/wp-content\/uploads\/2025\/08\/1-27.png\" \/>\n\t<meta property=\"og:image:width\" content=\"1024\" \/>\n\t<meta property=\"og:image:height\" content=\"1024\" \/>\n\t<meta property=\"og:image:type\" content=\"image\/png\" \/>\n<meta name=\"twitter:card\" content=\"summary_large_image\" \/>\n<meta name=\"twitter:site\" content=\"@ly673551729\" \/>\n<meta name=\"twitter:label1\" content=\"Gesch\u00e4tzte Lesezeit\" \/>\n\t<meta name=\"twitter:data1\" content=\"2\u00a0Minuten\" \/>\n<script type=\"application\/ld+json\" class=\"yoast-schema-graph\">{\"@context\":\"https:\\\/\\\/schema.org\",\"@graph\":[{\"@type\":\"WebPage\",\"@id\":\"https:\\\/\\\/deliangdisplay.com\\\/our-product\\\/packaging\\\/gift-ideas\\\/de-liang-customized-jewlery-packages-luxury-jewlery-custom-logo-box-card-boards-bag-pouch-case-jewellery-box-for-jewellery\\\/\",\"url\":\"https:\\\/\\\/deliangdisplay.com\\\/our-product\\\/packaging\\\/gift-ideas\\\/de-liang-customized-jewlery-packages-luxury-jewlery-custom-logo-box-card-boards-bag-pouch-case-jewellery-box-for-jewellery\\\/\",\"name\":\"DE-LIANG Customized Jewlery Packages Luxury Jewlery Custom logo Box Card Boards Bag Pouch case Jewellery Box for Jewellery - DE-LIANG - jewelry,clothes,watch,beauty cosmetics\",\"isPartOf\":{\"@id\":\"https:\\\/\\\/deliangdisplay.com\\\/#website\"},\"primaryImageOfPage\":{\"@id\":\"https:\\\/\\\/deliangdisplay.com\\\/our-product\\\/packaging\\\/gift-ideas\\\/de-liang-customized-jewlery-packages-luxury-jewlery-custom-logo-box-card-boards-bag-pouch-case-jewellery-box-for-jewellery\\\/#primaryimage\"},\"image\":{\"@id\":\"https:\\\/\\\/deliangdisplay.com\\\/our-product\\\/packaging\\\/gift-ideas\\\/de-liang-customized-jewlery-packages-luxury-jewlery-custom-logo-box-card-boards-bag-pouch-case-jewellery-box-for-jewellery\\\/#primaryimage\"},\"thumbnailUrl\":\"https:\\\/\\\/deliangdisplay.com\\\/wp-content\\\/uploads\\\/2025\\\/08\\\/1-27.png\",\"datePublished\":\"2025-08-07T07:12:54+00:00\",\"breadcrumb\":{\"@id\":\"https:\\\/\\\/deliangdisplay.com\\\/our-product\\\/packaging\\\/gift-ideas\\\/de-liang-customized-jewlery-packages-luxury-jewlery-custom-logo-box-card-boards-bag-pouch-case-jewellery-box-for-jewellery\\\/#breadcrumb\"},\"inLanguage\":\"de\",\"potentialAction\":[{\"@type\":\"ReadAction\",\"target\":[\"https:\\\/\\\/deliangdisplay.com\\\/our-product\\\/packaging\\\/gift-ideas\\\/de-liang-customized-jewlery-packages-luxury-jewlery-custom-logo-box-card-boards-bag-pouch-case-jewellery-box-for-jewellery\\\/\"]}]},{\"@type\":\"ImageObject\",\"inLanguage\":\"de\",\"@id\":\"https:\\\/\\\/deliangdisplay.com\\\/our-product\\\/packaging\\\/gift-ideas\\\/de-liang-customized-jewlery-packages-luxury-jewlery-custom-logo-box-card-boards-bag-pouch-case-jewellery-box-for-jewellery\\\/#primaryimage\",\"url\":\"https:\\\/\\\/deliangdisplay.com\\\/wp-content\\\/uploads\\\/2025\\\/08\\\/1-27.png\",\"contentUrl\":\"https:\\\/\\\/deliangdisplay.com\\\/wp-content\\\/uploads\\\/2025\\\/08\\\/1-27.png\",\"width\":1024,\"height\":1024},{\"@type\":\"BreadcrumbList\",\"@id\":\"https:\\\/\\\/deliangdisplay.com\\\/our-product\\\/packaging\\\/gift-ideas\\\/de-liang-customized-jewlery-packages-luxury-jewlery-custom-logo-box-card-boards-bag-pouch-case-jewellery-box-for-jewellery\\\/#breadcrumb\",\"itemListElement\":[{\"@type\":\"ListItem\",\"position\":1,\"name\":\"\u9996\u9875\",\"item\":\"https:\\\/\\\/deliangdisplay.com\\\/\"},{\"@type\":\"ListItem\",\"position\":2,\"name\":\"Our Product\",\"item\":\"https:\\\/\\\/deliangdisplay.com\\\/our-product\\\/\"},{\"@type\":\"ListItem\",\"position\":3,\"name\":\"DE-LIANG Customized Jewlery Packages Luxury Jewlery Custom logo Box Card Boards Bag Pouch case Jewellery Box for Jewellery\"}]},{\"@type\":\"WebSite\",\"@id\":\"https:\\\/\\\/deliangdisplay.com\\\/#website\",\"url\":\"https:\\\/\\\/deliangdisplay.com\\\/\",\"name\":\"deliangdisplay.com\",\"description\":\"DE-LIANG - Providing bespoke packaging solutions and luxurious display design services for brands in jewelry, apparel, watches, beauty cosmetics, and more.\",\"publisher\":{\"@id\":\"https:\\\/\\\/deliangdisplay.com\\\/#organization\"},\"potentialAction\":[{\"@type\":\"SearchAction\",\"target\":{\"@type\":\"EntryPoint\",\"urlTemplate\":\"https:\\\/\\\/deliangdisplay.com\\\/?s={search_term_string}\"},\"query-input\":{\"@type\":\"PropertyValueSpecification\",\"valueRequired\":true,\"valueName\":\"search_term_string\"}}],\"inLanguage\":\"de\"},{\"@type\":\"Organization\",\"@id\":\"https:\\\/\\\/deliangdisplay.com\\\/#organization\",\"name\":\"deliangdisplay.com\",\"url\":\"https:\\\/\\\/deliangdisplay.com\\\/\",\"logo\":{\"@type\":\"ImageObject\",\"inLanguage\":\"de\",\"@id\":\"https:\\\/\\\/deliangdisplay.com\\\/#\\\/schema\\\/logo\\\/image\\\/\",\"url\":\"https:\\\/\\\/deliangdisplay.com\\\/wp-content\\\/uploads\\\/2025\\\/08\\\/DELIANGDISPALY_logo.png\",\"contentUrl\":\"https:\\\/\\\/deliangdisplay.com\\\/wp-content\\\/uploads\\\/2025\\\/08\\\/DELIANGDISPALY_logo.png\",\"width\":300,\"height\":130,\"caption\":\"deliangdisplay.com\"},\"image\":{\"@id\":\"https:\\\/\\\/deliangdisplay.com\\\/#\\\/schema\\\/logo\\\/image\\\/\"},\"sameAs\":[\"https:\\\/\\\/www.facebook.com\\\/JaneZhang008\\\/\",\"https:\\\/\\\/x.com\\\/ly673551729\"]}]}<\/script>\n<!-- \/ Yoast SEO plugin. -->","yoast_head_json":{"title":"DE-LIANG Customized Jewlery Packages Luxury Jewlery Custom logo Box Card Boards Bag Pouch case Jewellery Box for Jewellery - DE-LIANG - jewelry,clothes,watch,beauty cosmetics","robots":{"index":"index","follow":"follow","max-snippet":"max-snippet:-1","max-image-preview":"max-image-preview:large","max-video-preview":"max-video-preview:-1"},"canonical":"https:\/\/deliangdisplay.com\/de\/unser-produkt\/verpackung\/geschenkideen\/de-liang-kundenspezifische-schmuckverpackungen-luxusschmuck-benutzerdefinierte-logo-box-karte-bretter-tasche-beutel-fall-schmuck-box-fur-schmuck\/","og_locale":"de_DE","og_type":"article","og_title":"DE-LIANG Customized Jewlery Packages Luxury Jewlery Custom logo Box Card Boards Bag Pouch case Jewellery Box for Jewellery - DE-LIANG - jewelry,clothes,watch,beauty cosmetics","og_description":"Elevate your jewelry brand with this luxurious customized packaging set by DE-LIANG, designed to create an unforgettable unboxing experience. The set includes a premium rigid box with magnetic closure, a custom logo satin ribbon, and a drawstring pouch \u2014 ideal for protecting and presenting fine jewelry in style.","og_url":"https:\/\/deliangdisplay.com\/de\/unser-produkt\/verpackung\/geschenkideen\/de-liang-kundenspezifische-schmuckverpackungen-luxusschmuck-benutzerdefinierte-logo-box-karte-bretter-tasche-beutel-fall-schmuck-box-fur-schmuck\/","og_site_name":"DE-LIANG - jewelry,clothes,watch,beauty cosmetics","article_publisher":"https:\/\/www.facebook.com\/JaneZhang008\/","og_image":[{"width":1024,"height":1024,"url":"https:\/\/deliangdisplay.com\/wp-content\/uploads\/2025\/08\/1-27.png","type":"image\/png"}],"twitter_card":"summary_large_image","twitter_site":"@ly673551729","twitter_misc":{"Gesch\u00e4tzte Lesezeit":"2\u00a0Minuten"},"schema":{"@context":"https:\/\/schema.org","@graph":[{"@type":"WebPage","@id":"https:\/\/deliangdisplay.com\/our-product\/packaging\/gift-ideas\/de-liang-customized-jewlery-packages-luxury-jewlery-custom-logo-box-card-boards-bag-pouch-case-jewellery-box-for-jewellery\/","url":"https:\/\/deliangdisplay.com\/our-product\/packaging\/gift-ideas\/de-liang-customized-jewlery-packages-luxury-jewlery-custom-logo-box-card-boards-bag-pouch-case-jewellery-box-for-jewellery\/","name":"DE-LIANG Customized Jewlery Packages Luxury Jewlery Custom logo Box Card Boards Bag Pouch case Jewellery Box for Jewellery - DE-LIANG - jewelry,clothes,watch,beauty cosmetics","isPartOf":{"@id":"https:\/\/deliangdisplay.com\/#website"},"primaryImageOfPage":{"@id":"https:\/\/deliangdisplay.com\/our-product\/packaging\/gift-ideas\/de-liang-customized-jewlery-packages-luxury-jewlery-custom-logo-box-card-boards-bag-pouch-case-jewellery-box-for-jewellery\/#primaryimage"},"image":{"@id":"https:\/\/deliangdisplay.com\/our-product\/packaging\/gift-ideas\/de-liang-customized-jewlery-packages-luxury-jewlery-custom-logo-box-card-boards-bag-pouch-case-jewellery-box-for-jewellery\/#primaryimage"},"thumbnailUrl":"https:\/\/deliangdisplay.com\/wp-content\/uploads\/2025\/08\/1-27.png","datePublished":"2025-08-07T07:12:54+00:00","breadcrumb":{"@id":"https:\/\/deliangdisplay.com\/our-product\/packaging\/gift-ideas\/de-liang-customized-jewlery-packages-luxury-jewlery-custom-logo-box-card-boards-bag-pouch-case-jewellery-box-for-jewellery\/#breadcrumb"},"inLanguage":"de","potentialAction":[{"@type":"ReadAction","target":["https:\/\/deliangdisplay.com\/our-product\/packaging\/gift-ideas\/de-liang-customized-jewlery-packages-luxury-jewlery-custom-logo-box-card-boards-bag-pouch-case-jewellery-box-for-jewellery\/"]}]},{"@type":"ImageObject","inLanguage":"de","@id":"https:\/\/deliangdisplay.com\/our-product\/packaging\/gift-ideas\/de-liang-customized-jewlery-packages-luxury-jewlery-custom-logo-box-card-boards-bag-pouch-case-jewellery-box-for-jewellery\/#primaryimage","url":"https:\/\/deliangdisplay.com\/wp-content\/uploads\/2025\/08\/1-27.png","contentUrl":"https:\/\/deliangdisplay.com\/wp-content\/uploads\/2025\/08\/1-27.png","width":1024,"height":1024},{"@type":"BreadcrumbList","@id":"https:\/\/deliangdisplay.com\/our-product\/packaging\/gift-ideas\/de-liang-customized-jewlery-packages-luxury-jewlery-custom-logo-box-card-boards-bag-pouch-case-jewellery-box-for-jewellery\/#breadcrumb","itemListElement":[{"@type":"ListItem","position":1,"name":"\u9996\u9875","item":"https:\/\/deliangdisplay.com\/"},{"@type":"ListItem","position":2,"name":"Our Product","item":"https:\/\/deliangdisplay.com\/our-product\/"},{"@type":"ListItem","position":3,"name":"DE-LIANG Customized Jewlery Packages Luxury Jewlery Custom logo Box Card Boards Bag Pouch case Jewellery Box for Jewellery"}]},{"@type":"WebSite","@id":"https:\/\/deliangdisplay.com\/#website","url":"https:\/\/deliangdisplay.com\/","name":"deliangdisplay.com","description":"DE-LIANG - Ma\u00dfgeschneiderte Verpackungsl\u00f6sungen und luxuri\u00f6ses Display-Design f\u00fcr Marken aus der Schmuck-, Bekleidungs-, Uhren- und Kosmetikbranche und mehr.","publisher":{"@id":"https:\/\/deliangdisplay.com\/#organization"},"potentialAction":[{"@type":"SearchAction","target":{"@type":"EntryPoint","urlTemplate":"https:\/\/deliangdisplay.com\/?s={search_term_string}"},"query-input":{"@type":"PropertyValueSpecification","valueRequired":true,"valueName":"search_term_string"}}],"inLanguage":"de"},{"@type":"Organization","@id":"https:\/\/deliangdisplay.com\/#organization","name":"deliangdisplay.com","url":"https:\/\/deliangdisplay.com\/","logo":{"@type":"ImageObject","inLanguage":"de","@id":"https:\/\/deliangdisplay.com\/#\/schema\/logo\/image\/","url":"https:\/\/deliangdisplay.com\/wp-content\/uploads\/2025\/08\/DELIANGDISPALY_logo.png","contentUrl":"https:\/\/deliangdisplay.com\/wp-content\/uploads\/2025\/08\/DELIANGDISPALY_logo.png","width":300,"height":130,"caption":"deliangdisplay.com"},"image":{"@id":"https:\/\/deliangdisplay.com\/#\/schema\/logo\/image\/"},"sameAs":["https:\/\/www.facebook.com\/JaneZhang008\/","https:\/\/x.com\/ly673551729"]}]}},"_links":{"self":[{"href":"https:\/\/deliangdisplay.com\/de\/wp-json\/wp\/v2\/product\/42253","targetHints":{"allow":["GET"]}}],"collection":[{"href":"https:\/\/deliangdisplay.com\/de\/wp-json\/wp\/v2\/product"}],"about":[{"href":"https:\/\/deliangdisplay.com\/de\/wp-json\/wp\/v2\/types\/product"}],"replies":[{"embeddable":true,"href":"https:\/\/deliangdisplay.com\/de\/wp-json\/wp\/v2\/comments?post=42253"}],"wp:featuredmedia":[{"embeddable":true,"href":"https:\/\/deliangdisplay.com\/de\/wp-json\/wp\/v2\/media\/42255"}],"wp:attachment":[{"href":"https:\/\/deliangdisplay.com\/de\/wp-json\/wp\/v2\/media?parent=42253"}],"wp:term":[{"taxonomy":"product_brand","embeddable":true,"href":"https:\/\/deliangdisplay.com\/de\/wp-json\/wp\/v2\/product_brand?post=42253"},{"taxonomy":"product_cat","embeddable":true,"href":"https:\/\/deliangdisplay.com\/de\/wp-json\/wp\/v2\/product_cat?post=42253"},{"taxonomy":"product_tag","embeddable":true,"href":"https:\/\/deliangdisplay.com\/de\/wp-json\/wp\/v2\/product_tag?post=42253"}],"curies":[{"name":"wp","href":"https:\/\/api.w.org\/{rel}","templated":true}]}}