{"id":42245,"date":"2025-08-07T15:03:06","date_gmt":"2025-08-07T07:03:06","guid":{"rendered":"https:\/\/deliangdisplay.com\/?post_type=product&#038;p=42245"},"modified":"2025-08-07T15:03:07","modified_gmt":"2025-08-07T07:03:07","slug":"de-liang-luxus-blauen-samt-schmuck-geschenkbox-mit-bronzing-logo-umschlag-stil-verpackung-deckel-basis-design-ideal-fur-ringe-halsketten-und-premium-geschenk","status":"publish","type":"product","link":"https:\/\/deliangdisplay.com\/de\/unser-produkt\/verpackung\/geschenkideen\/de-liang-luxus-blauen-samt-schmuck-geschenkbox-mit-bronzing-logo-umschlag-stil-verpackung-deckel-basis-design-ideal-fur-ringe-halsketten-und-premium-geschenk\/","title":{"rendered":"DE-LIANG Luxury Blue Velvet Jewelry Gift Box mit Bronzing Logo Envelope Style Packaging | Lid &amp; Base Design | Ideal f\u00fcr Ringe, Halsketten, und Premium-Geschenke"},"content":{"rendered":"<ul data-start=\"758\" data-end=\"1597\">\n<li data-start=\"758\" data-end=\"901\">\n<p data-start=\"760\" data-end=\"901\"><strong data-start=\"760\" data-end=\"792\">Elegantes \u00c4u\u00dferes aus blauem Samt<\/strong>: Eine pl\u00fcschige, matte Samth\u00fclle verleiht der Schachtel eine raffinierte und f\u00fchlbare Haptik, ideal f\u00fcr hochwertige Pr\u00e4sentationen.<\/p>\n<\/li>\n<li data-start=\"902\" data-end=\"1052\">\n<p data-start=\"904\" data-end=\"1052\"><strong data-start=\"904\" data-end=\"930\">Cremiges Samt-Interieur<\/strong>: Das weiche, beigefarbene Samt-Innenfutter mit einem sicheren Einsatz h\u00e4lt Ringe, Ketten oder Anh\u00e4nger an Ort und Stelle, ohne zu kratzen.<\/p>\n<\/li>\n<li data-start=\"1053\" data-end=\"1187\">\n<p data-start=\"1055\" data-end=\"1187\"><strong data-start=\"1055\" data-end=\"1079\">Deckel &amp; Bodenstruktur<\/strong>: Die herk\u00f6mmliche starre Konstruktion der Box gew\u00e4hrleistet Langlebigkeit und sch\u00fctzt den wertvollen Inhalt bei Lagerung und Versand.<\/p>\n<\/li>\n<li data-start=\"1188\" data-end=\"1324\">\n<p data-start=\"1190\" data-end=\"1324\"><strong data-start=\"1190\" data-end=\"1212\">Gold Bronzing Logo<\/strong>: \u201cDer HELAS\u201d-Schriftzug in goldener Metallic-Folie sorgt f\u00fcr ein raffiniertes, luxuri\u00f6ses Finish (individuelle Logos sind bei Gro\u00dfbestellungen erh\u00e4ltlich).<\/p>\n<\/li>\n<li data-start=\"1325\" data-end=\"1464\">\n<p data-start=\"1327\" data-end=\"1464\"><strong data-start=\"1327\" data-end=\"1360\">Verpackung im Stil einer Gru\u00dfkarte<\/strong>: Inklusive abgestimmter Umverpackung und Seidenpapiereinschlag - eine echte Komplettl\u00f6sung zum Verschenken.<\/p>\n<\/li>\n<li data-start=\"1465\" data-end=\"1597\">\n<p data-start=\"1467\" data-end=\"1597\"><strong data-start=\"1467\" data-end=\"1488\">Mehrzwecknutzung<\/strong>: Perfekt f\u00fcr Hochzeiten, Jubil\u00e4en, Markenverpackungen, Boutique-Schmuckl\u00e4den und hochwertigen E-Commerce.<\/p>\n<\/li>\n<\/ul>\n<h3 data-start=\"1599\" data-end=\"1626\">\ud83d\udce6 <strong data-start=\"1606\" data-end=\"1626\">Einzelheiten zum Produkt:<\/strong><\/h3>\n<ul data-start=\"1628\" data-end=\"2066\">\n<li data-start=\"1628\" data-end=\"1692\">\n<p data-start=\"1630\" data-end=\"1692\"><strong data-start=\"1630\" data-end=\"1642\">Material<\/strong>: Steife Pappe + Samtstoff + Schaumstoffeinlage<\/p>\n<\/li>\n<li data-start=\"1693\" data-end=\"1723\">\n<p data-start=\"1695\" data-end=\"1723\"><strong data-start=\"1695\" data-end=\"1710\">\u00c4u\u00dfere Farbe<\/strong>: Marineblau<\/p>\n<\/li>\n<li data-start=\"1724\" data-end=\"1763\">\n<p data-start=\"1726\" data-end=\"1763\"><strong data-start=\"1726\" data-end=\"1741\">Innere Farbe<\/strong>: Cremebeiger Samt<\/p>\n<\/li>\n<li data-start=\"1764\" data-end=\"1801\">\n<p data-start=\"1766\" data-end=\"1801\"><strong data-start=\"1766\" data-end=\"1777\">Schlie\u00dfung<\/strong>: Klassischer Lift-off-Deckel<\/p>\n<\/li>\n<li data-start=\"1802\" data-end=\"1849\">\n<p data-start=\"1804\" data-end=\"1849\"><strong data-start=\"1804\" data-end=\"1812\">Logo<\/strong>: Goldfolien-Bronzierung (anpassbar)<\/p>\n<\/li>\n<li data-start=\"1850\" data-end=\"1922\">\n<p data-start=\"1852\" data-end=\"1922\"><strong data-start=\"1852\" data-end=\"1861\">Verwendung<\/strong>: Halskettenbox, Ringbox oder Mehrzweck-Schmuckverpackung<\/p>\n<\/li>\n<li data-start=\"1923\" data-end=\"1996\">\n<p data-start=\"1925\" data-end=\"1996\"><strong data-start=\"1925\" data-end=\"1942\">Personalisierung<\/strong>: Verf\u00fcgbar f\u00fcr Gr\u00f6\u00dfe, Farbe, Logo und Beilagenlayout<\/p>\n<\/li>\n<li data-start=\"1997\" data-end=\"2066\">\n<p data-start=\"1999\" data-end=\"2066\"><strong data-start=\"1999\" data-end=\"2006\">MOQ<\/strong>: Akzeptieren Sie kleine Chargen f\u00fcr benutzerdefinierte Branding oder Bulk-Gro\u00dfhandel<\/p>\n<\/li>\n<\/ul>\n<hr data-start=\"2068\" data-end=\"2071\" \/>\n<p data-start=\"2073\" data-end=\"2202\"><strong data-start=\"2073\" data-end=\"2104\">Verleihen Sie jedem Moment Luxus.<\/strong><br data-start=\"2104\" data-end=\"2107\" \/>DE-LIANG's Samt-Schmuckk\u00e4stchen sollen beeindrucken - vom Auspacken bis zur dauerhaften Aufbewahrung.<\/p>\n<p data-start=\"2204\" data-end=\"2277\">\ud83d\udce9 <em data-start=\"2207\" data-end=\"2277\">Kontaktieren Sie uns jetzt f\u00fcr OEM\/ODM-Unterst\u00fctzung und kundenspezifische Verpackungskollektionen.<\/em><\/p>","protected":false},"excerpt":{"rendered":"<p>Pr\u00e4sentieren Sie Ihren Schmuck mit au\u00dfergew\u00f6hnlicher Eleganz in der hochwertigen DE-LIANG Schmuckschatulle aus Samt in tiefem Marineblau mit einer Innenausstattung aus weichem Samt. Mit einem bronzenen, in Goldfolie gepr\u00e4gten Logo kombiniert diese Box zeitlosen Luxus mit funktionellem Design - perfekt f\u00fcr Premium-Schmuckmarken oder besondere Geschenkverpackungen.<\/p>","protected":false},"featured_media":42246,"comment_status":"open","ping_status":"closed","template":"","meta":{"_acf_changed":false},"product_brand":[],"product_cat":[81],"product_tag":[],"class_list":{"0":"post-42245","1":"product","2":"type-product","3":"status-publish","4":"has-post-thumbnail","6":"product_cat-gift-ideas","8":"first","9":"instock","10":"shipping-taxable","11":"purchasable","12":"product-type-simple"},"acf":[],"yoast_head":"<!-- This site is optimized with the Yoast SEO plugin v27.4 - https:\/\/yoast.com\/product\/yoast-seo-wordpress\/ -->\n<title>DE-LIANG Luxury Blue Velvet Jewelry Gift Box with Bronzing Logo Envelope Style Packaging | Lid &amp; Base Design | Ideal for Rings, Necklaces, and Premium Gifting - DE-LIANG - jewelry,clothes,watch,beauty cosmetics<\/title>\n<meta name=\"robots\" content=\"index, follow, max-snippet:-1, max-image-preview:large, max-video-preview:-1\" \/>\n<link rel=\"canonical\" href=\"https:\/\/deliangdisplay.com\/de\/unser-produkt\/verpackung\/geschenkideen\/de-liang-luxus-blauen-samt-schmuck-geschenkbox-mit-bronzing-logo-umschlag-stil-verpackung-deckel-basis-design-ideal-fur-ringe-halsketten-und-premium-geschenk\/\" \/>\n<meta property=\"og:locale\" content=\"de_DE\" \/>\n<meta property=\"og:type\" content=\"article\" \/>\n<meta property=\"og:title\" content=\"DE-LIANG Luxury Blue Velvet Jewelry Gift Box with Bronzing Logo Envelope Style Packaging | Lid &amp; Base Design | Ideal for Rings, Necklaces, and Premium Gifting - DE-LIANG - jewelry,clothes,watch,beauty cosmetics\" \/>\n<meta property=\"og:description\" content=\"Present your jewelry with exceptional elegance using the DE-LIANG high-end velvet jewelry gift box, crafted in a deep navy blue finish with a soft-touch velvet interior. Featuring a bronzing gold-foil stamped logo, this box combines timeless luxury with functional design \u2014 perfect for premium jewelry brands or special gift packaging.\" \/>\n<meta property=\"og:url\" content=\"https:\/\/deliangdisplay.com\/de\/unser-produkt\/verpackung\/geschenkideen\/de-liang-luxus-blauen-samt-schmuck-geschenkbox-mit-bronzing-logo-umschlag-stil-verpackung-deckel-basis-design-ideal-fur-ringe-halsketten-und-premium-geschenk\/\" \/>\n<meta property=\"og:site_name\" content=\"DE-LIANG - jewelry,clothes,watch,beauty cosmetics\" \/>\n<meta property=\"article:publisher\" content=\"https:\/\/www.facebook.com\/JaneZhang008\/\" \/>\n<meta property=\"article:modified_time\" content=\"2025-08-07T07:03:07+00:00\" \/>\n<meta property=\"og:image\" content=\"https:\/\/deliangdisplay.com\/wp-content\/uploads\/2025\/08\/120-23.png\" \/>\n\t<meta property=\"og:image:width\" content=\"1000\" \/>\n\t<meta property=\"og:image:height\" content=\"1000\" \/>\n\t<meta property=\"og:image:type\" content=\"image\/png\" \/>\n<meta name=\"twitter:card\" content=\"summary_large_image\" \/>\n<meta name=\"twitter:site\" content=\"@ly673551729\" \/>\n<meta name=\"twitter:label1\" content=\"Gesch\u00e4tzte Lesezeit\" \/>\n\t<meta name=\"twitter:data1\" content=\"2\u00a0Minuten\" \/>\n<script type=\"application\/ld+json\" class=\"yoast-schema-graph\">{\"@context\":\"https:\\\/\\\/schema.org\",\"@graph\":[{\"@type\":\"WebPage\",\"@id\":\"https:\\\/\\\/deliangdisplay.com\\\/our-product\\\/packaging\\\/gift-ideas\\\/de-liang-luxury-blue-velvet-jewelry-gift-box-with-bronzing-logo-envelope-style-packaging-lid-base-design-ideal-for-rings-necklaces-and-premium-gifting\\\/\",\"url\":\"https:\\\/\\\/deliangdisplay.com\\\/our-product\\\/packaging\\\/gift-ideas\\\/de-liang-luxury-blue-velvet-jewelry-gift-box-with-bronzing-logo-envelope-style-packaging-lid-base-design-ideal-for-rings-necklaces-and-premium-gifting\\\/\",\"name\":\"DE-LIANG Luxury Blue Velvet Jewelry Gift Box with Bronzing Logo Envelope Style Packaging | Lid &amp; Base Design | Ideal for Rings, Necklaces, and Premium Gifting - DE-LIANG - jewelry,clothes,watch,beauty cosmetics\",\"isPartOf\":{\"@id\":\"https:\\\/\\\/deliangdisplay.com\\\/#website\"},\"primaryImageOfPage\":{\"@id\":\"https:\\\/\\\/deliangdisplay.com\\\/our-product\\\/packaging\\\/gift-ideas\\\/de-liang-luxury-blue-velvet-jewelry-gift-box-with-bronzing-logo-envelope-style-packaging-lid-base-design-ideal-for-rings-necklaces-and-premium-gifting\\\/#primaryimage\"},\"image\":{\"@id\":\"https:\\\/\\\/deliangdisplay.com\\\/our-product\\\/packaging\\\/gift-ideas\\\/de-liang-luxury-blue-velvet-jewelry-gift-box-with-bronzing-logo-envelope-style-packaging-lid-base-design-ideal-for-rings-necklaces-and-premium-gifting\\\/#primaryimage\"},\"thumbnailUrl\":\"https:\\\/\\\/deliangdisplay.com\\\/wp-content\\\/uploads\\\/2025\\\/08\\\/120-23.png\",\"datePublished\":\"2025-08-07T07:03:06+00:00\",\"dateModified\":\"2025-08-07T07:03:07+00:00\",\"breadcrumb\":{\"@id\":\"https:\\\/\\\/deliangdisplay.com\\\/our-product\\\/packaging\\\/gift-ideas\\\/de-liang-luxury-blue-velvet-jewelry-gift-box-with-bronzing-logo-envelope-style-packaging-lid-base-design-ideal-for-rings-necklaces-and-premium-gifting\\\/#breadcrumb\"},\"inLanguage\":\"de\",\"potentialAction\":[{\"@type\":\"ReadAction\",\"target\":[\"https:\\\/\\\/deliangdisplay.com\\\/our-product\\\/packaging\\\/gift-ideas\\\/de-liang-luxury-blue-velvet-jewelry-gift-box-with-bronzing-logo-envelope-style-packaging-lid-base-design-ideal-for-rings-necklaces-and-premium-gifting\\\/\"]}]},{\"@type\":\"ImageObject\",\"inLanguage\":\"de\",\"@id\":\"https:\\\/\\\/deliangdisplay.com\\\/our-product\\\/packaging\\\/gift-ideas\\\/de-liang-luxury-blue-velvet-jewelry-gift-box-with-bronzing-logo-envelope-style-packaging-lid-base-design-ideal-for-rings-necklaces-and-premium-gifting\\\/#primaryimage\",\"url\":\"https:\\\/\\\/deliangdisplay.com\\\/wp-content\\\/uploads\\\/2025\\\/08\\\/120-23.png\",\"contentUrl\":\"https:\\\/\\\/deliangdisplay.com\\\/wp-content\\\/uploads\\\/2025\\\/08\\\/120-23.png\",\"width\":1000,\"height\":1000},{\"@type\":\"BreadcrumbList\",\"@id\":\"https:\\\/\\\/deliangdisplay.com\\\/our-product\\\/packaging\\\/gift-ideas\\\/de-liang-luxury-blue-velvet-jewelry-gift-box-with-bronzing-logo-envelope-style-packaging-lid-base-design-ideal-for-rings-necklaces-and-premium-gifting\\\/#breadcrumb\",\"itemListElement\":[{\"@type\":\"ListItem\",\"position\":1,\"name\":\"\u9996\u9875\",\"item\":\"https:\\\/\\\/deliangdisplay.com\\\/\"},{\"@type\":\"ListItem\",\"position\":2,\"name\":\"Our Product\",\"item\":\"https:\\\/\\\/deliangdisplay.com\\\/our-product\\\/\"},{\"@type\":\"ListItem\",\"position\":3,\"name\":\"DE-LIANG Luxury Blue Velvet Jewelry Gift Box with Bronzing Logo Envelope Style Packaging | Lid &amp; Base Design | Ideal for Rings, Necklaces, and Premium Gifting\"}]},{\"@type\":\"WebSite\",\"@id\":\"https:\\\/\\\/deliangdisplay.com\\\/#website\",\"url\":\"https:\\\/\\\/deliangdisplay.com\\\/\",\"name\":\"deliangdisplay.com\",\"description\":\"DE-LIANG - Providing bespoke packaging solutions and luxurious display design services for brands in jewelry, apparel, watches, beauty cosmetics, and more.\",\"publisher\":{\"@id\":\"https:\\\/\\\/deliangdisplay.com\\\/#organization\"},\"potentialAction\":[{\"@type\":\"SearchAction\",\"target\":{\"@type\":\"EntryPoint\",\"urlTemplate\":\"https:\\\/\\\/deliangdisplay.com\\\/?s={search_term_string}\"},\"query-input\":{\"@type\":\"PropertyValueSpecification\",\"valueRequired\":true,\"valueName\":\"search_term_string\"}}],\"inLanguage\":\"de\"},{\"@type\":\"Organization\",\"@id\":\"https:\\\/\\\/deliangdisplay.com\\\/#organization\",\"name\":\"deliangdisplay.com\",\"url\":\"https:\\\/\\\/deliangdisplay.com\\\/\",\"logo\":{\"@type\":\"ImageObject\",\"inLanguage\":\"de\",\"@id\":\"https:\\\/\\\/deliangdisplay.com\\\/#\\\/schema\\\/logo\\\/image\\\/\",\"url\":\"https:\\\/\\\/deliangdisplay.com\\\/wp-content\\\/uploads\\\/2025\\\/08\\\/DELIANGDISPALY_logo.png\",\"contentUrl\":\"https:\\\/\\\/deliangdisplay.com\\\/wp-content\\\/uploads\\\/2025\\\/08\\\/DELIANGDISPALY_logo.png\",\"width\":300,\"height\":130,\"caption\":\"deliangdisplay.com\"},\"image\":{\"@id\":\"https:\\\/\\\/deliangdisplay.com\\\/#\\\/schema\\\/logo\\\/image\\\/\"},\"sameAs\":[\"https:\\\/\\\/www.facebook.com\\\/JaneZhang008\\\/\",\"https:\\\/\\\/x.com\\\/ly673551729\"]}]}<\/script>\n<!-- \/ Yoast SEO plugin. -->","yoast_head_json":{"title":"DE-LIANG Luxury Blue Velvet Jewelry Gift Box with Bronzing Logo Envelope Style Packaging | Lid &amp; Base Design | Ideal for Rings, Necklaces, and Premium Gifting - DE-LIANG - jewelry,clothes,watch,beauty cosmetics","robots":{"index":"index","follow":"follow","max-snippet":"max-snippet:-1","max-image-preview":"max-image-preview:large","max-video-preview":"max-video-preview:-1"},"canonical":"https:\/\/deliangdisplay.com\/de\/unser-produkt\/verpackung\/geschenkideen\/de-liang-luxus-blauen-samt-schmuck-geschenkbox-mit-bronzing-logo-umschlag-stil-verpackung-deckel-basis-design-ideal-fur-ringe-halsketten-und-premium-geschenk\/","og_locale":"de_DE","og_type":"article","og_title":"DE-LIANG Luxury Blue Velvet Jewelry Gift Box with Bronzing Logo Envelope Style Packaging | Lid &amp; Base Design | Ideal for Rings, Necklaces, and Premium Gifting - DE-LIANG - jewelry,clothes,watch,beauty cosmetics","og_description":"Present your jewelry with exceptional elegance using the DE-LIANG high-end velvet jewelry gift box, crafted in a deep navy blue finish with a soft-touch velvet interior. Featuring a bronzing gold-foil stamped logo, this box combines timeless luxury with functional design \u2014 perfect for premium jewelry brands or special gift packaging.","og_url":"https:\/\/deliangdisplay.com\/de\/unser-produkt\/verpackung\/geschenkideen\/de-liang-luxus-blauen-samt-schmuck-geschenkbox-mit-bronzing-logo-umschlag-stil-verpackung-deckel-basis-design-ideal-fur-ringe-halsketten-und-premium-geschenk\/","og_site_name":"DE-LIANG - jewelry,clothes,watch,beauty cosmetics","article_publisher":"https:\/\/www.facebook.com\/JaneZhang008\/","article_modified_time":"2025-08-07T07:03:07+00:00","og_image":[{"width":1000,"height":1000,"url":"https:\/\/deliangdisplay.com\/wp-content\/uploads\/2025\/08\/120-23.png","type":"image\/png"}],"twitter_card":"summary_large_image","twitter_site":"@ly673551729","twitter_misc":{"Gesch\u00e4tzte Lesezeit":"2\u00a0Minuten"},"schema":{"@context":"https:\/\/schema.org","@graph":[{"@type":"WebPage","@id":"https:\/\/deliangdisplay.com\/our-product\/packaging\/gift-ideas\/de-liang-luxury-blue-velvet-jewelry-gift-box-with-bronzing-logo-envelope-style-packaging-lid-base-design-ideal-for-rings-necklaces-and-premium-gifting\/","url":"https:\/\/deliangdisplay.com\/our-product\/packaging\/gift-ideas\/de-liang-luxury-blue-velvet-jewelry-gift-box-with-bronzing-logo-envelope-style-packaging-lid-base-design-ideal-for-rings-necklaces-and-premium-gifting\/","name":"DE-LIANG Luxury Blue Velvet Jewelry Gift Box with Bronzing Logo Envelope Style Packaging | Lid &amp; Base Design | Ideal for Rings, Necklaces, and Premium Gifting - DE-LIANG - jewelry,clothes,watch,beauty cosmetics","isPartOf":{"@id":"https:\/\/deliangdisplay.com\/#website"},"primaryImageOfPage":{"@id":"https:\/\/deliangdisplay.com\/our-product\/packaging\/gift-ideas\/de-liang-luxury-blue-velvet-jewelry-gift-box-with-bronzing-logo-envelope-style-packaging-lid-base-design-ideal-for-rings-necklaces-and-premium-gifting\/#primaryimage"},"image":{"@id":"https:\/\/deliangdisplay.com\/our-product\/packaging\/gift-ideas\/de-liang-luxury-blue-velvet-jewelry-gift-box-with-bronzing-logo-envelope-style-packaging-lid-base-design-ideal-for-rings-necklaces-and-premium-gifting\/#primaryimage"},"thumbnailUrl":"https:\/\/deliangdisplay.com\/wp-content\/uploads\/2025\/08\/120-23.png","datePublished":"2025-08-07T07:03:06+00:00","dateModified":"2025-08-07T07:03:07+00:00","breadcrumb":{"@id":"https:\/\/deliangdisplay.com\/our-product\/packaging\/gift-ideas\/de-liang-luxury-blue-velvet-jewelry-gift-box-with-bronzing-logo-envelope-style-packaging-lid-base-design-ideal-for-rings-necklaces-and-premium-gifting\/#breadcrumb"},"inLanguage":"de","potentialAction":[{"@type":"ReadAction","target":["https:\/\/deliangdisplay.com\/our-product\/packaging\/gift-ideas\/de-liang-luxury-blue-velvet-jewelry-gift-box-with-bronzing-logo-envelope-style-packaging-lid-base-design-ideal-for-rings-necklaces-and-premium-gifting\/"]}]},{"@type":"ImageObject","inLanguage":"de","@id":"https:\/\/deliangdisplay.com\/our-product\/packaging\/gift-ideas\/de-liang-luxury-blue-velvet-jewelry-gift-box-with-bronzing-logo-envelope-style-packaging-lid-base-design-ideal-for-rings-necklaces-and-premium-gifting\/#primaryimage","url":"https:\/\/deliangdisplay.com\/wp-content\/uploads\/2025\/08\/120-23.png","contentUrl":"https:\/\/deliangdisplay.com\/wp-content\/uploads\/2025\/08\/120-23.png","width":1000,"height":1000},{"@type":"BreadcrumbList","@id":"https:\/\/deliangdisplay.com\/our-product\/packaging\/gift-ideas\/de-liang-luxury-blue-velvet-jewelry-gift-box-with-bronzing-logo-envelope-style-packaging-lid-base-design-ideal-for-rings-necklaces-and-premium-gifting\/#breadcrumb","itemListElement":[{"@type":"ListItem","position":1,"name":"\u9996\u9875","item":"https:\/\/deliangdisplay.com\/"},{"@type":"ListItem","position":2,"name":"Our Product","item":"https:\/\/deliangdisplay.com\/our-product\/"},{"@type":"ListItem","position":3,"name":"DE-LIANG Luxury Blue Velvet Jewelry Gift Box with Bronzing Logo Envelope Style Packaging | Lid &amp; Base Design | Ideal for Rings, Necklaces, and Premium Gifting"}]},{"@type":"WebSite","@id":"https:\/\/deliangdisplay.com\/#website","url":"https:\/\/deliangdisplay.com\/","name":"deliangdisplay.com","description":"DE-LIANG - Ma\u00dfgeschneiderte Verpackungsl\u00f6sungen und luxuri\u00f6ses Display-Design f\u00fcr Marken aus der Schmuck-, Bekleidungs-, Uhren- und Kosmetikbranche und mehr.","publisher":{"@id":"https:\/\/deliangdisplay.com\/#organization"},"potentialAction":[{"@type":"SearchAction","target":{"@type":"EntryPoint","urlTemplate":"https:\/\/deliangdisplay.com\/?s={search_term_string}"},"query-input":{"@type":"PropertyValueSpecification","valueRequired":true,"valueName":"search_term_string"}}],"inLanguage":"de"},{"@type":"Organization","@id":"https:\/\/deliangdisplay.com\/#organization","name":"deliangdisplay.com","url":"https:\/\/deliangdisplay.com\/","logo":{"@type":"ImageObject","inLanguage":"de","@id":"https:\/\/deliangdisplay.com\/#\/schema\/logo\/image\/","url":"https:\/\/deliangdisplay.com\/wp-content\/uploads\/2025\/08\/DELIANGDISPALY_logo.png","contentUrl":"https:\/\/deliangdisplay.com\/wp-content\/uploads\/2025\/08\/DELIANGDISPALY_logo.png","width":300,"height":130,"caption":"deliangdisplay.com"},"image":{"@id":"https:\/\/deliangdisplay.com\/#\/schema\/logo\/image\/"},"sameAs":["https:\/\/www.facebook.com\/JaneZhang008\/","https:\/\/x.com\/ly673551729"]}]}},"_links":{"self":[{"href":"https:\/\/deliangdisplay.com\/de\/wp-json\/wp\/v2\/product\/42245","targetHints":{"allow":["GET"]}}],"collection":[{"href":"https:\/\/deliangdisplay.com\/de\/wp-json\/wp\/v2\/product"}],"about":[{"href":"https:\/\/deliangdisplay.com\/de\/wp-json\/wp\/v2\/types\/product"}],"replies":[{"embeddable":true,"href":"https:\/\/deliangdisplay.com\/de\/wp-json\/wp\/v2\/comments?post=42245"}],"wp:featuredmedia":[{"embeddable":true,"href":"https:\/\/deliangdisplay.com\/de\/wp-json\/wp\/v2\/media\/42246"}],"wp:attachment":[{"href":"https:\/\/deliangdisplay.com\/de\/wp-json\/wp\/v2\/media?parent=42245"}],"wp:term":[{"taxonomy":"product_brand","embeddable":true,"href":"https:\/\/deliangdisplay.com\/de\/wp-json\/wp\/v2\/product_brand?post=42245"},{"taxonomy":"product_cat","embeddable":true,"href":"https:\/\/deliangdisplay.com\/de\/wp-json\/wp\/v2\/product_cat?post=42245"},{"taxonomy":"product_tag","embeddable":true,"href":"https:\/\/deliangdisplay.com\/de\/wp-json\/wp\/v2\/product_tag?post=42245"}],"curies":[{"name":"wp","href":"https:\/\/api.w.org\/{rel}","templated":true}]}}