{"id":42237,"date":"2025-08-07T14:52:40","date_gmt":"2025-08-07T06:52:40","guid":{"rendered":"https:\/\/deliangdisplay.com\/?post_type=product&#038;p=42237"},"modified":"2025-08-07T14:52:41","modified_gmt":"2025-08-07T06:52:41","slug":"de-liang-benutzerdefinierte-gedruckt-luxus-kordelzug-parfum-stift-uhr-schmuck-geschenk-make-up-samt-beutel-tasche-fur-schmuck","status":"publish","type":"product","link":"https:\/\/deliangdisplay.com\/de\/unser-produkt\/verpackung\/geschenkideen\/de-liang-benutzerdefinierte-gedruckt-luxus-kordelzug-parfum-stift-uhr-schmuck-geschenk-make-up-samt-beutel-tasche-fur-schmuck\/","title":{"rendered":"DE-LIANG Custom Printed Luxury Drawstring Perfume Pen Watch Jewelry Gift Makeup Velvet Pouch Bag for Jewellery"},"content":{"rendered":"<ul data-start=\"654\" data-end=\"1509\">\n<li data-start=\"654\" data-end=\"813\">\n<p data-start=\"656\" data-end=\"813\"><strong data-start=\"656\" data-end=\"683\">Hochwertiges Samtmaterial<\/strong>: Ultraweicher, hochdichter Samt f\u00fcr einen pl\u00fcschigen und raffinierten Look, sanft zu empfindlichen Oberfl\u00e4chen wie Schmuck oder Glasparf\u00fcmflaschen.<\/p>\n<\/li>\n<li data-start=\"814\" data-end=\"992\">\n<p data-start=\"816\" data-end=\"992\"><strong data-start=\"816\" data-end=\"840\">Kundenspezifischer Logodruck<\/strong>: F\u00fcgen Sie Ihren Markennamen, Ihr Logo oder Ihre Botschaft mit Folienpr\u00e4gung, Siebdruck, Stickerei oder Hei\u00dftransfer hinzu - ideal f\u00fcr die Markenerkennung und als Geschenk.<\/p>\n<\/li>\n<li data-start=\"993\" data-end=\"1112\">\n<p data-start=\"995\" data-end=\"1112\"><strong data-start=\"995\" data-end=\"1024\">Sicherer Kordelzug-Verschluss<\/strong>: Elegante farblich passende oder kontrastfarbene Kordelz\u00fcge f\u00fcr einen sicheren und stilvollen Verschluss.<\/p>\n<\/li>\n<li data-start=\"1113\" data-end=\"1253\">\n<p data-start=\"1115\" data-end=\"1253\"><strong data-start=\"1115\" data-end=\"1143\">Mehrere Gr\u00f6\u00dfen verf\u00fcgbar<\/strong>: Standardgr\u00f6\u00dfen oder vollst\u00e4ndig anpassbare Gr\u00f6\u00dfen f\u00fcr alles, von kleinen Ringen bis hin zu gr\u00f6\u00dferen Uhren oder Make-up-Sets.<\/p>\n<\/li>\n<li data-start=\"1254\" data-end=\"1381\">\n<p data-start=\"1256\" data-end=\"1381\"><strong data-start=\"1256\" data-end=\"1277\">Mehrzwecknutzung<\/strong>: Ideal f\u00fcr Einzelhandelsverpackungen, Geschenkverpackungen, Werbegeschenke, Hochzeiten oder zur pers\u00f6nlichen Aufbewahrung.<\/p>\n<\/li>\n<li data-start=\"1382\" data-end=\"1509\">\n<p data-start=\"1384\" data-end=\"1509\"><strong data-start=\"1384\" data-end=\"1411\">Umweltfreundlich &amp; wiederverwendbar<\/strong>: Eine nachhaltige Verpackungsalternative, die von den Kunden wiederverwendet wird und die Sichtbarkeit Ihrer Marke erh\u00f6ht.<\/p>\n<\/li>\n<\/ul>\n<h3 data-start=\"1511\" data-end=\"1545\">\ud83d\udce6 <strong data-start=\"1518\" data-end=\"1545\">Produktspezifikationen:<\/strong><\/h3>\n<ul data-start=\"1547\" data-end=\"2099\">\n<li data-start=\"1547\" data-end=\"1615\">\n<p data-start=\"1549\" data-end=\"1615\"><strong data-start=\"1549\" data-end=\"1561\">Material<\/strong>: Samt (anpassbar in Dicke, Farbe, Textur)<\/p>\n<\/li>\n<li data-start=\"1616\" data-end=\"1692\">\n<p data-start=\"1618\" data-end=\"1692\"><strong data-start=\"1618\" data-end=\"1626\">Logo<\/strong>: Hei\u00dfpr\u00e4gung, Siebdruck, Stickerei oder gewebtes Etikett<\/p>\n<\/li>\n<li data-start=\"1693\" data-end=\"1757\">\n<p data-start=\"1695\" data-end=\"1757\"><strong data-start=\"1695\" data-end=\"1703\">Gr\u00f6\u00dfe<\/strong>: Anpassbar (z.B. 7x9cm, 10x15cm, 15x20cm, etc.)<\/p>\n<\/li>\n<li data-start=\"1758\" data-end=\"1858\">\n<p data-start=\"1760\" data-end=\"1858\"><strong data-start=\"1760\" data-end=\"1777\">Farboptionen<\/strong>: Gro\u00dfe Auswahl an Samtt\u00f6nen - schwarz, rosa, gr\u00fcn, weinrot, marineblau, beige, etc.<\/p>\n<\/li>\n<li data-start=\"1859\" data-end=\"1943\">\n<p data-start=\"1861\" data-end=\"1943\"><strong data-start=\"1861\" data-end=\"1883\">Kordelzug Optionen<\/strong>: Satinband, gedrehte Kordel, Baumwollschnur (anpassbar)<\/p>\n<\/li>\n<li data-start=\"1944\" data-end=\"2010\">\n<p data-start=\"1946\" data-end=\"2010\"><strong data-start=\"1946\" data-end=\"1953\">MOQ<\/strong>: Niedriges MOQ f\u00fcr kleine Marken oder Gro\u00dfauftr\u00e4ge f\u00fcr den Gro\u00dfhandel<\/p>\n<\/li>\n<li data-start=\"2011\" data-end=\"2099\">\n<p data-start=\"2013\" data-end=\"2099\"><strong data-start=\"2013\" data-end=\"2022\">Verwendung<\/strong>: Parf\u00fcm, Kugelschreiber, Ohrringe, Armb\u00e4nder, Uhren, Make-up, M\u00fcnzen, Geschenkkarten, etc.<\/p>\n<\/li>\n<\/ul>\n<hr data-start=\"2101\" data-end=\"2104\" \/>\n<p data-start=\"2106\" data-end=\"2233\"><strong data-start=\"2106\" data-end=\"2147\">Ihre Marke verdient eine bessere Verpackung.<\/strong><br data-start=\"2147\" data-end=\"2150\" \/>DE-LIANG hilft Ihnen dabei, die einfache Lagerung in ein <strong data-start=\"2199\" data-end=\"2232\">luxuri\u00f6ses Unboxing-Erlebnis<\/strong>.<\/p>\n<p data-start=\"2235\" data-end=\"2313\">\ud83d\udce9 <em data-start=\"2238\" data-end=\"2313\">Kontaktieren Sie uns jetzt, um ein kostenloses Muster, eine Farbkarte und ein individuelles Angebot zu erhalten.<\/em><\/p>","protected":false},"excerpt":{"rendered":"<p>Werten Sie Ihre Markenpr\u00e4sentation mit dem individuell bedruckten DE-LIANG Samtbeutel mit Kordelzug auf - eine vielseitige und elegante Verpackungsl\u00f6sung f\u00fcr Parf\u00fcm, Stifte, Uhren, Schmuck, Make-up und Geschenkartikel. Gefertigt aus hochwertigem Samtgewebe mit Soft-Touch-Oberfl\u00e4che, vereinen diese Beutel Luxus, Schutz und Branding in einem.<\/p>","protected":false},"featured_media":42238,"comment_status":"open","ping_status":"closed","template":"","meta":{"_acf_changed":false},"product_brand":[],"product_cat":[81],"product_tag":[],"class_list":{"0":"post-42237","1":"product","2":"type-product","3":"status-publish","4":"has-post-thumbnail","6":"product_cat-gift-ideas","8":"first","9":"instock","10":"shipping-taxable","11":"purchasable","12":"product-type-simple"},"acf":[],"yoast_head":"<!-- This site is optimized with the Yoast SEO plugin v27.4 - https:\/\/yoast.com\/product\/yoast-seo-wordpress\/ -->\n<title>DE-LIANG Custom Printed Luxury Drawstring Perfume Pen Watch Jewelry Gift Makeup Velvet Pouch Bag for Jewellery - DE-LIANG - jewelry,clothes,watch,beauty cosmetics<\/title>\n<meta name=\"robots\" content=\"index, follow, max-snippet:-1, max-image-preview:large, max-video-preview:-1\" \/>\n<link rel=\"canonical\" href=\"https:\/\/deliangdisplay.com\/de\/unser-produkt\/verpackung\/geschenkideen\/de-liang-benutzerdefinierte-gedruckt-luxus-kordelzug-parfum-stift-uhr-schmuck-geschenk-make-up-samt-beutel-tasche-fur-schmuck\/\" \/>\n<meta property=\"og:locale\" content=\"de_DE\" \/>\n<meta property=\"og:type\" content=\"article\" \/>\n<meta property=\"og:title\" content=\"DE-LIANG Custom Printed Luxury Drawstring Perfume Pen Watch Jewelry Gift Makeup Velvet Pouch Bag for Jewellery - DE-LIANG - jewelry,clothes,watch,beauty cosmetics\" \/>\n<meta property=\"og:description\" content=\"Elevate your brand presentation with the DE-LIANG Custom Printed Velvet Drawstring Pouch \u2014 a versatile and elegant packaging solution for perfume, pens, watches, jewelry, makeup, and gift items. Crafted from premium velvet fabric with a soft-touch finish, these pouches combine luxury, protection, and branding all in one.\" \/>\n<meta property=\"og:url\" content=\"https:\/\/deliangdisplay.com\/de\/unser-produkt\/verpackung\/geschenkideen\/de-liang-benutzerdefinierte-gedruckt-luxus-kordelzug-parfum-stift-uhr-schmuck-geschenk-make-up-samt-beutel-tasche-fur-schmuck\/\" \/>\n<meta property=\"og:site_name\" content=\"DE-LIANG - jewelry,clothes,watch,beauty cosmetics\" \/>\n<meta property=\"article:publisher\" content=\"https:\/\/www.facebook.com\/JaneZhang008\/\" \/>\n<meta property=\"article:modified_time\" content=\"2025-08-07T06:52:41+00:00\" \/>\n<meta property=\"og:image\" content=\"https:\/\/deliangdisplay.com\/wp-content\/uploads\/2025\/08\/1-1-49.png\" \/>\n\t<meta property=\"og:image:width\" content=\"750\" \/>\n\t<meta property=\"og:image:height\" content=\"750\" \/>\n\t<meta property=\"og:image:type\" content=\"image\/png\" \/>\n<meta name=\"twitter:card\" content=\"summary_large_image\" \/>\n<meta name=\"twitter:site\" content=\"@ly673551729\" \/>\n<meta name=\"twitter:label1\" content=\"Gesch\u00e4tzte Lesezeit\" \/>\n\t<meta name=\"twitter:data1\" content=\"2\u00a0Minuten\" \/>\n<script type=\"application\/ld+json\" class=\"yoast-schema-graph\">{\"@context\":\"https:\\\/\\\/schema.org\",\"@graph\":[{\"@type\":\"WebPage\",\"@id\":\"https:\\\/\\\/deliangdisplay.com\\\/our-product\\\/packaging\\\/gift-ideas\\\/de-liang-custom-printed-luxury-drawstring-perfume-pen-watch-jewelry-gift-makeup-velvet-pouch-bag-for-jewellery\\\/\",\"url\":\"https:\\\/\\\/deliangdisplay.com\\\/our-product\\\/packaging\\\/gift-ideas\\\/de-liang-custom-printed-luxury-drawstring-perfume-pen-watch-jewelry-gift-makeup-velvet-pouch-bag-for-jewellery\\\/\",\"name\":\"DE-LIANG Custom Printed Luxury Drawstring Perfume Pen Watch Jewelry Gift Makeup Velvet Pouch Bag for Jewellery - DE-LIANG - jewelry,clothes,watch,beauty cosmetics\",\"isPartOf\":{\"@id\":\"https:\\\/\\\/deliangdisplay.com\\\/#website\"},\"primaryImageOfPage\":{\"@id\":\"https:\\\/\\\/deliangdisplay.com\\\/our-product\\\/packaging\\\/gift-ideas\\\/de-liang-custom-printed-luxury-drawstring-perfume-pen-watch-jewelry-gift-makeup-velvet-pouch-bag-for-jewellery\\\/#primaryimage\"},\"image\":{\"@id\":\"https:\\\/\\\/deliangdisplay.com\\\/our-product\\\/packaging\\\/gift-ideas\\\/de-liang-custom-printed-luxury-drawstring-perfume-pen-watch-jewelry-gift-makeup-velvet-pouch-bag-for-jewellery\\\/#primaryimage\"},\"thumbnailUrl\":\"https:\\\/\\\/deliangdisplay.com\\\/wp-content\\\/uploads\\\/2025\\\/08\\\/1-1-49.png\",\"datePublished\":\"2025-08-07T06:52:40+00:00\",\"dateModified\":\"2025-08-07T06:52:41+00:00\",\"breadcrumb\":{\"@id\":\"https:\\\/\\\/deliangdisplay.com\\\/our-product\\\/packaging\\\/gift-ideas\\\/de-liang-custom-printed-luxury-drawstring-perfume-pen-watch-jewelry-gift-makeup-velvet-pouch-bag-for-jewellery\\\/#breadcrumb\"},\"inLanguage\":\"de\",\"potentialAction\":[{\"@type\":\"ReadAction\",\"target\":[\"https:\\\/\\\/deliangdisplay.com\\\/our-product\\\/packaging\\\/gift-ideas\\\/de-liang-custom-printed-luxury-drawstring-perfume-pen-watch-jewelry-gift-makeup-velvet-pouch-bag-for-jewellery\\\/\"]}]},{\"@type\":\"ImageObject\",\"inLanguage\":\"de\",\"@id\":\"https:\\\/\\\/deliangdisplay.com\\\/our-product\\\/packaging\\\/gift-ideas\\\/de-liang-custom-printed-luxury-drawstring-perfume-pen-watch-jewelry-gift-makeup-velvet-pouch-bag-for-jewellery\\\/#primaryimage\",\"url\":\"https:\\\/\\\/deliangdisplay.com\\\/wp-content\\\/uploads\\\/2025\\\/08\\\/1-1-49.png\",\"contentUrl\":\"https:\\\/\\\/deliangdisplay.com\\\/wp-content\\\/uploads\\\/2025\\\/08\\\/1-1-49.png\",\"width\":750,\"height\":750},{\"@type\":\"BreadcrumbList\",\"@id\":\"https:\\\/\\\/deliangdisplay.com\\\/our-product\\\/packaging\\\/gift-ideas\\\/de-liang-custom-printed-luxury-drawstring-perfume-pen-watch-jewelry-gift-makeup-velvet-pouch-bag-for-jewellery\\\/#breadcrumb\",\"itemListElement\":[{\"@type\":\"ListItem\",\"position\":1,\"name\":\"\u9996\u9875\",\"item\":\"https:\\\/\\\/deliangdisplay.com\\\/\"},{\"@type\":\"ListItem\",\"position\":2,\"name\":\"Our Product\",\"item\":\"https:\\\/\\\/deliangdisplay.com\\\/our-product\\\/\"},{\"@type\":\"ListItem\",\"position\":3,\"name\":\"DE-LIANG Custom Printed Luxury Drawstring Perfume Pen Watch Jewelry Gift Makeup Velvet Pouch Bag for Jewellery\"}]},{\"@type\":\"WebSite\",\"@id\":\"https:\\\/\\\/deliangdisplay.com\\\/#website\",\"url\":\"https:\\\/\\\/deliangdisplay.com\\\/\",\"name\":\"deliangdisplay.com\",\"description\":\"DE-LIANG - Providing bespoke packaging solutions and luxurious display design services for brands in jewelry, apparel, watches, beauty cosmetics, and more.\",\"publisher\":{\"@id\":\"https:\\\/\\\/deliangdisplay.com\\\/#organization\"},\"potentialAction\":[{\"@type\":\"SearchAction\",\"target\":{\"@type\":\"EntryPoint\",\"urlTemplate\":\"https:\\\/\\\/deliangdisplay.com\\\/?s={search_term_string}\"},\"query-input\":{\"@type\":\"PropertyValueSpecification\",\"valueRequired\":true,\"valueName\":\"search_term_string\"}}],\"inLanguage\":\"de\"},{\"@type\":\"Organization\",\"@id\":\"https:\\\/\\\/deliangdisplay.com\\\/#organization\",\"name\":\"deliangdisplay.com\",\"url\":\"https:\\\/\\\/deliangdisplay.com\\\/\",\"logo\":{\"@type\":\"ImageObject\",\"inLanguage\":\"de\",\"@id\":\"https:\\\/\\\/deliangdisplay.com\\\/#\\\/schema\\\/logo\\\/image\\\/\",\"url\":\"https:\\\/\\\/deliangdisplay.com\\\/wp-content\\\/uploads\\\/2025\\\/08\\\/DELIANGDISPALY_logo.png\",\"contentUrl\":\"https:\\\/\\\/deliangdisplay.com\\\/wp-content\\\/uploads\\\/2025\\\/08\\\/DELIANGDISPALY_logo.png\",\"width\":300,\"height\":130,\"caption\":\"deliangdisplay.com\"},\"image\":{\"@id\":\"https:\\\/\\\/deliangdisplay.com\\\/#\\\/schema\\\/logo\\\/image\\\/\"},\"sameAs\":[\"https:\\\/\\\/www.facebook.com\\\/JaneZhang008\\\/\",\"https:\\\/\\\/x.com\\\/ly673551729\"]}]}<\/script>\n<!-- \/ Yoast SEO plugin. -->","yoast_head_json":{"title":"DE-LIANG Custom Printed Luxury Drawstring Perfume Pen Watch Jewelry Gift Makeup Velvet Pouch Bag for Jewellery - DE-LIANG - jewelry,clothes,watch,beauty cosmetics","robots":{"index":"index","follow":"follow","max-snippet":"max-snippet:-1","max-image-preview":"max-image-preview:large","max-video-preview":"max-video-preview:-1"},"canonical":"https:\/\/deliangdisplay.com\/de\/unser-produkt\/verpackung\/geschenkideen\/de-liang-benutzerdefinierte-gedruckt-luxus-kordelzug-parfum-stift-uhr-schmuck-geschenk-make-up-samt-beutel-tasche-fur-schmuck\/","og_locale":"de_DE","og_type":"article","og_title":"DE-LIANG Custom Printed Luxury Drawstring Perfume Pen Watch Jewelry Gift Makeup Velvet Pouch Bag for Jewellery - DE-LIANG - jewelry,clothes,watch,beauty cosmetics","og_description":"Elevate your brand presentation with the DE-LIANG Custom Printed Velvet Drawstring Pouch \u2014 a versatile and elegant packaging solution for perfume, pens, watches, jewelry, makeup, and gift items. Crafted from premium velvet fabric with a soft-touch finish, these pouches combine luxury, protection, and branding all in one.","og_url":"https:\/\/deliangdisplay.com\/de\/unser-produkt\/verpackung\/geschenkideen\/de-liang-benutzerdefinierte-gedruckt-luxus-kordelzug-parfum-stift-uhr-schmuck-geschenk-make-up-samt-beutel-tasche-fur-schmuck\/","og_site_name":"DE-LIANG - jewelry,clothes,watch,beauty cosmetics","article_publisher":"https:\/\/www.facebook.com\/JaneZhang008\/","article_modified_time":"2025-08-07T06:52:41+00:00","og_image":[{"width":750,"height":750,"url":"https:\/\/deliangdisplay.com\/wp-content\/uploads\/2025\/08\/1-1-49.png","type":"image\/png"}],"twitter_card":"summary_large_image","twitter_site":"@ly673551729","twitter_misc":{"Gesch\u00e4tzte Lesezeit":"2\u00a0Minuten"},"schema":{"@context":"https:\/\/schema.org","@graph":[{"@type":"WebPage","@id":"https:\/\/deliangdisplay.com\/our-product\/packaging\/gift-ideas\/de-liang-custom-printed-luxury-drawstring-perfume-pen-watch-jewelry-gift-makeup-velvet-pouch-bag-for-jewellery\/","url":"https:\/\/deliangdisplay.com\/our-product\/packaging\/gift-ideas\/de-liang-custom-printed-luxury-drawstring-perfume-pen-watch-jewelry-gift-makeup-velvet-pouch-bag-for-jewellery\/","name":"DE-LIANG Custom Printed Luxury Drawstring Perfume Pen Watch Jewelry Gift Makeup Velvet Pouch Bag for Jewellery - DE-LIANG - jewelry,clothes,watch,beauty cosmetics","isPartOf":{"@id":"https:\/\/deliangdisplay.com\/#website"},"primaryImageOfPage":{"@id":"https:\/\/deliangdisplay.com\/our-product\/packaging\/gift-ideas\/de-liang-custom-printed-luxury-drawstring-perfume-pen-watch-jewelry-gift-makeup-velvet-pouch-bag-for-jewellery\/#primaryimage"},"image":{"@id":"https:\/\/deliangdisplay.com\/our-product\/packaging\/gift-ideas\/de-liang-custom-printed-luxury-drawstring-perfume-pen-watch-jewelry-gift-makeup-velvet-pouch-bag-for-jewellery\/#primaryimage"},"thumbnailUrl":"https:\/\/deliangdisplay.com\/wp-content\/uploads\/2025\/08\/1-1-49.png","datePublished":"2025-08-07T06:52:40+00:00","dateModified":"2025-08-07T06:52:41+00:00","breadcrumb":{"@id":"https:\/\/deliangdisplay.com\/our-product\/packaging\/gift-ideas\/de-liang-custom-printed-luxury-drawstring-perfume-pen-watch-jewelry-gift-makeup-velvet-pouch-bag-for-jewellery\/#breadcrumb"},"inLanguage":"de","potentialAction":[{"@type":"ReadAction","target":["https:\/\/deliangdisplay.com\/our-product\/packaging\/gift-ideas\/de-liang-custom-printed-luxury-drawstring-perfume-pen-watch-jewelry-gift-makeup-velvet-pouch-bag-for-jewellery\/"]}]},{"@type":"ImageObject","inLanguage":"de","@id":"https:\/\/deliangdisplay.com\/our-product\/packaging\/gift-ideas\/de-liang-custom-printed-luxury-drawstring-perfume-pen-watch-jewelry-gift-makeup-velvet-pouch-bag-for-jewellery\/#primaryimage","url":"https:\/\/deliangdisplay.com\/wp-content\/uploads\/2025\/08\/1-1-49.png","contentUrl":"https:\/\/deliangdisplay.com\/wp-content\/uploads\/2025\/08\/1-1-49.png","width":750,"height":750},{"@type":"BreadcrumbList","@id":"https:\/\/deliangdisplay.com\/our-product\/packaging\/gift-ideas\/de-liang-custom-printed-luxury-drawstring-perfume-pen-watch-jewelry-gift-makeup-velvet-pouch-bag-for-jewellery\/#breadcrumb","itemListElement":[{"@type":"ListItem","position":1,"name":"\u9996\u9875","item":"https:\/\/deliangdisplay.com\/"},{"@type":"ListItem","position":2,"name":"Our Product","item":"https:\/\/deliangdisplay.com\/our-product\/"},{"@type":"ListItem","position":3,"name":"DE-LIANG Custom Printed Luxury Drawstring Perfume Pen Watch Jewelry Gift Makeup Velvet Pouch Bag for Jewellery"}]},{"@type":"WebSite","@id":"https:\/\/deliangdisplay.com\/#website","url":"https:\/\/deliangdisplay.com\/","name":"deliangdisplay.com","description":"DE-LIANG - Ma\u00dfgeschneiderte Verpackungsl\u00f6sungen und luxuri\u00f6ses Display-Design f\u00fcr Marken aus der Schmuck-, Bekleidungs-, Uhren- und Kosmetikbranche und mehr.","publisher":{"@id":"https:\/\/deliangdisplay.com\/#organization"},"potentialAction":[{"@type":"SearchAction","target":{"@type":"EntryPoint","urlTemplate":"https:\/\/deliangdisplay.com\/?s={search_term_string}"},"query-input":{"@type":"PropertyValueSpecification","valueRequired":true,"valueName":"search_term_string"}}],"inLanguage":"de"},{"@type":"Organization","@id":"https:\/\/deliangdisplay.com\/#organization","name":"deliangdisplay.com","url":"https:\/\/deliangdisplay.com\/","logo":{"@type":"ImageObject","inLanguage":"de","@id":"https:\/\/deliangdisplay.com\/#\/schema\/logo\/image\/","url":"https:\/\/deliangdisplay.com\/wp-content\/uploads\/2025\/08\/DELIANGDISPALY_logo.png","contentUrl":"https:\/\/deliangdisplay.com\/wp-content\/uploads\/2025\/08\/DELIANGDISPALY_logo.png","width":300,"height":130,"caption":"deliangdisplay.com"},"image":{"@id":"https:\/\/deliangdisplay.com\/#\/schema\/logo\/image\/"},"sameAs":["https:\/\/www.facebook.com\/JaneZhang008\/","https:\/\/x.com\/ly673551729"]}]}},"_links":{"self":[{"href":"https:\/\/deliangdisplay.com\/de\/wp-json\/wp\/v2\/product\/42237","targetHints":{"allow":["GET"]}}],"collection":[{"href":"https:\/\/deliangdisplay.com\/de\/wp-json\/wp\/v2\/product"}],"about":[{"href":"https:\/\/deliangdisplay.com\/de\/wp-json\/wp\/v2\/types\/product"}],"replies":[{"embeddable":true,"href":"https:\/\/deliangdisplay.com\/de\/wp-json\/wp\/v2\/comments?post=42237"}],"wp:featuredmedia":[{"embeddable":true,"href":"https:\/\/deliangdisplay.com\/de\/wp-json\/wp\/v2\/media\/42238"}],"wp:attachment":[{"href":"https:\/\/deliangdisplay.com\/de\/wp-json\/wp\/v2\/media?parent=42237"}],"wp:term":[{"taxonomy":"product_brand","embeddable":true,"href":"https:\/\/deliangdisplay.com\/de\/wp-json\/wp\/v2\/product_brand?post=42237"},{"taxonomy":"product_cat","embeddable":true,"href":"https:\/\/deliangdisplay.com\/de\/wp-json\/wp\/v2\/product_cat?post=42237"},{"taxonomy":"product_tag","embeddable":true,"href":"https:\/\/deliangdisplay.com\/de\/wp-json\/wp\/v2\/product_tag?post=42237"}],"curies":[{"name":"wp","href":"https:\/\/api.w.org\/{rel}","templated":true}]}}